{"id":25928,"date":"2026-03-06T15:59:09","date_gmt":"2026-03-06T15:59:09","guid":{"rendered":"https:\/\/fodurlandid.is\/?post_type=product&#038;p=25928"},"modified":"2026-03-31T07:54:27","modified_gmt":"2026-03-31T07:54:27","slug":"minimalism-%e2%85%b0","status":"publish","type":"product","link":"https:\/\/fodurlandid.is\/en\/product\/minimalism-%e2%85%b0\/","title":{"rendered":"Minimalism \u2160 er st\u00edlhreinn &#038; l\u00e9ttur 16 l\u00edtra st\u00e6kkanlegur \u00ed 22 l\u00edtra bakpoki fyrir 15,6&#8243; \u2013 17,3&#8243; fart\u00f6lvur, YKK rennil\u00e1sar og \u00fe\u00e6gileg h\u00f6nnun fyrir daglega notkun"},"content":{"rendered":"<div style=\"width: 1020px;\" class=\"wp-video\"><video class=\"wp-video-shortcode\" id=\"video-25928-1\" width=\"1020\" height=\"574\" preload=\"metadata\" controls=\"controls\"><source type=\"video\/mp4\" src=\"https:\/\/fodurlandid.is\/wp-content\/uploads\/2026\/03\/Mr9366.mp4?_=1\" \/><a href=\"https:\/\/fodurlandid.is\/wp-content\/uploads\/2026\/03\/Mr9366.mp4\">https:\/\/fodurlandid.is\/wp-content\/uploads\/2026\/03\/Mr9366.mp4<\/a><\/video><\/div>\n","protected":false},"excerpt":{"rendered":"<p>Bakpokinn er hanna\u00f0ur fyrir \u00fe\u00e1 sem vilja sameina einfalt \u00fatlit og \u00fe\u00e6gindi \u00ed einum bakpoka. Hann hentar vel fyrir daglegt amstur, vinnu, sk\u00f3la og styttri fer\u00f0ir. A\u00f0 framan er vasi sem lokast me\u00f0 segulsmellu. R\u00famgott innra r\u00fdmi me\u00f0 einum renndum vasa og tveimur opnum. A\u00f0 aftan er r\u00famg\u00f3\u00f0ur renndur vasi. Bakpokinn r\u00famar 15,6&#8243; &#8211; 17,3&#8243; fart\u00f6lvur, er me\u00f0 brei\u00f0um stillanlegum axlar\u00f3lum og YKK rennil\u00e1sum.<\/p>\n<p>\u2013 Litur: Gr\u00e1r, gr\u00e6nn og svartur<br \/>\n\u2013 St\u00e6r\u00f0: 42x30x13 cm<br \/>\n\u2013 \u00deyngd: 0,8 kg<br \/>\n\u2013 Axlar\u00f3lar: 45-90 cm<br \/>\n\u2013 H\u00e1g\u00e6\u00f0a YKK rennil\u00e1sar<br \/>\n\u2013 Efni: 900D Oxford<br \/>\n\u2013 Fart\u00f6lvur: 15,6\u2033 \u2013 17,3\u2033<br \/>\n\u2013 St\u00e6kkanlegur 16 \u00ed 22 l\u00edtra<\/p>\n","protected":false},"featured_media":25931,"template":"","meta":[],"product_brand":[401],"product_cat":[403],"product_tag":[],"class_list":{"0":"post-25928","1":"product","2":"type-product","3":"status-publish","4":"has-post-thumbnail","6":"product_brand-mark-ryden","7":"product_cat-bakpokar","9":"first","10":"instock","11":"taxable","12":"shipping-taxable","13":"product-type-variable"},"yoast_head":"<!-- This site is optimized with the Yoast SEO Premium plugin v21.5 (Yoast SEO v27.3) - https:\/\/yoast.com\/product\/yoast-seo-premium-wordpress\/ -->\n<title>Minimalism \u2160 er l\u00e9ttur 16-22 l\u00edtra bakpoki | 15.6&quot; \u2013 17.3&quot; fart\u00f6lvur<\/title>\n<meta name=\"description\" content=\"Bakpokinn hentar fyrir daglegt amstur, vinnu, sk\u00f3la og styttri fer\u00f0ir. R\u00famgott innra r\u00fdmi \u00e1samt r\u00famg\u00f3\u00f0um renndur vasi a\u00f0 aftan.15,6&quot; - 17,3&quot; fart\u00f6lvur &amp; YKK\" \/>\n<meta name=\"robots\" content=\"index, follow, max-snippet:-1, max-image-preview:large, max-video-preview:-1\" \/>\n<link rel=\"canonical\" href=\"https:\/\/fodurlandid.is\/vara\/minimalism-\u2170\/\" \/>\n<meta property=\"og:locale\" content=\"en_US\" \/>\n<meta property=\"og:type\" content=\"article\" \/>\n<meta property=\"og:title\" content=\"Minimalism \u2160 er st\u00edlhreinn &amp; l\u00e9ttur 16 l\u00edtra st\u00e6kkanlegur \u00ed 22 l\u00edtra bakpoki fyrir 15,6&quot; \u2013 17,3&quot; fart\u00f6lvur, YKK rennil\u00e1sar og \u00fe\u00e6gileg h\u00f6nnun fyrir daglega notkun\" \/>\n<meta property=\"og:description\" content=\"Bakpokinn hentar fyrir daglegt amstur, vinnu, sk\u00f3la og styttri fer\u00f0ir. R\u00famgott innra r\u00fdmi \u00e1samt r\u00famg\u00f3\u00f0um renndur vasi a\u00f0 aftan.15,6&quot; - 17,3&quot; fart\u00f6lvur &amp; YKK\" \/>\n<meta property=\"og:url\" content=\"https:\/\/fodurlandid.is\/vara\/minimalism-\u2170\/\" \/>\n<meta property=\"og:site_name\" content=\"F&ouml;&eth;urlandi&eth; heildsala\" \/>\n<meta property=\"article:modified_time\" content=\"2026-03-31T07:54:27+00:00\" \/>\n<meta property=\"og:image\" content=\"https:\/\/fodurlandid.is\/wp-content\/uploads\/2026\/03\/MR9366_0.jpg\" \/>\n\t<meta property=\"og:image:width\" content=\"600\" \/>\n\t<meta property=\"og:image:height\" content=\"600\" \/>\n\t<meta property=\"og:image:type\" content=\"image\/jpeg\" \/>\n<meta name=\"twitter:card\" content=\"summary_large_image\" \/>\n<meta name=\"twitter:label1\" content=\"Est. reading time\" \/>\n\t<meta name=\"twitter:data1\" content=\"1 minute\" \/>\n<script type=\"application\/ld+json\" class=\"yoast-schema-graph\">{\"@context\":\"https:\\\/\\\/schema.org\",\"@graph\":[{\"@type\":\"WebPage\",\"@id\":\"https:\\\/\\\/fodurlandid.is\\\/vara\\\/minimalism-%e2%85%b0\\\/\",\"url\":\"https:\\\/\\\/fodurlandid.is\\\/vara\\\/minimalism-%e2%85%b0\\\/\",\"name\":\"Minimalism \u2160 er l\u00e9ttur 16-22 l\u00edtra bakpoki | 15.6\\\" \u2013 17.3\\\" fart\u00f6lvur\",\"isPartOf\":{\"@id\":\"https:\\\/\\\/fodurlandid.is\\\/#website\"},\"primaryImageOfPage\":{\"@id\":\"https:\\\/\\\/fodurlandid.is\\\/vara\\\/minimalism-%e2%85%b0\\\/#primaryimage\"},\"image\":{\"@id\":\"https:\\\/\\\/fodurlandid.is\\\/vara\\\/minimalism-%e2%85%b0\\\/#primaryimage\"},\"thumbnailUrl\":\"https:\\\/\\\/fodurlandid.is\\\/wp-content\\\/uploads\\\/2026\\\/03\\\/MR9366_0.jpg\",\"datePublished\":\"2026-03-06T15:59:09+00:00\",\"dateModified\":\"2026-03-31T07:54:27+00:00\",\"description\":\"Bakpokinn hentar fyrir daglegt amstur, vinnu, sk\u00f3la og styttri fer\u00f0ir. R\u00famgott innra r\u00fdmi \u00e1samt r\u00famg\u00f3\u00f0um renndur vasi a\u00f0 aftan.15,6\\\" - 17,3\\\" fart\u00f6lvur & YKK\",\"breadcrumb\":{\"@id\":\"https:\\\/\\\/fodurlandid.is\\\/vara\\\/minimalism-%e2%85%b0\\\/#breadcrumb\"},\"inLanguage\":\"en-US\",\"potentialAction\":[{\"@type\":\"ReadAction\",\"target\":[\"https:\\\/\\\/fodurlandid.is\\\/vara\\\/minimalism-%e2%85%b0\\\/\"]}]},{\"@type\":\"ImageObject\",\"inLanguage\":\"en-US\",\"@id\":\"https:\\\/\\\/fodurlandid.is\\\/vara\\\/minimalism-%e2%85%b0\\\/#primaryimage\",\"url\":\"https:\\\/\\\/fodurlandid.is\\\/wp-content\\\/uploads\\\/2026\\\/03\\\/MR9366_0.jpg\",\"contentUrl\":\"https:\\\/\\\/fodurlandid.is\\\/wp-content\\\/uploads\\\/2026\\\/03\\\/MR9366_0.jpg\",\"width\":600,\"height\":600},{\"@type\":\"BreadcrumbList\",\"@id\":\"https:\\\/\\\/fodurlandid.is\\\/vara\\\/minimalism-%e2%85%b0\\\/#breadcrumb\",\"itemListElement\":[{\"@type\":\"ListItem\",\"position\":1,\"name\":\"Home\",\"item\":\"https:\\\/\\\/fodurlandid.is\\\/\"},{\"@type\":\"ListItem\",\"position\":2,\"name\":\"Shop\",\"item\":\"https:\\\/\\\/www.vorulagerinn.is\\\/heildsala\\\/en\\\/shop\\\/\"},{\"@type\":\"ListItem\",\"position\":3,\"name\":\"Minimalism \u2160 er st\u00edlhreinn &#038; l\u00e9ttur 16 l\u00edtra st\u00e6kkanlegur \u00ed 22 l\u00edtra bakpoki fyrir 15,6&#8243; \u2013 17,3&#8243; fart\u00f6lvur, YKK rennil\u00e1sar og \u00fe\u00e6gileg h\u00f6nnun fyrir daglega notkun\"}]},{\"@type\":\"WebSite\",\"@id\":\"https:\\\/\\\/fodurlandid.is\\\/#website\",\"url\":\"https:\\\/\\\/fodurlandid.is\\\/\",\"name\":\"F\u00f6\u00f0urlandi\u00f0 ehf, heildsala\",\"description\":\"Innflutnings, umbo&eth;s- og dreifingara&eth;ili\",\"publisher\":{\"@id\":\"https:\\\/\\\/fodurlandid.is\\\/#organization\"},\"alternateName\":\"Innflutnings, umbo\u00f0s- og dreifingara\u00f0ili\",\"potentialAction\":[{\"@type\":\"SearchAction\",\"target\":{\"@type\":\"EntryPoint\",\"urlTemplate\":\"https:\\\/\\\/fodurlandid.is\\\/?s={search_term_string}\"},\"query-input\":{\"@type\":\"PropertyValueSpecification\",\"valueRequired\":true,\"valueName\":\"search_term_string\"}}],\"inLanguage\":\"en-US\"},{\"@type\":\"Organization\",\"@id\":\"https:\\\/\\\/fodurlandid.is\\\/#organization\",\"name\":\"Innflutnings, umbo\u00f0s- og dreifingara\u00f0ili\",\"url\":\"https:\\\/\\\/fodurlandid.is\\\/\",\"logo\":{\"@type\":\"ImageObject\",\"inLanguage\":\"en-US\",\"@id\":\"https:\\\/\\\/fodurlandid.is\\\/#\\\/schema\\\/logo\\\/image\\\/\",\"url\":\"https:\\\/\\\/fodurlandid.is\\\/wp-content\\\/uploads\\\/2024\\\/05\\\/Fodurlandid.png\",\"contentUrl\":\"https:\\\/\\\/fodurlandid.is\\\/wp-content\\\/uploads\\\/2024\\\/05\\\/Fodurlandid.png\",\"width\":400,\"height\":293,\"caption\":\"Innflutnings, umbo\u00f0s- og dreifingara\u00f0ili\"},\"image\":{\"@id\":\"https:\\\/\\\/fodurlandid.is\\\/#\\\/schema\\\/logo\\\/image\\\/\"}}]}<\/script>\n<!-- \/ Yoast SEO Premium plugin. -->","yoast_head_json":{"title":"Minimalism \u2160 er l\u00e9ttur 16-22 l\u00edtra bakpoki | 15.6\" \u2013 17.3\" fart\u00f6lvur","description":"Bakpokinn hentar fyrir daglegt amstur, vinnu, sk\u00f3la og styttri fer\u00f0ir. R\u00famgott innra r\u00fdmi \u00e1samt r\u00famg\u00f3\u00f0um renndur vasi a\u00f0 aftan.15,6\" - 17,3\" fart\u00f6lvur & YKK","robots":{"index":"index","follow":"follow","max-snippet":"max-snippet:-1","max-image-preview":"max-image-preview:large","max-video-preview":"max-video-preview:-1"},"canonical":"https:\/\/fodurlandid.is\/vara\/minimalism-\u2170\/","og_locale":"en_US","og_type":"article","og_title":"Minimalism \u2160 er st\u00edlhreinn & l\u00e9ttur 16 l\u00edtra st\u00e6kkanlegur \u00ed 22 l\u00edtra bakpoki fyrir 15,6\" \u2013 17,3\" fart\u00f6lvur, YKK rennil\u00e1sar og \u00fe\u00e6gileg h\u00f6nnun fyrir daglega notkun","og_description":"Bakpokinn hentar fyrir daglegt amstur, vinnu, sk\u00f3la og styttri fer\u00f0ir. R\u00famgott innra r\u00fdmi \u00e1samt r\u00famg\u00f3\u00f0um renndur vasi a\u00f0 aftan.15,6\" - 17,3\" fart\u00f6lvur & YKK","og_url":"https:\/\/fodurlandid.is\/vara\/minimalism-\u2170\/","og_site_name":"F&ouml;&eth;urlandi&eth; heildsala","article_modified_time":"2026-03-31T07:54:27+00:00","og_image":[{"width":600,"height":600,"url":"https:\/\/fodurlandid.is\/wp-content\/uploads\/2026\/03\/MR9366_0.jpg","type":"image\/jpeg"}],"twitter_card":"summary_large_image","twitter_misc":{"Est. reading time":"1 minute"},"schema":{"@context":"https:\/\/schema.org","@graph":[{"@type":"WebPage","@id":"https:\/\/fodurlandid.is\/vara\/minimalism-%e2%85%b0\/","url":"https:\/\/fodurlandid.is\/vara\/minimalism-%e2%85%b0\/","name":"Minimalism \u2160 er l\u00e9ttur 16-22 l\u00edtra bakpoki | 15.6\" \u2013 17.3\" fart\u00f6lvur","isPartOf":{"@id":"https:\/\/fodurlandid.is\/#website"},"primaryImageOfPage":{"@id":"https:\/\/fodurlandid.is\/vara\/minimalism-%e2%85%b0\/#primaryimage"},"image":{"@id":"https:\/\/fodurlandid.is\/vara\/minimalism-%e2%85%b0\/#primaryimage"},"thumbnailUrl":"https:\/\/fodurlandid.is\/wp-content\/uploads\/2026\/03\/MR9366_0.jpg","datePublished":"2026-03-06T15:59:09+00:00","dateModified":"2026-03-31T07:54:27+00:00","description":"Bakpokinn hentar fyrir daglegt amstur, vinnu, sk\u00f3la og styttri fer\u00f0ir. R\u00famgott innra r\u00fdmi \u00e1samt r\u00famg\u00f3\u00f0um renndur vasi a\u00f0 aftan.15,6\" - 17,3\" fart\u00f6lvur & YKK","breadcrumb":{"@id":"https:\/\/fodurlandid.is\/vara\/minimalism-%e2%85%b0\/#breadcrumb"},"inLanguage":"en-US","potentialAction":[{"@type":"ReadAction","target":["https:\/\/fodurlandid.is\/vara\/minimalism-%e2%85%b0\/"]}]},{"@type":"ImageObject","inLanguage":"en-US","@id":"https:\/\/fodurlandid.is\/vara\/minimalism-%e2%85%b0\/#primaryimage","url":"https:\/\/fodurlandid.is\/wp-content\/uploads\/2026\/03\/MR9366_0.jpg","contentUrl":"https:\/\/fodurlandid.is\/wp-content\/uploads\/2026\/03\/MR9366_0.jpg","width":600,"height":600},{"@type":"BreadcrumbList","@id":"https:\/\/fodurlandid.is\/vara\/minimalism-%e2%85%b0\/#breadcrumb","itemListElement":[{"@type":"ListItem","position":1,"name":"Home","item":"https:\/\/fodurlandid.is\/"},{"@type":"ListItem","position":2,"name":"Shop","item":"https:\/\/www.vorulagerinn.is\/heildsala\/en\/shop\/"},{"@type":"ListItem","position":3,"name":"Minimalism \u2160 er st\u00edlhreinn &#038; l\u00e9ttur 16 l\u00edtra st\u00e6kkanlegur \u00ed 22 l\u00edtra bakpoki fyrir 15,6&#8243; \u2013 17,3&#8243; fart\u00f6lvur, YKK rennil\u00e1sar og \u00fe\u00e6gileg h\u00f6nnun fyrir daglega notkun"}]},{"@type":"WebSite","@id":"https:\/\/fodurlandid.is\/#website","url":"https:\/\/fodurlandid.is\/","name":"F\u00f6\u00f0urlandi\u00f0 ehf, heildsala","description":"Innflutnings, umbo&eth;s- og dreifingara&eth;ili","publisher":{"@id":"https:\/\/fodurlandid.is\/#organization"},"alternateName":"Innflutnings, umbo\u00f0s- og dreifingara\u00f0ili","potentialAction":[{"@type":"SearchAction","target":{"@type":"EntryPoint","urlTemplate":"https:\/\/fodurlandid.is\/?s={search_term_string}"},"query-input":{"@type":"PropertyValueSpecification","valueRequired":true,"valueName":"search_term_string"}}],"inLanguage":"en-US"},{"@type":"Organization","@id":"https:\/\/fodurlandid.is\/#organization","name":"Innflutnings, umbo\u00f0s- og dreifingara\u00f0ili","url":"https:\/\/fodurlandid.is\/","logo":{"@type":"ImageObject","inLanguage":"en-US","@id":"https:\/\/fodurlandid.is\/#\/schema\/logo\/image\/","url":"https:\/\/fodurlandid.is\/wp-content\/uploads\/2024\/05\/Fodurlandid.png","contentUrl":"https:\/\/fodurlandid.is\/wp-content\/uploads\/2024\/05\/Fodurlandid.png","width":400,"height":293,"caption":"Innflutnings, umbo\u00f0s- og dreifingara\u00f0ili"},"image":{"@id":"https:\/\/fodurlandid.is\/#\/schema\/logo\/image\/"}}]}},"_links":{"self":[{"href":"https:\/\/fodurlandid.is\/en\/wp-json\/wp\/v2\/product\/25928","targetHints":{"allow":["GET"]}}],"collection":[{"href":"https:\/\/fodurlandid.is\/en\/wp-json\/wp\/v2\/product"}],"about":[{"href":"https:\/\/fodurlandid.is\/en\/wp-json\/wp\/v2\/types\/product"}],"wp:featuredmedia":[{"embeddable":true,"href":"https:\/\/fodurlandid.is\/en\/wp-json\/wp\/v2\/media\/25931"}],"wp:attachment":[{"href":"https:\/\/fodurlandid.is\/en\/wp-json\/wp\/v2\/media?parent=25928"}],"wp:term":[{"taxonomy":"product_brand","embeddable":true,"href":"https:\/\/fodurlandid.is\/en\/wp-json\/wp\/v2\/product_brand?post=25928"},{"taxonomy":"product_cat","embeddable":true,"href":"https:\/\/fodurlandid.is\/en\/wp-json\/wp\/v2\/product_cat?post=25928"},{"taxonomy":"product_tag","embeddable":true,"href":"https:\/\/fodurlandid.is\/en\/wp-json\/wp\/v2\/product_tag?post=25928"}],"curies":[{"name":"wp","href":"https:\/\/api.w.org\/{rel}","templated":true}]}}