{"id":25925,"date":"2026-03-06T10:03:08","date_gmt":"2026-03-06T10:03:08","guid":{"rendered":"https:\/\/fodurlandid.is\/?post_type=product&#038;p=25925"},"modified":"2026-04-07T20:11:48","modified_gmt":"2026-04-07T20:11:48","slug":"g2","status":"publish","type":"product","link":"https:\/\/fodurlandid.is\/en\/product\/g2\/","title":{"rendered":"G2 \u00fer\u00e1\u00f0laus beinlei\u00f0ni (bone conduction) heyrnart\u00f3l fyrir sund, vatnasport og hreyfingu. IP68 vatnsv\u00f6rn, Bluetooth 6.0, 8GB innra minni fyrir MP3 spilun og allt a\u00f0 7 klst. spilunart\u00edma"},"content":{"rendered":"","protected":false},"excerpt":{"rendered":"<p>Beinlei\u00f0ini heyrnart\u00f3lin eru h\u00f6nnu\u00f0 fyrir \u00fe\u00e1 sem vilja \u00f6ruggari og \u00fe\u00e6gilegri hlustun vi\u00f0 \u00e6fingar, sund og daglega notkun. Me\u00f0 beinlei\u00f0ni bone conduction t\u00e6kni hv\u00edla heyrnart\u00f3lin bein \u00e1 kinnbeinum hlustandans og senda hlj\u00f3\u00f0 me\u00f0 titringi \u00ed gegnum kinnbeinin a\u00f0 ku\u00f0ungi \u00ed eyranu sta\u00f0 \u00feess a\u00f0 loka eyrnag\u00f6ngum. Beinlei\u00f0nit\u00e6kni gerir \u00fe\u00e9r kleift a\u00f0 hlusta \u00e1 t\u00f3nlist \u00e1 sama t\u00edma og \u00fe\u00fa heyrir fullkomlega \u00ed umhverfinu og ert me\u00f0vita\u00f0um um \u00fea\u00f0 sem er a\u00f0 gerast \u00ed kringum \u00feig.<\/p>\n<p>Heyrnart\u00f3lin eru vatnsheld me\u00f0 IP68 vottun og \u00feola allt a\u00f0 2 metra d\u00fdpi. \u00deau henta \u00fev\u00ed afar vel fyrir sund, r\u00e6ktina, hlaup o.s.frv. Heyrnart\u00f3lin sty\u00f0ja Bluetooth hlustun og MP3 spilun \u00far innbygg\u00f0u 8GB minni. \u00dea\u00f0 er s\u00e9rstaklega \u00fe\u00e6gilegt \u00ed sundi e\u00f0a a\u00f0st\u00e6\u00f0um \u00fear sem Bluetooth tenging hentar s\u00ed\u00f0ur.\u00a0Heyrinart\u00f3lin eru me\u00f0 allt a\u00f0 7 klst spilun vi\u00f0 80% hlj\u00f3\u00f0styrk. HD s\u00edmt\u00f6l og 70% hle\u00f0slu \u00e1 10 m\u00edn\u00fatum (full hle\u00f0sla um 50 m\u00edn\u00fatur). T\u00e6ki\u00f0 notar Bluetooth 6.0 og b\u00fd\u00f0ur upp \u00e1 st\u00f6\u00f0uga tengingu allt a\u00f0 10 metrum fr\u00e1 bluetooth t\u00e6kinu.<\/p>\n<p><strong>N\u00e1nari uppl\u00fdsingar:<\/strong><br \/>\n&#8211; Beinlei\u00f0ni \u00fer\u00e1\u00f0laus heyrnart\u00f3l (bone conduction)<br \/>\n&#8211; Vatnsheldni: IP68 (sund og vatnasport)<br \/>\n&#8211; Bluetooth 6.0 tenging<br \/>\n&#8211; 8GB innbyggt minni fyrir MP3<br \/>\n&#8211; Allt a\u00f0 7 klst rafhl\u00f6\u00f0uending<br \/>\n&#8211; HD s\u00edmt\u00f6l<br \/>\n&#8211; Dr\u00e6gni: 10 metrar<br \/>\n&#8211; Rafhla\u00f0a: 180 mAh<br \/>\n&#8211; Spilunart\u00edmi: 7 klst. e\u00f0a meira<br \/>\n&#8211; Hle\u00f0slut\u00edmi: 705 hle\u00f0sla \u00e1 10 m\u00edn\u00fatum<br \/>\n&#8211; Minni: 8GB innbyggt<br \/>\n&#8211; Efni: ABS + PC + titanium<br \/>\n&#8211; Vottanir: CE, ROHS &amp; FCC<\/p>\n","protected":false},"featured_media":25926,"template":"","meta":[],"product_brand":[429],"product_cat":[398,393],"product_tag":[],"class_list":{"0":"post-25925","1":"product","2":"type-product","3":"status-publish","4":"has-post-thumbnail","6":"product_brand-openear","7":"product_cat-a-eyru-on-ear","8":"product_cat-beinleidni-bone-conduction","10":"first","11":"instock","12":"taxable","13":"shipping-taxable","14":"product-type-simple"},"yoast_head":"<!-- This site is optimized with the Yoast SEO Premium plugin v21.5 (Yoast SEO v27.3) - https:\/\/yoast.com\/product\/yoast-seo-premium-wordpress\/ -->\n<title>Beinlei\u00f0ni heyrnart\u00f3l f. sund, vatnasport &amp; hreyfingu | IP68 &amp; BT 6,0<\/title>\n<meta name=\"description\" content=\"Heyrnart\u00f3lin eru vatnsheld me\u00f0 IP68 vottun (2m d\u00fdpi). Fyrir sund, r\u00e6ktina, hlaup o.s.frv. Bluetooth 6,0 &amp; MP3 spilun \u00far innbygg\u00f0u 8GB minni.\" \/>\n<meta name=\"robots\" content=\"index, follow, max-snippet:-1, max-image-preview:large, max-video-preview:-1\" \/>\n<link rel=\"canonical\" href=\"https:\/\/fodurlandid.is\/vara\/g2\/\" \/>\n<meta property=\"og:locale\" content=\"en_US\" \/>\n<meta property=\"og:type\" content=\"article\" \/>\n<meta property=\"og:title\" content=\"G2 \u00fer\u00e1\u00f0laus beinlei\u00f0ni (bone conduction) heyrnart\u00f3l fyrir sund, vatnasport og hreyfingu. IP68 vatnsv\u00f6rn, Bluetooth 6.0, 8GB innra minni fyrir MP3 spilun og allt a\u00f0 7 klst. spilunart\u00edma\" \/>\n<meta property=\"og:description\" content=\"Heyrnart\u00f3lin eru vatnsheld me\u00f0 IP68 vottun (2m d\u00fdpi). Fyrir sund, r\u00e6ktina, hlaup o.s.frv. Bluetooth 6,0 &amp; MP3 spilun \u00far innbygg\u00f0u 8GB minni.\" \/>\n<meta property=\"og:url\" content=\"https:\/\/fodurlandid.is\/vara\/g2\/\" \/>\n<meta property=\"og:site_name\" content=\"F&ouml;&eth;urlandi&eth; heildsala\" \/>\n<meta property=\"article:modified_time\" content=\"2026-04-07T20:11:48+00:00\" \/>\n<meta property=\"og:image\" content=\"https:\/\/fodurlandid.is\/wp-content\/uploads\/2026\/03\/G2.jpg\" \/>\n\t<meta property=\"og:image:width\" content=\"600\" \/>\n\t<meta property=\"og:image:height\" content=\"600\" \/>\n\t<meta property=\"og:image:type\" content=\"image\/jpeg\" \/>\n<meta name=\"twitter:card\" content=\"summary_large_image\" \/>\n<meta name=\"twitter:label1\" content=\"Est. reading time\" \/>\n\t<meta name=\"twitter:data1\" content=\"1 minute\" \/>\n<script type=\"application\/ld+json\" class=\"yoast-schema-graph\">{\"@context\":\"https:\\\/\\\/schema.org\",\"@graph\":[{\"@type\":\"WebPage\",\"@id\":\"https:\\\/\\\/fodurlandid.is\\\/vara\\\/g2\\\/\",\"url\":\"https:\\\/\\\/fodurlandid.is\\\/vara\\\/g2\\\/\",\"name\":\"Beinlei\u00f0ni heyrnart\u00f3l f. sund, vatnasport & hreyfingu | IP68 & BT 6,0\",\"isPartOf\":{\"@id\":\"https:\\\/\\\/fodurlandid.is\\\/#website\"},\"primaryImageOfPage\":{\"@id\":\"https:\\\/\\\/fodurlandid.is\\\/vara\\\/g2\\\/#primaryimage\"},\"image\":{\"@id\":\"https:\\\/\\\/fodurlandid.is\\\/vara\\\/g2\\\/#primaryimage\"},\"thumbnailUrl\":\"https:\\\/\\\/fodurlandid.is\\\/wp-content\\\/uploads\\\/2026\\\/03\\\/G2.jpg\",\"datePublished\":\"2026-03-06T10:03:08+00:00\",\"dateModified\":\"2026-04-07T20:11:48+00:00\",\"description\":\"Heyrnart\u00f3lin eru vatnsheld me\u00f0 IP68 vottun (2m d\u00fdpi). Fyrir sund, r\u00e6ktina, hlaup o.s.frv. Bluetooth 6,0 & MP3 spilun \u00far innbygg\u00f0u 8GB minni.\",\"breadcrumb\":{\"@id\":\"https:\\\/\\\/fodurlandid.is\\\/vara\\\/g2\\\/#breadcrumb\"},\"inLanguage\":\"en-US\",\"potentialAction\":[{\"@type\":\"ReadAction\",\"target\":[\"https:\\\/\\\/fodurlandid.is\\\/vara\\\/g2\\\/\"]}]},{\"@type\":\"ImageObject\",\"inLanguage\":\"en-US\",\"@id\":\"https:\\\/\\\/fodurlandid.is\\\/vara\\\/g2\\\/#primaryimage\",\"url\":\"https:\\\/\\\/fodurlandid.is\\\/wp-content\\\/uploads\\\/2026\\\/03\\\/G2.jpg\",\"contentUrl\":\"https:\\\/\\\/fodurlandid.is\\\/wp-content\\\/uploads\\\/2026\\\/03\\\/G2.jpg\",\"width\":600,\"height\":600},{\"@type\":\"BreadcrumbList\",\"@id\":\"https:\\\/\\\/fodurlandid.is\\\/vara\\\/g2\\\/#breadcrumb\",\"itemListElement\":[{\"@type\":\"ListItem\",\"position\":1,\"name\":\"Home\",\"item\":\"https:\\\/\\\/fodurlandid.is\\\/\"},{\"@type\":\"ListItem\",\"position\":2,\"name\":\"Shop\",\"item\":\"https:\\\/\\\/www.vorulagerinn.is\\\/heildsala\\\/en\\\/shop\\\/\"},{\"@type\":\"ListItem\",\"position\":3,\"name\":\"G2 \u00fer\u00e1\u00f0laus beinlei\u00f0ni (bone conduction) heyrnart\u00f3l fyrir sund, vatnasport og hreyfingu. IP68 vatnsv\u00f6rn, Bluetooth 6.0, 8GB innra minni fyrir MP3 spilun og allt a\u00f0 7 klst. spilunart\u00edma\"}]},{\"@type\":\"WebSite\",\"@id\":\"https:\\\/\\\/fodurlandid.is\\\/#website\",\"url\":\"https:\\\/\\\/fodurlandid.is\\\/\",\"name\":\"F\u00f6\u00f0urlandi\u00f0 ehf, heildsala\",\"description\":\"Innflutnings, umbo&eth;s- og dreifingara&eth;ili\",\"publisher\":{\"@id\":\"https:\\\/\\\/fodurlandid.is\\\/#organization\"},\"alternateName\":\"Innflutnings, umbo\u00f0s- og dreifingara\u00f0ili\",\"potentialAction\":[{\"@type\":\"SearchAction\",\"target\":{\"@type\":\"EntryPoint\",\"urlTemplate\":\"https:\\\/\\\/fodurlandid.is\\\/?s={search_term_string}\"},\"query-input\":{\"@type\":\"PropertyValueSpecification\",\"valueRequired\":true,\"valueName\":\"search_term_string\"}}],\"inLanguage\":\"en-US\"},{\"@type\":\"Organization\",\"@id\":\"https:\\\/\\\/fodurlandid.is\\\/#organization\",\"name\":\"Innflutnings, umbo\u00f0s- og dreifingara\u00f0ili\",\"url\":\"https:\\\/\\\/fodurlandid.is\\\/\",\"logo\":{\"@type\":\"ImageObject\",\"inLanguage\":\"en-US\",\"@id\":\"https:\\\/\\\/fodurlandid.is\\\/#\\\/schema\\\/logo\\\/image\\\/\",\"url\":\"https:\\\/\\\/fodurlandid.is\\\/wp-content\\\/uploads\\\/2024\\\/05\\\/Fodurlandid.png\",\"contentUrl\":\"https:\\\/\\\/fodurlandid.is\\\/wp-content\\\/uploads\\\/2024\\\/05\\\/Fodurlandid.png\",\"width\":400,\"height\":293,\"caption\":\"Innflutnings, umbo\u00f0s- og dreifingara\u00f0ili\"},\"image\":{\"@id\":\"https:\\\/\\\/fodurlandid.is\\\/#\\\/schema\\\/logo\\\/image\\\/\"}}]}<\/script>\n<!-- \/ Yoast SEO Premium plugin. -->","yoast_head_json":{"title":"Beinlei\u00f0ni heyrnart\u00f3l f. sund, vatnasport & hreyfingu | IP68 & BT 6,0","description":"Heyrnart\u00f3lin eru vatnsheld me\u00f0 IP68 vottun (2m d\u00fdpi). Fyrir sund, r\u00e6ktina, hlaup o.s.frv. Bluetooth 6,0 & MP3 spilun \u00far innbygg\u00f0u 8GB minni.","robots":{"index":"index","follow":"follow","max-snippet":"max-snippet:-1","max-image-preview":"max-image-preview:large","max-video-preview":"max-video-preview:-1"},"canonical":"https:\/\/fodurlandid.is\/vara\/g2\/","og_locale":"en_US","og_type":"article","og_title":"G2 \u00fer\u00e1\u00f0laus beinlei\u00f0ni (bone conduction) heyrnart\u00f3l fyrir sund, vatnasport og hreyfingu. IP68 vatnsv\u00f6rn, Bluetooth 6.0, 8GB innra minni fyrir MP3 spilun og allt a\u00f0 7 klst. spilunart\u00edma","og_description":"Heyrnart\u00f3lin eru vatnsheld me\u00f0 IP68 vottun (2m d\u00fdpi). Fyrir sund, r\u00e6ktina, hlaup o.s.frv. Bluetooth 6,0 & MP3 spilun \u00far innbygg\u00f0u 8GB minni.","og_url":"https:\/\/fodurlandid.is\/vara\/g2\/","og_site_name":"F&ouml;&eth;urlandi&eth; heildsala","article_modified_time":"2026-04-07T20:11:48+00:00","og_image":[{"width":600,"height":600,"url":"https:\/\/fodurlandid.is\/wp-content\/uploads\/2026\/03\/G2.jpg","type":"image\/jpeg"}],"twitter_card":"summary_large_image","twitter_misc":{"Est. reading time":"1 minute"},"schema":{"@context":"https:\/\/schema.org","@graph":[{"@type":"WebPage","@id":"https:\/\/fodurlandid.is\/vara\/g2\/","url":"https:\/\/fodurlandid.is\/vara\/g2\/","name":"Beinlei\u00f0ni heyrnart\u00f3l f. sund, vatnasport & hreyfingu | IP68 & BT 6,0","isPartOf":{"@id":"https:\/\/fodurlandid.is\/#website"},"primaryImageOfPage":{"@id":"https:\/\/fodurlandid.is\/vara\/g2\/#primaryimage"},"image":{"@id":"https:\/\/fodurlandid.is\/vara\/g2\/#primaryimage"},"thumbnailUrl":"https:\/\/fodurlandid.is\/wp-content\/uploads\/2026\/03\/G2.jpg","datePublished":"2026-03-06T10:03:08+00:00","dateModified":"2026-04-07T20:11:48+00:00","description":"Heyrnart\u00f3lin eru vatnsheld me\u00f0 IP68 vottun (2m d\u00fdpi). Fyrir sund, r\u00e6ktina, hlaup o.s.frv. Bluetooth 6,0 & MP3 spilun \u00far innbygg\u00f0u 8GB minni.","breadcrumb":{"@id":"https:\/\/fodurlandid.is\/vara\/g2\/#breadcrumb"},"inLanguage":"en-US","potentialAction":[{"@type":"ReadAction","target":["https:\/\/fodurlandid.is\/vara\/g2\/"]}]},{"@type":"ImageObject","inLanguage":"en-US","@id":"https:\/\/fodurlandid.is\/vara\/g2\/#primaryimage","url":"https:\/\/fodurlandid.is\/wp-content\/uploads\/2026\/03\/G2.jpg","contentUrl":"https:\/\/fodurlandid.is\/wp-content\/uploads\/2026\/03\/G2.jpg","width":600,"height":600},{"@type":"BreadcrumbList","@id":"https:\/\/fodurlandid.is\/vara\/g2\/#breadcrumb","itemListElement":[{"@type":"ListItem","position":1,"name":"Home","item":"https:\/\/fodurlandid.is\/"},{"@type":"ListItem","position":2,"name":"Shop","item":"https:\/\/www.vorulagerinn.is\/heildsala\/en\/shop\/"},{"@type":"ListItem","position":3,"name":"G2 \u00fer\u00e1\u00f0laus beinlei\u00f0ni (bone conduction) heyrnart\u00f3l fyrir sund, vatnasport og hreyfingu. IP68 vatnsv\u00f6rn, Bluetooth 6.0, 8GB innra minni fyrir MP3 spilun og allt a\u00f0 7 klst. spilunart\u00edma"}]},{"@type":"WebSite","@id":"https:\/\/fodurlandid.is\/#website","url":"https:\/\/fodurlandid.is\/","name":"F\u00f6\u00f0urlandi\u00f0 ehf, heildsala","description":"Innflutnings, umbo&eth;s- og dreifingara&eth;ili","publisher":{"@id":"https:\/\/fodurlandid.is\/#organization"},"alternateName":"Innflutnings, umbo\u00f0s- og dreifingara\u00f0ili","potentialAction":[{"@type":"SearchAction","target":{"@type":"EntryPoint","urlTemplate":"https:\/\/fodurlandid.is\/?s={search_term_string}"},"query-input":{"@type":"PropertyValueSpecification","valueRequired":true,"valueName":"search_term_string"}}],"inLanguage":"en-US"},{"@type":"Organization","@id":"https:\/\/fodurlandid.is\/#organization","name":"Innflutnings, umbo\u00f0s- og dreifingara\u00f0ili","url":"https:\/\/fodurlandid.is\/","logo":{"@type":"ImageObject","inLanguage":"en-US","@id":"https:\/\/fodurlandid.is\/#\/schema\/logo\/image\/","url":"https:\/\/fodurlandid.is\/wp-content\/uploads\/2024\/05\/Fodurlandid.png","contentUrl":"https:\/\/fodurlandid.is\/wp-content\/uploads\/2024\/05\/Fodurlandid.png","width":400,"height":293,"caption":"Innflutnings, umbo\u00f0s- og dreifingara\u00f0ili"},"image":{"@id":"https:\/\/fodurlandid.is\/#\/schema\/logo\/image\/"}}]}},"_links":{"self":[{"href":"https:\/\/fodurlandid.is\/en\/wp-json\/wp\/v2\/product\/25925","targetHints":{"allow":["GET"]}}],"collection":[{"href":"https:\/\/fodurlandid.is\/en\/wp-json\/wp\/v2\/product"}],"about":[{"href":"https:\/\/fodurlandid.is\/en\/wp-json\/wp\/v2\/types\/product"}],"wp:featuredmedia":[{"embeddable":true,"href":"https:\/\/fodurlandid.is\/en\/wp-json\/wp\/v2\/media\/25926"}],"wp:attachment":[{"href":"https:\/\/fodurlandid.is\/en\/wp-json\/wp\/v2\/media?parent=25925"}],"wp:term":[{"taxonomy":"product_brand","embeddable":true,"href":"https:\/\/fodurlandid.is\/en\/wp-json\/wp\/v2\/product_brand?post=25925"},{"taxonomy":"product_cat","embeddable":true,"href":"https:\/\/fodurlandid.is\/en\/wp-json\/wp\/v2\/product_cat?post=25925"},{"taxonomy":"product_tag","embeddable":true,"href":"https:\/\/fodurlandid.is\/en\/wp-json\/wp\/v2\/product_tag?post=25925"}],"curies":[{"name":"wp","href":"https:\/\/api.w.org\/{rel}","templated":true}]}}