{"id":25906,"date":"2026-02-23T15:14:59","date_gmt":"2026-02-23T15:14:59","guid":{"rendered":"https:\/\/fodurlandid.is\/?post_type=product&#038;p=25906"},"modified":"2026-02-23T15:20:38","modified_gmt":"2026-02-23T15:20:38","slug":"9-i-1-fjoltengi-i-bil-3x-sigarettukveikjari-6x-usb-raufar-5x-usb-c-1x-usb-a-allt-ad-210w","status":"publish","type":"product","link":"https:\/\/fodurlandid.is\/en\/product\/9-i-1-fjoltengi-i-bil-3x-sigarettukveikjari-6x-usb-raufar-5x-usb-c-1x-usb-a-allt-ad-210w\/","title":{"rendered":"9-\u00ed-1 fj\u00f6ltengi \u00ed b\u00edl (3x s\u00edgarettukveikjari &#038; 6x USB raufar (5x USB-C &#038; 1x USB-A &#8211; Allt a\u00f0 210W"},"content":{"rendered":"<p><strong>N\u00e1nari uppl\u00fdsingar:<\/strong><\/p>\n<p><strong>Front Unit Input:<\/strong> DC 12\u201324V<br \/>\n<strong>QC3.0 Output\uff08Front):<\/strong> 5V\u23932.4A, 9V\u23932A, 12V\u23931.5A (Max 18W)<br \/>\n<strong>PD Output\uff08Front):<\/strong> 5V\u23933A, 9V\u23933A, 12V\u23933A (Max 36W)<br \/>\n<strong>Total Output (Front):<\/strong> 54W<br \/>\n<strong>Rear Unit Input DC:<\/strong> 12\u201324V<br \/>\n<strong>QC3.0 Output (Rear):<\/strong> 5V\u23932.4A, 9V\u23932A, 12V\u23931.5A (Max 18W)<br \/>\n<strong>USB1 + USB2 + USB3 Output (Rear):<\/strong> 130*45*38 mm<br \/>\n<strong>Total Output (Rear):<\/strong> 36W<br \/>\n<strong>Cigarette Lighter Ports 3 Ports Output:<\/strong> Up to 120W (Max)<br \/>\n<strong>Combined Total Output Power:<\/strong> 210W<\/p>\n","protected":false},"excerpt":{"rendered":"<p>Ger\u00f0u b\u00edlinn \u201csnjallari\u201d me\u00f0 \u00f6flugu 9-\u00ed-1 fj\u00f6ltengi fyrir s\u00edgarettutengi sem er me\u00f0 3x raufar s\u00edgarettutengi t.d. fyrir GPS, myndav\u00e9l (dashcam), k\u00e6libox o.fl. \u00e1samt 5x USB-C &amp; 1x USB-A raufum til a\u00f0 hla\u00f0a snjallt\u00e6kin \u00e1 fer\u00f0inni \u00e1 sama t\u00edma. 1 meter sn\u00fara er \u00e1 t\u00e6kinu og \u00fev\u00ed er au\u00f0velt a\u00f0 sta\u00f0setja t\u00e6ki\u00f0 \u00fear sem \u00fea\u00f0 n\u00fdtist best \u00ed b\u00edlnum hverju sinni. Heildarafl t\u00e6kis er allt a\u00f0 210W.<\/p>\n<p>&#8211; Litur: Svartur<br \/>\n&#8211; \u00deyngd: 68g<br \/>\n&#8211; 3x s\u00edgarettutengi<br \/>\n&#8211; 5x USB-C &amp; 1x USB-A<br \/>\n&#8211; Vottanir: CE, ROHS &amp; FCC<br \/>\n&#8211; N\u00e1nari uppl\u00fdsingar eru ne\u00f0ar \u00e1 \u00feessari s\u00ed\u00f0u<\/p>\n","protected":false},"featured_media":25907,"template":"","meta":[],"product_brand":[390],"product_cat":[411],"product_tag":[],"class_list":{"0":"post-25906","1":"product","2":"type-product","3":"status-publish","4":"has-post-thumbnail","6":"product_brand-joyroom","7":"product_cat-hledslutengi-i-bil","9":"first","10":"instock","11":"taxable","12":"shipping-taxable","13":"product-type-simple"},"yoast_head":"<!-- This site is optimized with the Yoast SEO Premium plugin v21.5 (Yoast SEO v27.3) - https:\/\/yoast.com\/product\/yoast-seo-premium-wordpress\/ -->\n<title>9-\u00ed-1 fj\u00f6ltengi \u00ed b\u00edl (3x s\u00edgarettutengi &amp; 6x USB raufar - Allt a\u00f0 210W<\/title>\n<meta name=\"description\" content=\"\u00d6flugt 9-\u00ed-1 fj\u00f6ltengi m. 3x s\u00edgarettutengjum + 5x USB-C &amp; 1x USB-A raufum til a\u00f0 hla\u00f0a snjallt\u00e6kin \u00e1 fer\u00f0inni. Allt a\u00f0 210W. Tengist s\u00edgarettutengi b\u00edlsins\" \/>\n<meta name=\"robots\" content=\"index, follow, max-snippet:-1, max-image-preview:large, max-video-preview:-1\" \/>\n<link rel=\"canonical\" href=\"https:\/\/fodurlandid.is\/vara\/9-i-1-fjoltengi-i-bil-3x-sigarettukveikjari-6x-usb-raufar-5x-usb-c-1x-usb-a-allt-ad-210w\/\" \/>\n<meta property=\"og:locale\" content=\"en_US\" \/>\n<meta property=\"og:type\" content=\"article\" \/>\n<meta property=\"og:title\" content=\"9-\u00ed-1 fj\u00f6ltengi \u00ed b\u00edl (3x s\u00edgarettukveikjari &amp; 6x USB raufar (5x USB-C &amp; 1x USB-A - Allt a\u00f0 210W\" \/>\n<meta property=\"og:description\" content=\"\u00d6flugt 9-\u00ed-1 fj\u00f6ltengi m. 3x s\u00edgarettutengjum + 5x USB-C &amp; 1x USB-A raufum til a\u00f0 hla\u00f0a snjallt\u00e6kin \u00e1 fer\u00f0inni. Allt a\u00f0 210W. Tengist s\u00edgarettutengi b\u00edlsins\" \/>\n<meta property=\"og:url\" content=\"https:\/\/fodurlandid.is\/vara\/9-i-1-fjoltengi-i-bil-3x-sigarettukveikjari-6x-usb-raufar-5x-usb-c-1x-usb-a-allt-ad-210w\/\" \/>\n<meta property=\"og:site_name\" content=\"F&ouml;&eth;urlandi&eth; heildsala\" \/>\n<meta property=\"article:modified_time\" content=\"2026-02-23T15:20:38+00:00\" \/>\n<meta property=\"og:image\" content=\"https:\/\/fodurlandid.is\/wp-content\/uploads\/2026\/02\/JR-CL06.jpg\" \/>\n\t<meta property=\"og:image:width\" content=\"600\" \/>\n\t<meta property=\"og:image:height\" content=\"600\" \/>\n\t<meta property=\"og:image:type\" content=\"image\/jpeg\" \/>\n<meta name=\"twitter:card\" content=\"summary_large_image\" \/>\n<meta name=\"twitter:label1\" content=\"Est. reading time\" \/>\n\t<meta name=\"twitter:data1\" content=\"1 minute\" \/>\n<script type=\"application\/ld+json\" class=\"yoast-schema-graph\">{\"@context\":\"https:\\\/\\\/schema.org\",\"@graph\":[{\"@type\":\"WebPage\",\"@id\":\"https:\\\/\\\/fodurlandid.is\\\/vara\\\/9-i-1-fjoltengi-i-bil-3x-sigarettukveikjari-6x-usb-raufar-5x-usb-c-1x-usb-a-allt-ad-210w\\\/\",\"url\":\"https:\\\/\\\/fodurlandid.is\\\/vara\\\/9-i-1-fjoltengi-i-bil-3x-sigarettukveikjari-6x-usb-raufar-5x-usb-c-1x-usb-a-allt-ad-210w\\\/\",\"name\":\"9-\u00ed-1 fj\u00f6ltengi \u00ed b\u00edl (3x s\u00edgarettutengi & 6x USB raufar - Allt a\u00f0 210W\",\"isPartOf\":{\"@id\":\"https:\\\/\\\/fodurlandid.is\\\/#website\"},\"primaryImageOfPage\":{\"@id\":\"https:\\\/\\\/fodurlandid.is\\\/vara\\\/9-i-1-fjoltengi-i-bil-3x-sigarettukveikjari-6x-usb-raufar-5x-usb-c-1x-usb-a-allt-ad-210w\\\/#primaryimage\"},\"image\":{\"@id\":\"https:\\\/\\\/fodurlandid.is\\\/vara\\\/9-i-1-fjoltengi-i-bil-3x-sigarettukveikjari-6x-usb-raufar-5x-usb-c-1x-usb-a-allt-ad-210w\\\/#primaryimage\"},\"thumbnailUrl\":\"https:\\\/\\\/fodurlandid.is\\\/wp-content\\\/uploads\\\/2026\\\/02\\\/JR-CL06.jpg\",\"datePublished\":\"2026-02-23T15:14:59+00:00\",\"dateModified\":\"2026-02-23T15:20:38+00:00\",\"description\":\"\u00d6flugt 9-\u00ed-1 fj\u00f6ltengi m. 3x s\u00edgarettutengjum + 5x USB-C & 1x USB-A raufum til a\u00f0 hla\u00f0a snjallt\u00e6kin \u00e1 fer\u00f0inni. Allt a\u00f0 210W. Tengist s\u00edgarettutengi b\u00edlsins\",\"breadcrumb\":{\"@id\":\"https:\\\/\\\/fodurlandid.is\\\/vara\\\/9-i-1-fjoltengi-i-bil-3x-sigarettukveikjari-6x-usb-raufar-5x-usb-c-1x-usb-a-allt-ad-210w\\\/#breadcrumb\"},\"inLanguage\":\"en-US\",\"potentialAction\":[{\"@type\":\"ReadAction\",\"target\":[\"https:\\\/\\\/fodurlandid.is\\\/vara\\\/9-i-1-fjoltengi-i-bil-3x-sigarettukveikjari-6x-usb-raufar-5x-usb-c-1x-usb-a-allt-ad-210w\\\/\"]}]},{\"@type\":\"ImageObject\",\"inLanguage\":\"en-US\",\"@id\":\"https:\\\/\\\/fodurlandid.is\\\/vara\\\/9-i-1-fjoltengi-i-bil-3x-sigarettukveikjari-6x-usb-raufar-5x-usb-c-1x-usb-a-allt-ad-210w\\\/#primaryimage\",\"url\":\"https:\\\/\\\/fodurlandid.is\\\/wp-content\\\/uploads\\\/2026\\\/02\\\/JR-CL06.jpg\",\"contentUrl\":\"https:\\\/\\\/fodurlandid.is\\\/wp-content\\\/uploads\\\/2026\\\/02\\\/JR-CL06.jpg\",\"width\":600,\"height\":600},{\"@type\":\"BreadcrumbList\",\"@id\":\"https:\\\/\\\/fodurlandid.is\\\/vara\\\/9-i-1-fjoltengi-i-bil-3x-sigarettukveikjari-6x-usb-raufar-5x-usb-c-1x-usb-a-allt-ad-210w\\\/#breadcrumb\",\"itemListElement\":[{\"@type\":\"ListItem\",\"position\":1,\"name\":\"Home\",\"item\":\"https:\\\/\\\/fodurlandid.is\\\/\"},{\"@type\":\"ListItem\",\"position\":2,\"name\":\"Shop\",\"item\":\"https:\\\/\\\/www.vorulagerinn.is\\\/heildsala\\\/en\\\/shop\\\/\"},{\"@type\":\"ListItem\",\"position\":3,\"name\":\"9-\u00ed-1 fj\u00f6ltengi \u00ed b\u00edl (3x s\u00edgarettukveikjari &#038; 6x USB raufar (5x USB-C &#038; 1x USB-A &#8211; Allt a\u00f0 210W\"}]},{\"@type\":\"WebSite\",\"@id\":\"https:\\\/\\\/fodurlandid.is\\\/#website\",\"url\":\"https:\\\/\\\/fodurlandid.is\\\/\",\"name\":\"F\u00f6\u00f0urlandi\u00f0 ehf, heildsala\",\"description\":\"Innflutnings, umbo&eth;s- og dreifingara&eth;ili\",\"publisher\":{\"@id\":\"https:\\\/\\\/fodurlandid.is\\\/#organization\"},\"alternateName\":\"Innflutnings, umbo\u00f0s- og dreifingara\u00f0ili\",\"potentialAction\":[{\"@type\":\"SearchAction\",\"target\":{\"@type\":\"EntryPoint\",\"urlTemplate\":\"https:\\\/\\\/fodurlandid.is\\\/?s={search_term_string}\"},\"query-input\":{\"@type\":\"PropertyValueSpecification\",\"valueRequired\":true,\"valueName\":\"search_term_string\"}}],\"inLanguage\":\"en-US\"},{\"@type\":\"Organization\",\"@id\":\"https:\\\/\\\/fodurlandid.is\\\/#organization\",\"name\":\"Innflutnings, umbo\u00f0s- og dreifingara\u00f0ili\",\"url\":\"https:\\\/\\\/fodurlandid.is\\\/\",\"logo\":{\"@type\":\"ImageObject\",\"inLanguage\":\"en-US\",\"@id\":\"https:\\\/\\\/fodurlandid.is\\\/#\\\/schema\\\/logo\\\/image\\\/\",\"url\":\"https:\\\/\\\/fodurlandid.is\\\/wp-content\\\/uploads\\\/2024\\\/05\\\/Fodurlandid.png\",\"contentUrl\":\"https:\\\/\\\/fodurlandid.is\\\/wp-content\\\/uploads\\\/2024\\\/05\\\/Fodurlandid.png\",\"width\":400,\"height\":293,\"caption\":\"Innflutnings, umbo\u00f0s- og dreifingara\u00f0ili\"},\"image\":{\"@id\":\"https:\\\/\\\/fodurlandid.is\\\/#\\\/schema\\\/logo\\\/image\\\/\"}}]}<\/script>\n<!-- \/ Yoast SEO Premium plugin. -->","yoast_head_json":{"title":"9-\u00ed-1 fj\u00f6ltengi \u00ed b\u00edl (3x s\u00edgarettutengi & 6x USB raufar - Allt a\u00f0 210W","description":"\u00d6flugt 9-\u00ed-1 fj\u00f6ltengi m. 3x s\u00edgarettutengjum + 5x USB-C & 1x USB-A raufum til a\u00f0 hla\u00f0a snjallt\u00e6kin \u00e1 fer\u00f0inni. Allt a\u00f0 210W. Tengist s\u00edgarettutengi b\u00edlsins","robots":{"index":"index","follow":"follow","max-snippet":"max-snippet:-1","max-image-preview":"max-image-preview:large","max-video-preview":"max-video-preview:-1"},"canonical":"https:\/\/fodurlandid.is\/vara\/9-i-1-fjoltengi-i-bil-3x-sigarettukveikjari-6x-usb-raufar-5x-usb-c-1x-usb-a-allt-ad-210w\/","og_locale":"en_US","og_type":"article","og_title":"9-\u00ed-1 fj\u00f6ltengi \u00ed b\u00edl (3x s\u00edgarettukveikjari & 6x USB raufar (5x USB-C & 1x USB-A - Allt a\u00f0 210W","og_description":"\u00d6flugt 9-\u00ed-1 fj\u00f6ltengi m. 3x s\u00edgarettutengjum + 5x USB-C & 1x USB-A raufum til a\u00f0 hla\u00f0a snjallt\u00e6kin \u00e1 fer\u00f0inni. Allt a\u00f0 210W. Tengist s\u00edgarettutengi b\u00edlsins","og_url":"https:\/\/fodurlandid.is\/vara\/9-i-1-fjoltengi-i-bil-3x-sigarettukveikjari-6x-usb-raufar-5x-usb-c-1x-usb-a-allt-ad-210w\/","og_site_name":"F&ouml;&eth;urlandi&eth; heildsala","article_modified_time":"2026-02-23T15:20:38+00:00","og_image":[{"width":600,"height":600,"url":"https:\/\/fodurlandid.is\/wp-content\/uploads\/2026\/02\/JR-CL06.jpg","type":"image\/jpeg"}],"twitter_card":"summary_large_image","twitter_misc":{"Est. reading time":"1 minute"},"schema":{"@context":"https:\/\/schema.org","@graph":[{"@type":"WebPage","@id":"https:\/\/fodurlandid.is\/vara\/9-i-1-fjoltengi-i-bil-3x-sigarettukveikjari-6x-usb-raufar-5x-usb-c-1x-usb-a-allt-ad-210w\/","url":"https:\/\/fodurlandid.is\/vara\/9-i-1-fjoltengi-i-bil-3x-sigarettukveikjari-6x-usb-raufar-5x-usb-c-1x-usb-a-allt-ad-210w\/","name":"9-\u00ed-1 fj\u00f6ltengi \u00ed b\u00edl (3x s\u00edgarettutengi & 6x USB raufar - Allt a\u00f0 210W","isPartOf":{"@id":"https:\/\/fodurlandid.is\/#website"},"primaryImageOfPage":{"@id":"https:\/\/fodurlandid.is\/vara\/9-i-1-fjoltengi-i-bil-3x-sigarettukveikjari-6x-usb-raufar-5x-usb-c-1x-usb-a-allt-ad-210w\/#primaryimage"},"image":{"@id":"https:\/\/fodurlandid.is\/vara\/9-i-1-fjoltengi-i-bil-3x-sigarettukveikjari-6x-usb-raufar-5x-usb-c-1x-usb-a-allt-ad-210w\/#primaryimage"},"thumbnailUrl":"https:\/\/fodurlandid.is\/wp-content\/uploads\/2026\/02\/JR-CL06.jpg","datePublished":"2026-02-23T15:14:59+00:00","dateModified":"2026-02-23T15:20:38+00:00","description":"\u00d6flugt 9-\u00ed-1 fj\u00f6ltengi m. 3x s\u00edgarettutengjum + 5x USB-C & 1x USB-A raufum til a\u00f0 hla\u00f0a snjallt\u00e6kin \u00e1 fer\u00f0inni. Allt a\u00f0 210W. Tengist s\u00edgarettutengi b\u00edlsins","breadcrumb":{"@id":"https:\/\/fodurlandid.is\/vara\/9-i-1-fjoltengi-i-bil-3x-sigarettukveikjari-6x-usb-raufar-5x-usb-c-1x-usb-a-allt-ad-210w\/#breadcrumb"},"inLanguage":"en-US","potentialAction":[{"@type":"ReadAction","target":["https:\/\/fodurlandid.is\/vara\/9-i-1-fjoltengi-i-bil-3x-sigarettukveikjari-6x-usb-raufar-5x-usb-c-1x-usb-a-allt-ad-210w\/"]}]},{"@type":"ImageObject","inLanguage":"en-US","@id":"https:\/\/fodurlandid.is\/vara\/9-i-1-fjoltengi-i-bil-3x-sigarettukveikjari-6x-usb-raufar-5x-usb-c-1x-usb-a-allt-ad-210w\/#primaryimage","url":"https:\/\/fodurlandid.is\/wp-content\/uploads\/2026\/02\/JR-CL06.jpg","contentUrl":"https:\/\/fodurlandid.is\/wp-content\/uploads\/2026\/02\/JR-CL06.jpg","width":600,"height":600},{"@type":"BreadcrumbList","@id":"https:\/\/fodurlandid.is\/vara\/9-i-1-fjoltengi-i-bil-3x-sigarettukveikjari-6x-usb-raufar-5x-usb-c-1x-usb-a-allt-ad-210w\/#breadcrumb","itemListElement":[{"@type":"ListItem","position":1,"name":"Home","item":"https:\/\/fodurlandid.is\/"},{"@type":"ListItem","position":2,"name":"Shop","item":"https:\/\/www.vorulagerinn.is\/heildsala\/en\/shop\/"},{"@type":"ListItem","position":3,"name":"9-\u00ed-1 fj\u00f6ltengi \u00ed b\u00edl (3x s\u00edgarettukveikjari &#038; 6x USB raufar (5x USB-C &#038; 1x USB-A &#8211; Allt a\u00f0 210W"}]},{"@type":"WebSite","@id":"https:\/\/fodurlandid.is\/#website","url":"https:\/\/fodurlandid.is\/","name":"F\u00f6\u00f0urlandi\u00f0 ehf, heildsala","description":"Innflutnings, umbo&eth;s- og dreifingara&eth;ili","publisher":{"@id":"https:\/\/fodurlandid.is\/#organization"},"alternateName":"Innflutnings, umbo\u00f0s- og dreifingara\u00f0ili","potentialAction":[{"@type":"SearchAction","target":{"@type":"EntryPoint","urlTemplate":"https:\/\/fodurlandid.is\/?s={search_term_string}"},"query-input":{"@type":"PropertyValueSpecification","valueRequired":true,"valueName":"search_term_string"}}],"inLanguage":"en-US"},{"@type":"Organization","@id":"https:\/\/fodurlandid.is\/#organization","name":"Innflutnings, umbo\u00f0s- og dreifingara\u00f0ili","url":"https:\/\/fodurlandid.is\/","logo":{"@type":"ImageObject","inLanguage":"en-US","@id":"https:\/\/fodurlandid.is\/#\/schema\/logo\/image\/","url":"https:\/\/fodurlandid.is\/wp-content\/uploads\/2024\/05\/Fodurlandid.png","contentUrl":"https:\/\/fodurlandid.is\/wp-content\/uploads\/2024\/05\/Fodurlandid.png","width":400,"height":293,"caption":"Innflutnings, umbo\u00f0s- og dreifingara\u00f0ili"},"image":{"@id":"https:\/\/fodurlandid.is\/#\/schema\/logo\/image\/"}}]}},"_links":{"self":[{"href":"https:\/\/fodurlandid.is\/en\/wp-json\/wp\/v2\/product\/25906","targetHints":{"allow":["GET"]}}],"collection":[{"href":"https:\/\/fodurlandid.is\/en\/wp-json\/wp\/v2\/product"}],"about":[{"href":"https:\/\/fodurlandid.is\/en\/wp-json\/wp\/v2\/types\/product"}],"wp:featuredmedia":[{"embeddable":true,"href":"https:\/\/fodurlandid.is\/en\/wp-json\/wp\/v2\/media\/25907"}],"wp:attachment":[{"href":"https:\/\/fodurlandid.is\/en\/wp-json\/wp\/v2\/media?parent=25906"}],"wp:term":[{"taxonomy":"product_brand","embeddable":true,"href":"https:\/\/fodurlandid.is\/en\/wp-json\/wp\/v2\/product_brand?post=25906"},{"taxonomy":"product_cat","embeddable":true,"href":"https:\/\/fodurlandid.is\/en\/wp-json\/wp\/v2\/product_cat?post=25906"},{"taxonomy":"product_tag","embeddable":true,"href":"https:\/\/fodurlandid.is\/en\/wp-json\/wp\/v2\/product_tag?post=25906"}],"curies":[{"name":"wp","href":"https:\/\/api.w.org\/{rel}","templated":true}]}}