{"id":25885,"date":"2026-02-20T10:27:42","date_gmt":"2026-02-20T10:27:42","guid":{"rendered":"https:\/\/fodurlandid.is\/?post_type=product&#038;p=25885"},"modified":"2026-02-20T10:37:40","modified_gmt":"2026-02-20T10:37:40","slug":"expandos-lite","status":"publish","type":"product","link":"https:\/\/fodurlandid.is\/en\/product\/expandos-lite\/","title":{"rendered":"Expandos lite er tv\u00edskiptur 19,3 l\u00edtra fart\u00f6lvubakpoki fyrir 15,6\u2033 \u2013 17,3\u2033 fart\u00f6lvur, 11\u2033 spjaldt\u00f6lvur &#038; USB-A tengi til a\u00f0 hla\u00f0a snjallt\u00e6kin \u00e1 fer\u00f0inni"},"content":{"rendered":"","protected":false},"excerpt":{"rendered":"<p>Vanda\u00f0ur og slitsterkur tv\u00edskiptur fart\u00f6lvubakpoki \u00far vatnsfr\u00e1hrindandi efni sem loftar vel vi\u00f0 bak. Hann er me\u00f0 s\u00e9r vasa fyrir 15,6&#8243; &#8211; 17,3&#8243; fart\u00f6lvur, 11&#8243; spjaldt\u00f6lvur. Bakpokinn er me\u00f0 st\u00f3rum renndum vasa a\u00f0 framan og annan minni. \u00c1 hli\u00f0 bakpokans er USB-A rauf sem tengist hle\u00f0slubanka sem geymdur er ofan \u00ed t\u00f6skunni til a\u00f0 hla\u00f0a snjallt\u00e6kin \u00e1 fer\u00f0inni hvar og hven\u00e6r sem er. Bakpokinn er me\u00f0 s\u00e9r vasa fyrir allt a\u00f0 17,3\u2033 fart\u00f6lvur og 11\u2033 spjaldt\u00f6lvur. \u00c1 axlar\u00f3l er renndur vasi sem h\u00e6gt er a\u00f0 geyma se\u00f0la, kort, lykla o.fl. \u00dea\u00f0 er festing \u00e1 bakpokanum sem h\u00e6gt er a\u00f0 festa \u00e1 handfangi\u00f0 \u00e1 fer\u00f0at\u00f6skunni sem vi\u00f0 dr\u00f6gum \u00e1 eftir okkur \u00e1 flugvellinum.<\/p>\n<p>Framan \u00e1 t\u00f6skunni er st\u00f3r renndur vasi og annar minni. Innra r\u00fdmi bakpokans er \u00fev\u00edskipt. Fyrst kemur r\u00famg\u00f3tt r\u00fdmi me\u00f0 \u00feremur v\u00f6sum, USB-A sn\u00fara sem tengt er vi\u00f0 hle\u00f0slubanka sem geymdur er ofan \u00ed t\u00f6skunni \u00e1samt festingu fyrir lykla. Aftast vi\u00f0 bak er st\u00f3rt r\u00fdmi me\u00f0 einu st\u00f3rum vasa, r\u00fdmi fyrir t.d. b\u00e6kur og s\u00e9r vasa fyrir allt a\u00f0 15,6\u2033 \u2013 17,3\u2033 fart\u00f6lvur. Vi\u00f0 bak er renndur vasi. \u00dea\u00f0 er h\u00e6gt a\u00f0 hafa bakpokann \u00e1 bakinu e\u00f0a halda \u00e1 honum \u00e1 hli\u00f0 eins og helgart\u00f6sku.<\/p>\n<p>Gl\u00e6silegur, st\u00edlhreinn og vanda\u00f0ur bakpoki sem hentar einstaklega vel fyrir vinnu og sk\u00f3la.<\/p>\n<p>\u2013 Litur: Gr\u00e1r, gr\u00e6nn og svartur<br \/>\n\u2013 St\u00e6r\u00f0: 30x14x46 cm (LxBxH)<br \/>\n\u2013 \u00deyngd: 1 kg<br \/>\n\u2013 Axlar\u00f3lar: 40-85 cm<br \/>\n\u2013 Utan\u00e1liggjandi USB-A tengi<br \/>\n\u2013 Efni: Oxford<br \/>\n\u2013 15,6\u2033 \u2013 17,3\u2033 fart\u00f6lvur &amp; 11\u2033 spjaldt\u00f6lvur<\/p>\n","protected":false},"featured_media":25896,"template":"","meta":[],"product_brand":[401],"product_cat":[403],"product_tag":[],"class_list":{"0":"post-25885","1":"product","2":"type-product","3":"status-publish","4":"has-post-thumbnail","6":"product_brand-mark-ryden","7":"product_cat-bakpokar","9":"first","10":"instock","11":"taxable","12":"shipping-taxable","13":"product-type-variable"},"yoast_head":"<!-- This site is optimized with the Yoast SEO Premium plugin v21.5 (Yoast SEO v27.4) - https:\/\/yoast.com\/product\/yoast-seo-premium-wordpress\/ -->\n<title>Expandos lite er 19,3 l\u00edtra fart\u00f6lvubakpoki fyrir 15.6\u2033\u201317.3\u2033 fart\u00f6lvur<\/title>\n<meta name=\"description\" content=\"Vanda\u00f0ur og slitsterkur tv\u00edskiptur fart\u00f6lvubakpoki sem loftar vel vi\u00f0 bak. USB-A rauf sem tengist hle\u00f0slubanka til a\u00f0 hla\u00f0a snjallt\u00e6kin \u00e1 fer\u00f0inni.\" \/>\n<meta name=\"robots\" content=\"index, follow, max-snippet:-1, max-image-preview:large, max-video-preview:-1\" \/>\n<link rel=\"canonical\" href=\"https:\/\/fodurlandid.is\/vara\/expandos-lite\/\" \/>\n<meta property=\"og:locale\" content=\"en_US\" \/>\n<meta property=\"og:type\" content=\"article\" \/>\n<meta property=\"og:title\" content=\"Expandos lite er tv\u00edskiptur 19,3 l\u00edtra fart\u00f6lvubakpoki fyrir 15,6\u2033 \u2013 17,3\u2033 fart\u00f6lvur, 11\u2033 spjaldt\u00f6lvur &amp; USB-A tengi til a\u00f0 hla\u00f0a snjallt\u00e6kin \u00e1 fer\u00f0inni\" \/>\n<meta property=\"og:description\" content=\"Vanda\u00f0ur og slitsterkur tv\u00edskiptur fart\u00f6lvubakpoki sem loftar vel vi\u00f0 bak. USB-A rauf sem tengist hle\u00f0slubanka til a\u00f0 hla\u00f0a snjallt\u00e6kin \u00e1 fer\u00f0inni.\" \/>\n<meta property=\"og:url\" content=\"https:\/\/fodurlandid.is\/vara\/expandos-lite\/\" \/>\n<meta property=\"og:site_name\" content=\"F&ouml;&eth;urlandi&eth; heildsala\" \/>\n<meta property=\"article:modified_time\" content=\"2026-02-20T10:37:40+00:00\" \/>\n<meta property=\"og:image\" content=\"https:\/\/fodurlandid.is\/wp-content\/uploads\/2026\/02\/MR9299Light_6.jpg\" \/>\n\t<meta property=\"og:image:width\" content=\"600\" \/>\n\t<meta property=\"og:image:height\" content=\"600\" \/>\n\t<meta property=\"og:image:type\" content=\"image\/jpeg\" \/>\n<meta name=\"twitter:card\" content=\"summary_large_image\" \/>\n<meta name=\"twitter:label1\" content=\"Est. reading time\" \/>\n\t<meta name=\"twitter:data1\" content=\"1 minute\" \/>\n<script type=\"application\/ld+json\" class=\"yoast-schema-graph\">{\"@context\":\"https:\\\/\\\/schema.org\",\"@graph\":[{\"@type\":\"WebPage\",\"@id\":\"https:\\\/\\\/fodurlandid.is\\\/vara\\\/expandos-lite\\\/\",\"url\":\"https:\\\/\\\/fodurlandid.is\\\/vara\\\/expandos-lite\\\/\",\"name\":\"Expandos lite er 19,3 l\u00edtra fart\u00f6lvubakpoki fyrir 15.6\u2033\u201317.3\u2033 fart\u00f6lvur\",\"isPartOf\":{\"@id\":\"https:\\\/\\\/fodurlandid.is\\\/#website\"},\"primaryImageOfPage\":{\"@id\":\"https:\\\/\\\/fodurlandid.is\\\/vara\\\/expandos-lite\\\/#primaryimage\"},\"image\":{\"@id\":\"https:\\\/\\\/fodurlandid.is\\\/vara\\\/expandos-lite\\\/#primaryimage\"},\"thumbnailUrl\":\"https:\\\/\\\/fodurlandid.is\\\/wp-content\\\/uploads\\\/2026\\\/02\\\/MR9299Light_6.jpg\",\"datePublished\":\"2026-02-20T10:27:42+00:00\",\"dateModified\":\"2026-02-20T10:37:40+00:00\",\"description\":\"Vanda\u00f0ur og slitsterkur tv\u00edskiptur fart\u00f6lvubakpoki sem loftar vel vi\u00f0 bak. USB-A rauf sem tengist hle\u00f0slubanka til a\u00f0 hla\u00f0a snjallt\u00e6kin \u00e1 fer\u00f0inni.\",\"breadcrumb\":{\"@id\":\"https:\\\/\\\/fodurlandid.is\\\/vara\\\/expandos-lite\\\/#breadcrumb\"},\"inLanguage\":\"en-US\",\"potentialAction\":[{\"@type\":\"ReadAction\",\"target\":[\"https:\\\/\\\/fodurlandid.is\\\/vara\\\/expandos-lite\\\/\"]}]},{\"@type\":\"ImageObject\",\"inLanguage\":\"en-US\",\"@id\":\"https:\\\/\\\/fodurlandid.is\\\/vara\\\/expandos-lite\\\/#primaryimage\",\"url\":\"https:\\\/\\\/fodurlandid.is\\\/wp-content\\\/uploads\\\/2026\\\/02\\\/MR9299Light_6.jpg\",\"contentUrl\":\"https:\\\/\\\/fodurlandid.is\\\/wp-content\\\/uploads\\\/2026\\\/02\\\/MR9299Light_6.jpg\",\"width\":600,\"height\":600},{\"@type\":\"BreadcrumbList\",\"@id\":\"https:\\\/\\\/fodurlandid.is\\\/vara\\\/expandos-lite\\\/#breadcrumb\",\"itemListElement\":[{\"@type\":\"ListItem\",\"position\":1,\"name\":\"Home\",\"item\":\"https:\\\/\\\/fodurlandid.is\\\/\"},{\"@type\":\"ListItem\",\"position\":2,\"name\":\"Shop\",\"item\":\"https:\\\/\\\/www.vorulagerinn.is\\\/heildsala\\\/en\\\/shop\\\/\"},{\"@type\":\"ListItem\",\"position\":3,\"name\":\"Expandos lite er tv\u00edskiptur 19,3 l\u00edtra fart\u00f6lvubakpoki fyrir 15,6\u2033 \u2013 17,3\u2033 fart\u00f6lvur, 11\u2033 spjaldt\u00f6lvur &#038; USB-A tengi til a\u00f0 hla\u00f0a snjallt\u00e6kin \u00e1 fer\u00f0inni\"}]},{\"@type\":\"WebSite\",\"@id\":\"https:\\\/\\\/fodurlandid.is\\\/#website\",\"url\":\"https:\\\/\\\/fodurlandid.is\\\/\",\"name\":\"F\u00f6\u00f0urlandi\u00f0 ehf, heildsala\",\"description\":\"Innflutnings, umbo&eth;s- og dreifingara&eth;ili\",\"publisher\":{\"@id\":\"https:\\\/\\\/fodurlandid.is\\\/#organization\"},\"alternateName\":\"Innflutnings, umbo\u00f0s- og dreifingara\u00f0ili\",\"potentialAction\":[{\"@type\":\"SearchAction\",\"target\":{\"@type\":\"EntryPoint\",\"urlTemplate\":\"https:\\\/\\\/fodurlandid.is\\\/?s={search_term_string}\"},\"query-input\":{\"@type\":\"PropertyValueSpecification\",\"valueRequired\":true,\"valueName\":\"search_term_string\"}}],\"inLanguage\":\"en-US\"},{\"@type\":\"Organization\",\"@id\":\"https:\\\/\\\/fodurlandid.is\\\/#organization\",\"name\":\"Innflutnings, umbo\u00f0s- og dreifingara\u00f0ili\",\"url\":\"https:\\\/\\\/fodurlandid.is\\\/\",\"logo\":{\"@type\":\"ImageObject\",\"inLanguage\":\"en-US\",\"@id\":\"https:\\\/\\\/fodurlandid.is\\\/#\\\/schema\\\/logo\\\/image\\\/\",\"url\":\"https:\\\/\\\/fodurlandid.is\\\/wp-content\\\/uploads\\\/2024\\\/05\\\/Fodurlandid.png\",\"contentUrl\":\"https:\\\/\\\/fodurlandid.is\\\/wp-content\\\/uploads\\\/2024\\\/05\\\/Fodurlandid.png\",\"width\":400,\"height\":293,\"caption\":\"Innflutnings, umbo\u00f0s- og dreifingara\u00f0ili\"},\"image\":{\"@id\":\"https:\\\/\\\/fodurlandid.is\\\/#\\\/schema\\\/logo\\\/image\\\/\"}}]}<\/script>\n<!-- \/ Yoast SEO Premium plugin. -->","yoast_head_json":{"title":"Expandos lite er 19,3 l\u00edtra fart\u00f6lvubakpoki fyrir 15.6\u2033\u201317.3\u2033 fart\u00f6lvur","description":"Vanda\u00f0ur og slitsterkur tv\u00edskiptur fart\u00f6lvubakpoki sem loftar vel vi\u00f0 bak. USB-A rauf sem tengist hle\u00f0slubanka til a\u00f0 hla\u00f0a snjallt\u00e6kin \u00e1 fer\u00f0inni.","robots":{"index":"index","follow":"follow","max-snippet":"max-snippet:-1","max-image-preview":"max-image-preview:large","max-video-preview":"max-video-preview:-1"},"canonical":"https:\/\/fodurlandid.is\/vara\/expandos-lite\/","og_locale":"en_US","og_type":"article","og_title":"Expandos lite er tv\u00edskiptur 19,3 l\u00edtra fart\u00f6lvubakpoki fyrir 15,6\u2033 \u2013 17,3\u2033 fart\u00f6lvur, 11\u2033 spjaldt\u00f6lvur & USB-A tengi til a\u00f0 hla\u00f0a snjallt\u00e6kin \u00e1 fer\u00f0inni","og_description":"Vanda\u00f0ur og slitsterkur tv\u00edskiptur fart\u00f6lvubakpoki sem loftar vel vi\u00f0 bak. USB-A rauf sem tengist hle\u00f0slubanka til a\u00f0 hla\u00f0a snjallt\u00e6kin \u00e1 fer\u00f0inni.","og_url":"https:\/\/fodurlandid.is\/vara\/expandos-lite\/","og_site_name":"F&ouml;&eth;urlandi&eth; heildsala","article_modified_time":"2026-02-20T10:37:40+00:00","og_image":[{"width":600,"height":600,"url":"https:\/\/fodurlandid.is\/wp-content\/uploads\/2026\/02\/MR9299Light_6.jpg","type":"image\/jpeg"}],"twitter_card":"summary_large_image","twitter_misc":{"Est. reading time":"1 minute"},"schema":{"@context":"https:\/\/schema.org","@graph":[{"@type":"WebPage","@id":"https:\/\/fodurlandid.is\/vara\/expandos-lite\/","url":"https:\/\/fodurlandid.is\/vara\/expandos-lite\/","name":"Expandos lite er 19,3 l\u00edtra fart\u00f6lvubakpoki fyrir 15.6\u2033\u201317.3\u2033 fart\u00f6lvur","isPartOf":{"@id":"https:\/\/fodurlandid.is\/#website"},"primaryImageOfPage":{"@id":"https:\/\/fodurlandid.is\/vara\/expandos-lite\/#primaryimage"},"image":{"@id":"https:\/\/fodurlandid.is\/vara\/expandos-lite\/#primaryimage"},"thumbnailUrl":"https:\/\/fodurlandid.is\/wp-content\/uploads\/2026\/02\/MR9299Light_6.jpg","datePublished":"2026-02-20T10:27:42+00:00","dateModified":"2026-02-20T10:37:40+00:00","description":"Vanda\u00f0ur og slitsterkur tv\u00edskiptur fart\u00f6lvubakpoki sem loftar vel vi\u00f0 bak. USB-A rauf sem tengist hle\u00f0slubanka til a\u00f0 hla\u00f0a snjallt\u00e6kin \u00e1 fer\u00f0inni.","breadcrumb":{"@id":"https:\/\/fodurlandid.is\/vara\/expandos-lite\/#breadcrumb"},"inLanguage":"en-US","potentialAction":[{"@type":"ReadAction","target":["https:\/\/fodurlandid.is\/vara\/expandos-lite\/"]}]},{"@type":"ImageObject","inLanguage":"en-US","@id":"https:\/\/fodurlandid.is\/vara\/expandos-lite\/#primaryimage","url":"https:\/\/fodurlandid.is\/wp-content\/uploads\/2026\/02\/MR9299Light_6.jpg","contentUrl":"https:\/\/fodurlandid.is\/wp-content\/uploads\/2026\/02\/MR9299Light_6.jpg","width":600,"height":600},{"@type":"BreadcrumbList","@id":"https:\/\/fodurlandid.is\/vara\/expandos-lite\/#breadcrumb","itemListElement":[{"@type":"ListItem","position":1,"name":"Home","item":"https:\/\/fodurlandid.is\/"},{"@type":"ListItem","position":2,"name":"Shop","item":"https:\/\/www.vorulagerinn.is\/heildsala\/en\/shop\/"},{"@type":"ListItem","position":3,"name":"Expandos lite er tv\u00edskiptur 19,3 l\u00edtra fart\u00f6lvubakpoki fyrir 15,6\u2033 \u2013 17,3\u2033 fart\u00f6lvur, 11\u2033 spjaldt\u00f6lvur &#038; USB-A tengi til a\u00f0 hla\u00f0a snjallt\u00e6kin \u00e1 fer\u00f0inni"}]},{"@type":"WebSite","@id":"https:\/\/fodurlandid.is\/#website","url":"https:\/\/fodurlandid.is\/","name":"F\u00f6\u00f0urlandi\u00f0 ehf, heildsala","description":"Innflutnings, umbo&eth;s- og dreifingara&eth;ili","publisher":{"@id":"https:\/\/fodurlandid.is\/#organization"},"alternateName":"Innflutnings, umbo\u00f0s- og dreifingara\u00f0ili","potentialAction":[{"@type":"SearchAction","target":{"@type":"EntryPoint","urlTemplate":"https:\/\/fodurlandid.is\/?s={search_term_string}"},"query-input":{"@type":"PropertyValueSpecification","valueRequired":true,"valueName":"search_term_string"}}],"inLanguage":"en-US"},{"@type":"Organization","@id":"https:\/\/fodurlandid.is\/#organization","name":"Innflutnings, umbo\u00f0s- og dreifingara\u00f0ili","url":"https:\/\/fodurlandid.is\/","logo":{"@type":"ImageObject","inLanguage":"en-US","@id":"https:\/\/fodurlandid.is\/#\/schema\/logo\/image\/","url":"https:\/\/fodurlandid.is\/wp-content\/uploads\/2024\/05\/Fodurlandid.png","contentUrl":"https:\/\/fodurlandid.is\/wp-content\/uploads\/2024\/05\/Fodurlandid.png","width":400,"height":293,"caption":"Innflutnings, umbo\u00f0s- og dreifingara\u00f0ili"},"image":{"@id":"https:\/\/fodurlandid.is\/#\/schema\/logo\/image\/"}}]}},"_links":{"self":[{"href":"https:\/\/fodurlandid.is\/en\/wp-json\/wp\/v2\/product\/25885","targetHints":{"allow":["GET"]}}],"collection":[{"href":"https:\/\/fodurlandid.is\/en\/wp-json\/wp\/v2\/product"}],"about":[{"href":"https:\/\/fodurlandid.is\/en\/wp-json\/wp\/v2\/types\/product"}],"wp:featuredmedia":[{"embeddable":true,"href":"https:\/\/fodurlandid.is\/en\/wp-json\/wp\/v2\/media\/25896"}],"wp:attachment":[{"href":"https:\/\/fodurlandid.is\/en\/wp-json\/wp\/v2\/media?parent=25885"}],"wp:term":[{"taxonomy":"product_brand","embeddable":true,"href":"https:\/\/fodurlandid.is\/en\/wp-json\/wp\/v2\/product_brand?post=25885"},{"taxonomy":"product_cat","embeddable":true,"href":"https:\/\/fodurlandid.is\/en\/wp-json\/wp\/v2\/product_cat?post=25885"},{"taxonomy":"product_tag","embeddable":true,"href":"https:\/\/fodurlandid.is\/en\/wp-json\/wp\/v2\/product_tag?post=25885"}],"curies":[{"name":"wp","href":"https:\/\/api.w.org\/{rel}","templated":true}]}}