{"id":25884,"date":"2026-02-23T10:29:40","date_gmt":"2026-02-23T10:29:40","guid":{"rendered":"https:\/\/fodurlandid.is\/?post_type=product&#038;p=25884"},"modified":"2026-02-23T10:48:53","modified_gmt":"2026-02-23T10:48:53","slug":"jr-ccb01","status":"publish","type":"product","link":"https:\/\/fodurlandid.is\/en\/product\/jr-ccb01\/","title":{"rendered":"FM sendir \u00ed b\u00edlinn me\u00f0 Bluetooth 5.4 &#038; 81W hra\u00f0hle\u00f0slu USB-C &#038; USB-A"},"content":{"rendered":"","protected":false},"excerpt":{"rendered":"<p>Fj\u00f6lnota FM \u00fatvarpssendir me\u00f0 12V tengi sem tengist s\u00edgarettukveikjaranum \u00ed b\u00edlnum. \u00datvarpssendirinn tengist snjallt\u00e6kjunum me\u00f0 Bluetooth 5,4 og me\u00f0 \u00fev\u00ed er h\u00e6gt a\u00f0 hlusta \u00e1 t\u00f3nlist, hlj\u00f3\u00f0b\u00e6kur e\u00f0a tala handfrj\u00e1lst \u00ed s\u00edmann vi\u00f0 akstur. Sendirinn er me\u00f0 81W hra\u00f0hle\u00f0slu (1x USB-C &amp; 2x USB-A) sem h\u00e6gt er a\u00f0 nota til a\u00f0 hla\u00f0a t.d. snjalls\u00edma, fart\u00f6lvur og heyrnat\u00f3l. Virkar b\u00e6\u00f0i fyrir Apple og Android t\u00e6ki.<\/p>\n<p>FM sendirinn tengist s\u00edmanum \u00ed gegnum Bluetooth 5,4 og sendir hlj\u00f3\u00f0i\u00f0 yfir \u00ed b\u00edl\u00fatvarpi\u00f0 \u00ed gegnum FM-t\u00ed\u00f0ni \u2013 fullkomi\u00f0 fyrir b\u00edla sem eru ekki me\u00f0 Bluetooth.<\/p>\n<p><strong>Kostir:<\/strong><br \/>\n&#8211; Spilar beint \u00far s\u00edmanum \u00ed h\u00e1talara \u00ed b\u00edlnum<br \/>\n&#8211; Handfrj\u00e1ls s\u00edmt\u00f6l me\u00f0 innbygg\u00f0um hlj\u00f3\u00f0nema<br \/>\n&#8211; 81W hra\u00f0hle\u00f0sla me\u00f0 USB-C og USB-A tengjum<br \/>\n&#8211; Bluetooth 5,4 \u00fer\u00e1\u00f0laus FM sendir<br \/>\n&#8211; LED skj\u00e1r<br \/>\n&#8211; \u00d6flugur bassi<\/p>\n<p>\u2013 Litur: Svartur<br \/>\n\u2013 Bluetooth: 5,4<br \/>\n\u2013 St\u00e6r\u00f0: 50x45x70 mm<br \/>\n\u2013 Inntak: DC 12-24V<br \/>\n\u2013 QC3.0 \u00fattak: 5V=3A, 9V=2A, 12V=1.5A<br \/>\n\u2013 PD \u00fattak: 5V=3A, 9V=3A, 12V=2.5A, 15V=2A, 20V=1.5A<br \/>\n\u2013 PPS \u00fattak: 3.3-11V=3A, 3.3V-16V=2A<br \/>\n\u2013 Vottanir: CE, ROHS &amp; FCC<\/p>\n","protected":false},"featured_media":25903,"template":"","meta":[],"product_brand":[390],"product_cat":[411],"product_tag":[],"class_list":{"0":"post-25884","1":"product","2":"type-product","3":"status-publish","4":"has-post-thumbnail","6":"product_brand-joyroom","7":"product_cat-hledslutengi-i-bil","9":"first","10":"instock","11":"taxable","12":"shipping-taxable","13":"product-type-simple"},"yoast_head":"<!-- This site is optimized with the Yoast SEO Premium plugin v21.5 (Yoast SEO v27.3) - https:\/\/yoast.com\/product\/yoast-seo-premium-wordpress\/ -->\n<title>FM \u00fatvarpssendir \u00ed b\u00edl | 81W hra\u00f0hle\u00f0sla (1x USB-C &amp; 2x USB-A)<\/title>\n<meta name=\"description\" content=\"Fj\u00f6lnota \u00fer\u00e1\u00f0laus FM \u00fatvarpssendir sem tengist s\u00edgarettukveikjaranum \u00ed b\u00edlnum. 81W hra\u00f0hle\u00f0sla me\u00f0 1x USB-C &amp; 2x USB-A tengjum fyrir snjallt\u00e6kin.\" \/>\n<meta name=\"robots\" content=\"index, follow, max-snippet:-1, max-image-preview:large, max-video-preview:-1\" \/>\n<link rel=\"canonical\" href=\"https:\/\/fodurlandid.is\/vara\/jr-ccb01\/\" \/>\n<meta property=\"og:locale\" content=\"en_US\" \/>\n<meta property=\"og:type\" content=\"article\" \/>\n<meta property=\"og:title\" content=\"FM sendir \u00ed b\u00edlinn me\u00f0 Bluetooth 5.4 &amp; 81W hra\u00f0hle\u00f0slu USB-C &amp; USB-A\" \/>\n<meta property=\"og:description\" content=\"Fj\u00f6lnota \u00fer\u00e1\u00f0laus FM \u00fatvarpssendir sem tengist s\u00edgarettukveikjaranum \u00ed b\u00edlnum. 81W hra\u00f0hle\u00f0sla me\u00f0 1x USB-C &amp; 2x USB-A tengjum fyrir snjallt\u00e6kin.\" \/>\n<meta property=\"og:url\" content=\"https:\/\/fodurlandid.is\/vara\/jr-ccb01\/\" \/>\n<meta property=\"og:site_name\" content=\"F&ouml;&eth;urlandi&eth; heildsala\" \/>\n<meta property=\"article:modified_time\" content=\"2026-02-23T10:48:53+00:00\" \/>\n<meta property=\"og:image\" content=\"https:\/\/fodurlandid.is\/wp-content\/uploads\/2026\/02\/JR-CCB01.jpg\" \/>\n\t<meta property=\"og:image:width\" content=\"600\" \/>\n\t<meta property=\"og:image:height\" content=\"600\" \/>\n\t<meta property=\"og:image:type\" content=\"image\/jpeg\" \/>\n<meta name=\"twitter:card\" content=\"summary_large_image\" \/>\n<meta name=\"twitter:label1\" content=\"Est. reading time\" \/>\n\t<meta name=\"twitter:data1\" content=\"1 minute\" \/>\n<script type=\"application\/ld+json\" class=\"yoast-schema-graph\">{\"@context\":\"https:\\\/\\\/schema.org\",\"@graph\":[{\"@type\":\"WebPage\",\"@id\":\"https:\\\/\\\/fodurlandid.is\\\/vara\\\/jr-ccb01\\\/\",\"url\":\"https:\\\/\\\/fodurlandid.is\\\/vara\\\/jr-ccb01\\\/\",\"name\":\"FM \u00fatvarpssendir \u00ed b\u00edl | 81W hra\u00f0hle\u00f0sla (1x USB-C & 2x USB-A)\",\"isPartOf\":{\"@id\":\"https:\\\/\\\/fodurlandid.is\\\/#website\"},\"primaryImageOfPage\":{\"@id\":\"https:\\\/\\\/fodurlandid.is\\\/vara\\\/jr-ccb01\\\/#primaryimage\"},\"image\":{\"@id\":\"https:\\\/\\\/fodurlandid.is\\\/vara\\\/jr-ccb01\\\/#primaryimage\"},\"thumbnailUrl\":\"https:\\\/\\\/fodurlandid.is\\\/wp-content\\\/uploads\\\/2026\\\/02\\\/JR-CCB01.jpg\",\"datePublished\":\"2026-02-23T10:29:40+00:00\",\"dateModified\":\"2026-02-23T10:48:53+00:00\",\"description\":\"Fj\u00f6lnota \u00fer\u00e1\u00f0laus FM \u00fatvarpssendir sem tengist s\u00edgarettukveikjaranum \u00ed b\u00edlnum. 81W hra\u00f0hle\u00f0sla me\u00f0 1x USB-C & 2x USB-A tengjum fyrir snjallt\u00e6kin.\",\"breadcrumb\":{\"@id\":\"https:\\\/\\\/fodurlandid.is\\\/vara\\\/jr-ccb01\\\/#breadcrumb\"},\"inLanguage\":\"en-US\",\"potentialAction\":[{\"@type\":\"ReadAction\",\"target\":[\"https:\\\/\\\/fodurlandid.is\\\/vara\\\/jr-ccb01\\\/\"]}]},{\"@type\":\"ImageObject\",\"inLanguage\":\"en-US\",\"@id\":\"https:\\\/\\\/fodurlandid.is\\\/vara\\\/jr-ccb01\\\/#primaryimage\",\"url\":\"https:\\\/\\\/fodurlandid.is\\\/wp-content\\\/uploads\\\/2026\\\/02\\\/JR-CCB01.jpg\",\"contentUrl\":\"https:\\\/\\\/fodurlandid.is\\\/wp-content\\\/uploads\\\/2026\\\/02\\\/JR-CCB01.jpg\",\"width\":600,\"height\":600},{\"@type\":\"BreadcrumbList\",\"@id\":\"https:\\\/\\\/fodurlandid.is\\\/vara\\\/jr-ccb01\\\/#breadcrumb\",\"itemListElement\":[{\"@type\":\"ListItem\",\"position\":1,\"name\":\"Home\",\"item\":\"https:\\\/\\\/fodurlandid.is\\\/\"},{\"@type\":\"ListItem\",\"position\":2,\"name\":\"Shop\",\"item\":\"https:\\\/\\\/www.vorulagerinn.is\\\/heildsala\\\/en\\\/shop\\\/\"},{\"@type\":\"ListItem\",\"position\":3,\"name\":\"FM sendir \u00ed b\u00edlinn me\u00f0 Bluetooth 5.4 &#038; 81W hra\u00f0hle\u00f0slu USB-C &#038; USB-A\"}]},{\"@type\":\"WebSite\",\"@id\":\"https:\\\/\\\/fodurlandid.is\\\/#website\",\"url\":\"https:\\\/\\\/fodurlandid.is\\\/\",\"name\":\"F\u00f6\u00f0urlandi\u00f0 ehf, heildsala\",\"description\":\"Innflutnings, umbo&eth;s- og dreifingara&eth;ili\",\"publisher\":{\"@id\":\"https:\\\/\\\/fodurlandid.is\\\/#organization\"},\"alternateName\":\"Innflutnings, umbo\u00f0s- og dreifingara\u00f0ili\",\"potentialAction\":[{\"@type\":\"SearchAction\",\"target\":{\"@type\":\"EntryPoint\",\"urlTemplate\":\"https:\\\/\\\/fodurlandid.is\\\/?s={search_term_string}\"},\"query-input\":{\"@type\":\"PropertyValueSpecification\",\"valueRequired\":true,\"valueName\":\"search_term_string\"}}],\"inLanguage\":\"en-US\"},{\"@type\":\"Organization\",\"@id\":\"https:\\\/\\\/fodurlandid.is\\\/#organization\",\"name\":\"Innflutnings, umbo\u00f0s- og dreifingara\u00f0ili\",\"url\":\"https:\\\/\\\/fodurlandid.is\\\/\",\"logo\":{\"@type\":\"ImageObject\",\"inLanguage\":\"en-US\",\"@id\":\"https:\\\/\\\/fodurlandid.is\\\/#\\\/schema\\\/logo\\\/image\\\/\",\"url\":\"https:\\\/\\\/fodurlandid.is\\\/wp-content\\\/uploads\\\/2024\\\/05\\\/Fodurlandid.png\",\"contentUrl\":\"https:\\\/\\\/fodurlandid.is\\\/wp-content\\\/uploads\\\/2024\\\/05\\\/Fodurlandid.png\",\"width\":400,\"height\":293,\"caption\":\"Innflutnings, umbo\u00f0s- og dreifingara\u00f0ili\"},\"image\":{\"@id\":\"https:\\\/\\\/fodurlandid.is\\\/#\\\/schema\\\/logo\\\/image\\\/\"}}]}<\/script>\n<!-- \/ Yoast SEO Premium plugin. -->","yoast_head_json":{"title":"FM \u00fatvarpssendir \u00ed b\u00edl | 81W hra\u00f0hle\u00f0sla (1x USB-C & 2x USB-A)","description":"Fj\u00f6lnota \u00fer\u00e1\u00f0laus FM \u00fatvarpssendir sem tengist s\u00edgarettukveikjaranum \u00ed b\u00edlnum. 81W hra\u00f0hle\u00f0sla me\u00f0 1x USB-C & 2x USB-A tengjum fyrir snjallt\u00e6kin.","robots":{"index":"index","follow":"follow","max-snippet":"max-snippet:-1","max-image-preview":"max-image-preview:large","max-video-preview":"max-video-preview:-1"},"canonical":"https:\/\/fodurlandid.is\/vara\/jr-ccb01\/","og_locale":"en_US","og_type":"article","og_title":"FM sendir \u00ed b\u00edlinn me\u00f0 Bluetooth 5.4 & 81W hra\u00f0hle\u00f0slu USB-C & USB-A","og_description":"Fj\u00f6lnota \u00fer\u00e1\u00f0laus FM \u00fatvarpssendir sem tengist s\u00edgarettukveikjaranum \u00ed b\u00edlnum. 81W hra\u00f0hle\u00f0sla me\u00f0 1x USB-C & 2x USB-A tengjum fyrir snjallt\u00e6kin.","og_url":"https:\/\/fodurlandid.is\/vara\/jr-ccb01\/","og_site_name":"F&ouml;&eth;urlandi&eth; heildsala","article_modified_time":"2026-02-23T10:48:53+00:00","og_image":[{"width":600,"height":600,"url":"https:\/\/fodurlandid.is\/wp-content\/uploads\/2026\/02\/JR-CCB01.jpg","type":"image\/jpeg"}],"twitter_card":"summary_large_image","twitter_misc":{"Est. reading time":"1 minute"},"schema":{"@context":"https:\/\/schema.org","@graph":[{"@type":"WebPage","@id":"https:\/\/fodurlandid.is\/vara\/jr-ccb01\/","url":"https:\/\/fodurlandid.is\/vara\/jr-ccb01\/","name":"FM \u00fatvarpssendir \u00ed b\u00edl | 81W hra\u00f0hle\u00f0sla (1x USB-C & 2x USB-A)","isPartOf":{"@id":"https:\/\/fodurlandid.is\/#website"},"primaryImageOfPage":{"@id":"https:\/\/fodurlandid.is\/vara\/jr-ccb01\/#primaryimage"},"image":{"@id":"https:\/\/fodurlandid.is\/vara\/jr-ccb01\/#primaryimage"},"thumbnailUrl":"https:\/\/fodurlandid.is\/wp-content\/uploads\/2026\/02\/JR-CCB01.jpg","datePublished":"2026-02-23T10:29:40+00:00","dateModified":"2026-02-23T10:48:53+00:00","description":"Fj\u00f6lnota \u00fer\u00e1\u00f0laus FM \u00fatvarpssendir sem tengist s\u00edgarettukveikjaranum \u00ed b\u00edlnum. 81W hra\u00f0hle\u00f0sla me\u00f0 1x USB-C & 2x USB-A tengjum fyrir snjallt\u00e6kin.","breadcrumb":{"@id":"https:\/\/fodurlandid.is\/vara\/jr-ccb01\/#breadcrumb"},"inLanguage":"en-US","potentialAction":[{"@type":"ReadAction","target":["https:\/\/fodurlandid.is\/vara\/jr-ccb01\/"]}]},{"@type":"ImageObject","inLanguage":"en-US","@id":"https:\/\/fodurlandid.is\/vara\/jr-ccb01\/#primaryimage","url":"https:\/\/fodurlandid.is\/wp-content\/uploads\/2026\/02\/JR-CCB01.jpg","contentUrl":"https:\/\/fodurlandid.is\/wp-content\/uploads\/2026\/02\/JR-CCB01.jpg","width":600,"height":600},{"@type":"BreadcrumbList","@id":"https:\/\/fodurlandid.is\/vara\/jr-ccb01\/#breadcrumb","itemListElement":[{"@type":"ListItem","position":1,"name":"Home","item":"https:\/\/fodurlandid.is\/"},{"@type":"ListItem","position":2,"name":"Shop","item":"https:\/\/www.vorulagerinn.is\/heildsala\/en\/shop\/"},{"@type":"ListItem","position":3,"name":"FM sendir \u00ed b\u00edlinn me\u00f0 Bluetooth 5.4 &#038; 81W hra\u00f0hle\u00f0slu USB-C &#038; USB-A"}]},{"@type":"WebSite","@id":"https:\/\/fodurlandid.is\/#website","url":"https:\/\/fodurlandid.is\/","name":"F\u00f6\u00f0urlandi\u00f0 ehf, heildsala","description":"Innflutnings, umbo&eth;s- og dreifingara&eth;ili","publisher":{"@id":"https:\/\/fodurlandid.is\/#organization"},"alternateName":"Innflutnings, umbo\u00f0s- og dreifingara\u00f0ili","potentialAction":[{"@type":"SearchAction","target":{"@type":"EntryPoint","urlTemplate":"https:\/\/fodurlandid.is\/?s={search_term_string}"},"query-input":{"@type":"PropertyValueSpecification","valueRequired":true,"valueName":"search_term_string"}}],"inLanguage":"en-US"},{"@type":"Organization","@id":"https:\/\/fodurlandid.is\/#organization","name":"Innflutnings, umbo\u00f0s- og dreifingara\u00f0ili","url":"https:\/\/fodurlandid.is\/","logo":{"@type":"ImageObject","inLanguage":"en-US","@id":"https:\/\/fodurlandid.is\/#\/schema\/logo\/image\/","url":"https:\/\/fodurlandid.is\/wp-content\/uploads\/2024\/05\/Fodurlandid.png","contentUrl":"https:\/\/fodurlandid.is\/wp-content\/uploads\/2024\/05\/Fodurlandid.png","width":400,"height":293,"caption":"Innflutnings, umbo\u00f0s- og dreifingara\u00f0ili"},"image":{"@id":"https:\/\/fodurlandid.is\/#\/schema\/logo\/image\/"}}]}},"_links":{"self":[{"href":"https:\/\/fodurlandid.is\/en\/wp-json\/wp\/v2\/product\/25884","targetHints":{"allow":["GET"]}}],"collection":[{"href":"https:\/\/fodurlandid.is\/en\/wp-json\/wp\/v2\/product"}],"about":[{"href":"https:\/\/fodurlandid.is\/en\/wp-json\/wp\/v2\/types\/product"}],"wp:featuredmedia":[{"embeddable":true,"href":"https:\/\/fodurlandid.is\/en\/wp-json\/wp\/v2\/media\/25903"}],"wp:attachment":[{"href":"https:\/\/fodurlandid.is\/en\/wp-json\/wp\/v2\/media?parent=25884"}],"wp:term":[{"taxonomy":"product_brand","embeddable":true,"href":"https:\/\/fodurlandid.is\/en\/wp-json\/wp\/v2\/product_brand?post=25884"},{"taxonomy":"product_cat","embeddable":true,"href":"https:\/\/fodurlandid.is\/en\/wp-json\/wp\/v2\/product_cat?post=25884"},{"taxonomy":"product_tag","embeddable":true,"href":"https:\/\/fodurlandid.is\/en\/wp-json\/wp\/v2\/product_tag?post=25884"}],"curies":[{"name":"wp","href":"https:\/\/api.w.org\/{rel}","templated":true}]}}