{"id":25858,"date":"2026-02-11T12:30:19","date_gmt":"2026-02-11T12:30:19","guid":{"rendered":"https:\/\/fodurlandid.is\/?post_type=product&#038;p=25858"},"modified":"2026-02-11T12:39:00","modified_gmt":"2026-02-11T12:39:00","slug":"l_mr3101","status":"publish","type":"product","link":"https:\/\/fodurlandid.is\/en\/product\/l_mr3101\/","title":{"rendered":"Switchstorage Multi I taskan er vatnsheld, slit\u00feolin me\u00f0 g\u00f3\u00f0u geymslur\u00fdmi"},"content":{"rendered":"<div style=\"width: 960px;\" class=\"wp-video\"><video class=\"wp-video-shortcode\" id=\"video-25858-1\" width=\"960\" height=\"540\" preload=\"metadata\" controls=\"controls\"><source type=\"video\/mp4\" src=\"https:\/\/fodurlandid.is\/wp-content\/uploads\/2026\/02\/MR-3101.mp4?_=1\" \/><a href=\"https:\/\/fodurlandid.is\/wp-content\/uploads\/2026\/02\/MR-3101.mp4\">https:\/\/fodurlandid.is\/wp-content\/uploads\/2026\/02\/MR-3101.mp4<\/a><\/video><\/div>\n","protected":false},"excerpt":{"rendered":"<p>Gl\u00e6sileg vatnsheld og slit\u00feolin taska sem er a\u00f0eins 180 gr\u00f6mm. Taskan er me\u00f0 g\u00f3\u00f0a a\u00f0greiningu \u00ed innra r\u00fdmi sem samanstendur af fj\u00f3rum h\u00f3lfum \u00e1samt fimm opnum v\u00f6sum. Taskan er me\u00f0 h\u00e1g\u00e6\u00f0a YKK rennil\u00e1s sem endist 15x lengur en hef\u00f0bundinn. Rennil\u00e1sinn er talinn s\u00e1 besti \u00ed heimi og er nota\u00f0ur \u00e1 l\u00faxusv\u00f6rur \u00e1 bor\u00f0 vi\u00f0 GUCCI, DIORMCM, LV o.s.frv. Fr\u00e1b\u00e6r taska sem s\u00e9r um sitt. \u00de\u00e1 m\u00e1 l\u00edka nota t\u00f6skuna undir snyrtid\u00f3t.<\/p>\n<p>&#8211; Sj\u00e1 myndband ne\u00f0ar \u00e1 \u00feessari s\u00ed\u00f0u<br \/>\n&#8211; Litur: Svartur<br \/>\n&#8211; St\u00e6r\u00f0: 26 x 15 x 8 cm<br \/>\n&#8211; \u00deyngd: 0,18 kg<br \/>\n&#8211; Efni \u00ed t\u00f6sku: Oxford me\u00f0 PU vatnsheldni<br \/>\n&#8211; H\u00e1g\u00e6\u00f0a YKK rennil\u00e1s<\/p>\n","protected":false},"featured_media":25878,"template":"","meta":[],"product_brand":[401],"product_cat":[402],"product_tag":[],"class_list":{"0":"post-25858","1":"product","2":"type-product","3":"status-publish","4":"has-post-thumbnail","6":"product_brand-mark-ryden","7":"product_cat-bakpokar-toskur","9":"first","10":"instock","11":"taxable","12":"shipping-taxable","13":"product-type-variable"},"yoast_head":"<!-- This site is optimized with the Yoast SEO Premium plugin v21.5 (Yoast SEO v27.4) - https:\/\/yoast.com\/product\/yoast-seo-premium-wordpress\/ -->\n<title>Switchstorage Multi I taska | Vatnsheld, slit\u00feolin &amp; gott geymslur\u00fdmi<\/title>\n<meta name=\"description\" content=\"Switchstorage Multi I taskan er vatnsheld og slit\u00feolin og a\u00f0eins 180 gr\u00f6mm. Fr\u00e1b\u00e6r l\u00edtil taska me\u00f0 fj\u00f3rum a\u00f0greindum h\u00f3lfum \u00e1samt fimm opnum v\u00f6sum.\" \/>\n<meta name=\"robots\" content=\"index, follow, max-snippet:-1, max-image-preview:large, max-video-preview:-1\" \/>\n<link rel=\"canonical\" href=\"https:\/\/fodurlandid.is\/vara\/l_mr3101\/\" \/>\n<meta property=\"og:locale\" content=\"en_US\" \/>\n<meta property=\"og:type\" content=\"article\" \/>\n<meta property=\"og:title\" content=\"Switchstorage Multi I taskan er vatnsheld, slit\u00feolin me\u00f0 g\u00f3\u00f0u geymslur\u00fdmi\" \/>\n<meta property=\"og:description\" content=\"Switchstorage Multi I taskan er vatnsheld og slit\u00feolin og a\u00f0eins 180 gr\u00f6mm. Fr\u00e1b\u00e6r l\u00edtil taska me\u00f0 fj\u00f3rum a\u00f0greindum h\u00f3lfum \u00e1samt fimm opnum v\u00f6sum.\" \/>\n<meta property=\"og:url\" content=\"https:\/\/fodurlandid.is\/vara\/l_mr3101\/\" \/>\n<meta property=\"og:site_name\" content=\"F&ouml;&eth;urlandi&eth; heildsala\" \/>\n<meta property=\"article:modified_time\" content=\"2026-02-11T12:39:00+00:00\" \/>\n<meta property=\"og:image\" content=\"https:\/\/fodurlandid.is\/wp-content\/uploads\/2026\/02\/MR-3101-Mark-Ryden_-.jpg\" \/>\n\t<meta property=\"og:image:width\" content=\"600\" \/>\n\t<meta property=\"og:image:height\" content=\"600\" \/>\n\t<meta property=\"og:image:type\" content=\"image\/jpeg\" \/>\n<meta name=\"twitter:card\" content=\"summary_large_image\" \/>\n<meta name=\"twitter:label1\" content=\"Est. reading time\" \/>\n\t<meta name=\"twitter:data1\" content=\"1 minute\" \/>\n<script type=\"application\/ld+json\" class=\"yoast-schema-graph\">{\"@context\":\"https:\\\/\\\/schema.org\",\"@graph\":[{\"@type\":\"WebPage\",\"@id\":\"https:\\\/\\\/fodurlandid.is\\\/vara\\\/l_mr3101\\\/\",\"url\":\"https:\\\/\\\/fodurlandid.is\\\/vara\\\/l_mr3101\\\/\",\"name\":\"Switchstorage Multi I taska | Vatnsheld, slit\u00feolin & gott geymslur\u00fdmi\",\"isPartOf\":{\"@id\":\"https:\\\/\\\/fodurlandid.is\\\/#website\"},\"primaryImageOfPage\":{\"@id\":\"https:\\\/\\\/fodurlandid.is\\\/vara\\\/l_mr3101\\\/#primaryimage\"},\"image\":{\"@id\":\"https:\\\/\\\/fodurlandid.is\\\/vara\\\/l_mr3101\\\/#primaryimage\"},\"thumbnailUrl\":\"https:\\\/\\\/fodurlandid.is\\\/wp-content\\\/uploads\\\/2026\\\/02\\\/MR-3101-Mark-Ryden_-.jpg\",\"datePublished\":\"2026-02-11T12:30:19+00:00\",\"dateModified\":\"2026-02-11T12:39:00+00:00\",\"description\":\"Switchstorage Multi I taskan er vatnsheld og slit\u00feolin og a\u00f0eins 180 gr\u00f6mm. Fr\u00e1b\u00e6r l\u00edtil taska me\u00f0 fj\u00f3rum a\u00f0greindum h\u00f3lfum \u00e1samt fimm opnum v\u00f6sum.\",\"breadcrumb\":{\"@id\":\"https:\\\/\\\/fodurlandid.is\\\/vara\\\/l_mr3101\\\/#breadcrumb\"},\"inLanguage\":\"en-US\",\"potentialAction\":[{\"@type\":\"ReadAction\",\"target\":[\"https:\\\/\\\/fodurlandid.is\\\/vara\\\/l_mr3101\\\/\"]}]},{\"@type\":\"ImageObject\",\"inLanguage\":\"en-US\",\"@id\":\"https:\\\/\\\/fodurlandid.is\\\/vara\\\/l_mr3101\\\/#primaryimage\",\"url\":\"https:\\\/\\\/fodurlandid.is\\\/wp-content\\\/uploads\\\/2026\\\/02\\\/MR-3101-Mark-Ryden_-.jpg\",\"contentUrl\":\"https:\\\/\\\/fodurlandid.is\\\/wp-content\\\/uploads\\\/2026\\\/02\\\/MR-3101-Mark-Ryden_-.jpg\",\"width\":600,\"height\":600},{\"@type\":\"BreadcrumbList\",\"@id\":\"https:\\\/\\\/fodurlandid.is\\\/vara\\\/l_mr3101\\\/#breadcrumb\",\"itemListElement\":[{\"@type\":\"ListItem\",\"position\":1,\"name\":\"Home\",\"item\":\"https:\\\/\\\/fodurlandid.is\\\/\"},{\"@type\":\"ListItem\",\"position\":2,\"name\":\"Shop\",\"item\":\"https:\\\/\\\/www.vorulagerinn.is\\\/heildsala\\\/en\\\/shop\\\/\"},{\"@type\":\"ListItem\",\"position\":3,\"name\":\"Switchstorage Multi I taskan er vatnsheld, slit\u00feolin me\u00f0 g\u00f3\u00f0u geymslur\u00fdmi\"}]},{\"@type\":\"WebSite\",\"@id\":\"https:\\\/\\\/fodurlandid.is\\\/#website\",\"url\":\"https:\\\/\\\/fodurlandid.is\\\/\",\"name\":\"F\u00f6\u00f0urlandi\u00f0 ehf, heildsala\",\"description\":\"Innflutnings, umbo&eth;s- og dreifingara&eth;ili\",\"publisher\":{\"@id\":\"https:\\\/\\\/fodurlandid.is\\\/#organization\"},\"alternateName\":\"Innflutnings, umbo\u00f0s- og dreifingara\u00f0ili\",\"potentialAction\":[{\"@type\":\"SearchAction\",\"target\":{\"@type\":\"EntryPoint\",\"urlTemplate\":\"https:\\\/\\\/fodurlandid.is\\\/?s={search_term_string}\"},\"query-input\":{\"@type\":\"PropertyValueSpecification\",\"valueRequired\":true,\"valueName\":\"search_term_string\"}}],\"inLanguage\":\"en-US\"},{\"@type\":\"Organization\",\"@id\":\"https:\\\/\\\/fodurlandid.is\\\/#organization\",\"name\":\"Innflutnings, umbo\u00f0s- og dreifingara\u00f0ili\",\"url\":\"https:\\\/\\\/fodurlandid.is\\\/\",\"logo\":{\"@type\":\"ImageObject\",\"inLanguage\":\"en-US\",\"@id\":\"https:\\\/\\\/fodurlandid.is\\\/#\\\/schema\\\/logo\\\/image\\\/\",\"url\":\"https:\\\/\\\/fodurlandid.is\\\/wp-content\\\/uploads\\\/2024\\\/05\\\/Fodurlandid.png\",\"contentUrl\":\"https:\\\/\\\/fodurlandid.is\\\/wp-content\\\/uploads\\\/2024\\\/05\\\/Fodurlandid.png\",\"width\":400,\"height\":293,\"caption\":\"Innflutnings, umbo\u00f0s- og dreifingara\u00f0ili\"},\"image\":{\"@id\":\"https:\\\/\\\/fodurlandid.is\\\/#\\\/schema\\\/logo\\\/image\\\/\"}}]}<\/script>\n<!-- \/ Yoast SEO Premium plugin. -->","yoast_head_json":{"title":"Switchstorage Multi I taska | Vatnsheld, slit\u00feolin & gott geymslur\u00fdmi","description":"Switchstorage Multi I taskan er vatnsheld og slit\u00feolin og a\u00f0eins 180 gr\u00f6mm. Fr\u00e1b\u00e6r l\u00edtil taska me\u00f0 fj\u00f3rum a\u00f0greindum h\u00f3lfum \u00e1samt fimm opnum v\u00f6sum.","robots":{"index":"index","follow":"follow","max-snippet":"max-snippet:-1","max-image-preview":"max-image-preview:large","max-video-preview":"max-video-preview:-1"},"canonical":"https:\/\/fodurlandid.is\/vara\/l_mr3101\/","og_locale":"en_US","og_type":"article","og_title":"Switchstorage Multi I taskan er vatnsheld, slit\u00feolin me\u00f0 g\u00f3\u00f0u geymslur\u00fdmi","og_description":"Switchstorage Multi I taskan er vatnsheld og slit\u00feolin og a\u00f0eins 180 gr\u00f6mm. Fr\u00e1b\u00e6r l\u00edtil taska me\u00f0 fj\u00f3rum a\u00f0greindum h\u00f3lfum \u00e1samt fimm opnum v\u00f6sum.","og_url":"https:\/\/fodurlandid.is\/vara\/l_mr3101\/","og_site_name":"F&ouml;&eth;urlandi&eth; heildsala","article_modified_time":"2026-02-11T12:39:00+00:00","og_image":[{"width":600,"height":600,"url":"https:\/\/fodurlandid.is\/wp-content\/uploads\/2026\/02\/MR-3101-Mark-Ryden_-.jpg","type":"image\/jpeg"}],"twitter_card":"summary_large_image","twitter_misc":{"Est. reading time":"1 minute"},"schema":{"@context":"https:\/\/schema.org","@graph":[{"@type":"WebPage","@id":"https:\/\/fodurlandid.is\/vara\/l_mr3101\/","url":"https:\/\/fodurlandid.is\/vara\/l_mr3101\/","name":"Switchstorage Multi I taska | Vatnsheld, slit\u00feolin & gott geymslur\u00fdmi","isPartOf":{"@id":"https:\/\/fodurlandid.is\/#website"},"primaryImageOfPage":{"@id":"https:\/\/fodurlandid.is\/vara\/l_mr3101\/#primaryimage"},"image":{"@id":"https:\/\/fodurlandid.is\/vara\/l_mr3101\/#primaryimage"},"thumbnailUrl":"https:\/\/fodurlandid.is\/wp-content\/uploads\/2026\/02\/MR-3101-Mark-Ryden_-.jpg","datePublished":"2026-02-11T12:30:19+00:00","dateModified":"2026-02-11T12:39:00+00:00","description":"Switchstorage Multi I taskan er vatnsheld og slit\u00feolin og a\u00f0eins 180 gr\u00f6mm. Fr\u00e1b\u00e6r l\u00edtil taska me\u00f0 fj\u00f3rum a\u00f0greindum h\u00f3lfum \u00e1samt fimm opnum v\u00f6sum.","breadcrumb":{"@id":"https:\/\/fodurlandid.is\/vara\/l_mr3101\/#breadcrumb"},"inLanguage":"en-US","potentialAction":[{"@type":"ReadAction","target":["https:\/\/fodurlandid.is\/vara\/l_mr3101\/"]}]},{"@type":"ImageObject","inLanguage":"en-US","@id":"https:\/\/fodurlandid.is\/vara\/l_mr3101\/#primaryimage","url":"https:\/\/fodurlandid.is\/wp-content\/uploads\/2026\/02\/MR-3101-Mark-Ryden_-.jpg","contentUrl":"https:\/\/fodurlandid.is\/wp-content\/uploads\/2026\/02\/MR-3101-Mark-Ryden_-.jpg","width":600,"height":600},{"@type":"BreadcrumbList","@id":"https:\/\/fodurlandid.is\/vara\/l_mr3101\/#breadcrumb","itemListElement":[{"@type":"ListItem","position":1,"name":"Home","item":"https:\/\/fodurlandid.is\/"},{"@type":"ListItem","position":2,"name":"Shop","item":"https:\/\/www.vorulagerinn.is\/heildsala\/en\/shop\/"},{"@type":"ListItem","position":3,"name":"Switchstorage Multi I taskan er vatnsheld, slit\u00feolin me\u00f0 g\u00f3\u00f0u geymslur\u00fdmi"}]},{"@type":"WebSite","@id":"https:\/\/fodurlandid.is\/#website","url":"https:\/\/fodurlandid.is\/","name":"F\u00f6\u00f0urlandi\u00f0 ehf, heildsala","description":"Innflutnings, umbo&eth;s- og dreifingara&eth;ili","publisher":{"@id":"https:\/\/fodurlandid.is\/#organization"},"alternateName":"Innflutnings, umbo\u00f0s- og dreifingara\u00f0ili","potentialAction":[{"@type":"SearchAction","target":{"@type":"EntryPoint","urlTemplate":"https:\/\/fodurlandid.is\/?s={search_term_string}"},"query-input":{"@type":"PropertyValueSpecification","valueRequired":true,"valueName":"search_term_string"}}],"inLanguage":"en-US"},{"@type":"Organization","@id":"https:\/\/fodurlandid.is\/#organization","name":"Innflutnings, umbo\u00f0s- og dreifingara\u00f0ili","url":"https:\/\/fodurlandid.is\/","logo":{"@type":"ImageObject","inLanguage":"en-US","@id":"https:\/\/fodurlandid.is\/#\/schema\/logo\/image\/","url":"https:\/\/fodurlandid.is\/wp-content\/uploads\/2024\/05\/Fodurlandid.png","contentUrl":"https:\/\/fodurlandid.is\/wp-content\/uploads\/2024\/05\/Fodurlandid.png","width":400,"height":293,"caption":"Innflutnings, umbo\u00f0s- og dreifingara\u00f0ili"},"image":{"@id":"https:\/\/fodurlandid.is\/#\/schema\/logo\/image\/"}}]}},"_links":{"self":[{"href":"https:\/\/fodurlandid.is\/en\/wp-json\/wp\/v2\/product\/25858","targetHints":{"allow":["GET"]}}],"collection":[{"href":"https:\/\/fodurlandid.is\/en\/wp-json\/wp\/v2\/product"}],"about":[{"href":"https:\/\/fodurlandid.is\/en\/wp-json\/wp\/v2\/types\/product"}],"wp:featuredmedia":[{"embeddable":true,"href":"https:\/\/fodurlandid.is\/en\/wp-json\/wp\/v2\/media\/25878"}],"wp:attachment":[{"href":"https:\/\/fodurlandid.is\/en\/wp-json\/wp\/v2\/media?parent=25858"}],"wp:term":[{"taxonomy":"product_brand","embeddable":true,"href":"https:\/\/fodurlandid.is\/en\/wp-json\/wp\/v2\/product_brand?post=25858"},{"taxonomy":"product_cat","embeddable":true,"href":"https:\/\/fodurlandid.is\/en\/wp-json\/wp\/v2\/product_cat?post=25858"},{"taxonomy":"product_tag","embeddable":true,"href":"https:\/\/fodurlandid.is\/en\/wp-json\/wp\/v2\/product_tag?post=25858"}],"curies":[{"name":"wp","href":"https:\/\/api.w.org\/{rel}","templated":true}]}}