{"id":25771,"date":"2025-11-13T12:56:41","date_gmt":"2025-11-13T12:56:41","guid":{"rendered":"https:\/\/fodurlandid.is\/?post_type=product&#038;p=25771"},"modified":"2025-12-13T12:59:43","modified_gmt":"2025-12-13T12:59:43","slug":"jr-17sj01","status":"publish","type":"product","link":"https:\/\/fodurlandid.is\/en\/product\/jr-17sj01\/","title":{"rendered":"S\u00edmahulstur gl\u00e6rt fyrir iPhone 17"},"content":{"rendered":"","protected":false},"excerpt":{"rendered":"<p>Hulstri\u00f0 er gl\u00e6rt og veitir v\u00f6rn gegn hnjaski, ripsum og h\u00f6ggum. Sv\u00e6\u00f0i\u00f0 \u00ed kringum myndav\u00e9larnar a\u00f0 aftan eru h\u00e6kka\u00f0ar til a\u00f0 veita enn meiri v\u00f6rn auk \u00feess er h\u00f6ggv\u00f6rn \u00e1 \u00f6llum fj\u00f6rum hornum s\u00edmahulstursins.<\/p>\n<p>Gl\u00e6silegt iPhone 17 s\u00edmahulstur sem veitir v\u00f6rn fyrir m\u00f6gulegu hnjaski og g\u00e6ti spara\u00f0 \u00fe\u00e9r d\u00fdran vi\u00f0ger\u00f0arkostna\u00f0.<\/p>\n<p>\u2013 Litur: Gl\u00e6rt<br \/>\n\u2013 Efni: H\u00f6gg\u00feoli\u00f0 TPU og PC<br \/>\n\u2013 Hulstur fyrir: iPhone 17<\/p>\n","protected":false},"featured_media":25772,"template":"","meta":[],"product_brand":[390],"product_cat":[438],"product_tag":[],"class_list":{"0":"post-25771","1":"product","2":"type-product","3":"status-publish","4":"has-post-thumbnail","6":"product_brand-joyroom","7":"product_cat-simahulstur","9":"first","10":"instock","11":"taxable","12":"shipping-taxable","13":"product-type-simple"},"yoast_head":"<!-- This site is optimized with the Yoast SEO Premium plugin v21.5 (Yoast SEO v27.3) - https:\/\/yoast.com\/product\/yoast-seo-premium-wordpress\/ -->\n<title>S\u00edmahulstur fyrir iPhone 17 | Gl\u00e6rt og h\u00f6gg\u00feoli\u00f0<\/title>\n<meta name=\"description\" content=\"Hulstri\u00f0 veitir v\u00f6rn gegn hnjaski, ripsum og h\u00f6ggum. Sv\u00e6\u00f0i\u00f0 \u00ed kringum myndav\u00e9larnar a\u00f0 aftan eru h\u00e6kka\u00f0ar til a\u00f0 veita meiri v\u00f6rn. H\u00f6ggv\u00f6rn \u00e1 \u00f6llum hli\u00f0um.\" \/>\n<meta name=\"robots\" content=\"index, follow, max-snippet:-1, max-image-preview:large, max-video-preview:-1\" \/>\n<link rel=\"canonical\" href=\"https:\/\/fodurlandid.is\/vara\/jr-17sj01\/\" \/>\n<meta property=\"og:locale\" content=\"en_US\" \/>\n<meta property=\"og:type\" content=\"article\" \/>\n<meta property=\"og:title\" content=\"S\u00edmahulstur gl\u00e6rt fyrir iPhone 17\" \/>\n<meta property=\"og:description\" content=\"Hulstri\u00f0 veitir v\u00f6rn gegn hnjaski, ripsum og h\u00f6ggum. Sv\u00e6\u00f0i\u00f0 \u00ed kringum myndav\u00e9larnar a\u00f0 aftan eru h\u00e6kka\u00f0ar til a\u00f0 veita meiri v\u00f6rn. H\u00f6ggv\u00f6rn \u00e1 \u00f6llum hli\u00f0um.\" \/>\n<meta property=\"og:url\" content=\"https:\/\/fodurlandid.is\/vara\/jr-17sj01\/\" \/>\n<meta property=\"og:site_name\" content=\"F&ouml;&eth;urlandi&eth; heildsala\" \/>\n<meta property=\"article:modified_time\" content=\"2025-12-13T12:59:43+00:00\" \/>\n<meta property=\"og:image\" content=\"https:\/\/fodurlandid.is\/wp-content\/uploads\/2025\/12\/JR-17SJ01_.jpg\" \/>\n\t<meta property=\"og:image:width\" content=\"600\" \/>\n\t<meta property=\"og:image:height\" content=\"600\" \/>\n\t<meta property=\"og:image:type\" content=\"image\/jpeg\" \/>\n<meta name=\"twitter:card\" content=\"summary_large_image\" \/>\n<meta name=\"twitter:label1\" content=\"Est. reading time\" \/>\n\t<meta name=\"twitter:data1\" content=\"1 minute\" \/>\n<script type=\"application\/ld+json\" class=\"yoast-schema-graph\">{\"@context\":\"https:\\\/\\\/schema.org\",\"@graph\":[{\"@type\":\"WebPage\",\"@id\":\"https:\\\/\\\/fodurlandid.is\\\/vara\\\/jr-17sj01\\\/\",\"url\":\"https:\\\/\\\/fodurlandid.is\\\/vara\\\/jr-17sj01\\\/\",\"name\":\"S\u00edmahulstur fyrir iPhone 17 | Gl\u00e6rt og h\u00f6gg\u00feoli\u00f0\",\"isPartOf\":{\"@id\":\"https:\\\/\\\/fodurlandid.is\\\/#website\"},\"primaryImageOfPage\":{\"@id\":\"https:\\\/\\\/fodurlandid.is\\\/vara\\\/jr-17sj01\\\/#primaryimage\"},\"image\":{\"@id\":\"https:\\\/\\\/fodurlandid.is\\\/vara\\\/jr-17sj01\\\/#primaryimage\"},\"thumbnailUrl\":\"https:\\\/\\\/fodurlandid.is\\\/wp-content\\\/uploads\\\/2025\\\/12\\\/JR-17SJ01_.jpg\",\"datePublished\":\"2025-11-13T12:56:41+00:00\",\"dateModified\":\"2025-12-13T12:59:43+00:00\",\"description\":\"Hulstri\u00f0 veitir v\u00f6rn gegn hnjaski, ripsum og h\u00f6ggum. Sv\u00e6\u00f0i\u00f0 \u00ed kringum myndav\u00e9larnar a\u00f0 aftan eru h\u00e6kka\u00f0ar til a\u00f0 veita meiri v\u00f6rn. H\u00f6ggv\u00f6rn \u00e1 \u00f6llum hli\u00f0um.\",\"breadcrumb\":{\"@id\":\"https:\\\/\\\/fodurlandid.is\\\/vara\\\/jr-17sj01\\\/#breadcrumb\"},\"inLanguage\":\"en-US\",\"potentialAction\":[{\"@type\":\"ReadAction\",\"target\":[\"https:\\\/\\\/fodurlandid.is\\\/vara\\\/jr-17sj01\\\/\"]}]},{\"@type\":\"ImageObject\",\"inLanguage\":\"en-US\",\"@id\":\"https:\\\/\\\/fodurlandid.is\\\/vara\\\/jr-17sj01\\\/#primaryimage\",\"url\":\"https:\\\/\\\/fodurlandid.is\\\/wp-content\\\/uploads\\\/2025\\\/12\\\/JR-17SJ01_.jpg\",\"contentUrl\":\"https:\\\/\\\/fodurlandid.is\\\/wp-content\\\/uploads\\\/2025\\\/12\\\/JR-17SJ01_.jpg\",\"width\":600,\"height\":600},{\"@type\":\"BreadcrumbList\",\"@id\":\"https:\\\/\\\/fodurlandid.is\\\/vara\\\/jr-17sj01\\\/#breadcrumb\",\"itemListElement\":[{\"@type\":\"ListItem\",\"position\":1,\"name\":\"Home\",\"item\":\"https:\\\/\\\/fodurlandid.is\\\/\"},{\"@type\":\"ListItem\",\"position\":2,\"name\":\"Shop\",\"item\":\"https:\\\/\\\/www.vorulagerinn.is\\\/heildsala\\\/en\\\/shop\\\/\"},{\"@type\":\"ListItem\",\"position\":3,\"name\":\"S\u00edmahulstur gl\u00e6rt fyrir iPhone 17\"}]},{\"@type\":\"WebSite\",\"@id\":\"https:\\\/\\\/fodurlandid.is\\\/#website\",\"url\":\"https:\\\/\\\/fodurlandid.is\\\/\",\"name\":\"F\u00f6\u00f0urlandi\u00f0 ehf, heildsala\",\"description\":\"Innflutnings, umbo&eth;s- og dreifingara&eth;ili\",\"publisher\":{\"@id\":\"https:\\\/\\\/fodurlandid.is\\\/#organization\"},\"alternateName\":\"Innflutnings, umbo\u00f0s- og dreifingara\u00f0ili\",\"potentialAction\":[{\"@type\":\"SearchAction\",\"target\":{\"@type\":\"EntryPoint\",\"urlTemplate\":\"https:\\\/\\\/fodurlandid.is\\\/?s={search_term_string}\"},\"query-input\":{\"@type\":\"PropertyValueSpecification\",\"valueRequired\":true,\"valueName\":\"search_term_string\"}}],\"inLanguage\":\"en-US\"},{\"@type\":\"Organization\",\"@id\":\"https:\\\/\\\/fodurlandid.is\\\/#organization\",\"name\":\"Innflutnings, umbo\u00f0s- og dreifingara\u00f0ili\",\"url\":\"https:\\\/\\\/fodurlandid.is\\\/\",\"logo\":{\"@type\":\"ImageObject\",\"inLanguage\":\"en-US\",\"@id\":\"https:\\\/\\\/fodurlandid.is\\\/#\\\/schema\\\/logo\\\/image\\\/\",\"url\":\"https:\\\/\\\/fodurlandid.is\\\/wp-content\\\/uploads\\\/2024\\\/05\\\/Fodurlandid.png\",\"contentUrl\":\"https:\\\/\\\/fodurlandid.is\\\/wp-content\\\/uploads\\\/2024\\\/05\\\/Fodurlandid.png\",\"width\":400,\"height\":293,\"caption\":\"Innflutnings, umbo\u00f0s- og dreifingara\u00f0ili\"},\"image\":{\"@id\":\"https:\\\/\\\/fodurlandid.is\\\/#\\\/schema\\\/logo\\\/image\\\/\"}}]}<\/script>\n<!-- \/ Yoast SEO Premium plugin. -->","yoast_head_json":{"title":"S\u00edmahulstur fyrir iPhone 17 | Gl\u00e6rt og h\u00f6gg\u00feoli\u00f0","description":"Hulstri\u00f0 veitir v\u00f6rn gegn hnjaski, ripsum og h\u00f6ggum. Sv\u00e6\u00f0i\u00f0 \u00ed kringum myndav\u00e9larnar a\u00f0 aftan eru h\u00e6kka\u00f0ar til a\u00f0 veita meiri v\u00f6rn. H\u00f6ggv\u00f6rn \u00e1 \u00f6llum hli\u00f0um.","robots":{"index":"index","follow":"follow","max-snippet":"max-snippet:-1","max-image-preview":"max-image-preview:large","max-video-preview":"max-video-preview:-1"},"canonical":"https:\/\/fodurlandid.is\/vara\/jr-17sj01\/","og_locale":"en_US","og_type":"article","og_title":"S\u00edmahulstur gl\u00e6rt fyrir iPhone 17","og_description":"Hulstri\u00f0 veitir v\u00f6rn gegn hnjaski, ripsum og h\u00f6ggum. Sv\u00e6\u00f0i\u00f0 \u00ed kringum myndav\u00e9larnar a\u00f0 aftan eru h\u00e6kka\u00f0ar til a\u00f0 veita meiri v\u00f6rn. H\u00f6ggv\u00f6rn \u00e1 \u00f6llum hli\u00f0um.","og_url":"https:\/\/fodurlandid.is\/vara\/jr-17sj01\/","og_site_name":"F&ouml;&eth;urlandi&eth; heildsala","article_modified_time":"2025-12-13T12:59:43+00:00","og_image":[{"width":600,"height":600,"url":"https:\/\/fodurlandid.is\/wp-content\/uploads\/2025\/12\/JR-17SJ01_.jpg","type":"image\/jpeg"}],"twitter_card":"summary_large_image","twitter_misc":{"Est. reading time":"1 minute"},"schema":{"@context":"https:\/\/schema.org","@graph":[{"@type":"WebPage","@id":"https:\/\/fodurlandid.is\/vara\/jr-17sj01\/","url":"https:\/\/fodurlandid.is\/vara\/jr-17sj01\/","name":"S\u00edmahulstur fyrir iPhone 17 | Gl\u00e6rt og h\u00f6gg\u00feoli\u00f0","isPartOf":{"@id":"https:\/\/fodurlandid.is\/#website"},"primaryImageOfPage":{"@id":"https:\/\/fodurlandid.is\/vara\/jr-17sj01\/#primaryimage"},"image":{"@id":"https:\/\/fodurlandid.is\/vara\/jr-17sj01\/#primaryimage"},"thumbnailUrl":"https:\/\/fodurlandid.is\/wp-content\/uploads\/2025\/12\/JR-17SJ01_.jpg","datePublished":"2025-11-13T12:56:41+00:00","dateModified":"2025-12-13T12:59:43+00:00","description":"Hulstri\u00f0 veitir v\u00f6rn gegn hnjaski, ripsum og h\u00f6ggum. Sv\u00e6\u00f0i\u00f0 \u00ed kringum myndav\u00e9larnar a\u00f0 aftan eru h\u00e6kka\u00f0ar til a\u00f0 veita meiri v\u00f6rn. H\u00f6ggv\u00f6rn \u00e1 \u00f6llum hli\u00f0um.","breadcrumb":{"@id":"https:\/\/fodurlandid.is\/vara\/jr-17sj01\/#breadcrumb"},"inLanguage":"en-US","potentialAction":[{"@type":"ReadAction","target":["https:\/\/fodurlandid.is\/vara\/jr-17sj01\/"]}]},{"@type":"ImageObject","inLanguage":"en-US","@id":"https:\/\/fodurlandid.is\/vara\/jr-17sj01\/#primaryimage","url":"https:\/\/fodurlandid.is\/wp-content\/uploads\/2025\/12\/JR-17SJ01_.jpg","contentUrl":"https:\/\/fodurlandid.is\/wp-content\/uploads\/2025\/12\/JR-17SJ01_.jpg","width":600,"height":600},{"@type":"BreadcrumbList","@id":"https:\/\/fodurlandid.is\/vara\/jr-17sj01\/#breadcrumb","itemListElement":[{"@type":"ListItem","position":1,"name":"Home","item":"https:\/\/fodurlandid.is\/"},{"@type":"ListItem","position":2,"name":"Shop","item":"https:\/\/www.vorulagerinn.is\/heildsala\/en\/shop\/"},{"@type":"ListItem","position":3,"name":"S\u00edmahulstur gl\u00e6rt fyrir iPhone 17"}]},{"@type":"WebSite","@id":"https:\/\/fodurlandid.is\/#website","url":"https:\/\/fodurlandid.is\/","name":"F\u00f6\u00f0urlandi\u00f0 ehf, heildsala","description":"Innflutnings, umbo&eth;s- og dreifingara&eth;ili","publisher":{"@id":"https:\/\/fodurlandid.is\/#organization"},"alternateName":"Innflutnings, umbo\u00f0s- og dreifingara\u00f0ili","potentialAction":[{"@type":"SearchAction","target":{"@type":"EntryPoint","urlTemplate":"https:\/\/fodurlandid.is\/?s={search_term_string}"},"query-input":{"@type":"PropertyValueSpecification","valueRequired":true,"valueName":"search_term_string"}}],"inLanguage":"en-US"},{"@type":"Organization","@id":"https:\/\/fodurlandid.is\/#organization","name":"Innflutnings, umbo\u00f0s- og dreifingara\u00f0ili","url":"https:\/\/fodurlandid.is\/","logo":{"@type":"ImageObject","inLanguage":"en-US","@id":"https:\/\/fodurlandid.is\/#\/schema\/logo\/image\/","url":"https:\/\/fodurlandid.is\/wp-content\/uploads\/2024\/05\/Fodurlandid.png","contentUrl":"https:\/\/fodurlandid.is\/wp-content\/uploads\/2024\/05\/Fodurlandid.png","width":400,"height":293,"caption":"Innflutnings, umbo\u00f0s- og dreifingara\u00f0ili"},"image":{"@id":"https:\/\/fodurlandid.is\/#\/schema\/logo\/image\/"}}]}},"_links":{"self":[{"href":"https:\/\/fodurlandid.is\/en\/wp-json\/wp\/v2\/product\/25771","targetHints":{"allow":["GET"]}}],"collection":[{"href":"https:\/\/fodurlandid.is\/en\/wp-json\/wp\/v2\/product"}],"about":[{"href":"https:\/\/fodurlandid.is\/en\/wp-json\/wp\/v2\/types\/product"}],"wp:featuredmedia":[{"embeddable":true,"href":"https:\/\/fodurlandid.is\/en\/wp-json\/wp\/v2\/media\/25772"}],"wp:attachment":[{"href":"https:\/\/fodurlandid.is\/en\/wp-json\/wp\/v2\/media?parent=25771"}],"wp:term":[{"taxonomy":"product_brand","embeddable":true,"href":"https:\/\/fodurlandid.is\/en\/wp-json\/wp\/v2\/product_brand?post=25771"},{"taxonomy":"product_cat","embeddable":true,"href":"https:\/\/fodurlandid.is\/en\/wp-json\/wp\/v2\/product_cat?post=25771"},{"taxonomy":"product_tag","embeddable":true,"href":"https:\/\/fodurlandid.is\/en\/wp-json\/wp\/v2\/product_tag?post=25771"}],"curies":[{"name":"wp","href":"https:\/\/api.w.org\/{rel}","templated":true}]}}