{"id":25751,"date":"2025-12-13T12:02:34","date_gmt":"2025-12-13T12:02:34","guid":{"rendered":"https:\/\/fodurlandid.is\/?post_type=product&#038;p=25751"},"modified":"2026-02-10T16:02:36","modified_gmt":"2026-02-10T16:02:36","slug":"jr-w23","status":"publish","type":"product","link":"https:\/\/fodurlandid.is\/en\/product\/jr-w23\/","title":{"rendered":"4-\u00cd-1 \u00fer\u00e1\u00f0laus Qi2 hra\u00f0hle\u00f0slust\u00f6\u00f0 me\u00f0 lj\u00f3si fyrir iPhone, Apple Watch og AirPods"},"content":{"rendered":"","protected":false},"excerpt":{"rendered":"<p>St\u00edlhreinn og gl\u00e6silegur 4-\u00cd-1 \u00fer\u00e1\u00f0laus 15W hle\u00f0slutandur sem gerir \u00fe\u00e9r kleift a\u00f0 hla\u00f0a iPhone, Apple Watch og AirPods samt\u00edmis. Hle\u00f0slustandurinn er me\u00f0 n\u00fdjustu Qi2 t\u00e6kni sem gerir hle\u00f0sluna hra\u00f0ari, st\u00f6\u00f0ugri og \u00f6ruggari. MagSafe samh\u00e6fni fyrir iPhone 12\/13\/14\/15\/16\/17. Lj\u00f3si\u00f0 er me\u00f0 tveimur mismunandi birtu stillingum. \u00dea\u00f0 er h\u00e6gt a\u00f0 hreyfa MagSafe festinguna fyrir iPhone \u00ed 45 gr\u00e1\u00f0ur. \u00de\u00fa getur \u00fev\u00ed a\u00f0laga\u00f0 s\u00edmann a\u00f0 \u00fe\u00e9r og nota\u00f0 hann \u00ed mynds\u00edmt\u00f6l e\u00f0a horft t.d. \u00e1 Youtube, Netflix \u00e1 me\u00f0an s\u00edminn er \u00ed hle\u00f0slu.<\/p>\n<p>Fallegur hle\u00f0slustandur sem fer vel \u00ed \u00f6llum r\u00fdmum.<\/p>\n<p>&#8211; Litur: Hv\u00edtur<br \/>\n&#8211; \u00deyngd: 340g<br \/>\n&#8211; Efni: ABS + PC<br \/>\n&#8211; Inn: 9V-3A<br \/>\n&#8211; Phone Output: 15W (Max)<br \/>\n&#8211; Earbuds Output: 5W (Max)<br \/>\n&#8211; Watch Output: 3W (Max)<br \/>\n&#8211; USB-C \u00ed USB-C hle\u00f0slun\u00fara fylgir me\u00f0<br \/>\n&#8211; Vottanir CE, ROHS &amp; FCC<\/p>\n","protected":false},"featured_media":25752,"template":"","meta":[],"product_brand":[390],"product_cat":[410],"product_tag":[],"class_list":{"0":"post-25751","1":"product","2":"type-product","3":"status-publish","4":"has-post-thumbnail","6":"product_brand-joyroom","7":"product_cat-hledslustandar","9":"first","10":"instock","11":"taxable","12":"shipping-taxable","13":"product-type-simple"},"yoast_head":"<!-- This site is optimized with the Yoast SEO Premium plugin v21.5 (Yoast SEO v27.3) - https:\/\/yoast.com\/product\/yoast-seo-premium-wordpress\/ -->\n<title>4-\u00cd-1 \u00fer\u00e1\u00f0laus Qi2 hra\u00f0hle\u00f0slust\u00f6\u00f0 me\u00f0 lj\u00f3si fyrir Apple v\u00f6rur<\/title>\n<meta name=\"description\" content=\"St\u00edlhreinn &amp; gl\u00e6silegur 4-\u00cd-1 \u00fer\u00e1\u00f0laus 15W hle\u00f0slutandur sem gerir \u00fe\u00e9r kleift a\u00f0 hla\u00f0a iPhone, Apple Watch og AirPods samt\u00edmis. Qi2 t\u00e6kni &amp; MagSafe samh\u00e6fni\" \/>\n<meta name=\"robots\" content=\"index, follow, max-snippet:-1, max-image-preview:large, max-video-preview:-1\" \/>\n<link rel=\"canonical\" href=\"https:\/\/fodurlandid.is\/vara\/jr-w23\/\" \/>\n<meta property=\"og:locale\" content=\"en_US\" \/>\n<meta property=\"og:type\" content=\"article\" \/>\n<meta property=\"og:title\" content=\"4-\u00cd-1 \u00fer\u00e1\u00f0laus Qi2 hra\u00f0hle\u00f0slust\u00f6\u00f0 me\u00f0 lj\u00f3si fyrir iPhone, Apple Watch og AirPods\" \/>\n<meta property=\"og:description\" content=\"St\u00edlhreinn &amp; gl\u00e6silegur 4-\u00cd-1 \u00fer\u00e1\u00f0laus 15W hle\u00f0slutandur sem gerir \u00fe\u00e9r kleift a\u00f0 hla\u00f0a iPhone, Apple Watch og AirPods samt\u00edmis. Qi2 t\u00e6kni &amp; MagSafe samh\u00e6fni\" \/>\n<meta property=\"og:url\" content=\"https:\/\/fodurlandid.is\/vara\/jr-w23\/\" \/>\n<meta property=\"og:site_name\" content=\"F&ouml;&eth;urlandi&eth; heildsala\" \/>\n<meta property=\"article:modified_time\" content=\"2026-02-10T16:02:36+00:00\" \/>\n<meta property=\"og:image\" content=\"https:\/\/fodurlandid.is\/wp-content\/uploads\/2025\/12\/JR-W23_.jpg\" \/>\n\t<meta property=\"og:image:width\" content=\"600\" \/>\n\t<meta property=\"og:image:height\" content=\"600\" \/>\n\t<meta property=\"og:image:type\" content=\"image\/jpeg\" \/>\n<meta name=\"twitter:card\" content=\"summary_large_image\" \/>\n<meta name=\"twitter:label1\" content=\"Est. reading time\" \/>\n\t<meta name=\"twitter:data1\" content=\"1 minute\" \/>\n<script type=\"application\/ld+json\" class=\"yoast-schema-graph\">{\"@context\":\"https:\\\/\\\/schema.org\",\"@graph\":[{\"@type\":\"WebPage\",\"@id\":\"https:\\\/\\\/fodurlandid.is\\\/vara\\\/jr-w23\\\/\",\"url\":\"https:\\\/\\\/fodurlandid.is\\\/vara\\\/jr-w23\\\/\",\"name\":\"4-\u00cd-1 \u00fer\u00e1\u00f0laus Qi2 hra\u00f0hle\u00f0slust\u00f6\u00f0 me\u00f0 lj\u00f3si fyrir Apple v\u00f6rur\",\"isPartOf\":{\"@id\":\"https:\\\/\\\/fodurlandid.is\\\/#website\"},\"primaryImageOfPage\":{\"@id\":\"https:\\\/\\\/fodurlandid.is\\\/vara\\\/jr-w23\\\/#primaryimage\"},\"image\":{\"@id\":\"https:\\\/\\\/fodurlandid.is\\\/vara\\\/jr-w23\\\/#primaryimage\"},\"thumbnailUrl\":\"https:\\\/\\\/fodurlandid.is\\\/wp-content\\\/uploads\\\/2025\\\/12\\\/JR-W23_.jpg\",\"datePublished\":\"2025-12-13T12:02:34+00:00\",\"dateModified\":\"2026-02-10T16:02:36+00:00\",\"description\":\"St\u00edlhreinn & gl\u00e6silegur 4-\u00cd-1 \u00fer\u00e1\u00f0laus 15W hle\u00f0slutandur sem gerir \u00fe\u00e9r kleift a\u00f0 hla\u00f0a iPhone, Apple Watch og AirPods samt\u00edmis. Qi2 t\u00e6kni & MagSafe samh\u00e6fni\",\"breadcrumb\":{\"@id\":\"https:\\\/\\\/fodurlandid.is\\\/vara\\\/jr-w23\\\/#breadcrumb\"},\"inLanguage\":\"en-US\",\"potentialAction\":[{\"@type\":\"ReadAction\",\"target\":[\"https:\\\/\\\/fodurlandid.is\\\/vara\\\/jr-w23\\\/\"]}]},{\"@type\":\"ImageObject\",\"inLanguage\":\"en-US\",\"@id\":\"https:\\\/\\\/fodurlandid.is\\\/vara\\\/jr-w23\\\/#primaryimage\",\"url\":\"https:\\\/\\\/fodurlandid.is\\\/wp-content\\\/uploads\\\/2025\\\/12\\\/JR-W23_.jpg\",\"contentUrl\":\"https:\\\/\\\/fodurlandid.is\\\/wp-content\\\/uploads\\\/2025\\\/12\\\/JR-W23_.jpg\",\"width\":600,\"height\":600},{\"@type\":\"BreadcrumbList\",\"@id\":\"https:\\\/\\\/fodurlandid.is\\\/vara\\\/jr-w23\\\/#breadcrumb\",\"itemListElement\":[{\"@type\":\"ListItem\",\"position\":1,\"name\":\"Home\",\"item\":\"https:\\\/\\\/fodurlandid.is\\\/\"},{\"@type\":\"ListItem\",\"position\":2,\"name\":\"Shop\",\"item\":\"https:\\\/\\\/www.vorulagerinn.is\\\/heildsala\\\/en\\\/shop\\\/\"},{\"@type\":\"ListItem\",\"position\":3,\"name\":\"4-\u00cd-1 \u00fer\u00e1\u00f0laus Qi2 hra\u00f0hle\u00f0slust\u00f6\u00f0 me\u00f0 lj\u00f3si fyrir iPhone, Apple Watch og AirPods\"}]},{\"@type\":\"WebSite\",\"@id\":\"https:\\\/\\\/fodurlandid.is\\\/#website\",\"url\":\"https:\\\/\\\/fodurlandid.is\\\/\",\"name\":\"F\u00f6\u00f0urlandi\u00f0 ehf, heildsala\",\"description\":\"Innflutnings, umbo&eth;s- og dreifingara&eth;ili\",\"publisher\":{\"@id\":\"https:\\\/\\\/fodurlandid.is\\\/#organization\"},\"alternateName\":\"Innflutnings, umbo\u00f0s- og dreifingara\u00f0ili\",\"potentialAction\":[{\"@type\":\"SearchAction\",\"target\":{\"@type\":\"EntryPoint\",\"urlTemplate\":\"https:\\\/\\\/fodurlandid.is\\\/?s={search_term_string}\"},\"query-input\":{\"@type\":\"PropertyValueSpecification\",\"valueRequired\":true,\"valueName\":\"search_term_string\"}}],\"inLanguage\":\"en-US\"},{\"@type\":\"Organization\",\"@id\":\"https:\\\/\\\/fodurlandid.is\\\/#organization\",\"name\":\"Innflutnings, umbo\u00f0s- og dreifingara\u00f0ili\",\"url\":\"https:\\\/\\\/fodurlandid.is\\\/\",\"logo\":{\"@type\":\"ImageObject\",\"inLanguage\":\"en-US\",\"@id\":\"https:\\\/\\\/fodurlandid.is\\\/#\\\/schema\\\/logo\\\/image\\\/\",\"url\":\"https:\\\/\\\/fodurlandid.is\\\/wp-content\\\/uploads\\\/2024\\\/05\\\/Fodurlandid.png\",\"contentUrl\":\"https:\\\/\\\/fodurlandid.is\\\/wp-content\\\/uploads\\\/2024\\\/05\\\/Fodurlandid.png\",\"width\":400,\"height\":293,\"caption\":\"Innflutnings, umbo\u00f0s- og dreifingara\u00f0ili\"},\"image\":{\"@id\":\"https:\\\/\\\/fodurlandid.is\\\/#\\\/schema\\\/logo\\\/image\\\/\"}}]}<\/script>\n<!-- \/ Yoast SEO Premium plugin. -->","yoast_head_json":{"title":"4-\u00cd-1 \u00fer\u00e1\u00f0laus Qi2 hra\u00f0hle\u00f0slust\u00f6\u00f0 me\u00f0 lj\u00f3si fyrir Apple v\u00f6rur","description":"St\u00edlhreinn & gl\u00e6silegur 4-\u00cd-1 \u00fer\u00e1\u00f0laus 15W hle\u00f0slutandur sem gerir \u00fe\u00e9r kleift a\u00f0 hla\u00f0a iPhone, Apple Watch og AirPods samt\u00edmis. Qi2 t\u00e6kni & MagSafe samh\u00e6fni","robots":{"index":"index","follow":"follow","max-snippet":"max-snippet:-1","max-image-preview":"max-image-preview:large","max-video-preview":"max-video-preview:-1"},"canonical":"https:\/\/fodurlandid.is\/vara\/jr-w23\/","og_locale":"en_US","og_type":"article","og_title":"4-\u00cd-1 \u00fer\u00e1\u00f0laus Qi2 hra\u00f0hle\u00f0slust\u00f6\u00f0 me\u00f0 lj\u00f3si fyrir iPhone, Apple Watch og AirPods","og_description":"St\u00edlhreinn & gl\u00e6silegur 4-\u00cd-1 \u00fer\u00e1\u00f0laus 15W hle\u00f0slutandur sem gerir \u00fe\u00e9r kleift a\u00f0 hla\u00f0a iPhone, Apple Watch og AirPods samt\u00edmis. Qi2 t\u00e6kni & MagSafe samh\u00e6fni","og_url":"https:\/\/fodurlandid.is\/vara\/jr-w23\/","og_site_name":"F&ouml;&eth;urlandi&eth; heildsala","article_modified_time":"2026-02-10T16:02:36+00:00","og_image":[{"width":600,"height":600,"url":"https:\/\/fodurlandid.is\/wp-content\/uploads\/2025\/12\/JR-W23_.jpg","type":"image\/jpeg"}],"twitter_card":"summary_large_image","twitter_misc":{"Est. reading time":"1 minute"},"schema":{"@context":"https:\/\/schema.org","@graph":[{"@type":"WebPage","@id":"https:\/\/fodurlandid.is\/vara\/jr-w23\/","url":"https:\/\/fodurlandid.is\/vara\/jr-w23\/","name":"4-\u00cd-1 \u00fer\u00e1\u00f0laus Qi2 hra\u00f0hle\u00f0slust\u00f6\u00f0 me\u00f0 lj\u00f3si fyrir Apple v\u00f6rur","isPartOf":{"@id":"https:\/\/fodurlandid.is\/#website"},"primaryImageOfPage":{"@id":"https:\/\/fodurlandid.is\/vara\/jr-w23\/#primaryimage"},"image":{"@id":"https:\/\/fodurlandid.is\/vara\/jr-w23\/#primaryimage"},"thumbnailUrl":"https:\/\/fodurlandid.is\/wp-content\/uploads\/2025\/12\/JR-W23_.jpg","datePublished":"2025-12-13T12:02:34+00:00","dateModified":"2026-02-10T16:02:36+00:00","description":"St\u00edlhreinn & gl\u00e6silegur 4-\u00cd-1 \u00fer\u00e1\u00f0laus 15W hle\u00f0slutandur sem gerir \u00fe\u00e9r kleift a\u00f0 hla\u00f0a iPhone, Apple Watch og AirPods samt\u00edmis. Qi2 t\u00e6kni & MagSafe samh\u00e6fni","breadcrumb":{"@id":"https:\/\/fodurlandid.is\/vara\/jr-w23\/#breadcrumb"},"inLanguage":"en-US","potentialAction":[{"@type":"ReadAction","target":["https:\/\/fodurlandid.is\/vara\/jr-w23\/"]}]},{"@type":"ImageObject","inLanguage":"en-US","@id":"https:\/\/fodurlandid.is\/vara\/jr-w23\/#primaryimage","url":"https:\/\/fodurlandid.is\/wp-content\/uploads\/2025\/12\/JR-W23_.jpg","contentUrl":"https:\/\/fodurlandid.is\/wp-content\/uploads\/2025\/12\/JR-W23_.jpg","width":600,"height":600},{"@type":"BreadcrumbList","@id":"https:\/\/fodurlandid.is\/vara\/jr-w23\/#breadcrumb","itemListElement":[{"@type":"ListItem","position":1,"name":"Home","item":"https:\/\/fodurlandid.is\/"},{"@type":"ListItem","position":2,"name":"Shop","item":"https:\/\/www.vorulagerinn.is\/heildsala\/en\/shop\/"},{"@type":"ListItem","position":3,"name":"4-\u00cd-1 \u00fer\u00e1\u00f0laus Qi2 hra\u00f0hle\u00f0slust\u00f6\u00f0 me\u00f0 lj\u00f3si fyrir iPhone, Apple Watch og AirPods"}]},{"@type":"WebSite","@id":"https:\/\/fodurlandid.is\/#website","url":"https:\/\/fodurlandid.is\/","name":"F\u00f6\u00f0urlandi\u00f0 ehf, heildsala","description":"Innflutnings, umbo&eth;s- og dreifingara&eth;ili","publisher":{"@id":"https:\/\/fodurlandid.is\/#organization"},"alternateName":"Innflutnings, umbo\u00f0s- og dreifingara\u00f0ili","potentialAction":[{"@type":"SearchAction","target":{"@type":"EntryPoint","urlTemplate":"https:\/\/fodurlandid.is\/?s={search_term_string}"},"query-input":{"@type":"PropertyValueSpecification","valueRequired":true,"valueName":"search_term_string"}}],"inLanguage":"en-US"},{"@type":"Organization","@id":"https:\/\/fodurlandid.is\/#organization","name":"Innflutnings, umbo\u00f0s- og dreifingara\u00f0ili","url":"https:\/\/fodurlandid.is\/","logo":{"@type":"ImageObject","inLanguage":"en-US","@id":"https:\/\/fodurlandid.is\/#\/schema\/logo\/image\/","url":"https:\/\/fodurlandid.is\/wp-content\/uploads\/2024\/05\/Fodurlandid.png","contentUrl":"https:\/\/fodurlandid.is\/wp-content\/uploads\/2024\/05\/Fodurlandid.png","width":400,"height":293,"caption":"Innflutnings, umbo\u00f0s- og dreifingara\u00f0ili"},"image":{"@id":"https:\/\/fodurlandid.is\/#\/schema\/logo\/image\/"}}]}},"_links":{"self":[{"href":"https:\/\/fodurlandid.is\/en\/wp-json\/wp\/v2\/product\/25751","targetHints":{"allow":["GET"]}}],"collection":[{"href":"https:\/\/fodurlandid.is\/en\/wp-json\/wp\/v2\/product"}],"about":[{"href":"https:\/\/fodurlandid.is\/en\/wp-json\/wp\/v2\/types\/product"}],"wp:featuredmedia":[{"embeddable":true,"href":"https:\/\/fodurlandid.is\/en\/wp-json\/wp\/v2\/media\/25752"}],"wp:attachment":[{"href":"https:\/\/fodurlandid.is\/en\/wp-json\/wp\/v2\/media?parent=25751"}],"wp:term":[{"taxonomy":"product_brand","embeddable":true,"href":"https:\/\/fodurlandid.is\/en\/wp-json\/wp\/v2\/product_brand?post=25751"},{"taxonomy":"product_cat","embeddable":true,"href":"https:\/\/fodurlandid.is\/en\/wp-json\/wp\/v2\/product_cat?post=25751"},{"taxonomy":"product_tag","embeddable":true,"href":"https:\/\/fodurlandid.is\/en\/wp-json\/wp\/v2\/product_tag?post=25751"}],"curies":[{"name":"wp","href":"https:\/\/api.w.org\/{rel}","templated":true}]}}