{"id":25675,"date":"2025-12-07T09:54:51","date_gmt":"2025-12-07T09:54:51","guid":{"rendered":"https:\/\/fodurlandid.is\/?post_type=product&#038;p=25675"},"modified":"2026-04-13T13:20:24","modified_gmt":"2026-04-13T13:20:24","slug":"jr-zs509","status":"publish","type":"product","link":"https:\/\/fodurlandid.is\/en\/product\/jr-zs509\/","title":{"rendered":"Fj\u00f6lnota 3-\u00cd-1 sj\u00e1lfust\u00f6ng (selfie st\u00f6ng) me\u00f0 segulfestingu, \u00fer\u00e1\u00f0lausri Bluetooth fjarst\u00fdringu, 360 gr\u00e1\u00f0u sn\u00faningi, st\u00e6kkanleg, samanbrj\u00f3tanleg og h\u00e6gt a\u00f0 festa vi\u00f0 bor\u00f0, hillu o.fl."},"content":{"rendered":"","protected":false},"excerpt":{"rendered":"<p>Fj\u00f6lnota MagSafe sj\u00e1lfu s\u00edmahaldari me\u00f0 360 gr\u00e1\u00f0u sn\u00faningi og \u00fer\u00e1\u00f0lausri Bluetooth fjarst\u00fdringu sem gerir \u00fe\u00e9r kleift a\u00f0 taka myndir e\u00f0a hefja uppt\u00f6ku \u00e1n \u00feess a\u00f0 halda \u00e1 sj\u00e1lfust\u00f6nginni. H\u00fan er lengjanleg \u00ed allt a\u00f0 40 cm. Ne\u00f0st \u00e1 st\u00f6nginni er festing til a\u00f0 festa sj\u00e1lfust\u00f6ngina vi\u00f0 bor\u00f0, hillu, fer\u00f0at\u00f6sku, bor\u00f0i\u00f0 \u00ed flugv\u00e9linni o.s.frv. \u00de\u00e1 er h\u00e6gt a\u00f0 nota sj\u00e1lfust\u00f6ngina til a\u00f0 halda \u00e1 snjalls\u00edmanum \u00e1 me\u00f0an \u00fe\u00fa horfir e\u00f0a talar mynd \u00ed mynd \u00ed s\u00edmann.<\/p>\n<p>Sterkir N52 seglar halda s\u00edmanum tryggilega \u00e1 s\u00ednum sta\u00f0. \u00de\u00e1 s\u00e9rstaklega s\u00edma me\u00f0 MagSafe eins og iPhone 12\/13\/14\/15\/16\/17 eru me\u00f0 innbyggt. Snjalls\u00edmar sem ekki eru me\u00f0 innbyggt MagSafe geta fest segulhring sem fylgir me\u00f0 aftan \u00e1 s\u00edmahulstri\u00f0 til a\u00f0 nota sj\u00e1lfust\u00f6ngina.<\/p>\n<p>Sj\u00e1lfust\u00f6ngin er l\u00e9tt, samanbrj\u00f3tanleg og fer au\u00f0veldlega \u00ed bakpoka, hli\u00f0arveski e\u00f0a st\u00e6rri vasa.<\/p>\n<p>&#8211; Litur: Svartur<br \/>\n&#8211; \u00deyngd: 160g<br \/>\n&#8211; Efni: \u00c1l, PC &amp; ABS<br \/>\n&#8211; S\u00edmast\u00e6r\u00f0: 4,7-7&#8243; snjalls\u00edma<br \/>\n&#8211; H\u00e1marks lengd arms: 40 cm<br \/>\n&#8211; 360 gr\u00e1\u00f0u sn\u00faningur<br \/>\n&#8211; Bluetooth fjarst\u00fdring<\/p>\n","protected":false},"featured_media":25676,"template":"","meta":[],"product_brand":[390],"product_cat":[418],"product_tag":[],"class_list":{"0":"post-25675","1":"product","2":"type-product","3":"status-publish","4":"has-post-thumbnail","6":"product_brand-joyroom","7":"product_cat-festingar-og-standar","9":"first","10":"instock","11":"taxable","12":"shipping-taxable","13":"product-type-simple"},"yoast_head":"<!-- This site is optimized with the Yoast SEO Premium plugin v21.5 (Yoast SEO v27.4) - https:\/\/yoast.com\/product\/yoast-seo-premium-wordpress\/ -->\n<title>Fj\u00f6lnota 3-\u00cd-1 sj\u00e1lfust\u00f6ng (selfie st\u00f6ng) | Segulfesting | 360 gr\u00e1\u00f0ur<\/title>\n<meta name=\"description\" content=\"Sj\u00e1lfust\u00f6ng me\u00f0 360 gr\u00e1\u00f0u sn\u00faningi &amp; \u00fer\u00e1\u00f0lausri losanlegri Bluetooth fjarst\u00fdringu. Lengjanleg um 40 cm. H\u00e6gt a\u00f0 festa vi\u00f0 bor\u00f0, hillu, fer\u00f0at\u00f6sku o.s.frv.\" \/>\n<meta name=\"robots\" content=\"index, follow, max-snippet:-1, max-image-preview:large, max-video-preview:-1\" \/>\n<link rel=\"canonical\" href=\"https:\/\/fodurlandid.is\/vara\/jr-zs509\/\" \/>\n<meta property=\"og:locale\" content=\"en_US\" \/>\n<meta property=\"og:type\" content=\"article\" \/>\n<meta property=\"og:title\" content=\"Fj\u00f6lnota 3-\u00cd-1 sj\u00e1lfust\u00f6ng (selfie st\u00f6ng) me\u00f0 segulfestingu, \u00fer\u00e1\u00f0lausri Bluetooth fjarst\u00fdringu, 360 gr\u00e1\u00f0u sn\u00faningi, st\u00e6kkanleg, samanbrj\u00f3tanleg og h\u00e6gt a\u00f0 festa vi\u00f0 bor\u00f0, hillu o.fl.\" \/>\n<meta property=\"og:description\" content=\"Sj\u00e1lfust\u00f6ng me\u00f0 360 gr\u00e1\u00f0u sn\u00faningi &amp; \u00fer\u00e1\u00f0lausri losanlegri Bluetooth fjarst\u00fdringu. Lengjanleg um 40 cm. H\u00e6gt a\u00f0 festa vi\u00f0 bor\u00f0, hillu, fer\u00f0at\u00f6sku o.s.frv.\" \/>\n<meta property=\"og:url\" content=\"https:\/\/fodurlandid.is\/vara\/jr-zs509\/\" \/>\n<meta property=\"og:site_name\" content=\"F&ouml;&eth;urlandi&eth; heildsala\" \/>\n<meta property=\"article:modified_time\" content=\"2026-04-13T13:20:24+00:00\" \/>\n<meta property=\"og:image\" content=\"https:\/\/fodurlandid.is\/wp-content\/uploads\/2025\/12\/JR-ZS509.jpg\" \/>\n\t<meta property=\"og:image:width\" content=\"600\" \/>\n\t<meta property=\"og:image:height\" content=\"600\" \/>\n\t<meta property=\"og:image:type\" content=\"image\/jpeg\" \/>\n<meta name=\"twitter:card\" content=\"summary_large_image\" \/>\n<meta name=\"twitter:label1\" content=\"Est. reading time\" \/>\n\t<meta name=\"twitter:data1\" content=\"1 minute\" \/>\n<script type=\"application\/ld+json\" class=\"yoast-schema-graph\">{\"@context\":\"https:\\\/\\\/schema.org\",\"@graph\":[{\"@type\":\"WebPage\",\"@id\":\"https:\\\/\\\/fodurlandid.is\\\/vara\\\/jr-zs509\\\/\",\"url\":\"https:\\\/\\\/fodurlandid.is\\\/vara\\\/jr-zs509\\\/\",\"name\":\"Fj\u00f6lnota 3-\u00cd-1 sj\u00e1lfust\u00f6ng (selfie st\u00f6ng) | Segulfesting | 360 gr\u00e1\u00f0ur\",\"isPartOf\":{\"@id\":\"https:\\\/\\\/fodurlandid.is\\\/#website\"},\"primaryImageOfPage\":{\"@id\":\"https:\\\/\\\/fodurlandid.is\\\/vara\\\/jr-zs509\\\/#primaryimage\"},\"image\":{\"@id\":\"https:\\\/\\\/fodurlandid.is\\\/vara\\\/jr-zs509\\\/#primaryimage\"},\"thumbnailUrl\":\"https:\\\/\\\/fodurlandid.is\\\/wp-content\\\/uploads\\\/2025\\\/12\\\/JR-ZS509.jpg\",\"datePublished\":\"2025-12-07T09:54:51+00:00\",\"dateModified\":\"2026-04-13T13:20:24+00:00\",\"description\":\"Sj\u00e1lfust\u00f6ng me\u00f0 360 gr\u00e1\u00f0u sn\u00faningi & \u00fer\u00e1\u00f0lausri losanlegri Bluetooth fjarst\u00fdringu. Lengjanleg um 40 cm. H\u00e6gt a\u00f0 festa vi\u00f0 bor\u00f0, hillu, fer\u00f0at\u00f6sku o.s.frv.\",\"breadcrumb\":{\"@id\":\"https:\\\/\\\/fodurlandid.is\\\/vara\\\/jr-zs509\\\/#breadcrumb\"},\"inLanguage\":\"en-US\",\"potentialAction\":[{\"@type\":\"ReadAction\",\"target\":[\"https:\\\/\\\/fodurlandid.is\\\/vara\\\/jr-zs509\\\/\"]}]},{\"@type\":\"ImageObject\",\"inLanguage\":\"en-US\",\"@id\":\"https:\\\/\\\/fodurlandid.is\\\/vara\\\/jr-zs509\\\/#primaryimage\",\"url\":\"https:\\\/\\\/fodurlandid.is\\\/wp-content\\\/uploads\\\/2025\\\/12\\\/JR-ZS509.jpg\",\"contentUrl\":\"https:\\\/\\\/fodurlandid.is\\\/wp-content\\\/uploads\\\/2025\\\/12\\\/JR-ZS509.jpg\",\"width\":600,\"height\":600},{\"@type\":\"BreadcrumbList\",\"@id\":\"https:\\\/\\\/fodurlandid.is\\\/vara\\\/jr-zs509\\\/#breadcrumb\",\"itemListElement\":[{\"@type\":\"ListItem\",\"position\":1,\"name\":\"Home\",\"item\":\"https:\\\/\\\/fodurlandid.is\\\/\"},{\"@type\":\"ListItem\",\"position\":2,\"name\":\"Shop\",\"item\":\"https:\\\/\\\/www.vorulagerinn.is\\\/heildsala\\\/en\\\/shop\\\/\"},{\"@type\":\"ListItem\",\"position\":3,\"name\":\"Fj\u00f6lnota 3-\u00cd-1 sj\u00e1lfust\u00f6ng (selfie st\u00f6ng) me\u00f0 segulfestingu, \u00fer\u00e1\u00f0lausri Bluetooth fjarst\u00fdringu, 360 gr\u00e1\u00f0u sn\u00faningi, st\u00e6kkanleg, samanbrj\u00f3tanleg og h\u00e6gt a\u00f0 festa vi\u00f0 bor\u00f0, hillu o.fl.\"}]},{\"@type\":\"WebSite\",\"@id\":\"https:\\\/\\\/fodurlandid.is\\\/#website\",\"url\":\"https:\\\/\\\/fodurlandid.is\\\/\",\"name\":\"F\u00f6\u00f0urlandi\u00f0 ehf, heildsala\",\"description\":\"Innflutnings, umbo&eth;s- og dreifingara&eth;ili\",\"publisher\":{\"@id\":\"https:\\\/\\\/fodurlandid.is\\\/#organization\"},\"alternateName\":\"Innflutnings, umbo\u00f0s- og dreifingara\u00f0ili\",\"potentialAction\":[{\"@type\":\"SearchAction\",\"target\":{\"@type\":\"EntryPoint\",\"urlTemplate\":\"https:\\\/\\\/fodurlandid.is\\\/?s={search_term_string}\"},\"query-input\":{\"@type\":\"PropertyValueSpecification\",\"valueRequired\":true,\"valueName\":\"search_term_string\"}}],\"inLanguage\":\"en-US\"},{\"@type\":\"Organization\",\"@id\":\"https:\\\/\\\/fodurlandid.is\\\/#organization\",\"name\":\"Innflutnings, umbo\u00f0s- og dreifingara\u00f0ili\",\"url\":\"https:\\\/\\\/fodurlandid.is\\\/\",\"logo\":{\"@type\":\"ImageObject\",\"inLanguage\":\"en-US\",\"@id\":\"https:\\\/\\\/fodurlandid.is\\\/#\\\/schema\\\/logo\\\/image\\\/\",\"url\":\"https:\\\/\\\/fodurlandid.is\\\/wp-content\\\/uploads\\\/2024\\\/05\\\/Fodurlandid.png\",\"contentUrl\":\"https:\\\/\\\/fodurlandid.is\\\/wp-content\\\/uploads\\\/2024\\\/05\\\/Fodurlandid.png\",\"width\":400,\"height\":293,\"caption\":\"Innflutnings, umbo\u00f0s- og dreifingara\u00f0ili\"},\"image\":{\"@id\":\"https:\\\/\\\/fodurlandid.is\\\/#\\\/schema\\\/logo\\\/image\\\/\"}}]}<\/script>\n<!-- \/ Yoast SEO Premium plugin. -->","yoast_head_json":{"title":"Fj\u00f6lnota 3-\u00cd-1 sj\u00e1lfust\u00f6ng (selfie st\u00f6ng) | Segulfesting | 360 gr\u00e1\u00f0ur","description":"Sj\u00e1lfust\u00f6ng me\u00f0 360 gr\u00e1\u00f0u sn\u00faningi & \u00fer\u00e1\u00f0lausri losanlegri Bluetooth fjarst\u00fdringu. Lengjanleg um 40 cm. H\u00e6gt a\u00f0 festa vi\u00f0 bor\u00f0, hillu, fer\u00f0at\u00f6sku o.s.frv.","robots":{"index":"index","follow":"follow","max-snippet":"max-snippet:-1","max-image-preview":"max-image-preview:large","max-video-preview":"max-video-preview:-1"},"canonical":"https:\/\/fodurlandid.is\/vara\/jr-zs509\/","og_locale":"en_US","og_type":"article","og_title":"Fj\u00f6lnota 3-\u00cd-1 sj\u00e1lfust\u00f6ng (selfie st\u00f6ng) me\u00f0 segulfestingu, \u00fer\u00e1\u00f0lausri Bluetooth fjarst\u00fdringu, 360 gr\u00e1\u00f0u sn\u00faningi, st\u00e6kkanleg, samanbrj\u00f3tanleg og h\u00e6gt a\u00f0 festa vi\u00f0 bor\u00f0, hillu o.fl.","og_description":"Sj\u00e1lfust\u00f6ng me\u00f0 360 gr\u00e1\u00f0u sn\u00faningi & \u00fer\u00e1\u00f0lausri losanlegri Bluetooth fjarst\u00fdringu. Lengjanleg um 40 cm. H\u00e6gt a\u00f0 festa vi\u00f0 bor\u00f0, hillu, fer\u00f0at\u00f6sku o.s.frv.","og_url":"https:\/\/fodurlandid.is\/vara\/jr-zs509\/","og_site_name":"F&ouml;&eth;urlandi&eth; heildsala","article_modified_time":"2026-04-13T13:20:24+00:00","og_image":[{"width":600,"height":600,"url":"https:\/\/fodurlandid.is\/wp-content\/uploads\/2025\/12\/JR-ZS509.jpg","type":"image\/jpeg"}],"twitter_card":"summary_large_image","twitter_misc":{"Est. reading time":"1 minute"},"schema":{"@context":"https:\/\/schema.org","@graph":[{"@type":"WebPage","@id":"https:\/\/fodurlandid.is\/vara\/jr-zs509\/","url":"https:\/\/fodurlandid.is\/vara\/jr-zs509\/","name":"Fj\u00f6lnota 3-\u00cd-1 sj\u00e1lfust\u00f6ng (selfie st\u00f6ng) | Segulfesting | 360 gr\u00e1\u00f0ur","isPartOf":{"@id":"https:\/\/fodurlandid.is\/#website"},"primaryImageOfPage":{"@id":"https:\/\/fodurlandid.is\/vara\/jr-zs509\/#primaryimage"},"image":{"@id":"https:\/\/fodurlandid.is\/vara\/jr-zs509\/#primaryimage"},"thumbnailUrl":"https:\/\/fodurlandid.is\/wp-content\/uploads\/2025\/12\/JR-ZS509.jpg","datePublished":"2025-12-07T09:54:51+00:00","dateModified":"2026-04-13T13:20:24+00:00","description":"Sj\u00e1lfust\u00f6ng me\u00f0 360 gr\u00e1\u00f0u sn\u00faningi & \u00fer\u00e1\u00f0lausri losanlegri Bluetooth fjarst\u00fdringu. Lengjanleg um 40 cm. H\u00e6gt a\u00f0 festa vi\u00f0 bor\u00f0, hillu, fer\u00f0at\u00f6sku o.s.frv.","breadcrumb":{"@id":"https:\/\/fodurlandid.is\/vara\/jr-zs509\/#breadcrumb"},"inLanguage":"en-US","potentialAction":[{"@type":"ReadAction","target":["https:\/\/fodurlandid.is\/vara\/jr-zs509\/"]}]},{"@type":"ImageObject","inLanguage":"en-US","@id":"https:\/\/fodurlandid.is\/vara\/jr-zs509\/#primaryimage","url":"https:\/\/fodurlandid.is\/wp-content\/uploads\/2025\/12\/JR-ZS509.jpg","contentUrl":"https:\/\/fodurlandid.is\/wp-content\/uploads\/2025\/12\/JR-ZS509.jpg","width":600,"height":600},{"@type":"BreadcrumbList","@id":"https:\/\/fodurlandid.is\/vara\/jr-zs509\/#breadcrumb","itemListElement":[{"@type":"ListItem","position":1,"name":"Home","item":"https:\/\/fodurlandid.is\/"},{"@type":"ListItem","position":2,"name":"Shop","item":"https:\/\/www.vorulagerinn.is\/heildsala\/en\/shop\/"},{"@type":"ListItem","position":3,"name":"Fj\u00f6lnota 3-\u00cd-1 sj\u00e1lfust\u00f6ng (selfie st\u00f6ng) me\u00f0 segulfestingu, \u00fer\u00e1\u00f0lausri Bluetooth fjarst\u00fdringu, 360 gr\u00e1\u00f0u sn\u00faningi, st\u00e6kkanleg, samanbrj\u00f3tanleg og h\u00e6gt a\u00f0 festa vi\u00f0 bor\u00f0, hillu o.fl."}]},{"@type":"WebSite","@id":"https:\/\/fodurlandid.is\/#website","url":"https:\/\/fodurlandid.is\/","name":"F\u00f6\u00f0urlandi\u00f0 ehf, heildsala","description":"Innflutnings, umbo&eth;s- og dreifingara&eth;ili","publisher":{"@id":"https:\/\/fodurlandid.is\/#organization"},"alternateName":"Innflutnings, umbo\u00f0s- og dreifingara\u00f0ili","potentialAction":[{"@type":"SearchAction","target":{"@type":"EntryPoint","urlTemplate":"https:\/\/fodurlandid.is\/?s={search_term_string}"},"query-input":{"@type":"PropertyValueSpecification","valueRequired":true,"valueName":"search_term_string"}}],"inLanguage":"en-US"},{"@type":"Organization","@id":"https:\/\/fodurlandid.is\/#organization","name":"Innflutnings, umbo\u00f0s- og dreifingara\u00f0ili","url":"https:\/\/fodurlandid.is\/","logo":{"@type":"ImageObject","inLanguage":"en-US","@id":"https:\/\/fodurlandid.is\/#\/schema\/logo\/image\/","url":"https:\/\/fodurlandid.is\/wp-content\/uploads\/2024\/05\/Fodurlandid.png","contentUrl":"https:\/\/fodurlandid.is\/wp-content\/uploads\/2024\/05\/Fodurlandid.png","width":400,"height":293,"caption":"Innflutnings, umbo\u00f0s- og dreifingara\u00f0ili"},"image":{"@id":"https:\/\/fodurlandid.is\/#\/schema\/logo\/image\/"}}]}},"_links":{"self":[{"href":"https:\/\/fodurlandid.is\/en\/wp-json\/wp\/v2\/product\/25675","targetHints":{"allow":["GET"]}}],"collection":[{"href":"https:\/\/fodurlandid.is\/en\/wp-json\/wp\/v2\/product"}],"about":[{"href":"https:\/\/fodurlandid.is\/en\/wp-json\/wp\/v2\/types\/product"}],"wp:featuredmedia":[{"embeddable":true,"href":"https:\/\/fodurlandid.is\/en\/wp-json\/wp\/v2\/media\/25676"}],"wp:attachment":[{"href":"https:\/\/fodurlandid.is\/en\/wp-json\/wp\/v2\/media?parent=25675"}],"wp:term":[{"taxonomy":"product_brand","embeddable":true,"href":"https:\/\/fodurlandid.is\/en\/wp-json\/wp\/v2\/product_brand?post=25675"},{"taxonomy":"product_cat","embeddable":true,"href":"https:\/\/fodurlandid.is\/en\/wp-json\/wp\/v2\/product_cat?post=25675"},{"taxonomy":"product_tag","embeddable":true,"href":"https:\/\/fodurlandid.is\/en\/wp-json\/wp\/v2\/product_tag?post=25675"}],"curies":[{"name":"wp","href":"https:\/\/api.w.org\/{rel}","templated":true}]}}