{"id":25498,"date":"2025-11-21T18:55:58","date_gmt":"2025-11-21T18:55:58","guid":{"rendered":"https:\/\/fodurlandid.is\/?post_type=product&#038;p=25498"},"modified":"2026-01-14T17:06:46","modified_gmt":"2026-01-14T17:06:46","slug":"diy08","status":"publish","type":"product","link":"https:\/\/fodurlandid.is\/en\/product\/diy08\/","title":{"rendered":"BeaverCraft grenitr\u00e9 DIY \u00fatskur\u00f0arsett \/ t\u00e1lgunarsett fyrir byrjendur sem inniheldur allt sem \u00fearf"},"content":{"rendered":"","protected":false},"excerpt":{"rendered":"<p>Langar \u00feig a\u00f0 l\u00e6ra \u00fatskur\u00f0 og eignast n\u00fdtt \u00e1hugam\u00e1l? \u00de\u00e1 er BeaverCraft DIY byrjenda \u00fatskur\u00f0arsetti\u00f0 fyrir \u00feig. \u00dea\u00f0 inniheldur allt sem \u00fe\u00fa \u00fearft til a\u00f0 t\u00e1lga \u00feetta grenitr\u00e9. Au\u00f0veldar skref fyrir skref lei\u00f0beiningar sem lei\u00f0a \u00feig \u00ed gegnum ferli\u00f0.<\/p>\n<p>L\u00e1ttu drauminn r\u00e6tast og byrja\u00f0u a\u00f0 skapa me\u00f0 \u00fatskur\u00f0arsetti fr\u00e1 BeaverCraft fyrir byrjendur. Myndband af v\u00f6runni er ne\u00f0ar \u00e1 \u00feessari s\u00ed\u00f0u.<\/p>\n<p><strong>Spruce Tree Carving Kit \u00fatskur\u00f0arsetti\u00f0 inniheldur:<\/strong><br \/>\n\u2013 Vi\u00f0arkubbur<br \/>\n\u2013 Skur\u00f0arhn\u00edfur<br \/>\n\u2013 Le\u00f0urbr\u00fdni<br \/>\n\u2013 Sandpapp\u00edr (5 stk)<br \/>\n\u2013 Ausumynstur<br \/>\n\u2013 Hl\u00edf\u00f0arteip til a\u00f0 vernda fingur<br \/>\n\u2013 Skref fyrir skref lei\u00f0beiningar<\/p>\n","protected":false},"featured_media":25501,"template":"","meta":[],"product_brand":[432],"product_cat":[433],"product_tag":[],"class_list":{"0":"post-25498","1":"product","2":"type-product","3":"status-publish","4":"has-post-thumbnail","6":"product_brand-beavercraft","7":"product_cat-beavercraft-diy-utskurdarsett","9":"first","10":"outofstock","11":"taxable","12":"shipping-taxable","13":"product-type-simple"},"yoast_head":"<!-- This site is optimized with the Yoast SEO Premium plugin v21.5 (Yoast SEO v27.4) - https:\/\/yoast.com\/product\/yoast-seo-premium-wordpress\/ -->\n<title>BeaverCraft grenitr\u00e9 DIY \u00fatskur\u00f0arsett \/ t\u00e1lgunarsett fyrir byrjendur<\/title>\n<meta name=\"description\" content=\"Langar \u00feig a\u00f0 l\u00e6ra \u00fatskur\u00f0 og eignast n\u00fdtt \u00e1hugam\u00e1l? \u00de\u00e1 er BeaverCraft DIY byrjenda \u00fatskur\u00f0arsetti\u00f0 fyrir \u00feig. \u00dea\u00f0 inniheldur allt sem \u00fe\u00fa \u00fearft til a\u00f0 t\u00e1lga\" \/>\n<meta name=\"robots\" content=\"index, follow, max-snippet:-1, max-image-preview:large, max-video-preview:-1\" \/>\n<link rel=\"canonical\" href=\"https:\/\/fodurlandid.is\/vara\/diy08\/\" \/>\n<meta property=\"og:locale\" content=\"en_US\" \/>\n<meta property=\"og:type\" content=\"article\" \/>\n<meta property=\"og:title\" content=\"BeaverCraft grenitr\u00e9 DIY \u00fatskur\u00f0arsett \/ t\u00e1lgunarsett fyrir byrjendur sem inniheldur allt sem \u00fearf\" \/>\n<meta property=\"og:description\" content=\"Langar \u00feig a\u00f0 l\u00e6ra \u00fatskur\u00f0 og eignast n\u00fdtt \u00e1hugam\u00e1l? \u00de\u00e1 er BeaverCraft DIY byrjenda \u00fatskur\u00f0arsetti\u00f0 fyrir \u00feig. \u00dea\u00f0 inniheldur allt sem \u00fe\u00fa \u00fearft til a\u00f0 t\u00e1lga\" \/>\n<meta property=\"og:url\" content=\"https:\/\/fodurlandid.is\/vara\/diy08\/\" \/>\n<meta property=\"og:site_name\" content=\"F&ouml;&eth;urlandi&eth; heildsala\" \/>\n<meta property=\"article:modified_time\" content=\"2026-01-14T17:06:46+00:00\" \/>\n<meta property=\"og:image\" content=\"https:\/\/fodurlandid.is\/wp-content\/uploads\/2025\/10\/DIY08.jpg\" \/>\n\t<meta property=\"og:image:width\" content=\"600\" \/>\n\t<meta property=\"og:image:height\" content=\"600\" \/>\n\t<meta property=\"og:image:type\" content=\"image\/jpeg\" \/>\n<meta name=\"twitter:card\" content=\"summary_large_image\" \/>\n<meta name=\"twitter:label1\" content=\"Est. reading time\" \/>\n\t<meta name=\"twitter:data1\" content=\"1 minute\" \/>\n<script type=\"application\/ld+json\" class=\"yoast-schema-graph\">{\"@context\":\"https:\\\/\\\/schema.org\",\"@graph\":[{\"@type\":\"WebPage\",\"@id\":\"https:\\\/\\\/fodurlandid.is\\\/vara\\\/diy08\\\/\",\"url\":\"https:\\\/\\\/fodurlandid.is\\\/vara\\\/diy08\\\/\",\"name\":\"BeaverCraft grenitr\u00e9 DIY \u00fatskur\u00f0arsett \\\/ t\u00e1lgunarsett fyrir byrjendur\",\"isPartOf\":{\"@id\":\"https:\\\/\\\/fodurlandid.is\\\/#website\"},\"primaryImageOfPage\":{\"@id\":\"https:\\\/\\\/fodurlandid.is\\\/vara\\\/diy08\\\/#primaryimage\"},\"image\":{\"@id\":\"https:\\\/\\\/fodurlandid.is\\\/vara\\\/diy08\\\/#primaryimage\"},\"thumbnailUrl\":\"https:\\\/\\\/fodurlandid.is\\\/wp-content\\\/uploads\\\/2025\\\/10\\\/DIY08.jpg\",\"datePublished\":\"2025-11-21T18:55:58+00:00\",\"dateModified\":\"2026-01-14T17:06:46+00:00\",\"description\":\"Langar \u00feig a\u00f0 l\u00e6ra \u00fatskur\u00f0 og eignast n\u00fdtt \u00e1hugam\u00e1l? \u00de\u00e1 er BeaverCraft DIY byrjenda \u00fatskur\u00f0arsetti\u00f0 fyrir \u00feig. \u00dea\u00f0 inniheldur allt sem \u00fe\u00fa \u00fearft til a\u00f0 t\u00e1lga\",\"breadcrumb\":{\"@id\":\"https:\\\/\\\/fodurlandid.is\\\/vara\\\/diy08\\\/#breadcrumb\"},\"inLanguage\":\"en-US\",\"potentialAction\":[{\"@type\":\"ReadAction\",\"target\":[\"https:\\\/\\\/fodurlandid.is\\\/vara\\\/diy08\\\/\"]}]},{\"@type\":\"ImageObject\",\"inLanguage\":\"en-US\",\"@id\":\"https:\\\/\\\/fodurlandid.is\\\/vara\\\/diy08\\\/#primaryimage\",\"url\":\"https:\\\/\\\/fodurlandid.is\\\/wp-content\\\/uploads\\\/2025\\\/10\\\/DIY08.jpg\",\"contentUrl\":\"https:\\\/\\\/fodurlandid.is\\\/wp-content\\\/uploads\\\/2025\\\/10\\\/DIY08.jpg\",\"width\":600,\"height\":600},{\"@type\":\"BreadcrumbList\",\"@id\":\"https:\\\/\\\/fodurlandid.is\\\/vara\\\/diy08\\\/#breadcrumb\",\"itemListElement\":[{\"@type\":\"ListItem\",\"position\":1,\"name\":\"Home\",\"item\":\"https:\\\/\\\/fodurlandid.is\\\/\"},{\"@type\":\"ListItem\",\"position\":2,\"name\":\"Shop\",\"item\":\"https:\\\/\\\/www.vorulagerinn.is\\\/heildsala\\\/en\\\/shop\\\/\"},{\"@type\":\"ListItem\",\"position\":3,\"name\":\"BeaverCraft grenitr\u00e9 DIY \u00fatskur\u00f0arsett \\\/ t\u00e1lgunarsett fyrir byrjendur sem inniheldur allt sem \u00fearf\"}]},{\"@type\":\"WebSite\",\"@id\":\"https:\\\/\\\/fodurlandid.is\\\/#website\",\"url\":\"https:\\\/\\\/fodurlandid.is\\\/\",\"name\":\"F\u00f6\u00f0urlandi\u00f0 ehf, heildsala\",\"description\":\"Innflutnings, umbo&eth;s- og dreifingara&eth;ili\",\"publisher\":{\"@id\":\"https:\\\/\\\/fodurlandid.is\\\/#organization\"},\"alternateName\":\"Innflutnings, umbo\u00f0s- og dreifingara\u00f0ili\",\"potentialAction\":[{\"@type\":\"SearchAction\",\"target\":{\"@type\":\"EntryPoint\",\"urlTemplate\":\"https:\\\/\\\/fodurlandid.is\\\/?s={search_term_string}\"},\"query-input\":{\"@type\":\"PropertyValueSpecification\",\"valueRequired\":true,\"valueName\":\"search_term_string\"}}],\"inLanguage\":\"en-US\"},{\"@type\":\"Organization\",\"@id\":\"https:\\\/\\\/fodurlandid.is\\\/#organization\",\"name\":\"Innflutnings, umbo\u00f0s- og dreifingara\u00f0ili\",\"url\":\"https:\\\/\\\/fodurlandid.is\\\/\",\"logo\":{\"@type\":\"ImageObject\",\"inLanguage\":\"en-US\",\"@id\":\"https:\\\/\\\/fodurlandid.is\\\/#\\\/schema\\\/logo\\\/image\\\/\",\"url\":\"https:\\\/\\\/fodurlandid.is\\\/wp-content\\\/uploads\\\/2024\\\/05\\\/Fodurlandid.png\",\"contentUrl\":\"https:\\\/\\\/fodurlandid.is\\\/wp-content\\\/uploads\\\/2024\\\/05\\\/Fodurlandid.png\",\"width\":400,\"height\":293,\"caption\":\"Innflutnings, umbo\u00f0s- og dreifingara\u00f0ili\"},\"image\":{\"@id\":\"https:\\\/\\\/fodurlandid.is\\\/#\\\/schema\\\/logo\\\/image\\\/\"}}]}<\/script>\n<!-- \/ Yoast SEO Premium plugin. -->","yoast_head_json":{"title":"BeaverCraft grenitr\u00e9 DIY \u00fatskur\u00f0arsett \/ t\u00e1lgunarsett fyrir byrjendur","description":"Langar \u00feig a\u00f0 l\u00e6ra \u00fatskur\u00f0 og eignast n\u00fdtt \u00e1hugam\u00e1l? \u00de\u00e1 er BeaverCraft DIY byrjenda \u00fatskur\u00f0arsetti\u00f0 fyrir \u00feig. \u00dea\u00f0 inniheldur allt sem \u00fe\u00fa \u00fearft til a\u00f0 t\u00e1lga","robots":{"index":"index","follow":"follow","max-snippet":"max-snippet:-1","max-image-preview":"max-image-preview:large","max-video-preview":"max-video-preview:-1"},"canonical":"https:\/\/fodurlandid.is\/vara\/diy08\/","og_locale":"en_US","og_type":"article","og_title":"BeaverCraft grenitr\u00e9 DIY \u00fatskur\u00f0arsett \/ t\u00e1lgunarsett fyrir byrjendur sem inniheldur allt sem \u00fearf","og_description":"Langar \u00feig a\u00f0 l\u00e6ra \u00fatskur\u00f0 og eignast n\u00fdtt \u00e1hugam\u00e1l? \u00de\u00e1 er BeaverCraft DIY byrjenda \u00fatskur\u00f0arsetti\u00f0 fyrir \u00feig. \u00dea\u00f0 inniheldur allt sem \u00fe\u00fa \u00fearft til a\u00f0 t\u00e1lga","og_url":"https:\/\/fodurlandid.is\/vara\/diy08\/","og_site_name":"F&ouml;&eth;urlandi&eth; heildsala","article_modified_time":"2026-01-14T17:06:46+00:00","og_image":[{"width":600,"height":600,"url":"https:\/\/fodurlandid.is\/wp-content\/uploads\/2025\/10\/DIY08.jpg","type":"image\/jpeg"}],"twitter_card":"summary_large_image","twitter_misc":{"Est. reading time":"1 minute"},"schema":{"@context":"https:\/\/schema.org","@graph":[{"@type":"WebPage","@id":"https:\/\/fodurlandid.is\/vara\/diy08\/","url":"https:\/\/fodurlandid.is\/vara\/diy08\/","name":"BeaverCraft grenitr\u00e9 DIY \u00fatskur\u00f0arsett \/ t\u00e1lgunarsett fyrir byrjendur","isPartOf":{"@id":"https:\/\/fodurlandid.is\/#website"},"primaryImageOfPage":{"@id":"https:\/\/fodurlandid.is\/vara\/diy08\/#primaryimage"},"image":{"@id":"https:\/\/fodurlandid.is\/vara\/diy08\/#primaryimage"},"thumbnailUrl":"https:\/\/fodurlandid.is\/wp-content\/uploads\/2025\/10\/DIY08.jpg","datePublished":"2025-11-21T18:55:58+00:00","dateModified":"2026-01-14T17:06:46+00:00","description":"Langar \u00feig a\u00f0 l\u00e6ra \u00fatskur\u00f0 og eignast n\u00fdtt \u00e1hugam\u00e1l? \u00de\u00e1 er BeaverCraft DIY byrjenda \u00fatskur\u00f0arsetti\u00f0 fyrir \u00feig. \u00dea\u00f0 inniheldur allt sem \u00fe\u00fa \u00fearft til a\u00f0 t\u00e1lga","breadcrumb":{"@id":"https:\/\/fodurlandid.is\/vara\/diy08\/#breadcrumb"},"inLanguage":"en-US","potentialAction":[{"@type":"ReadAction","target":["https:\/\/fodurlandid.is\/vara\/diy08\/"]}]},{"@type":"ImageObject","inLanguage":"en-US","@id":"https:\/\/fodurlandid.is\/vara\/diy08\/#primaryimage","url":"https:\/\/fodurlandid.is\/wp-content\/uploads\/2025\/10\/DIY08.jpg","contentUrl":"https:\/\/fodurlandid.is\/wp-content\/uploads\/2025\/10\/DIY08.jpg","width":600,"height":600},{"@type":"BreadcrumbList","@id":"https:\/\/fodurlandid.is\/vara\/diy08\/#breadcrumb","itemListElement":[{"@type":"ListItem","position":1,"name":"Home","item":"https:\/\/fodurlandid.is\/"},{"@type":"ListItem","position":2,"name":"Shop","item":"https:\/\/www.vorulagerinn.is\/heildsala\/en\/shop\/"},{"@type":"ListItem","position":3,"name":"BeaverCraft grenitr\u00e9 DIY \u00fatskur\u00f0arsett \/ t\u00e1lgunarsett fyrir byrjendur sem inniheldur allt sem \u00fearf"}]},{"@type":"WebSite","@id":"https:\/\/fodurlandid.is\/#website","url":"https:\/\/fodurlandid.is\/","name":"F\u00f6\u00f0urlandi\u00f0 ehf, heildsala","description":"Innflutnings, umbo&eth;s- og dreifingara&eth;ili","publisher":{"@id":"https:\/\/fodurlandid.is\/#organization"},"alternateName":"Innflutnings, umbo\u00f0s- og dreifingara\u00f0ili","potentialAction":[{"@type":"SearchAction","target":{"@type":"EntryPoint","urlTemplate":"https:\/\/fodurlandid.is\/?s={search_term_string}"},"query-input":{"@type":"PropertyValueSpecification","valueRequired":true,"valueName":"search_term_string"}}],"inLanguage":"en-US"},{"@type":"Organization","@id":"https:\/\/fodurlandid.is\/#organization","name":"Innflutnings, umbo\u00f0s- og dreifingara\u00f0ili","url":"https:\/\/fodurlandid.is\/","logo":{"@type":"ImageObject","inLanguage":"en-US","@id":"https:\/\/fodurlandid.is\/#\/schema\/logo\/image\/","url":"https:\/\/fodurlandid.is\/wp-content\/uploads\/2024\/05\/Fodurlandid.png","contentUrl":"https:\/\/fodurlandid.is\/wp-content\/uploads\/2024\/05\/Fodurlandid.png","width":400,"height":293,"caption":"Innflutnings, umbo\u00f0s- og dreifingara\u00f0ili"},"image":{"@id":"https:\/\/fodurlandid.is\/#\/schema\/logo\/image\/"}}]}},"_links":{"self":[{"href":"https:\/\/fodurlandid.is\/en\/wp-json\/wp\/v2\/product\/25498","targetHints":{"allow":["GET"]}}],"collection":[{"href":"https:\/\/fodurlandid.is\/en\/wp-json\/wp\/v2\/product"}],"about":[{"href":"https:\/\/fodurlandid.is\/en\/wp-json\/wp\/v2\/types\/product"}],"wp:featuredmedia":[{"embeddable":true,"href":"https:\/\/fodurlandid.is\/en\/wp-json\/wp\/v2\/media\/25501"}],"wp:attachment":[{"href":"https:\/\/fodurlandid.is\/en\/wp-json\/wp\/v2\/media?parent=25498"}],"wp:term":[{"taxonomy":"product_brand","embeddable":true,"href":"https:\/\/fodurlandid.is\/en\/wp-json\/wp\/v2\/product_brand?post=25498"},{"taxonomy":"product_cat","embeddable":true,"href":"https:\/\/fodurlandid.is\/en\/wp-json\/wp\/v2\/product_cat?post=25498"},{"taxonomy":"product_tag","embeddable":true,"href":"https:\/\/fodurlandid.is\/en\/wp-json\/wp\/v2\/product_tag?post=25498"}],"curies":[{"name":"wp","href":"https:\/\/api.w.org\/{rel}","templated":true}]}}