{"id":25388,"date":"2025-10-27T08:39:51","date_gmt":"2025-10-27T08:39:51","guid":{"rendered":"https:\/\/fodurlandid.is\/?post_type=product&#038;p=25388"},"modified":"2026-04-08T13:35:08","modified_gmt":"2026-04-08T13:35:08","slug":"ta001","status":"publish","type":"product","link":"https:\/\/fodurlandid.is\/en\/product\/ta001\/","title":{"rendered":"Mandala bl\u00f3m DIY vi\u00f0arp\u00fasl me\u00f0 200 bitum"},"content":{"rendered":"","protected":false},"excerpt":{"rendered":"<p>Mj\u00f6g flott Mandala vi\u00f0arp\u00fasl af bl\u00f3mi sem er b\u00e6\u00f0i skemmtilegt a\u00f0 setja saman og g\u00f3\u00f0 \u00fej\u00e1lfun fyrir heilann. Fr\u00e1b\u00e6r gj\u00f6f fyrir jafnt unglinga og fullor\u00f0na.<\/p>\n<p><strong>Mystic Mandala Flower<\/strong><br \/>\n\u2013 St\u00e6r\u00f0: 28,3*19,9 cm<br \/>\n\u2013 Fj\u00f6ldi hluta: 200 bitar<br \/>\n\u2013 Aldur: M\u00e6lt me\u00f0 14 \u00e1ra og eldri<br \/>\n\u2013 Erfi\u00f0leikastig: 2 af 5<br \/>\n\u2013 Vottun: CE<\/p>\n","protected":false},"featured_media":25389,"template":"","meta":[],"product_brand":[434],"product_cat":[430],"product_tag":[],"class_list":{"0":"post-25388","1":"product","2":"type-product","3":"status-publish","4":"has-post-thumbnail","6":"product_brand-rowood","7":"product_cat-thrividdar-diy-vidarpusl","9":"first","10":"instock","11":"taxable","12":"shipping-taxable","13":"product-type-simple"},"yoast_head":"<!-- This site is optimized with the Yoast SEO Premium plugin v21.5 (Yoast SEO v27.5) - https:\/\/yoast.com\/product\/yoast-seo-premium-wordpress\/ -->\n<title>Mandala bl\u00f3m DIY vi\u00f0arp\u00fasl me\u00f0 200 bitum<\/title>\n<meta name=\"description\" content=\"Mj\u00f6g flott Mandala p\u00fasluspil af bl\u00f3mi sem er b\u00e6\u00f0i skemmtilegt a\u00f0 setja saman og g\u00f3\u00f0 \u00fej\u00e1lfun fyrir heilann. Fr\u00e1b\u00e6r gj\u00f6f fyrir jafnt unglinga og fullor\u00f0na.\" \/>\n<meta name=\"robots\" content=\"index, follow, max-snippet:-1, max-image-preview:large, max-video-preview:-1\" \/>\n<link rel=\"canonical\" href=\"https:\/\/fodurlandid.is\/vara\/ta001\/\" \/>\n<meta property=\"og:locale\" content=\"en_US\" \/>\n<meta property=\"og:type\" content=\"article\" \/>\n<meta property=\"og:title\" content=\"Mandala bl\u00f3m DIY vi\u00f0arp\u00fasl me\u00f0 200 bitum\" \/>\n<meta property=\"og:description\" content=\"Mj\u00f6g flott Mandala p\u00fasluspil af bl\u00f3mi sem er b\u00e6\u00f0i skemmtilegt a\u00f0 setja saman og g\u00f3\u00f0 \u00fej\u00e1lfun fyrir heilann. Fr\u00e1b\u00e6r gj\u00f6f fyrir jafnt unglinga og fullor\u00f0na.\" \/>\n<meta property=\"og:url\" content=\"https:\/\/fodurlandid.is\/vara\/ta001\/\" \/>\n<meta property=\"og:site_name\" content=\"F&ouml;&eth;urlandi&eth; heildsala\" \/>\n<meta property=\"article:modified_time\" content=\"2026-04-08T13:35:08+00:00\" \/>\n<meta property=\"og:image\" content=\"https:\/\/fodurlandid.is\/wp-content\/uploads\/2025\/10\/TA001.jpg\" \/>\n\t<meta property=\"og:image:width\" content=\"600\" \/>\n\t<meta property=\"og:image:height\" content=\"600\" \/>\n\t<meta property=\"og:image:type\" content=\"image\/jpeg\" \/>\n<meta name=\"twitter:card\" content=\"summary_large_image\" \/>\n<meta name=\"twitter:label1\" content=\"Est. reading time\" \/>\n\t<meta name=\"twitter:data1\" content=\"1 minute\" \/>\n<script type=\"application\/ld+json\" class=\"yoast-schema-graph\">{\"@context\":\"https:\\\/\\\/schema.org\",\"@graph\":[{\"@type\":\"WebPage\",\"@id\":\"https:\\\/\\\/fodurlandid.is\\\/vara\\\/ta001\\\/\",\"url\":\"https:\\\/\\\/fodurlandid.is\\\/vara\\\/ta001\\\/\",\"name\":\"Mandala bl\u00f3m DIY vi\u00f0arp\u00fasl me\u00f0 200 bitum\",\"isPartOf\":{\"@id\":\"https:\\\/\\\/fodurlandid.is\\\/#website\"},\"primaryImageOfPage\":{\"@id\":\"https:\\\/\\\/fodurlandid.is\\\/vara\\\/ta001\\\/#primaryimage\"},\"image\":{\"@id\":\"https:\\\/\\\/fodurlandid.is\\\/vara\\\/ta001\\\/#primaryimage\"},\"thumbnailUrl\":\"https:\\\/\\\/fodurlandid.is\\\/wp-content\\\/uploads\\\/2025\\\/10\\\/TA001.jpg\",\"datePublished\":\"2025-10-27T08:39:51+00:00\",\"dateModified\":\"2026-04-08T13:35:08+00:00\",\"description\":\"Mj\u00f6g flott Mandala p\u00fasluspil af bl\u00f3mi sem er b\u00e6\u00f0i skemmtilegt a\u00f0 setja saman og g\u00f3\u00f0 \u00fej\u00e1lfun fyrir heilann. Fr\u00e1b\u00e6r gj\u00f6f fyrir jafnt unglinga og fullor\u00f0na.\",\"breadcrumb\":{\"@id\":\"https:\\\/\\\/fodurlandid.is\\\/vara\\\/ta001\\\/#breadcrumb\"},\"inLanguage\":\"en-US\",\"potentialAction\":[{\"@type\":\"ReadAction\",\"target\":[\"https:\\\/\\\/fodurlandid.is\\\/vara\\\/ta001\\\/\"]}]},{\"@type\":\"ImageObject\",\"inLanguage\":\"en-US\",\"@id\":\"https:\\\/\\\/fodurlandid.is\\\/vara\\\/ta001\\\/#primaryimage\",\"url\":\"https:\\\/\\\/fodurlandid.is\\\/wp-content\\\/uploads\\\/2025\\\/10\\\/TA001.jpg\",\"contentUrl\":\"https:\\\/\\\/fodurlandid.is\\\/wp-content\\\/uploads\\\/2025\\\/10\\\/TA001.jpg\",\"width\":600,\"height\":600},{\"@type\":\"BreadcrumbList\",\"@id\":\"https:\\\/\\\/fodurlandid.is\\\/vara\\\/ta001\\\/#breadcrumb\",\"itemListElement\":[{\"@type\":\"ListItem\",\"position\":1,\"name\":\"Home\",\"item\":\"https:\\\/\\\/fodurlandid.is\\\/\"},{\"@type\":\"ListItem\",\"position\":2,\"name\":\"Shop\",\"item\":\"https:\\\/\\\/www.vorulagerinn.is\\\/heildsala\\\/en\\\/shop\\\/\"},{\"@type\":\"ListItem\",\"position\":3,\"name\":\"Mandala bl\u00f3m DIY vi\u00f0arp\u00fasl me\u00f0 200 bitum\"}]},{\"@type\":\"WebSite\",\"@id\":\"https:\\\/\\\/fodurlandid.is\\\/#website\",\"url\":\"https:\\\/\\\/fodurlandid.is\\\/\",\"name\":\"F\u00f6\u00f0urlandi\u00f0 ehf, heildsala\",\"description\":\"Innflutnings, umbo&eth;s- og dreifingara&eth;ili\",\"publisher\":{\"@id\":\"https:\\\/\\\/fodurlandid.is\\\/#organization\"},\"alternateName\":\"Innflutnings, umbo\u00f0s- og dreifingara\u00f0ili\",\"potentialAction\":[{\"@type\":\"SearchAction\",\"target\":{\"@type\":\"EntryPoint\",\"urlTemplate\":\"https:\\\/\\\/fodurlandid.is\\\/?s={search_term_string}\"},\"query-input\":{\"@type\":\"PropertyValueSpecification\",\"valueRequired\":true,\"valueName\":\"search_term_string\"}}],\"inLanguage\":\"en-US\"},{\"@type\":\"Organization\",\"@id\":\"https:\\\/\\\/fodurlandid.is\\\/#organization\",\"name\":\"Innflutnings, umbo\u00f0s- og dreifingara\u00f0ili\",\"url\":\"https:\\\/\\\/fodurlandid.is\\\/\",\"logo\":{\"@type\":\"ImageObject\",\"inLanguage\":\"en-US\",\"@id\":\"https:\\\/\\\/fodurlandid.is\\\/#\\\/schema\\\/logo\\\/image\\\/\",\"url\":\"https:\\\/\\\/fodurlandid.is\\\/wp-content\\\/uploads\\\/2024\\\/05\\\/Fodurlandid.png\",\"contentUrl\":\"https:\\\/\\\/fodurlandid.is\\\/wp-content\\\/uploads\\\/2024\\\/05\\\/Fodurlandid.png\",\"width\":400,\"height\":293,\"caption\":\"Innflutnings, umbo\u00f0s- og dreifingara\u00f0ili\"},\"image\":{\"@id\":\"https:\\\/\\\/fodurlandid.is\\\/#\\\/schema\\\/logo\\\/image\\\/\"}}]}<\/script>\n<!-- \/ Yoast SEO Premium plugin. -->","yoast_head_json":{"title":"Mandala bl\u00f3m DIY vi\u00f0arp\u00fasl me\u00f0 200 bitum","description":"Mj\u00f6g flott Mandala p\u00fasluspil af bl\u00f3mi sem er b\u00e6\u00f0i skemmtilegt a\u00f0 setja saman og g\u00f3\u00f0 \u00fej\u00e1lfun fyrir heilann. Fr\u00e1b\u00e6r gj\u00f6f fyrir jafnt unglinga og fullor\u00f0na.","robots":{"index":"index","follow":"follow","max-snippet":"max-snippet:-1","max-image-preview":"max-image-preview:large","max-video-preview":"max-video-preview:-1"},"canonical":"https:\/\/fodurlandid.is\/vara\/ta001\/","og_locale":"en_US","og_type":"article","og_title":"Mandala bl\u00f3m DIY vi\u00f0arp\u00fasl me\u00f0 200 bitum","og_description":"Mj\u00f6g flott Mandala p\u00fasluspil af bl\u00f3mi sem er b\u00e6\u00f0i skemmtilegt a\u00f0 setja saman og g\u00f3\u00f0 \u00fej\u00e1lfun fyrir heilann. Fr\u00e1b\u00e6r gj\u00f6f fyrir jafnt unglinga og fullor\u00f0na.","og_url":"https:\/\/fodurlandid.is\/vara\/ta001\/","og_site_name":"F&ouml;&eth;urlandi&eth; heildsala","article_modified_time":"2026-04-08T13:35:08+00:00","og_image":[{"width":600,"height":600,"url":"https:\/\/fodurlandid.is\/wp-content\/uploads\/2025\/10\/TA001.jpg","type":"image\/jpeg"}],"twitter_card":"summary_large_image","twitter_misc":{"Est. reading time":"1 minute"},"schema":{"@context":"https:\/\/schema.org","@graph":[{"@type":"WebPage","@id":"https:\/\/fodurlandid.is\/vara\/ta001\/","url":"https:\/\/fodurlandid.is\/vara\/ta001\/","name":"Mandala bl\u00f3m DIY vi\u00f0arp\u00fasl me\u00f0 200 bitum","isPartOf":{"@id":"https:\/\/fodurlandid.is\/#website"},"primaryImageOfPage":{"@id":"https:\/\/fodurlandid.is\/vara\/ta001\/#primaryimage"},"image":{"@id":"https:\/\/fodurlandid.is\/vara\/ta001\/#primaryimage"},"thumbnailUrl":"https:\/\/fodurlandid.is\/wp-content\/uploads\/2025\/10\/TA001.jpg","datePublished":"2025-10-27T08:39:51+00:00","dateModified":"2026-04-08T13:35:08+00:00","description":"Mj\u00f6g flott Mandala p\u00fasluspil af bl\u00f3mi sem er b\u00e6\u00f0i skemmtilegt a\u00f0 setja saman og g\u00f3\u00f0 \u00fej\u00e1lfun fyrir heilann. Fr\u00e1b\u00e6r gj\u00f6f fyrir jafnt unglinga og fullor\u00f0na.","breadcrumb":{"@id":"https:\/\/fodurlandid.is\/vara\/ta001\/#breadcrumb"},"inLanguage":"en-US","potentialAction":[{"@type":"ReadAction","target":["https:\/\/fodurlandid.is\/vara\/ta001\/"]}]},{"@type":"ImageObject","inLanguage":"en-US","@id":"https:\/\/fodurlandid.is\/vara\/ta001\/#primaryimage","url":"https:\/\/fodurlandid.is\/wp-content\/uploads\/2025\/10\/TA001.jpg","contentUrl":"https:\/\/fodurlandid.is\/wp-content\/uploads\/2025\/10\/TA001.jpg","width":600,"height":600},{"@type":"BreadcrumbList","@id":"https:\/\/fodurlandid.is\/vara\/ta001\/#breadcrumb","itemListElement":[{"@type":"ListItem","position":1,"name":"Home","item":"https:\/\/fodurlandid.is\/"},{"@type":"ListItem","position":2,"name":"Shop","item":"https:\/\/www.vorulagerinn.is\/heildsala\/en\/shop\/"},{"@type":"ListItem","position":3,"name":"Mandala bl\u00f3m DIY vi\u00f0arp\u00fasl me\u00f0 200 bitum"}]},{"@type":"WebSite","@id":"https:\/\/fodurlandid.is\/#website","url":"https:\/\/fodurlandid.is\/","name":"F\u00f6\u00f0urlandi\u00f0 ehf, heildsala","description":"Innflutnings, umbo&eth;s- og dreifingara&eth;ili","publisher":{"@id":"https:\/\/fodurlandid.is\/#organization"},"alternateName":"Innflutnings, umbo\u00f0s- og dreifingara\u00f0ili","potentialAction":[{"@type":"SearchAction","target":{"@type":"EntryPoint","urlTemplate":"https:\/\/fodurlandid.is\/?s={search_term_string}"},"query-input":{"@type":"PropertyValueSpecification","valueRequired":true,"valueName":"search_term_string"}}],"inLanguage":"en-US"},{"@type":"Organization","@id":"https:\/\/fodurlandid.is\/#organization","name":"Innflutnings, umbo\u00f0s- og dreifingara\u00f0ili","url":"https:\/\/fodurlandid.is\/","logo":{"@type":"ImageObject","inLanguage":"en-US","@id":"https:\/\/fodurlandid.is\/#\/schema\/logo\/image\/","url":"https:\/\/fodurlandid.is\/wp-content\/uploads\/2024\/05\/Fodurlandid.png","contentUrl":"https:\/\/fodurlandid.is\/wp-content\/uploads\/2024\/05\/Fodurlandid.png","width":400,"height":293,"caption":"Innflutnings, umbo\u00f0s- og dreifingara\u00f0ili"},"image":{"@id":"https:\/\/fodurlandid.is\/#\/schema\/logo\/image\/"}}]}},"_links":{"self":[{"href":"https:\/\/fodurlandid.is\/en\/wp-json\/wp\/v2\/product\/25388","targetHints":{"allow":["GET"]}}],"collection":[{"href":"https:\/\/fodurlandid.is\/en\/wp-json\/wp\/v2\/product"}],"about":[{"href":"https:\/\/fodurlandid.is\/en\/wp-json\/wp\/v2\/types\/product"}],"wp:featuredmedia":[{"embeddable":true,"href":"https:\/\/fodurlandid.is\/en\/wp-json\/wp\/v2\/media\/25389"}],"wp:attachment":[{"href":"https:\/\/fodurlandid.is\/en\/wp-json\/wp\/v2\/media?parent=25388"}],"wp:term":[{"taxonomy":"product_brand","embeddable":true,"href":"https:\/\/fodurlandid.is\/en\/wp-json\/wp\/v2\/product_brand?post=25388"},{"taxonomy":"product_cat","embeddable":true,"href":"https:\/\/fodurlandid.is\/en\/wp-json\/wp\/v2\/product_cat?post=25388"},{"taxonomy":"product_tag","embeddable":true,"href":"https:\/\/fodurlandid.is\/en\/wp-json\/wp\/v2\/product_tag?post=25388"}],"curies":[{"name":"wp","href":"https:\/\/api.w.org\/{rel}","templated":true}]}}