{"id":25375,"date":"2025-10-27T08:38:11","date_gmt":"2025-10-27T08:38:11","guid":{"rendered":"https:\/\/fodurlandid.is\/?post_type=product&#038;p=25375"},"modified":"2025-11-21T09:32:25","modified_gmt":"2025-11-21T09:32:25","slug":"tak002","status":"publish","type":"product","link":"https:\/\/fodurlandid.is\/en\/product\/tak002\/","title":{"rendered":"Svartur rammi fyrir DIY vi\u00f0arp\u00fasl"},"content":{"rendered":"","protected":false},"excerpt":{"rendered":"<p>Gl\u00e6silegur svartur p\u00fasl rammi til a\u00f0 ramma inn DIY vi\u00f0arp\u00faslin og hengja \u00e1 vegg. Ramminn er \u00far h\u00e1g\u00e6\u00f0a efnum, er sterkur og passar fullkomlega inn \u00e1 hva\u00f0a heimili sem er. Fr\u00e1b\u00e6r lei\u00f0 til a\u00f0 var\u00f0veita fallegustu vi\u00f0arp\u00faslin.<\/p>\n<p><strong>Black Vintage Puzzle Frame<\/strong><br \/>\n\u2013 Litur: Svartur<br \/>\n\u2013 St\u00e6r\u00f0: 30,3*40,6 cm (16&#8243;)<br \/>\n\u2013 \u00deyngd: 1.500 g<br \/>\n\u2013 Vottun: CE<\/p>\n","protected":false},"featured_media":25378,"template":"","meta":[],"product_brand":[434],"product_cat":[430],"product_tag":[],"class_list":{"0":"post-25375","1":"product","2":"type-product","3":"status-publish","4":"has-post-thumbnail","6":"product_brand-rowood","7":"product_cat-thrividdar-diy-vidarpusl","9":"first","10":"instock","11":"taxable","12":"shipping-taxable","13":"product-type-simple"},"yoast_head":"<!-- This site is optimized with the Yoast SEO Premium plugin v21.5 (Yoast SEO v27.5) - https:\/\/yoast.com\/product\/yoast-seo-premium-wordpress\/ -->\n<title>Svartur rammi fyrir DIY vi\u00f0arp\u00fasl | 30,3*40,6 cm (16&quot; rammi)<\/title>\n<meta name=\"description\" content=\"Gl\u00e6silegur svartur rammi til a\u00f0 ramma inn DIY vi\u00f0arp\u00faslin og hengja \u00e1 vegg. Er \u00far h\u00e1g\u00e6\u00f0a efnum, er sterkur og passar fullkomlega inn \u00e1 \u00f6ll heimili\" \/>\n<meta name=\"robots\" content=\"index, follow, max-snippet:-1, max-image-preview:large, max-video-preview:-1\" \/>\n<link rel=\"canonical\" href=\"https:\/\/fodurlandid.is\/vara\/tak002\/\" \/>\n<meta property=\"og:locale\" content=\"en_US\" \/>\n<meta property=\"og:type\" content=\"article\" \/>\n<meta property=\"og:title\" content=\"Svartur rammi fyrir DIY vi\u00f0arp\u00fasl\" \/>\n<meta property=\"og:description\" content=\"Gl\u00e6silegur svartur rammi til a\u00f0 ramma inn DIY vi\u00f0arp\u00faslin og hengja \u00e1 vegg. Er \u00far h\u00e1g\u00e6\u00f0a efnum, er sterkur og passar fullkomlega inn \u00e1 \u00f6ll heimili\" \/>\n<meta property=\"og:url\" content=\"https:\/\/fodurlandid.is\/vara\/tak002\/\" \/>\n<meta property=\"og:site_name\" content=\"F&ouml;&eth;urlandi&eth; heildsala\" \/>\n<meta property=\"article:modified_time\" content=\"2025-11-21T09:32:25+00:00\" \/>\n<meta property=\"og:image\" content=\"https:\/\/fodurlandid.is\/wp-content\/uploads\/2025\/10\/TAK002_.jpg\" \/>\n\t<meta property=\"og:image:width\" content=\"600\" \/>\n\t<meta property=\"og:image:height\" content=\"600\" \/>\n\t<meta property=\"og:image:type\" content=\"image\/jpeg\" \/>\n<meta name=\"twitter:card\" content=\"summary_large_image\" \/>\n<meta name=\"twitter:label1\" content=\"Est. reading time\" \/>\n\t<meta name=\"twitter:data1\" content=\"1 minute\" \/>\n<script type=\"application\/ld+json\" class=\"yoast-schema-graph\">{\"@context\":\"https:\\\/\\\/schema.org\",\"@graph\":[{\"@type\":\"WebPage\",\"@id\":\"https:\\\/\\\/fodurlandid.is\\\/vara\\\/tak002\\\/\",\"url\":\"https:\\\/\\\/fodurlandid.is\\\/vara\\\/tak002\\\/\",\"name\":\"Svartur rammi fyrir DIY vi\u00f0arp\u00fasl | 30,3*40,6 cm (16\\\" rammi)\",\"isPartOf\":{\"@id\":\"https:\\\/\\\/fodurlandid.is\\\/#website\"},\"primaryImageOfPage\":{\"@id\":\"https:\\\/\\\/fodurlandid.is\\\/vara\\\/tak002\\\/#primaryimage\"},\"image\":{\"@id\":\"https:\\\/\\\/fodurlandid.is\\\/vara\\\/tak002\\\/#primaryimage\"},\"thumbnailUrl\":\"https:\\\/\\\/fodurlandid.is\\\/wp-content\\\/uploads\\\/2025\\\/10\\\/TAK002_.jpg\",\"datePublished\":\"2025-10-27T08:38:11+00:00\",\"dateModified\":\"2025-11-21T09:32:25+00:00\",\"description\":\"Gl\u00e6silegur svartur rammi til a\u00f0 ramma inn DIY vi\u00f0arp\u00faslin og hengja \u00e1 vegg. Er \u00far h\u00e1g\u00e6\u00f0a efnum, er sterkur og passar fullkomlega inn \u00e1 \u00f6ll heimili\",\"breadcrumb\":{\"@id\":\"https:\\\/\\\/fodurlandid.is\\\/vara\\\/tak002\\\/#breadcrumb\"},\"inLanguage\":\"en-US\",\"potentialAction\":[{\"@type\":\"ReadAction\",\"target\":[\"https:\\\/\\\/fodurlandid.is\\\/vara\\\/tak002\\\/\"]}]},{\"@type\":\"ImageObject\",\"inLanguage\":\"en-US\",\"@id\":\"https:\\\/\\\/fodurlandid.is\\\/vara\\\/tak002\\\/#primaryimage\",\"url\":\"https:\\\/\\\/fodurlandid.is\\\/wp-content\\\/uploads\\\/2025\\\/10\\\/TAK002_.jpg\",\"contentUrl\":\"https:\\\/\\\/fodurlandid.is\\\/wp-content\\\/uploads\\\/2025\\\/10\\\/TAK002_.jpg\",\"width\":600,\"height\":600},{\"@type\":\"BreadcrumbList\",\"@id\":\"https:\\\/\\\/fodurlandid.is\\\/vara\\\/tak002\\\/#breadcrumb\",\"itemListElement\":[{\"@type\":\"ListItem\",\"position\":1,\"name\":\"Home\",\"item\":\"https:\\\/\\\/fodurlandid.is\\\/\"},{\"@type\":\"ListItem\",\"position\":2,\"name\":\"Shop\",\"item\":\"https:\\\/\\\/www.vorulagerinn.is\\\/heildsala\\\/en\\\/shop\\\/\"},{\"@type\":\"ListItem\",\"position\":3,\"name\":\"Svartur rammi fyrir DIY vi\u00f0arp\u00fasl\"}]},{\"@type\":\"WebSite\",\"@id\":\"https:\\\/\\\/fodurlandid.is\\\/#website\",\"url\":\"https:\\\/\\\/fodurlandid.is\\\/\",\"name\":\"F\u00f6\u00f0urlandi\u00f0 ehf, heildsala\",\"description\":\"Innflutnings, umbo&eth;s- og dreifingara&eth;ili\",\"publisher\":{\"@id\":\"https:\\\/\\\/fodurlandid.is\\\/#organization\"},\"alternateName\":\"Innflutnings, umbo\u00f0s- og dreifingara\u00f0ili\",\"potentialAction\":[{\"@type\":\"SearchAction\",\"target\":{\"@type\":\"EntryPoint\",\"urlTemplate\":\"https:\\\/\\\/fodurlandid.is\\\/?s={search_term_string}\"},\"query-input\":{\"@type\":\"PropertyValueSpecification\",\"valueRequired\":true,\"valueName\":\"search_term_string\"}}],\"inLanguage\":\"en-US\"},{\"@type\":\"Organization\",\"@id\":\"https:\\\/\\\/fodurlandid.is\\\/#organization\",\"name\":\"Innflutnings, umbo\u00f0s- og dreifingara\u00f0ili\",\"url\":\"https:\\\/\\\/fodurlandid.is\\\/\",\"logo\":{\"@type\":\"ImageObject\",\"inLanguage\":\"en-US\",\"@id\":\"https:\\\/\\\/fodurlandid.is\\\/#\\\/schema\\\/logo\\\/image\\\/\",\"url\":\"https:\\\/\\\/fodurlandid.is\\\/wp-content\\\/uploads\\\/2024\\\/05\\\/Fodurlandid.png\",\"contentUrl\":\"https:\\\/\\\/fodurlandid.is\\\/wp-content\\\/uploads\\\/2024\\\/05\\\/Fodurlandid.png\",\"width\":400,\"height\":293,\"caption\":\"Innflutnings, umbo\u00f0s- og dreifingara\u00f0ili\"},\"image\":{\"@id\":\"https:\\\/\\\/fodurlandid.is\\\/#\\\/schema\\\/logo\\\/image\\\/\"}}]}<\/script>\n<!-- \/ Yoast SEO Premium plugin. -->","yoast_head_json":{"title":"Svartur rammi fyrir DIY vi\u00f0arp\u00fasl | 30,3*40,6 cm (16\" rammi)","description":"Gl\u00e6silegur svartur rammi til a\u00f0 ramma inn DIY vi\u00f0arp\u00faslin og hengja \u00e1 vegg. Er \u00far h\u00e1g\u00e6\u00f0a efnum, er sterkur og passar fullkomlega inn \u00e1 \u00f6ll heimili","robots":{"index":"index","follow":"follow","max-snippet":"max-snippet:-1","max-image-preview":"max-image-preview:large","max-video-preview":"max-video-preview:-1"},"canonical":"https:\/\/fodurlandid.is\/vara\/tak002\/","og_locale":"en_US","og_type":"article","og_title":"Svartur rammi fyrir DIY vi\u00f0arp\u00fasl","og_description":"Gl\u00e6silegur svartur rammi til a\u00f0 ramma inn DIY vi\u00f0arp\u00faslin og hengja \u00e1 vegg. Er \u00far h\u00e1g\u00e6\u00f0a efnum, er sterkur og passar fullkomlega inn \u00e1 \u00f6ll heimili","og_url":"https:\/\/fodurlandid.is\/vara\/tak002\/","og_site_name":"F&ouml;&eth;urlandi&eth; heildsala","article_modified_time":"2025-11-21T09:32:25+00:00","og_image":[{"width":600,"height":600,"url":"https:\/\/fodurlandid.is\/wp-content\/uploads\/2025\/10\/TAK002_.jpg","type":"image\/jpeg"}],"twitter_card":"summary_large_image","twitter_misc":{"Est. reading time":"1 minute"},"schema":{"@context":"https:\/\/schema.org","@graph":[{"@type":"WebPage","@id":"https:\/\/fodurlandid.is\/vara\/tak002\/","url":"https:\/\/fodurlandid.is\/vara\/tak002\/","name":"Svartur rammi fyrir DIY vi\u00f0arp\u00fasl | 30,3*40,6 cm (16\" rammi)","isPartOf":{"@id":"https:\/\/fodurlandid.is\/#website"},"primaryImageOfPage":{"@id":"https:\/\/fodurlandid.is\/vara\/tak002\/#primaryimage"},"image":{"@id":"https:\/\/fodurlandid.is\/vara\/tak002\/#primaryimage"},"thumbnailUrl":"https:\/\/fodurlandid.is\/wp-content\/uploads\/2025\/10\/TAK002_.jpg","datePublished":"2025-10-27T08:38:11+00:00","dateModified":"2025-11-21T09:32:25+00:00","description":"Gl\u00e6silegur svartur rammi til a\u00f0 ramma inn DIY vi\u00f0arp\u00faslin og hengja \u00e1 vegg. Er \u00far h\u00e1g\u00e6\u00f0a efnum, er sterkur og passar fullkomlega inn \u00e1 \u00f6ll heimili","breadcrumb":{"@id":"https:\/\/fodurlandid.is\/vara\/tak002\/#breadcrumb"},"inLanguage":"en-US","potentialAction":[{"@type":"ReadAction","target":["https:\/\/fodurlandid.is\/vara\/tak002\/"]}]},{"@type":"ImageObject","inLanguage":"en-US","@id":"https:\/\/fodurlandid.is\/vara\/tak002\/#primaryimage","url":"https:\/\/fodurlandid.is\/wp-content\/uploads\/2025\/10\/TAK002_.jpg","contentUrl":"https:\/\/fodurlandid.is\/wp-content\/uploads\/2025\/10\/TAK002_.jpg","width":600,"height":600},{"@type":"BreadcrumbList","@id":"https:\/\/fodurlandid.is\/vara\/tak002\/#breadcrumb","itemListElement":[{"@type":"ListItem","position":1,"name":"Home","item":"https:\/\/fodurlandid.is\/"},{"@type":"ListItem","position":2,"name":"Shop","item":"https:\/\/www.vorulagerinn.is\/heildsala\/en\/shop\/"},{"@type":"ListItem","position":3,"name":"Svartur rammi fyrir DIY vi\u00f0arp\u00fasl"}]},{"@type":"WebSite","@id":"https:\/\/fodurlandid.is\/#website","url":"https:\/\/fodurlandid.is\/","name":"F\u00f6\u00f0urlandi\u00f0 ehf, heildsala","description":"Innflutnings, umbo&eth;s- og dreifingara&eth;ili","publisher":{"@id":"https:\/\/fodurlandid.is\/#organization"},"alternateName":"Innflutnings, umbo\u00f0s- og dreifingara\u00f0ili","potentialAction":[{"@type":"SearchAction","target":{"@type":"EntryPoint","urlTemplate":"https:\/\/fodurlandid.is\/?s={search_term_string}"},"query-input":{"@type":"PropertyValueSpecification","valueRequired":true,"valueName":"search_term_string"}}],"inLanguage":"en-US"},{"@type":"Organization","@id":"https:\/\/fodurlandid.is\/#organization","name":"Innflutnings, umbo\u00f0s- og dreifingara\u00f0ili","url":"https:\/\/fodurlandid.is\/","logo":{"@type":"ImageObject","inLanguage":"en-US","@id":"https:\/\/fodurlandid.is\/#\/schema\/logo\/image\/","url":"https:\/\/fodurlandid.is\/wp-content\/uploads\/2024\/05\/Fodurlandid.png","contentUrl":"https:\/\/fodurlandid.is\/wp-content\/uploads\/2024\/05\/Fodurlandid.png","width":400,"height":293,"caption":"Innflutnings, umbo\u00f0s- og dreifingara\u00f0ili"},"image":{"@id":"https:\/\/fodurlandid.is\/#\/schema\/logo\/image\/"}}]}},"_links":{"self":[{"href":"https:\/\/fodurlandid.is\/en\/wp-json\/wp\/v2\/product\/25375","targetHints":{"allow":["GET"]}}],"collection":[{"href":"https:\/\/fodurlandid.is\/en\/wp-json\/wp\/v2\/product"}],"about":[{"href":"https:\/\/fodurlandid.is\/en\/wp-json\/wp\/v2\/types\/product"}],"wp:featuredmedia":[{"embeddable":true,"href":"https:\/\/fodurlandid.is\/en\/wp-json\/wp\/v2\/media\/25378"}],"wp:attachment":[{"href":"https:\/\/fodurlandid.is\/en\/wp-json\/wp\/v2\/media?parent=25375"}],"wp:term":[{"taxonomy":"product_brand","embeddable":true,"href":"https:\/\/fodurlandid.is\/en\/wp-json\/wp\/v2\/product_brand?post=25375"},{"taxonomy":"product_cat","embeddable":true,"href":"https:\/\/fodurlandid.is\/en\/wp-json\/wp\/v2\/product_cat?post=25375"},{"taxonomy":"product_tag","embeddable":true,"href":"https:\/\/fodurlandid.is\/en\/wp-json\/wp\/v2\/product_tag?post=25375"}],"curies":[{"name":"wp","href":"https:\/\/api.w.org\/{rel}","templated":true}]}}