{"id":25308,"date":"2025-11-22T08:25:57","date_gmt":"2025-11-22T08:25:57","guid":{"rendered":"https:\/\/fodurlandid.is\/?post_type=product&#038;p=25308"},"modified":"2026-02-25T12:55:13","modified_gmt":"2026-02-25T12:55:13","slug":"tgm02","status":"publish","type":"product","link":"https:\/\/fodurlandid.is\/en\/product\/tgm02\/","title":{"rendered":"Bresk r\u00fata \u00ed London \u2013 \u00der\u00edv\u00edddar DIY vi\u00f0arp\u00fasl"},"content":{"rendered":"<p><iframe loading=\"lazy\" title=\"Rolife London Tour Bus\" width=\"1020\" height=\"574\" src=\"https:\/\/www.youtube.com\/embed\/nMKEK4r1B-s?start=1&#038;feature=oembed\" frameborder=\"0\" allow=\"accelerometer; autoplay; clipboard-write; encrypted-media; gyroscope; picture-in-picture; web-share\" referrerpolicy=\"strict-origin-when-cross-origin\" allowfullscreen><\/iframe><\/p>\n<p>&nbsp;<\/p>\n","protected":false},"excerpt":{"rendered":"<p>R\u00fatan er \u00feekkt fyrir sinn rau\u00f0an lit og tv\u00e6r h\u00e6\u00f0ir. Fer\u00f0amenn \u00ed London geta teki\u00f0 r\u00fatuna til a\u00f0 sko\u00f0a borgina e\u00f0a til a\u00f0 fer\u00f0ast \u00e1 milli sta\u00f0a. N\u00fa getur \u00fe\u00fa endurskapa\u00f0 eftirl\u00edkingu af r\u00fatunni heima \u00ed stofu me\u00f0 255 stk af 3d vi\u00f0arp\u00faslum.<\/p>\n<p>\u00cd DIY kassanum fylgir allt sem \u00fearf \u00e1samt lei\u00f0beiningum sem au\u00f0velt er fylgja.<\/p>\n<p><strong>London Tour Bus<\/strong><br \/>\n\u2013 Myndband af v\u00f6ru er ne\u00f0ar \u00e1 \u00feessari s\u00ed\u00f0u<br \/>\n\u2013 St\u00e6r\u00f0: 19,4&#215;7,8&#215;11,3 cm<br \/>\n\u2013 Fj\u00f6ldi hluta: 255 \u00fer\u00edv\u00edddar vi\u00f0arp\u00fasl<br \/>\n\u2013 \u00cd kassanum fyglir allt sem \u00fearf til a\u00f0 setja v\u00f6runa saman<br \/>\n\u2013 Lei\u00f0beiningar sem au\u00f0velt er a\u00f0 fylgja<br \/>\n\u2013 Aldur: 14 \u00e1ra og eldri<br \/>\n\u2013 \u00c1\u00e6tla\u00f0ur samsetningart\u00edmi: 3 klst<br \/>\n\u2013 Vottun: CE<\/p>\n","protected":false},"featured_media":25309,"template":"","meta":[],"product_brand":[431],"product_cat":[430],"product_tag":[],"class_list":{"0":"post-25308","1":"product","2":"type-product","3":"status-publish","4":"has-post-thumbnail","6":"product_brand-rolife","7":"product_cat-thrividdar-diy-vidarpusl","9":"first","10":"instock","11":"taxable","12":"shipping-taxable","13":"product-type-simple"},"yoast_head":"<!-- This site is optimized with the Yoast SEO Premium plugin v21.5 (Yoast SEO v27.3) - https:\/\/yoast.com\/product\/yoast-seo-premium-wordpress\/ -->\n<title>Bresk r\u00fata \u00ed London \u2013 \u00der\u00edv\u00edddar DIY vi\u00f0arp\u00fasl<\/title>\n<meta name=\"description\" content=\"R\u00fatan er \u00feekkt fyrir sinn rau\u00f0an lit og tv\u00e6r h\u00e6\u00f0ir. N\u00fa getur \u00fe\u00fa endurskapa\u00f0 eftirl\u00edkingu af r\u00fatunni heima \u00ed stofu me\u00f0 255 stk af 3d vi\u00f0arp\u00faslum.\" \/>\n<meta name=\"robots\" content=\"index, follow, max-snippet:-1, max-image-preview:large, max-video-preview:-1\" \/>\n<link rel=\"canonical\" href=\"https:\/\/fodurlandid.is\/vara\/tgm02\/\" \/>\n<meta property=\"og:locale\" content=\"en_US\" \/>\n<meta property=\"og:type\" content=\"article\" \/>\n<meta property=\"og:title\" content=\"Bresk r\u00fata \u00ed London \u2013 \u00der\u00edv\u00edddar DIY vi\u00f0arp\u00fasl\" \/>\n<meta property=\"og:description\" content=\"R\u00fatan er \u00feekkt fyrir sinn rau\u00f0an lit og tv\u00e6r h\u00e6\u00f0ir. N\u00fa getur \u00fe\u00fa endurskapa\u00f0 eftirl\u00edkingu af r\u00fatunni heima \u00ed stofu me\u00f0 255 stk af 3d vi\u00f0arp\u00faslum.\" \/>\n<meta property=\"og:url\" content=\"https:\/\/fodurlandid.is\/vara\/tgm02\/\" \/>\n<meta property=\"og:site_name\" content=\"F&ouml;&eth;urlandi&eth; heildsala\" \/>\n<meta property=\"article:modified_time\" content=\"2026-02-25T12:55:13+00:00\" \/>\n<meta property=\"og:image\" content=\"https:\/\/fodurlandid.is\/wp-content\/uploads\/2025\/10\/TGM02.jpg\" \/>\n\t<meta property=\"og:image:width\" content=\"600\" \/>\n\t<meta property=\"og:image:height\" content=\"600\" \/>\n\t<meta property=\"og:image:type\" content=\"image\/jpeg\" \/>\n<meta name=\"twitter:card\" content=\"summary_large_image\" \/>\n<meta name=\"twitter:label1\" content=\"Est. reading time\" \/>\n\t<meta name=\"twitter:data1\" content=\"1 minute\" \/>\n<script type=\"application\/ld+json\" class=\"yoast-schema-graph\">{\"@context\":\"https:\\\/\\\/schema.org\",\"@graph\":[{\"@type\":\"WebPage\",\"@id\":\"https:\\\/\\\/fodurlandid.is\\\/vara\\\/tgm02\\\/\",\"url\":\"https:\\\/\\\/fodurlandid.is\\\/vara\\\/tgm02\\\/\",\"name\":\"Bresk r\u00fata \u00ed London \u2013 \u00der\u00edv\u00edddar DIY vi\u00f0arp\u00fasl\",\"isPartOf\":{\"@id\":\"https:\\\/\\\/fodurlandid.is\\\/#website\"},\"primaryImageOfPage\":{\"@id\":\"https:\\\/\\\/fodurlandid.is\\\/vara\\\/tgm02\\\/#primaryimage\"},\"image\":{\"@id\":\"https:\\\/\\\/fodurlandid.is\\\/vara\\\/tgm02\\\/#primaryimage\"},\"thumbnailUrl\":\"https:\\\/\\\/fodurlandid.is\\\/wp-content\\\/uploads\\\/2025\\\/10\\\/TGM02.jpg\",\"datePublished\":\"2025-11-22T08:25:57+00:00\",\"dateModified\":\"2026-02-25T12:55:13+00:00\",\"description\":\"R\u00fatan er \u00feekkt fyrir sinn rau\u00f0an lit og tv\u00e6r h\u00e6\u00f0ir. N\u00fa getur \u00fe\u00fa endurskapa\u00f0 eftirl\u00edkingu af r\u00fatunni heima \u00ed stofu me\u00f0 255 stk af 3d vi\u00f0arp\u00faslum.\",\"breadcrumb\":{\"@id\":\"https:\\\/\\\/fodurlandid.is\\\/vara\\\/tgm02\\\/#breadcrumb\"},\"inLanguage\":\"en-US\",\"potentialAction\":[{\"@type\":\"ReadAction\",\"target\":[\"https:\\\/\\\/fodurlandid.is\\\/vara\\\/tgm02\\\/\"]}]},{\"@type\":\"ImageObject\",\"inLanguage\":\"en-US\",\"@id\":\"https:\\\/\\\/fodurlandid.is\\\/vara\\\/tgm02\\\/#primaryimage\",\"url\":\"https:\\\/\\\/fodurlandid.is\\\/wp-content\\\/uploads\\\/2025\\\/10\\\/TGM02.jpg\",\"contentUrl\":\"https:\\\/\\\/fodurlandid.is\\\/wp-content\\\/uploads\\\/2025\\\/10\\\/TGM02.jpg\",\"width\":600,\"height\":600},{\"@type\":\"BreadcrumbList\",\"@id\":\"https:\\\/\\\/fodurlandid.is\\\/vara\\\/tgm02\\\/#breadcrumb\",\"itemListElement\":[{\"@type\":\"ListItem\",\"position\":1,\"name\":\"Home\",\"item\":\"https:\\\/\\\/fodurlandid.is\\\/\"},{\"@type\":\"ListItem\",\"position\":2,\"name\":\"Shop\",\"item\":\"https:\\\/\\\/www.vorulagerinn.is\\\/heildsala\\\/en\\\/shop\\\/\"},{\"@type\":\"ListItem\",\"position\":3,\"name\":\"Bresk r\u00fata \u00ed London \u2013 \u00der\u00edv\u00edddar DIY vi\u00f0arp\u00fasl\"}]},{\"@type\":\"WebSite\",\"@id\":\"https:\\\/\\\/fodurlandid.is\\\/#website\",\"url\":\"https:\\\/\\\/fodurlandid.is\\\/\",\"name\":\"F\u00f6\u00f0urlandi\u00f0 ehf, heildsala\",\"description\":\"Innflutnings, umbo&eth;s- og dreifingara&eth;ili\",\"publisher\":{\"@id\":\"https:\\\/\\\/fodurlandid.is\\\/#organization\"},\"alternateName\":\"Innflutnings, umbo\u00f0s- og dreifingara\u00f0ili\",\"potentialAction\":[{\"@type\":\"SearchAction\",\"target\":{\"@type\":\"EntryPoint\",\"urlTemplate\":\"https:\\\/\\\/fodurlandid.is\\\/?s={search_term_string}\"},\"query-input\":{\"@type\":\"PropertyValueSpecification\",\"valueRequired\":true,\"valueName\":\"search_term_string\"}}],\"inLanguage\":\"en-US\"},{\"@type\":\"Organization\",\"@id\":\"https:\\\/\\\/fodurlandid.is\\\/#organization\",\"name\":\"Innflutnings, umbo\u00f0s- og dreifingara\u00f0ili\",\"url\":\"https:\\\/\\\/fodurlandid.is\\\/\",\"logo\":{\"@type\":\"ImageObject\",\"inLanguage\":\"en-US\",\"@id\":\"https:\\\/\\\/fodurlandid.is\\\/#\\\/schema\\\/logo\\\/image\\\/\",\"url\":\"https:\\\/\\\/fodurlandid.is\\\/wp-content\\\/uploads\\\/2024\\\/05\\\/Fodurlandid.png\",\"contentUrl\":\"https:\\\/\\\/fodurlandid.is\\\/wp-content\\\/uploads\\\/2024\\\/05\\\/Fodurlandid.png\",\"width\":400,\"height\":293,\"caption\":\"Innflutnings, umbo\u00f0s- og dreifingara\u00f0ili\"},\"image\":{\"@id\":\"https:\\\/\\\/fodurlandid.is\\\/#\\\/schema\\\/logo\\\/image\\\/\"}}]}<\/script>\n<!-- \/ Yoast SEO Premium plugin. -->","yoast_head_json":{"title":"Bresk r\u00fata \u00ed London \u2013 \u00der\u00edv\u00edddar DIY vi\u00f0arp\u00fasl","description":"R\u00fatan er \u00feekkt fyrir sinn rau\u00f0an lit og tv\u00e6r h\u00e6\u00f0ir. N\u00fa getur \u00fe\u00fa endurskapa\u00f0 eftirl\u00edkingu af r\u00fatunni heima \u00ed stofu me\u00f0 255 stk af 3d vi\u00f0arp\u00faslum.","robots":{"index":"index","follow":"follow","max-snippet":"max-snippet:-1","max-image-preview":"max-image-preview:large","max-video-preview":"max-video-preview:-1"},"canonical":"https:\/\/fodurlandid.is\/vara\/tgm02\/","og_locale":"en_US","og_type":"article","og_title":"Bresk r\u00fata \u00ed London \u2013 \u00der\u00edv\u00edddar DIY vi\u00f0arp\u00fasl","og_description":"R\u00fatan er \u00feekkt fyrir sinn rau\u00f0an lit og tv\u00e6r h\u00e6\u00f0ir. N\u00fa getur \u00fe\u00fa endurskapa\u00f0 eftirl\u00edkingu af r\u00fatunni heima \u00ed stofu me\u00f0 255 stk af 3d vi\u00f0arp\u00faslum.","og_url":"https:\/\/fodurlandid.is\/vara\/tgm02\/","og_site_name":"F&ouml;&eth;urlandi&eth; heildsala","article_modified_time":"2026-02-25T12:55:13+00:00","og_image":[{"width":600,"height":600,"url":"https:\/\/fodurlandid.is\/wp-content\/uploads\/2025\/10\/TGM02.jpg","type":"image\/jpeg"}],"twitter_card":"summary_large_image","twitter_misc":{"Est. reading time":"1 minute"},"schema":{"@context":"https:\/\/schema.org","@graph":[{"@type":"WebPage","@id":"https:\/\/fodurlandid.is\/vara\/tgm02\/","url":"https:\/\/fodurlandid.is\/vara\/tgm02\/","name":"Bresk r\u00fata \u00ed London \u2013 \u00der\u00edv\u00edddar DIY vi\u00f0arp\u00fasl","isPartOf":{"@id":"https:\/\/fodurlandid.is\/#website"},"primaryImageOfPage":{"@id":"https:\/\/fodurlandid.is\/vara\/tgm02\/#primaryimage"},"image":{"@id":"https:\/\/fodurlandid.is\/vara\/tgm02\/#primaryimage"},"thumbnailUrl":"https:\/\/fodurlandid.is\/wp-content\/uploads\/2025\/10\/TGM02.jpg","datePublished":"2025-11-22T08:25:57+00:00","dateModified":"2026-02-25T12:55:13+00:00","description":"R\u00fatan er \u00feekkt fyrir sinn rau\u00f0an lit og tv\u00e6r h\u00e6\u00f0ir. N\u00fa getur \u00fe\u00fa endurskapa\u00f0 eftirl\u00edkingu af r\u00fatunni heima \u00ed stofu me\u00f0 255 stk af 3d vi\u00f0arp\u00faslum.","breadcrumb":{"@id":"https:\/\/fodurlandid.is\/vara\/tgm02\/#breadcrumb"},"inLanguage":"en-US","potentialAction":[{"@type":"ReadAction","target":["https:\/\/fodurlandid.is\/vara\/tgm02\/"]}]},{"@type":"ImageObject","inLanguage":"en-US","@id":"https:\/\/fodurlandid.is\/vara\/tgm02\/#primaryimage","url":"https:\/\/fodurlandid.is\/wp-content\/uploads\/2025\/10\/TGM02.jpg","contentUrl":"https:\/\/fodurlandid.is\/wp-content\/uploads\/2025\/10\/TGM02.jpg","width":600,"height":600},{"@type":"BreadcrumbList","@id":"https:\/\/fodurlandid.is\/vara\/tgm02\/#breadcrumb","itemListElement":[{"@type":"ListItem","position":1,"name":"Home","item":"https:\/\/fodurlandid.is\/"},{"@type":"ListItem","position":2,"name":"Shop","item":"https:\/\/www.vorulagerinn.is\/heildsala\/en\/shop\/"},{"@type":"ListItem","position":3,"name":"Bresk r\u00fata \u00ed London \u2013 \u00der\u00edv\u00edddar DIY vi\u00f0arp\u00fasl"}]},{"@type":"WebSite","@id":"https:\/\/fodurlandid.is\/#website","url":"https:\/\/fodurlandid.is\/","name":"F\u00f6\u00f0urlandi\u00f0 ehf, heildsala","description":"Innflutnings, umbo&eth;s- og dreifingara&eth;ili","publisher":{"@id":"https:\/\/fodurlandid.is\/#organization"},"alternateName":"Innflutnings, umbo\u00f0s- og dreifingara\u00f0ili","potentialAction":[{"@type":"SearchAction","target":{"@type":"EntryPoint","urlTemplate":"https:\/\/fodurlandid.is\/?s={search_term_string}"},"query-input":{"@type":"PropertyValueSpecification","valueRequired":true,"valueName":"search_term_string"}}],"inLanguage":"en-US"},{"@type":"Organization","@id":"https:\/\/fodurlandid.is\/#organization","name":"Innflutnings, umbo\u00f0s- og dreifingara\u00f0ili","url":"https:\/\/fodurlandid.is\/","logo":{"@type":"ImageObject","inLanguage":"en-US","@id":"https:\/\/fodurlandid.is\/#\/schema\/logo\/image\/","url":"https:\/\/fodurlandid.is\/wp-content\/uploads\/2024\/05\/Fodurlandid.png","contentUrl":"https:\/\/fodurlandid.is\/wp-content\/uploads\/2024\/05\/Fodurlandid.png","width":400,"height":293,"caption":"Innflutnings, umbo\u00f0s- og dreifingara\u00f0ili"},"image":{"@id":"https:\/\/fodurlandid.is\/#\/schema\/logo\/image\/"}}]}},"_links":{"self":[{"href":"https:\/\/fodurlandid.is\/en\/wp-json\/wp\/v2\/product\/25308","targetHints":{"allow":["GET"]}}],"collection":[{"href":"https:\/\/fodurlandid.is\/en\/wp-json\/wp\/v2\/product"}],"about":[{"href":"https:\/\/fodurlandid.is\/en\/wp-json\/wp\/v2\/types\/product"}],"wp:featuredmedia":[{"embeddable":true,"href":"https:\/\/fodurlandid.is\/en\/wp-json\/wp\/v2\/media\/25309"}],"wp:attachment":[{"href":"https:\/\/fodurlandid.is\/en\/wp-json\/wp\/v2\/media?parent=25308"}],"wp:term":[{"taxonomy":"product_brand","embeddable":true,"href":"https:\/\/fodurlandid.is\/en\/wp-json\/wp\/v2\/product_brand?post=25308"},{"taxonomy":"product_cat","embeddable":true,"href":"https:\/\/fodurlandid.is\/en\/wp-json\/wp\/v2\/product_cat?post=25308"},{"taxonomy":"product_tag","embeddable":true,"href":"https:\/\/fodurlandid.is\/en\/wp-json\/wp\/v2\/product_tag?post=25308"}],"curies":[{"name":"wp","href":"https:\/\/api.w.org\/{rel}","templated":true}]}}