{"id":25284,"date":"2025-11-22T08:21:42","date_gmt":"2025-11-22T08:21:42","guid":{"rendered":"https:\/\/fodurlandid.is\/?post_type=product&#038;p=25284"},"modified":"2026-01-05T09:09:03","modified_gmt":"2026-01-05T09:09:03","slug":"tgf01","status":"publish","type":"product","link":"https:\/\/fodurlandid.is\/en\/product\/tgf01\/","title":{"rendered":"S\u00fdningarbox fyrir \u00fer\u00edv\u00edddar DIY vi\u00f0arp\u00faslin"},"content":{"rendered":"","protected":false},"excerpt":{"rendered":"<p>S\u00fdningarboxi\u00f0 heldur ryki og \u00f6\u00f0rum \u00f3hreinindum fr\u00e1 DIY verkunum. \u00cd DIY kassanum fylgir allt sem \u00fearf til a\u00f0 setja s\u00fdningarboxi\u00f0 saman.<\/p>\n<p>S\u00fdningarboxi\u00f0 hentar fyrir TGS02, TGM02 og TG415.<\/p>\n<p><strong>Dust Cover Display Box<\/strong><br \/>\n\u2013 St\u00e6r\u00f0: 26,2 x 18,3 x 20,4 cm<br \/>\n\u2013 \u00cd kassanum fyglir allt sem \u00fearf<br \/>\n\u2013 Lei\u00f0beiningar sem au\u00f0velt er a\u00f0 fylgja<br \/>\n\u2013 Vottun: CE<\/p>\n","protected":false},"featured_media":25289,"template":"","meta":[],"product_brand":[431],"product_cat":[430],"product_tag":[],"class_list":{"0":"post-25284","1":"product","2":"type-product","3":"status-publish","4":"has-post-thumbnail","6":"product_brand-rolife","7":"product_cat-thrividdar-diy-vidarpusl","9":"first","10":"instock","11":"taxable","12":"shipping-taxable","13":"product-type-simple"},"yoast_head":"<!-- This site is optimized with the Yoast SEO Premium plugin v21.5 (Yoast SEO v27.3) - https:\/\/yoast.com\/product\/yoast-seo-premium-wordpress\/ -->\n<title>S\u00fdningarbox fyrir \u00fer\u00edv\u00edddar DIY vi\u00f0arp\u00faslin<\/title>\n<meta name=\"description\" content=\"S\u00fdningarboxi\u00f0 heldur ryki og \u00f6\u00f0rum \u00f3hreinindum fr\u00e1 DIY verkunum. \u00cd DIY kassanum fylgir allt sem \u00fearf til a\u00f0 setja s\u00fdningarboxi\u00f0 saman.\" \/>\n<meta name=\"robots\" content=\"index, follow, max-snippet:-1, max-image-preview:large, max-video-preview:-1\" \/>\n<link rel=\"canonical\" href=\"https:\/\/fodurlandid.is\/vara\/tgf01\/\" \/>\n<meta property=\"og:locale\" content=\"en_US\" \/>\n<meta property=\"og:type\" content=\"article\" \/>\n<meta property=\"og:title\" content=\"S\u00fdningarbox fyrir \u00fer\u00edv\u00edddar DIY vi\u00f0arp\u00faslin\" \/>\n<meta property=\"og:description\" content=\"S\u00fdningarboxi\u00f0 heldur ryki og \u00f6\u00f0rum \u00f3hreinindum fr\u00e1 DIY verkunum. \u00cd DIY kassanum fylgir allt sem \u00fearf til a\u00f0 setja s\u00fdningarboxi\u00f0 saman.\" \/>\n<meta property=\"og:url\" content=\"https:\/\/fodurlandid.is\/vara\/tgf01\/\" \/>\n<meta property=\"og:site_name\" content=\"F&ouml;&eth;urlandi&eth; heildsala\" \/>\n<meta property=\"article:modified_time\" content=\"2026-01-05T09:09:03+00:00\" \/>\n<meta property=\"og:image\" content=\"https:\/\/fodurlandid.is\/wp-content\/uploads\/2025\/10\/TGF01_.jpg\" \/>\n\t<meta property=\"og:image:width\" content=\"600\" \/>\n\t<meta property=\"og:image:height\" content=\"600\" \/>\n\t<meta property=\"og:image:type\" content=\"image\/jpeg\" \/>\n<meta name=\"twitter:card\" content=\"summary_large_image\" \/>\n<meta name=\"twitter:label1\" content=\"Est. reading time\" \/>\n\t<meta name=\"twitter:data1\" content=\"1 minute\" \/>\n<script type=\"application\/ld+json\" class=\"yoast-schema-graph\">{\"@context\":\"https:\\\/\\\/schema.org\",\"@graph\":[{\"@type\":\"WebPage\",\"@id\":\"https:\\\/\\\/fodurlandid.is\\\/vara\\\/tgf01\\\/\",\"url\":\"https:\\\/\\\/fodurlandid.is\\\/vara\\\/tgf01\\\/\",\"name\":\"S\u00fdningarbox fyrir \u00fer\u00edv\u00edddar DIY vi\u00f0arp\u00faslin\",\"isPartOf\":{\"@id\":\"https:\\\/\\\/fodurlandid.is\\\/#website\"},\"primaryImageOfPage\":{\"@id\":\"https:\\\/\\\/fodurlandid.is\\\/vara\\\/tgf01\\\/#primaryimage\"},\"image\":{\"@id\":\"https:\\\/\\\/fodurlandid.is\\\/vara\\\/tgf01\\\/#primaryimage\"},\"thumbnailUrl\":\"https:\\\/\\\/fodurlandid.is\\\/wp-content\\\/uploads\\\/2025\\\/10\\\/TGF01_.jpg\",\"datePublished\":\"2025-11-22T08:21:42+00:00\",\"dateModified\":\"2026-01-05T09:09:03+00:00\",\"description\":\"S\u00fdningarboxi\u00f0 heldur ryki og \u00f6\u00f0rum \u00f3hreinindum fr\u00e1 DIY verkunum. \u00cd DIY kassanum fylgir allt sem \u00fearf til a\u00f0 setja s\u00fdningarboxi\u00f0 saman.\",\"breadcrumb\":{\"@id\":\"https:\\\/\\\/fodurlandid.is\\\/vara\\\/tgf01\\\/#breadcrumb\"},\"inLanguage\":\"en-US\",\"potentialAction\":[{\"@type\":\"ReadAction\",\"target\":[\"https:\\\/\\\/fodurlandid.is\\\/vara\\\/tgf01\\\/\"]}]},{\"@type\":\"ImageObject\",\"inLanguage\":\"en-US\",\"@id\":\"https:\\\/\\\/fodurlandid.is\\\/vara\\\/tgf01\\\/#primaryimage\",\"url\":\"https:\\\/\\\/fodurlandid.is\\\/wp-content\\\/uploads\\\/2025\\\/10\\\/TGF01_.jpg\",\"contentUrl\":\"https:\\\/\\\/fodurlandid.is\\\/wp-content\\\/uploads\\\/2025\\\/10\\\/TGF01_.jpg\",\"width\":600,\"height\":600},{\"@type\":\"BreadcrumbList\",\"@id\":\"https:\\\/\\\/fodurlandid.is\\\/vara\\\/tgf01\\\/#breadcrumb\",\"itemListElement\":[{\"@type\":\"ListItem\",\"position\":1,\"name\":\"Home\",\"item\":\"https:\\\/\\\/fodurlandid.is\\\/\"},{\"@type\":\"ListItem\",\"position\":2,\"name\":\"Shop\",\"item\":\"https:\\\/\\\/www.vorulagerinn.is\\\/heildsala\\\/en\\\/shop\\\/\"},{\"@type\":\"ListItem\",\"position\":3,\"name\":\"S\u00fdningarbox fyrir \u00fer\u00edv\u00edddar DIY vi\u00f0arp\u00faslin\"}]},{\"@type\":\"WebSite\",\"@id\":\"https:\\\/\\\/fodurlandid.is\\\/#website\",\"url\":\"https:\\\/\\\/fodurlandid.is\\\/\",\"name\":\"F\u00f6\u00f0urlandi\u00f0 ehf, heildsala\",\"description\":\"Innflutnings, umbo&eth;s- og dreifingara&eth;ili\",\"publisher\":{\"@id\":\"https:\\\/\\\/fodurlandid.is\\\/#organization\"},\"alternateName\":\"Innflutnings, umbo\u00f0s- og dreifingara\u00f0ili\",\"potentialAction\":[{\"@type\":\"SearchAction\",\"target\":{\"@type\":\"EntryPoint\",\"urlTemplate\":\"https:\\\/\\\/fodurlandid.is\\\/?s={search_term_string}\"},\"query-input\":{\"@type\":\"PropertyValueSpecification\",\"valueRequired\":true,\"valueName\":\"search_term_string\"}}],\"inLanguage\":\"en-US\"},{\"@type\":\"Organization\",\"@id\":\"https:\\\/\\\/fodurlandid.is\\\/#organization\",\"name\":\"Innflutnings, umbo\u00f0s- og dreifingara\u00f0ili\",\"url\":\"https:\\\/\\\/fodurlandid.is\\\/\",\"logo\":{\"@type\":\"ImageObject\",\"inLanguage\":\"en-US\",\"@id\":\"https:\\\/\\\/fodurlandid.is\\\/#\\\/schema\\\/logo\\\/image\\\/\",\"url\":\"https:\\\/\\\/fodurlandid.is\\\/wp-content\\\/uploads\\\/2024\\\/05\\\/Fodurlandid.png\",\"contentUrl\":\"https:\\\/\\\/fodurlandid.is\\\/wp-content\\\/uploads\\\/2024\\\/05\\\/Fodurlandid.png\",\"width\":400,\"height\":293,\"caption\":\"Innflutnings, umbo\u00f0s- og dreifingara\u00f0ili\"},\"image\":{\"@id\":\"https:\\\/\\\/fodurlandid.is\\\/#\\\/schema\\\/logo\\\/image\\\/\"}}]}<\/script>\n<!-- \/ Yoast SEO Premium plugin. -->","yoast_head_json":{"title":"S\u00fdningarbox fyrir \u00fer\u00edv\u00edddar DIY vi\u00f0arp\u00faslin","description":"S\u00fdningarboxi\u00f0 heldur ryki og \u00f6\u00f0rum \u00f3hreinindum fr\u00e1 DIY verkunum. \u00cd DIY kassanum fylgir allt sem \u00fearf til a\u00f0 setja s\u00fdningarboxi\u00f0 saman.","robots":{"index":"index","follow":"follow","max-snippet":"max-snippet:-1","max-image-preview":"max-image-preview:large","max-video-preview":"max-video-preview:-1"},"canonical":"https:\/\/fodurlandid.is\/vara\/tgf01\/","og_locale":"en_US","og_type":"article","og_title":"S\u00fdningarbox fyrir \u00fer\u00edv\u00edddar DIY vi\u00f0arp\u00faslin","og_description":"S\u00fdningarboxi\u00f0 heldur ryki og \u00f6\u00f0rum \u00f3hreinindum fr\u00e1 DIY verkunum. \u00cd DIY kassanum fylgir allt sem \u00fearf til a\u00f0 setja s\u00fdningarboxi\u00f0 saman.","og_url":"https:\/\/fodurlandid.is\/vara\/tgf01\/","og_site_name":"F&ouml;&eth;urlandi&eth; heildsala","article_modified_time":"2026-01-05T09:09:03+00:00","og_image":[{"width":600,"height":600,"url":"https:\/\/fodurlandid.is\/wp-content\/uploads\/2025\/10\/TGF01_.jpg","type":"image\/jpeg"}],"twitter_card":"summary_large_image","twitter_misc":{"Est. reading time":"1 minute"},"schema":{"@context":"https:\/\/schema.org","@graph":[{"@type":"WebPage","@id":"https:\/\/fodurlandid.is\/vara\/tgf01\/","url":"https:\/\/fodurlandid.is\/vara\/tgf01\/","name":"S\u00fdningarbox fyrir \u00fer\u00edv\u00edddar DIY vi\u00f0arp\u00faslin","isPartOf":{"@id":"https:\/\/fodurlandid.is\/#website"},"primaryImageOfPage":{"@id":"https:\/\/fodurlandid.is\/vara\/tgf01\/#primaryimage"},"image":{"@id":"https:\/\/fodurlandid.is\/vara\/tgf01\/#primaryimage"},"thumbnailUrl":"https:\/\/fodurlandid.is\/wp-content\/uploads\/2025\/10\/TGF01_.jpg","datePublished":"2025-11-22T08:21:42+00:00","dateModified":"2026-01-05T09:09:03+00:00","description":"S\u00fdningarboxi\u00f0 heldur ryki og \u00f6\u00f0rum \u00f3hreinindum fr\u00e1 DIY verkunum. \u00cd DIY kassanum fylgir allt sem \u00fearf til a\u00f0 setja s\u00fdningarboxi\u00f0 saman.","breadcrumb":{"@id":"https:\/\/fodurlandid.is\/vara\/tgf01\/#breadcrumb"},"inLanguage":"en-US","potentialAction":[{"@type":"ReadAction","target":["https:\/\/fodurlandid.is\/vara\/tgf01\/"]}]},{"@type":"ImageObject","inLanguage":"en-US","@id":"https:\/\/fodurlandid.is\/vara\/tgf01\/#primaryimage","url":"https:\/\/fodurlandid.is\/wp-content\/uploads\/2025\/10\/TGF01_.jpg","contentUrl":"https:\/\/fodurlandid.is\/wp-content\/uploads\/2025\/10\/TGF01_.jpg","width":600,"height":600},{"@type":"BreadcrumbList","@id":"https:\/\/fodurlandid.is\/vara\/tgf01\/#breadcrumb","itemListElement":[{"@type":"ListItem","position":1,"name":"Home","item":"https:\/\/fodurlandid.is\/"},{"@type":"ListItem","position":2,"name":"Shop","item":"https:\/\/www.vorulagerinn.is\/heildsala\/en\/shop\/"},{"@type":"ListItem","position":3,"name":"S\u00fdningarbox fyrir \u00fer\u00edv\u00edddar DIY vi\u00f0arp\u00faslin"}]},{"@type":"WebSite","@id":"https:\/\/fodurlandid.is\/#website","url":"https:\/\/fodurlandid.is\/","name":"F\u00f6\u00f0urlandi\u00f0 ehf, heildsala","description":"Innflutnings, umbo&eth;s- og dreifingara&eth;ili","publisher":{"@id":"https:\/\/fodurlandid.is\/#organization"},"alternateName":"Innflutnings, umbo\u00f0s- og dreifingara\u00f0ili","potentialAction":[{"@type":"SearchAction","target":{"@type":"EntryPoint","urlTemplate":"https:\/\/fodurlandid.is\/?s={search_term_string}"},"query-input":{"@type":"PropertyValueSpecification","valueRequired":true,"valueName":"search_term_string"}}],"inLanguage":"en-US"},{"@type":"Organization","@id":"https:\/\/fodurlandid.is\/#organization","name":"Innflutnings, umbo\u00f0s- og dreifingara\u00f0ili","url":"https:\/\/fodurlandid.is\/","logo":{"@type":"ImageObject","inLanguage":"en-US","@id":"https:\/\/fodurlandid.is\/#\/schema\/logo\/image\/","url":"https:\/\/fodurlandid.is\/wp-content\/uploads\/2024\/05\/Fodurlandid.png","contentUrl":"https:\/\/fodurlandid.is\/wp-content\/uploads\/2024\/05\/Fodurlandid.png","width":400,"height":293,"caption":"Innflutnings, umbo\u00f0s- og dreifingara\u00f0ili"},"image":{"@id":"https:\/\/fodurlandid.is\/#\/schema\/logo\/image\/"}}]}},"_links":{"self":[{"href":"https:\/\/fodurlandid.is\/en\/wp-json\/wp\/v2\/product\/25284","targetHints":{"allow":["GET"]}}],"collection":[{"href":"https:\/\/fodurlandid.is\/en\/wp-json\/wp\/v2\/product"}],"about":[{"href":"https:\/\/fodurlandid.is\/en\/wp-json\/wp\/v2\/types\/product"}],"wp:featuredmedia":[{"embeddable":true,"href":"https:\/\/fodurlandid.is\/en\/wp-json\/wp\/v2\/media\/25289"}],"wp:attachment":[{"href":"https:\/\/fodurlandid.is\/en\/wp-json\/wp\/v2\/media?parent=25284"}],"wp:term":[{"taxonomy":"product_brand","embeddable":true,"href":"https:\/\/fodurlandid.is\/en\/wp-json\/wp\/v2\/product_brand?post=25284"},{"taxonomy":"product_cat","embeddable":true,"href":"https:\/\/fodurlandid.is\/en\/wp-json\/wp\/v2\/product_cat?post=25284"},{"taxonomy":"product_tag","embeddable":true,"href":"https:\/\/fodurlandid.is\/en\/wp-json\/wp\/v2\/product_tag?post=25284"}],"curies":[{"name":"wp","href":"https:\/\/api.w.org\/{rel}","templated":true}]}}