{"id":25271,"date":"2025-11-22T08:16:10","date_gmt":"2025-11-22T08:16:10","guid":{"rendered":"https:\/\/fodurlandid.is\/?post_type=product&#038;p=25271"},"modified":"2026-01-05T19:20:46","modified_gmt":"2026-01-05T19:20:46","slug":"ams01","status":"publish","type":"product","link":"https:\/\/fodurlandid.is\/en\/product\/ams01\/","title":{"rendered":"J\u00f3latr\u00e9 me\u00f0 lj\u00f3sum, hreyfingu og j\u00f3lat\u00f3nlist \u2013 \u00der\u00edv\u00edddar DIY vi\u00f0arp\u00fasl"},"content":{"rendered":"<p><iframe loading=\"lazy\" title=\"Rolife Christmas Melody Tree | The Perfect Musical DIY Gift for the Holidays! \ud83c\udf84\u2728\" width=\"1020\" height=\"574\" src=\"https:\/\/www.youtube.com\/embed\/JQOh_f4pE5M?list=PLtsfG49uncBiH0sQU5W4Tgrnd5BU1hxSy\" frameborder=\"0\" allow=\"accelerometer; autoplay; clipboard-write; encrypted-media; gyroscope; picture-in-picture; web-share\" referrerpolicy=\"strict-origin-when-cross-origin\" allowfullscreen><\/iframe><\/p>\n<p>&nbsp;<\/p>\n","protected":false},"excerpt":{"rendered":"<p>Skapa\u00f0u einstaka j\u00f3lastemningu me\u00f0 \u00feessu gl\u00e6silega 3d j\u00f3latr\u00e9s samsetningu. Christmas Melody Tree er meira en bara skraut. \u00dea\u00f0 er lifandi listaverk sem sameinar t\u00f3nlist, lj\u00f3s og hreyfingu. J\u00f3latr\u00e9 me\u00f0 sn\u00faningslest, j\u00f3lasveini \u00e1 sle\u00f0a og h\u00e1t\u00ed\u00f0legum lj\u00f3sum. Innbygg\u00f0 t\u00f3nlist spilar klass\u00edskar j\u00f3lat\u00f3na \u00e1 bor\u00f0 vi\u00f0 We Wish You a Merry Christmas og Jingle Bells.<\/p>\n<p>\u00cd DIY kassanum fylgir allt sem \u00fearf til a\u00f0 endurskapa bl\u00f3mab\u00fa\u00f0 Emily \u00e1samt lei\u00f0beiningum sem au\u00f0velt er fylgja. Fr\u00e1b\u00e6r gj\u00f6f og j\u00f3laskraut sem fj\u00f6lskyldan getur sett saman og noti\u00f0 \u00e1r eftir \u00e1r.<\/p>\n<p>Fullkomin j\u00f3lagj\u00f6f fyrir fj\u00f6lskylduna til a\u00f0 setja saman.<\/p>\n<p><strong>Christmas Melody Tree<\/strong><br \/>\n\u2013 Myndband af v\u00f6ru er ne\u00f0ar \u00e1 \u00feessari s\u00ed\u00f0u<br \/>\n\u2013 St\u00e6r\u00f0: 30 x 30 x 40 cm<br \/>\n\u2013 Fj\u00f6ldi hluta: 319 \u00fer\u00edv\u00edddar vi\u00f0arp\u00fasl<br \/>\n\u2013 \u00cd kassanum fyglir allt sem \u00fearf til a\u00f0 setja v\u00f6runa saman<br \/>\n\u2013 Lei\u00f0beiningar sem au\u00f0velt er a\u00f0 fylgja<br \/>\n\u2013 \u00c1\u00e6tla\u00f0ur samsetningart\u00edmi: 3-5 klst<br \/>\n\u2013 Aldur: 14 \u00e1ra og eldri<br \/>\n\u2013 Vottun: CE<\/p>\n","protected":false},"featured_media":25272,"template":"","meta":[],"product_brand":[431],"product_cat":[430],"product_tag":[],"class_list":{"0":"post-25271","1":"product","2":"type-product","3":"status-publish","4":"has-post-thumbnail","6":"product_brand-rolife","7":"product_cat-thrividdar-diy-vidarpusl","9":"first","10":"instock","11":"taxable","12":"shipping-taxable","13":"product-type-simple"},"yoast_head":"<!-- This site is optimized with the Yoast SEO Premium plugin v21.5 (Yoast SEO v27.3) - https:\/\/yoast.com\/product\/yoast-seo-premium-wordpress\/ -->\n<title>J\u00f3latr\u00e9 me\u00f0 lj\u00f3sum, hreyfingu og j\u00f3lat\u00f3nlist | \u00der\u00edv\u00edddar DIY vi\u00f0arp\u00fasl<\/title>\n<meta name=\"description\" content=\"Christmas Melody Tree er lifandi listaverk sem sameinar t\u00f3nlist, lj\u00f3s og hreyfingu. J\u00f3latr\u00e9 me\u00f0 sn\u00faningslest, j\u00f3lasveini \u00e1 sle\u00f0a, lj\u00f3sum og j\u00f3lal\u00f6gum.\" \/>\n<meta name=\"robots\" content=\"index, follow, max-snippet:-1, max-image-preview:large, max-video-preview:-1\" \/>\n<link rel=\"canonical\" href=\"https:\/\/fodurlandid.is\/vara\/ams01\/\" \/>\n<meta property=\"og:locale\" content=\"en_US\" \/>\n<meta property=\"og:type\" content=\"article\" \/>\n<meta property=\"og:title\" content=\"J\u00f3latr\u00e9 me\u00f0 lj\u00f3sum, hreyfingu og j\u00f3lat\u00f3nlist \u2013 \u00der\u00edv\u00edddar DIY vi\u00f0arp\u00fasl\" \/>\n<meta property=\"og:description\" content=\"Christmas Melody Tree er lifandi listaverk sem sameinar t\u00f3nlist, lj\u00f3s og hreyfingu. J\u00f3latr\u00e9 me\u00f0 sn\u00faningslest, j\u00f3lasveini \u00e1 sle\u00f0a, lj\u00f3sum og j\u00f3lal\u00f6gum.\" \/>\n<meta property=\"og:url\" content=\"https:\/\/fodurlandid.is\/vara\/ams01\/\" \/>\n<meta property=\"og:site_name\" content=\"F&ouml;&eth;urlandi&eth; heildsala\" \/>\n<meta property=\"article:modified_time\" content=\"2026-01-05T19:20:46+00:00\" \/>\n<meta property=\"og:image\" content=\"https:\/\/fodurlandid.is\/wp-content\/uploads\/2025\/10\/AMS01.jpg\" \/>\n\t<meta property=\"og:image:width\" content=\"600\" \/>\n\t<meta property=\"og:image:height\" content=\"600\" \/>\n\t<meta property=\"og:image:type\" content=\"image\/jpeg\" \/>\n<meta name=\"twitter:card\" content=\"summary_large_image\" \/>\n<meta name=\"twitter:label1\" content=\"Est. reading time\" \/>\n\t<meta name=\"twitter:data1\" content=\"1 minute\" \/>\n<script type=\"application\/ld+json\" class=\"yoast-schema-graph\">{\"@context\":\"https:\\\/\\\/schema.org\",\"@graph\":[{\"@type\":\"WebPage\",\"@id\":\"https:\\\/\\\/fodurlandid.is\\\/vara\\\/ams01\\\/\",\"url\":\"https:\\\/\\\/fodurlandid.is\\\/vara\\\/ams01\\\/\",\"name\":\"J\u00f3latr\u00e9 me\u00f0 lj\u00f3sum, hreyfingu og j\u00f3lat\u00f3nlist | \u00der\u00edv\u00edddar DIY vi\u00f0arp\u00fasl\",\"isPartOf\":{\"@id\":\"https:\\\/\\\/fodurlandid.is\\\/#website\"},\"primaryImageOfPage\":{\"@id\":\"https:\\\/\\\/fodurlandid.is\\\/vara\\\/ams01\\\/#primaryimage\"},\"image\":{\"@id\":\"https:\\\/\\\/fodurlandid.is\\\/vara\\\/ams01\\\/#primaryimage\"},\"thumbnailUrl\":\"https:\\\/\\\/fodurlandid.is\\\/wp-content\\\/uploads\\\/2025\\\/10\\\/AMS01.jpg\",\"datePublished\":\"2025-11-22T08:16:10+00:00\",\"dateModified\":\"2026-01-05T19:20:46+00:00\",\"description\":\"Christmas Melody Tree er lifandi listaverk sem sameinar t\u00f3nlist, lj\u00f3s og hreyfingu. J\u00f3latr\u00e9 me\u00f0 sn\u00faningslest, j\u00f3lasveini \u00e1 sle\u00f0a, lj\u00f3sum og j\u00f3lal\u00f6gum.\",\"breadcrumb\":{\"@id\":\"https:\\\/\\\/fodurlandid.is\\\/vara\\\/ams01\\\/#breadcrumb\"},\"inLanguage\":\"en-US\",\"potentialAction\":[{\"@type\":\"ReadAction\",\"target\":[\"https:\\\/\\\/fodurlandid.is\\\/vara\\\/ams01\\\/\"]}]},{\"@type\":\"ImageObject\",\"inLanguage\":\"en-US\",\"@id\":\"https:\\\/\\\/fodurlandid.is\\\/vara\\\/ams01\\\/#primaryimage\",\"url\":\"https:\\\/\\\/fodurlandid.is\\\/wp-content\\\/uploads\\\/2025\\\/10\\\/AMS01.jpg\",\"contentUrl\":\"https:\\\/\\\/fodurlandid.is\\\/wp-content\\\/uploads\\\/2025\\\/10\\\/AMS01.jpg\",\"width\":600,\"height\":600},{\"@type\":\"BreadcrumbList\",\"@id\":\"https:\\\/\\\/fodurlandid.is\\\/vara\\\/ams01\\\/#breadcrumb\",\"itemListElement\":[{\"@type\":\"ListItem\",\"position\":1,\"name\":\"Home\",\"item\":\"https:\\\/\\\/fodurlandid.is\\\/\"},{\"@type\":\"ListItem\",\"position\":2,\"name\":\"Shop\",\"item\":\"https:\\\/\\\/www.vorulagerinn.is\\\/heildsala\\\/en\\\/shop\\\/\"},{\"@type\":\"ListItem\",\"position\":3,\"name\":\"J\u00f3latr\u00e9 me\u00f0 lj\u00f3sum, hreyfingu og j\u00f3lat\u00f3nlist \u2013 \u00der\u00edv\u00edddar DIY vi\u00f0arp\u00fasl\"}]},{\"@type\":\"WebSite\",\"@id\":\"https:\\\/\\\/fodurlandid.is\\\/#website\",\"url\":\"https:\\\/\\\/fodurlandid.is\\\/\",\"name\":\"F\u00f6\u00f0urlandi\u00f0 ehf, heildsala\",\"description\":\"Innflutnings, umbo&eth;s- og dreifingara&eth;ili\",\"publisher\":{\"@id\":\"https:\\\/\\\/fodurlandid.is\\\/#organization\"},\"alternateName\":\"Innflutnings, umbo\u00f0s- og dreifingara\u00f0ili\",\"potentialAction\":[{\"@type\":\"SearchAction\",\"target\":{\"@type\":\"EntryPoint\",\"urlTemplate\":\"https:\\\/\\\/fodurlandid.is\\\/?s={search_term_string}\"},\"query-input\":{\"@type\":\"PropertyValueSpecification\",\"valueRequired\":true,\"valueName\":\"search_term_string\"}}],\"inLanguage\":\"en-US\"},{\"@type\":\"Organization\",\"@id\":\"https:\\\/\\\/fodurlandid.is\\\/#organization\",\"name\":\"Innflutnings, umbo\u00f0s- og dreifingara\u00f0ili\",\"url\":\"https:\\\/\\\/fodurlandid.is\\\/\",\"logo\":{\"@type\":\"ImageObject\",\"inLanguage\":\"en-US\",\"@id\":\"https:\\\/\\\/fodurlandid.is\\\/#\\\/schema\\\/logo\\\/image\\\/\",\"url\":\"https:\\\/\\\/fodurlandid.is\\\/wp-content\\\/uploads\\\/2024\\\/05\\\/Fodurlandid.png\",\"contentUrl\":\"https:\\\/\\\/fodurlandid.is\\\/wp-content\\\/uploads\\\/2024\\\/05\\\/Fodurlandid.png\",\"width\":400,\"height\":293,\"caption\":\"Innflutnings, umbo\u00f0s- og dreifingara\u00f0ili\"},\"image\":{\"@id\":\"https:\\\/\\\/fodurlandid.is\\\/#\\\/schema\\\/logo\\\/image\\\/\"}}]}<\/script>\n<!-- \/ Yoast SEO Premium plugin. -->","yoast_head_json":{"title":"J\u00f3latr\u00e9 me\u00f0 lj\u00f3sum, hreyfingu og j\u00f3lat\u00f3nlist | \u00der\u00edv\u00edddar DIY vi\u00f0arp\u00fasl","description":"Christmas Melody Tree er lifandi listaverk sem sameinar t\u00f3nlist, lj\u00f3s og hreyfingu. J\u00f3latr\u00e9 me\u00f0 sn\u00faningslest, j\u00f3lasveini \u00e1 sle\u00f0a, lj\u00f3sum og j\u00f3lal\u00f6gum.","robots":{"index":"index","follow":"follow","max-snippet":"max-snippet:-1","max-image-preview":"max-image-preview:large","max-video-preview":"max-video-preview:-1"},"canonical":"https:\/\/fodurlandid.is\/vara\/ams01\/","og_locale":"en_US","og_type":"article","og_title":"J\u00f3latr\u00e9 me\u00f0 lj\u00f3sum, hreyfingu og j\u00f3lat\u00f3nlist \u2013 \u00der\u00edv\u00edddar DIY vi\u00f0arp\u00fasl","og_description":"Christmas Melody Tree er lifandi listaverk sem sameinar t\u00f3nlist, lj\u00f3s og hreyfingu. J\u00f3latr\u00e9 me\u00f0 sn\u00faningslest, j\u00f3lasveini \u00e1 sle\u00f0a, lj\u00f3sum og j\u00f3lal\u00f6gum.","og_url":"https:\/\/fodurlandid.is\/vara\/ams01\/","og_site_name":"F&ouml;&eth;urlandi&eth; heildsala","article_modified_time":"2026-01-05T19:20:46+00:00","og_image":[{"width":600,"height":600,"url":"https:\/\/fodurlandid.is\/wp-content\/uploads\/2025\/10\/AMS01.jpg","type":"image\/jpeg"}],"twitter_card":"summary_large_image","twitter_misc":{"Est. reading time":"1 minute"},"schema":{"@context":"https:\/\/schema.org","@graph":[{"@type":"WebPage","@id":"https:\/\/fodurlandid.is\/vara\/ams01\/","url":"https:\/\/fodurlandid.is\/vara\/ams01\/","name":"J\u00f3latr\u00e9 me\u00f0 lj\u00f3sum, hreyfingu og j\u00f3lat\u00f3nlist | \u00der\u00edv\u00edddar DIY vi\u00f0arp\u00fasl","isPartOf":{"@id":"https:\/\/fodurlandid.is\/#website"},"primaryImageOfPage":{"@id":"https:\/\/fodurlandid.is\/vara\/ams01\/#primaryimage"},"image":{"@id":"https:\/\/fodurlandid.is\/vara\/ams01\/#primaryimage"},"thumbnailUrl":"https:\/\/fodurlandid.is\/wp-content\/uploads\/2025\/10\/AMS01.jpg","datePublished":"2025-11-22T08:16:10+00:00","dateModified":"2026-01-05T19:20:46+00:00","description":"Christmas Melody Tree er lifandi listaverk sem sameinar t\u00f3nlist, lj\u00f3s og hreyfingu. J\u00f3latr\u00e9 me\u00f0 sn\u00faningslest, j\u00f3lasveini \u00e1 sle\u00f0a, lj\u00f3sum og j\u00f3lal\u00f6gum.","breadcrumb":{"@id":"https:\/\/fodurlandid.is\/vara\/ams01\/#breadcrumb"},"inLanguage":"en-US","potentialAction":[{"@type":"ReadAction","target":["https:\/\/fodurlandid.is\/vara\/ams01\/"]}]},{"@type":"ImageObject","inLanguage":"en-US","@id":"https:\/\/fodurlandid.is\/vara\/ams01\/#primaryimage","url":"https:\/\/fodurlandid.is\/wp-content\/uploads\/2025\/10\/AMS01.jpg","contentUrl":"https:\/\/fodurlandid.is\/wp-content\/uploads\/2025\/10\/AMS01.jpg","width":600,"height":600},{"@type":"BreadcrumbList","@id":"https:\/\/fodurlandid.is\/vara\/ams01\/#breadcrumb","itemListElement":[{"@type":"ListItem","position":1,"name":"Home","item":"https:\/\/fodurlandid.is\/"},{"@type":"ListItem","position":2,"name":"Shop","item":"https:\/\/www.vorulagerinn.is\/heildsala\/en\/shop\/"},{"@type":"ListItem","position":3,"name":"J\u00f3latr\u00e9 me\u00f0 lj\u00f3sum, hreyfingu og j\u00f3lat\u00f3nlist \u2013 \u00der\u00edv\u00edddar DIY vi\u00f0arp\u00fasl"}]},{"@type":"WebSite","@id":"https:\/\/fodurlandid.is\/#website","url":"https:\/\/fodurlandid.is\/","name":"F\u00f6\u00f0urlandi\u00f0 ehf, heildsala","description":"Innflutnings, umbo&eth;s- og dreifingara&eth;ili","publisher":{"@id":"https:\/\/fodurlandid.is\/#organization"},"alternateName":"Innflutnings, umbo\u00f0s- og dreifingara\u00f0ili","potentialAction":[{"@type":"SearchAction","target":{"@type":"EntryPoint","urlTemplate":"https:\/\/fodurlandid.is\/?s={search_term_string}"},"query-input":{"@type":"PropertyValueSpecification","valueRequired":true,"valueName":"search_term_string"}}],"inLanguage":"en-US"},{"@type":"Organization","@id":"https:\/\/fodurlandid.is\/#organization","name":"Innflutnings, umbo\u00f0s- og dreifingara\u00f0ili","url":"https:\/\/fodurlandid.is\/","logo":{"@type":"ImageObject","inLanguage":"en-US","@id":"https:\/\/fodurlandid.is\/#\/schema\/logo\/image\/","url":"https:\/\/fodurlandid.is\/wp-content\/uploads\/2024\/05\/Fodurlandid.png","contentUrl":"https:\/\/fodurlandid.is\/wp-content\/uploads\/2024\/05\/Fodurlandid.png","width":400,"height":293,"caption":"Innflutnings, umbo\u00f0s- og dreifingara\u00f0ili"},"image":{"@id":"https:\/\/fodurlandid.is\/#\/schema\/logo\/image\/"}}]}},"_links":{"self":[{"href":"https:\/\/fodurlandid.is\/en\/wp-json\/wp\/v2\/product\/25271","targetHints":{"allow":["GET"]}}],"collection":[{"href":"https:\/\/fodurlandid.is\/en\/wp-json\/wp\/v2\/product"}],"about":[{"href":"https:\/\/fodurlandid.is\/en\/wp-json\/wp\/v2\/types\/product"}],"wp:featuredmedia":[{"embeddable":true,"href":"https:\/\/fodurlandid.is\/en\/wp-json\/wp\/v2\/media\/25272"}],"wp:attachment":[{"href":"https:\/\/fodurlandid.is\/en\/wp-json\/wp\/v2\/media?parent=25271"}],"wp:term":[{"taxonomy":"product_brand","embeddable":true,"href":"https:\/\/fodurlandid.is\/en\/wp-json\/wp\/v2\/product_brand?post=25271"},{"taxonomy":"product_cat","embeddable":true,"href":"https:\/\/fodurlandid.is\/en\/wp-json\/wp\/v2\/product_cat?post=25271"},{"taxonomy":"product_tag","embeddable":true,"href":"https:\/\/fodurlandid.is\/en\/wp-json\/wp\/v2\/product_tag?post=25271"}],"curies":[{"name":"wp","href":"https:\/\/api.w.org\/{rel}","templated":true}]}}