{"id":25265,"date":"2025-10-27T08:14:48","date_gmt":"2025-10-27T08:14:48","guid":{"rendered":"https:\/\/fodurlandid.is\/?post_type=product&#038;p=25265"},"modified":"2026-02-09T12:18:58","modified_gmt":"2026-02-09T12:18:58","slug":"af01j","status":"publish","type":"product","link":"https:\/\/fodurlandid.is\/en\/product\/af01j\/","title":{"rendered":"Bl\u00f3mv\u00f6ndur"},"content":{"rendered":"<p><iframe loading=\"lazy\" title=\"ROKR Spring Time Bouquet DIY 3D Puzzle AF01J\" width=\"1020\" height=\"574\" src=\"https:\/\/www.youtube.com\/embed\/MyfJ4qPA39w?feature=oembed\" frameborder=\"0\" allow=\"accelerometer; autoplay; clipboard-write; encrypted-media; gyroscope; picture-in-picture; web-share\" referrerpolicy=\"strict-origin-when-cross-origin\" allowfullscreen><\/iframe><\/p>\n<p>&nbsp;<\/p>\n","protected":false},"excerpt":{"rendered":"<p>Fallegur st\u00f3r bl\u00f3mv\u00f6ndur fyrir \u00feig og \u00fe\u00edna. \u00c1\u00e6tla\u00f0ur samsetningart\u00edmi er 4 klst. Komdu \u00e1stinni \u00e1 \u00f3vart me\u00f0 \u00feessum fallega bl\u00f3mvendi sem fer einstaklega vel \u00e1 bor\u00f0i e\u00f0a \u00ed hillu heima. \u00cd DIY kassanum fylgir allt sem \u00fearf til a\u00f0 setja saman \u00e1samt lei\u00f0beiningum sem au\u00f0velt er fylgja.<\/p>\n<p><strong>Spring Time Bouquet<\/strong><br \/>\n\u2013 Myndband af v\u00f6ru er ne\u00f0ar \u00e1 \u00feessari s\u00ed\u00f0u<br \/>\n\u2013 St\u00e6r\u00f0: 45 x 32 x 42 cm<br \/>\n\u2013 Fj\u00f6ldi hluta: 165 \u00fer\u00edv\u00edddar vi\u00f0arp\u00fasl<br \/>\n\u2013 \u00cd kassanum fyglir allt sem \u00fearf<br \/>\n\u2013 Lei\u00f0beiningar sem au\u00f0velt er a\u00f0 fylgja<br \/>\n\u2013 \u00c1\u00e6tla\u00f0ur samsetningart\u00edmi: 4 klst<br \/>\n\u2013 Aldur: 14 \u00e1ra og eldri<br \/>\n\u2013 Efni: Plast<br \/>\n\u2013 Vottun: CE<\/p>\n","protected":false},"featured_media":25266,"template":"","meta":[],"product_brand":[431],"product_cat":[430],"product_tag":[],"class_list":{"0":"post-25265","1":"product","2":"type-product","3":"status-publish","4":"has-post-thumbnail","6":"product_brand-rolife","7":"product_cat-thrividdar-diy-vidarpusl","9":"first","10":"instock","11":"taxable","12":"shipping-taxable","13":"product-type-simple"},"yoast_head":"<!-- This site is optimized with the Yoast SEO Premium plugin v21.5 (Yoast SEO v27.4) - https:\/\/yoast.com\/product\/yoast-seo-premium-wordpress\/ -->\n<title>Bl\u00f3mv\u00f6ndur - St\u00f3r og fallegur bl\u00f3mv\u00f6ndur fyrir \u00feig og \u00fe\u00edna<\/title>\n<meta name=\"description\" content=\"Fallegur bl\u00f3mv\u00f6ndur. Samsetningart\u00edmi er 1,5 klst. Komdu \u00e1stinni \u00e1 \u00f3vart me\u00f0 \u00feessum gl\u00e6silega bl\u00f3mvendi. \u00cd DIY kassanum fylgir allt sem \u00fearf\" \/>\n<meta name=\"robots\" content=\"index, follow, max-snippet:-1, max-image-preview:large, max-video-preview:-1\" \/>\n<link rel=\"canonical\" href=\"https:\/\/fodurlandid.is\/vara\/af01j\/\" \/>\n<meta property=\"og:locale\" content=\"en_US\" \/>\n<meta property=\"og:type\" content=\"article\" \/>\n<meta property=\"og:title\" content=\"Bl\u00f3mv\u00f6ndur\" \/>\n<meta property=\"og:description\" content=\"Fallegur bl\u00f3mv\u00f6ndur. Samsetningart\u00edmi er 1,5 klst. Komdu \u00e1stinni \u00e1 \u00f3vart me\u00f0 \u00feessum gl\u00e6silega bl\u00f3mvendi. \u00cd DIY kassanum fylgir allt sem \u00fearf\" \/>\n<meta property=\"og:url\" content=\"https:\/\/fodurlandid.is\/vara\/af01j\/\" \/>\n<meta property=\"og:site_name\" content=\"F&ouml;&eth;urlandi&eth; heildsala\" \/>\n<meta property=\"article:modified_time\" content=\"2026-02-09T12:18:58+00:00\" \/>\n<meta property=\"og:image\" content=\"https:\/\/fodurlandid.is\/wp-content\/uploads\/2025\/10\/AF01J.jpg\" \/>\n\t<meta property=\"og:image:width\" content=\"600\" \/>\n\t<meta property=\"og:image:height\" content=\"600\" \/>\n\t<meta property=\"og:image:type\" content=\"image\/jpeg\" \/>\n<meta name=\"twitter:card\" content=\"summary_large_image\" \/>\n<meta name=\"twitter:label1\" content=\"Est. reading time\" \/>\n\t<meta name=\"twitter:data1\" content=\"1 minute\" \/>\n<script type=\"application\/ld+json\" class=\"yoast-schema-graph\">{\"@context\":\"https:\\\/\\\/schema.org\",\"@graph\":[{\"@type\":\"WebPage\",\"@id\":\"https:\\\/\\\/fodurlandid.is\\\/vara\\\/af01j\\\/\",\"url\":\"https:\\\/\\\/fodurlandid.is\\\/vara\\\/af01j\\\/\",\"name\":\"Bl\u00f3mv\u00f6ndur - St\u00f3r og fallegur bl\u00f3mv\u00f6ndur fyrir \u00feig og \u00fe\u00edna\",\"isPartOf\":{\"@id\":\"https:\\\/\\\/fodurlandid.is\\\/#website\"},\"primaryImageOfPage\":{\"@id\":\"https:\\\/\\\/fodurlandid.is\\\/vara\\\/af01j\\\/#primaryimage\"},\"image\":{\"@id\":\"https:\\\/\\\/fodurlandid.is\\\/vara\\\/af01j\\\/#primaryimage\"},\"thumbnailUrl\":\"https:\\\/\\\/fodurlandid.is\\\/wp-content\\\/uploads\\\/2025\\\/10\\\/AF01J.jpg\",\"datePublished\":\"2025-10-27T08:14:48+00:00\",\"dateModified\":\"2026-02-09T12:18:58+00:00\",\"description\":\"Fallegur bl\u00f3mv\u00f6ndur. Samsetningart\u00edmi er 1,5 klst. Komdu \u00e1stinni \u00e1 \u00f3vart me\u00f0 \u00feessum gl\u00e6silega bl\u00f3mvendi. \u00cd DIY kassanum fylgir allt sem \u00fearf\",\"breadcrumb\":{\"@id\":\"https:\\\/\\\/fodurlandid.is\\\/vara\\\/af01j\\\/#breadcrumb\"},\"inLanguage\":\"en-US\",\"potentialAction\":[{\"@type\":\"ReadAction\",\"target\":[\"https:\\\/\\\/fodurlandid.is\\\/vara\\\/af01j\\\/\"]}]},{\"@type\":\"ImageObject\",\"inLanguage\":\"en-US\",\"@id\":\"https:\\\/\\\/fodurlandid.is\\\/vara\\\/af01j\\\/#primaryimage\",\"url\":\"https:\\\/\\\/fodurlandid.is\\\/wp-content\\\/uploads\\\/2025\\\/10\\\/AF01J.jpg\",\"contentUrl\":\"https:\\\/\\\/fodurlandid.is\\\/wp-content\\\/uploads\\\/2025\\\/10\\\/AF01J.jpg\",\"width\":600,\"height\":600},{\"@type\":\"BreadcrumbList\",\"@id\":\"https:\\\/\\\/fodurlandid.is\\\/vara\\\/af01j\\\/#breadcrumb\",\"itemListElement\":[{\"@type\":\"ListItem\",\"position\":1,\"name\":\"Home\",\"item\":\"https:\\\/\\\/fodurlandid.is\\\/\"},{\"@type\":\"ListItem\",\"position\":2,\"name\":\"Shop\",\"item\":\"https:\\\/\\\/www.vorulagerinn.is\\\/heildsala\\\/en\\\/shop\\\/\"},{\"@type\":\"ListItem\",\"position\":3,\"name\":\"Bl\u00f3mv\u00f6ndur\"}]},{\"@type\":\"WebSite\",\"@id\":\"https:\\\/\\\/fodurlandid.is\\\/#website\",\"url\":\"https:\\\/\\\/fodurlandid.is\\\/\",\"name\":\"F\u00f6\u00f0urlandi\u00f0 ehf, heildsala\",\"description\":\"Innflutnings, umbo&eth;s- og dreifingara&eth;ili\",\"publisher\":{\"@id\":\"https:\\\/\\\/fodurlandid.is\\\/#organization\"},\"alternateName\":\"Innflutnings, umbo\u00f0s- og dreifingara\u00f0ili\",\"potentialAction\":[{\"@type\":\"SearchAction\",\"target\":{\"@type\":\"EntryPoint\",\"urlTemplate\":\"https:\\\/\\\/fodurlandid.is\\\/?s={search_term_string}\"},\"query-input\":{\"@type\":\"PropertyValueSpecification\",\"valueRequired\":true,\"valueName\":\"search_term_string\"}}],\"inLanguage\":\"en-US\"},{\"@type\":\"Organization\",\"@id\":\"https:\\\/\\\/fodurlandid.is\\\/#organization\",\"name\":\"Innflutnings, umbo\u00f0s- og dreifingara\u00f0ili\",\"url\":\"https:\\\/\\\/fodurlandid.is\\\/\",\"logo\":{\"@type\":\"ImageObject\",\"inLanguage\":\"en-US\",\"@id\":\"https:\\\/\\\/fodurlandid.is\\\/#\\\/schema\\\/logo\\\/image\\\/\",\"url\":\"https:\\\/\\\/fodurlandid.is\\\/wp-content\\\/uploads\\\/2024\\\/05\\\/Fodurlandid.png\",\"contentUrl\":\"https:\\\/\\\/fodurlandid.is\\\/wp-content\\\/uploads\\\/2024\\\/05\\\/Fodurlandid.png\",\"width\":400,\"height\":293,\"caption\":\"Innflutnings, umbo\u00f0s- og dreifingara\u00f0ili\"},\"image\":{\"@id\":\"https:\\\/\\\/fodurlandid.is\\\/#\\\/schema\\\/logo\\\/image\\\/\"}}]}<\/script>\n<!-- \/ Yoast SEO Premium plugin. -->","yoast_head_json":{"title":"Bl\u00f3mv\u00f6ndur - St\u00f3r og fallegur bl\u00f3mv\u00f6ndur fyrir \u00feig og \u00fe\u00edna","description":"Fallegur bl\u00f3mv\u00f6ndur. Samsetningart\u00edmi er 1,5 klst. Komdu \u00e1stinni \u00e1 \u00f3vart me\u00f0 \u00feessum gl\u00e6silega bl\u00f3mvendi. \u00cd DIY kassanum fylgir allt sem \u00fearf","robots":{"index":"index","follow":"follow","max-snippet":"max-snippet:-1","max-image-preview":"max-image-preview:large","max-video-preview":"max-video-preview:-1"},"canonical":"https:\/\/fodurlandid.is\/vara\/af01j\/","og_locale":"en_US","og_type":"article","og_title":"Bl\u00f3mv\u00f6ndur","og_description":"Fallegur bl\u00f3mv\u00f6ndur. Samsetningart\u00edmi er 1,5 klst. Komdu \u00e1stinni \u00e1 \u00f3vart me\u00f0 \u00feessum gl\u00e6silega bl\u00f3mvendi. \u00cd DIY kassanum fylgir allt sem \u00fearf","og_url":"https:\/\/fodurlandid.is\/vara\/af01j\/","og_site_name":"F&ouml;&eth;urlandi&eth; heildsala","article_modified_time":"2026-02-09T12:18:58+00:00","og_image":[{"width":600,"height":600,"url":"https:\/\/fodurlandid.is\/wp-content\/uploads\/2025\/10\/AF01J.jpg","type":"image\/jpeg"}],"twitter_card":"summary_large_image","twitter_misc":{"Est. reading time":"1 minute"},"schema":{"@context":"https:\/\/schema.org","@graph":[{"@type":"WebPage","@id":"https:\/\/fodurlandid.is\/vara\/af01j\/","url":"https:\/\/fodurlandid.is\/vara\/af01j\/","name":"Bl\u00f3mv\u00f6ndur - St\u00f3r og fallegur bl\u00f3mv\u00f6ndur fyrir \u00feig og \u00fe\u00edna","isPartOf":{"@id":"https:\/\/fodurlandid.is\/#website"},"primaryImageOfPage":{"@id":"https:\/\/fodurlandid.is\/vara\/af01j\/#primaryimage"},"image":{"@id":"https:\/\/fodurlandid.is\/vara\/af01j\/#primaryimage"},"thumbnailUrl":"https:\/\/fodurlandid.is\/wp-content\/uploads\/2025\/10\/AF01J.jpg","datePublished":"2025-10-27T08:14:48+00:00","dateModified":"2026-02-09T12:18:58+00:00","description":"Fallegur bl\u00f3mv\u00f6ndur. Samsetningart\u00edmi er 1,5 klst. Komdu \u00e1stinni \u00e1 \u00f3vart me\u00f0 \u00feessum gl\u00e6silega bl\u00f3mvendi. \u00cd DIY kassanum fylgir allt sem \u00fearf","breadcrumb":{"@id":"https:\/\/fodurlandid.is\/vara\/af01j\/#breadcrumb"},"inLanguage":"en-US","potentialAction":[{"@type":"ReadAction","target":["https:\/\/fodurlandid.is\/vara\/af01j\/"]}]},{"@type":"ImageObject","inLanguage":"en-US","@id":"https:\/\/fodurlandid.is\/vara\/af01j\/#primaryimage","url":"https:\/\/fodurlandid.is\/wp-content\/uploads\/2025\/10\/AF01J.jpg","contentUrl":"https:\/\/fodurlandid.is\/wp-content\/uploads\/2025\/10\/AF01J.jpg","width":600,"height":600},{"@type":"BreadcrumbList","@id":"https:\/\/fodurlandid.is\/vara\/af01j\/#breadcrumb","itemListElement":[{"@type":"ListItem","position":1,"name":"Home","item":"https:\/\/fodurlandid.is\/"},{"@type":"ListItem","position":2,"name":"Shop","item":"https:\/\/www.vorulagerinn.is\/heildsala\/en\/shop\/"},{"@type":"ListItem","position":3,"name":"Bl\u00f3mv\u00f6ndur"}]},{"@type":"WebSite","@id":"https:\/\/fodurlandid.is\/#website","url":"https:\/\/fodurlandid.is\/","name":"F\u00f6\u00f0urlandi\u00f0 ehf, heildsala","description":"Innflutnings, umbo&eth;s- og dreifingara&eth;ili","publisher":{"@id":"https:\/\/fodurlandid.is\/#organization"},"alternateName":"Innflutnings, umbo\u00f0s- og dreifingara\u00f0ili","potentialAction":[{"@type":"SearchAction","target":{"@type":"EntryPoint","urlTemplate":"https:\/\/fodurlandid.is\/?s={search_term_string}"},"query-input":{"@type":"PropertyValueSpecification","valueRequired":true,"valueName":"search_term_string"}}],"inLanguage":"en-US"},{"@type":"Organization","@id":"https:\/\/fodurlandid.is\/#organization","name":"Innflutnings, umbo\u00f0s- og dreifingara\u00f0ili","url":"https:\/\/fodurlandid.is\/","logo":{"@type":"ImageObject","inLanguage":"en-US","@id":"https:\/\/fodurlandid.is\/#\/schema\/logo\/image\/","url":"https:\/\/fodurlandid.is\/wp-content\/uploads\/2024\/05\/Fodurlandid.png","contentUrl":"https:\/\/fodurlandid.is\/wp-content\/uploads\/2024\/05\/Fodurlandid.png","width":400,"height":293,"caption":"Innflutnings, umbo\u00f0s- og dreifingara\u00f0ili"},"image":{"@id":"https:\/\/fodurlandid.is\/#\/schema\/logo\/image\/"}}]}},"_links":{"self":[{"href":"https:\/\/fodurlandid.is\/en\/wp-json\/wp\/v2\/product\/25265","targetHints":{"allow":["GET"]}}],"collection":[{"href":"https:\/\/fodurlandid.is\/en\/wp-json\/wp\/v2\/product"}],"about":[{"href":"https:\/\/fodurlandid.is\/en\/wp-json\/wp\/v2\/types\/product"}],"wp:featuredmedia":[{"embeddable":true,"href":"https:\/\/fodurlandid.is\/en\/wp-json\/wp\/v2\/media\/25266"}],"wp:attachment":[{"href":"https:\/\/fodurlandid.is\/en\/wp-json\/wp\/v2\/media?parent=25265"}],"wp:term":[{"taxonomy":"product_brand","embeddable":true,"href":"https:\/\/fodurlandid.is\/en\/wp-json\/wp\/v2\/product_brand?post=25265"},{"taxonomy":"product_cat","embeddable":true,"href":"https:\/\/fodurlandid.is\/en\/wp-json\/wp\/v2\/product_cat?post=25265"},{"taxonomy":"product_tag","embeddable":true,"href":"https:\/\/fodurlandid.is\/en\/wp-json\/wp\/v2\/product_tag?post=25265"}],"curies":[{"name":"wp","href":"https:\/\/api.w.org\/{rel}","templated":true}]}}