{"id":25249,"date":"2025-11-22T11:55:24","date_gmt":"2025-11-22T11:55:24","guid":{"rendered":"https:\/\/fodurlandid.is\/?post_type=product&#038;p=25249"},"modified":"2026-01-12T21:18:23","modified_gmt":"2026-01-12T21:18:23","slug":"dg145","status":"publish","type":"product","link":"https:\/\/fodurlandid.is\/en\/product\/dg145\/","title":{"rendered":"Bl\u00f3mab\u00fa\u00f0 Emily &#8211; \u00der\u00edv\u00edddar DIY vi\u00f0arp\u00fasl"},"content":{"rendered":"<p><iframe loading=\"lazy\" title=\"Building ROlife Emily&#039;s Flower Shop DG145 | Full DIY Miniature Dollhouse \ud83c\udf3c\u2728\" width=\"1020\" height=\"574\" src=\"https:\/\/www.youtube.com\/embed\/h4UaXXH_mbE?feature=oembed\" frameborder=\"0\" allow=\"accelerometer; autoplay; clipboard-write; encrypted-media; gyroscope; picture-in-picture; web-share\" referrerpolicy=\"strict-origin-when-cross-origin\" allowfullscreen><\/iframe><\/p>\n<p>&nbsp;<\/p>\n","protected":false},"excerpt":{"rendered":"<p>Emily bl\u00f3mab\u00fa\u00f0in er \u00ed vins\u00e6lu hverfi \u00ed fallegu gar\u00f0h\u00fasi sem fj\u00f6ldi f\u00f3lks heims\u00e6kir \u00e1 hverjum degi. Bl\u00f3mab\u00fa\u00f0in er sm\u00ed\u00f0u\u00f0 fr\u00e1 grunni \u00e1 kvar\u00f0anum 1:18. Mj\u00f6g gl\u00e6silegt 3d vi\u00f0arp\u00fasl fyrir unglinga og fullor\u00f0na til a\u00f0 setja saman og geyma \u00ed hillunni heima. \u00cd DIY kassanum fylgir allt sem \u00fearf til a\u00f0 endurskapa bl\u00f3mab\u00fa\u00f0 Emily \u00e1samt lei\u00f0beiningum sem au\u00f0velt er fylgja.<\/p>\n<p><strong>Emily\u2019s Flower Shop<\/strong><br \/>\n\u2013 Myndband af v\u00f6ru er ne\u00f0ar \u00e1 \u00feessari s\u00ed\u00f0u<br \/>\n\u2013 St\u00e6r\u00f0: 22 x 15 x 17 cm<br \/>\n\u2013 Fj\u00f6ldi hluta: 206 \u00fer\u00edv\u00edddar vi\u00f0arp\u00fasl<br \/>\n\u2013 \u00cd kassanum fyglir allt sem \u00fearf<br \/>\n\u2013 Lei\u00f0beiningar sem au\u00f0velt er a\u00f0 fylgja<br \/>\n\u2013 Led lj\u00f3s (CR2032 rafhla\u00f0a fylgir ekki me\u00f0)<br \/>\n\u2013 \u00c1\u00e6tla\u00f0ur samsetningart\u00edmi: 10 klst<br \/>\n\u2013 Erfi\u00f0leikastig: 4,5 af 5<br \/>\n\u2013 Aldur: 14 \u00e1ra og eldri<br \/>\n\u2013 Vottun: CE<\/p>\n","protected":false},"featured_media":25848,"template":"","meta":[],"product_brand":[431],"product_cat":[430],"product_tag":[],"class_list":{"0":"post-25249","1":"product","2":"type-product","3":"status-publish","4":"has-post-thumbnail","6":"product_brand-rolife","7":"product_cat-thrividdar-diy-vidarpusl","9":"first","10":"instock","11":"taxable","12":"shipping-taxable","13":"product-type-simple"},"yoast_head":"<!-- This site is optimized with the Yoast SEO Premium plugin v21.5 (Yoast SEO v27.3) - https:\/\/yoast.com\/product\/yoast-seo-premium-wordpress\/ -->\n<title>Bl\u00f3mab\u00fa\u00f0 Emily - \u00der\u00edv\u00edddar DIY vi\u00f0arp\u00fasl<\/title>\n<meta name=\"description\" content=\"Bl\u00f3mab\u00fa\u00f0in er sm\u00ed\u00f0u\u00f0 fr\u00e1 grunni \u00e1 kvar\u00f0anum 1:18. \u00cd DIY kassanum fylgir allt sem \u00fearf til a\u00f0 endurskapa bl\u00f3mab\u00fa\u00f0 Emily \u00e1samt lei\u00f0beiningum.\" \/>\n<meta name=\"robots\" content=\"index, follow, max-snippet:-1, max-image-preview:large, max-video-preview:-1\" \/>\n<link rel=\"canonical\" href=\"https:\/\/fodurlandid.is\/vara\/dg145\/\" \/>\n<meta property=\"og:locale\" content=\"en_US\" \/>\n<meta property=\"og:type\" content=\"article\" \/>\n<meta property=\"og:title\" content=\"Bl\u00f3mab\u00fa\u00f0 Emily - \u00der\u00edv\u00edddar DIY vi\u00f0arp\u00fasl\" \/>\n<meta property=\"og:description\" content=\"Bl\u00f3mab\u00fa\u00f0in er sm\u00ed\u00f0u\u00f0 fr\u00e1 grunni \u00e1 kvar\u00f0anum 1:18. \u00cd DIY kassanum fylgir allt sem \u00fearf til a\u00f0 endurskapa bl\u00f3mab\u00fa\u00f0 Emily \u00e1samt lei\u00f0beiningum.\" \/>\n<meta property=\"og:url\" content=\"https:\/\/fodurlandid.is\/vara\/dg145\/\" \/>\n<meta property=\"og:site_name\" content=\"F&ouml;&eth;urlandi&eth; heildsala\" \/>\n<meta property=\"article:modified_time\" content=\"2026-01-12T21:18:23+00:00\" \/>\n<meta property=\"og:image\" content=\"https:\/\/fodurlandid.is\/wp-content\/uploads\/2025\/11\/DG145.jpg\" \/>\n\t<meta property=\"og:image:width\" content=\"600\" \/>\n\t<meta property=\"og:image:height\" content=\"600\" \/>\n\t<meta property=\"og:image:type\" content=\"image\/jpeg\" \/>\n<meta name=\"twitter:card\" content=\"summary_large_image\" \/>\n<meta name=\"twitter:label1\" content=\"Est. reading time\" \/>\n\t<meta name=\"twitter:data1\" content=\"1 minute\" \/>\n<script type=\"application\/ld+json\" class=\"yoast-schema-graph\">{\"@context\":\"https:\\\/\\\/schema.org\",\"@graph\":[{\"@type\":\"WebPage\",\"@id\":\"https:\\\/\\\/fodurlandid.is\\\/vara\\\/dg145\\\/\",\"url\":\"https:\\\/\\\/fodurlandid.is\\\/vara\\\/dg145\\\/\",\"name\":\"Bl\u00f3mab\u00fa\u00f0 Emily - \u00der\u00edv\u00edddar DIY vi\u00f0arp\u00fasl\",\"isPartOf\":{\"@id\":\"https:\\\/\\\/fodurlandid.is\\\/#website\"},\"primaryImageOfPage\":{\"@id\":\"https:\\\/\\\/fodurlandid.is\\\/vara\\\/dg145\\\/#primaryimage\"},\"image\":{\"@id\":\"https:\\\/\\\/fodurlandid.is\\\/vara\\\/dg145\\\/#primaryimage\"},\"thumbnailUrl\":\"https:\\\/\\\/fodurlandid.is\\\/wp-content\\\/uploads\\\/2025\\\/11\\\/DG145.jpg\",\"datePublished\":\"2025-11-22T11:55:24+00:00\",\"dateModified\":\"2026-01-12T21:18:23+00:00\",\"description\":\"Bl\u00f3mab\u00fa\u00f0in er sm\u00ed\u00f0u\u00f0 fr\u00e1 grunni \u00e1 kvar\u00f0anum 1:18. \u00cd DIY kassanum fylgir allt sem \u00fearf til a\u00f0 endurskapa bl\u00f3mab\u00fa\u00f0 Emily \u00e1samt lei\u00f0beiningum.\",\"breadcrumb\":{\"@id\":\"https:\\\/\\\/fodurlandid.is\\\/vara\\\/dg145\\\/#breadcrumb\"},\"inLanguage\":\"en-US\",\"potentialAction\":[{\"@type\":\"ReadAction\",\"target\":[\"https:\\\/\\\/fodurlandid.is\\\/vara\\\/dg145\\\/\"]}]},{\"@type\":\"ImageObject\",\"inLanguage\":\"en-US\",\"@id\":\"https:\\\/\\\/fodurlandid.is\\\/vara\\\/dg145\\\/#primaryimage\",\"url\":\"https:\\\/\\\/fodurlandid.is\\\/wp-content\\\/uploads\\\/2025\\\/11\\\/DG145.jpg\",\"contentUrl\":\"https:\\\/\\\/fodurlandid.is\\\/wp-content\\\/uploads\\\/2025\\\/11\\\/DG145.jpg\",\"width\":600,\"height\":600},{\"@type\":\"BreadcrumbList\",\"@id\":\"https:\\\/\\\/fodurlandid.is\\\/vara\\\/dg145\\\/#breadcrumb\",\"itemListElement\":[{\"@type\":\"ListItem\",\"position\":1,\"name\":\"Home\",\"item\":\"https:\\\/\\\/fodurlandid.is\\\/\"},{\"@type\":\"ListItem\",\"position\":2,\"name\":\"Shop\",\"item\":\"https:\\\/\\\/www.vorulagerinn.is\\\/heildsala\\\/en\\\/shop\\\/\"},{\"@type\":\"ListItem\",\"position\":3,\"name\":\"Bl\u00f3mab\u00fa\u00f0 Emily &#8211; \u00der\u00edv\u00edddar DIY vi\u00f0arp\u00fasl\"}]},{\"@type\":\"WebSite\",\"@id\":\"https:\\\/\\\/fodurlandid.is\\\/#website\",\"url\":\"https:\\\/\\\/fodurlandid.is\\\/\",\"name\":\"F\u00f6\u00f0urlandi\u00f0 ehf, heildsala\",\"description\":\"Innflutnings, umbo&eth;s- og dreifingara&eth;ili\",\"publisher\":{\"@id\":\"https:\\\/\\\/fodurlandid.is\\\/#organization\"},\"alternateName\":\"Innflutnings, umbo\u00f0s- og dreifingara\u00f0ili\",\"potentialAction\":[{\"@type\":\"SearchAction\",\"target\":{\"@type\":\"EntryPoint\",\"urlTemplate\":\"https:\\\/\\\/fodurlandid.is\\\/?s={search_term_string}\"},\"query-input\":{\"@type\":\"PropertyValueSpecification\",\"valueRequired\":true,\"valueName\":\"search_term_string\"}}],\"inLanguage\":\"en-US\"},{\"@type\":\"Organization\",\"@id\":\"https:\\\/\\\/fodurlandid.is\\\/#organization\",\"name\":\"Innflutnings, umbo\u00f0s- og dreifingara\u00f0ili\",\"url\":\"https:\\\/\\\/fodurlandid.is\\\/\",\"logo\":{\"@type\":\"ImageObject\",\"inLanguage\":\"en-US\",\"@id\":\"https:\\\/\\\/fodurlandid.is\\\/#\\\/schema\\\/logo\\\/image\\\/\",\"url\":\"https:\\\/\\\/fodurlandid.is\\\/wp-content\\\/uploads\\\/2024\\\/05\\\/Fodurlandid.png\",\"contentUrl\":\"https:\\\/\\\/fodurlandid.is\\\/wp-content\\\/uploads\\\/2024\\\/05\\\/Fodurlandid.png\",\"width\":400,\"height\":293,\"caption\":\"Innflutnings, umbo\u00f0s- og dreifingara\u00f0ili\"},\"image\":{\"@id\":\"https:\\\/\\\/fodurlandid.is\\\/#\\\/schema\\\/logo\\\/image\\\/\"}}]}<\/script>\n<!-- \/ Yoast SEO Premium plugin. -->","yoast_head_json":{"title":"Bl\u00f3mab\u00fa\u00f0 Emily - \u00der\u00edv\u00edddar DIY vi\u00f0arp\u00fasl","description":"Bl\u00f3mab\u00fa\u00f0in er sm\u00ed\u00f0u\u00f0 fr\u00e1 grunni \u00e1 kvar\u00f0anum 1:18. \u00cd DIY kassanum fylgir allt sem \u00fearf til a\u00f0 endurskapa bl\u00f3mab\u00fa\u00f0 Emily \u00e1samt lei\u00f0beiningum.","robots":{"index":"index","follow":"follow","max-snippet":"max-snippet:-1","max-image-preview":"max-image-preview:large","max-video-preview":"max-video-preview:-1"},"canonical":"https:\/\/fodurlandid.is\/vara\/dg145\/","og_locale":"en_US","og_type":"article","og_title":"Bl\u00f3mab\u00fa\u00f0 Emily - \u00der\u00edv\u00edddar DIY vi\u00f0arp\u00fasl","og_description":"Bl\u00f3mab\u00fa\u00f0in er sm\u00ed\u00f0u\u00f0 fr\u00e1 grunni \u00e1 kvar\u00f0anum 1:18. \u00cd DIY kassanum fylgir allt sem \u00fearf til a\u00f0 endurskapa bl\u00f3mab\u00fa\u00f0 Emily \u00e1samt lei\u00f0beiningum.","og_url":"https:\/\/fodurlandid.is\/vara\/dg145\/","og_site_name":"F&ouml;&eth;urlandi&eth; heildsala","article_modified_time":"2026-01-12T21:18:23+00:00","og_image":[{"width":600,"height":600,"url":"https:\/\/fodurlandid.is\/wp-content\/uploads\/2025\/11\/DG145.jpg","type":"image\/jpeg"}],"twitter_card":"summary_large_image","twitter_misc":{"Est. reading time":"1 minute"},"schema":{"@context":"https:\/\/schema.org","@graph":[{"@type":"WebPage","@id":"https:\/\/fodurlandid.is\/vara\/dg145\/","url":"https:\/\/fodurlandid.is\/vara\/dg145\/","name":"Bl\u00f3mab\u00fa\u00f0 Emily - \u00der\u00edv\u00edddar DIY vi\u00f0arp\u00fasl","isPartOf":{"@id":"https:\/\/fodurlandid.is\/#website"},"primaryImageOfPage":{"@id":"https:\/\/fodurlandid.is\/vara\/dg145\/#primaryimage"},"image":{"@id":"https:\/\/fodurlandid.is\/vara\/dg145\/#primaryimage"},"thumbnailUrl":"https:\/\/fodurlandid.is\/wp-content\/uploads\/2025\/11\/DG145.jpg","datePublished":"2025-11-22T11:55:24+00:00","dateModified":"2026-01-12T21:18:23+00:00","description":"Bl\u00f3mab\u00fa\u00f0in er sm\u00ed\u00f0u\u00f0 fr\u00e1 grunni \u00e1 kvar\u00f0anum 1:18. \u00cd DIY kassanum fylgir allt sem \u00fearf til a\u00f0 endurskapa bl\u00f3mab\u00fa\u00f0 Emily \u00e1samt lei\u00f0beiningum.","breadcrumb":{"@id":"https:\/\/fodurlandid.is\/vara\/dg145\/#breadcrumb"},"inLanguage":"en-US","potentialAction":[{"@type":"ReadAction","target":["https:\/\/fodurlandid.is\/vara\/dg145\/"]}]},{"@type":"ImageObject","inLanguage":"en-US","@id":"https:\/\/fodurlandid.is\/vara\/dg145\/#primaryimage","url":"https:\/\/fodurlandid.is\/wp-content\/uploads\/2025\/11\/DG145.jpg","contentUrl":"https:\/\/fodurlandid.is\/wp-content\/uploads\/2025\/11\/DG145.jpg","width":600,"height":600},{"@type":"BreadcrumbList","@id":"https:\/\/fodurlandid.is\/vara\/dg145\/#breadcrumb","itemListElement":[{"@type":"ListItem","position":1,"name":"Home","item":"https:\/\/fodurlandid.is\/"},{"@type":"ListItem","position":2,"name":"Shop","item":"https:\/\/www.vorulagerinn.is\/heildsala\/en\/shop\/"},{"@type":"ListItem","position":3,"name":"Bl\u00f3mab\u00fa\u00f0 Emily &#8211; \u00der\u00edv\u00edddar DIY vi\u00f0arp\u00fasl"}]},{"@type":"WebSite","@id":"https:\/\/fodurlandid.is\/#website","url":"https:\/\/fodurlandid.is\/","name":"F\u00f6\u00f0urlandi\u00f0 ehf, heildsala","description":"Innflutnings, umbo&eth;s- og dreifingara&eth;ili","publisher":{"@id":"https:\/\/fodurlandid.is\/#organization"},"alternateName":"Innflutnings, umbo\u00f0s- og dreifingara\u00f0ili","potentialAction":[{"@type":"SearchAction","target":{"@type":"EntryPoint","urlTemplate":"https:\/\/fodurlandid.is\/?s={search_term_string}"},"query-input":{"@type":"PropertyValueSpecification","valueRequired":true,"valueName":"search_term_string"}}],"inLanguage":"en-US"},{"@type":"Organization","@id":"https:\/\/fodurlandid.is\/#organization","name":"Innflutnings, umbo\u00f0s- og dreifingara\u00f0ili","url":"https:\/\/fodurlandid.is\/","logo":{"@type":"ImageObject","inLanguage":"en-US","@id":"https:\/\/fodurlandid.is\/#\/schema\/logo\/image\/","url":"https:\/\/fodurlandid.is\/wp-content\/uploads\/2024\/05\/Fodurlandid.png","contentUrl":"https:\/\/fodurlandid.is\/wp-content\/uploads\/2024\/05\/Fodurlandid.png","width":400,"height":293,"caption":"Innflutnings, umbo\u00f0s- og dreifingara\u00f0ili"},"image":{"@id":"https:\/\/fodurlandid.is\/#\/schema\/logo\/image\/"}}]}},"_links":{"self":[{"href":"https:\/\/fodurlandid.is\/en\/wp-json\/wp\/v2\/product\/25249","targetHints":{"allow":["GET"]}}],"collection":[{"href":"https:\/\/fodurlandid.is\/en\/wp-json\/wp\/v2\/product"}],"about":[{"href":"https:\/\/fodurlandid.is\/en\/wp-json\/wp\/v2\/types\/product"}],"wp:featuredmedia":[{"embeddable":true,"href":"https:\/\/fodurlandid.is\/en\/wp-json\/wp\/v2\/media\/25848"}],"wp:attachment":[{"href":"https:\/\/fodurlandid.is\/en\/wp-json\/wp\/v2\/media?parent=25249"}],"wp:term":[{"taxonomy":"product_brand","embeddable":true,"href":"https:\/\/fodurlandid.is\/en\/wp-json\/wp\/v2\/product_brand?post=25249"},{"taxonomy":"product_cat","embeddable":true,"href":"https:\/\/fodurlandid.is\/en\/wp-json\/wp\/v2\/product_cat?post=25249"},{"taxonomy":"product_tag","embeddable":true,"href":"https:\/\/fodurlandid.is\/en\/wp-json\/wp\/v2\/product_tag?post=25249"}],"curies":[{"name":"wp","href":"https:\/\/api.w.org\/{rel}","templated":true}]}}