{"id":25204,"date":"2025-11-22T07:43:30","date_gmt":"2025-11-22T07:43:30","guid":{"rendered":"https:\/\/fodurlandid.is\/?post_type=product&#038;p=25204"},"modified":"2025-11-22T12:32:22","modified_gmt":"2025-11-22T12:32:22","slug":"tge01","status":"publish","type":"product","link":"https:\/\/fodurlandid.is\/en\/product\/tge01\/","title":{"rendered":"Century Train \u00fer\u00edv\u00edddar DIY vi\u00f0arp\u00fasl"},"content":{"rendered":"<p><iframe loading=\"lazy\" title=\"Rolife Century Train Book Nook \u2013 Journey Through Stories and Time!\" width=\"1020\" height=\"574\" src=\"https:\/\/www.youtube.com\/embed\/SNJzPSA0X40?start=27&#038;feature=oembed\" frameborder=\"0\" allow=\"accelerometer; autoplay; clipboard-write; encrypted-media; gyroscope; picture-in-picture; web-share\" referrerpolicy=\"strict-origin-when-cross-origin\" allowfullscreen><\/iframe><\/p>\n<p>&nbsp;<\/p>\n","protected":false},"excerpt":{"rendered":"<p>Gl\u00e6silegt \u00fer\u00edv\u00edddar DIY vi\u00f0arp\u00fasl af gufukn\u00fainni lest fr\u00e1 19. \u00f6ld sem fer \u00ed gegnum b\u00e6kurnar \u00ed hillunni heima \u00ed stofu. \u00dea\u00f0 eru 313 \u00fer\u00edv\u00edddar vi\u00f0arp\u00fasl \u00ed kassanum \u00e1samt \u00f6llu sem \u00fearf til a\u00f0 setja lestina saman. Athuga a\u00f0 b\u00e6kur \u00e1 myndum fylgja ekki me\u00f0. Lestinni er komi\u00f0 fyrir sitt hvoru megin vi\u00f0 b\u00e6kurnar.<\/p>\n<p>Lestarfer\u00f0 \u00ed gegnum s\u00f6gur og t\u00edma<\/p>\n<p><strong>Century Train<\/strong><br \/>\n&#8211; Myndband af v\u00f6ru er ne\u00f0ar \u00e1 \u00feessari s\u00ed\u00f0u<br \/>\n&#8211; St\u00e6r\u00f0: 44&#215;10,6&#215;16,6 cm<br \/>\n&#8211; Fj\u00f6ldi hluta: 313 \u00fer\u00edv\u00edddar vi\u00f0arp\u00fasl<br \/>\n&#8211; Lei\u00f0beiningar sem au\u00f0velt er a\u00f0 fylgja<br \/>\n&#8211; \u00c1\u00e6tla\u00f0ur samsetningart\u00edmi: 3 klst<br \/>\n&#8211; Erfileikastig: 4 af 5<br \/>\n&#8211; Aldur: 14 \u00e1ra og eldri<br \/>\n&#8211; Vottun: CE<\/p>\n","protected":false},"featured_media":25205,"template":"","meta":[],"product_brand":[431],"product_cat":[430],"product_tag":[],"class_list":{"0":"post-25204","1":"product","2":"type-product","3":"status-publish","4":"has-post-thumbnail","6":"product_brand-rolife","7":"product_cat-thrividdar-diy-vidarpusl","9":"first","10":"instock","11":"taxable","12":"shipping-taxable","13":"product-type-simple"},"yoast_head":"<!-- This site is optimized with the Yoast SEO Premium plugin v21.5 (Yoast SEO v27.3) - https:\/\/yoast.com\/product\/yoast-seo-premium-wordpress\/ -->\n<title>Century Train \u00fer\u00edv\u00edddar DIY vi\u00f0arp\u00fasl<\/title>\n<meta name=\"description\" content=\"Gl\u00e6silegt \u00fer\u00edv\u00edddar DIY vi\u00f0arp\u00fasl af gufukn\u00fainni lest fr\u00e1 19. \u00f6ld sem fer \u00ed gegnum b\u00e6kurnar \u00ed hillunni heima \u00ed stofu. 313 \u00fer\u00edv\u00edddar vi\u00f0arp\u00fasl \u00ed kassanum\" \/>\n<meta name=\"robots\" content=\"index, follow, max-snippet:-1, max-image-preview:large, max-video-preview:-1\" \/>\n<link rel=\"canonical\" href=\"https:\/\/fodurlandid.is\/vara\/tge01\/\" \/>\n<meta property=\"og:locale\" content=\"en_US\" \/>\n<meta property=\"og:type\" content=\"article\" \/>\n<meta property=\"og:title\" content=\"Century Train \u00fer\u00edv\u00edddar DIY vi\u00f0arp\u00fasl\" \/>\n<meta property=\"og:description\" content=\"Gl\u00e6silegt \u00fer\u00edv\u00edddar DIY vi\u00f0arp\u00fasl af gufukn\u00fainni lest fr\u00e1 19. \u00f6ld sem fer \u00ed gegnum b\u00e6kurnar \u00ed hillunni heima \u00ed stofu. 313 \u00fer\u00edv\u00edddar vi\u00f0arp\u00fasl \u00ed kassanum\" \/>\n<meta property=\"og:url\" content=\"https:\/\/fodurlandid.is\/vara\/tge01\/\" \/>\n<meta property=\"og:site_name\" content=\"F&ouml;&eth;urlandi&eth; heildsala\" \/>\n<meta property=\"article:modified_time\" content=\"2025-11-22T12:32:22+00:00\" \/>\n<meta property=\"og:image\" content=\"https:\/\/fodurlandid.is\/wp-content\/uploads\/2025\/10\/TGE01.jpg\" \/>\n\t<meta property=\"og:image:width\" content=\"600\" \/>\n\t<meta property=\"og:image:height\" content=\"600\" \/>\n\t<meta property=\"og:image:type\" content=\"image\/jpeg\" \/>\n<meta name=\"twitter:card\" content=\"summary_large_image\" \/>\n<meta name=\"twitter:label1\" content=\"Est. reading time\" \/>\n\t<meta name=\"twitter:data1\" content=\"1 minute\" \/>\n<script type=\"application\/ld+json\" class=\"yoast-schema-graph\">{\"@context\":\"https:\\\/\\\/schema.org\",\"@graph\":[{\"@type\":\"WebPage\",\"@id\":\"https:\\\/\\\/fodurlandid.is\\\/vara\\\/tge01\\\/\",\"url\":\"https:\\\/\\\/fodurlandid.is\\\/vara\\\/tge01\\\/\",\"name\":\"Century Train \u00fer\u00edv\u00edddar DIY vi\u00f0arp\u00fasl\",\"isPartOf\":{\"@id\":\"https:\\\/\\\/fodurlandid.is\\\/#website\"},\"primaryImageOfPage\":{\"@id\":\"https:\\\/\\\/fodurlandid.is\\\/vara\\\/tge01\\\/#primaryimage\"},\"image\":{\"@id\":\"https:\\\/\\\/fodurlandid.is\\\/vara\\\/tge01\\\/#primaryimage\"},\"thumbnailUrl\":\"https:\\\/\\\/fodurlandid.is\\\/wp-content\\\/uploads\\\/2025\\\/10\\\/TGE01.jpg\",\"datePublished\":\"2025-11-22T07:43:30+00:00\",\"dateModified\":\"2025-11-22T12:32:22+00:00\",\"description\":\"Gl\u00e6silegt \u00fer\u00edv\u00edddar DIY vi\u00f0arp\u00fasl af gufukn\u00fainni lest fr\u00e1 19. \u00f6ld sem fer \u00ed gegnum b\u00e6kurnar \u00ed hillunni heima \u00ed stofu. 313 \u00fer\u00edv\u00edddar vi\u00f0arp\u00fasl \u00ed kassanum\",\"breadcrumb\":{\"@id\":\"https:\\\/\\\/fodurlandid.is\\\/vara\\\/tge01\\\/#breadcrumb\"},\"inLanguage\":\"en-US\",\"potentialAction\":[{\"@type\":\"ReadAction\",\"target\":[\"https:\\\/\\\/fodurlandid.is\\\/vara\\\/tge01\\\/\"]}]},{\"@type\":\"ImageObject\",\"inLanguage\":\"en-US\",\"@id\":\"https:\\\/\\\/fodurlandid.is\\\/vara\\\/tge01\\\/#primaryimage\",\"url\":\"https:\\\/\\\/fodurlandid.is\\\/wp-content\\\/uploads\\\/2025\\\/10\\\/TGE01.jpg\",\"contentUrl\":\"https:\\\/\\\/fodurlandid.is\\\/wp-content\\\/uploads\\\/2025\\\/10\\\/TGE01.jpg\",\"width\":600,\"height\":600},{\"@type\":\"BreadcrumbList\",\"@id\":\"https:\\\/\\\/fodurlandid.is\\\/vara\\\/tge01\\\/#breadcrumb\",\"itemListElement\":[{\"@type\":\"ListItem\",\"position\":1,\"name\":\"Home\",\"item\":\"https:\\\/\\\/fodurlandid.is\\\/\"},{\"@type\":\"ListItem\",\"position\":2,\"name\":\"Shop\",\"item\":\"https:\\\/\\\/www.vorulagerinn.is\\\/heildsala\\\/en\\\/shop\\\/\"},{\"@type\":\"ListItem\",\"position\":3,\"name\":\"Century Train \u00fer\u00edv\u00edddar DIY vi\u00f0arp\u00fasl\"}]},{\"@type\":\"WebSite\",\"@id\":\"https:\\\/\\\/fodurlandid.is\\\/#website\",\"url\":\"https:\\\/\\\/fodurlandid.is\\\/\",\"name\":\"F\u00f6\u00f0urlandi\u00f0 ehf, heildsala\",\"description\":\"Innflutnings, umbo&eth;s- og dreifingara&eth;ili\",\"publisher\":{\"@id\":\"https:\\\/\\\/fodurlandid.is\\\/#organization\"},\"alternateName\":\"Innflutnings, umbo\u00f0s- og dreifingara\u00f0ili\",\"potentialAction\":[{\"@type\":\"SearchAction\",\"target\":{\"@type\":\"EntryPoint\",\"urlTemplate\":\"https:\\\/\\\/fodurlandid.is\\\/?s={search_term_string}\"},\"query-input\":{\"@type\":\"PropertyValueSpecification\",\"valueRequired\":true,\"valueName\":\"search_term_string\"}}],\"inLanguage\":\"en-US\"},{\"@type\":\"Organization\",\"@id\":\"https:\\\/\\\/fodurlandid.is\\\/#organization\",\"name\":\"Innflutnings, umbo\u00f0s- og dreifingara\u00f0ili\",\"url\":\"https:\\\/\\\/fodurlandid.is\\\/\",\"logo\":{\"@type\":\"ImageObject\",\"inLanguage\":\"en-US\",\"@id\":\"https:\\\/\\\/fodurlandid.is\\\/#\\\/schema\\\/logo\\\/image\\\/\",\"url\":\"https:\\\/\\\/fodurlandid.is\\\/wp-content\\\/uploads\\\/2024\\\/05\\\/Fodurlandid.png\",\"contentUrl\":\"https:\\\/\\\/fodurlandid.is\\\/wp-content\\\/uploads\\\/2024\\\/05\\\/Fodurlandid.png\",\"width\":400,\"height\":293,\"caption\":\"Innflutnings, umbo\u00f0s- og dreifingara\u00f0ili\"},\"image\":{\"@id\":\"https:\\\/\\\/fodurlandid.is\\\/#\\\/schema\\\/logo\\\/image\\\/\"}}]}<\/script>\n<!-- \/ Yoast SEO Premium plugin. -->","yoast_head_json":{"title":"Century Train \u00fer\u00edv\u00edddar DIY vi\u00f0arp\u00fasl","description":"Gl\u00e6silegt \u00fer\u00edv\u00edddar DIY vi\u00f0arp\u00fasl af gufukn\u00fainni lest fr\u00e1 19. \u00f6ld sem fer \u00ed gegnum b\u00e6kurnar \u00ed hillunni heima \u00ed stofu. 313 \u00fer\u00edv\u00edddar vi\u00f0arp\u00fasl \u00ed kassanum","robots":{"index":"index","follow":"follow","max-snippet":"max-snippet:-1","max-image-preview":"max-image-preview:large","max-video-preview":"max-video-preview:-1"},"canonical":"https:\/\/fodurlandid.is\/vara\/tge01\/","og_locale":"en_US","og_type":"article","og_title":"Century Train \u00fer\u00edv\u00edddar DIY vi\u00f0arp\u00fasl","og_description":"Gl\u00e6silegt \u00fer\u00edv\u00edddar DIY vi\u00f0arp\u00fasl af gufukn\u00fainni lest fr\u00e1 19. \u00f6ld sem fer \u00ed gegnum b\u00e6kurnar \u00ed hillunni heima \u00ed stofu. 313 \u00fer\u00edv\u00edddar vi\u00f0arp\u00fasl \u00ed kassanum","og_url":"https:\/\/fodurlandid.is\/vara\/tge01\/","og_site_name":"F&ouml;&eth;urlandi&eth; heildsala","article_modified_time":"2025-11-22T12:32:22+00:00","og_image":[{"width":600,"height":600,"url":"https:\/\/fodurlandid.is\/wp-content\/uploads\/2025\/10\/TGE01.jpg","type":"image\/jpeg"}],"twitter_card":"summary_large_image","twitter_misc":{"Est. reading time":"1 minute"},"schema":{"@context":"https:\/\/schema.org","@graph":[{"@type":"WebPage","@id":"https:\/\/fodurlandid.is\/vara\/tge01\/","url":"https:\/\/fodurlandid.is\/vara\/tge01\/","name":"Century Train \u00fer\u00edv\u00edddar DIY vi\u00f0arp\u00fasl","isPartOf":{"@id":"https:\/\/fodurlandid.is\/#website"},"primaryImageOfPage":{"@id":"https:\/\/fodurlandid.is\/vara\/tge01\/#primaryimage"},"image":{"@id":"https:\/\/fodurlandid.is\/vara\/tge01\/#primaryimage"},"thumbnailUrl":"https:\/\/fodurlandid.is\/wp-content\/uploads\/2025\/10\/TGE01.jpg","datePublished":"2025-11-22T07:43:30+00:00","dateModified":"2025-11-22T12:32:22+00:00","description":"Gl\u00e6silegt \u00fer\u00edv\u00edddar DIY vi\u00f0arp\u00fasl af gufukn\u00fainni lest fr\u00e1 19. \u00f6ld sem fer \u00ed gegnum b\u00e6kurnar \u00ed hillunni heima \u00ed stofu. 313 \u00fer\u00edv\u00edddar vi\u00f0arp\u00fasl \u00ed kassanum","breadcrumb":{"@id":"https:\/\/fodurlandid.is\/vara\/tge01\/#breadcrumb"},"inLanguage":"en-US","potentialAction":[{"@type":"ReadAction","target":["https:\/\/fodurlandid.is\/vara\/tge01\/"]}]},{"@type":"ImageObject","inLanguage":"en-US","@id":"https:\/\/fodurlandid.is\/vara\/tge01\/#primaryimage","url":"https:\/\/fodurlandid.is\/wp-content\/uploads\/2025\/10\/TGE01.jpg","contentUrl":"https:\/\/fodurlandid.is\/wp-content\/uploads\/2025\/10\/TGE01.jpg","width":600,"height":600},{"@type":"BreadcrumbList","@id":"https:\/\/fodurlandid.is\/vara\/tge01\/#breadcrumb","itemListElement":[{"@type":"ListItem","position":1,"name":"Home","item":"https:\/\/fodurlandid.is\/"},{"@type":"ListItem","position":2,"name":"Shop","item":"https:\/\/www.vorulagerinn.is\/heildsala\/en\/shop\/"},{"@type":"ListItem","position":3,"name":"Century Train \u00fer\u00edv\u00edddar DIY vi\u00f0arp\u00fasl"}]},{"@type":"WebSite","@id":"https:\/\/fodurlandid.is\/#website","url":"https:\/\/fodurlandid.is\/","name":"F\u00f6\u00f0urlandi\u00f0 ehf, heildsala","description":"Innflutnings, umbo&eth;s- og dreifingara&eth;ili","publisher":{"@id":"https:\/\/fodurlandid.is\/#organization"},"alternateName":"Innflutnings, umbo\u00f0s- og dreifingara\u00f0ili","potentialAction":[{"@type":"SearchAction","target":{"@type":"EntryPoint","urlTemplate":"https:\/\/fodurlandid.is\/?s={search_term_string}"},"query-input":{"@type":"PropertyValueSpecification","valueRequired":true,"valueName":"search_term_string"}}],"inLanguage":"en-US"},{"@type":"Organization","@id":"https:\/\/fodurlandid.is\/#organization","name":"Innflutnings, umbo\u00f0s- og dreifingara\u00f0ili","url":"https:\/\/fodurlandid.is\/","logo":{"@type":"ImageObject","inLanguage":"en-US","@id":"https:\/\/fodurlandid.is\/#\/schema\/logo\/image\/","url":"https:\/\/fodurlandid.is\/wp-content\/uploads\/2024\/05\/Fodurlandid.png","contentUrl":"https:\/\/fodurlandid.is\/wp-content\/uploads\/2024\/05\/Fodurlandid.png","width":400,"height":293,"caption":"Innflutnings, umbo\u00f0s- og dreifingara\u00f0ili"},"image":{"@id":"https:\/\/fodurlandid.is\/#\/schema\/logo\/image\/"}}]}},"_links":{"self":[{"href":"https:\/\/fodurlandid.is\/en\/wp-json\/wp\/v2\/product\/25204","targetHints":{"allow":["GET"]}}],"collection":[{"href":"https:\/\/fodurlandid.is\/en\/wp-json\/wp\/v2\/product"}],"about":[{"href":"https:\/\/fodurlandid.is\/en\/wp-json\/wp\/v2\/types\/product"}],"wp:featuredmedia":[{"embeddable":true,"href":"https:\/\/fodurlandid.is\/en\/wp-json\/wp\/v2\/media\/25205"}],"wp:attachment":[{"href":"https:\/\/fodurlandid.is\/en\/wp-json\/wp\/v2\/media?parent=25204"}],"wp:term":[{"taxonomy":"product_brand","embeddable":true,"href":"https:\/\/fodurlandid.is\/en\/wp-json\/wp\/v2\/product_brand?post=25204"},{"taxonomy":"product_cat","embeddable":true,"href":"https:\/\/fodurlandid.is\/en\/wp-json\/wp\/v2\/product_cat?post=25204"},{"taxonomy":"product_tag","embeddable":true,"href":"https:\/\/fodurlandid.is\/en\/wp-json\/wp\/v2\/product_tag?post=25204"}],"curies":[{"name":"wp","href":"https:\/\/api.w.org\/{rel}","templated":true}]}}