{"id":25172,"date":"2025-10-02T12:13:03","date_gmt":"2025-10-02T12:13:03","guid":{"rendered":"https:\/\/fodurlandid.is\/?post_type=product&#038;p=25172"},"modified":"2025-10-02T12:13:06","modified_gmt":"2025-10-02T12:13:06","slug":"jr-cl16","status":"publish","type":"product","link":"https:\/\/fodurlandid.is\/en\/product\/jr-cl16\/","title":{"rendered":"\u00der\u00e1\u00f0laus FM \u00fatvarpssendir og 48W hra\u00f0hle\u00f0sla me\u00f0 1x USB-C &#038; 2x USB-A tengjum \u00ed b\u00edlinn"},"content":{"rendered":"","protected":false},"excerpt":{"rendered":"<p>Fj\u00f6lnota FM \u00fatvarpssendir me\u00f0 12V tengi sem tengist s\u00edgarettukveikjaranum \u00ed b\u00edlnum. \u00datvarpssendirinn tengist snjallt\u00e6kjunum me\u00f0 Bluetooth og me\u00f0 \u00fev\u00ed er h\u00e6gt a\u00f0 hlusta \u00e1 t\u00f3nlist, hlj\u00f3\u00f0b\u00e6kur e\u00f0a tala handfrj\u00e1lst \u00ed s\u00edmann vi\u00f0 akstur. Sendirinn er me\u00f0 48W hra\u00f0hle\u00f0slu me\u00f0 1x USB-C &amp; 2x USB-A tengjum sem h\u00e6gt er a\u00f0 nota til a\u00f0 hla\u00f0a s\u00edma, fart\u00f6lvu, heyrnat\u00f3l og \u00f6nnur USB t\u00e6ki. Virkar b\u00e6\u00f0i fyrir Apple og Android t\u00e6ki.<\/p>\n<p>FM sendir, hra\u00f0hle\u00f0slut\u00e6ki og handsfrj\u00e1ls b\u00fana\u00f0ur \u00ed einu t\u00e6ki.<\/p>\n<p>\u2013 Litur: Svartur<br \/>\n\u2013 Bluetooth: 5,0<br \/>\n\u2013 \u00deyngd: 44g<br \/>\n\u2013 St\u00e6r\u00f0: 50x45x70 mm<br \/>\n\u2013 Inntak: DC 12-24V<br \/>\n\u2013 QC3.0 \u00fattak: 5V=3A, 9V=2A, 12V=1.5A<br \/>\n\u2013 PD \u00fattak: 5V=3A, 9V=3A, 12V=2.5A, 15V=2A, 20V=1.5A<br \/>\n\u2013 PPS \u00fattak: 3.3-11V=3A, 3.3V-16V=2A<br \/>\n\u2013 Framlei\u00f0andi: Joyroom<br \/>\n\u2013 Vottun: CE, ROHS, FCC &amp; UKCA<\/p>\n","protected":false},"featured_media":25173,"template":"","meta":[],"product_brand":[390],"product_cat":[411],"product_tag":[],"class_list":{"0":"post-25172","1":"product","2":"type-product","3":"status-publish","4":"has-post-thumbnail","6":"product_brand-joyroom","7":"product_cat-hledslutengi-i-bil","9":"first","10":"outofstock","11":"taxable","12":"shipping-taxable","13":"product-type-simple"},"yoast_head":"<!-- This site is optimized with the Yoast SEO Premium plugin v21.5 (Yoast SEO v27.4) - https:\/\/yoast.com\/product\/yoast-seo-premium-wordpress\/ -->\n<title>FM \u00fatvarpssendir og 48W hra\u00f0hle\u00f0sla (1x USB-C &amp; 2x USB-A)<\/title>\n<meta name=\"description\" content=\"F\u00f6lnota FM \u00fatvarpssendir me\u00f0 12V tengi sem tengist s\u00edgarettukveikjaranum \u00ed b\u00edlnum. FM sendir, hra\u00f0hle\u00f0slut\u00e6ki og handsfrj\u00e1ls b\u00fana\u00f0ur allt \u00ed einu t\u00e6ki.\" \/>\n<meta name=\"robots\" content=\"index, follow, max-snippet:-1, max-image-preview:large, max-video-preview:-1\" \/>\n<link rel=\"canonical\" href=\"https:\/\/fodurlandid.is\/vara\/jr-cl16\/\" \/>\n<meta property=\"og:locale\" content=\"en_US\" \/>\n<meta property=\"og:type\" content=\"article\" \/>\n<meta property=\"og:title\" content=\"\u00der\u00e1\u00f0laus FM \u00fatvarpssendir og 48W hra\u00f0hle\u00f0sla me\u00f0 1x USB-C &amp; 2x USB-A tengjum \u00ed b\u00edlinn\" \/>\n<meta property=\"og:description\" content=\"F\u00f6lnota FM \u00fatvarpssendir me\u00f0 12V tengi sem tengist s\u00edgarettukveikjaranum \u00ed b\u00edlnum. FM sendir, hra\u00f0hle\u00f0slut\u00e6ki og handsfrj\u00e1ls b\u00fana\u00f0ur allt \u00ed einu t\u00e6ki.\" \/>\n<meta property=\"og:url\" content=\"https:\/\/fodurlandid.is\/vara\/jr-cl16\/\" \/>\n<meta property=\"og:site_name\" content=\"F&ouml;&eth;urlandi&eth; heildsala\" \/>\n<meta property=\"article:modified_time\" content=\"2025-10-02T12:13:06+00:00\" \/>\n<meta property=\"og:image\" content=\"https:\/\/fodurlandid.is\/wp-content\/uploads\/2025\/10\/JR-CL16-1.jpg\" \/>\n\t<meta property=\"og:image:width\" content=\"600\" \/>\n\t<meta property=\"og:image:height\" content=\"600\" \/>\n\t<meta property=\"og:image:type\" content=\"image\/jpeg\" \/>\n<meta name=\"twitter:card\" content=\"summary_large_image\" \/>\n<meta name=\"twitter:label1\" content=\"Est. reading time\" \/>\n\t<meta name=\"twitter:data1\" content=\"1 minute\" \/>\n<script type=\"application\/ld+json\" class=\"yoast-schema-graph\">{\"@context\":\"https:\\\/\\\/schema.org\",\"@graph\":[{\"@type\":\"WebPage\",\"@id\":\"https:\\\/\\\/fodurlandid.is\\\/vara\\\/jr-cl16\\\/\",\"url\":\"https:\\\/\\\/fodurlandid.is\\\/vara\\\/jr-cl16\\\/\",\"name\":\"FM \u00fatvarpssendir og 48W hra\u00f0hle\u00f0sla (1x USB-C & 2x USB-A)\",\"isPartOf\":{\"@id\":\"https:\\\/\\\/fodurlandid.is\\\/#website\"},\"primaryImageOfPage\":{\"@id\":\"https:\\\/\\\/fodurlandid.is\\\/vara\\\/jr-cl16\\\/#primaryimage\"},\"image\":{\"@id\":\"https:\\\/\\\/fodurlandid.is\\\/vara\\\/jr-cl16\\\/#primaryimage\"},\"thumbnailUrl\":\"https:\\\/\\\/fodurlandid.is\\\/wp-content\\\/uploads\\\/2025\\\/10\\\/JR-CL16-1.jpg\",\"datePublished\":\"2025-10-02T12:13:03+00:00\",\"dateModified\":\"2025-10-02T12:13:06+00:00\",\"description\":\"F\u00f6lnota FM \u00fatvarpssendir me\u00f0 12V tengi sem tengist s\u00edgarettukveikjaranum \u00ed b\u00edlnum. FM sendir, hra\u00f0hle\u00f0slut\u00e6ki og handsfrj\u00e1ls b\u00fana\u00f0ur allt \u00ed einu t\u00e6ki.\",\"breadcrumb\":{\"@id\":\"https:\\\/\\\/fodurlandid.is\\\/vara\\\/jr-cl16\\\/#breadcrumb\"},\"inLanguage\":\"en-US\",\"potentialAction\":[{\"@type\":\"ReadAction\",\"target\":[\"https:\\\/\\\/fodurlandid.is\\\/vara\\\/jr-cl16\\\/\"]}]},{\"@type\":\"ImageObject\",\"inLanguage\":\"en-US\",\"@id\":\"https:\\\/\\\/fodurlandid.is\\\/vara\\\/jr-cl16\\\/#primaryimage\",\"url\":\"https:\\\/\\\/fodurlandid.is\\\/wp-content\\\/uploads\\\/2025\\\/10\\\/JR-CL16-1.jpg\",\"contentUrl\":\"https:\\\/\\\/fodurlandid.is\\\/wp-content\\\/uploads\\\/2025\\\/10\\\/JR-CL16-1.jpg\",\"width\":600,\"height\":600},{\"@type\":\"BreadcrumbList\",\"@id\":\"https:\\\/\\\/fodurlandid.is\\\/vara\\\/jr-cl16\\\/#breadcrumb\",\"itemListElement\":[{\"@type\":\"ListItem\",\"position\":1,\"name\":\"Home\",\"item\":\"https:\\\/\\\/fodurlandid.is\\\/\"},{\"@type\":\"ListItem\",\"position\":2,\"name\":\"Shop\",\"item\":\"https:\\\/\\\/www.vorulagerinn.is\\\/heildsala\\\/en\\\/shop\\\/\"},{\"@type\":\"ListItem\",\"position\":3,\"name\":\"\u00der\u00e1\u00f0laus FM \u00fatvarpssendir og 48W hra\u00f0hle\u00f0sla me\u00f0 1x USB-C &#038; 2x USB-A tengjum \u00ed b\u00edlinn\"}]},{\"@type\":\"WebSite\",\"@id\":\"https:\\\/\\\/fodurlandid.is\\\/#website\",\"url\":\"https:\\\/\\\/fodurlandid.is\\\/\",\"name\":\"F\u00f6\u00f0urlandi\u00f0 ehf, heildsala\",\"description\":\"Innflutnings, umbo&eth;s- og dreifingara&eth;ili\",\"publisher\":{\"@id\":\"https:\\\/\\\/fodurlandid.is\\\/#organization\"},\"alternateName\":\"Innflutnings, umbo\u00f0s- og dreifingara\u00f0ili\",\"potentialAction\":[{\"@type\":\"SearchAction\",\"target\":{\"@type\":\"EntryPoint\",\"urlTemplate\":\"https:\\\/\\\/fodurlandid.is\\\/?s={search_term_string}\"},\"query-input\":{\"@type\":\"PropertyValueSpecification\",\"valueRequired\":true,\"valueName\":\"search_term_string\"}}],\"inLanguage\":\"en-US\"},{\"@type\":\"Organization\",\"@id\":\"https:\\\/\\\/fodurlandid.is\\\/#organization\",\"name\":\"Innflutnings, umbo\u00f0s- og dreifingara\u00f0ili\",\"url\":\"https:\\\/\\\/fodurlandid.is\\\/\",\"logo\":{\"@type\":\"ImageObject\",\"inLanguage\":\"en-US\",\"@id\":\"https:\\\/\\\/fodurlandid.is\\\/#\\\/schema\\\/logo\\\/image\\\/\",\"url\":\"https:\\\/\\\/fodurlandid.is\\\/wp-content\\\/uploads\\\/2024\\\/05\\\/Fodurlandid.png\",\"contentUrl\":\"https:\\\/\\\/fodurlandid.is\\\/wp-content\\\/uploads\\\/2024\\\/05\\\/Fodurlandid.png\",\"width\":400,\"height\":293,\"caption\":\"Innflutnings, umbo\u00f0s- og dreifingara\u00f0ili\"},\"image\":{\"@id\":\"https:\\\/\\\/fodurlandid.is\\\/#\\\/schema\\\/logo\\\/image\\\/\"}}]}<\/script>\n<!-- \/ Yoast SEO Premium plugin. -->","yoast_head_json":{"title":"FM \u00fatvarpssendir og 48W hra\u00f0hle\u00f0sla (1x USB-C & 2x USB-A)","description":"F\u00f6lnota FM \u00fatvarpssendir me\u00f0 12V tengi sem tengist s\u00edgarettukveikjaranum \u00ed b\u00edlnum. FM sendir, hra\u00f0hle\u00f0slut\u00e6ki og handsfrj\u00e1ls b\u00fana\u00f0ur allt \u00ed einu t\u00e6ki.","robots":{"index":"index","follow":"follow","max-snippet":"max-snippet:-1","max-image-preview":"max-image-preview:large","max-video-preview":"max-video-preview:-1"},"canonical":"https:\/\/fodurlandid.is\/vara\/jr-cl16\/","og_locale":"en_US","og_type":"article","og_title":"\u00der\u00e1\u00f0laus FM \u00fatvarpssendir og 48W hra\u00f0hle\u00f0sla me\u00f0 1x USB-C & 2x USB-A tengjum \u00ed b\u00edlinn","og_description":"F\u00f6lnota FM \u00fatvarpssendir me\u00f0 12V tengi sem tengist s\u00edgarettukveikjaranum \u00ed b\u00edlnum. FM sendir, hra\u00f0hle\u00f0slut\u00e6ki og handsfrj\u00e1ls b\u00fana\u00f0ur allt \u00ed einu t\u00e6ki.","og_url":"https:\/\/fodurlandid.is\/vara\/jr-cl16\/","og_site_name":"F&ouml;&eth;urlandi&eth; heildsala","article_modified_time":"2025-10-02T12:13:06+00:00","og_image":[{"width":600,"height":600,"url":"https:\/\/fodurlandid.is\/wp-content\/uploads\/2025\/10\/JR-CL16-1.jpg","type":"image\/jpeg"}],"twitter_card":"summary_large_image","twitter_misc":{"Est. reading time":"1 minute"},"schema":{"@context":"https:\/\/schema.org","@graph":[{"@type":"WebPage","@id":"https:\/\/fodurlandid.is\/vara\/jr-cl16\/","url":"https:\/\/fodurlandid.is\/vara\/jr-cl16\/","name":"FM \u00fatvarpssendir og 48W hra\u00f0hle\u00f0sla (1x USB-C & 2x USB-A)","isPartOf":{"@id":"https:\/\/fodurlandid.is\/#website"},"primaryImageOfPage":{"@id":"https:\/\/fodurlandid.is\/vara\/jr-cl16\/#primaryimage"},"image":{"@id":"https:\/\/fodurlandid.is\/vara\/jr-cl16\/#primaryimage"},"thumbnailUrl":"https:\/\/fodurlandid.is\/wp-content\/uploads\/2025\/10\/JR-CL16-1.jpg","datePublished":"2025-10-02T12:13:03+00:00","dateModified":"2025-10-02T12:13:06+00:00","description":"F\u00f6lnota FM \u00fatvarpssendir me\u00f0 12V tengi sem tengist s\u00edgarettukveikjaranum \u00ed b\u00edlnum. FM sendir, hra\u00f0hle\u00f0slut\u00e6ki og handsfrj\u00e1ls b\u00fana\u00f0ur allt \u00ed einu t\u00e6ki.","breadcrumb":{"@id":"https:\/\/fodurlandid.is\/vara\/jr-cl16\/#breadcrumb"},"inLanguage":"en-US","potentialAction":[{"@type":"ReadAction","target":["https:\/\/fodurlandid.is\/vara\/jr-cl16\/"]}]},{"@type":"ImageObject","inLanguage":"en-US","@id":"https:\/\/fodurlandid.is\/vara\/jr-cl16\/#primaryimage","url":"https:\/\/fodurlandid.is\/wp-content\/uploads\/2025\/10\/JR-CL16-1.jpg","contentUrl":"https:\/\/fodurlandid.is\/wp-content\/uploads\/2025\/10\/JR-CL16-1.jpg","width":600,"height":600},{"@type":"BreadcrumbList","@id":"https:\/\/fodurlandid.is\/vara\/jr-cl16\/#breadcrumb","itemListElement":[{"@type":"ListItem","position":1,"name":"Home","item":"https:\/\/fodurlandid.is\/"},{"@type":"ListItem","position":2,"name":"Shop","item":"https:\/\/www.vorulagerinn.is\/heildsala\/en\/shop\/"},{"@type":"ListItem","position":3,"name":"\u00der\u00e1\u00f0laus FM \u00fatvarpssendir og 48W hra\u00f0hle\u00f0sla me\u00f0 1x USB-C &#038; 2x USB-A tengjum \u00ed b\u00edlinn"}]},{"@type":"WebSite","@id":"https:\/\/fodurlandid.is\/#website","url":"https:\/\/fodurlandid.is\/","name":"F\u00f6\u00f0urlandi\u00f0 ehf, heildsala","description":"Innflutnings, umbo&eth;s- og dreifingara&eth;ili","publisher":{"@id":"https:\/\/fodurlandid.is\/#organization"},"alternateName":"Innflutnings, umbo\u00f0s- og dreifingara\u00f0ili","potentialAction":[{"@type":"SearchAction","target":{"@type":"EntryPoint","urlTemplate":"https:\/\/fodurlandid.is\/?s={search_term_string}"},"query-input":{"@type":"PropertyValueSpecification","valueRequired":true,"valueName":"search_term_string"}}],"inLanguage":"en-US"},{"@type":"Organization","@id":"https:\/\/fodurlandid.is\/#organization","name":"Innflutnings, umbo\u00f0s- og dreifingara\u00f0ili","url":"https:\/\/fodurlandid.is\/","logo":{"@type":"ImageObject","inLanguage":"en-US","@id":"https:\/\/fodurlandid.is\/#\/schema\/logo\/image\/","url":"https:\/\/fodurlandid.is\/wp-content\/uploads\/2024\/05\/Fodurlandid.png","contentUrl":"https:\/\/fodurlandid.is\/wp-content\/uploads\/2024\/05\/Fodurlandid.png","width":400,"height":293,"caption":"Innflutnings, umbo\u00f0s- og dreifingara\u00f0ili"},"image":{"@id":"https:\/\/fodurlandid.is\/#\/schema\/logo\/image\/"}}]}},"_links":{"self":[{"href":"https:\/\/fodurlandid.is\/en\/wp-json\/wp\/v2\/product\/25172","targetHints":{"allow":["GET"]}}],"collection":[{"href":"https:\/\/fodurlandid.is\/en\/wp-json\/wp\/v2\/product"}],"about":[{"href":"https:\/\/fodurlandid.is\/en\/wp-json\/wp\/v2\/types\/product"}],"wp:featuredmedia":[{"embeddable":true,"href":"https:\/\/fodurlandid.is\/en\/wp-json\/wp\/v2\/media\/25173"}],"wp:attachment":[{"href":"https:\/\/fodurlandid.is\/en\/wp-json\/wp\/v2\/media?parent=25172"}],"wp:term":[{"taxonomy":"product_brand","embeddable":true,"href":"https:\/\/fodurlandid.is\/en\/wp-json\/wp\/v2\/product_brand?post=25172"},{"taxonomy":"product_cat","embeddable":true,"href":"https:\/\/fodurlandid.is\/en\/wp-json\/wp\/v2\/product_cat?post=25172"},{"taxonomy":"product_tag","embeddable":true,"href":"https:\/\/fodurlandid.is\/en\/wp-json\/wp\/v2\/product_tag?post=25172"}],"curies":[{"name":"wp","href":"https:\/\/api.w.org\/{rel}","templated":true}]}}