{"id":25161,"date":"2025-09-21T12:50:58","date_gmt":"2025-09-21T12:50:58","guid":{"rendered":"https:\/\/fodurlandid.is\/?post_type=product&#038;p=25161"},"modified":"2026-02-15T19:06:02","modified_gmt":"2026-02-15T19:06:02","slug":"s-cl020a10-3in1","status":"publish","type":"product","link":"https:\/\/fodurlandid.is\/en\/product\/s-cl020a10-3in1\/","title":{"rendered":"3 in 1 gagna- og hra\u00f0hle\u00f0slusn\u00fara (3,5A) \u2013 USB-A \u00ed Lightning, USB-C og micro \u2013 1,2 metrar"},"content":{"rendered":"","protected":false},"excerpt":{"rendered":"<p>3 in 1 hra\u00f0hle\u00f0slusn\u00faa fyrir fars\u00edma, spjaldt\u00f6lvur, hle\u00f0slubanka, snjall\u00far og earphones sem nota USB-A \u00ed Lightning, C og Micro tengi. Sn\u00faran er sterkbygg\u00f0 me\u00f0 \u00feykkum koparkjarna fyrir hra\u00f0ari og st\u00f6\u00f0ugri hle\u00f0slu. H\u00fan flytur allt a\u00f0 480 mb\/sek \u00e1 milli t\u00e6kja, er slit\u00feolin og endist \u00fev\u00ed lengur.<\/p>\n<p>&#8211; Hra\u00f0hle\u00f0slusn\u00fara: 3,5A<br \/>\n&#8211; Tengi: USB-A \u00ed Lightning, C og Micro<br \/>\n&#8211; Gangaflutningur: Allt a\u00f0 480 mb \u00e1 sek<br \/>\n&#8211; Litur: Svartur<br \/>\n&#8211; St\u00e6r\u00f0: 1,2 metrar<br \/>\n&#8211; Vottun: CE, ROHS, FC og UKCA<\/p>\n","protected":false},"featured_media":25162,"template":"","meta":[],"product_brand":[390],"product_cat":[426,424,421],"product_tag":[],"class_list":{"0":"post-25161","1":"product","2":"type-product","3":"status-publish","4":"has-post-thumbnail","6":"product_brand-joyroom","7":"product_cat-micro-usb","8":"product_cat-usb-a-i-lightning","9":"product_cat-usb-a-i-usb-c","11":"first","12":"instock","13":"taxable","14":"shipping-taxable","15":"product-type-simple"},"yoast_head":"<!-- This site is optimized with the Yoast SEO Premium plugin v21.5 (Yoast SEO v27.4) - https:\/\/yoast.com\/product\/yoast-seo-premium-wordpress\/ -->\n<title>3 in1 gagna- og hra\u00f0hle\u00f0slusn\u00fara | 3,5A | 1,2 metrar<\/title>\n<meta name=\"description\" content=\"3 in 1 hra\u00f0hle\u00f0slu- og gagnaflutningssn\u00fara (3,5A) - USB-A \u00ed Lightning, USB-C og micro. Sn\u00faran er 1,2 metrar og flytur allt a\u00f0 480 mb \u00e1 sek \u00e1 milli t\u00e6kja.\" \/>\n<meta name=\"robots\" content=\"index, follow, max-snippet:-1, max-image-preview:large, max-video-preview:-1\" \/>\n<link rel=\"canonical\" href=\"https:\/\/fodurlandid.is\/vara\/s-cl020a10-3in1\/\" \/>\n<meta property=\"og:locale\" content=\"en_US\" \/>\n<meta property=\"og:type\" content=\"article\" \/>\n<meta property=\"og:title\" content=\"3 in 1 gagna- og hra\u00f0hle\u00f0slusn\u00fara (3,5A) \u2013 USB-A \u00ed Lightning, USB-C og micro \u2013 1,2 metrar\" \/>\n<meta property=\"og:description\" content=\"3 in 1 hra\u00f0hle\u00f0slu- og gagnaflutningssn\u00fara (3,5A) - USB-A \u00ed Lightning, USB-C og micro. Sn\u00faran er 1,2 metrar og flytur allt a\u00f0 480 mb \u00e1 sek \u00e1 milli t\u00e6kja.\" \/>\n<meta property=\"og:url\" content=\"https:\/\/fodurlandid.is\/vara\/s-cl020a10-3in1\/\" \/>\n<meta property=\"og:site_name\" content=\"F&ouml;&eth;urlandi&eth; heildsala\" \/>\n<meta property=\"article:modified_time\" content=\"2026-02-15T19:06:02+00:00\" \/>\n<meta property=\"og:image\" content=\"https:\/\/fodurlandid.is\/wp-content\/uploads\/2025\/09\/S-CL020A10-3in1.jpg\" \/>\n\t<meta property=\"og:image:width\" content=\"600\" \/>\n\t<meta property=\"og:image:height\" content=\"600\" \/>\n\t<meta property=\"og:image:type\" content=\"image\/jpeg\" \/>\n<meta name=\"twitter:card\" content=\"summary_large_image\" \/>\n<meta name=\"twitter:label1\" content=\"Est. reading time\" \/>\n\t<meta name=\"twitter:data1\" content=\"1 minute\" \/>\n<script type=\"application\/ld+json\" class=\"yoast-schema-graph\">{\"@context\":\"https:\\\/\\\/schema.org\",\"@graph\":[{\"@type\":\"WebPage\",\"@id\":\"https:\\\/\\\/fodurlandid.is\\\/vara\\\/s-cl020a10-3in1\\\/\",\"url\":\"https:\\\/\\\/fodurlandid.is\\\/vara\\\/s-cl020a10-3in1\\\/\",\"name\":\"3 in1 gagna- og hra\u00f0hle\u00f0slusn\u00fara | 3,5A | 1,2 metrar\",\"isPartOf\":{\"@id\":\"https:\\\/\\\/fodurlandid.is\\\/#website\"},\"primaryImageOfPage\":{\"@id\":\"https:\\\/\\\/fodurlandid.is\\\/vara\\\/s-cl020a10-3in1\\\/#primaryimage\"},\"image\":{\"@id\":\"https:\\\/\\\/fodurlandid.is\\\/vara\\\/s-cl020a10-3in1\\\/#primaryimage\"},\"thumbnailUrl\":\"https:\\\/\\\/fodurlandid.is\\\/wp-content\\\/uploads\\\/2025\\\/09\\\/S-CL020A10-3in1.jpg\",\"datePublished\":\"2025-09-21T12:50:58+00:00\",\"dateModified\":\"2026-02-15T19:06:02+00:00\",\"description\":\"3 in 1 hra\u00f0hle\u00f0slu- og gagnaflutningssn\u00fara (3,5A) - USB-A \u00ed Lightning, USB-C og micro. Sn\u00faran er 1,2 metrar og flytur allt a\u00f0 480 mb \u00e1 sek \u00e1 milli t\u00e6kja.\",\"breadcrumb\":{\"@id\":\"https:\\\/\\\/fodurlandid.is\\\/vara\\\/s-cl020a10-3in1\\\/#breadcrumb\"},\"inLanguage\":\"en-US\",\"potentialAction\":[{\"@type\":\"ReadAction\",\"target\":[\"https:\\\/\\\/fodurlandid.is\\\/vara\\\/s-cl020a10-3in1\\\/\"]}]},{\"@type\":\"ImageObject\",\"inLanguage\":\"en-US\",\"@id\":\"https:\\\/\\\/fodurlandid.is\\\/vara\\\/s-cl020a10-3in1\\\/#primaryimage\",\"url\":\"https:\\\/\\\/fodurlandid.is\\\/wp-content\\\/uploads\\\/2025\\\/09\\\/S-CL020A10-3in1.jpg\",\"contentUrl\":\"https:\\\/\\\/fodurlandid.is\\\/wp-content\\\/uploads\\\/2025\\\/09\\\/S-CL020A10-3in1.jpg\",\"width\":600,\"height\":600},{\"@type\":\"BreadcrumbList\",\"@id\":\"https:\\\/\\\/fodurlandid.is\\\/vara\\\/s-cl020a10-3in1\\\/#breadcrumb\",\"itemListElement\":[{\"@type\":\"ListItem\",\"position\":1,\"name\":\"Home\",\"item\":\"https:\\\/\\\/fodurlandid.is\\\/\"},{\"@type\":\"ListItem\",\"position\":2,\"name\":\"Shop\",\"item\":\"https:\\\/\\\/www.vorulagerinn.is\\\/heildsala\\\/en\\\/shop\\\/\"},{\"@type\":\"ListItem\",\"position\":3,\"name\":\"3 in 1 gagna- og hra\u00f0hle\u00f0slusn\u00fara (3,5A) \u2013 USB-A \u00ed Lightning, USB-C og micro \u2013 1,2 metrar\"}]},{\"@type\":\"WebSite\",\"@id\":\"https:\\\/\\\/fodurlandid.is\\\/#website\",\"url\":\"https:\\\/\\\/fodurlandid.is\\\/\",\"name\":\"F\u00f6\u00f0urlandi\u00f0 ehf, heildsala\",\"description\":\"Innflutnings, umbo&eth;s- og dreifingara&eth;ili\",\"publisher\":{\"@id\":\"https:\\\/\\\/fodurlandid.is\\\/#organization\"},\"alternateName\":\"Innflutnings, umbo\u00f0s- og dreifingara\u00f0ili\",\"potentialAction\":[{\"@type\":\"SearchAction\",\"target\":{\"@type\":\"EntryPoint\",\"urlTemplate\":\"https:\\\/\\\/fodurlandid.is\\\/?s={search_term_string}\"},\"query-input\":{\"@type\":\"PropertyValueSpecification\",\"valueRequired\":true,\"valueName\":\"search_term_string\"}}],\"inLanguage\":\"en-US\"},{\"@type\":\"Organization\",\"@id\":\"https:\\\/\\\/fodurlandid.is\\\/#organization\",\"name\":\"Innflutnings, umbo\u00f0s- og dreifingara\u00f0ili\",\"url\":\"https:\\\/\\\/fodurlandid.is\\\/\",\"logo\":{\"@type\":\"ImageObject\",\"inLanguage\":\"en-US\",\"@id\":\"https:\\\/\\\/fodurlandid.is\\\/#\\\/schema\\\/logo\\\/image\\\/\",\"url\":\"https:\\\/\\\/fodurlandid.is\\\/wp-content\\\/uploads\\\/2024\\\/05\\\/Fodurlandid.png\",\"contentUrl\":\"https:\\\/\\\/fodurlandid.is\\\/wp-content\\\/uploads\\\/2024\\\/05\\\/Fodurlandid.png\",\"width\":400,\"height\":293,\"caption\":\"Innflutnings, umbo\u00f0s- og dreifingara\u00f0ili\"},\"image\":{\"@id\":\"https:\\\/\\\/fodurlandid.is\\\/#\\\/schema\\\/logo\\\/image\\\/\"}}]}<\/script>\n<!-- \/ Yoast SEO Premium plugin. -->","yoast_head_json":{"title":"3 in1 gagna- og hra\u00f0hle\u00f0slusn\u00fara | 3,5A | 1,2 metrar","description":"3 in 1 hra\u00f0hle\u00f0slu- og gagnaflutningssn\u00fara (3,5A) - USB-A \u00ed Lightning, USB-C og micro. Sn\u00faran er 1,2 metrar og flytur allt a\u00f0 480 mb \u00e1 sek \u00e1 milli t\u00e6kja.","robots":{"index":"index","follow":"follow","max-snippet":"max-snippet:-1","max-image-preview":"max-image-preview:large","max-video-preview":"max-video-preview:-1"},"canonical":"https:\/\/fodurlandid.is\/vara\/s-cl020a10-3in1\/","og_locale":"en_US","og_type":"article","og_title":"3 in 1 gagna- og hra\u00f0hle\u00f0slusn\u00fara (3,5A) \u2013 USB-A \u00ed Lightning, USB-C og micro \u2013 1,2 metrar","og_description":"3 in 1 hra\u00f0hle\u00f0slu- og gagnaflutningssn\u00fara (3,5A) - USB-A \u00ed Lightning, USB-C og micro. Sn\u00faran er 1,2 metrar og flytur allt a\u00f0 480 mb \u00e1 sek \u00e1 milli t\u00e6kja.","og_url":"https:\/\/fodurlandid.is\/vara\/s-cl020a10-3in1\/","og_site_name":"F&ouml;&eth;urlandi&eth; heildsala","article_modified_time":"2026-02-15T19:06:02+00:00","og_image":[{"width":600,"height":600,"url":"https:\/\/fodurlandid.is\/wp-content\/uploads\/2025\/09\/S-CL020A10-3in1.jpg","type":"image\/jpeg"}],"twitter_card":"summary_large_image","twitter_misc":{"Est. reading time":"1 minute"},"schema":{"@context":"https:\/\/schema.org","@graph":[{"@type":"WebPage","@id":"https:\/\/fodurlandid.is\/vara\/s-cl020a10-3in1\/","url":"https:\/\/fodurlandid.is\/vara\/s-cl020a10-3in1\/","name":"3 in1 gagna- og hra\u00f0hle\u00f0slusn\u00fara | 3,5A | 1,2 metrar","isPartOf":{"@id":"https:\/\/fodurlandid.is\/#website"},"primaryImageOfPage":{"@id":"https:\/\/fodurlandid.is\/vara\/s-cl020a10-3in1\/#primaryimage"},"image":{"@id":"https:\/\/fodurlandid.is\/vara\/s-cl020a10-3in1\/#primaryimage"},"thumbnailUrl":"https:\/\/fodurlandid.is\/wp-content\/uploads\/2025\/09\/S-CL020A10-3in1.jpg","datePublished":"2025-09-21T12:50:58+00:00","dateModified":"2026-02-15T19:06:02+00:00","description":"3 in 1 hra\u00f0hle\u00f0slu- og gagnaflutningssn\u00fara (3,5A) - USB-A \u00ed Lightning, USB-C og micro. Sn\u00faran er 1,2 metrar og flytur allt a\u00f0 480 mb \u00e1 sek \u00e1 milli t\u00e6kja.","breadcrumb":{"@id":"https:\/\/fodurlandid.is\/vara\/s-cl020a10-3in1\/#breadcrumb"},"inLanguage":"en-US","potentialAction":[{"@type":"ReadAction","target":["https:\/\/fodurlandid.is\/vara\/s-cl020a10-3in1\/"]}]},{"@type":"ImageObject","inLanguage":"en-US","@id":"https:\/\/fodurlandid.is\/vara\/s-cl020a10-3in1\/#primaryimage","url":"https:\/\/fodurlandid.is\/wp-content\/uploads\/2025\/09\/S-CL020A10-3in1.jpg","contentUrl":"https:\/\/fodurlandid.is\/wp-content\/uploads\/2025\/09\/S-CL020A10-3in1.jpg","width":600,"height":600},{"@type":"BreadcrumbList","@id":"https:\/\/fodurlandid.is\/vara\/s-cl020a10-3in1\/#breadcrumb","itemListElement":[{"@type":"ListItem","position":1,"name":"Home","item":"https:\/\/fodurlandid.is\/"},{"@type":"ListItem","position":2,"name":"Shop","item":"https:\/\/www.vorulagerinn.is\/heildsala\/en\/shop\/"},{"@type":"ListItem","position":3,"name":"3 in 1 gagna- og hra\u00f0hle\u00f0slusn\u00fara (3,5A) \u2013 USB-A \u00ed Lightning, USB-C og micro \u2013 1,2 metrar"}]},{"@type":"WebSite","@id":"https:\/\/fodurlandid.is\/#website","url":"https:\/\/fodurlandid.is\/","name":"F\u00f6\u00f0urlandi\u00f0 ehf, heildsala","description":"Innflutnings, umbo&eth;s- og dreifingara&eth;ili","publisher":{"@id":"https:\/\/fodurlandid.is\/#organization"},"alternateName":"Innflutnings, umbo\u00f0s- og dreifingara\u00f0ili","potentialAction":[{"@type":"SearchAction","target":{"@type":"EntryPoint","urlTemplate":"https:\/\/fodurlandid.is\/?s={search_term_string}"},"query-input":{"@type":"PropertyValueSpecification","valueRequired":true,"valueName":"search_term_string"}}],"inLanguage":"en-US"},{"@type":"Organization","@id":"https:\/\/fodurlandid.is\/#organization","name":"Innflutnings, umbo\u00f0s- og dreifingara\u00f0ili","url":"https:\/\/fodurlandid.is\/","logo":{"@type":"ImageObject","inLanguage":"en-US","@id":"https:\/\/fodurlandid.is\/#\/schema\/logo\/image\/","url":"https:\/\/fodurlandid.is\/wp-content\/uploads\/2024\/05\/Fodurlandid.png","contentUrl":"https:\/\/fodurlandid.is\/wp-content\/uploads\/2024\/05\/Fodurlandid.png","width":400,"height":293,"caption":"Innflutnings, umbo\u00f0s- og dreifingara\u00f0ili"},"image":{"@id":"https:\/\/fodurlandid.is\/#\/schema\/logo\/image\/"}}]}},"_links":{"self":[{"href":"https:\/\/fodurlandid.is\/en\/wp-json\/wp\/v2\/product\/25161","targetHints":{"allow":["GET"]}}],"collection":[{"href":"https:\/\/fodurlandid.is\/en\/wp-json\/wp\/v2\/product"}],"about":[{"href":"https:\/\/fodurlandid.is\/en\/wp-json\/wp\/v2\/types\/product"}],"wp:featuredmedia":[{"embeddable":true,"href":"https:\/\/fodurlandid.is\/en\/wp-json\/wp\/v2\/media\/25162"}],"wp:attachment":[{"href":"https:\/\/fodurlandid.is\/en\/wp-json\/wp\/v2\/media?parent=25161"}],"wp:term":[{"taxonomy":"product_brand","embeddable":true,"href":"https:\/\/fodurlandid.is\/en\/wp-json\/wp\/v2\/product_brand?post=25161"},{"taxonomy":"product_cat","embeddable":true,"href":"https:\/\/fodurlandid.is\/en\/wp-json\/wp\/v2\/product_cat?post=25161"},{"taxonomy":"product_tag","embeddable":true,"href":"https:\/\/fodurlandid.is\/en\/wp-json\/wp\/v2\/product_tag?post=25161"}],"curies":[{"name":"wp","href":"https:\/\/api.w.org\/{rel}","templated":true}]}}