{"id":25131,"date":"2025-09-16T08:10:05","date_gmt":"2025-09-16T08:10:05","guid":{"rendered":"https:\/\/fodurlandid.is\/?post_type=product&#038;p=25131"},"modified":"2025-12-29T12:37:43","modified_gmt":"2025-12-29T12:37:43","slug":"expandos","status":"publish","type":"product","link":"https:\/\/fodurlandid.is\/en\/product\/expandos\/","title":{"rendered":"Expandos er \u00fer\u00edskiptur 22-36 l\u00edtra st\u00e6kkanlegur bakpoki fyrir 15,6&#8243; &#8211; 17,3&#8243; fart\u00f6lvur, 11&#8243; spjaldt\u00f6lvur, h\u00e1g\u00e6\u00f0a YKK rennil\u00e1sar, USB-A og USB-C raufar til a\u00f0 hla\u00f0a snjallt\u00e6kin \u00e1 fer\u00f0inni"},"content":{"rendered":"","protected":false},"excerpt":{"rendered":"<p>Einn allra vins\u00e6lasti pakpokinn fr\u00e1 Mark Ryden er Expandos 22 l\u00edtra st\u00e6kkanlegur \u00ed 36 l\u00edtra allt eftir \u00fe\u00f6rfum hvers og eins. Hann er \u00fer\u00edskiptur me\u00f0 g\u00f3\u00f0u geymslur\u00fdmi \u00e1samt st\u00f3rum renndum vasa a\u00f0 framan. \u00c1 hli\u00f0 bakpokans eru USB-A og USB-C raufar sem tengjast hle\u00f0slubanka sem geymdur er ofan \u00ed t\u00f6skunni. Eigandi bakpokans getur \u00fev\u00ed hla\u00f0i\u00f0 snjallt\u00e6kin \u00e1 fer\u00f0inni hvar og hven\u00e6r sem er.<\/p>\n<p>Bakpokinn er slitsterkur, \u00far vatnsfr\u00e1hrindandi efni og loftar vel vi\u00f0 bak. Hann er me\u00f0 s\u00e9r vasa fyrir allt a\u00f0 17,3&#8243; fart\u00f6lvur og 11&#8243; spjaldt\u00f6lvur. \u00c1 axlar\u00f3l er renndur vasi sem h\u00e6gt er a\u00f0 geyma se\u00f0la, kort, lykla o.fl. \u00dea\u00f0 er h\u00e6gt a\u00f0 opna bakpokann \u00ed 180 gr\u00e1\u00f0ur. \u00dea\u00f0 er festing \u00e1 bakpokanum sem h\u00e6gt er a\u00f0 festa \u00e1 handfangi\u00f0 \u00e1 fer\u00f0at\u00f6skunni sem vi\u00f0 dr\u00f6gum \u00e1 eftir okkur \u00e1 flugvellinum og \u00ed fer\u00f0alaginu. Bakpokinn er me\u00f0 h\u00e1g\u00e6\u00f0a YKK rennil\u00e1sum sem endast mun lengur en venjulegir rennil\u00e1sar.<\/p>\n<p>Framan \u00e1 t\u00f6skunni er st\u00f3r renndur vasi og annar minni. Innra r\u00fdmi bakpokans er \u00fer\u00edskipt. Fyrst kemur st\u00f3rt r\u00fdmi me\u00f0 \u00feremur v\u00f6sum \u00e1samt USB-A og USB-C sn\u00farum sem tengt er vi\u00f0 hle\u00f0slubanka sem geymdur er ofan \u00ed t\u00f6skunni. R\u00fdmi\u00f0 \u00ed mi\u00f0junni er h\u00e6gt a\u00f0 opna \u00ed 180 gr\u00e1\u00f0ur. \u00d6\u00f0ru megin er st\u00f3r renndur vasi en hinu megin er st\u00f3rt r\u00fdmi me\u00f0 renndu neti. Aftast vi\u00f0 bak er st\u00f3rt r\u00fdmi me\u00f0 fj\u00f3rum v\u00f6sum \u00f6\u00f0ru megin en hinu megin eru tveir vasar fyrir allt a\u00f0 15,6&#8243; &#8211; 17,3&#8243; fart\u00f6lvur og 11&#8243; spjaldt\u00f6lur. Vi\u00f0 bak er renndur vasi. \u00dea\u00f0 er h\u00e6gt a\u00f0 hafa bakpokann \u00e1 bakinu e\u00f0a halda \u00e1 honum \u00e1 hli\u00f0 eins og helgart\u00f6sku (sj\u00e1 lj\u00f3smynd).<\/p>\n<p>Fr\u00e1b\u00e6r, st\u00edlhreinn og vanda\u00f0ur bakpoki sem hentar fyrir vinnu, sk\u00f3la og fer\u00f0al\u00f6g.<\/p>\n<p>&#8211; Litur: Svartur<br \/>\n&#8211; St\u00e6r\u00f0: 26x30x46 cm (LxBxH)<br \/>\n&#8211; \u00deyngd: 1,4 kg<br \/>\n&#8211; Axlar\u00f3lar: 40-85 cm<br \/>\n&#8211; H\u00e1g\u00e6\u00f0a YKK rennil\u00e1sar<br \/>\n&#8211; Utan\u00e1liggjandi USB-A og USB-C tengi<br \/>\n&#8211; Efni: Oxford<br \/>\n&#8211; 15,6&#8243; &#8211; 17,3&#8243; fart\u00f6lvur &amp; 11&#8243; spjaldt\u00f6lvur<\/p>\n","protected":false},"featured_media":25140,"template":"","meta":[],"product_brand":[401],"product_cat":[403],"product_tag":[],"class_list":{"0":"post-25131","1":"product","2":"type-product","3":"status-publish","4":"has-post-thumbnail","6":"product_brand-mark-ryden","7":"product_cat-bakpokar","9":"first","10":"instock","11":"taxable","12":"shipping-taxable","13":"product-type-simple"},"yoast_head":"<!-- This site is optimized with the Yoast SEO Premium plugin v21.5 (Yoast SEO v27.3) - https:\/\/yoast.com\/product\/yoast-seo-premium-wordpress\/ -->\n<title>Expandos er \u00fer\u00edskiptur 22-36 l\u00edtra st\u00e6kkanlegur bakpoki<\/title>\n<meta name=\"description\" content=\"Gl\u00e6silegur, slitsterkur og st\u00edlhreinn \u00fer\u00edskiptur Mark Ryden bakpoki me\u00f0 g\u00f3\u00f0u geymslur\u00fdmi. USB-A &amp; USB-C raufar til a\u00f0 hla\u00f0a snjallt\u00e6kin \u00e1 fer\u00f0inni.\" \/>\n<meta name=\"robots\" content=\"index, follow, max-snippet:-1, max-image-preview:large, max-video-preview:-1\" \/>\n<link rel=\"canonical\" href=\"https:\/\/fodurlandid.is\/vara\/expandos\/\" \/>\n<meta property=\"og:locale\" content=\"en_US\" \/>\n<meta property=\"og:type\" content=\"article\" \/>\n<meta property=\"og:title\" content=\"Expandos er \u00fer\u00edskiptur 22-36 l\u00edtra st\u00e6kkanlegur bakpoki fyrir 15,6&quot; - 17,3&quot; fart\u00f6lvur, 11&quot; spjaldt\u00f6lvur, h\u00e1g\u00e6\u00f0a YKK rennil\u00e1sar, USB-A og USB-C raufar til a\u00f0 hla\u00f0a snjallt\u00e6kin \u00e1 fer\u00f0inni\" \/>\n<meta property=\"og:description\" content=\"Gl\u00e6silegur, slitsterkur og st\u00edlhreinn \u00fer\u00edskiptur Mark Ryden bakpoki me\u00f0 g\u00f3\u00f0u geymslur\u00fdmi. USB-A &amp; USB-C raufar til a\u00f0 hla\u00f0a snjallt\u00e6kin \u00e1 fer\u00f0inni.\" \/>\n<meta property=\"og:url\" content=\"https:\/\/fodurlandid.is\/vara\/expandos\/\" \/>\n<meta property=\"og:site_name\" content=\"F&ouml;&eth;urlandi&eth; heildsala\" \/>\n<meta property=\"article:modified_time\" content=\"2025-12-29T12:37:43+00:00\" \/>\n<meta property=\"og:image\" content=\"https:\/\/fodurlandid.is\/wp-content\/uploads\/2025\/09\/MR9299SJ_KR00_00.jpg\" \/>\n\t<meta property=\"og:image:width\" content=\"600\" \/>\n\t<meta property=\"og:image:height\" content=\"600\" \/>\n\t<meta property=\"og:image:type\" content=\"image\/jpeg\" \/>\n<meta name=\"twitter:card\" content=\"summary_large_image\" \/>\n<meta name=\"twitter:label1\" content=\"Est. reading time\" \/>\n\t<meta name=\"twitter:data1\" content=\"1 minute\" \/>\n<script type=\"application\/ld+json\" class=\"yoast-schema-graph\">{\"@context\":\"https:\\\/\\\/schema.org\",\"@graph\":[{\"@type\":\"WebPage\",\"@id\":\"https:\\\/\\\/fodurlandid.is\\\/vara\\\/expandos\\\/\",\"url\":\"https:\\\/\\\/fodurlandid.is\\\/vara\\\/expandos\\\/\",\"name\":\"Expandos er \u00fer\u00edskiptur 22-36 l\u00edtra st\u00e6kkanlegur bakpoki\",\"isPartOf\":{\"@id\":\"https:\\\/\\\/fodurlandid.is\\\/#website\"},\"primaryImageOfPage\":{\"@id\":\"https:\\\/\\\/fodurlandid.is\\\/vara\\\/expandos\\\/#primaryimage\"},\"image\":{\"@id\":\"https:\\\/\\\/fodurlandid.is\\\/vara\\\/expandos\\\/#primaryimage\"},\"thumbnailUrl\":\"https:\\\/\\\/fodurlandid.is\\\/wp-content\\\/uploads\\\/2025\\\/09\\\/MR9299SJ_KR00_00.jpg\",\"datePublished\":\"2025-09-16T08:10:05+00:00\",\"dateModified\":\"2025-12-29T12:37:43+00:00\",\"description\":\"Gl\u00e6silegur, slitsterkur og st\u00edlhreinn \u00fer\u00edskiptur Mark Ryden bakpoki me\u00f0 g\u00f3\u00f0u geymslur\u00fdmi. USB-A & USB-C raufar til a\u00f0 hla\u00f0a snjallt\u00e6kin \u00e1 fer\u00f0inni.\",\"breadcrumb\":{\"@id\":\"https:\\\/\\\/fodurlandid.is\\\/vara\\\/expandos\\\/#breadcrumb\"},\"inLanguage\":\"en-US\",\"potentialAction\":[{\"@type\":\"ReadAction\",\"target\":[\"https:\\\/\\\/fodurlandid.is\\\/vara\\\/expandos\\\/\"]}]},{\"@type\":\"ImageObject\",\"inLanguage\":\"en-US\",\"@id\":\"https:\\\/\\\/fodurlandid.is\\\/vara\\\/expandos\\\/#primaryimage\",\"url\":\"https:\\\/\\\/fodurlandid.is\\\/wp-content\\\/uploads\\\/2025\\\/09\\\/MR9299SJ_KR00_00.jpg\",\"contentUrl\":\"https:\\\/\\\/fodurlandid.is\\\/wp-content\\\/uploads\\\/2025\\\/09\\\/MR9299SJ_KR00_00.jpg\",\"width\":600,\"height\":600},{\"@type\":\"BreadcrumbList\",\"@id\":\"https:\\\/\\\/fodurlandid.is\\\/vara\\\/expandos\\\/#breadcrumb\",\"itemListElement\":[{\"@type\":\"ListItem\",\"position\":1,\"name\":\"Home\",\"item\":\"https:\\\/\\\/fodurlandid.is\\\/\"},{\"@type\":\"ListItem\",\"position\":2,\"name\":\"Shop\",\"item\":\"https:\\\/\\\/www.vorulagerinn.is\\\/heildsala\\\/en\\\/shop\\\/\"},{\"@type\":\"ListItem\",\"position\":3,\"name\":\"Expandos er \u00fer\u00edskiptur 22-36 l\u00edtra st\u00e6kkanlegur bakpoki fyrir 15,6&#8243; &#8211; 17,3&#8243; fart\u00f6lvur, 11&#8243; spjaldt\u00f6lvur, h\u00e1g\u00e6\u00f0a YKK rennil\u00e1sar, USB-A og USB-C raufar til a\u00f0 hla\u00f0a snjallt\u00e6kin \u00e1 fer\u00f0inni\"}]},{\"@type\":\"WebSite\",\"@id\":\"https:\\\/\\\/fodurlandid.is\\\/#website\",\"url\":\"https:\\\/\\\/fodurlandid.is\\\/\",\"name\":\"F\u00f6\u00f0urlandi\u00f0 ehf, heildsala\",\"description\":\"Innflutnings, umbo&eth;s- og dreifingara&eth;ili\",\"publisher\":{\"@id\":\"https:\\\/\\\/fodurlandid.is\\\/#organization\"},\"alternateName\":\"Innflutnings, umbo\u00f0s- og dreifingara\u00f0ili\",\"potentialAction\":[{\"@type\":\"SearchAction\",\"target\":{\"@type\":\"EntryPoint\",\"urlTemplate\":\"https:\\\/\\\/fodurlandid.is\\\/?s={search_term_string}\"},\"query-input\":{\"@type\":\"PropertyValueSpecification\",\"valueRequired\":true,\"valueName\":\"search_term_string\"}}],\"inLanguage\":\"en-US\"},{\"@type\":\"Organization\",\"@id\":\"https:\\\/\\\/fodurlandid.is\\\/#organization\",\"name\":\"Innflutnings, umbo\u00f0s- og dreifingara\u00f0ili\",\"url\":\"https:\\\/\\\/fodurlandid.is\\\/\",\"logo\":{\"@type\":\"ImageObject\",\"inLanguage\":\"en-US\",\"@id\":\"https:\\\/\\\/fodurlandid.is\\\/#\\\/schema\\\/logo\\\/image\\\/\",\"url\":\"https:\\\/\\\/fodurlandid.is\\\/wp-content\\\/uploads\\\/2024\\\/05\\\/Fodurlandid.png\",\"contentUrl\":\"https:\\\/\\\/fodurlandid.is\\\/wp-content\\\/uploads\\\/2024\\\/05\\\/Fodurlandid.png\",\"width\":400,\"height\":293,\"caption\":\"Innflutnings, umbo\u00f0s- og dreifingara\u00f0ili\"},\"image\":{\"@id\":\"https:\\\/\\\/fodurlandid.is\\\/#\\\/schema\\\/logo\\\/image\\\/\"}}]}<\/script>\n<!-- \/ Yoast SEO Premium plugin. -->","yoast_head_json":{"title":"Expandos er \u00fer\u00edskiptur 22-36 l\u00edtra st\u00e6kkanlegur bakpoki","description":"Gl\u00e6silegur, slitsterkur og st\u00edlhreinn \u00fer\u00edskiptur Mark Ryden bakpoki me\u00f0 g\u00f3\u00f0u geymslur\u00fdmi. USB-A & USB-C raufar til a\u00f0 hla\u00f0a snjallt\u00e6kin \u00e1 fer\u00f0inni.","robots":{"index":"index","follow":"follow","max-snippet":"max-snippet:-1","max-image-preview":"max-image-preview:large","max-video-preview":"max-video-preview:-1"},"canonical":"https:\/\/fodurlandid.is\/vara\/expandos\/","og_locale":"en_US","og_type":"article","og_title":"Expandos er \u00fer\u00edskiptur 22-36 l\u00edtra st\u00e6kkanlegur bakpoki fyrir 15,6\" - 17,3\" fart\u00f6lvur, 11\" spjaldt\u00f6lvur, h\u00e1g\u00e6\u00f0a YKK rennil\u00e1sar, USB-A og USB-C raufar til a\u00f0 hla\u00f0a snjallt\u00e6kin \u00e1 fer\u00f0inni","og_description":"Gl\u00e6silegur, slitsterkur og st\u00edlhreinn \u00fer\u00edskiptur Mark Ryden bakpoki me\u00f0 g\u00f3\u00f0u geymslur\u00fdmi. USB-A & USB-C raufar til a\u00f0 hla\u00f0a snjallt\u00e6kin \u00e1 fer\u00f0inni.","og_url":"https:\/\/fodurlandid.is\/vara\/expandos\/","og_site_name":"F&ouml;&eth;urlandi&eth; heildsala","article_modified_time":"2025-12-29T12:37:43+00:00","og_image":[{"width":600,"height":600,"url":"https:\/\/fodurlandid.is\/wp-content\/uploads\/2025\/09\/MR9299SJ_KR00_00.jpg","type":"image\/jpeg"}],"twitter_card":"summary_large_image","twitter_misc":{"Est. reading time":"1 minute"},"schema":{"@context":"https:\/\/schema.org","@graph":[{"@type":"WebPage","@id":"https:\/\/fodurlandid.is\/vara\/expandos\/","url":"https:\/\/fodurlandid.is\/vara\/expandos\/","name":"Expandos er \u00fer\u00edskiptur 22-36 l\u00edtra st\u00e6kkanlegur bakpoki","isPartOf":{"@id":"https:\/\/fodurlandid.is\/#website"},"primaryImageOfPage":{"@id":"https:\/\/fodurlandid.is\/vara\/expandos\/#primaryimage"},"image":{"@id":"https:\/\/fodurlandid.is\/vara\/expandos\/#primaryimage"},"thumbnailUrl":"https:\/\/fodurlandid.is\/wp-content\/uploads\/2025\/09\/MR9299SJ_KR00_00.jpg","datePublished":"2025-09-16T08:10:05+00:00","dateModified":"2025-12-29T12:37:43+00:00","description":"Gl\u00e6silegur, slitsterkur og st\u00edlhreinn \u00fer\u00edskiptur Mark Ryden bakpoki me\u00f0 g\u00f3\u00f0u geymslur\u00fdmi. USB-A & USB-C raufar til a\u00f0 hla\u00f0a snjallt\u00e6kin \u00e1 fer\u00f0inni.","breadcrumb":{"@id":"https:\/\/fodurlandid.is\/vara\/expandos\/#breadcrumb"},"inLanguage":"en-US","potentialAction":[{"@type":"ReadAction","target":["https:\/\/fodurlandid.is\/vara\/expandos\/"]}]},{"@type":"ImageObject","inLanguage":"en-US","@id":"https:\/\/fodurlandid.is\/vara\/expandos\/#primaryimage","url":"https:\/\/fodurlandid.is\/wp-content\/uploads\/2025\/09\/MR9299SJ_KR00_00.jpg","contentUrl":"https:\/\/fodurlandid.is\/wp-content\/uploads\/2025\/09\/MR9299SJ_KR00_00.jpg","width":600,"height":600},{"@type":"BreadcrumbList","@id":"https:\/\/fodurlandid.is\/vara\/expandos\/#breadcrumb","itemListElement":[{"@type":"ListItem","position":1,"name":"Home","item":"https:\/\/fodurlandid.is\/"},{"@type":"ListItem","position":2,"name":"Shop","item":"https:\/\/www.vorulagerinn.is\/heildsala\/en\/shop\/"},{"@type":"ListItem","position":3,"name":"Expandos er \u00fer\u00edskiptur 22-36 l\u00edtra st\u00e6kkanlegur bakpoki fyrir 15,6&#8243; &#8211; 17,3&#8243; fart\u00f6lvur, 11&#8243; spjaldt\u00f6lvur, h\u00e1g\u00e6\u00f0a YKK rennil\u00e1sar, USB-A og USB-C raufar til a\u00f0 hla\u00f0a snjallt\u00e6kin \u00e1 fer\u00f0inni"}]},{"@type":"WebSite","@id":"https:\/\/fodurlandid.is\/#website","url":"https:\/\/fodurlandid.is\/","name":"F\u00f6\u00f0urlandi\u00f0 ehf, heildsala","description":"Innflutnings, umbo&eth;s- og dreifingara&eth;ili","publisher":{"@id":"https:\/\/fodurlandid.is\/#organization"},"alternateName":"Innflutnings, umbo\u00f0s- og dreifingara\u00f0ili","potentialAction":[{"@type":"SearchAction","target":{"@type":"EntryPoint","urlTemplate":"https:\/\/fodurlandid.is\/?s={search_term_string}"},"query-input":{"@type":"PropertyValueSpecification","valueRequired":true,"valueName":"search_term_string"}}],"inLanguage":"en-US"},{"@type":"Organization","@id":"https:\/\/fodurlandid.is\/#organization","name":"Innflutnings, umbo\u00f0s- og dreifingara\u00f0ili","url":"https:\/\/fodurlandid.is\/","logo":{"@type":"ImageObject","inLanguage":"en-US","@id":"https:\/\/fodurlandid.is\/#\/schema\/logo\/image\/","url":"https:\/\/fodurlandid.is\/wp-content\/uploads\/2024\/05\/Fodurlandid.png","contentUrl":"https:\/\/fodurlandid.is\/wp-content\/uploads\/2024\/05\/Fodurlandid.png","width":400,"height":293,"caption":"Innflutnings, umbo\u00f0s- og dreifingara\u00f0ili"},"image":{"@id":"https:\/\/fodurlandid.is\/#\/schema\/logo\/image\/"}}]}},"_links":{"self":[{"href":"https:\/\/fodurlandid.is\/en\/wp-json\/wp\/v2\/product\/25131","targetHints":{"allow":["GET"]}}],"collection":[{"href":"https:\/\/fodurlandid.is\/en\/wp-json\/wp\/v2\/product"}],"about":[{"href":"https:\/\/fodurlandid.is\/en\/wp-json\/wp\/v2\/types\/product"}],"wp:featuredmedia":[{"embeddable":true,"href":"https:\/\/fodurlandid.is\/en\/wp-json\/wp\/v2\/media\/25140"}],"wp:attachment":[{"href":"https:\/\/fodurlandid.is\/en\/wp-json\/wp\/v2\/media?parent=25131"}],"wp:term":[{"taxonomy":"product_brand","embeddable":true,"href":"https:\/\/fodurlandid.is\/en\/wp-json\/wp\/v2\/product_brand?post=25131"},{"taxonomy":"product_cat","embeddable":true,"href":"https:\/\/fodurlandid.is\/en\/wp-json\/wp\/v2\/product_cat?post=25131"},{"taxonomy":"product_tag","embeddable":true,"href":"https:\/\/fodurlandid.is\/en\/wp-json\/wp\/v2\/product_tag?post=25131"}],"curies":[{"name":"wp","href":"https:\/\/api.w.org\/{rel}","templated":true}]}}