{"id":25123,"date":"2025-09-11T12:00:03","date_gmt":"2025-09-11T12:00:03","guid":{"rendered":"https:\/\/fodurlandid.is\/?post_type=product&#038;p=25123"},"modified":"2026-02-15T19:24:16","modified_gmt":"2026-02-15T19:24:16","slug":"minimalism-i","status":"publish","type":"product","link":"https:\/\/fodurlandid.is\/en\/product\/minimalism-i\/","title":{"rendered":"Minimalism I er st\u00e6kkanlegur bakpoki fyrir daglega notkun"},"content":{"rendered":"<div style=\"width: 1020px;\" class=\"wp-video\"><video class=\"wp-video-shortcode\" id=\"video-25123-1\" width=\"1020\" height=\"574\" preload=\"metadata\" controls=\"controls\"><source type=\"video\/mp4\" src=\"https:\/\/fodurlandid.is\/wp-content\/uploads\/2025\/09\/L-Mr9366-00_.mp4?_=1\" \/><a href=\"https:\/\/fodurlandid.is\/wp-content\/uploads\/2025\/09\/L-Mr9366-00_.mp4\">https:\/\/fodurlandid.is\/wp-content\/uploads\/2025\/09\/L-Mr9366-00_.mp4<\/a><\/video><\/div>\n","protected":false},"excerpt":{"rendered":"<p>Gl\u00e6silegur bakpoki fyrir a\u00f0 allt a\u00f0 17,3&#8243; fart\u00f6lvur. Framan \u00e1 bakpokanum er vasi me\u00f0 segulsmellu. Innra r\u00fdmi t\u00f6skunnar er me\u00f0 einu st\u00f3ru h\u00f3lfi \u00e1samt renndum vasa. Aftan \u00e1 t\u00f6skunni er st\u00f3r vasi me\u00f0 rennul\u00e1s t.d. fyrir spjaldt\u00f6lvur. Bakpokinn er 16 l\u00edtra en st\u00e6kkanlegur \u00ed 22 l\u00edtra. Taskan er me\u00f0 h\u00e1g\u00e6\u00f0a YKK rennil\u00e1sum sem duga mun lengur en hef\u00f0bundnir rennil\u00e1sar.<\/p>\n<p>Sj\u00e1 myndband af v\u00f6ru ne\u00f0ar \u00e1 \u00feessari s\u00ed\u00f0u.<\/p>\n<p>Litur: Svartur<br \/>\nSt\u00e6r\u00f0: 42*30*13 cm \/ st\u00e6kkanlegur \u00ed 58x30x13 cm<br \/>\n\u00deyngd: 0,9 kg<br \/>\nEfni: 900D Oxford fabric, water-resistant, dirt-resistant &amp; scratch-resistant<br \/>\nAxlarb\u00f6nd: 45-95 cm<br \/>\nYKK h\u00e1g\u00e6\u00f0a rennil\u00e1sar<\/p>\n","protected":false},"featured_media":25126,"template":"","meta":[],"product_brand":[401],"product_cat":[403],"product_tag":[],"class_list":{"0":"post-25123","1":"product","2":"type-product","3":"status-publish","4":"has-post-thumbnail","6":"product_brand-mark-ryden","7":"product_cat-bakpokar","9":"first","10":"instock","11":"taxable","12":"shipping-taxable","13":"product-type-simple"},"yoast_head":"<!-- This site is optimized with the Yoast SEO Premium plugin v21.5 (Yoast SEO v27.3) - https:\/\/yoast.com\/product\/yoast-seo-premium-wordpress\/ -->\n<title>Minimalism I er st\u00e6kkanlegur bakpoki fyrir daglega notkun<\/title>\n<meta name=\"description\" content=\"Gl\u00e6silegur bakpoki fyrir a\u00f0 allt a\u00f0 17,3&quot; fart\u00f6lvur. Hann er 16 l\u00edtra en st\u00e6kkanlegur \u00ed 22 l\u00edtra. Taskan er me\u00f0 h\u00e1g\u00e6\u00f0a YKK rennil\u00e1sum sem duga mun lengur.\" \/>\n<meta name=\"robots\" content=\"index, follow, max-snippet:-1, max-image-preview:large, max-video-preview:-1\" \/>\n<link rel=\"canonical\" href=\"https:\/\/fodurlandid.is\/vara\/minimalism-i\/\" \/>\n<meta property=\"og:locale\" content=\"en_US\" \/>\n<meta property=\"og:type\" content=\"article\" \/>\n<meta property=\"og:title\" content=\"Minimalism I er st\u00e6kkanlegur bakpoki fyrir daglega notkun\" \/>\n<meta property=\"og:description\" content=\"Gl\u00e6silegur bakpoki fyrir a\u00f0 allt a\u00f0 17,3&quot; fart\u00f6lvur. Hann er 16 l\u00edtra en st\u00e6kkanlegur \u00ed 22 l\u00edtra. Taskan er me\u00f0 h\u00e1g\u00e6\u00f0a YKK rennil\u00e1sum sem duga mun lengur.\" \/>\n<meta property=\"og:url\" content=\"https:\/\/fodurlandid.is\/vara\/minimalism-i\/\" \/>\n<meta property=\"og:site_name\" content=\"F&ouml;&eth;urlandi&eth; heildsala\" \/>\n<meta property=\"article:modified_time\" content=\"2026-02-15T19:24:16+00:00\" \/>\n<meta property=\"og:image\" content=\"https:\/\/fodurlandid.is\/wp-content\/uploads\/2025\/09\/L_MR9366_00.jpg\" \/>\n\t<meta property=\"og:image:width\" content=\"600\" \/>\n\t<meta property=\"og:image:height\" content=\"600\" \/>\n\t<meta property=\"og:image:type\" content=\"image\/jpeg\" \/>\n<meta name=\"twitter:card\" content=\"summary_large_image\" \/>\n<meta name=\"twitter:label1\" content=\"Est. reading time\" \/>\n\t<meta name=\"twitter:data1\" content=\"1 minute\" \/>\n<script type=\"application\/ld+json\" class=\"yoast-schema-graph\">{\"@context\":\"https:\\\/\\\/schema.org\",\"@graph\":[{\"@type\":\"WebPage\",\"@id\":\"https:\\\/\\\/fodurlandid.is\\\/vara\\\/minimalism-i\\\/\",\"url\":\"https:\\\/\\\/fodurlandid.is\\\/vara\\\/minimalism-i\\\/\",\"name\":\"Minimalism I er st\u00e6kkanlegur bakpoki fyrir daglega notkun\",\"isPartOf\":{\"@id\":\"https:\\\/\\\/fodurlandid.is\\\/#website\"},\"primaryImageOfPage\":{\"@id\":\"https:\\\/\\\/fodurlandid.is\\\/vara\\\/minimalism-i\\\/#primaryimage\"},\"image\":{\"@id\":\"https:\\\/\\\/fodurlandid.is\\\/vara\\\/minimalism-i\\\/#primaryimage\"},\"thumbnailUrl\":\"https:\\\/\\\/fodurlandid.is\\\/wp-content\\\/uploads\\\/2025\\\/09\\\/L_MR9366_00.jpg\",\"datePublished\":\"2025-09-11T12:00:03+00:00\",\"dateModified\":\"2026-02-15T19:24:16+00:00\",\"description\":\"Gl\u00e6silegur bakpoki fyrir a\u00f0 allt a\u00f0 17,3\\\" fart\u00f6lvur. Hann er 16 l\u00edtra en st\u00e6kkanlegur \u00ed 22 l\u00edtra. Taskan er me\u00f0 h\u00e1g\u00e6\u00f0a YKK rennil\u00e1sum sem duga mun lengur.\",\"breadcrumb\":{\"@id\":\"https:\\\/\\\/fodurlandid.is\\\/vara\\\/minimalism-i\\\/#breadcrumb\"},\"inLanguage\":\"en-US\",\"potentialAction\":[{\"@type\":\"ReadAction\",\"target\":[\"https:\\\/\\\/fodurlandid.is\\\/vara\\\/minimalism-i\\\/\"]}]},{\"@type\":\"ImageObject\",\"inLanguage\":\"en-US\",\"@id\":\"https:\\\/\\\/fodurlandid.is\\\/vara\\\/minimalism-i\\\/#primaryimage\",\"url\":\"https:\\\/\\\/fodurlandid.is\\\/wp-content\\\/uploads\\\/2025\\\/09\\\/L_MR9366_00.jpg\",\"contentUrl\":\"https:\\\/\\\/fodurlandid.is\\\/wp-content\\\/uploads\\\/2025\\\/09\\\/L_MR9366_00.jpg\",\"width\":600,\"height\":600},{\"@type\":\"BreadcrumbList\",\"@id\":\"https:\\\/\\\/fodurlandid.is\\\/vara\\\/minimalism-i\\\/#breadcrumb\",\"itemListElement\":[{\"@type\":\"ListItem\",\"position\":1,\"name\":\"Home\",\"item\":\"https:\\\/\\\/fodurlandid.is\\\/\"},{\"@type\":\"ListItem\",\"position\":2,\"name\":\"Shop\",\"item\":\"https:\\\/\\\/www.vorulagerinn.is\\\/heildsala\\\/en\\\/shop\\\/\"},{\"@type\":\"ListItem\",\"position\":3,\"name\":\"Minimalism I er st\u00e6kkanlegur bakpoki fyrir daglega notkun\"}]},{\"@type\":\"WebSite\",\"@id\":\"https:\\\/\\\/fodurlandid.is\\\/#website\",\"url\":\"https:\\\/\\\/fodurlandid.is\\\/\",\"name\":\"F\u00f6\u00f0urlandi\u00f0 ehf, heildsala\",\"description\":\"Innflutnings, umbo&eth;s- og dreifingara&eth;ili\",\"publisher\":{\"@id\":\"https:\\\/\\\/fodurlandid.is\\\/#organization\"},\"alternateName\":\"Innflutnings, umbo\u00f0s- og dreifingara\u00f0ili\",\"potentialAction\":[{\"@type\":\"SearchAction\",\"target\":{\"@type\":\"EntryPoint\",\"urlTemplate\":\"https:\\\/\\\/fodurlandid.is\\\/?s={search_term_string}\"},\"query-input\":{\"@type\":\"PropertyValueSpecification\",\"valueRequired\":true,\"valueName\":\"search_term_string\"}}],\"inLanguage\":\"en-US\"},{\"@type\":\"Organization\",\"@id\":\"https:\\\/\\\/fodurlandid.is\\\/#organization\",\"name\":\"Innflutnings, umbo\u00f0s- og dreifingara\u00f0ili\",\"url\":\"https:\\\/\\\/fodurlandid.is\\\/\",\"logo\":{\"@type\":\"ImageObject\",\"inLanguage\":\"en-US\",\"@id\":\"https:\\\/\\\/fodurlandid.is\\\/#\\\/schema\\\/logo\\\/image\\\/\",\"url\":\"https:\\\/\\\/fodurlandid.is\\\/wp-content\\\/uploads\\\/2024\\\/05\\\/Fodurlandid.png\",\"contentUrl\":\"https:\\\/\\\/fodurlandid.is\\\/wp-content\\\/uploads\\\/2024\\\/05\\\/Fodurlandid.png\",\"width\":400,\"height\":293,\"caption\":\"Innflutnings, umbo\u00f0s- og dreifingara\u00f0ili\"},\"image\":{\"@id\":\"https:\\\/\\\/fodurlandid.is\\\/#\\\/schema\\\/logo\\\/image\\\/\"}}]}<\/script>\n<!-- \/ Yoast SEO Premium plugin. -->","yoast_head_json":{"title":"Minimalism I er st\u00e6kkanlegur bakpoki fyrir daglega notkun","description":"Gl\u00e6silegur bakpoki fyrir a\u00f0 allt a\u00f0 17,3\" fart\u00f6lvur. Hann er 16 l\u00edtra en st\u00e6kkanlegur \u00ed 22 l\u00edtra. Taskan er me\u00f0 h\u00e1g\u00e6\u00f0a YKK rennil\u00e1sum sem duga mun lengur.","robots":{"index":"index","follow":"follow","max-snippet":"max-snippet:-1","max-image-preview":"max-image-preview:large","max-video-preview":"max-video-preview:-1"},"canonical":"https:\/\/fodurlandid.is\/vara\/minimalism-i\/","og_locale":"en_US","og_type":"article","og_title":"Minimalism I er st\u00e6kkanlegur bakpoki fyrir daglega notkun","og_description":"Gl\u00e6silegur bakpoki fyrir a\u00f0 allt a\u00f0 17,3\" fart\u00f6lvur. Hann er 16 l\u00edtra en st\u00e6kkanlegur \u00ed 22 l\u00edtra. Taskan er me\u00f0 h\u00e1g\u00e6\u00f0a YKK rennil\u00e1sum sem duga mun lengur.","og_url":"https:\/\/fodurlandid.is\/vara\/minimalism-i\/","og_site_name":"F&ouml;&eth;urlandi&eth; heildsala","article_modified_time":"2026-02-15T19:24:16+00:00","og_image":[{"width":600,"height":600,"url":"https:\/\/fodurlandid.is\/wp-content\/uploads\/2025\/09\/L_MR9366_00.jpg","type":"image\/jpeg"}],"twitter_card":"summary_large_image","twitter_misc":{"Est. reading time":"1 minute"},"schema":{"@context":"https:\/\/schema.org","@graph":[{"@type":"WebPage","@id":"https:\/\/fodurlandid.is\/vara\/minimalism-i\/","url":"https:\/\/fodurlandid.is\/vara\/minimalism-i\/","name":"Minimalism I er st\u00e6kkanlegur bakpoki fyrir daglega notkun","isPartOf":{"@id":"https:\/\/fodurlandid.is\/#website"},"primaryImageOfPage":{"@id":"https:\/\/fodurlandid.is\/vara\/minimalism-i\/#primaryimage"},"image":{"@id":"https:\/\/fodurlandid.is\/vara\/minimalism-i\/#primaryimage"},"thumbnailUrl":"https:\/\/fodurlandid.is\/wp-content\/uploads\/2025\/09\/L_MR9366_00.jpg","datePublished":"2025-09-11T12:00:03+00:00","dateModified":"2026-02-15T19:24:16+00:00","description":"Gl\u00e6silegur bakpoki fyrir a\u00f0 allt a\u00f0 17,3\" fart\u00f6lvur. Hann er 16 l\u00edtra en st\u00e6kkanlegur \u00ed 22 l\u00edtra. Taskan er me\u00f0 h\u00e1g\u00e6\u00f0a YKK rennil\u00e1sum sem duga mun lengur.","breadcrumb":{"@id":"https:\/\/fodurlandid.is\/vara\/minimalism-i\/#breadcrumb"},"inLanguage":"en-US","potentialAction":[{"@type":"ReadAction","target":["https:\/\/fodurlandid.is\/vara\/minimalism-i\/"]}]},{"@type":"ImageObject","inLanguage":"en-US","@id":"https:\/\/fodurlandid.is\/vara\/minimalism-i\/#primaryimage","url":"https:\/\/fodurlandid.is\/wp-content\/uploads\/2025\/09\/L_MR9366_00.jpg","contentUrl":"https:\/\/fodurlandid.is\/wp-content\/uploads\/2025\/09\/L_MR9366_00.jpg","width":600,"height":600},{"@type":"BreadcrumbList","@id":"https:\/\/fodurlandid.is\/vara\/minimalism-i\/#breadcrumb","itemListElement":[{"@type":"ListItem","position":1,"name":"Home","item":"https:\/\/fodurlandid.is\/"},{"@type":"ListItem","position":2,"name":"Shop","item":"https:\/\/www.vorulagerinn.is\/heildsala\/en\/shop\/"},{"@type":"ListItem","position":3,"name":"Minimalism I er st\u00e6kkanlegur bakpoki fyrir daglega notkun"}]},{"@type":"WebSite","@id":"https:\/\/fodurlandid.is\/#website","url":"https:\/\/fodurlandid.is\/","name":"F\u00f6\u00f0urlandi\u00f0 ehf, heildsala","description":"Innflutnings, umbo&eth;s- og dreifingara&eth;ili","publisher":{"@id":"https:\/\/fodurlandid.is\/#organization"},"alternateName":"Innflutnings, umbo\u00f0s- og dreifingara\u00f0ili","potentialAction":[{"@type":"SearchAction","target":{"@type":"EntryPoint","urlTemplate":"https:\/\/fodurlandid.is\/?s={search_term_string}"},"query-input":{"@type":"PropertyValueSpecification","valueRequired":true,"valueName":"search_term_string"}}],"inLanguage":"en-US"},{"@type":"Organization","@id":"https:\/\/fodurlandid.is\/#organization","name":"Innflutnings, umbo\u00f0s- og dreifingara\u00f0ili","url":"https:\/\/fodurlandid.is\/","logo":{"@type":"ImageObject","inLanguage":"en-US","@id":"https:\/\/fodurlandid.is\/#\/schema\/logo\/image\/","url":"https:\/\/fodurlandid.is\/wp-content\/uploads\/2024\/05\/Fodurlandid.png","contentUrl":"https:\/\/fodurlandid.is\/wp-content\/uploads\/2024\/05\/Fodurlandid.png","width":400,"height":293,"caption":"Innflutnings, umbo\u00f0s- og dreifingara\u00f0ili"},"image":{"@id":"https:\/\/fodurlandid.is\/#\/schema\/logo\/image\/"}}]}},"_links":{"self":[{"href":"https:\/\/fodurlandid.is\/en\/wp-json\/wp\/v2\/product\/25123","targetHints":{"allow":["GET"]}}],"collection":[{"href":"https:\/\/fodurlandid.is\/en\/wp-json\/wp\/v2\/product"}],"about":[{"href":"https:\/\/fodurlandid.is\/en\/wp-json\/wp\/v2\/types\/product"}],"wp:featuredmedia":[{"embeddable":true,"href":"https:\/\/fodurlandid.is\/en\/wp-json\/wp\/v2\/media\/25126"}],"wp:attachment":[{"href":"https:\/\/fodurlandid.is\/en\/wp-json\/wp\/v2\/media?parent=25123"}],"wp:term":[{"taxonomy":"product_brand","embeddable":true,"href":"https:\/\/fodurlandid.is\/en\/wp-json\/wp\/v2\/product_brand?post=25123"},{"taxonomy":"product_cat","embeddable":true,"href":"https:\/\/fodurlandid.is\/en\/wp-json\/wp\/v2\/product_cat?post=25123"},{"taxonomy":"product_tag","embeddable":true,"href":"https:\/\/fodurlandid.is\/en\/wp-json\/wp\/v2\/product_tag?post=25123"}],"curies":[{"name":"wp","href":"https:\/\/api.w.org\/{rel}","templated":true}]}}