{"id":25039,"date":"2025-07-28T08:57:59","date_gmt":"2025-07-28T08:57:59","guid":{"rendered":"https:\/\/fodurlandid.is\/?post_type=product&#038;p=25039"},"modified":"2025-12-13T13:58:21","modified_gmt":"2025-12-13T13:58:21","slug":"jr-hg2","status":"publish","type":"product","link":"https:\/\/fodurlandid.is\/en\/product\/jr-hg2\/","title":{"rendered":"Leikjaheyrnart\u00f3l me\u00f0 hlj\u00f3\u00f0nema, Memory foam &#038; 3,5 jack"},"content":{"rendered":"<p>Product name: Gaming Headset<br \/>\nSpeaker diameter: \u00d850mm<br \/>\nSpeaker impedance: 22\u00b110%\u03a9<br \/>\nFrequency response: 20Hz-20KHz<br \/>\nHeadset cord length: 2m\u00b110%<br \/>\nAdapter cable length: 0.23m\u00b110%<br \/>\nHeadset cord: 3.5mm plug (TRRS 4-pole)<br \/>\nAdapter cable: 1 female to 2 male 3.5mm (TRS 3-pole)<br \/>\nLight effect: ice blue light<br \/>\nMaterial: ABS<\/p>\n","protected":false},"excerpt":{"rendered":"<p>Fr\u00e1b\u00e6r leikjaheyrnart\u00f3l fr\u00e1 Joyroom. \u00deau eru a\u00f0eins 280 gr\u00f6mm me\u00f0 g\u00f3\u00f0ri loftun og memory foam. \u00dea\u00f0 heyrist h\u00e1tt og sk\u00fdrt \u00ed hlj\u00f3\u00f0nema sem gerir notandaupplifun enn betri.<\/p>\n<p>&#8211; Litur: Svartur<br \/>\n&#8211; \u00deyngd: 280 gr\u00f6mm<br \/>\n&#8211; Lengd sn\u00faru: 2 metrar<br \/>\n&#8211; Jack 3,5 tengi<br \/>\n&#8211; Memory foam og loftun \u00ed p\u00fa\u00f0um<br \/>\n&#8211; Hlj\u00f3\u00f0nemi: H\u00e1tt og sk\u00fdrt<br \/>\n&#8211; Vottun: CE<br \/>\n&#8211; N\u00e1nari uppl\u00fdsingar a\u00f0 ne\u00f0an<\/p>\n","protected":false},"featured_media":25046,"template":"","meta":[],"product_brand":[390],"product_cat":[397],"product_tag":[],"class_list":{"0":"post-25039","1":"product","2":"type-product","3":"status-publish","4":"has-post-thumbnail","6":"product_brand-joyroom","7":"product_cat-yfir-eyru-over-ear","9":"first","10":"instock","11":"taxable","12":"shipping-taxable","13":"product-type-simple"},"yoast_head":"<!-- This site is optimized with the Yoast SEO Premium plugin v21.5 (Yoast SEO v27.5) - https:\/\/yoast.com\/product\/yoast-seo-premium-wordpress\/ -->\n<title>Leikjaheyrnart\u00f3l me\u00f0 hlj\u00f3\u00f0nema | Loud &amp; Clear talking | 3.5 jack<\/title>\n<meta name=\"description\" content=\"Fr\u00e1b\u00e6r leikjaheyrnart\u00f3l fr\u00e1 Joyroom. \u00deau eru a\u00f0eins 280 gr\u00f6mm me\u00f0 g\u00f3\u00f0ri loftun og memory foam. \u00dea\u00f0 heyrist h\u00e1tt og sk\u00fdrt \u00ed hlj\u00f3\u00f0nema.\" \/>\n<meta name=\"robots\" content=\"index, follow, max-snippet:-1, max-image-preview:large, max-video-preview:-1\" \/>\n<link rel=\"canonical\" href=\"https:\/\/fodurlandid.is\/vara\/jr-hg2\/\" \/>\n<meta property=\"og:locale\" content=\"en_US\" \/>\n<meta property=\"og:type\" content=\"article\" \/>\n<meta property=\"og:title\" content=\"Leikjaheyrnart\u00f3l me\u00f0 hlj\u00f3\u00f0nema, Memory foam &amp; 3,5 jack\" \/>\n<meta property=\"og:description\" content=\"Fr\u00e1b\u00e6r leikjaheyrnart\u00f3l fr\u00e1 Joyroom. \u00deau eru a\u00f0eins 280 gr\u00f6mm me\u00f0 g\u00f3\u00f0ri loftun og memory foam. \u00dea\u00f0 heyrist h\u00e1tt og sk\u00fdrt \u00ed hlj\u00f3\u00f0nema.\" \/>\n<meta property=\"og:url\" content=\"https:\/\/fodurlandid.is\/vara\/jr-hg2\/\" \/>\n<meta property=\"og:site_name\" content=\"F&ouml;&eth;urlandi&eth; heildsala\" \/>\n<meta property=\"article:modified_time\" content=\"2025-12-13T13:58:21+00:00\" \/>\n<meta property=\"og:image\" content=\"https:\/\/fodurlandid.is\/wp-content\/uploads\/2025\/07\/JR-HG2_01.jpg\" \/>\n\t<meta property=\"og:image:width\" content=\"600\" \/>\n\t<meta property=\"og:image:height\" content=\"600\" \/>\n\t<meta property=\"og:image:type\" content=\"image\/jpeg\" \/>\n<meta name=\"twitter:card\" content=\"summary_large_image\" \/>\n<meta name=\"twitter:label1\" content=\"Est. reading time\" \/>\n\t<meta name=\"twitter:data1\" content=\"1 minute\" \/>\n<script type=\"application\/ld+json\" class=\"yoast-schema-graph\">{\"@context\":\"https:\\\/\\\/schema.org\",\"@graph\":[{\"@type\":\"WebPage\",\"@id\":\"https:\\\/\\\/fodurlandid.is\\\/vara\\\/jr-hg2\\\/\",\"url\":\"https:\\\/\\\/fodurlandid.is\\\/vara\\\/jr-hg2\\\/\",\"name\":\"Leikjaheyrnart\u00f3l me\u00f0 hlj\u00f3\u00f0nema | Loud & Clear talking | 3.5 jack\",\"isPartOf\":{\"@id\":\"https:\\\/\\\/fodurlandid.is\\\/#website\"},\"primaryImageOfPage\":{\"@id\":\"https:\\\/\\\/fodurlandid.is\\\/vara\\\/jr-hg2\\\/#primaryimage\"},\"image\":{\"@id\":\"https:\\\/\\\/fodurlandid.is\\\/vara\\\/jr-hg2\\\/#primaryimage\"},\"thumbnailUrl\":\"https:\\\/\\\/fodurlandid.is\\\/wp-content\\\/uploads\\\/2025\\\/07\\\/JR-HG2_01.jpg\",\"datePublished\":\"2025-07-28T08:57:59+00:00\",\"dateModified\":\"2025-12-13T13:58:21+00:00\",\"description\":\"Fr\u00e1b\u00e6r leikjaheyrnart\u00f3l fr\u00e1 Joyroom. \u00deau eru a\u00f0eins 280 gr\u00f6mm me\u00f0 g\u00f3\u00f0ri loftun og memory foam. \u00dea\u00f0 heyrist h\u00e1tt og sk\u00fdrt \u00ed hlj\u00f3\u00f0nema.\",\"breadcrumb\":{\"@id\":\"https:\\\/\\\/fodurlandid.is\\\/vara\\\/jr-hg2\\\/#breadcrumb\"},\"inLanguage\":\"en-US\",\"potentialAction\":[{\"@type\":\"ReadAction\",\"target\":[\"https:\\\/\\\/fodurlandid.is\\\/vara\\\/jr-hg2\\\/\"]}]},{\"@type\":\"ImageObject\",\"inLanguage\":\"en-US\",\"@id\":\"https:\\\/\\\/fodurlandid.is\\\/vara\\\/jr-hg2\\\/#primaryimage\",\"url\":\"https:\\\/\\\/fodurlandid.is\\\/wp-content\\\/uploads\\\/2025\\\/07\\\/JR-HG2_01.jpg\",\"contentUrl\":\"https:\\\/\\\/fodurlandid.is\\\/wp-content\\\/uploads\\\/2025\\\/07\\\/JR-HG2_01.jpg\",\"width\":600,\"height\":600},{\"@type\":\"BreadcrumbList\",\"@id\":\"https:\\\/\\\/fodurlandid.is\\\/vara\\\/jr-hg2\\\/#breadcrumb\",\"itemListElement\":[{\"@type\":\"ListItem\",\"position\":1,\"name\":\"Home\",\"item\":\"https:\\\/\\\/fodurlandid.is\\\/\"},{\"@type\":\"ListItem\",\"position\":2,\"name\":\"Shop\",\"item\":\"https:\\\/\\\/www.vorulagerinn.is\\\/heildsala\\\/en\\\/shop\\\/\"},{\"@type\":\"ListItem\",\"position\":3,\"name\":\"Leikjaheyrnart\u00f3l me\u00f0 hlj\u00f3\u00f0nema, Memory foam &#038; 3,5 jack\"}]},{\"@type\":\"WebSite\",\"@id\":\"https:\\\/\\\/fodurlandid.is\\\/#website\",\"url\":\"https:\\\/\\\/fodurlandid.is\\\/\",\"name\":\"F\u00f6\u00f0urlandi\u00f0 ehf, heildsala\",\"description\":\"Innflutnings, umbo&eth;s- og dreifingara&eth;ili\",\"publisher\":{\"@id\":\"https:\\\/\\\/fodurlandid.is\\\/#organization\"},\"alternateName\":\"Innflutnings, umbo\u00f0s- og dreifingara\u00f0ili\",\"potentialAction\":[{\"@type\":\"SearchAction\",\"target\":{\"@type\":\"EntryPoint\",\"urlTemplate\":\"https:\\\/\\\/fodurlandid.is\\\/?s={search_term_string}\"},\"query-input\":{\"@type\":\"PropertyValueSpecification\",\"valueRequired\":true,\"valueName\":\"search_term_string\"}}],\"inLanguage\":\"en-US\"},{\"@type\":\"Organization\",\"@id\":\"https:\\\/\\\/fodurlandid.is\\\/#organization\",\"name\":\"Innflutnings, umbo\u00f0s- og dreifingara\u00f0ili\",\"url\":\"https:\\\/\\\/fodurlandid.is\\\/\",\"logo\":{\"@type\":\"ImageObject\",\"inLanguage\":\"en-US\",\"@id\":\"https:\\\/\\\/fodurlandid.is\\\/#\\\/schema\\\/logo\\\/image\\\/\",\"url\":\"https:\\\/\\\/fodurlandid.is\\\/wp-content\\\/uploads\\\/2024\\\/05\\\/Fodurlandid.png\",\"contentUrl\":\"https:\\\/\\\/fodurlandid.is\\\/wp-content\\\/uploads\\\/2024\\\/05\\\/Fodurlandid.png\",\"width\":400,\"height\":293,\"caption\":\"Innflutnings, umbo\u00f0s- og dreifingara\u00f0ili\"},\"image\":{\"@id\":\"https:\\\/\\\/fodurlandid.is\\\/#\\\/schema\\\/logo\\\/image\\\/\"}}]}<\/script>\n<!-- \/ Yoast SEO Premium plugin. -->","yoast_head_json":{"title":"Leikjaheyrnart\u00f3l me\u00f0 hlj\u00f3\u00f0nema | Loud & Clear talking | 3.5 jack","description":"Fr\u00e1b\u00e6r leikjaheyrnart\u00f3l fr\u00e1 Joyroom. \u00deau eru a\u00f0eins 280 gr\u00f6mm me\u00f0 g\u00f3\u00f0ri loftun og memory foam. \u00dea\u00f0 heyrist h\u00e1tt og sk\u00fdrt \u00ed hlj\u00f3\u00f0nema.","robots":{"index":"index","follow":"follow","max-snippet":"max-snippet:-1","max-image-preview":"max-image-preview:large","max-video-preview":"max-video-preview:-1"},"canonical":"https:\/\/fodurlandid.is\/vara\/jr-hg2\/","og_locale":"en_US","og_type":"article","og_title":"Leikjaheyrnart\u00f3l me\u00f0 hlj\u00f3\u00f0nema, Memory foam & 3,5 jack","og_description":"Fr\u00e1b\u00e6r leikjaheyrnart\u00f3l fr\u00e1 Joyroom. \u00deau eru a\u00f0eins 280 gr\u00f6mm me\u00f0 g\u00f3\u00f0ri loftun og memory foam. \u00dea\u00f0 heyrist h\u00e1tt og sk\u00fdrt \u00ed hlj\u00f3\u00f0nema.","og_url":"https:\/\/fodurlandid.is\/vara\/jr-hg2\/","og_site_name":"F&ouml;&eth;urlandi&eth; heildsala","article_modified_time":"2025-12-13T13:58:21+00:00","og_image":[{"width":600,"height":600,"url":"https:\/\/fodurlandid.is\/wp-content\/uploads\/2025\/07\/JR-HG2_01.jpg","type":"image\/jpeg"}],"twitter_card":"summary_large_image","twitter_misc":{"Est. reading time":"1 minute"},"schema":{"@context":"https:\/\/schema.org","@graph":[{"@type":"WebPage","@id":"https:\/\/fodurlandid.is\/vara\/jr-hg2\/","url":"https:\/\/fodurlandid.is\/vara\/jr-hg2\/","name":"Leikjaheyrnart\u00f3l me\u00f0 hlj\u00f3\u00f0nema | Loud & Clear talking | 3.5 jack","isPartOf":{"@id":"https:\/\/fodurlandid.is\/#website"},"primaryImageOfPage":{"@id":"https:\/\/fodurlandid.is\/vara\/jr-hg2\/#primaryimage"},"image":{"@id":"https:\/\/fodurlandid.is\/vara\/jr-hg2\/#primaryimage"},"thumbnailUrl":"https:\/\/fodurlandid.is\/wp-content\/uploads\/2025\/07\/JR-HG2_01.jpg","datePublished":"2025-07-28T08:57:59+00:00","dateModified":"2025-12-13T13:58:21+00:00","description":"Fr\u00e1b\u00e6r leikjaheyrnart\u00f3l fr\u00e1 Joyroom. \u00deau eru a\u00f0eins 280 gr\u00f6mm me\u00f0 g\u00f3\u00f0ri loftun og memory foam. \u00dea\u00f0 heyrist h\u00e1tt og sk\u00fdrt \u00ed hlj\u00f3\u00f0nema.","breadcrumb":{"@id":"https:\/\/fodurlandid.is\/vara\/jr-hg2\/#breadcrumb"},"inLanguage":"en-US","potentialAction":[{"@type":"ReadAction","target":["https:\/\/fodurlandid.is\/vara\/jr-hg2\/"]}]},{"@type":"ImageObject","inLanguage":"en-US","@id":"https:\/\/fodurlandid.is\/vara\/jr-hg2\/#primaryimage","url":"https:\/\/fodurlandid.is\/wp-content\/uploads\/2025\/07\/JR-HG2_01.jpg","contentUrl":"https:\/\/fodurlandid.is\/wp-content\/uploads\/2025\/07\/JR-HG2_01.jpg","width":600,"height":600},{"@type":"BreadcrumbList","@id":"https:\/\/fodurlandid.is\/vara\/jr-hg2\/#breadcrumb","itemListElement":[{"@type":"ListItem","position":1,"name":"Home","item":"https:\/\/fodurlandid.is\/"},{"@type":"ListItem","position":2,"name":"Shop","item":"https:\/\/www.vorulagerinn.is\/heildsala\/en\/shop\/"},{"@type":"ListItem","position":3,"name":"Leikjaheyrnart\u00f3l me\u00f0 hlj\u00f3\u00f0nema, Memory foam &#038; 3,5 jack"}]},{"@type":"WebSite","@id":"https:\/\/fodurlandid.is\/#website","url":"https:\/\/fodurlandid.is\/","name":"F\u00f6\u00f0urlandi\u00f0 ehf, heildsala","description":"Innflutnings, umbo&eth;s- og dreifingara&eth;ili","publisher":{"@id":"https:\/\/fodurlandid.is\/#organization"},"alternateName":"Innflutnings, umbo\u00f0s- og dreifingara\u00f0ili","potentialAction":[{"@type":"SearchAction","target":{"@type":"EntryPoint","urlTemplate":"https:\/\/fodurlandid.is\/?s={search_term_string}"},"query-input":{"@type":"PropertyValueSpecification","valueRequired":true,"valueName":"search_term_string"}}],"inLanguage":"en-US"},{"@type":"Organization","@id":"https:\/\/fodurlandid.is\/#organization","name":"Innflutnings, umbo\u00f0s- og dreifingara\u00f0ili","url":"https:\/\/fodurlandid.is\/","logo":{"@type":"ImageObject","inLanguage":"en-US","@id":"https:\/\/fodurlandid.is\/#\/schema\/logo\/image\/","url":"https:\/\/fodurlandid.is\/wp-content\/uploads\/2024\/05\/Fodurlandid.png","contentUrl":"https:\/\/fodurlandid.is\/wp-content\/uploads\/2024\/05\/Fodurlandid.png","width":400,"height":293,"caption":"Innflutnings, umbo\u00f0s- og dreifingara\u00f0ili"},"image":{"@id":"https:\/\/fodurlandid.is\/#\/schema\/logo\/image\/"}}]}},"_links":{"self":[{"href":"https:\/\/fodurlandid.is\/en\/wp-json\/wp\/v2\/product\/25039","targetHints":{"allow":["GET"]}}],"collection":[{"href":"https:\/\/fodurlandid.is\/en\/wp-json\/wp\/v2\/product"}],"about":[{"href":"https:\/\/fodurlandid.is\/en\/wp-json\/wp\/v2\/types\/product"}],"wp:featuredmedia":[{"embeddable":true,"href":"https:\/\/fodurlandid.is\/en\/wp-json\/wp\/v2\/media\/25046"}],"wp:attachment":[{"href":"https:\/\/fodurlandid.is\/en\/wp-json\/wp\/v2\/media?parent=25039"}],"wp:term":[{"taxonomy":"product_brand","embeddable":true,"href":"https:\/\/fodurlandid.is\/en\/wp-json\/wp\/v2\/product_brand?post=25039"},{"taxonomy":"product_cat","embeddable":true,"href":"https:\/\/fodurlandid.is\/en\/wp-json\/wp\/v2\/product_cat?post=25039"},{"taxonomy":"product_tag","embeddable":true,"href":"https:\/\/fodurlandid.is\/en\/wp-json\/wp\/v2\/product_tag?post=25039"}],"curies":[{"name":"wp","href":"https:\/\/api.w.org\/{rel}","templated":true}]}}