{"id":25031,"date":"2025-07-27T16:51:29","date_gmt":"2025-07-27T16:51:29","guid":{"rendered":"https:\/\/fodurlandid.is\/?post_type=product&#038;p=25031"},"modified":"2026-01-29T00:15:30","modified_gmt":"2026-01-29T00:15:30","slug":"v55","status":"publish","type":"product","link":"https:\/\/fodurlandid.is\/en\/product\/v55\/","title":{"rendered":"Vi\u00f0ger\u00f0arpl\u00f6tur fyrir lamir sem hafa rifna\u00f0 af hur\u00f0um e\u00f0a sk\u00e1pum"},"content":{"rendered":"<div style=\"width: 540px;\" class=\"wp-video\"><video class=\"wp-video-shortcode\" id=\"video-25031-1\" width=\"540\" height=\"960\" preload=\"metadata\" controls=\"controls\"><source type=\"video\/mp4\" src=\"https:\/\/fodurlandid.is\/wp-content\/uploads\/2025\/07\/Vidgerdarplotur.mp4?_=1\" \/><a href=\"https:\/\/fodurlandid.is\/wp-content\/uploads\/2025\/07\/Vidgerdarplotur.mp4\">https:\/\/fodurlandid.is\/wp-content\/uploads\/2025\/07\/Vidgerdarplotur.mp4<\/a><\/video><\/div>\n","protected":false},"excerpt":{"rendered":"<p>Hj\u00e1 F\u00f6\u00f0urlandinu f\u00e1st vi\u00f0ger\u00f0arpl\u00f6tur sem eru au\u00f0veldar \u00ed uppsetningu og eru nota\u00f0ar \u00fear sem lamir hafa rifna\u00f0 af hur\u00f0um e\u00f0a sk\u00e1pum. Einf\u00f6ld og g\u00f3\u00f0 lausn \u00e1 vandam\u00e1lum sem flestir lenda \u00ed einhvern t\u00edmann \u00e1 l\u00edfslei\u00f0inni. Vi\u00f0ger\u00f0arpl\u00f6tur sem framlengja notagildi hur\u00f0a og sk\u00e1pa \u00e1rum saman.<\/p>\n<p>Sj\u00e1\u00f0u myndband af v\u00f6ru og lei\u00f0beiningar ne\u00f0ar \u00e1 \u00feessari s\u00ed\u00f0u.<\/p>\n<p>Vi\u00f0ger\u00f0arpl\u00f6tur: 2 stk<br \/>\nSt\u00e6r\u00f0: 9\u00d79 cm<br \/>\n\u00deykkt: 0,7 mm<br \/>\nSkr\u00fafur fylgja me\u00f0<\/p>\n","protected":false},"featured_media":25037,"template":"","meta":[],"product_brand":[],"product_cat":[428],"product_tag":[],"class_list":{"0":"post-25031","1":"product","2":"type-product","3":"status-publish","4":"has-post-thumbnail","6":"product_cat-vidgerdarplotur","8":"first","9":"instock","10":"taxable","11":"shipping-taxable","12":"product-type-simple"},"yoast_head":"<!-- This site is optimized with the Yoast SEO Premium plugin v21.5 (Yoast SEO v27.3) - https:\/\/yoast.com\/product\/yoast-seo-premium-wordpress\/ -->\n<title>Vi\u00f0ger\u00f0arpl\u00f6tur fyrir lamir sem hafa rifna\u00f0 af hur\u00f0um e\u00f0a sk\u00e1pum<\/title>\n<meta name=\"description\" content=\"Hj\u00e1 F\u00f6\u00f0urlandinu f\u00e1st vi\u00f0ger\u00f0arpl\u00f6tur sem eru au\u00f0veldar \u00ed uppsetningu og eru nota\u00f0ar \u00fear sem lamir hafa rifna\u00f0 af hur\u00f0um e\u00f0a sk\u00e1pum.\" \/>\n<meta name=\"robots\" content=\"index, follow, max-snippet:-1, max-image-preview:large, max-video-preview:-1\" \/>\n<link rel=\"canonical\" href=\"https:\/\/fodurlandid.is\/vara\/v55\/\" \/>\n<meta property=\"og:locale\" content=\"en_US\" \/>\n<meta property=\"og:type\" content=\"article\" \/>\n<meta property=\"og:title\" content=\"Vi\u00f0ger\u00f0arpl\u00f6tur fyrir lamir sem hafa rifna\u00f0 af hur\u00f0um e\u00f0a sk\u00e1pum\" \/>\n<meta property=\"og:description\" content=\"Hj\u00e1 F\u00f6\u00f0urlandinu f\u00e1st vi\u00f0ger\u00f0arpl\u00f6tur sem eru au\u00f0veldar \u00ed uppsetningu og eru nota\u00f0ar \u00fear sem lamir hafa rifna\u00f0 af hur\u00f0um e\u00f0a sk\u00e1pum.\" \/>\n<meta property=\"og:url\" content=\"https:\/\/fodurlandid.is\/vara\/v55\/\" \/>\n<meta property=\"og:site_name\" content=\"F&ouml;&eth;urlandi&eth; heildsala\" \/>\n<meta property=\"article:modified_time\" content=\"2026-01-29T00:15:30+00:00\" \/>\n<meta property=\"og:image\" content=\"https:\/\/fodurlandid.is\/wp-content\/uploads\/2025\/07\/V55_01.jpg\" \/>\n\t<meta property=\"og:image:width\" content=\"750\" \/>\n\t<meta property=\"og:image:height\" content=\"1000\" \/>\n\t<meta property=\"og:image:type\" content=\"image\/jpeg\" \/>\n<meta name=\"twitter:card\" content=\"summary_large_image\" \/>\n<meta name=\"twitter:label1\" content=\"Est. reading time\" \/>\n\t<meta name=\"twitter:data1\" content=\"1 minute\" \/>\n<script type=\"application\/ld+json\" class=\"yoast-schema-graph\">{\"@context\":\"https:\\\/\\\/schema.org\",\"@graph\":[{\"@type\":\"WebPage\",\"@id\":\"https:\\\/\\\/fodurlandid.is\\\/vara\\\/v55\\\/\",\"url\":\"https:\\\/\\\/fodurlandid.is\\\/vara\\\/v55\\\/\",\"name\":\"Vi\u00f0ger\u00f0arpl\u00f6tur fyrir lamir sem hafa rifna\u00f0 af hur\u00f0um e\u00f0a sk\u00e1pum\",\"isPartOf\":{\"@id\":\"https:\\\/\\\/fodurlandid.is\\\/#website\"},\"primaryImageOfPage\":{\"@id\":\"https:\\\/\\\/fodurlandid.is\\\/vara\\\/v55\\\/#primaryimage\"},\"image\":{\"@id\":\"https:\\\/\\\/fodurlandid.is\\\/vara\\\/v55\\\/#primaryimage\"},\"thumbnailUrl\":\"https:\\\/\\\/fodurlandid.is\\\/wp-content\\\/uploads\\\/2025\\\/07\\\/V55_01.jpg\",\"datePublished\":\"2025-07-27T16:51:29+00:00\",\"dateModified\":\"2026-01-29T00:15:30+00:00\",\"description\":\"Hj\u00e1 F\u00f6\u00f0urlandinu f\u00e1st vi\u00f0ger\u00f0arpl\u00f6tur sem eru au\u00f0veldar \u00ed uppsetningu og eru nota\u00f0ar \u00fear sem lamir hafa rifna\u00f0 af hur\u00f0um e\u00f0a sk\u00e1pum.\",\"breadcrumb\":{\"@id\":\"https:\\\/\\\/fodurlandid.is\\\/vara\\\/v55\\\/#breadcrumb\"},\"inLanguage\":\"en-US\",\"potentialAction\":[{\"@type\":\"ReadAction\",\"target\":[\"https:\\\/\\\/fodurlandid.is\\\/vara\\\/v55\\\/\"]}]},{\"@type\":\"ImageObject\",\"inLanguage\":\"en-US\",\"@id\":\"https:\\\/\\\/fodurlandid.is\\\/vara\\\/v55\\\/#primaryimage\",\"url\":\"https:\\\/\\\/fodurlandid.is\\\/wp-content\\\/uploads\\\/2025\\\/07\\\/V55_01.jpg\",\"contentUrl\":\"https:\\\/\\\/fodurlandid.is\\\/wp-content\\\/uploads\\\/2025\\\/07\\\/V55_01.jpg\",\"width\":750,\"height\":1000},{\"@type\":\"BreadcrumbList\",\"@id\":\"https:\\\/\\\/fodurlandid.is\\\/vara\\\/v55\\\/#breadcrumb\",\"itemListElement\":[{\"@type\":\"ListItem\",\"position\":1,\"name\":\"Home\",\"item\":\"https:\\\/\\\/fodurlandid.is\\\/\"},{\"@type\":\"ListItem\",\"position\":2,\"name\":\"Shop\",\"item\":\"https:\\\/\\\/www.vorulagerinn.is\\\/heildsala\\\/en\\\/shop\\\/\"},{\"@type\":\"ListItem\",\"position\":3,\"name\":\"Vi\u00f0ger\u00f0arpl\u00f6tur fyrir lamir sem hafa rifna\u00f0 af hur\u00f0um e\u00f0a sk\u00e1pum\"}]},{\"@type\":\"WebSite\",\"@id\":\"https:\\\/\\\/fodurlandid.is\\\/#website\",\"url\":\"https:\\\/\\\/fodurlandid.is\\\/\",\"name\":\"F\u00f6\u00f0urlandi\u00f0 ehf, heildsala\",\"description\":\"Innflutnings, umbo&eth;s- og dreifingara&eth;ili\",\"publisher\":{\"@id\":\"https:\\\/\\\/fodurlandid.is\\\/#organization\"},\"alternateName\":\"Innflutnings, umbo\u00f0s- og dreifingara\u00f0ili\",\"potentialAction\":[{\"@type\":\"SearchAction\",\"target\":{\"@type\":\"EntryPoint\",\"urlTemplate\":\"https:\\\/\\\/fodurlandid.is\\\/?s={search_term_string}\"},\"query-input\":{\"@type\":\"PropertyValueSpecification\",\"valueRequired\":true,\"valueName\":\"search_term_string\"}}],\"inLanguage\":\"en-US\"},{\"@type\":\"Organization\",\"@id\":\"https:\\\/\\\/fodurlandid.is\\\/#organization\",\"name\":\"Innflutnings, umbo\u00f0s- og dreifingara\u00f0ili\",\"url\":\"https:\\\/\\\/fodurlandid.is\\\/\",\"logo\":{\"@type\":\"ImageObject\",\"inLanguage\":\"en-US\",\"@id\":\"https:\\\/\\\/fodurlandid.is\\\/#\\\/schema\\\/logo\\\/image\\\/\",\"url\":\"https:\\\/\\\/fodurlandid.is\\\/wp-content\\\/uploads\\\/2024\\\/05\\\/Fodurlandid.png\",\"contentUrl\":\"https:\\\/\\\/fodurlandid.is\\\/wp-content\\\/uploads\\\/2024\\\/05\\\/Fodurlandid.png\",\"width\":400,\"height\":293,\"caption\":\"Innflutnings, umbo\u00f0s- og dreifingara\u00f0ili\"},\"image\":{\"@id\":\"https:\\\/\\\/fodurlandid.is\\\/#\\\/schema\\\/logo\\\/image\\\/\"}}]}<\/script>\n<!-- \/ Yoast SEO Premium plugin. -->","yoast_head_json":{"title":"Vi\u00f0ger\u00f0arpl\u00f6tur fyrir lamir sem hafa rifna\u00f0 af hur\u00f0um e\u00f0a sk\u00e1pum","description":"Hj\u00e1 F\u00f6\u00f0urlandinu f\u00e1st vi\u00f0ger\u00f0arpl\u00f6tur sem eru au\u00f0veldar \u00ed uppsetningu og eru nota\u00f0ar \u00fear sem lamir hafa rifna\u00f0 af hur\u00f0um e\u00f0a sk\u00e1pum.","robots":{"index":"index","follow":"follow","max-snippet":"max-snippet:-1","max-image-preview":"max-image-preview:large","max-video-preview":"max-video-preview:-1"},"canonical":"https:\/\/fodurlandid.is\/vara\/v55\/","og_locale":"en_US","og_type":"article","og_title":"Vi\u00f0ger\u00f0arpl\u00f6tur fyrir lamir sem hafa rifna\u00f0 af hur\u00f0um e\u00f0a sk\u00e1pum","og_description":"Hj\u00e1 F\u00f6\u00f0urlandinu f\u00e1st vi\u00f0ger\u00f0arpl\u00f6tur sem eru au\u00f0veldar \u00ed uppsetningu og eru nota\u00f0ar \u00fear sem lamir hafa rifna\u00f0 af hur\u00f0um e\u00f0a sk\u00e1pum.","og_url":"https:\/\/fodurlandid.is\/vara\/v55\/","og_site_name":"F&ouml;&eth;urlandi&eth; heildsala","article_modified_time":"2026-01-29T00:15:30+00:00","og_image":[{"width":750,"height":1000,"url":"https:\/\/fodurlandid.is\/wp-content\/uploads\/2025\/07\/V55_01.jpg","type":"image\/jpeg"}],"twitter_card":"summary_large_image","twitter_misc":{"Est. reading time":"1 minute"},"schema":{"@context":"https:\/\/schema.org","@graph":[{"@type":"WebPage","@id":"https:\/\/fodurlandid.is\/vara\/v55\/","url":"https:\/\/fodurlandid.is\/vara\/v55\/","name":"Vi\u00f0ger\u00f0arpl\u00f6tur fyrir lamir sem hafa rifna\u00f0 af hur\u00f0um e\u00f0a sk\u00e1pum","isPartOf":{"@id":"https:\/\/fodurlandid.is\/#website"},"primaryImageOfPage":{"@id":"https:\/\/fodurlandid.is\/vara\/v55\/#primaryimage"},"image":{"@id":"https:\/\/fodurlandid.is\/vara\/v55\/#primaryimage"},"thumbnailUrl":"https:\/\/fodurlandid.is\/wp-content\/uploads\/2025\/07\/V55_01.jpg","datePublished":"2025-07-27T16:51:29+00:00","dateModified":"2026-01-29T00:15:30+00:00","description":"Hj\u00e1 F\u00f6\u00f0urlandinu f\u00e1st vi\u00f0ger\u00f0arpl\u00f6tur sem eru au\u00f0veldar \u00ed uppsetningu og eru nota\u00f0ar \u00fear sem lamir hafa rifna\u00f0 af hur\u00f0um e\u00f0a sk\u00e1pum.","breadcrumb":{"@id":"https:\/\/fodurlandid.is\/vara\/v55\/#breadcrumb"},"inLanguage":"en-US","potentialAction":[{"@type":"ReadAction","target":["https:\/\/fodurlandid.is\/vara\/v55\/"]}]},{"@type":"ImageObject","inLanguage":"en-US","@id":"https:\/\/fodurlandid.is\/vara\/v55\/#primaryimage","url":"https:\/\/fodurlandid.is\/wp-content\/uploads\/2025\/07\/V55_01.jpg","contentUrl":"https:\/\/fodurlandid.is\/wp-content\/uploads\/2025\/07\/V55_01.jpg","width":750,"height":1000},{"@type":"BreadcrumbList","@id":"https:\/\/fodurlandid.is\/vara\/v55\/#breadcrumb","itemListElement":[{"@type":"ListItem","position":1,"name":"Home","item":"https:\/\/fodurlandid.is\/"},{"@type":"ListItem","position":2,"name":"Shop","item":"https:\/\/www.vorulagerinn.is\/heildsala\/en\/shop\/"},{"@type":"ListItem","position":3,"name":"Vi\u00f0ger\u00f0arpl\u00f6tur fyrir lamir sem hafa rifna\u00f0 af hur\u00f0um e\u00f0a sk\u00e1pum"}]},{"@type":"WebSite","@id":"https:\/\/fodurlandid.is\/#website","url":"https:\/\/fodurlandid.is\/","name":"F\u00f6\u00f0urlandi\u00f0 ehf, heildsala","description":"Innflutnings, umbo&eth;s- og dreifingara&eth;ili","publisher":{"@id":"https:\/\/fodurlandid.is\/#organization"},"alternateName":"Innflutnings, umbo\u00f0s- og dreifingara\u00f0ili","potentialAction":[{"@type":"SearchAction","target":{"@type":"EntryPoint","urlTemplate":"https:\/\/fodurlandid.is\/?s={search_term_string}"},"query-input":{"@type":"PropertyValueSpecification","valueRequired":true,"valueName":"search_term_string"}}],"inLanguage":"en-US"},{"@type":"Organization","@id":"https:\/\/fodurlandid.is\/#organization","name":"Innflutnings, umbo\u00f0s- og dreifingara\u00f0ili","url":"https:\/\/fodurlandid.is\/","logo":{"@type":"ImageObject","inLanguage":"en-US","@id":"https:\/\/fodurlandid.is\/#\/schema\/logo\/image\/","url":"https:\/\/fodurlandid.is\/wp-content\/uploads\/2024\/05\/Fodurlandid.png","contentUrl":"https:\/\/fodurlandid.is\/wp-content\/uploads\/2024\/05\/Fodurlandid.png","width":400,"height":293,"caption":"Innflutnings, umbo\u00f0s- og dreifingara\u00f0ili"},"image":{"@id":"https:\/\/fodurlandid.is\/#\/schema\/logo\/image\/"}}]}},"_links":{"self":[{"href":"https:\/\/fodurlandid.is\/en\/wp-json\/wp\/v2\/product\/25031","targetHints":{"allow":["GET"]}}],"collection":[{"href":"https:\/\/fodurlandid.is\/en\/wp-json\/wp\/v2\/product"}],"about":[{"href":"https:\/\/fodurlandid.is\/en\/wp-json\/wp\/v2\/types\/product"}],"wp:featuredmedia":[{"embeddable":true,"href":"https:\/\/fodurlandid.is\/en\/wp-json\/wp\/v2\/media\/25037"}],"wp:attachment":[{"href":"https:\/\/fodurlandid.is\/en\/wp-json\/wp\/v2\/media?parent=25031"}],"wp:term":[{"taxonomy":"product_brand","embeddable":true,"href":"https:\/\/fodurlandid.is\/en\/wp-json\/wp\/v2\/product_brand?post=25031"},{"taxonomy":"product_cat","embeddable":true,"href":"https:\/\/fodurlandid.is\/en\/wp-json\/wp\/v2\/product_cat?post=25031"},{"taxonomy":"product_tag","embeddable":true,"href":"https:\/\/fodurlandid.is\/en\/wp-json\/wp\/v2\/product_tag?post=25031"}],"curies":[{"name":"wp","href":"https:\/\/api.w.org\/{rel}","templated":true}]}}