{"id":25009,"date":"2025-07-27T12:17:52","date_gmt":"2025-07-27T12:17:52","guid":{"rendered":"https:\/\/fodurlandid.is\/?post_type=product&#038;p=25009"},"modified":"2026-02-15T17:46:36","modified_gmt":"2026-02-15T17:46:36","slug":"jr-fb2","status":"publish","type":"product","link":"https:\/\/fodurlandid.is\/en\/product\/jr-fb2\/","title":{"rendered":"\u00der\u00e1\u00f0laus heyrnart\u00f3l me\u00f0 hlj\u00f3\u00f0nema, 35 klst hlustun, BT 5.3 og IP54 vatnsv\u00f6rn"},"content":{"rendered":"<p>Type: half in-ear<br \/>\nColor: black, white\u3001blue<br \/>\nBluetooth chip\uff1aJL-AD6973D4<br \/>\nBT version: V5.3<br \/>\nBT audio decoding: AAC, SBC<br \/>\nSupported protocols: HSP, HFP, A2DP, AVRCP<br \/>\nWorking frequency: 2402-2480KHz<br \/>\nEarbuds battery capacity\uff1a35mAh<br \/>\nCase battery capacity\uff1a400mAh<br \/>\nSpeaker impedance\uff1a32\u03a9<br \/>\nRated power\uff1a2*3mW<br \/>\nSpeaker\uff1a\u03a613mm<br \/>\nMusic time\uff1a7h\uff0870% volume\uff09<br \/>\nTotal playtime\uff1a35h\uff0870% volume\uff09<br \/>\nCalling time\uff1a5h\uff0870% volume\uff09<br \/>\nEarbuds standby time (connected): about 48h<br \/>\nEarbuds charging input\uff1a5V\u2393200mA<br \/>\nCase charging input\uff1a5V\u23931A<br \/>\nCharging input port\uff1aType-C<br \/>\nCycle counts:\uff1aabout 4 times<br \/>\nEarbuds charging time\uff1a\u7ea61.5H<br \/>\nCase charging time\uff1a\u7ea61.5H<br \/>\nWater resistance\uff1aIP54<br \/>\nMaterial\uff1aABS+PC<br \/>\nEarphone weight 3g<br \/>\nNet weight\uff1a37.6g<\/p>\n","protected":false},"excerpt":{"rendered":"<p>\u00der\u00e1\u00f0laus heyrnart\u00f3l me\u00f0 g\u00f3\u00f0um hlj\u00f3mg\u00e6\u00f0um. \u00dea\u00f0 er allt a\u00f0 7 klst hlustun \u00e1 einni hle\u00f0slu og 35 klst me\u00f0 hle\u00f0sluboxi. \u00dea\u00f0 tekur a\u00f0eins 10 m\u00edn a\u00f0 hla\u00f0a heyrnart\u00f3lin fyrir 1 klst hlustun. Heyrnart\u00f3lin tengjast sj\u00e1lfkrafa \u00feegar hle\u00f0sluboxi\u00f0 er opna\u00f0 me\u00f0 Bluetooth 5,3 tengingu. Heyrnart\u00f3lin eru me\u00f0 IP54 vatnsv\u00f6rn (rigning og svita\u00feolin). Heyrnart\u00f3lin draga \u00far umhverfishlj\u00f3\u00f0um og eru uppl\u00f6g\u00f0 til a\u00f0 tala \u00ed s\u00edma, hlusta \u00e1 t\u00f3nlist, horfa \u00e1 kvikmyndir &amp; \u00fe\u00e6tti e\u00f0a spila t\u00f6lvuleiki.<\/p>\n<p>&#8211; Bluetooth 5.3<br \/>\n&#8211; Allt a\u00f0 35 klst (hlustun) rafhl\u00f6\u00f0uending me\u00f0 hle\u00f0sluboxi<br \/>\n&#8211; IP54 vatnsv\u00f6rn (svita\u00feolin \/ rigning)<br \/>\n&#8211; Dregur \u00far umhverfishlj\u00f3\u00f0um (noise reduction)<br \/>\n&#8211; Vottun: CE og ROHS<\/p>\n<p><strong>\u00cd kassanum fylgir:<\/strong><br \/>\n&#8211; 2x heyrnart\u00f3l + hle\u00f0slubox<br \/>\n&#8211; UBS-A \u00ed UBS-C hle\u00f0slusn\u00fara<br \/>\n&#8211; Lei\u00f0beiningar<\/p>\n","protected":false},"featured_media":25012,"template":"","meta":[],"product_brand":[390],"product_cat":[396],"product_tag":[],"class_list":{"0":"post-25009","1":"product","2":"type-product","3":"status-publish","4":"has-post-thumbnail","6":"product_brand-joyroom","7":"product_cat-i-eyru-in-ear","9":"first","10":"instock","11":"taxable","12":"shipping-taxable","13":"product-type-variable"},"yoast_head":"<!-- This site is optimized with the Yoast SEO Premium plugin v21.5 (Yoast SEO v27.3) - https:\/\/yoast.com\/product\/yoast-seo-premium-wordpress\/ -->\n<title>\u00der\u00e1\u00f0laus heyrnart\u00f3l me\u00f0 hlj\u00f3\u00f0nema | 35 klst hlustun | IP54 vatnsv\u00f6rn<\/title>\n<meta name=\"description\" content=\"\u00der\u00e1\u00f0laus heyrnart\u00f3l me\u00f0 g\u00f3\u00f0um hlj\u00f3mg\u00e6\u00f0um. Allt a\u00f0 7 klst hlustun \u00e1 einni hle\u00f0slu &amp; 35 klst me\u00f0 hle\u00f0sluboxi. 10 m\u00edn hle\u00f0sla fyrir 1 klst hlustun.\" \/>\n<meta name=\"robots\" content=\"index, follow, max-snippet:-1, max-image-preview:large, max-video-preview:-1\" \/>\n<link rel=\"canonical\" href=\"https:\/\/fodurlandid.is\/vara\/jr-fb2\/\" \/>\n<meta property=\"og:locale\" content=\"en_US\" \/>\n<meta property=\"og:type\" content=\"article\" \/>\n<meta property=\"og:title\" content=\"\u00der\u00e1\u00f0laus heyrnart\u00f3l me\u00f0 hlj\u00f3\u00f0nema, 35 klst hlustun, BT 5.3 og IP54 vatnsv\u00f6rn\" \/>\n<meta property=\"og:description\" content=\"\u00der\u00e1\u00f0laus heyrnart\u00f3l me\u00f0 g\u00f3\u00f0um hlj\u00f3mg\u00e6\u00f0um. Allt a\u00f0 7 klst hlustun \u00e1 einni hle\u00f0slu &amp; 35 klst me\u00f0 hle\u00f0sluboxi. 10 m\u00edn hle\u00f0sla fyrir 1 klst hlustun.\" \/>\n<meta property=\"og:url\" content=\"https:\/\/fodurlandid.is\/vara\/jr-fb2\/\" \/>\n<meta property=\"og:site_name\" content=\"F&ouml;&eth;urlandi&eth; heildsala\" \/>\n<meta property=\"article:modified_time\" content=\"2026-02-15T17:46:36+00:00\" \/>\n<meta property=\"og:image\" content=\"https:\/\/fodurlandid.is\/wp-content\/uploads\/2025\/07\/JR-FB2.jpg\" \/>\n\t<meta property=\"og:image:width\" content=\"600\" \/>\n\t<meta property=\"og:image:height\" content=\"600\" \/>\n\t<meta property=\"og:image:type\" content=\"image\/jpeg\" \/>\n<meta name=\"twitter:card\" content=\"summary_large_image\" \/>\n<meta name=\"twitter:label1\" content=\"Est. reading time\" \/>\n\t<meta name=\"twitter:data1\" content=\"1 minute\" \/>\n<script type=\"application\/ld+json\" class=\"yoast-schema-graph\">{\"@context\":\"https:\\\/\\\/schema.org\",\"@graph\":[{\"@type\":\"WebPage\",\"@id\":\"https:\\\/\\\/fodurlandid.is\\\/vara\\\/jr-fb2\\\/\",\"url\":\"https:\\\/\\\/fodurlandid.is\\\/vara\\\/jr-fb2\\\/\",\"name\":\"\u00der\u00e1\u00f0laus heyrnart\u00f3l me\u00f0 hlj\u00f3\u00f0nema | 35 klst hlustun | IP54 vatnsv\u00f6rn\",\"isPartOf\":{\"@id\":\"https:\\\/\\\/fodurlandid.is\\\/#website\"},\"primaryImageOfPage\":{\"@id\":\"https:\\\/\\\/fodurlandid.is\\\/vara\\\/jr-fb2\\\/#primaryimage\"},\"image\":{\"@id\":\"https:\\\/\\\/fodurlandid.is\\\/vara\\\/jr-fb2\\\/#primaryimage\"},\"thumbnailUrl\":\"https:\\\/\\\/fodurlandid.is\\\/wp-content\\\/uploads\\\/2025\\\/07\\\/JR-FB2.jpg\",\"datePublished\":\"2025-07-27T12:17:52+00:00\",\"dateModified\":\"2026-02-15T17:46:36+00:00\",\"description\":\"\u00der\u00e1\u00f0laus heyrnart\u00f3l me\u00f0 g\u00f3\u00f0um hlj\u00f3mg\u00e6\u00f0um. Allt a\u00f0 7 klst hlustun \u00e1 einni hle\u00f0slu & 35 klst me\u00f0 hle\u00f0sluboxi. 10 m\u00edn hle\u00f0sla fyrir 1 klst hlustun.\",\"breadcrumb\":{\"@id\":\"https:\\\/\\\/fodurlandid.is\\\/vara\\\/jr-fb2\\\/#breadcrumb\"},\"inLanguage\":\"en-US\",\"potentialAction\":[{\"@type\":\"ReadAction\",\"target\":[\"https:\\\/\\\/fodurlandid.is\\\/vara\\\/jr-fb2\\\/\"]}]},{\"@type\":\"ImageObject\",\"inLanguage\":\"en-US\",\"@id\":\"https:\\\/\\\/fodurlandid.is\\\/vara\\\/jr-fb2\\\/#primaryimage\",\"url\":\"https:\\\/\\\/fodurlandid.is\\\/wp-content\\\/uploads\\\/2025\\\/07\\\/JR-FB2.jpg\",\"contentUrl\":\"https:\\\/\\\/fodurlandid.is\\\/wp-content\\\/uploads\\\/2025\\\/07\\\/JR-FB2.jpg\",\"width\":600,\"height\":600},{\"@type\":\"BreadcrumbList\",\"@id\":\"https:\\\/\\\/fodurlandid.is\\\/vara\\\/jr-fb2\\\/#breadcrumb\",\"itemListElement\":[{\"@type\":\"ListItem\",\"position\":1,\"name\":\"Home\",\"item\":\"https:\\\/\\\/fodurlandid.is\\\/\"},{\"@type\":\"ListItem\",\"position\":2,\"name\":\"Shop\",\"item\":\"https:\\\/\\\/www.vorulagerinn.is\\\/heildsala\\\/en\\\/shop\\\/\"},{\"@type\":\"ListItem\",\"position\":3,\"name\":\"\u00der\u00e1\u00f0laus heyrnart\u00f3l me\u00f0 hlj\u00f3\u00f0nema, 35 klst hlustun, BT 5.3 og IP54 vatnsv\u00f6rn\"}]},{\"@type\":\"WebSite\",\"@id\":\"https:\\\/\\\/fodurlandid.is\\\/#website\",\"url\":\"https:\\\/\\\/fodurlandid.is\\\/\",\"name\":\"F\u00f6\u00f0urlandi\u00f0 ehf, heildsala\",\"description\":\"Innflutnings, umbo&eth;s- og dreifingara&eth;ili\",\"publisher\":{\"@id\":\"https:\\\/\\\/fodurlandid.is\\\/#organization\"},\"alternateName\":\"Innflutnings, umbo\u00f0s- og dreifingara\u00f0ili\",\"potentialAction\":[{\"@type\":\"SearchAction\",\"target\":{\"@type\":\"EntryPoint\",\"urlTemplate\":\"https:\\\/\\\/fodurlandid.is\\\/?s={search_term_string}\"},\"query-input\":{\"@type\":\"PropertyValueSpecification\",\"valueRequired\":true,\"valueName\":\"search_term_string\"}}],\"inLanguage\":\"en-US\"},{\"@type\":\"Organization\",\"@id\":\"https:\\\/\\\/fodurlandid.is\\\/#organization\",\"name\":\"Innflutnings, umbo\u00f0s- og dreifingara\u00f0ili\",\"url\":\"https:\\\/\\\/fodurlandid.is\\\/\",\"logo\":{\"@type\":\"ImageObject\",\"inLanguage\":\"en-US\",\"@id\":\"https:\\\/\\\/fodurlandid.is\\\/#\\\/schema\\\/logo\\\/image\\\/\",\"url\":\"https:\\\/\\\/fodurlandid.is\\\/wp-content\\\/uploads\\\/2024\\\/05\\\/Fodurlandid.png\",\"contentUrl\":\"https:\\\/\\\/fodurlandid.is\\\/wp-content\\\/uploads\\\/2024\\\/05\\\/Fodurlandid.png\",\"width\":400,\"height\":293,\"caption\":\"Innflutnings, umbo\u00f0s- og dreifingara\u00f0ili\"},\"image\":{\"@id\":\"https:\\\/\\\/fodurlandid.is\\\/#\\\/schema\\\/logo\\\/image\\\/\"}}]}<\/script>\n<!-- \/ Yoast SEO Premium plugin. -->","yoast_head_json":{"title":"\u00der\u00e1\u00f0laus heyrnart\u00f3l me\u00f0 hlj\u00f3\u00f0nema | 35 klst hlustun | IP54 vatnsv\u00f6rn","description":"\u00der\u00e1\u00f0laus heyrnart\u00f3l me\u00f0 g\u00f3\u00f0um hlj\u00f3mg\u00e6\u00f0um. Allt a\u00f0 7 klst hlustun \u00e1 einni hle\u00f0slu & 35 klst me\u00f0 hle\u00f0sluboxi. 10 m\u00edn hle\u00f0sla fyrir 1 klst hlustun.","robots":{"index":"index","follow":"follow","max-snippet":"max-snippet:-1","max-image-preview":"max-image-preview:large","max-video-preview":"max-video-preview:-1"},"canonical":"https:\/\/fodurlandid.is\/vara\/jr-fb2\/","og_locale":"en_US","og_type":"article","og_title":"\u00der\u00e1\u00f0laus heyrnart\u00f3l me\u00f0 hlj\u00f3\u00f0nema, 35 klst hlustun, BT 5.3 og IP54 vatnsv\u00f6rn","og_description":"\u00der\u00e1\u00f0laus heyrnart\u00f3l me\u00f0 g\u00f3\u00f0um hlj\u00f3mg\u00e6\u00f0um. Allt a\u00f0 7 klst hlustun \u00e1 einni hle\u00f0slu & 35 klst me\u00f0 hle\u00f0sluboxi. 10 m\u00edn hle\u00f0sla fyrir 1 klst hlustun.","og_url":"https:\/\/fodurlandid.is\/vara\/jr-fb2\/","og_site_name":"F&ouml;&eth;urlandi&eth; heildsala","article_modified_time":"2026-02-15T17:46:36+00:00","og_image":[{"width":600,"height":600,"url":"https:\/\/fodurlandid.is\/wp-content\/uploads\/2025\/07\/JR-FB2.jpg","type":"image\/jpeg"}],"twitter_card":"summary_large_image","twitter_misc":{"Est. reading time":"1 minute"},"schema":{"@context":"https:\/\/schema.org","@graph":[{"@type":"WebPage","@id":"https:\/\/fodurlandid.is\/vara\/jr-fb2\/","url":"https:\/\/fodurlandid.is\/vara\/jr-fb2\/","name":"\u00der\u00e1\u00f0laus heyrnart\u00f3l me\u00f0 hlj\u00f3\u00f0nema | 35 klst hlustun | IP54 vatnsv\u00f6rn","isPartOf":{"@id":"https:\/\/fodurlandid.is\/#website"},"primaryImageOfPage":{"@id":"https:\/\/fodurlandid.is\/vara\/jr-fb2\/#primaryimage"},"image":{"@id":"https:\/\/fodurlandid.is\/vara\/jr-fb2\/#primaryimage"},"thumbnailUrl":"https:\/\/fodurlandid.is\/wp-content\/uploads\/2025\/07\/JR-FB2.jpg","datePublished":"2025-07-27T12:17:52+00:00","dateModified":"2026-02-15T17:46:36+00:00","description":"\u00der\u00e1\u00f0laus heyrnart\u00f3l me\u00f0 g\u00f3\u00f0um hlj\u00f3mg\u00e6\u00f0um. Allt a\u00f0 7 klst hlustun \u00e1 einni hle\u00f0slu & 35 klst me\u00f0 hle\u00f0sluboxi. 10 m\u00edn hle\u00f0sla fyrir 1 klst hlustun.","breadcrumb":{"@id":"https:\/\/fodurlandid.is\/vara\/jr-fb2\/#breadcrumb"},"inLanguage":"en-US","potentialAction":[{"@type":"ReadAction","target":["https:\/\/fodurlandid.is\/vara\/jr-fb2\/"]}]},{"@type":"ImageObject","inLanguage":"en-US","@id":"https:\/\/fodurlandid.is\/vara\/jr-fb2\/#primaryimage","url":"https:\/\/fodurlandid.is\/wp-content\/uploads\/2025\/07\/JR-FB2.jpg","contentUrl":"https:\/\/fodurlandid.is\/wp-content\/uploads\/2025\/07\/JR-FB2.jpg","width":600,"height":600},{"@type":"BreadcrumbList","@id":"https:\/\/fodurlandid.is\/vara\/jr-fb2\/#breadcrumb","itemListElement":[{"@type":"ListItem","position":1,"name":"Home","item":"https:\/\/fodurlandid.is\/"},{"@type":"ListItem","position":2,"name":"Shop","item":"https:\/\/www.vorulagerinn.is\/heildsala\/en\/shop\/"},{"@type":"ListItem","position":3,"name":"\u00der\u00e1\u00f0laus heyrnart\u00f3l me\u00f0 hlj\u00f3\u00f0nema, 35 klst hlustun, BT 5.3 og IP54 vatnsv\u00f6rn"}]},{"@type":"WebSite","@id":"https:\/\/fodurlandid.is\/#website","url":"https:\/\/fodurlandid.is\/","name":"F\u00f6\u00f0urlandi\u00f0 ehf, heildsala","description":"Innflutnings, umbo&eth;s- og dreifingara&eth;ili","publisher":{"@id":"https:\/\/fodurlandid.is\/#organization"},"alternateName":"Innflutnings, umbo\u00f0s- og dreifingara\u00f0ili","potentialAction":[{"@type":"SearchAction","target":{"@type":"EntryPoint","urlTemplate":"https:\/\/fodurlandid.is\/?s={search_term_string}"},"query-input":{"@type":"PropertyValueSpecification","valueRequired":true,"valueName":"search_term_string"}}],"inLanguage":"en-US"},{"@type":"Organization","@id":"https:\/\/fodurlandid.is\/#organization","name":"Innflutnings, umbo\u00f0s- og dreifingara\u00f0ili","url":"https:\/\/fodurlandid.is\/","logo":{"@type":"ImageObject","inLanguage":"en-US","@id":"https:\/\/fodurlandid.is\/#\/schema\/logo\/image\/","url":"https:\/\/fodurlandid.is\/wp-content\/uploads\/2024\/05\/Fodurlandid.png","contentUrl":"https:\/\/fodurlandid.is\/wp-content\/uploads\/2024\/05\/Fodurlandid.png","width":400,"height":293,"caption":"Innflutnings, umbo\u00f0s- og dreifingara\u00f0ili"},"image":{"@id":"https:\/\/fodurlandid.is\/#\/schema\/logo\/image\/"}}]}},"_links":{"self":[{"href":"https:\/\/fodurlandid.is\/en\/wp-json\/wp\/v2\/product\/25009","targetHints":{"allow":["GET"]}}],"collection":[{"href":"https:\/\/fodurlandid.is\/en\/wp-json\/wp\/v2\/product"}],"about":[{"href":"https:\/\/fodurlandid.is\/en\/wp-json\/wp\/v2\/types\/product"}],"wp:featuredmedia":[{"embeddable":true,"href":"https:\/\/fodurlandid.is\/en\/wp-json\/wp\/v2\/media\/25012"}],"wp:attachment":[{"href":"https:\/\/fodurlandid.is\/en\/wp-json\/wp\/v2\/media?parent=25009"}],"wp:term":[{"taxonomy":"product_brand","embeddable":true,"href":"https:\/\/fodurlandid.is\/en\/wp-json\/wp\/v2\/product_brand?post=25009"},{"taxonomy":"product_cat","embeddable":true,"href":"https:\/\/fodurlandid.is\/en\/wp-json\/wp\/v2\/product_cat?post=25009"},{"taxonomy":"product_tag","embeddable":true,"href":"https:\/\/fodurlandid.is\/en\/wp-json\/wp\/v2\/product_tag?post=25009"}],"curies":[{"name":"wp","href":"https:\/\/api.w.org\/{rel}","templated":true}]}}