{"id":24976,"date":"2025-07-27T11:32:29","date_gmt":"2025-07-27T11:32:29","guid":{"rendered":"https:\/\/fodurlandid.is\/?post_type=product&#038;p=24976"},"modified":"2026-02-15T17:47:37","modified_gmt":"2026-02-15T17:47:37","slug":"jr-fn2","status":"publish","type":"product","link":"https:\/\/fodurlandid.is\/en\/product\/jr-fn2\/","title":{"rendered":"\u00der\u00e1\u00f0laus heyrnart\u00f3l me\u00f0 42 klst hlustun, noise cancelling, BT 5.4 og IPX4 vatnsv\u00f6rn"},"content":{"rendered":"<p>Paired name\uff1a Joyroom Funpods FN2<br \/>\nWearing style\uff1ain ear<br \/>\nColor\uff1aBlack\u3001White<br \/>\nChip\uff1aJL7006F8<br \/>\nBT version: V5.4<br \/>\nAudio decoding: AAC, SBC<br \/>\nSupported protocols: HFP, A2DP, AVRCP<br \/>\nWorking frequency: 2402MHz-2480MHz<br \/>\nFrequency response range: 20Hz-20KHz<br \/>\nEarphone Battery capacity: 35mAh<br \/>\nCase Battery capacity: 500mAh<br \/>\nSpeaker: \u03c610mm<br \/>\nMusic time\uff08ANC off\uff09: about 7h (70% volume)<br \/>\nMusic time\uff08ANC on\uff09: about 5h (70% volume)<br \/>\nCalling time: about 5h (70% volume)<br \/>\nStandby time (connected): about48h<br \/>\nEarphone Power input: 5V\u2393200mA<br \/>\nCase Power input: 5V\u23931A<br \/>\ncharging port: Type-C<br \/>\nCycle counts: about 5 times<br \/>\nEarphone Charging time: about 0.5h<br \/>\nCase Charging time: about 1.5h<br \/>\nwaterproof\uff1aIP54<br \/>\nMaterial: ABS+PC<br \/>\nEarphone weight:3g;<br \/>\nCase weight:39g;<\/p>\n","protected":false},"excerpt":{"rendered":"<p>\u00der\u00e1\u00f0laus heyrnart\u00f3l me\u00f0 fr\u00e1b\u00e6rum hlj\u00f3mg\u00e6\u00f0um, Bluetooth 5.4, h\u00e1va\u00f0adeyfingu (noise cancelling) og allt a\u00f0 7 klst \u00e1 einni hle\u00f0slu og 42 klst hlustun me\u00f0 hle\u00f0sluboxi.\u00dea\u00f0 tekur a\u00f0eins 10 m\u00edn a\u00f0 hla\u00f0a heyrnart\u00f3lin fyrir 2,5 klst hlustun. Bluetooth 5.4 tengingin veitir sterkari sendingu og minna tap \u00e1 hlj\u00f3mg\u00e6\u00f0um. Heyrnart\u00f3lin tengjast sj\u00e1lfkrafa \u00feegar hle\u00f0sluboxi\u00f0 er opna\u00f0. Heyrnart\u00f3lin er me\u00f0 IPX4 vatnsv\u00f6rn (l\u00e9tt rigning og svita\u00feolin) og \u00fev\u00ed upplagt a\u00f0 taka me\u00f0 \u00ed r\u00e6ktina e\u00f0a g\u00f6ngut\u00farinn.<\/p>\n<p>\u00dea\u00f0 er h\u00e6gt a\u00f0 stilla \u00e1 transparency mode sem gerir notanda kleift a\u00f0 heyra sk\u00fdrt \u00ed umhverfinu og vi\u00f0m\u00e6landa \u00e1n \u00feess a\u00f0 taka heyrnart\u00f3lin \u00far eyranu. \u00de\u00e1 er h\u00e6gt a\u00f0 velja \u00e1 milli classic mode e\u00f0a Bass boost \u00feegar hlusta\u00f0 er \u00e1 t\u00f3nlist, hlj\u00f3\u00f0b\u00f3k, horft \u00e1 kvikmyndir e\u00f0a spila\u00f0 t\u00f6lvuleiki.<\/p>\n<p>\u2013 ANC hlj\u00f3\u00f0einangrun (noise cancelling)<br \/>\n\u2013 Bluetooth 5.4<br \/>\n\u2013 Allt a\u00f0 42 klst (hlustun) rafhl\u00f6\u00f0uending me\u00f0 hle\u00f0sluboxi<br \/>\n\u2013 IPX4 vatnsv\u00f6rn<br \/>\n\u2013 Vottun: CE &amp; ROHS<\/p>\n","protected":false},"featured_media":24982,"template":"","meta":[],"product_brand":[390],"product_cat":[396],"product_tag":[],"class_list":{"0":"post-24976","1":"product","2":"type-product","3":"status-publish","4":"has-post-thumbnail","6":"product_brand-joyroom","7":"product_cat-i-eyru-in-ear","9":"first","10":"instock","11":"taxable","12":"shipping-taxable","13":"product-type-variable"},"yoast_head":"<!-- This site is optimized with the Yoast SEO Premium plugin v21.5 (Yoast SEO v27.3) - https:\/\/yoast.com\/product\/yoast-seo-premium-wordpress\/ -->\n<title>\u00der\u00e1\u00f0laus heyrnart\u00f3l | 42 klst hlustun | Noise cancelling | BT 5.4<\/title>\n<meta name=\"description\" content=\"Fr\u00e1b\u00e6r hlj\u00f3mg\u00e6\u00f0i &amp; h\u00e1va\u00f0adeyfing (noise cancelling). Allt a\u00f0 7 klst hlustun \u00e1 einni hle\u00f0slu &amp; 42 klst hlustun me\u00f0 hle\u00f0sluboxi. Bluetooth 5.4 &amp; IPX4 vatnsv\u00f6rn\" \/>\n<meta name=\"robots\" content=\"index, follow, max-snippet:-1, max-image-preview:large, max-video-preview:-1\" \/>\n<link rel=\"canonical\" href=\"https:\/\/fodurlandid.is\/vara\/jr-fn2\/\" \/>\n<meta property=\"og:locale\" content=\"en_US\" \/>\n<meta property=\"og:type\" content=\"article\" \/>\n<meta property=\"og:title\" content=\"\u00der\u00e1\u00f0laus heyrnart\u00f3l me\u00f0 42 klst hlustun, noise cancelling, BT 5.4 og IPX4 vatnsv\u00f6rn\" \/>\n<meta property=\"og:description\" content=\"Fr\u00e1b\u00e6r hlj\u00f3mg\u00e6\u00f0i &amp; h\u00e1va\u00f0adeyfing (noise cancelling). Allt a\u00f0 7 klst hlustun \u00e1 einni hle\u00f0slu &amp; 42 klst hlustun me\u00f0 hle\u00f0sluboxi. Bluetooth 5.4 &amp; IPX4 vatnsv\u00f6rn\" \/>\n<meta property=\"og:url\" content=\"https:\/\/fodurlandid.is\/vara\/jr-fn2\/\" \/>\n<meta property=\"og:site_name\" content=\"F&ouml;&eth;urlandi&eth; heildsala\" \/>\n<meta property=\"article:modified_time\" content=\"2026-02-15T17:47:37+00:00\" \/>\n<meta property=\"og:image\" content=\"https:\/\/fodurlandid.is\/wp-content\/uploads\/2025\/07\/JR-FN2.jpg\" \/>\n\t<meta property=\"og:image:width\" content=\"600\" \/>\n\t<meta property=\"og:image:height\" content=\"600\" \/>\n\t<meta property=\"og:image:type\" content=\"image\/jpeg\" \/>\n<meta name=\"twitter:card\" content=\"summary_large_image\" \/>\n<meta name=\"twitter:label1\" content=\"Est. reading time\" \/>\n\t<meta name=\"twitter:data1\" content=\"1 minute\" \/>\n<script type=\"application\/ld+json\" class=\"yoast-schema-graph\">{\"@context\":\"https:\\\/\\\/schema.org\",\"@graph\":[{\"@type\":\"WebPage\",\"@id\":\"https:\\\/\\\/fodurlandid.is\\\/vara\\\/jr-fn2\\\/\",\"url\":\"https:\\\/\\\/fodurlandid.is\\\/vara\\\/jr-fn2\\\/\",\"name\":\"\u00der\u00e1\u00f0laus heyrnart\u00f3l | 42 klst hlustun | Noise cancelling | BT 5.4\",\"isPartOf\":{\"@id\":\"https:\\\/\\\/fodurlandid.is\\\/#website\"},\"primaryImageOfPage\":{\"@id\":\"https:\\\/\\\/fodurlandid.is\\\/vara\\\/jr-fn2\\\/#primaryimage\"},\"image\":{\"@id\":\"https:\\\/\\\/fodurlandid.is\\\/vara\\\/jr-fn2\\\/#primaryimage\"},\"thumbnailUrl\":\"https:\\\/\\\/fodurlandid.is\\\/wp-content\\\/uploads\\\/2025\\\/07\\\/JR-FN2.jpg\",\"datePublished\":\"2025-07-27T11:32:29+00:00\",\"dateModified\":\"2026-02-15T17:47:37+00:00\",\"description\":\"Fr\u00e1b\u00e6r hlj\u00f3mg\u00e6\u00f0i & h\u00e1va\u00f0adeyfing (noise cancelling). Allt a\u00f0 7 klst hlustun \u00e1 einni hle\u00f0slu & 42 klst hlustun me\u00f0 hle\u00f0sluboxi. Bluetooth 5.4 & IPX4 vatnsv\u00f6rn\",\"breadcrumb\":{\"@id\":\"https:\\\/\\\/fodurlandid.is\\\/vara\\\/jr-fn2\\\/#breadcrumb\"},\"inLanguage\":\"en-US\",\"potentialAction\":[{\"@type\":\"ReadAction\",\"target\":[\"https:\\\/\\\/fodurlandid.is\\\/vara\\\/jr-fn2\\\/\"]}]},{\"@type\":\"ImageObject\",\"inLanguage\":\"en-US\",\"@id\":\"https:\\\/\\\/fodurlandid.is\\\/vara\\\/jr-fn2\\\/#primaryimage\",\"url\":\"https:\\\/\\\/fodurlandid.is\\\/wp-content\\\/uploads\\\/2025\\\/07\\\/JR-FN2.jpg\",\"contentUrl\":\"https:\\\/\\\/fodurlandid.is\\\/wp-content\\\/uploads\\\/2025\\\/07\\\/JR-FN2.jpg\",\"width\":600,\"height\":600},{\"@type\":\"BreadcrumbList\",\"@id\":\"https:\\\/\\\/fodurlandid.is\\\/vara\\\/jr-fn2\\\/#breadcrumb\",\"itemListElement\":[{\"@type\":\"ListItem\",\"position\":1,\"name\":\"Home\",\"item\":\"https:\\\/\\\/fodurlandid.is\\\/\"},{\"@type\":\"ListItem\",\"position\":2,\"name\":\"Shop\",\"item\":\"https:\\\/\\\/www.vorulagerinn.is\\\/heildsala\\\/en\\\/shop\\\/\"},{\"@type\":\"ListItem\",\"position\":3,\"name\":\"\u00der\u00e1\u00f0laus heyrnart\u00f3l me\u00f0 42 klst hlustun, noise cancelling, BT 5.4 og IPX4 vatnsv\u00f6rn\"}]},{\"@type\":\"WebSite\",\"@id\":\"https:\\\/\\\/fodurlandid.is\\\/#website\",\"url\":\"https:\\\/\\\/fodurlandid.is\\\/\",\"name\":\"F\u00f6\u00f0urlandi\u00f0 ehf, heildsala\",\"description\":\"Innflutnings, umbo&eth;s- og dreifingara&eth;ili\",\"publisher\":{\"@id\":\"https:\\\/\\\/fodurlandid.is\\\/#organization\"},\"alternateName\":\"Innflutnings, umbo\u00f0s- og dreifingara\u00f0ili\",\"potentialAction\":[{\"@type\":\"SearchAction\",\"target\":{\"@type\":\"EntryPoint\",\"urlTemplate\":\"https:\\\/\\\/fodurlandid.is\\\/?s={search_term_string}\"},\"query-input\":{\"@type\":\"PropertyValueSpecification\",\"valueRequired\":true,\"valueName\":\"search_term_string\"}}],\"inLanguage\":\"en-US\"},{\"@type\":\"Organization\",\"@id\":\"https:\\\/\\\/fodurlandid.is\\\/#organization\",\"name\":\"Innflutnings, umbo\u00f0s- og dreifingara\u00f0ili\",\"url\":\"https:\\\/\\\/fodurlandid.is\\\/\",\"logo\":{\"@type\":\"ImageObject\",\"inLanguage\":\"en-US\",\"@id\":\"https:\\\/\\\/fodurlandid.is\\\/#\\\/schema\\\/logo\\\/image\\\/\",\"url\":\"https:\\\/\\\/fodurlandid.is\\\/wp-content\\\/uploads\\\/2024\\\/05\\\/Fodurlandid.png\",\"contentUrl\":\"https:\\\/\\\/fodurlandid.is\\\/wp-content\\\/uploads\\\/2024\\\/05\\\/Fodurlandid.png\",\"width\":400,\"height\":293,\"caption\":\"Innflutnings, umbo\u00f0s- og dreifingara\u00f0ili\"},\"image\":{\"@id\":\"https:\\\/\\\/fodurlandid.is\\\/#\\\/schema\\\/logo\\\/image\\\/\"}}]}<\/script>\n<!-- \/ Yoast SEO Premium plugin. -->","yoast_head_json":{"title":"\u00der\u00e1\u00f0laus heyrnart\u00f3l | 42 klst hlustun | Noise cancelling | BT 5.4","description":"Fr\u00e1b\u00e6r hlj\u00f3mg\u00e6\u00f0i & h\u00e1va\u00f0adeyfing (noise cancelling). Allt a\u00f0 7 klst hlustun \u00e1 einni hle\u00f0slu & 42 klst hlustun me\u00f0 hle\u00f0sluboxi. Bluetooth 5.4 & IPX4 vatnsv\u00f6rn","robots":{"index":"index","follow":"follow","max-snippet":"max-snippet:-1","max-image-preview":"max-image-preview:large","max-video-preview":"max-video-preview:-1"},"canonical":"https:\/\/fodurlandid.is\/vara\/jr-fn2\/","og_locale":"en_US","og_type":"article","og_title":"\u00der\u00e1\u00f0laus heyrnart\u00f3l me\u00f0 42 klst hlustun, noise cancelling, BT 5.4 og IPX4 vatnsv\u00f6rn","og_description":"Fr\u00e1b\u00e6r hlj\u00f3mg\u00e6\u00f0i & h\u00e1va\u00f0adeyfing (noise cancelling). Allt a\u00f0 7 klst hlustun \u00e1 einni hle\u00f0slu & 42 klst hlustun me\u00f0 hle\u00f0sluboxi. Bluetooth 5.4 & IPX4 vatnsv\u00f6rn","og_url":"https:\/\/fodurlandid.is\/vara\/jr-fn2\/","og_site_name":"F&ouml;&eth;urlandi&eth; heildsala","article_modified_time":"2026-02-15T17:47:37+00:00","og_image":[{"width":600,"height":600,"url":"https:\/\/fodurlandid.is\/wp-content\/uploads\/2025\/07\/JR-FN2.jpg","type":"image\/jpeg"}],"twitter_card":"summary_large_image","twitter_misc":{"Est. reading time":"1 minute"},"schema":{"@context":"https:\/\/schema.org","@graph":[{"@type":"WebPage","@id":"https:\/\/fodurlandid.is\/vara\/jr-fn2\/","url":"https:\/\/fodurlandid.is\/vara\/jr-fn2\/","name":"\u00der\u00e1\u00f0laus heyrnart\u00f3l | 42 klst hlustun | Noise cancelling | BT 5.4","isPartOf":{"@id":"https:\/\/fodurlandid.is\/#website"},"primaryImageOfPage":{"@id":"https:\/\/fodurlandid.is\/vara\/jr-fn2\/#primaryimage"},"image":{"@id":"https:\/\/fodurlandid.is\/vara\/jr-fn2\/#primaryimage"},"thumbnailUrl":"https:\/\/fodurlandid.is\/wp-content\/uploads\/2025\/07\/JR-FN2.jpg","datePublished":"2025-07-27T11:32:29+00:00","dateModified":"2026-02-15T17:47:37+00:00","description":"Fr\u00e1b\u00e6r hlj\u00f3mg\u00e6\u00f0i & h\u00e1va\u00f0adeyfing (noise cancelling). Allt a\u00f0 7 klst hlustun \u00e1 einni hle\u00f0slu & 42 klst hlustun me\u00f0 hle\u00f0sluboxi. Bluetooth 5.4 & IPX4 vatnsv\u00f6rn","breadcrumb":{"@id":"https:\/\/fodurlandid.is\/vara\/jr-fn2\/#breadcrumb"},"inLanguage":"en-US","potentialAction":[{"@type":"ReadAction","target":["https:\/\/fodurlandid.is\/vara\/jr-fn2\/"]}]},{"@type":"ImageObject","inLanguage":"en-US","@id":"https:\/\/fodurlandid.is\/vara\/jr-fn2\/#primaryimage","url":"https:\/\/fodurlandid.is\/wp-content\/uploads\/2025\/07\/JR-FN2.jpg","contentUrl":"https:\/\/fodurlandid.is\/wp-content\/uploads\/2025\/07\/JR-FN2.jpg","width":600,"height":600},{"@type":"BreadcrumbList","@id":"https:\/\/fodurlandid.is\/vara\/jr-fn2\/#breadcrumb","itemListElement":[{"@type":"ListItem","position":1,"name":"Home","item":"https:\/\/fodurlandid.is\/"},{"@type":"ListItem","position":2,"name":"Shop","item":"https:\/\/www.vorulagerinn.is\/heildsala\/en\/shop\/"},{"@type":"ListItem","position":3,"name":"\u00der\u00e1\u00f0laus heyrnart\u00f3l me\u00f0 42 klst hlustun, noise cancelling, BT 5.4 og IPX4 vatnsv\u00f6rn"}]},{"@type":"WebSite","@id":"https:\/\/fodurlandid.is\/#website","url":"https:\/\/fodurlandid.is\/","name":"F\u00f6\u00f0urlandi\u00f0 ehf, heildsala","description":"Innflutnings, umbo&eth;s- og dreifingara&eth;ili","publisher":{"@id":"https:\/\/fodurlandid.is\/#organization"},"alternateName":"Innflutnings, umbo\u00f0s- og dreifingara\u00f0ili","potentialAction":[{"@type":"SearchAction","target":{"@type":"EntryPoint","urlTemplate":"https:\/\/fodurlandid.is\/?s={search_term_string}"},"query-input":{"@type":"PropertyValueSpecification","valueRequired":true,"valueName":"search_term_string"}}],"inLanguage":"en-US"},{"@type":"Organization","@id":"https:\/\/fodurlandid.is\/#organization","name":"Innflutnings, umbo\u00f0s- og dreifingara\u00f0ili","url":"https:\/\/fodurlandid.is\/","logo":{"@type":"ImageObject","inLanguage":"en-US","@id":"https:\/\/fodurlandid.is\/#\/schema\/logo\/image\/","url":"https:\/\/fodurlandid.is\/wp-content\/uploads\/2024\/05\/Fodurlandid.png","contentUrl":"https:\/\/fodurlandid.is\/wp-content\/uploads\/2024\/05\/Fodurlandid.png","width":400,"height":293,"caption":"Innflutnings, umbo\u00f0s- og dreifingara\u00f0ili"},"image":{"@id":"https:\/\/fodurlandid.is\/#\/schema\/logo\/image\/"}}]}},"_links":{"self":[{"href":"https:\/\/fodurlandid.is\/en\/wp-json\/wp\/v2\/product\/24976","targetHints":{"allow":["GET"]}}],"collection":[{"href":"https:\/\/fodurlandid.is\/en\/wp-json\/wp\/v2\/product"}],"about":[{"href":"https:\/\/fodurlandid.is\/en\/wp-json\/wp\/v2\/types\/product"}],"wp:featuredmedia":[{"embeddable":true,"href":"https:\/\/fodurlandid.is\/en\/wp-json\/wp\/v2\/media\/24982"}],"wp:attachment":[{"href":"https:\/\/fodurlandid.is\/en\/wp-json\/wp\/v2\/media?parent=24976"}],"wp:term":[{"taxonomy":"product_brand","embeddable":true,"href":"https:\/\/fodurlandid.is\/en\/wp-json\/wp\/v2\/product_brand?post=24976"},{"taxonomy":"product_cat","embeddable":true,"href":"https:\/\/fodurlandid.is\/en\/wp-json\/wp\/v2\/product_cat?post=24976"},{"taxonomy":"product_tag","embeddable":true,"href":"https:\/\/fodurlandid.is\/en\/wp-json\/wp\/v2\/product_tag?post=24976"}],"curies":[{"name":"wp","href":"https:\/\/api.w.org\/{rel}","templated":true}]}}