{"id":24917,"date":"2025-07-26T10:53:08","date_gmt":"2025-07-26T10:53:08","guid":{"rendered":"https:\/\/fodurlandid.is\/?post_type=product&#038;p=24917"},"modified":"2025-09-20T08:58:43","modified_gmt":"2025-09-20T08:58:43","slug":"jr-jh1","status":"publish","type":"product","link":"https:\/\/fodurlandid.is\/en\/product\/jr-jh1\/","title":{"rendered":"\u00d6flug \u00fer\u00e1\u00f0laus heyrnart\u00f3l yfir eyru me\u00f0 allt a\u00f0 120 klst spilun, Noice cancellation (ANC), Bt 5,4"},"content":{"rendered":"","protected":false},"excerpt":{"rendered":"<p>\u00d6flug \u00fer\u00e1\u00f0laus heyrnart\u00f3l me\u00f0 hlj\u00f3\u00f0nema, Bluetooth 5,4 (n\u00fdjasta \u00fatg\u00e1fan), allt a\u00f0 120 klst spilun og virka ANC hlj\u00f3\u00f0einangrun (noice cancelling). Heyrnart\u00f3lin eru me\u00f0 memory foam p\u00fa\u00f0a fyrir aukin \u00fe\u00e6gingi. Fullkomin ANC \u00fer\u00e1\u00f0laus heyrnart\u00f3l fyrir langa hlustun, t\u00f6lvuleiki, t\u00f3nlist og \u00feegar horft er \u00e1 sj\u00f3nvarp.<\/p>\n<p>\u2013 Litur: Svartur<br \/>\n\u2013 \u00deyngd: 234g<br \/>\n\u2013 St\u00e6r\u00f0: 19,6 x 18,3 x 8 cm<br \/>\n\u2013 Bluetooth: 5,4 (n\u00fdjasta \u00fatg\u00e1fan)<br \/>\n\u2013 Spilun: Allt a\u00f0 120 klst<br \/>\n\u2013 Hle\u00f0sla: 1,5 \u2013 2 klst<br \/>\n\u2013 Hlj\u00f3\u00f0einangur: ANC (noice cancelling)<br \/>\n\u2013 Vottun: CE &amp; RHOS<\/p>\n<p>Innihald:<br \/>\n\u2013 \u00der\u00e1\u00f0laus heyrnart\u00f3l<br \/>\n\u2013 Vasi til a\u00f0 geyma heyrnart\u00f3lin<br \/>\n\u2013 Sn\u00farur: USB-C \u00ed USB-A &amp; Jack \u00ed Jack<br \/>\n\u2013 Lei\u00f0beiningar<\/p>\n","protected":false},"featured_media":24923,"template":"","meta":[],"product_brand":[390],"product_cat":[397],"product_tag":[],"class_list":{"0":"post-24917","1":"product","2":"type-product","3":"status-publish","4":"has-post-thumbnail","6":"product_brand-joyroom","7":"product_cat-yfir-eyru-over-ear","9":"first","10":"instock","11":"taxable","12":"shipping-taxable","13":"product-type-simple"},"yoast_head":"<!-- This site is optimized with the Yoast SEO Premium plugin v21.5 (Yoast SEO v27.3) - https:\/\/yoast.com\/product\/yoast-seo-premium-wordpress\/ -->\n<title>\u00d6flug \u00fer\u00e1\u00f0laus heyrnart\u00f3l | 120 klst spilun | Noice cancellation<\/title>\n<meta name=\"description\" content=\"ANC hlj\u00f3\u00f0einangrun (noice cancelling). Memory foam p\u00fa\u00f0i fyrir aukin \u00fe\u00e6gingi. Fullkomin fyrir langa hlustun, t\u00f6lvuleiki, t\u00f3nlist &amp; \u00feegar horft er \u00e1 sj\u00f3nvarp.\" \/>\n<meta name=\"robots\" content=\"index, follow, max-snippet:-1, max-image-preview:large, max-video-preview:-1\" \/>\n<link rel=\"canonical\" href=\"https:\/\/fodurlandid.is\/vara\/jr-jh1\/\" \/>\n<meta property=\"og:locale\" content=\"en_US\" \/>\n<meta property=\"og:type\" content=\"article\" \/>\n<meta property=\"og:title\" content=\"\u00d6flug \u00fer\u00e1\u00f0laus heyrnart\u00f3l yfir eyru me\u00f0 allt a\u00f0 120 klst spilun, Noice cancellation (ANC), Bt 5,4\" \/>\n<meta property=\"og:description\" content=\"ANC hlj\u00f3\u00f0einangrun (noice cancelling). Memory foam p\u00fa\u00f0i fyrir aukin \u00fe\u00e6gingi. Fullkomin fyrir langa hlustun, t\u00f6lvuleiki, t\u00f3nlist &amp; \u00feegar horft er \u00e1 sj\u00f3nvarp.\" \/>\n<meta property=\"og:url\" content=\"https:\/\/fodurlandid.is\/vara\/jr-jh1\/\" \/>\n<meta property=\"og:site_name\" content=\"F&ouml;&eth;urlandi&eth; heildsala\" \/>\n<meta property=\"article:modified_time\" content=\"2025-09-20T08:58:43+00:00\" \/>\n<meta property=\"og:image\" content=\"https:\/\/fodurlandid.is\/wp-content\/uploads\/2025\/07\/Joyroom-JR-JH1-_2.jpg\" \/>\n\t<meta property=\"og:image:width\" content=\"600\" \/>\n\t<meta property=\"og:image:height\" content=\"600\" \/>\n\t<meta property=\"og:image:type\" content=\"image\/jpeg\" \/>\n<meta name=\"twitter:card\" content=\"summary_large_image\" \/>\n<meta name=\"twitter:label1\" content=\"Est. reading time\" \/>\n\t<meta name=\"twitter:data1\" content=\"1 minute\" \/>\n<script type=\"application\/ld+json\" class=\"yoast-schema-graph\">{\"@context\":\"https:\\\/\\\/schema.org\",\"@graph\":[{\"@type\":\"WebPage\",\"@id\":\"https:\\\/\\\/fodurlandid.is\\\/vara\\\/jr-jh1\\\/\",\"url\":\"https:\\\/\\\/fodurlandid.is\\\/vara\\\/jr-jh1\\\/\",\"name\":\"\u00d6flug \u00fer\u00e1\u00f0laus heyrnart\u00f3l | 120 klst spilun | Noice cancellation\",\"isPartOf\":{\"@id\":\"https:\\\/\\\/fodurlandid.is\\\/#website\"},\"primaryImageOfPage\":{\"@id\":\"https:\\\/\\\/fodurlandid.is\\\/vara\\\/jr-jh1\\\/#primaryimage\"},\"image\":{\"@id\":\"https:\\\/\\\/fodurlandid.is\\\/vara\\\/jr-jh1\\\/#primaryimage\"},\"thumbnailUrl\":\"https:\\\/\\\/fodurlandid.is\\\/wp-content\\\/uploads\\\/2025\\\/07\\\/Joyroom-JR-JH1-_2.jpg\",\"datePublished\":\"2025-07-26T10:53:08+00:00\",\"dateModified\":\"2025-09-20T08:58:43+00:00\",\"description\":\"ANC hlj\u00f3\u00f0einangrun (noice cancelling). Memory foam p\u00fa\u00f0i fyrir aukin \u00fe\u00e6gingi. Fullkomin fyrir langa hlustun, t\u00f6lvuleiki, t\u00f3nlist & \u00feegar horft er \u00e1 sj\u00f3nvarp.\",\"breadcrumb\":{\"@id\":\"https:\\\/\\\/fodurlandid.is\\\/vara\\\/jr-jh1\\\/#breadcrumb\"},\"inLanguage\":\"en-US\",\"potentialAction\":[{\"@type\":\"ReadAction\",\"target\":[\"https:\\\/\\\/fodurlandid.is\\\/vara\\\/jr-jh1\\\/\"]}]},{\"@type\":\"ImageObject\",\"inLanguage\":\"en-US\",\"@id\":\"https:\\\/\\\/fodurlandid.is\\\/vara\\\/jr-jh1\\\/#primaryimage\",\"url\":\"https:\\\/\\\/fodurlandid.is\\\/wp-content\\\/uploads\\\/2025\\\/07\\\/Joyroom-JR-JH1-_2.jpg\",\"contentUrl\":\"https:\\\/\\\/fodurlandid.is\\\/wp-content\\\/uploads\\\/2025\\\/07\\\/Joyroom-JR-JH1-_2.jpg\",\"width\":600,\"height\":600},{\"@type\":\"BreadcrumbList\",\"@id\":\"https:\\\/\\\/fodurlandid.is\\\/vara\\\/jr-jh1\\\/#breadcrumb\",\"itemListElement\":[{\"@type\":\"ListItem\",\"position\":1,\"name\":\"Home\",\"item\":\"https:\\\/\\\/fodurlandid.is\\\/\"},{\"@type\":\"ListItem\",\"position\":2,\"name\":\"Shop\",\"item\":\"https:\\\/\\\/www.vorulagerinn.is\\\/heildsala\\\/en\\\/shop\\\/\"},{\"@type\":\"ListItem\",\"position\":3,\"name\":\"\u00d6flug \u00fer\u00e1\u00f0laus heyrnart\u00f3l yfir eyru me\u00f0 allt a\u00f0 120 klst spilun, Noice cancellation (ANC), Bt 5,4\"}]},{\"@type\":\"WebSite\",\"@id\":\"https:\\\/\\\/fodurlandid.is\\\/#website\",\"url\":\"https:\\\/\\\/fodurlandid.is\\\/\",\"name\":\"F\u00f6\u00f0urlandi\u00f0 ehf, heildsala\",\"description\":\"Innflutnings, umbo&eth;s- og dreifingara&eth;ili\",\"publisher\":{\"@id\":\"https:\\\/\\\/fodurlandid.is\\\/#organization\"},\"alternateName\":\"Innflutnings, umbo\u00f0s- og dreifingara\u00f0ili\",\"potentialAction\":[{\"@type\":\"SearchAction\",\"target\":{\"@type\":\"EntryPoint\",\"urlTemplate\":\"https:\\\/\\\/fodurlandid.is\\\/?s={search_term_string}\"},\"query-input\":{\"@type\":\"PropertyValueSpecification\",\"valueRequired\":true,\"valueName\":\"search_term_string\"}}],\"inLanguage\":\"en-US\"},{\"@type\":\"Organization\",\"@id\":\"https:\\\/\\\/fodurlandid.is\\\/#organization\",\"name\":\"Innflutnings, umbo\u00f0s- og dreifingara\u00f0ili\",\"url\":\"https:\\\/\\\/fodurlandid.is\\\/\",\"logo\":{\"@type\":\"ImageObject\",\"inLanguage\":\"en-US\",\"@id\":\"https:\\\/\\\/fodurlandid.is\\\/#\\\/schema\\\/logo\\\/image\\\/\",\"url\":\"https:\\\/\\\/fodurlandid.is\\\/wp-content\\\/uploads\\\/2024\\\/05\\\/Fodurlandid.png\",\"contentUrl\":\"https:\\\/\\\/fodurlandid.is\\\/wp-content\\\/uploads\\\/2024\\\/05\\\/Fodurlandid.png\",\"width\":400,\"height\":293,\"caption\":\"Innflutnings, umbo\u00f0s- og dreifingara\u00f0ili\"},\"image\":{\"@id\":\"https:\\\/\\\/fodurlandid.is\\\/#\\\/schema\\\/logo\\\/image\\\/\"}}]}<\/script>\n<!-- \/ Yoast SEO Premium plugin. -->","yoast_head_json":{"title":"\u00d6flug \u00fer\u00e1\u00f0laus heyrnart\u00f3l | 120 klst spilun | Noice cancellation","description":"ANC hlj\u00f3\u00f0einangrun (noice cancelling). Memory foam p\u00fa\u00f0i fyrir aukin \u00fe\u00e6gingi. Fullkomin fyrir langa hlustun, t\u00f6lvuleiki, t\u00f3nlist & \u00feegar horft er \u00e1 sj\u00f3nvarp.","robots":{"index":"index","follow":"follow","max-snippet":"max-snippet:-1","max-image-preview":"max-image-preview:large","max-video-preview":"max-video-preview:-1"},"canonical":"https:\/\/fodurlandid.is\/vara\/jr-jh1\/","og_locale":"en_US","og_type":"article","og_title":"\u00d6flug \u00fer\u00e1\u00f0laus heyrnart\u00f3l yfir eyru me\u00f0 allt a\u00f0 120 klst spilun, Noice cancellation (ANC), Bt 5,4","og_description":"ANC hlj\u00f3\u00f0einangrun (noice cancelling). Memory foam p\u00fa\u00f0i fyrir aukin \u00fe\u00e6gingi. Fullkomin fyrir langa hlustun, t\u00f6lvuleiki, t\u00f3nlist & \u00feegar horft er \u00e1 sj\u00f3nvarp.","og_url":"https:\/\/fodurlandid.is\/vara\/jr-jh1\/","og_site_name":"F&ouml;&eth;urlandi&eth; heildsala","article_modified_time":"2025-09-20T08:58:43+00:00","og_image":[{"width":600,"height":600,"url":"https:\/\/fodurlandid.is\/wp-content\/uploads\/2025\/07\/Joyroom-JR-JH1-_2.jpg","type":"image\/jpeg"}],"twitter_card":"summary_large_image","twitter_misc":{"Est. reading time":"1 minute"},"schema":{"@context":"https:\/\/schema.org","@graph":[{"@type":"WebPage","@id":"https:\/\/fodurlandid.is\/vara\/jr-jh1\/","url":"https:\/\/fodurlandid.is\/vara\/jr-jh1\/","name":"\u00d6flug \u00fer\u00e1\u00f0laus heyrnart\u00f3l | 120 klst spilun | Noice cancellation","isPartOf":{"@id":"https:\/\/fodurlandid.is\/#website"},"primaryImageOfPage":{"@id":"https:\/\/fodurlandid.is\/vara\/jr-jh1\/#primaryimage"},"image":{"@id":"https:\/\/fodurlandid.is\/vara\/jr-jh1\/#primaryimage"},"thumbnailUrl":"https:\/\/fodurlandid.is\/wp-content\/uploads\/2025\/07\/Joyroom-JR-JH1-_2.jpg","datePublished":"2025-07-26T10:53:08+00:00","dateModified":"2025-09-20T08:58:43+00:00","description":"ANC hlj\u00f3\u00f0einangrun (noice cancelling). Memory foam p\u00fa\u00f0i fyrir aukin \u00fe\u00e6gingi. Fullkomin fyrir langa hlustun, t\u00f6lvuleiki, t\u00f3nlist & \u00feegar horft er \u00e1 sj\u00f3nvarp.","breadcrumb":{"@id":"https:\/\/fodurlandid.is\/vara\/jr-jh1\/#breadcrumb"},"inLanguage":"en-US","potentialAction":[{"@type":"ReadAction","target":["https:\/\/fodurlandid.is\/vara\/jr-jh1\/"]}]},{"@type":"ImageObject","inLanguage":"en-US","@id":"https:\/\/fodurlandid.is\/vara\/jr-jh1\/#primaryimage","url":"https:\/\/fodurlandid.is\/wp-content\/uploads\/2025\/07\/Joyroom-JR-JH1-_2.jpg","contentUrl":"https:\/\/fodurlandid.is\/wp-content\/uploads\/2025\/07\/Joyroom-JR-JH1-_2.jpg","width":600,"height":600},{"@type":"BreadcrumbList","@id":"https:\/\/fodurlandid.is\/vara\/jr-jh1\/#breadcrumb","itemListElement":[{"@type":"ListItem","position":1,"name":"Home","item":"https:\/\/fodurlandid.is\/"},{"@type":"ListItem","position":2,"name":"Shop","item":"https:\/\/www.vorulagerinn.is\/heildsala\/en\/shop\/"},{"@type":"ListItem","position":3,"name":"\u00d6flug \u00fer\u00e1\u00f0laus heyrnart\u00f3l yfir eyru me\u00f0 allt a\u00f0 120 klst spilun, Noice cancellation (ANC), Bt 5,4"}]},{"@type":"WebSite","@id":"https:\/\/fodurlandid.is\/#website","url":"https:\/\/fodurlandid.is\/","name":"F\u00f6\u00f0urlandi\u00f0 ehf, heildsala","description":"Innflutnings, umbo&eth;s- og dreifingara&eth;ili","publisher":{"@id":"https:\/\/fodurlandid.is\/#organization"},"alternateName":"Innflutnings, umbo\u00f0s- og dreifingara\u00f0ili","potentialAction":[{"@type":"SearchAction","target":{"@type":"EntryPoint","urlTemplate":"https:\/\/fodurlandid.is\/?s={search_term_string}"},"query-input":{"@type":"PropertyValueSpecification","valueRequired":true,"valueName":"search_term_string"}}],"inLanguage":"en-US"},{"@type":"Organization","@id":"https:\/\/fodurlandid.is\/#organization","name":"Innflutnings, umbo\u00f0s- og dreifingara\u00f0ili","url":"https:\/\/fodurlandid.is\/","logo":{"@type":"ImageObject","inLanguage":"en-US","@id":"https:\/\/fodurlandid.is\/#\/schema\/logo\/image\/","url":"https:\/\/fodurlandid.is\/wp-content\/uploads\/2024\/05\/Fodurlandid.png","contentUrl":"https:\/\/fodurlandid.is\/wp-content\/uploads\/2024\/05\/Fodurlandid.png","width":400,"height":293,"caption":"Innflutnings, umbo\u00f0s- og dreifingara\u00f0ili"},"image":{"@id":"https:\/\/fodurlandid.is\/#\/schema\/logo\/image\/"}}]}},"_links":{"self":[{"href":"https:\/\/fodurlandid.is\/en\/wp-json\/wp\/v2\/product\/24917","targetHints":{"allow":["GET"]}}],"collection":[{"href":"https:\/\/fodurlandid.is\/en\/wp-json\/wp\/v2\/product"}],"about":[{"href":"https:\/\/fodurlandid.is\/en\/wp-json\/wp\/v2\/types\/product"}],"wp:featuredmedia":[{"embeddable":true,"href":"https:\/\/fodurlandid.is\/en\/wp-json\/wp\/v2\/media\/24923"}],"wp:attachment":[{"href":"https:\/\/fodurlandid.is\/en\/wp-json\/wp\/v2\/media?parent=24917"}],"wp:term":[{"taxonomy":"product_brand","embeddable":true,"href":"https:\/\/fodurlandid.is\/en\/wp-json\/wp\/v2\/product_brand?post=24917"},{"taxonomy":"product_cat","embeddable":true,"href":"https:\/\/fodurlandid.is\/en\/wp-json\/wp\/v2\/product_cat?post=24917"},{"taxonomy":"product_tag","embeddable":true,"href":"https:\/\/fodurlandid.is\/en\/wp-json\/wp\/v2\/product_tag?post=24917"}],"curies":[{"name":"wp","href":"https:\/\/api.w.org\/{rel}","templated":true}]}}