{"id":24908,"date":"2025-07-26T10:28:25","date_gmt":"2025-07-26T10:28:25","guid":{"rendered":"https:\/\/fodurlandid.is\/?post_type=product&#038;p=24908"},"modified":"2026-02-15T19:03:33","modified_gmt":"2026-02-15T19:03:33","slug":"s-a45","status":"publish","type":"product","link":"https:\/\/fodurlandid.is\/en\/product\/s-a45\/","title":{"rendered":"60W hra\u00f0hle\u00f0slu- og gagnaflutningssn\u00fara me\u00f0 USB-C \u00ed USB-C tengi (1 meter)"},"content":{"rendered":"","protected":false},"excerpt":{"rendered":"<p>60W hra\u00f0hle\u00f0slusn\u00faa me\u00f0 USB-C \u00ed USB-C tengi sem hentar \u00f6llum t\u00e6kjum me\u00f0 USB-C rauf. Sn\u00faran er sterkbygg\u00f0 me\u00f0 \u00feykkum koparkjarna fyrir hra\u00f0ari og st\u00f6\u00f0ugri hle\u00f0slu. H\u00fan flytur allt a\u00f0 480 mb\/sek \u00e1 milli t\u00e6kja, er slit\u00feolin og n\u00e6lon vafin sem stu\u00f0lar a\u00f0 betri endingu.<\/p>\n<p>\u2013 Litur: Hv\u00edtur<br \/>\n\u2013 St\u00e6r\u00f0: 1 meter<br \/>\n\u2013 60W hra\u00f0hle\u00f0slusn\u00fara<br \/>\n\u2013 Tengi: USB-C \u00ed USB-C<br \/>\n\u2013 Gangaflutningur: Allt a\u00f0 480 mb \u00e1 sek<br \/>\n\u2013 Vottun: CE, ROHS, FC og UKCA<\/p>\n","protected":false},"featured_media":24910,"template":"","meta":[],"product_brand":[390],"product_cat":[422],"product_tag":[],"class_list":{"0":"post-24908","1":"product","2":"type-product","3":"status-publish","4":"has-post-thumbnail","6":"product_brand-joyroom","7":"product_cat-usb-c-i-usb-c","9":"first","10":"instock","11":"taxable","12":"shipping-taxable","13":"product-type-simple"},"yoast_head":"<!-- This site is optimized with the Yoast SEO Premium plugin v21.5 (Yoast SEO v27.4) - https:\/\/yoast.com\/product\/yoast-seo-premium-wordpress\/ -->\n<title>60W hra\u00f0hle\u00f0slusn\u00fara me\u00f0 USB-C \u00ed USB-C tengi<\/title>\n<meta name=\"description\" content=\"Sn\u00faran hentar \u00f6llum t\u00e6kjum me\u00f0 USB-C rauf.\u00a0H\u00fan er sterkbygg\u00f0 me\u00f0 \u00feykkum koparkjarna fyrir hra\u00f0ari og st\u00f6\u00f0ugri hle\u00f0slu. H\u00fan flytur allt a\u00f0 480 mb\/sek\" \/>\n<meta name=\"robots\" content=\"index, follow, max-snippet:-1, max-image-preview:large, max-video-preview:-1\" \/>\n<link rel=\"canonical\" href=\"https:\/\/fodurlandid.is\/vara\/s-a45\/\" \/>\n<meta property=\"og:locale\" content=\"en_US\" \/>\n<meta property=\"og:type\" content=\"article\" \/>\n<meta property=\"og:title\" content=\"60W hra\u00f0hle\u00f0slu- og gagnaflutningssn\u00fara me\u00f0 USB-C \u00ed USB-C tengi (1 meter)\" \/>\n<meta property=\"og:description\" content=\"Sn\u00faran hentar \u00f6llum t\u00e6kjum me\u00f0 USB-C rauf.\u00a0H\u00fan er sterkbygg\u00f0 me\u00f0 \u00feykkum koparkjarna fyrir hra\u00f0ari og st\u00f6\u00f0ugri hle\u00f0slu. H\u00fan flytur allt a\u00f0 480 mb\/sek\" \/>\n<meta property=\"og:url\" content=\"https:\/\/fodurlandid.is\/vara\/s-a45\/\" \/>\n<meta property=\"og:site_name\" content=\"F&ouml;&eth;urlandi&eth; heildsala\" \/>\n<meta property=\"article:modified_time\" content=\"2026-02-15T19:03:33+00:00\" \/>\n<meta property=\"og:image\" content=\"https:\/\/fodurlandid.is\/wp-content\/uploads\/2025\/07\/S-A45.jpg\" \/>\n\t<meta property=\"og:image:width\" content=\"600\" \/>\n\t<meta property=\"og:image:height\" content=\"600\" \/>\n\t<meta property=\"og:image:type\" content=\"image\/jpeg\" \/>\n<meta name=\"twitter:card\" content=\"summary_large_image\" \/>\n<meta name=\"twitter:label1\" content=\"Est. reading time\" \/>\n\t<meta name=\"twitter:data1\" content=\"1 minute\" \/>\n<script type=\"application\/ld+json\" class=\"yoast-schema-graph\">{\"@context\":\"https:\\\/\\\/schema.org\",\"@graph\":[{\"@type\":\"WebPage\",\"@id\":\"https:\\\/\\\/fodurlandid.is\\\/vara\\\/s-a45\\\/\",\"url\":\"https:\\\/\\\/fodurlandid.is\\\/vara\\\/s-a45\\\/\",\"name\":\"60W hra\u00f0hle\u00f0slusn\u00fara me\u00f0 USB-C \u00ed USB-C tengi\",\"isPartOf\":{\"@id\":\"https:\\\/\\\/fodurlandid.is\\\/#website\"},\"primaryImageOfPage\":{\"@id\":\"https:\\\/\\\/fodurlandid.is\\\/vara\\\/s-a45\\\/#primaryimage\"},\"image\":{\"@id\":\"https:\\\/\\\/fodurlandid.is\\\/vara\\\/s-a45\\\/#primaryimage\"},\"thumbnailUrl\":\"https:\\\/\\\/fodurlandid.is\\\/wp-content\\\/uploads\\\/2025\\\/07\\\/S-A45.jpg\",\"datePublished\":\"2025-07-26T10:28:25+00:00\",\"dateModified\":\"2026-02-15T19:03:33+00:00\",\"description\":\"Sn\u00faran hentar \u00f6llum t\u00e6kjum me\u00f0 USB-C rauf.\u00a0H\u00fan er sterkbygg\u00f0 me\u00f0 \u00feykkum koparkjarna fyrir hra\u00f0ari og st\u00f6\u00f0ugri hle\u00f0slu. H\u00fan flytur allt a\u00f0 480 mb\\\/sek\",\"breadcrumb\":{\"@id\":\"https:\\\/\\\/fodurlandid.is\\\/vara\\\/s-a45\\\/#breadcrumb\"},\"inLanguage\":\"en-US\",\"potentialAction\":[{\"@type\":\"ReadAction\",\"target\":[\"https:\\\/\\\/fodurlandid.is\\\/vara\\\/s-a45\\\/\"]}]},{\"@type\":\"ImageObject\",\"inLanguage\":\"en-US\",\"@id\":\"https:\\\/\\\/fodurlandid.is\\\/vara\\\/s-a45\\\/#primaryimage\",\"url\":\"https:\\\/\\\/fodurlandid.is\\\/wp-content\\\/uploads\\\/2025\\\/07\\\/S-A45.jpg\",\"contentUrl\":\"https:\\\/\\\/fodurlandid.is\\\/wp-content\\\/uploads\\\/2025\\\/07\\\/S-A45.jpg\",\"width\":600,\"height\":600},{\"@type\":\"BreadcrumbList\",\"@id\":\"https:\\\/\\\/fodurlandid.is\\\/vara\\\/s-a45\\\/#breadcrumb\",\"itemListElement\":[{\"@type\":\"ListItem\",\"position\":1,\"name\":\"Home\",\"item\":\"https:\\\/\\\/fodurlandid.is\\\/\"},{\"@type\":\"ListItem\",\"position\":2,\"name\":\"Shop\",\"item\":\"https:\\\/\\\/www.vorulagerinn.is\\\/heildsala\\\/en\\\/shop\\\/\"},{\"@type\":\"ListItem\",\"position\":3,\"name\":\"60W hra\u00f0hle\u00f0slu- og gagnaflutningssn\u00fara me\u00f0 USB-C \u00ed USB-C tengi (1 meter)\"}]},{\"@type\":\"WebSite\",\"@id\":\"https:\\\/\\\/fodurlandid.is\\\/#website\",\"url\":\"https:\\\/\\\/fodurlandid.is\\\/\",\"name\":\"F\u00f6\u00f0urlandi\u00f0 ehf, heildsala\",\"description\":\"Innflutnings, umbo&eth;s- og dreifingara&eth;ili\",\"publisher\":{\"@id\":\"https:\\\/\\\/fodurlandid.is\\\/#organization\"},\"alternateName\":\"Innflutnings, umbo\u00f0s- og dreifingara\u00f0ili\",\"potentialAction\":[{\"@type\":\"SearchAction\",\"target\":{\"@type\":\"EntryPoint\",\"urlTemplate\":\"https:\\\/\\\/fodurlandid.is\\\/?s={search_term_string}\"},\"query-input\":{\"@type\":\"PropertyValueSpecification\",\"valueRequired\":true,\"valueName\":\"search_term_string\"}}],\"inLanguage\":\"en-US\"},{\"@type\":\"Organization\",\"@id\":\"https:\\\/\\\/fodurlandid.is\\\/#organization\",\"name\":\"Innflutnings, umbo\u00f0s- og dreifingara\u00f0ili\",\"url\":\"https:\\\/\\\/fodurlandid.is\\\/\",\"logo\":{\"@type\":\"ImageObject\",\"inLanguage\":\"en-US\",\"@id\":\"https:\\\/\\\/fodurlandid.is\\\/#\\\/schema\\\/logo\\\/image\\\/\",\"url\":\"https:\\\/\\\/fodurlandid.is\\\/wp-content\\\/uploads\\\/2024\\\/05\\\/Fodurlandid.png\",\"contentUrl\":\"https:\\\/\\\/fodurlandid.is\\\/wp-content\\\/uploads\\\/2024\\\/05\\\/Fodurlandid.png\",\"width\":400,\"height\":293,\"caption\":\"Innflutnings, umbo\u00f0s- og dreifingara\u00f0ili\"},\"image\":{\"@id\":\"https:\\\/\\\/fodurlandid.is\\\/#\\\/schema\\\/logo\\\/image\\\/\"}}]}<\/script>\n<!-- \/ Yoast SEO Premium plugin. -->","yoast_head_json":{"title":"60W hra\u00f0hle\u00f0slusn\u00fara me\u00f0 USB-C \u00ed USB-C tengi","description":"Sn\u00faran hentar \u00f6llum t\u00e6kjum me\u00f0 USB-C rauf.\u00a0H\u00fan er sterkbygg\u00f0 me\u00f0 \u00feykkum koparkjarna fyrir hra\u00f0ari og st\u00f6\u00f0ugri hle\u00f0slu. H\u00fan flytur allt a\u00f0 480 mb\/sek","robots":{"index":"index","follow":"follow","max-snippet":"max-snippet:-1","max-image-preview":"max-image-preview:large","max-video-preview":"max-video-preview:-1"},"canonical":"https:\/\/fodurlandid.is\/vara\/s-a45\/","og_locale":"en_US","og_type":"article","og_title":"60W hra\u00f0hle\u00f0slu- og gagnaflutningssn\u00fara me\u00f0 USB-C \u00ed USB-C tengi (1 meter)","og_description":"Sn\u00faran hentar \u00f6llum t\u00e6kjum me\u00f0 USB-C rauf.\u00a0H\u00fan er sterkbygg\u00f0 me\u00f0 \u00feykkum koparkjarna fyrir hra\u00f0ari og st\u00f6\u00f0ugri hle\u00f0slu. H\u00fan flytur allt a\u00f0 480 mb\/sek","og_url":"https:\/\/fodurlandid.is\/vara\/s-a45\/","og_site_name":"F&ouml;&eth;urlandi&eth; heildsala","article_modified_time":"2026-02-15T19:03:33+00:00","og_image":[{"width":600,"height":600,"url":"https:\/\/fodurlandid.is\/wp-content\/uploads\/2025\/07\/S-A45.jpg","type":"image\/jpeg"}],"twitter_card":"summary_large_image","twitter_misc":{"Est. reading time":"1 minute"},"schema":{"@context":"https:\/\/schema.org","@graph":[{"@type":"WebPage","@id":"https:\/\/fodurlandid.is\/vara\/s-a45\/","url":"https:\/\/fodurlandid.is\/vara\/s-a45\/","name":"60W hra\u00f0hle\u00f0slusn\u00fara me\u00f0 USB-C \u00ed USB-C tengi","isPartOf":{"@id":"https:\/\/fodurlandid.is\/#website"},"primaryImageOfPage":{"@id":"https:\/\/fodurlandid.is\/vara\/s-a45\/#primaryimage"},"image":{"@id":"https:\/\/fodurlandid.is\/vara\/s-a45\/#primaryimage"},"thumbnailUrl":"https:\/\/fodurlandid.is\/wp-content\/uploads\/2025\/07\/S-A45.jpg","datePublished":"2025-07-26T10:28:25+00:00","dateModified":"2026-02-15T19:03:33+00:00","description":"Sn\u00faran hentar \u00f6llum t\u00e6kjum me\u00f0 USB-C rauf.\u00a0H\u00fan er sterkbygg\u00f0 me\u00f0 \u00feykkum koparkjarna fyrir hra\u00f0ari og st\u00f6\u00f0ugri hle\u00f0slu. H\u00fan flytur allt a\u00f0 480 mb\/sek","breadcrumb":{"@id":"https:\/\/fodurlandid.is\/vara\/s-a45\/#breadcrumb"},"inLanguage":"en-US","potentialAction":[{"@type":"ReadAction","target":["https:\/\/fodurlandid.is\/vara\/s-a45\/"]}]},{"@type":"ImageObject","inLanguage":"en-US","@id":"https:\/\/fodurlandid.is\/vara\/s-a45\/#primaryimage","url":"https:\/\/fodurlandid.is\/wp-content\/uploads\/2025\/07\/S-A45.jpg","contentUrl":"https:\/\/fodurlandid.is\/wp-content\/uploads\/2025\/07\/S-A45.jpg","width":600,"height":600},{"@type":"BreadcrumbList","@id":"https:\/\/fodurlandid.is\/vara\/s-a45\/#breadcrumb","itemListElement":[{"@type":"ListItem","position":1,"name":"Home","item":"https:\/\/fodurlandid.is\/"},{"@type":"ListItem","position":2,"name":"Shop","item":"https:\/\/www.vorulagerinn.is\/heildsala\/en\/shop\/"},{"@type":"ListItem","position":3,"name":"60W hra\u00f0hle\u00f0slu- og gagnaflutningssn\u00fara me\u00f0 USB-C \u00ed USB-C tengi (1 meter)"}]},{"@type":"WebSite","@id":"https:\/\/fodurlandid.is\/#website","url":"https:\/\/fodurlandid.is\/","name":"F\u00f6\u00f0urlandi\u00f0 ehf, heildsala","description":"Innflutnings, umbo&eth;s- og dreifingara&eth;ili","publisher":{"@id":"https:\/\/fodurlandid.is\/#organization"},"alternateName":"Innflutnings, umbo\u00f0s- og dreifingara\u00f0ili","potentialAction":[{"@type":"SearchAction","target":{"@type":"EntryPoint","urlTemplate":"https:\/\/fodurlandid.is\/?s={search_term_string}"},"query-input":{"@type":"PropertyValueSpecification","valueRequired":true,"valueName":"search_term_string"}}],"inLanguage":"en-US"},{"@type":"Organization","@id":"https:\/\/fodurlandid.is\/#organization","name":"Innflutnings, umbo\u00f0s- og dreifingara\u00f0ili","url":"https:\/\/fodurlandid.is\/","logo":{"@type":"ImageObject","inLanguage":"en-US","@id":"https:\/\/fodurlandid.is\/#\/schema\/logo\/image\/","url":"https:\/\/fodurlandid.is\/wp-content\/uploads\/2024\/05\/Fodurlandid.png","contentUrl":"https:\/\/fodurlandid.is\/wp-content\/uploads\/2024\/05\/Fodurlandid.png","width":400,"height":293,"caption":"Innflutnings, umbo\u00f0s- og dreifingara\u00f0ili"},"image":{"@id":"https:\/\/fodurlandid.is\/#\/schema\/logo\/image\/"}}]}},"_links":{"self":[{"href":"https:\/\/fodurlandid.is\/en\/wp-json\/wp\/v2\/product\/24908","targetHints":{"allow":["GET"]}}],"collection":[{"href":"https:\/\/fodurlandid.is\/en\/wp-json\/wp\/v2\/product"}],"about":[{"href":"https:\/\/fodurlandid.is\/en\/wp-json\/wp\/v2\/types\/product"}],"wp:featuredmedia":[{"embeddable":true,"href":"https:\/\/fodurlandid.is\/en\/wp-json\/wp\/v2\/media\/24910"}],"wp:attachment":[{"href":"https:\/\/fodurlandid.is\/en\/wp-json\/wp\/v2\/media?parent=24908"}],"wp:term":[{"taxonomy":"product_brand","embeddable":true,"href":"https:\/\/fodurlandid.is\/en\/wp-json\/wp\/v2\/product_brand?post=24908"},{"taxonomy":"product_cat","embeddable":true,"href":"https:\/\/fodurlandid.is\/en\/wp-json\/wp\/v2\/product_cat?post=24908"},{"taxonomy":"product_tag","embeddable":true,"href":"https:\/\/fodurlandid.is\/en\/wp-json\/wp\/v2\/product_tag?post=24908"}],"curies":[{"name":"wp","href":"https:\/\/api.w.org\/{rel}","templated":true}]}}