{"id":24899,"date":"2025-07-26T09:03:59","date_gmt":"2025-07-26T09:03:59","guid":{"rendered":"https:\/\/fodurlandid.is\/?post_type=product&#038;p=24899"},"modified":"2026-02-15T17:44:57","modified_gmt":"2026-02-15T17:44:57","slug":"s-al012a16","status":"publish","type":"product","link":"https:\/\/fodurlandid.is\/en\/product\/s-al012a16\/","title":{"rendered":"2.4A gagna- og hle\u00f0slusn\u00fara me\u00f0 LED skj\u00e1. USB-A \u00ed Lightning tengi &#8211; 1,2 metra sn\u00fara"},"content":{"rendered":"","protected":false},"excerpt":{"rendered":"<p>2.4A gagna- og hle\u00f0slusn\u00fara me\u00f0 USB-A \u00ed Lightning tengi. Sn\u00faran er me\u00f0 LED skj\u00e1 sem s\u00fdnir magn straums \u00e1 hle\u00f0slu og er skotstund a\u00f0 hla\u00f0a hvert t\u00e6ki. Gagnaflutningshra\u00f0inn er allt a\u00f0 480 Mbps. Sn\u00faran er n\u00e6lonvafin sem h\u00e1markar endingu og veitir v\u00f6rn gegn sliti og \u00f6\u00f0ru hnjaski.<\/p>\n<p>&#8211; Litur: Svartur<br \/>\n&#8211; Lengd: 1,2 metrar<br \/>\n&#8211; Efni: \u00c1l og vafi\u00f0 n\u00e6lon<br \/>\n&#8211; 2.4A hra\u00f0hle\u00f0slusn\u00fara (USB-A \u00ed Lightning)<br \/>\n&#8211; Gagnahra\u00f0i: 480 Mbps<br \/>\n&#8211; Vottun: Ce, ROHS, FCC og UKCA<\/p>\n","protected":false},"featured_media":24902,"template":"","meta":[],"product_brand":[390],"product_cat":[424],"product_tag":[],"class_list":{"0":"post-24899","1":"product","2":"type-product","3":"status-publish","4":"has-post-thumbnail","6":"product_brand-joyroom","7":"product_cat-usb-a-i-lightning","9":"first","10":"instock","11":"taxable","12":"shipping-taxable","13":"product-type-simple"},"yoast_head":"<!-- This site is optimized with the Yoast SEO Premium plugin v21.5 (Yoast SEO v27.3) - https:\/\/yoast.com\/product\/yoast-seo-premium-wordpress\/ -->\n<title>2.4A hle\u00f0slusn\u00fara me\u00f0 LED skj\u00e1. USB-A \u00ed Lightning tengi<\/title>\n<meta name=\"description\" content=\"Sn\u00faran er me\u00f0 LED skj\u00e1 sem s\u00fdnir magn straums \u00e1 hle\u00f0slu og er skotstund a\u00f0 hla\u00f0a hvert t\u00e6ki. Gagnaflutningshra\u00f0inn er allt a\u00f0 480 Mbps.\" \/>\n<meta name=\"robots\" content=\"index, follow, max-snippet:-1, max-image-preview:large, max-video-preview:-1\" \/>\n<link rel=\"canonical\" href=\"https:\/\/fodurlandid.is\/vara\/s-al012a16\/\" \/>\n<meta property=\"og:locale\" content=\"en_US\" \/>\n<meta property=\"og:type\" content=\"article\" \/>\n<meta property=\"og:title\" content=\"2.4A gagna- og hle\u00f0slusn\u00fara me\u00f0 LED skj\u00e1. USB-A \u00ed Lightning tengi - 1,2 metra sn\u00fara\" \/>\n<meta property=\"og:description\" content=\"Sn\u00faran er me\u00f0 LED skj\u00e1 sem s\u00fdnir magn straums \u00e1 hle\u00f0slu og er skotstund a\u00f0 hla\u00f0a hvert t\u00e6ki. Gagnaflutningshra\u00f0inn er allt a\u00f0 480 Mbps.\" \/>\n<meta property=\"og:url\" content=\"https:\/\/fodurlandid.is\/vara\/s-al012a16\/\" \/>\n<meta property=\"og:site_name\" content=\"F&ouml;&eth;urlandi&eth; heildsala\" \/>\n<meta property=\"article:modified_time\" content=\"2026-02-15T17:44:57+00:00\" \/>\n<meta property=\"og:image\" content=\"https:\/\/fodurlandid.is\/wp-content\/uploads\/2025\/07\/S-AL012A16.jpg\" \/>\n\t<meta property=\"og:image:width\" content=\"600\" \/>\n\t<meta property=\"og:image:height\" content=\"600\" \/>\n\t<meta property=\"og:image:type\" content=\"image\/jpeg\" \/>\n<meta name=\"twitter:card\" content=\"summary_large_image\" \/>\n<meta name=\"twitter:label1\" content=\"Est. reading time\" \/>\n\t<meta name=\"twitter:data1\" content=\"1 minute\" \/>\n<script type=\"application\/ld+json\" class=\"yoast-schema-graph\">{\"@context\":\"https:\\\/\\\/schema.org\",\"@graph\":[{\"@type\":\"WebPage\",\"@id\":\"https:\\\/\\\/fodurlandid.is\\\/vara\\\/s-al012a16\\\/\",\"url\":\"https:\\\/\\\/fodurlandid.is\\\/vara\\\/s-al012a16\\\/\",\"name\":\"2.4A hle\u00f0slusn\u00fara me\u00f0 LED skj\u00e1. USB-A \u00ed Lightning tengi\",\"isPartOf\":{\"@id\":\"https:\\\/\\\/fodurlandid.is\\\/#website\"},\"primaryImageOfPage\":{\"@id\":\"https:\\\/\\\/fodurlandid.is\\\/vara\\\/s-al012a16\\\/#primaryimage\"},\"image\":{\"@id\":\"https:\\\/\\\/fodurlandid.is\\\/vara\\\/s-al012a16\\\/#primaryimage\"},\"thumbnailUrl\":\"https:\\\/\\\/fodurlandid.is\\\/wp-content\\\/uploads\\\/2025\\\/07\\\/S-AL012A16.jpg\",\"datePublished\":\"2025-07-26T09:03:59+00:00\",\"dateModified\":\"2026-02-15T17:44:57+00:00\",\"description\":\"Sn\u00faran er me\u00f0 LED skj\u00e1 sem s\u00fdnir magn straums \u00e1 hle\u00f0slu og er skotstund a\u00f0 hla\u00f0a hvert t\u00e6ki. Gagnaflutningshra\u00f0inn er allt a\u00f0 480 Mbps.\",\"breadcrumb\":{\"@id\":\"https:\\\/\\\/fodurlandid.is\\\/vara\\\/s-al012a16\\\/#breadcrumb\"},\"inLanguage\":\"en-US\",\"potentialAction\":[{\"@type\":\"ReadAction\",\"target\":[\"https:\\\/\\\/fodurlandid.is\\\/vara\\\/s-al012a16\\\/\"]}]},{\"@type\":\"ImageObject\",\"inLanguage\":\"en-US\",\"@id\":\"https:\\\/\\\/fodurlandid.is\\\/vara\\\/s-al012a16\\\/#primaryimage\",\"url\":\"https:\\\/\\\/fodurlandid.is\\\/wp-content\\\/uploads\\\/2025\\\/07\\\/S-AL012A16.jpg\",\"contentUrl\":\"https:\\\/\\\/fodurlandid.is\\\/wp-content\\\/uploads\\\/2025\\\/07\\\/S-AL012A16.jpg\",\"width\":600,\"height\":600},{\"@type\":\"BreadcrumbList\",\"@id\":\"https:\\\/\\\/fodurlandid.is\\\/vara\\\/s-al012a16\\\/#breadcrumb\",\"itemListElement\":[{\"@type\":\"ListItem\",\"position\":1,\"name\":\"Home\",\"item\":\"https:\\\/\\\/fodurlandid.is\\\/\"},{\"@type\":\"ListItem\",\"position\":2,\"name\":\"Shop\",\"item\":\"https:\\\/\\\/www.vorulagerinn.is\\\/heildsala\\\/en\\\/shop\\\/\"},{\"@type\":\"ListItem\",\"position\":3,\"name\":\"2.4A gagna- og hle\u00f0slusn\u00fara me\u00f0 LED skj\u00e1. USB-A \u00ed Lightning tengi &#8211; 1,2 metra sn\u00fara\"}]},{\"@type\":\"WebSite\",\"@id\":\"https:\\\/\\\/fodurlandid.is\\\/#website\",\"url\":\"https:\\\/\\\/fodurlandid.is\\\/\",\"name\":\"F\u00f6\u00f0urlandi\u00f0 ehf, heildsala\",\"description\":\"Innflutnings, umbo&eth;s- og dreifingara&eth;ili\",\"publisher\":{\"@id\":\"https:\\\/\\\/fodurlandid.is\\\/#organization\"},\"alternateName\":\"Innflutnings, umbo\u00f0s- og dreifingara\u00f0ili\",\"potentialAction\":[{\"@type\":\"SearchAction\",\"target\":{\"@type\":\"EntryPoint\",\"urlTemplate\":\"https:\\\/\\\/fodurlandid.is\\\/?s={search_term_string}\"},\"query-input\":{\"@type\":\"PropertyValueSpecification\",\"valueRequired\":true,\"valueName\":\"search_term_string\"}}],\"inLanguage\":\"en-US\"},{\"@type\":\"Organization\",\"@id\":\"https:\\\/\\\/fodurlandid.is\\\/#organization\",\"name\":\"Innflutnings, umbo\u00f0s- og dreifingara\u00f0ili\",\"url\":\"https:\\\/\\\/fodurlandid.is\\\/\",\"logo\":{\"@type\":\"ImageObject\",\"inLanguage\":\"en-US\",\"@id\":\"https:\\\/\\\/fodurlandid.is\\\/#\\\/schema\\\/logo\\\/image\\\/\",\"url\":\"https:\\\/\\\/fodurlandid.is\\\/wp-content\\\/uploads\\\/2024\\\/05\\\/Fodurlandid.png\",\"contentUrl\":\"https:\\\/\\\/fodurlandid.is\\\/wp-content\\\/uploads\\\/2024\\\/05\\\/Fodurlandid.png\",\"width\":400,\"height\":293,\"caption\":\"Innflutnings, umbo\u00f0s- og dreifingara\u00f0ili\"},\"image\":{\"@id\":\"https:\\\/\\\/fodurlandid.is\\\/#\\\/schema\\\/logo\\\/image\\\/\"}}]}<\/script>\n<!-- \/ Yoast SEO Premium plugin. -->","yoast_head_json":{"title":"2.4A hle\u00f0slusn\u00fara me\u00f0 LED skj\u00e1. USB-A \u00ed Lightning tengi","description":"Sn\u00faran er me\u00f0 LED skj\u00e1 sem s\u00fdnir magn straums \u00e1 hle\u00f0slu og er skotstund a\u00f0 hla\u00f0a hvert t\u00e6ki. Gagnaflutningshra\u00f0inn er allt a\u00f0 480 Mbps.","robots":{"index":"index","follow":"follow","max-snippet":"max-snippet:-1","max-image-preview":"max-image-preview:large","max-video-preview":"max-video-preview:-1"},"canonical":"https:\/\/fodurlandid.is\/vara\/s-al012a16\/","og_locale":"en_US","og_type":"article","og_title":"2.4A gagna- og hle\u00f0slusn\u00fara me\u00f0 LED skj\u00e1. USB-A \u00ed Lightning tengi - 1,2 metra sn\u00fara","og_description":"Sn\u00faran er me\u00f0 LED skj\u00e1 sem s\u00fdnir magn straums \u00e1 hle\u00f0slu og er skotstund a\u00f0 hla\u00f0a hvert t\u00e6ki. Gagnaflutningshra\u00f0inn er allt a\u00f0 480 Mbps.","og_url":"https:\/\/fodurlandid.is\/vara\/s-al012a16\/","og_site_name":"F&ouml;&eth;urlandi&eth; heildsala","article_modified_time":"2026-02-15T17:44:57+00:00","og_image":[{"width":600,"height":600,"url":"https:\/\/fodurlandid.is\/wp-content\/uploads\/2025\/07\/S-AL012A16.jpg","type":"image\/jpeg"}],"twitter_card":"summary_large_image","twitter_misc":{"Est. reading time":"1 minute"},"schema":{"@context":"https:\/\/schema.org","@graph":[{"@type":"WebPage","@id":"https:\/\/fodurlandid.is\/vara\/s-al012a16\/","url":"https:\/\/fodurlandid.is\/vara\/s-al012a16\/","name":"2.4A hle\u00f0slusn\u00fara me\u00f0 LED skj\u00e1. USB-A \u00ed Lightning tengi","isPartOf":{"@id":"https:\/\/fodurlandid.is\/#website"},"primaryImageOfPage":{"@id":"https:\/\/fodurlandid.is\/vara\/s-al012a16\/#primaryimage"},"image":{"@id":"https:\/\/fodurlandid.is\/vara\/s-al012a16\/#primaryimage"},"thumbnailUrl":"https:\/\/fodurlandid.is\/wp-content\/uploads\/2025\/07\/S-AL012A16.jpg","datePublished":"2025-07-26T09:03:59+00:00","dateModified":"2026-02-15T17:44:57+00:00","description":"Sn\u00faran er me\u00f0 LED skj\u00e1 sem s\u00fdnir magn straums \u00e1 hle\u00f0slu og er skotstund a\u00f0 hla\u00f0a hvert t\u00e6ki. Gagnaflutningshra\u00f0inn er allt a\u00f0 480 Mbps.","breadcrumb":{"@id":"https:\/\/fodurlandid.is\/vara\/s-al012a16\/#breadcrumb"},"inLanguage":"en-US","potentialAction":[{"@type":"ReadAction","target":["https:\/\/fodurlandid.is\/vara\/s-al012a16\/"]}]},{"@type":"ImageObject","inLanguage":"en-US","@id":"https:\/\/fodurlandid.is\/vara\/s-al012a16\/#primaryimage","url":"https:\/\/fodurlandid.is\/wp-content\/uploads\/2025\/07\/S-AL012A16.jpg","contentUrl":"https:\/\/fodurlandid.is\/wp-content\/uploads\/2025\/07\/S-AL012A16.jpg","width":600,"height":600},{"@type":"BreadcrumbList","@id":"https:\/\/fodurlandid.is\/vara\/s-al012a16\/#breadcrumb","itemListElement":[{"@type":"ListItem","position":1,"name":"Home","item":"https:\/\/fodurlandid.is\/"},{"@type":"ListItem","position":2,"name":"Shop","item":"https:\/\/www.vorulagerinn.is\/heildsala\/en\/shop\/"},{"@type":"ListItem","position":3,"name":"2.4A gagna- og hle\u00f0slusn\u00fara me\u00f0 LED skj\u00e1. USB-A \u00ed Lightning tengi &#8211; 1,2 metra sn\u00fara"}]},{"@type":"WebSite","@id":"https:\/\/fodurlandid.is\/#website","url":"https:\/\/fodurlandid.is\/","name":"F\u00f6\u00f0urlandi\u00f0 ehf, heildsala","description":"Innflutnings, umbo&eth;s- og dreifingara&eth;ili","publisher":{"@id":"https:\/\/fodurlandid.is\/#organization"},"alternateName":"Innflutnings, umbo\u00f0s- og dreifingara\u00f0ili","potentialAction":[{"@type":"SearchAction","target":{"@type":"EntryPoint","urlTemplate":"https:\/\/fodurlandid.is\/?s={search_term_string}"},"query-input":{"@type":"PropertyValueSpecification","valueRequired":true,"valueName":"search_term_string"}}],"inLanguage":"en-US"},{"@type":"Organization","@id":"https:\/\/fodurlandid.is\/#organization","name":"Innflutnings, umbo\u00f0s- og dreifingara\u00f0ili","url":"https:\/\/fodurlandid.is\/","logo":{"@type":"ImageObject","inLanguage":"en-US","@id":"https:\/\/fodurlandid.is\/#\/schema\/logo\/image\/","url":"https:\/\/fodurlandid.is\/wp-content\/uploads\/2024\/05\/Fodurlandid.png","contentUrl":"https:\/\/fodurlandid.is\/wp-content\/uploads\/2024\/05\/Fodurlandid.png","width":400,"height":293,"caption":"Innflutnings, umbo\u00f0s- og dreifingara\u00f0ili"},"image":{"@id":"https:\/\/fodurlandid.is\/#\/schema\/logo\/image\/"}}]}},"_links":{"self":[{"href":"https:\/\/fodurlandid.is\/en\/wp-json\/wp\/v2\/product\/24899","targetHints":{"allow":["GET"]}}],"collection":[{"href":"https:\/\/fodurlandid.is\/en\/wp-json\/wp\/v2\/product"}],"about":[{"href":"https:\/\/fodurlandid.is\/en\/wp-json\/wp\/v2\/types\/product"}],"wp:featuredmedia":[{"embeddable":true,"href":"https:\/\/fodurlandid.is\/en\/wp-json\/wp\/v2\/media\/24902"}],"wp:attachment":[{"href":"https:\/\/fodurlandid.is\/en\/wp-json\/wp\/v2\/media?parent=24899"}],"wp:term":[{"taxonomy":"product_brand","embeddable":true,"href":"https:\/\/fodurlandid.is\/en\/wp-json\/wp\/v2\/product_brand?post=24899"},{"taxonomy":"product_cat","embeddable":true,"href":"https:\/\/fodurlandid.is\/en\/wp-json\/wp\/v2\/product_cat?post=24899"},{"taxonomy":"product_tag","embeddable":true,"href":"https:\/\/fodurlandid.is\/en\/wp-json\/wp\/v2\/product_tag?post=24899"}],"curies":[{"name":"wp","href":"https:\/\/api.w.org\/{rel}","templated":true}]}}