{"id":24884,"date":"2025-07-26T08:26:12","date_gmt":"2025-07-26T08:26:12","guid":{"rendered":"https:\/\/fodurlandid.is\/?post_type=product&#038;p=24884"},"modified":"2026-02-15T17:44:14","modified_gmt":"2026-02-15T17:44:14","slug":"s-a37","status":"publish","type":"product","link":"https:\/\/fodurlandid.is\/en\/product\/s-a37\/","title":{"rendered":"4 in 1 gagna- og hle\u00f0slusn\u00fara. USB-A + USB-C \u00ed Lightning + USB-C (1,2 metrar)"},"content":{"rendered":"","protected":false},"excerpt":{"rendered":"<p>Fj\u00f6lnota 4 in 1 gagna- og hra\u00f0hle\u00f0slusn\u00fara fyrir Apple og Android sem b\u00fd\u00f0ur upp \u00e1 marga m\u00f6guleika. 3A hra\u00f0hle\u00f0sla fyrir USB-A \u00ed Lightning og USB-A \u00ed USB-C tengi. 30W USB-C \u00ed Lightning fyrir Apple snjalls\u00edma, spjaldt\u00f6lvur. 60W USB-C \u00ed USB-C tengi fyrir Android snjalls\u00edma, spjaldt\u00f6lvur, fer\u00f0av\u00e9lar og switch.<\/p>\n<p>\u2013 Litur: Svartur<br \/>\n\u2013 Lengd: 1,2 metrar<br \/>\n\u2013 \u00deyngd: 122g<br \/>\n\u2013 Gagnaflutningur: 480 Mbps<br \/>\n\u2013 USB-A + USB-C \u00ed Lightning + USB-C<br \/>\n\u2013 Vottun: CE, RHOS, FCC og UKCA<\/p>\n","protected":false},"featured_media":24885,"template":"","meta":[],"product_brand":[390],"product_cat":[424,421,423,422],"product_tag":[],"class_list":{"0":"post-24884","1":"product","2":"type-product","3":"status-publish","4":"has-post-thumbnail","6":"product_brand-joyroom","7":"product_cat-usb-a-i-lightning","8":"product_cat-usb-a-i-usb-c","9":"product_cat-usb-c-i-lightning","10":"product_cat-usb-c-i-usb-c","12":"first","13":"instock","14":"taxable","15":"shipping-taxable","16":"product-type-simple"},"yoast_head":"<!-- This site is optimized with the Yoast SEO Premium plugin v21.5 (Yoast SEO v27.4) - https:\/\/yoast.com\/product\/yoast-seo-premium-wordpress\/ -->\n<title>3A hle\u00f0slusn\u00fara USB-A + USB-C \u00ed Lightning + USB-C tengi<\/title>\n<meta name=\"description\" content=\"4 in 1 hra\u00f0hle\u00f0slusn\u00fara fyrir Apple og Android. 3A hra\u00f0hle\u00f0sla fyrir USB-A \u00ed Lightning og USB-A \u00ed USB-C tengi fyrir snjalls\u00edma, spjaldt\u00f6lvur &amp; fer\u00f0av\u00e9lar.\" \/>\n<meta name=\"robots\" content=\"index, follow, max-snippet:-1, max-image-preview:large, max-video-preview:-1\" \/>\n<link rel=\"canonical\" href=\"https:\/\/fodurlandid.is\/vara\/s-a37\/\" \/>\n<meta property=\"og:locale\" content=\"en_US\" \/>\n<meta property=\"og:type\" content=\"article\" \/>\n<meta property=\"og:title\" content=\"4 in 1 gagna- og hle\u00f0slusn\u00fara. USB-A + USB-C \u00ed Lightning + USB-C (1,2 metrar)\" \/>\n<meta property=\"og:description\" content=\"4 in 1 hra\u00f0hle\u00f0slusn\u00fara fyrir Apple og Android. 3A hra\u00f0hle\u00f0sla fyrir USB-A \u00ed Lightning og USB-A \u00ed USB-C tengi fyrir snjalls\u00edma, spjaldt\u00f6lvur &amp; fer\u00f0av\u00e9lar.\" \/>\n<meta property=\"og:url\" content=\"https:\/\/fodurlandid.is\/vara\/s-a37\/\" \/>\n<meta property=\"og:site_name\" content=\"F&ouml;&eth;urlandi&eth; heildsala\" \/>\n<meta property=\"article:modified_time\" content=\"2026-02-15T17:44:14+00:00\" \/>\n<meta property=\"og:image\" content=\"https:\/\/fodurlandid.is\/wp-content\/uploads\/2025\/07\/S-A37.jpg\" \/>\n\t<meta property=\"og:image:width\" content=\"600\" \/>\n\t<meta property=\"og:image:height\" content=\"600\" \/>\n\t<meta property=\"og:image:type\" content=\"image\/jpeg\" \/>\n<meta name=\"twitter:card\" content=\"summary_large_image\" \/>\n<meta name=\"twitter:label1\" content=\"Est. reading time\" \/>\n\t<meta name=\"twitter:data1\" content=\"1 minute\" \/>\n<script type=\"application\/ld+json\" class=\"yoast-schema-graph\">{\"@context\":\"https:\\\/\\\/schema.org\",\"@graph\":[{\"@type\":\"WebPage\",\"@id\":\"https:\\\/\\\/fodurlandid.is\\\/vara\\\/s-a37\\\/\",\"url\":\"https:\\\/\\\/fodurlandid.is\\\/vara\\\/s-a37\\\/\",\"name\":\"3A hle\u00f0slusn\u00fara USB-A + USB-C \u00ed Lightning + USB-C tengi\",\"isPartOf\":{\"@id\":\"https:\\\/\\\/fodurlandid.is\\\/#website\"},\"primaryImageOfPage\":{\"@id\":\"https:\\\/\\\/fodurlandid.is\\\/vara\\\/s-a37\\\/#primaryimage\"},\"image\":{\"@id\":\"https:\\\/\\\/fodurlandid.is\\\/vara\\\/s-a37\\\/#primaryimage\"},\"thumbnailUrl\":\"https:\\\/\\\/fodurlandid.is\\\/wp-content\\\/uploads\\\/2025\\\/07\\\/S-A37.jpg\",\"datePublished\":\"2025-07-26T08:26:12+00:00\",\"dateModified\":\"2026-02-15T17:44:14+00:00\",\"description\":\"4 in 1 hra\u00f0hle\u00f0slusn\u00fara fyrir Apple og Android. 3A hra\u00f0hle\u00f0sla fyrir USB-A \u00ed Lightning og USB-A \u00ed USB-C tengi fyrir snjalls\u00edma, spjaldt\u00f6lvur & fer\u00f0av\u00e9lar.\",\"breadcrumb\":{\"@id\":\"https:\\\/\\\/fodurlandid.is\\\/vara\\\/s-a37\\\/#breadcrumb\"},\"inLanguage\":\"en-US\",\"potentialAction\":[{\"@type\":\"ReadAction\",\"target\":[\"https:\\\/\\\/fodurlandid.is\\\/vara\\\/s-a37\\\/\"]}]},{\"@type\":\"ImageObject\",\"inLanguage\":\"en-US\",\"@id\":\"https:\\\/\\\/fodurlandid.is\\\/vara\\\/s-a37\\\/#primaryimage\",\"url\":\"https:\\\/\\\/fodurlandid.is\\\/wp-content\\\/uploads\\\/2025\\\/07\\\/S-A37.jpg\",\"contentUrl\":\"https:\\\/\\\/fodurlandid.is\\\/wp-content\\\/uploads\\\/2025\\\/07\\\/S-A37.jpg\",\"width\":600,\"height\":600},{\"@type\":\"BreadcrumbList\",\"@id\":\"https:\\\/\\\/fodurlandid.is\\\/vara\\\/s-a37\\\/#breadcrumb\",\"itemListElement\":[{\"@type\":\"ListItem\",\"position\":1,\"name\":\"Home\",\"item\":\"https:\\\/\\\/fodurlandid.is\\\/\"},{\"@type\":\"ListItem\",\"position\":2,\"name\":\"Shop\",\"item\":\"https:\\\/\\\/www.vorulagerinn.is\\\/heildsala\\\/en\\\/shop\\\/\"},{\"@type\":\"ListItem\",\"position\":3,\"name\":\"4 in 1 gagna- og hle\u00f0slusn\u00fara. USB-A + USB-C \u00ed Lightning + USB-C (1,2 metrar)\"}]},{\"@type\":\"WebSite\",\"@id\":\"https:\\\/\\\/fodurlandid.is\\\/#website\",\"url\":\"https:\\\/\\\/fodurlandid.is\\\/\",\"name\":\"F\u00f6\u00f0urlandi\u00f0 ehf, heildsala\",\"description\":\"Innflutnings, umbo&eth;s- og dreifingara&eth;ili\",\"publisher\":{\"@id\":\"https:\\\/\\\/fodurlandid.is\\\/#organization\"},\"alternateName\":\"Innflutnings, umbo\u00f0s- og dreifingara\u00f0ili\",\"potentialAction\":[{\"@type\":\"SearchAction\",\"target\":{\"@type\":\"EntryPoint\",\"urlTemplate\":\"https:\\\/\\\/fodurlandid.is\\\/?s={search_term_string}\"},\"query-input\":{\"@type\":\"PropertyValueSpecification\",\"valueRequired\":true,\"valueName\":\"search_term_string\"}}],\"inLanguage\":\"en-US\"},{\"@type\":\"Organization\",\"@id\":\"https:\\\/\\\/fodurlandid.is\\\/#organization\",\"name\":\"Innflutnings, umbo\u00f0s- og dreifingara\u00f0ili\",\"url\":\"https:\\\/\\\/fodurlandid.is\\\/\",\"logo\":{\"@type\":\"ImageObject\",\"inLanguage\":\"en-US\",\"@id\":\"https:\\\/\\\/fodurlandid.is\\\/#\\\/schema\\\/logo\\\/image\\\/\",\"url\":\"https:\\\/\\\/fodurlandid.is\\\/wp-content\\\/uploads\\\/2024\\\/05\\\/Fodurlandid.png\",\"contentUrl\":\"https:\\\/\\\/fodurlandid.is\\\/wp-content\\\/uploads\\\/2024\\\/05\\\/Fodurlandid.png\",\"width\":400,\"height\":293,\"caption\":\"Innflutnings, umbo\u00f0s- og dreifingara\u00f0ili\"},\"image\":{\"@id\":\"https:\\\/\\\/fodurlandid.is\\\/#\\\/schema\\\/logo\\\/image\\\/\"}}]}<\/script>\n<!-- \/ Yoast SEO Premium plugin. -->","yoast_head_json":{"title":"3A hle\u00f0slusn\u00fara USB-A + USB-C \u00ed Lightning + USB-C tengi","description":"4 in 1 hra\u00f0hle\u00f0slusn\u00fara fyrir Apple og Android. 3A hra\u00f0hle\u00f0sla fyrir USB-A \u00ed Lightning og USB-A \u00ed USB-C tengi fyrir snjalls\u00edma, spjaldt\u00f6lvur & fer\u00f0av\u00e9lar.","robots":{"index":"index","follow":"follow","max-snippet":"max-snippet:-1","max-image-preview":"max-image-preview:large","max-video-preview":"max-video-preview:-1"},"canonical":"https:\/\/fodurlandid.is\/vara\/s-a37\/","og_locale":"en_US","og_type":"article","og_title":"4 in 1 gagna- og hle\u00f0slusn\u00fara. USB-A + USB-C \u00ed Lightning + USB-C (1,2 metrar)","og_description":"4 in 1 hra\u00f0hle\u00f0slusn\u00fara fyrir Apple og Android. 3A hra\u00f0hle\u00f0sla fyrir USB-A \u00ed Lightning og USB-A \u00ed USB-C tengi fyrir snjalls\u00edma, spjaldt\u00f6lvur & fer\u00f0av\u00e9lar.","og_url":"https:\/\/fodurlandid.is\/vara\/s-a37\/","og_site_name":"F&ouml;&eth;urlandi&eth; heildsala","article_modified_time":"2026-02-15T17:44:14+00:00","og_image":[{"width":600,"height":600,"url":"https:\/\/fodurlandid.is\/wp-content\/uploads\/2025\/07\/S-A37.jpg","type":"image\/jpeg"}],"twitter_card":"summary_large_image","twitter_misc":{"Est. reading time":"1 minute"},"schema":{"@context":"https:\/\/schema.org","@graph":[{"@type":"WebPage","@id":"https:\/\/fodurlandid.is\/vara\/s-a37\/","url":"https:\/\/fodurlandid.is\/vara\/s-a37\/","name":"3A hle\u00f0slusn\u00fara USB-A + USB-C \u00ed Lightning + USB-C tengi","isPartOf":{"@id":"https:\/\/fodurlandid.is\/#website"},"primaryImageOfPage":{"@id":"https:\/\/fodurlandid.is\/vara\/s-a37\/#primaryimage"},"image":{"@id":"https:\/\/fodurlandid.is\/vara\/s-a37\/#primaryimage"},"thumbnailUrl":"https:\/\/fodurlandid.is\/wp-content\/uploads\/2025\/07\/S-A37.jpg","datePublished":"2025-07-26T08:26:12+00:00","dateModified":"2026-02-15T17:44:14+00:00","description":"4 in 1 hra\u00f0hle\u00f0slusn\u00fara fyrir Apple og Android. 3A hra\u00f0hle\u00f0sla fyrir USB-A \u00ed Lightning og USB-A \u00ed USB-C tengi fyrir snjalls\u00edma, spjaldt\u00f6lvur & fer\u00f0av\u00e9lar.","breadcrumb":{"@id":"https:\/\/fodurlandid.is\/vara\/s-a37\/#breadcrumb"},"inLanguage":"en-US","potentialAction":[{"@type":"ReadAction","target":["https:\/\/fodurlandid.is\/vara\/s-a37\/"]}]},{"@type":"ImageObject","inLanguage":"en-US","@id":"https:\/\/fodurlandid.is\/vara\/s-a37\/#primaryimage","url":"https:\/\/fodurlandid.is\/wp-content\/uploads\/2025\/07\/S-A37.jpg","contentUrl":"https:\/\/fodurlandid.is\/wp-content\/uploads\/2025\/07\/S-A37.jpg","width":600,"height":600},{"@type":"BreadcrumbList","@id":"https:\/\/fodurlandid.is\/vara\/s-a37\/#breadcrumb","itemListElement":[{"@type":"ListItem","position":1,"name":"Home","item":"https:\/\/fodurlandid.is\/"},{"@type":"ListItem","position":2,"name":"Shop","item":"https:\/\/www.vorulagerinn.is\/heildsala\/en\/shop\/"},{"@type":"ListItem","position":3,"name":"4 in 1 gagna- og hle\u00f0slusn\u00fara. USB-A + USB-C \u00ed Lightning + USB-C (1,2 metrar)"}]},{"@type":"WebSite","@id":"https:\/\/fodurlandid.is\/#website","url":"https:\/\/fodurlandid.is\/","name":"F\u00f6\u00f0urlandi\u00f0 ehf, heildsala","description":"Innflutnings, umbo&eth;s- og dreifingara&eth;ili","publisher":{"@id":"https:\/\/fodurlandid.is\/#organization"},"alternateName":"Innflutnings, umbo\u00f0s- og dreifingara\u00f0ili","potentialAction":[{"@type":"SearchAction","target":{"@type":"EntryPoint","urlTemplate":"https:\/\/fodurlandid.is\/?s={search_term_string}"},"query-input":{"@type":"PropertyValueSpecification","valueRequired":true,"valueName":"search_term_string"}}],"inLanguage":"en-US"},{"@type":"Organization","@id":"https:\/\/fodurlandid.is\/#organization","name":"Innflutnings, umbo\u00f0s- og dreifingara\u00f0ili","url":"https:\/\/fodurlandid.is\/","logo":{"@type":"ImageObject","inLanguage":"en-US","@id":"https:\/\/fodurlandid.is\/#\/schema\/logo\/image\/","url":"https:\/\/fodurlandid.is\/wp-content\/uploads\/2024\/05\/Fodurlandid.png","contentUrl":"https:\/\/fodurlandid.is\/wp-content\/uploads\/2024\/05\/Fodurlandid.png","width":400,"height":293,"caption":"Innflutnings, umbo\u00f0s- og dreifingara\u00f0ili"},"image":{"@id":"https:\/\/fodurlandid.is\/#\/schema\/logo\/image\/"}}]}},"_links":{"self":[{"href":"https:\/\/fodurlandid.is\/en\/wp-json\/wp\/v2\/product\/24884","targetHints":{"allow":["GET"]}}],"collection":[{"href":"https:\/\/fodurlandid.is\/en\/wp-json\/wp\/v2\/product"}],"about":[{"href":"https:\/\/fodurlandid.is\/en\/wp-json\/wp\/v2\/types\/product"}],"wp:featuredmedia":[{"embeddable":true,"href":"https:\/\/fodurlandid.is\/en\/wp-json\/wp\/v2\/media\/24885"}],"wp:attachment":[{"href":"https:\/\/fodurlandid.is\/en\/wp-json\/wp\/v2\/media?parent=24884"}],"wp:term":[{"taxonomy":"product_brand","embeddable":true,"href":"https:\/\/fodurlandid.is\/en\/wp-json\/wp\/v2\/product_brand?post=24884"},{"taxonomy":"product_cat","embeddable":true,"href":"https:\/\/fodurlandid.is\/en\/wp-json\/wp\/v2\/product_cat?post=24884"},{"taxonomy":"product_tag","embeddable":true,"href":"https:\/\/fodurlandid.is\/en\/wp-json\/wp\/v2\/product_tag?post=24884"}],"curies":[{"name":"wp","href":"https:\/\/api.w.org\/{rel}","templated":true}]}}