{"id":24881,"date":"2025-07-25T19:51:50","date_gmt":"2025-07-25T19:51:50","guid":{"rendered":"https:\/\/fodurlandid.is\/?post_type=product&#038;p=24881"},"modified":"2026-01-16T17:57:42","modified_gmt":"2026-01-16T17:57:42","slug":"s-a28_ctoc","status":"publish","type":"product","link":"https:\/\/fodurlandid.is\/en\/product\/s-a28_ctoc\/","title":{"rendered":"60W hra\u00f0hle\u00f0slusn\u00fara me\u00f0 USB-C \u00ed USB-C tengi &#8211; 2 metrar"},"content":{"rendered":"","protected":false},"excerpt":{"rendered":"<p>\u00d6flug og hr\u00f6\u00f0 gagna- og hra\u00f0hle\u00f0slusn\u00fara fyrir \u00fe\u00e1 sem vilja \u00f6fluga og \u00f6rugga hle\u00f0slu fyrir Android s\u00edma, fart\u00f6lvur, spjaldt\u00f6lvur e\u00f0a \u00f6nnur USB-C t\u00e6ki. Me\u00f0 allt a\u00f0 60W tryggir sn\u00faran skj\u00f3tari og skilvirkari hle\u00f0slu, hvort sem \u00fe\u00fa ert \u00e1 fer\u00f0inni, \u00ed b\u00edlnum, vinnunni e\u00f0a heima.<\/p>\n<p>\u2013 Litur: Svartur<br \/>\n\u2013 Lengd: 2 metrar<br \/>\n\u2013 Tengi: USB-C \u00ed USB-C<br \/>\n\u2013 H\u00e1marksafl: 60W<br \/>\n\u2013 Vottun: CE &amp; ROHS<\/p>\n","protected":false},"featured_media":24882,"template":"","meta":[],"product_brand":[390],"product_cat":[422],"product_tag":[],"class_list":{"0":"post-24881","1":"product","2":"type-product","3":"status-publish","4":"has-post-thumbnail","6":"product_brand-joyroom","7":"product_cat-usb-c-i-usb-c","9":"first","10":"instock","11":"taxable","12":"shipping-taxable","13":"product-type-simple"},"yoast_head":"<!-- This site is optimized with the Yoast SEO Premium plugin v21.5 (Yoast SEO v27.5) - https:\/\/yoast.com\/product\/yoast-seo-premium-wordpress\/ -->\n<title>60W hra\u00f0hle\u00f0slusn\u00fara (2 metrar) USB-C \u00ed USB-C tengi<\/title>\n<meta name=\"description\" content=\"F\u00e1\u00f0u \u00f6fluga hle\u00f0slu me\u00f0 60W hra\u00f0hle\u00f0slusn\u00faru | USB-C \u00ed USB-C tengi. Fullkomin fyrir \u00f6ll USB-C t\u00e6ki (Apple &amp; Android).\" \/>\n<meta name=\"robots\" content=\"index, follow, max-snippet:-1, max-image-preview:large, max-video-preview:-1\" \/>\n<link rel=\"canonical\" href=\"https:\/\/fodurlandid.is\/vara\/s-a28_ctoc\/\" \/>\n<meta property=\"og:locale\" content=\"en_US\" \/>\n<meta property=\"og:type\" content=\"article\" \/>\n<meta property=\"og:title\" content=\"60W hra\u00f0hle\u00f0slusn\u00fara me\u00f0 USB-C \u00ed USB-C tengi - 2 metrar\" \/>\n<meta property=\"og:description\" content=\"F\u00e1\u00f0u \u00f6fluga hle\u00f0slu me\u00f0 60W hra\u00f0hle\u00f0slusn\u00faru | USB-C \u00ed USB-C tengi. Fullkomin fyrir \u00f6ll USB-C t\u00e6ki (Apple &amp; Android).\" \/>\n<meta property=\"og:url\" content=\"https:\/\/fodurlandid.is\/vara\/s-a28_ctoc\/\" \/>\n<meta property=\"og:site_name\" content=\"F&ouml;&eth;urlandi&eth; heildsala\" \/>\n<meta property=\"article:modified_time\" content=\"2026-01-16T17:57:42+00:00\" \/>\n<meta property=\"og:image\" content=\"https:\/\/fodurlandid.is\/wp-content\/uploads\/2025\/07\/A28_CtoC.jpg\" \/>\n\t<meta property=\"og:image:width\" content=\"600\" \/>\n\t<meta property=\"og:image:height\" content=\"600\" \/>\n\t<meta property=\"og:image:type\" content=\"image\/jpeg\" \/>\n<meta name=\"twitter:card\" content=\"summary_large_image\" \/>\n<meta name=\"twitter:label1\" content=\"Est. reading time\" \/>\n\t<meta name=\"twitter:data1\" content=\"1 minute\" \/>\n<script type=\"application\/ld+json\" class=\"yoast-schema-graph\">{\"@context\":\"https:\\\/\\\/schema.org\",\"@graph\":[{\"@type\":\"WebPage\",\"@id\":\"https:\\\/\\\/fodurlandid.is\\\/vara\\\/s-a28_ctoc\\\/\",\"url\":\"https:\\\/\\\/fodurlandid.is\\\/vara\\\/s-a28_ctoc\\\/\",\"name\":\"60W hra\u00f0hle\u00f0slusn\u00fara (2 metrar) USB-C \u00ed USB-C tengi\",\"isPartOf\":{\"@id\":\"https:\\\/\\\/fodurlandid.is\\\/#website\"},\"primaryImageOfPage\":{\"@id\":\"https:\\\/\\\/fodurlandid.is\\\/vara\\\/s-a28_ctoc\\\/#primaryimage\"},\"image\":{\"@id\":\"https:\\\/\\\/fodurlandid.is\\\/vara\\\/s-a28_ctoc\\\/#primaryimage\"},\"thumbnailUrl\":\"https:\\\/\\\/fodurlandid.is\\\/wp-content\\\/uploads\\\/2025\\\/07\\\/A28_CtoC.jpg\",\"datePublished\":\"2025-07-25T19:51:50+00:00\",\"dateModified\":\"2026-01-16T17:57:42+00:00\",\"description\":\"F\u00e1\u00f0u \u00f6fluga hle\u00f0slu me\u00f0 60W hra\u00f0hle\u00f0slusn\u00faru | USB-C \u00ed USB-C tengi. Fullkomin fyrir \u00f6ll USB-C t\u00e6ki (Apple & Android).\",\"breadcrumb\":{\"@id\":\"https:\\\/\\\/fodurlandid.is\\\/vara\\\/s-a28_ctoc\\\/#breadcrumb\"},\"inLanguage\":\"en-US\",\"potentialAction\":[{\"@type\":\"ReadAction\",\"target\":[\"https:\\\/\\\/fodurlandid.is\\\/vara\\\/s-a28_ctoc\\\/\"]}]},{\"@type\":\"ImageObject\",\"inLanguage\":\"en-US\",\"@id\":\"https:\\\/\\\/fodurlandid.is\\\/vara\\\/s-a28_ctoc\\\/#primaryimage\",\"url\":\"https:\\\/\\\/fodurlandid.is\\\/wp-content\\\/uploads\\\/2025\\\/07\\\/A28_CtoC.jpg\",\"contentUrl\":\"https:\\\/\\\/fodurlandid.is\\\/wp-content\\\/uploads\\\/2025\\\/07\\\/A28_CtoC.jpg\",\"width\":600,\"height\":600},{\"@type\":\"BreadcrumbList\",\"@id\":\"https:\\\/\\\/fodurlandid.is\\\/vara\\\/s-a28_ctoc\\\/#breadcrumb\",\"itemListElement\":[{\"@type\":\"ListItem\",\"position\":1,\"name\":\"Home\",\"item\":\"https:\\\/\\\/fodurlandid.is\\\/\"},{\"@type\":\"ListItem\",\"position\":2,\"name\":\"Shop\",\"item\":\"https:\\\/\\\/www.vorulagerinn.is\\\/heildsala\\\/en\\\/shop\\\/\"},{\"@type\":\"ListItem\",\"position\":3,\"name\":\"60W hra\u00f0hle\u00f0slusn\u00fara me\u00f0 USB-C \u00ed USB-C tengi &#8211; 2 metrar\"}]},{\"@type\":\"WebSite\",\"@id\":\"https:\\\/\\\/fodurlandid.is\\\/#website\",\"url\":\"https:\\\/\\\/fodurlandid.is\\\/\",\"name\":\"F\u00f6\u00f0urlandi\u00f0 ehf, heildsala\",\"description\":\"Innflutnings, umbo&eth;s- og dreifingara&eth;ili\",\"publisher\":{\"@id\":\"https:\\\/\\\/fodurlandid.is\\\/#organization\"},\"alternateName\":\"Innflutnings, umbo\u00f0s- og dreifingara\u00f0ili\",\"potentialAction\":[{\"@type\":\"SearchAction\",\"target\":{\"@type\":\"EntryPoint\",\"urlTemplate\":\"https:\\\/\\\/fodurlandid.is\\\/?s={search_term_string}\"},\"query-input\":{\"@type\":\"PropertyValueSpecification\",\"valueRequired\":true,\"valueName\":\"search_term_string\"}}],\"inLanguage\":\"en-US\"},{\"@type\":\"Organization\",\"@id\":\"https:\\\/\\\/fodurlandid.is\\\/#organization\",\"name\":\"Innflutnings, umbo\u00f0s- og dreifingara\u00f0ili\",\"url\":\"https:\\\/\\\/fodurlandid.is\\\/\",\"logo\":{\"@type\":\"ImageObject\",\"inLanguage\":\"en-US\",\"@id\":\"https:\\\/\\\/fodurlandid.is\\\/#\\\/schema\\\/logo\\\/image\\\/\",\"url\":\"https:\\\/\\\/fodurlandid.is\\\/wp-content\\\/uploads\\\/2024\\\/05\\\/Fodurlandid.png\",\"contentUrl\":\"https:\\\/\\\/fodurlandid.is\\\/wp-content\\\/uploads\\\/2024\\\/05\\\/Fodurlandid.png\",\"width\":400,\"height\":293,\"caption\":\"Innflutnings, umbo\u00f0s- og dreifingara\u00f0ili\"},\"image\":{\"@id\":\"https:\\\/\\\/fodurlandid.is\\\/#\\\/schema\\\/logo\\\/image\\\/\"}}]}<\/script>\n<!-- \/ Yoast SEO Premium plugin. -->","yoast_head_json":{"title":"60W hra\u00f0hle\u00f0slusn\u00fara (2 metrar) USB-C \u00ed USB-C tengi","description":"F\u00e1\u00f0u \u00f6fluga hle\u00f0slu me\u00f0 60W hra\u00f0hle\u00f0slusn\u00faru | USB-C \u00ed USB-C tengi. Fullkomin fyrir \u00f6ll USB-C t\u00e6ki (Apple & Android).","robots":{"index":"index","follow":"follow","max-snippet":"max-snippet:-1","max-image-preview":"max-image-preview:large","max-video-preview":"max-video-preview:-1"},"canonical":"https:\/\/fodurlandid.is\/vara\/s-a28_ctoc\/","og_locale":"en_US","og_type":"article","og_title":"60W hra\u00f0hle\u00f0slusn\u00fara me\u00f0 USB-C \u00ed USB-C tengi - 2 metrar","og_description":"F\u00e1\u00f0u \u00f6fluga hle\u00f0slu me\u00f0 60W hra\u00f0hle\u00f0slusn\u00faru | USB-C \u00ed USB-C tengi. Fullkomin fyrir \u00f6ll USB-C t\u00e6ki (Apple & Android).","og_url":"https:\/\/fodurlandid.is\/vara\/s-a28_ctoc\/","og_site_name":"F&ouml;&eth;urlandi&eth; heildsala","article_modified_time":"2026-01-16T17:57:42+00:00","og_image":[{"width":600,"height":600,"url":"https:\/\/fodurlandid.is\/wp-content\/uploads\/2025\/07\/A28_CtoC.jpg","type":"image\/jpeg"}],"twitter_card":"summary_large_image","twitter_misc":{"Est. reading time":"1 minute"},"schema":{"@context":"https:\/\/schema.org","@graph":[{"@type":"WebPage","@id":"https:\/\/fodurlandid.is\/vara\/s-a28_ctoc\/","url":"https:\/\/fodurlandid.is\/vara\/s-a28_ctoc\/","name":"60W hra\u00f0hle\u00f0slusn\u00fara (2 metrar) USB-C \u00ed USB-C tengi","isPartOf":{"@id":"https:\/\/fodurlandid.is\/#website"},"primaryImageOfPage":{"@id":"https:\/\/fodurlandid.is\/vara\/s-a28_ctoc\/#primaryimage"},"image":{"@id":"https:\/\/fodurlandid.is\/vara\/s-a28_ctoc\/#primaryimage"},"thumbnailUrl":"https:\/\/fodurlandid.is\/wp-content\/uploads\/2025\/07\/A28_CtoC.jpg","datePublished":"2025-07-25T19:51:50+00:00","dateModified":"2026-01-16T17:57:42+00:00","description":"F\u00e1\u00f0u \u00f6fluga hle\u00f0slu me\u00f0 60W hra\u00f0hle\u00f0slusn\u00faru | USB-C \u00ed USB-C tengi. Fullkomin fyrir \u00f6ll USB-C t\u00e6ki (Apple & Android).","breadcrumb":{"@id":"https:\/\/fodurlandid.is\/vara\/s-a28_ctoc\/#breadcrumb"},"inLanguage":"en-US","potentialAction":[{"@type":"ReadAction","target":["https:\/\/fodurlandid.is\/vara\/s-a28_ctoc\/"]}]},{"@type":"ImageObject","inLanguage":"en-US","@id":"https:\/\/fodurlandid.is\/vara\/s-a28_ctoc\/#primaryimage","url":"https:\/\/fodurlandid.is\/wp-content\/uploads\/2025\/07\/A28_CtoC.jpg","contentUrl":"https:\/\/fodurlandid.is\/wp-content\/uploads\/2025\/07\/A28_CtoC.jpg","width":600,"height":600},{"@type":"BreadcrumbList","@id":"https:\/\/fodurlandid.is\/vara\/s-a28_ctoc\/#breadcrumb","itemListElement":[{"@type":"ListItem","position":1,"name":"Home","item":"https:\/\/fodurlandid.is\/"},{"@type":"ListItem","position":2,"name":"Shop","item":"https:\/\/www.vorulagerinn.is\/heildsala\/en\/shop\/"},{"@type":"ListItem","position":3,"name":"60W hra\u00f0hle\u00f0slusn\u00fara me\u00f0 USB-C \u00ed USB-C tengi &#8211; 2 metrar"}]},{"@type":"WebSite","@id":"https:\/\/fodurlandid.is\/#website","url":"https:\/\/fodurlandid.is\/","name":"F\u00f6\u00f0urlandi\u00f0 ehf, heildsala","description":"Innflutnings, umbo&eth;s- og dreifingara&eth;ili","publisher":{"@id":"https:\/\/fodurlandid.is\/#organization"},"alternateName":"Innflutnings, umbo\u00f0s- og dreifingara\u00f0ili","potentialAction":[{"@type":"SearchAction","target":{"@type":"EntryPoint","urlTemplate":"https:\/\/fodurlandid.is\/?s={search_term_string}"},"query-input":{"@type":"PropertyValueSpecification","valueRequired":true,"valueName":"search_term_string"}}],"inLanguage":"en-US"},{"@type":"Organization","@id":"https:\/\/fodurlandid.is\/#organization","name":"Innflutnings, umbo\u00f0s- og dreifingara\u00f0ili","url":"https:\/\/fodurlandid.is\/","logo":{"@type":"ImageObject","inLanguage":"en-US","@id":"https:\/\/fodurlandid.is\/#\/schema\/logo\/image\/","url":"https:\/\/fodurlandid.is\/wp-content\/uploads\/2024\/05\/Fodurlandid.png","contentUrl":"https:\/\/fodurlandid.is\/wp-content\/uploads\/2024\/05\/Fodurlandid.png","width":400,"height":293,"caption":"Innflutnings, umbo\u00f0s- og dreifingara\u00f0ili"},"image":{"@id":"https:\/\/fodurlandid.is\/#\/schema\/logo\/image\/"}}]}},"_links":{"self":[{"href":"https:\/\/fodurlandid.is\/en\/wp-json\/wp\/v2\/product\/24881","targetHints":{"allow":["GET"]}}],"collection":[{"href":"https:\/\/fodurlandid.is\/en\/wp-json\/wp\/v2\/product"}],"about":[{"href":"https:\/\/fodurlandid.is\/en\/wp-json\/wp\/v2\/types\/product"}],"wp:featuredmedia":[{"embeddable":true,"href":"https:\/\/fodurlandid.is\/en\/wp-json\/wp\/v2\/media\/24882"}],"wp:attachment":[{"href":"https:\/\/fodurlandid.is\/en\/wp-json\/wp\/v2\/media?parent=24881"}],"wp:term":[{"taxonomy":"product_brand","embeddable":true,"href":"https:\/\/fodurlandid.is\/en\/wp-json\/wp\/v2\/product_brand?post=24881"},{"taxonomy":"product_cat","embeddable":true,"href":"https:\/\/fodurlandid.is\/en\/wp-json\/wp\/v2\/product_cat?post=24881"},{"taxonomy":"product_tag","embeddable":true,"href":"https:\/\/fodurlandid.is\/en\/wp-json\/wp\/v2\/product_tag?post=24881"}],"curies":[{"name":"wp","href":"https:\/\/api.w.org\/{rel}","templated":true}]}}