{"id":24844,"date":"2025-07-25T11:19:30","date_gmt":"2025-07-25T11:19:30","guid":{"rendered":"https:\/\/fodurlandid.is\/?post_type=product&#038;p=24844"},"modified":"2025-09-21T11:55:51","modified_gmt":"2025-09-21T11:55:51","slug":"sa21","status":"publish","type":"product","link":"https:\/\/fodurlandid.is\/en\/product\/sa21\/","title":{"rendered":"100W h\u00e1hra\u00f0a 6 in 1 gagna- og hle\u00f0slusn\u00fara (1,5m) &#8211; USB-A &#038; USB-C \u00ed Lightning, USB-C &#038; Micro-USB"},"content":{"rendered":"","protected":false},"excerpt":{"rendered":"<p>Fj\u00f6lnota 6 in 1 gagna- og hra\u00f0hle\u00f0slusn\u00fara fyrir Apple og Android sem b\u00fd\u00f0ur upp \u00e1 marga m\u00f6guleika. USB-A &amp; USB-C \u00ed Lightning, USB-C &amp; Micro-USB tengi. Gagnaflutningshra\u00f0inn er allt a\u00f0 480 Mbps \u00e1 sek og sn\u00faran er 1,5 metrar \u00e1 lengd. Sn\u00faran er n\u00e6lonvafin sem h\u00e1markar endingu og veitir v\u00f6rn gegn sliti og \u00f6\u00f0ru hnjaski.<\/p>\n<p>Litur: Svartur<br \/>\nLengd: 1,5 metrar<br \/>\nEfni: \u00c1l og vafi\u00f0 n\u00e6lon<br \/>\n100W 6 in 1 h\u00e1hra\u00f0a gagna- og hle\u00f0slusn\u00fara<br \/>\nUSB-C: 110W, Lightning: 30W, Micro USB: 18W, Lightning USB-C Micro USB: 3.5 A<br \/>\nGagnahra\u00f0i: 480 Mbps<br \/>\nVottun: CE, ROHS, CEE &amp; UKCA<\/p>\n","protected":false},"featured_media":24847,"template":"","meta":[],"product_brand":[390],"product_cat":[424,423,422],"product_tag":[],"class_list":{"0":"post-24844","1":"product","2":"type-product","3":"status-publish","4":"has-post-thumbnail","6":"product_brand-joyroom","7":"product_cat-usb-a-i-lightning","8":"product_cat-usb-c-i-lightning","9":"product_cat-usb-c-i-usb-c","11":"first","12":"instock","13":"taxable","14":"shipping-taxable","15":"product-type-simple"},"yoast_head":"<!-- This site is optimized with the Yoast SEO Premium plugin v21.5 (Yoast SEO v27.5) - https:\/\/yoast.com\/product\/yoast-seo-premium-wordpress\/ -->\n<title>100W h\u00e1hra\u00f0a 6 in 1 gagna- og hle\u00f0slusn\u00fara (1,5 metrar)<\/title>\n<meta name=\"description\" content=\"Fj\u00f6lnota 6 in 1 gagna- og hra\u00f0hle\u00f0slusn\u00fara fyrir Apple og Android sem b\u00fd\u00f0ur upp \u00e1 marga m\u00f6guleika. USB-A &amp; USB-C \u00ed Lightning, USB-C &amp; Micro-USB tengi.\" \/>\n<meta name=\"robots\" content=\"index, follow, max-snippet:-1, max-image-preview:large, max-video-preview:-1\" \/>\n<link rel=\"canonical\" href=\"https:\/\/fodurlandid.is\/vara\/sa21\/\" \/>\n<meta property=\"og:locale\" content=\"en_US\" \/>\n<meta property=\"og:type\" content=\"article\" \/>\n<meta property=\"og:title\" content=\"100W h\u00e1hra\u00f0a 6 in 1 gagna- og hle\u00f0slusn\u00fara (1,5m) - USB-A &amp; USB-C \u00ed Lightning, USB-C &amp; Micro-USB\" \/>\n<meta property=\"og:description\" content=\"Fj\u00f6lnota 6 in 1 gagna- og hra\u00f0hle\u00f0slusn\u00fara fyrir Apple og Android sem b\u00fd\u00f0ur upp \u00e1 marga m\u00f6guleika. USB-A &amp; USB-C \u00ed Lightning, USB-C &amp; Micro-USB tengi.\" \/>\n<meta property=\"og:url\" content=\"https:\/\/fodurlandid.is\/vara\/sa21\/\" \/>\n<meta property=\"og:site_name\" content=\"F&ouml;&eth;urlandi&eth; heildsala\" \/>\n<meta property=\"article:modified_time\" content=\"2025-09-21T11:55:51+00:00\" \/>\n<meta property=\"og:image\" content=\"https:\/\/fodurlandid.is\/wp-content\/uploads\/2025\/07\/SA21-2T3.jpg\" \/>\n\t<meta property=\"og:image:width\" content=\"600\" \/>\n\t<meta property=\"og:image:height\" content=\"600\" \/>\n\t<meta property=\"og:image:type\" content=\"image\/jpeg\" \/>\n<meta name=\"twitter:card\" content=\"summary_large_image\" \/>\n<meta name=\"twitter:label1\" content=\"Est. reading time\" \/>\n\t<meta name=\"twitter:data1\" content=\"1 minute\" \/>\n<script type=\"application\/ld+json\" class=\"yoast-schema-graph\">{\"@context\":\"https:\\\/\\\/schema.org\",\"@graph\":[{\"@type\":\"WebPage\",\"@id\":\"https:\\\/\\\/fodurlandid.is\\\/vara\\\/sa21\\\/\",\"url\":\"https:\\\/\\\/fodurlandid.is\\\/vara\\\/sa21\\\/\",\"name\":\"100W h\u00e1hra\u00f0a 6 in 1 gagna- og hle\u00f0slusn\u00fara (1,5 metrar)\",\"isPartOf\":{\"@id\":\"https:\\\/\\\/fodurlandid.is\\\/#website\"},\"primaryImageOfPage\":{\"@id\":\"https:\\\/\\\/fodurlandid.is\\\/vara\\\/sa21\\\/#primaryimage\"},\"image\":{\"@id\":\"https:\\\/\\\/fodurlandid.is\\\/vara\\\/sa21\\\/#primaryimage\"},\"thumbnailUrl\":\"https:\\\/\\\/fodurlandid.is\\\/wp-content\\\/uploads\\\/2025\\\/07\\\/SA21-2T3.jpg\",\"datePublished\":\"2025-07-25T11:19:30+00:00\",\"dateModified\":\"2025-09-21T11:55:51+00:00\",\"description\":\"Fj\u00f6lnota 6 in 1 gagna- og hra\u00f0hle\u00f0slusn\u00fara fyrir Apple og Android sem b\u00fd\u00f0ur upp \u00e1 marga m\u00f6guleika. USB-A & USB-C \u00ed Lightning, USB-C & Micro-USB tengi.\",\"breadcrumb\":{\"@id\":\"https:\\\/\\\/fodurlandid.is\\\/vara\\\/sa21\\\/#breadcrumb\"},\"inLanguage\":\"en-US\",\"potentialAction\":[{\"@type\":\"ReadAction\",\"target\":[\"https:\\\/\\\/fodurlandid.is\\\/vara\\\/sa21\\\/\"]}]},{\"@type\":\"ImageObject\",\"inLanguage\":\"en-US\",\"@id\":\"https:\\\/\\\/fodurlandid.is\\\/vara\\\/sa21\\\/#primaryimage\",\"url\":\"https:\\\/\\\/fodurlandid.is\\\/wp-content\\\/uploads\\\/2025\\\/07\\\/SA21-2T3.jpg\",\"contentUrl\":\"https:\\\/\\\/fodurlandid.is\\\/wp-content\\\/uploads\\\/2025\\\/07\\\/SA21-2T3.jpg\",\"width\":600,\"height\":600},{\"@type\":\"BreadcrumbList\",\"@id\":\"https:\\\/\\\/fodurlandid.is\\\/vara\\\/sa21\\\/#breadcrumb\",\"itemListElement\":[{\"@type\":\"ListItem\",\"position\":1,\"name\":\"Home\",\"item\":\"https:\\\/\\\/fodurlandid.is\\\/\"},{\"@type\":\"ListItem\",\"position\":2,\"name\":\"Shop\",\"item\":\"https:\\\/\\\/www.vorulagerinn.is\\\/heildsala\\\/en\\\/shop\\\/\"},{\"@type\":\"ListItem\",\"position\":3,\"name\":\"100W h\u00e1hra\u00f0a 6 in 1 gagna- og hle\u00f0slusn\u00fara (1,5m) &#8211; USB-A &#038; USB-C \u00ed Lightning, USB-C &#038; Micro-USB\"}]},{\"@type\":\"WebSite\",\"@id\":\"https:\\\/\\\/fodurlandid.is\\\/#website\",\"url\":\"https:\\\/\\\/fodurlandid.is\\\/\",\"name\":\"F\u00f6\u00f0urlandi\u00f0 ehf, heildsala\",\"description\":\"Innflutnings, umbo&eth;s- og dreifingara&eth;ili\",\"publisher\":{\"@id\":\"https:\\\/\\\/fodurlandid.is\\\/#organization\"},\"alternateName\":\"Innflutnings, umbo\u00f0s- og dreifingara\u00f0ili\",\"potentialAction\":[{\"@type\":\"SearchAction\",\"target\":{\"@type\":\"EntryPoint\",\"urlTemplate\":\"https:\\\/\\\/fodurlandid.is\\\/?s={search_term_string}\"},\"query-input\":{\"@type\":\"PropertyValueSpecification\",\"valueRequired\":true,\"valueName\":\"search_term_string\"}}],\"inLanguage\":\"en-US\"},{\"@type\":\"Organization\",\"@id\":\"https:\\\/\\\/fodurlandid.is\\\/#organization\",\"name\":\"Innflutnings, umbo\u00f0s- og dreifingara\u00f0ili\",\"url\":\"https:\\\/\\\/fodurlandid.is\\\/\",\"logo\":{\"@type\":\"ImageObject\",\"inLanguage\":\"en-US\",\"@id\":\"https:\\\/\\\/fodurlandid.is\\\/#\\\/schema\\\/logo\\\/image\\\/\",\"url\":\"https:\\\/\\\/fodurlandid.is\\\/wp-content\\\/uploads\\\/2024\\\/05\\\/Fodurlandid.png\",\"contentUrl\":\"https:\\\/\\\/fodurlandid.is\\\/wp-content\\\/uploads\\\/2024\\\/05\\\/Fodurlandid.png\",\"width\":400,\"height\":293,\"caption\":\"Innflutnings, umbo\u00f0s- og dreifingara\u00f0ili\"},\"image\":{\"@id\":\"https:\\\/\\\/fodurlandid.is\\\/#\\\/schema\\\/logo\\\/image\\\/\"}}]}<\/script>\n<!-- \/ Yoast SEO Premium plugin. -->","yoast_head_json":{"title":"100W h\u00e1hra\u00f0a 6 in 1 gagna- og hle\u00f0slusn\u00fara (1,5 metrar)","description":"Fj\u00f6lnota 6 in 1 gagna- og hra\u00f0hle\u00f0slusn\u00fara fyrir Apple og Android sem b\u00fd\u00f0ur upp \u00e1 marga m\u00f6guleika. USB-A & USB-C \u00ed Lightning, USB-C & Micro-USB tengi.","robots":{"index":"index","follow":"follow","max-snippet":"max-snippet:-1","max-image-preview":"max-image-preview:large","max-video-preview":"max-video-preview:-1"},"canonical":"https:\/\/fodurlandid.is\/vara\/sa21\/","og_locale":"en_US","og_type":"article","og_title":"100W h\u00e1hra\u00f0a 6 in 1 gagna- og hle\u00f0slusn\u00fara (1,5m) - USB-A & USB-C \u00ed Lightning, USB-C & Micro-USB","og_description":"Fj\u00f6lnota 6 in 1 gagna- og hra\u00f0hle\u00f0slusn\u00fara fyrir Apple og Android sem b\u00fd\u00f0ur upp \u00e1 marga m\u00f6guleika. USB-A & USB-C \u00ed Lightning, USB-C & Micro-USB tengi.","og_url":"https:\/\/fodurlandid.is\/vara\/sa21\/","og_site_name":"F&ouml;&eth;urlandi&eth; heildsala","article_modified_time":"2025-09-21T11:55:51+00:00","og_image":[{"width":600,"height":600,"url":"https:\/\/fodurlandid.is\/wp-content\/uploads\/2025\/07\/SA21-2T3.jpg","type":"image\/jpeg"}],"twitter_card":"summary_large_image","twitter_misc":{"Est. reading time":"1 minute"},"schema":{"@context":"https:\/\/schema.org","@graph":[{"@type":"WebPage","@id":"https:\/\/fodurlandid.is\/vara\/sa21\/","url":"https:\/\/fodurlandid.is\/vara\/sa21\/","name":"100W h\u00e1hra\u00f0a 6 in 1 gagna- og hle\u00f0slusn\u00fara (1,5 metrar)","isPartOf":{"@id":"https:\/\/fodurlandid.is\/#website"},"primaryImageOfPage":{"@id":"https:\/\/fodurlandid.is\/vara\/sa21\/#primaryimage"},"image":{"@id":"https:\/\/fodurlandid.is\/vara\/sa21\/#primaryimage"},"thumbnailUrl":"https:\/\/fodurlandid.is\/wp-content\/uploads\/2025\/07\/SA21-2T3.jpg","datePublished":"2025-07-25T11:19:30+00:00","dateModified":"2025-09-21T11:55:51+00:00","description":"Fj\u00f6lnota 6 in 1 gagna- og hra\u00f0hle\u00f0slusn\u00fara fyrir Apple og Android sem b\u00fd\u00f0ur upp \u00e1 marga m\u00f6guleika. USB-A & USB-C \u00ed Lightning, USB-C & Micro-USB tengi.","breadcrumb":{"@id":"https:\/\/fodurlandid.is\/vara\/sa21\/#breadcrumb"},"inLanguage":"en-US","potentialAction":[{"@type":"ReadAction","target":["https:\/\/fodurlandid.is\/vara\/sa21\/"]}]},{"@type":"ImageObject","inLanguage":"en-US","@id":"https:\/\/fodurlandid.is\/vara\/sa21\/#primaryimage","url":"https:\/\/fodurlandid.is\/wp-content\/uploads\/2025\/07\/SA21-2T3.jpg","contentUrl":"https:\/\/fodurlandid.is\/wp-content\/uploads\/2025\/07\/SA21-2T3.jpg","width":600,"height":600},{"@type":"BreadcrumbList","@id":"https:\/\/fodurlandid.is\/vara\/sa21\/#breadcrumb","itemListElement":[{"@type":"ListItem","position":1,"name":"Home","item":"https:\/\/fodurlandid.is\/"},{"@type":"ListItem","position":2,"name":"Shop","item":"https:\/\/www.vorulagerinn.is\/heildsala\/en\/shop\/"},{"@type":"ListItem","position":3,"name":"100W h\u00e1hra\u00f0a 6 in 1 gagna- og hle\u00f0slusn\u00fara (1,5m) &#8211; USB-A &#038; USB-C \u00ed Lightning, USB-C &#038; Micro-USB"}]},{"@type":"WebSite","@id":"https:\/\/fodurlandid.is\/#website","url":"https:\/\/fodurlandid.is\/","name":"F\u00f6\u00f0urlandi\u00f0 ehf, heildsala","description":"Innflutnings, umbo&eth;s- og dreifingara&eth;ili","publisher":{"@id":"https:\/\/fodurlandid.is\/#organization"},"alternateName":"Innflutnings, umbo\u00f0s- og dreifingara\u00f0ili","potentialAction":[{"@type":"SearchAction","target":{"@type":"EntryPoint","urlTemplate":"https:\/\/fodurlandid.is\/?s={search_term_string}"},"query-input":{"@type":"PropertyValueSpecification","valueRequired":true,"valueName":"search_term_string"}}],"inLanguage":"en-US"},{"@type":"Organization","@id":"https:\/\/fodurlandid.is\/#organization","name":"Innflutnings, umbo\u00f0s- og dreifingara\u00f0ili","url":"https:\/\/fodurlandid.is\/","logo":{"@type":"ImageObject","inLanguage":"en-US","@id":"https:\/\/fodurlandid.is\/#\/schema\/logo\/image\/","url":"https:\/\/fodurlandid.is\/wp-content\/uploads\/2024\/05\/Fodurlandid.png","contentUrl":"https:\/\/fodurlandid.is\/wp-content\/uploads\/2024\/05\/Fodurlandid.png","width":400,"height":293,"caption":"Innflutnings, umbo\u00f0s- og dreifingara\u00f0ili"},"image":{"@id":"https:\/\/fodurlandid.is\/#\/schema\/logo\/image\/"}}]}},"_links":{"self":[{"href":"https:\/\/fodurlandid.is\/en\/wp-json\/wp\/v2\/product\/24844","targetHints":{"allow":["GET"]}}],"collection":[{"href":"https:\/\/fodurlandid.is\/en\/wp-json\/wp\/v2\/product"}],"about":[{"href":"https:\/\/fodurlandid.is\/en\/wp-json\/wp\/v2\/types\/product"}],"wp:featuredmedia":[{"embeddable":true,"href":"https:\/\/fodurlandid.is\/en\/wp-json\/wp\/v2\/media\/24847"}],"wp:attachment":[{"href":"https:\/\/fodurlandid.is\/en\/wp-json\/wp\/v2\/media?parent=24844"}],"wp:term":[{"taxonomy":"product_brand","embeddable":true,"href":"https:\/\/fodurlandid.is\/en\/wp-json\/wp\/v2\/product_brand?post=24844"},{"taxonomy":"product_cat","embeddable":true,"href":"https:\/\/fodurlandid.is\/en\/wp-json\/wp\/v2\/product_cat?post=24844"},{"taxonomy":"product_tag","embeddable":true,"href":"https:\/\/fodurlandid.is\/en\/wp-json\/wp\/v2\/product_tag?post=24844"}],"curies":[{"name":"wp","href":"https:\/\/api.w.org\/{rel}","templated":true}]}}