{"id":24807,"date":"2025-07-25T10:14:19","date_gmt":"2025-07-25T10:14:19","guid":{"rendered":"https:\/\/fodurlandid.is\/?post_type=product&#038;p=24807"},"modified":"2026-02-27T13:57:16","modified_gmt":"2026-02-27T13:57:16","slug":"jr-zs310","status":"publish","type":"product","link":"https:\/\/fodurlandid.is\/en\/product\/jr-zs310\/","title":{"rendered":"S\u00edmahaldari me\u00f0 sogsk\u00e1l sem festur er \u00e1 innr\u00e9ttingu b\u00edlsins"},"content":{"rendered":"<div style=\"width: 960px;\" class=\"wp-video\"><video class=\"wp-video-shortcode\" id=\"video-24807-1\" width=\"960\" height=\"540\" preload=\"metadata\" controls=\"controls\"><source type=\"video\/mp4\" src=\"https:\/\/fodurlandid.is\/wp-content\/uploads\/2025\/07\/jr-zs310.mp4?_=1\" \/><a href=\"https:\/\/fodurlandid.is\/wp-content\/uploads\/2025\/07\/jr-zs310.mp4\">https:\/\/fodurlandid.is\/wp-content\/uploads\/2025\/07\/jr-zs310.mp4<\/a><\/video><\/div>\n","protected":false},"excerpt":{"rendered":"<p>S\u00edmahaldaranum er komi\u00f0 fyrir \u00e1\u00a0innr\u00e9ttingu b\u00edlsins og festingin slotar ni\u00f0ur innr\u00e9ttinguna sem veitir \u00f6kumanni \u00f3hindra\u00f0 \u00fats\u00fdni. B\u00edlstj\u00f3ri getur a\u00f0laga\u00f0 s\u00edmafestinguna a\u00f0 s\u00e9r til a\u00f0 sj\u00e1 enn betur \u00e1 snjalls\u00edmann \u00feegar nota \u00fearf g\u00f6tukort vi\u00f0 akstur. \u00de\u00e1 er einnig h\u00e6gt a\u00f0 festa s\u00edmahaldarann \u00e1 b\u00edlr\u00fa\u00f0u.<\/p>\n<p>\u2013 Sj\u00e1 video ne\u00f0ar \u00e1 s\u00ed\u00f0u<br \/>\n\u2013 Litur: Svartur<br \/>\n\u2013 St\u00e6r\u00f0: 9,6 x 10 x5,2 cm<br \/>\n\u2013 S\u00edmast\u00e6r\u00f0: 4,7 \u2013 6,8\u2033<br \/>\n\u2013 \u00deyngd: 143,4g<br \/>\n\u2013 Efni: J\u00e1rn og ABS<br \/>\n\u2013 Lei\u00f0beiningar fylgja me\u00f0<\/p>\n","protected":false},"featured_media":24812,"template":"","meta":[],"product_brand":[390],"product_cat":[400],"product_tag":[],"class_list":{"0":"post-24807","1":"product","2":"type-product","3":"status-publish","4":"has-post-thumbnail","6":"product_brand-joyroom","7":"product_cat-simahaldari-i-bil","9":"first","10":"instock","11":"taxable","12":"shipping-taxable","13":"product-type-simple"},"yoast_head":"<!-- This site is optimized with the Yoast SEO Premium plugin v21.5 (Yoast SEO v27.4) - https:\/\/yoast.com\/product\/yoast-seo-premium-wordpress\/ -->\n<title>S\u00edmahaldari me\u00f0 sogsk\u00e1l sem festur er \u00e1 innr\u00e9ttingu b\u00edlsins<\/title>\n<meta name=\"description\" content=\"S\u00edmahaldaranum er komi\u00f0 fyrir \u00e1\u00a0innr\u00e9ttingu b\u00edlsins og festingin slotar ni\u00f0ur innr\u00e9ttinguna sem veitir \u00f6kumanni \u00f3hindra\u00f0 \u00fats\u00fdni.\" \/>\n<meta name=\"robots\" content=\"index, follow, max-snippet:-1, max-image-preview:large, max-video-preview:-1\" \/>\n<link rel=\"canonical\" href=\"https:\/\/fodurlandid.is\/vara\/jr-zs310\/\" \/>\n<meta property=\"og:locale\" content=\"en_US\" \/>\n<meta property=\"og:type\" content=\"article\" \/>\n<meta property=\"og:title\" content=\"S\u00edmahaldari me\u00f0 sogsk\u00e1l sem festur er \u00e1 innr\u00e9ttingu b\u00edlsins\" \/>\n<meta property=\"og:description\" content=\"S\u00edmahaldaranum er komi\u00f0 fyrir \u00e1\u00a0innr\u00e9ttingu b\u00edlsins og festingin slotar ni\u00f0ur innr\u00e9ttinguna sem veitir \u00f6kumanni \u00f3hindra\u00f0 \u00fats\u00fdni.\" \/>\n<meta property=\"og:url\" content=\"https:\/\/fodurlandid.is\/vara\/jr-zs310\/\" \/>\n<meta property=\"og:site_name\" content=\"F&ouml;&eth;urlandi&eth; heildsala\" \/>\n<meta property=\"article:modified_time\" content=\"2026-02-27T13:57:16+00:00\" \/>\n<meta property=\"og:image\" content=\"https:\/\/fodurlandid.is\/wp-content\/uploads\/2025\/07\/JR-ZS310.jpg\" \/>\n\t<meta property=\"og:image:width\" content=\"600\" \/>\n\t<meta property=\"og:image:height\" content=\"600\" \/>\n\t<meta property=\"og:image:type\" content=\"image\/jpeg\" \/>\n<meta name=\"twitter:card\" content=\"summary_large_image\" \/>\n<meta name=\"twitter:label1\" content=\"Est. reading time\" \/>\n\t<meta name=\"twitter:data1\" content=\"1 minute\" \/>\n<script type=\"application\/ld+json\" class=\"yoast-schema-graph\">{\"@context\":\"https:\\\/\\\/schema.org\",\"@graph\":[{\"@type\":\"WebPage\",\"@id\":\"https:\\\/\\\/fodurlandid.is\\\/vara\\\/jr-zs310\\\/\",\"url\":\"https:\\\/\\\/fodurlandid.is\\\/vara\\\/jr-zs310\\\/\",\"name\":\"S\u00edmahaldari me\u00f0 sogsk\u00e1l sem festur er \u00e1 innr\u00e9ttingu b\u00edlsins\",\"isPartOf\":{\"@id\":\"https:\\\/\\\/fodurlandid.is\\\/#website\"},\"primaryImageOfPage\":{\"@id\":\"https:\\\/\\\/fodurlandid.is\\\/vara\\\/jr-zs310\\\/#primaryimage\"},\"image\":{\"@id\":\"https:\\\/\\\/fodurlandid.is\\\/vara\\\/jr-zs310\\\/#primaryimage\"},\"thumbnailUrl\":\"https:\\\/\\\/fodurlandid.is\\\/wp-content\\\/uploads\\\/2025\\\/07\\\/JR-ZS310.jpg\",\"datePublished\":\"2025-07-25T10:14:19+00:00\",\"dateModified\":\"2026-02-27T13:57:16+00:00\",\"description\":\"S\u00edmahaldaranum er komi\u00f0 fyrir \u00e1\u00a0innr\u00e9ttingu b\u00edlsins og festingin slotar ni\u00f0ur innr\u00e9ttinguna sem veitir \u00f6kumanni \u00f3hindra\u00f0 \u00fats\u00fdni.\",\"breadcrumb\":{\"@id\":\"https:\\\/\\\/fodurlandid.is\\\/vara\\\/jr-zs310\\\/#breadcrumb\"},\"inLanguage\":\"en-US\",\"potentialAction\":[{\"@type\":\"ReadAction\",\"target\":[\"https:\\\/\\\/fodurlandid.is\\\/vara\\\/jr-zs310\\\/\"]}]},{\"@type\":\"ImageObject\",\"inLanguage\":\"en-US\",\"@id\":\"https:\\\/\\\/fodurlandid.is\\\/vara\\\/jr-zs310\\\/#primaryimage\",\"url\":\"https:\\\/\\\/fodurlandid.is\\\/wp-content\\\/uploads\\\/2025\\\/07\\\/JR-ZS310.jpg\",\"contentUrl\":\"https:\\\/\\\/fodurlandid.is\\\/wp-content\\\/uploads\\\/2025\\\/07\\\/JR-ZS310.jpg\",\"width\":600,\"height\":600},{\"@type\":\"BreadcrumbList\",\"@id\":\"https:\\\/\\\/fodurlandid.is\\\/vara\\\/jr-zs310\\\/#breadcrumb\",\"itemListElement\":[{\"@type\":\"ListItem\",\"position\":1,\"name\":\"Home\",\"item\":\"https:\\\/\\\/fodurlandid.is\\\/\"},{\"@type\":\"ListItem\",\"position\":2,\"name\":\"Shop\",\"item\":\"https:\\\/\\\/www.vorulagerinn.is\\\/heildsala\\\/en\\\/shop\\\/\"},{\"@type\":\"ListItem\",\"position\":3,\"name\":\"S\u00edmahaldari me\u00f0 sogsk\u00e1l sem festur er \u00e1 innr\u00e9ttingu b\u00edlsins\"}]},{\"@type\":\"WebSite\",\"@id\":\"https:\\\/\\\/fodurlandid.is\\\/#website\",\"url\":\"https:\\\/\\\/fodurlandid.is\\\/\",\"name\":\"F\u00f6\u00f0urlandi\u00f0 ehf, heildsala\",\"description\":\"Innflutnings, umbo&eth;s- og dreifingara&eth;ili\",\"publisher\":{\"@id\":\"https:\\\/\\\/fodurlandid.is\\\/#organization\"},\"alternateName\":\"Innflutnings, umbo\u00f0s- og dreifingara\u00f0ili\",\"potentialAction\":[{\"@type\":\"SearchAction\",\"target\":{\"@type\":\"EntryPoint\",\"urlTemplate\":\"https:\\\/\\\/fodurlandid.is\\\/?s={search_term_string}\"},\"query-input\":{\"@type\":\"PropertyValueSpecification\",\"valueRequired\":true,\"valueName\":\"search_term_string\"}}],\"inLanguage\":\"en-US\"},{\"@type\":\"Organization\",\"@id\":\"https:\\\/\\\/fodurlandid.is\\\/#organization\",\"name\":\"Innflutnings, umbo\u00f0s- og dreifingara\u00f0ili\",\"url\":\"https:\\\/\\\/fodurlandid.is\\\/\",\"logo\":{\"@type\":\"ImageObject\",\"inLanguage\":\"en-US\",\"@id\":\"https:\\\/\\\/fodurlandid.is\\\/#\\\/schema\\\/logo\\\/image\\\/\",\"url\":\"https:\\\/\\\/fodurlandid.is\\\/wp-content\\\/uploads\\\/2024\\\/05\\\/Fodurlandid.png\",\"contentUrl\":\"https:\\\/\\\/fodurlandid.is\\\/wp-content\\\/uploads\\\/2024\\\/05\\\/Fodurlandid.png\",\"width\":400,\"height\":293,\"caption\":\"Innflutnings, umbo\u00f0s- og dreifingara\u00f0ili\"},\"image\":{\"@id\":\"https:\\\/\\\/fodurlandid.is\\\/#\\\/schema\\\/logo\\\/image\\\/\"}}]}<\/script>\n<!-- \/ Yoast SEO Premium plugin. -->","yoast_head_json":{"title":"S\u00edmahaldari me\u00f0 sogsk\u00e1l sem festur er \u00e1 innr\u00e9ttingu b\u00edlsins","description":"S\u00edmahaldaranum er komi\u00f0 fyrir \u00e1\u00a0innr\u00e9ttingu b\u00edlsins og festingin slotar ni\u00f0ur innr\u00e9ttinguna sem veitir \u00f6kumanni \u00f3hindra\u00f0 \u00fats\u00fdni.","robots":{"index":"index","follow":"follow","max-snippet":"max-snippet:-1","max-image-preview":"max-image-preview:large","max-video-preview":"max-video-preview:-1"},"canonical":"https:\/\/fodurlandid.is\/vara\/jr-zs310\/","og_locale":"en_US","og_type":"article","og_title":"S\u00edmahaldari me\u00f0 sogsk\u00e1l sem festur er \u00e1 innr\u00e9ttingu b\u00edlsins","og_description":"S\u00edmahaldaranum er komi\u00f0 fyrir \u00e1\u00a0innr\u00e9ttingu b\u00edlsins og festingin slotar ni\u00f0ur innr\u00e9ttinguna sem veitir \u00f6kumanni \u00f3hindra\u00f0 \u00fats\u00fdni.","og_url":"https:\/\/fodurlandid.is\/vara\/jr-zs310\/","og_site_name":"F&ouml;&eth;urlandi&eth; heildsala","article_modified_time":"2026-02-27T13:57:16+00:00","og_image":[{"width":600,"height":600,"url":"https:\/\/fodurlandid.is\/wp-content\/uploads\/2025\/07\/JR-ZS310.jpg","type":"image\/jpeg"}],"twitter_card":"summary_large_image","twitter_misc":{"Est. reading time":"1 minute"},"schema":{"@context":"https:\/\/schema.org","@graph":[{"@type":"WebPage","@id":"https:\/\/fodurlandid.is\/vara\/jr-zs310\/","url":"https:\/\/fodurlandid.is\/vara\/jr-zs310\/","name":"S\u00edmahaldari me\u00f0 sogsk\u00e1l sem festur er \u00e1 innr\u00e9ttingu b\u00edlsins","isPartOf":{"@id":"https:\/\/fodurlandid.is\/#website"},"primaryImageOfPage":{"@id":"https:\/\/fodurlandid.is\/vara\/jr-zs310\/#primaryimage"},"image":{"@id":"https:\/\/fodurlandid.is\/vara\/jr-zs310\/#primaryimage"},"thumbnailUrl":"https:\/\/fodurlandid.is\/wp-content\/uploads\/2025\/07\/JR-ZS310.jpg","datePublished":"2025-07-25T10:14:19+00:00","dateModified":"2026-02-27T13:57:16+00:00","description":"S\u00edmahaldaranum er komi\u00f0 fyrir \u00e1\u00a0innr\u00e9ttingu b\u00edlsins og festingin slotar ni\u00f0ur innr\u00e9ttinguna sem veitir \u00f6kumanni \u00f3hindra\u00f0 \u00fats\u00fdni.","breadcrumb":{"@id":"https:\/\/fodurlandid.is\/vara\/jr-zs310\/#breadcrumb"},"inLanguage":"en-US","potentialAction":[{"@type":"ReadAction","target":["https:\/\/fodurlandid.is\/vara\/jr-zs310\/"]}]},{"@type":"ImageObject","inLanguage":"en-US","@id":"https:\/\/fodurlandid.is\/vara\/jr-zs310\/#primaryimage","url":"https:\/\/fodurlandid.is\/wp-content\/uploads\/2025\/07\/JR-ZS310.jpg","contentUrl":"https:\/\/fodurlandid.is\/wp-content\/uploads\/2025\/07\/JR-ZS310.jpg","width":600,"height":600},{"@type":"BreadcrumbList","@id":"https:\/\/fodurlandid.is\/vara\/jr-zs310\/#breadcrumb","itemListElement":[{"@type":"ListItem","position":1,"name":"Home","item":"https:\/\/fodurlandid.is\/"},{"@type":"ListItem","position":2,"name":"Shop","item":"https:\/\/www.vorulagerinn.is\/heildsala\/en\/shop\/"},{"@type":"ListItem","position":3,"name":"S\u00edmahaldari me\u00f0 sogsk\u00e1l sem festur er \u00e1 innr\u00e9ttingu b\u00edlsins"}]},{"@type":"WebSite","@id":"https:\/\/fodurlandid.is\/#website","url":"https:\/\/fodurlandid.is\/","name":"F\u00f6\u00f0urlandi\u00f0 ehf, heildsala","description":"Innflutnings, umbo&eth;s- og dreifingara&eth;ili","publisher":{"@id":"https:\/\/fodurlandid.is\/#organization"},"alternateName":"Innflutnings, umbo\u00f0s- og dreifingara\u00f0ili","potentialAction":[{"@type":"SearchAction","target":{"@type":"EntryPoint","urlTemplate":"https:\/\/fodurlandid.is\/?s={search_term_string}"},"query-input":{"@type":"PropertyValueSpecification","valueRequired":true,"valueName":"search_term_string"}}],"inLanguage":"en-US"},{"@type":"Organization","@id":"https:\/\/fodurlandid.is\/#organization","name":"Innflutnings, umbo\u00f0s- og dreifingara\u00f0ili","url":"https:\/\/fodurlandid.is\/","logo":{"@type":"ImageObject","inLanguage":"en-US","@id":"https:\/\/fodurlandid.is\/#\/schema\/logo\/image\/","url":"https:\/\/fodurlandid.is\/wp-content\/uploads\/2024\/05\/Fodurlandid.png","contentUrl":"https:\/\/fodurlandid.is\/wp-content\/uploads\/2024\/05\/Fodurlandid.png","width":400,"height":293,"caption":"Innflutnings, umbo\u00f0s- og dreifingara\u00f0ili"},"image":{"@id":"https:\/\/fodurlandid.is\/#\/schema\/logo\/image\/"}}]}},"_links":{"self":[{"href":"https:\/\/fodurlandid.is\/en\/wp-json\/wp\/v2\/product\/24807","targetHints":{"allow":["GET"]}}],"collection":[{"href":"https:\/\/fodurlandid.is\/en\/wp-json\/wp\/v2\/product"}],"about":[{"href":"https:\/\/fodurlandid.is\/en\/wp-json\/wp\/v2\/types\/product"}],"wp:featuredmedia":[{"embeddable":true,"href":"https:\/\/fodurlandid.is\/en\/wp-json\/wp\/v2\/media\/24812"}],"wp:attachment":[{"href":"https:\/\/fodurlandid.is\/en\/wp-json\/wp\/v2\/media?parent=24807"}],"wp:term":[{"taxonomy":"product_brand","embeddable":true,"href":"https:\/\/fodurlandid.is\/en\/wp-json\/wp\/v2\/product_brand?post=24807"},{"taxonomy":"product_cat","embeddable":true,"href":"https:\/\/fodurlandid.is\/en\/wp-json\/wp\/v2\/product_cat?post=24807"},{"taxonomy":"product_tag","embeddable":true,"href":"https:\/\/fodurlandid.is\/en\/wp-json\/wp\/v2\/product_tag?post=24807"}],"curies":[{"name":"wp","href":"https:\/\/api.w.org\/{rel}","templated":true}]}}