{"id":24747,"date":"2025-07-25T08:19:55","date_gmt":"2025-07-25T08:19:55","guid":{"rendered":"https:\/\/fodurlandid.is\/?post_type=product&#038;p=24747"},"modified":"2026-02-15T17:39:48","modified_gmt":"2026-02-15T17:39:48","slug":"jr-zs240pro","status":"publish","type":"product","link":"https:\/\/fodurlandid.is\/en\/product\/jr-zs240pro\/","title":{"rendered":"15W \u00fer\u00e1\u00f0laus hra\u00f0hle\u00f0sla me\u00f0 segulfestingu \u00ed b\u00edla fyrir snjalls\u00edma"},"content":{"rendered":"","protected":false},"excerpt":{"rendered":"<p>15W \u00fer\u00e1\u00f0laus hra\u00f0hle\u00f0sla fyrir snjalls\u00edma sem komi\u00f0 er fyrir \u00e1 viftu b\u00edlsins og hert a\u00f0 \u00feanga\u00f0 til haldarinn er alveg fastur. \u00dea\u00f0 er h\u00e6gt a\u00f0 sn\u00faa snjalls\u00edmanum \u00ed 360 gr\u00e1\u00f0ur og a\u00f0laga a\u00f0 \u00f6kumanni til a\u00f0 hann sj\u00e1i enn betur \u00e1 snjalls\u00edmann vi\u00f0 akstur (GPS g\u00f6tukort). Sterkur segulhringur fylgir me\u00f0 til a\u00f0 festa aftan \u00e1 s\u00edmahulstur e\u00f0a snjalls\u00edmann (valkv\u00e6tt) \u00e1samt UBS-C hle\u00f0slusn\u00faru. \u00d6flugt \u00fer\u00e1\u00f0laust hra\u00f0hle\u00f0slut\u00e6ki sem heldur fars\u00edmanum alveg f\u00f6stum \u00e1 s\u00ednum sta\u00f0. Au\u00f0veld uppsetning.<\/p>\n<p>S\u00edmahaldarinn heldur iPhone 12\/13\/14\/15\/16 \u00e1n segulhrings (innbygg\u00f0ur segull \u00ed iPhone).<\/p>\n<p>Litur: Svartur<br \/>\nSt\u00e6r\u00f0: 5,8\u00d710 cm<br \/>\nInput: 5V 2A 9V 2A 12V2A<br \/>\nOutput: 5W\/7.5W\/10W\/15W (MAX)<br \/>\nSt\u00e6r\u00f0 s\u00edma: 4.7\u201d \u2013 6.8\u201d<br \/>\nUSB-C hle\u00f0slusn\u00fara fylgir me\u00f0<br \/>\nEfni: Aluminum alloy<br \/>\nVottun: CE, Rhos &amp; FCC<\/p>\n","protected":false},"featured_media":24748,"template":"","meta":[],"product_brand":[390],"product_cat":[400],"product_tag":[],"class_list":{"0":"post-24747","1":"product","2":"type-product","3":"status-publish","4":"has-post-thumbnail","6":"product_brand-joyroom","7":"product_cat-simahaldari-i-bil","9":"first","10":"instock","11":"taxable","12":"shipping-taxable","13":"product-type-simple"},"yoast_head":"<!-- This site is optimized with the Yoast SEO Premium plugin v21.5 (Yoast SEO v27.4) - https:\/\/yoast.com\/product\/yoast-seo-premium-wordpress\/ -->\n<title>15W \u00fer\u00e1\u00f0laus hra\u00f0hle\u00f0sla me\u00f0 segulfestingu \u00ed b\u00edla fyrir snjalls\u00edma<\/title>\n<meta name=\"description\" content=\"15W \u00fer\u00e1\u00f0laus hra\u00f0hle\u00f0sla fyrir snjalls\u00edma sem komi\u00f0 er fyrir \u00e1 viftu b\u00edlsins &amp; hert a\u00f0 \u00feanga\u00f0 til haldarinn er alveg fastur. H\u00e6gt a\u00f0 sn\u00faa s\u00edmanum \u00ed 360 gr\u00e1\u00f0ur\" \/>\n<meta name=\"robots\" content=\"index, follow, max-snippet:-1, max-image-preview:large, max-video-preview:-1\" \/>\n<link rel=\"canonical\" href=\"https:\/\/fodurlandid.is\/vara\/jr-zs240pro\/\" \/>\n<meta property=\"og:locale\" content=\"en_US\" \/>\n<meta property=\"og:type\" content=\"article\" \/>\n<meta property=\"og:title\" content=\"15W \u00fer\u00e1\u00f0laus hra\u00f0hle\u00f0sla me\u00f0 segulfestingu \u00ed b\u00edla fyrir snjalls\u00edma\" \/>\n<meta property=\"og:description\" content=\"15W \u00fer\u00e1\u00f0laus hra\u00f0hle\u00f0sla fyrir snjalls\u00edma sem komi\u00f0 er fyrir \u00e1 viftu b\u00edlsins &amp; hert a\u00f0 \u00feanga\u00f0 til haldarinn er alveg fastur. H\u00e6gt a\u00f0 sn\u00faa s\u00edmanum \u00ed 360 gr\u00e1\u00f0ur\" \/>\n<meta property=\"og:url\" content=\"https:\/\/fodurlandid.is\/vara\/jr-zs240pro\/\" \/>\n<meta property=\"og:site_name\" content=\"F&ouml;&eth;urlandi&eth; heildsala\" \/>\n<meta property=\"article:modified_time\" content=\"2026-02-15T17:39:48+00:00\" \/>\n<meta property=\"og:image\" content=\"https:\/\/fodurlandid.is\/wp-content\/uploads\/2025\/07\/JR-ZS240Pro.jpg\" \/>\n\t<meta property=\"og:image:width\" content=\"600\" \/>\n\t<meta property=\"og:image:height\" content=\"600\" \/>\n\t<meta property=\"og:image:type\" content=\"image\/jpeg\" \/>\n<meta name=\"twitter:card\" content=\"summary_large_image\" \/>\n<meta name=\"twitter:label1\" content=\"Est. reading time\" \/>\n\t<meta name=\"twitter:data1\" content=\"1 minute\" \/>\n<script type=\"application\/ld+json\" class=\"yoast-schema-graph\">{\"@context\":\"https:\\\/\\\/schema.org\",\"@graph\":[{\"@type\":\"WebPage\",\"@id\":\"https:\\\/\\\/fodurlandid.is\\\/vara\\\/jr-zs240pro\\\/\",\"url\":\"https:\\\/\\\/fodurlandid.is\\\/vara\\\/jr-zs240pro\\\/\",\"name\":\"15W \u00fer\u00e1\u00f0laus hra\u00f0hle\u00f0sla me\u00f0 segulfestingu \u00ed b\u00edla fyrir snjalls\u00edma\",\"isPartOf\":{\"@id\":\"https:\\\/\\\/fodurlandid.is\\\/#website\"},\"primaryImageOfPage\":{\"@id\":\"https:\\\/\\\/fodurlandid.is\\\/vara\\\/jr-zs240pro\\\/#primaryimage\"},\"image\":{\"@id\":\"https:\\\/\\\/fodurlandid.is\\\/vara\\\/jr-zs240pro\\\/#primaryimage\"},\"thumbnailUrl\":\"https:\\\/\\\/fodurlandid.is\\\/wp-content\\\/uploads\\\/2025\\\/07\\\/JR-ZS240Pro.jpg\",\"datePublished\":\"2025-07-25T08:19:55+00:00\",\"dateModified\":\"2026-02-15T17:39:48+00:00\",\"description\":\"15W \u00fer\u00e1\u00f0laus hra\u00f0hle\u00f0sla fyrir snjalls\u00edma sem komi\u00f0 er fyrir \u00e1 viftu b\u00edlsins & hert a\u00f0 \u00feanga\u00f0 til haldarinn er alveg fastur. H\u00e6gt a\u00f0 sn\u00faa s\u00edmanum \u00ed 360 gr\u00e1\u00f0ur\",\"breadcrumb\":{\"@id\":\"https:\\\/\\\/fodurlandid.is\\\/vara\\\/jr-zs240pro\\\/#breadcrumb\"},\"inLanguage\":\"en-US\",\"potentialAction\":[{\"@type\":\"ReadAction\",\"target\":[\"https:\\\/\\\/fodurlandid.is\\\/vara\\\/jr-zs240pro\\\/\"]}]},{\"@type\":\"ImageObject\",\"inLanguage\":\"en-US\",\"@id\":\"https:\\\/\\\/fodurlandid.is\\\/vara\\\/jr-zs240pro\\\/#primaryimage\",\"url\":\"https:\\\/\\\/fodurlandid.is\\\/wp-content\\\/uploads\\\/2025\\\/07\\\/JR-ZS240Pro.jpg\",\"contentUrl\":\"https:\\\/\\\/fodurlandid.is\\\/wp-content\\\/uploads\\\/2025\\\/07\\\/JR-ZS240Pro.jpg\",\"width\":600,\"height\":600},{\"@type\":\"BreadcrumbList\",\"@id\":\"https:\\\/\\\/fodurlandid.is\\\/vara\\\/jr-zs240pro\\\/#breadcrumb\",\"itemListElement\":[{\"@type\":\"ListItem\",\"position\":1,\"name\":\"Home\",\"item\":\"https:\\\/\\\/fodurlandid.is\\\/\"},{\"@type\":\"ListItem\",\"position\":2,\"name\":\"Shop\",\"item\":\"https:\\\/\\\/www.vorulagerinn.is\\\/heildsala\\\/en\\\/shop\\\/\"},{\"@type\":\"ListItem\",\"position\":3,\"name\":\"15W \u00fer\u00e1\u00f0laus hra\u00f0hle\u00f0sla me\u00f0 segulfestingu \u00ed b\u00edla fyrir snjalls\u00edma\"}]},{\"@type\":\"WebSite\",\"@id\":\"https:\\\/\\\/fodurlandid.is\\\/#website\",\"url\":\"https:\\\/\\\/fodurlandid.is\\\/\",\"name\":\"F\u00f6\u00f0urlandi\u00f0 ehf, heildsala\",\"description\":\"Innflutnings, umbo&eth;s- og dreifingara&eth;ili\",\"publisher\":{\"@id\":\"https:\\\/\\\/fodurlandid.is\\\/#organization\"},\"alternateName\":\"Innflutnings, umbo\u00f0s- og dreifingara\u00f0ili\",\"potentialAction\":[{\"@type\":\"SearchAction\",\"target\":{\"@type\":\"EntryPoint\",\"urlTemplate\":\"https:\\\/\\\/fodurlandid.is\\\/?s={search_term_string}\"},\"query-input\":{\"@type\":\"PropertyValueSpecification\",\"valueRequired\":true,\"valueName\":\"search_term_string\"}}],\"inLanguage\":\"en-US\"},{\"@type\":\"Organization\",\"@id\":\"https:\\\/\\\/fodurlandid.is\\\/#organization\",\"name\":\"Innflutnings, umbo\u00f0s- og dreifingara\u00f0ili\",\"url\":\"https:\\\/\\\/fodurlandid.is\\\/\",\"logo\":{\"@type\":\"ImageObject\",\"inLanguage\":\"en-US\",\"@id\":\"https:\\\/\\\/fodurlandid.is\\\/#\\\/schema\\\/logo\\\/image\\\/\",\"url\":\"https:\\\/\\\/fodurlandid.is\\\/wp-content\\\/uploads\\\/2024\\\/05\\\/Fodurlandid.png\",\"contentUrl\":\"https:\\\/\\\/fodurlandid.is\\\/wp-content\\\/uploads\\\/2024\\\/05\\\/Fodurlandid.png\",\"width\":400,\"height\":293,\"caption\":\"Innflutnings, umbo\u00f0s- og dreifingara\u00f0ili\"},\"image\":{\"@id\":\"https:\\\/\\\/fodurlandid.is\\\/#\\\/schema\\\/logo\\\/image\\\/\"}}]}<\/script>\n<!-- \/ Yoast SEO Premium plugin. -->","yoast_head_json":{"title":"15W \u00fer\u00e1\u00f0laus hra\u00f0hle\u00f0sla me\u00f0 segulfestingu \u00ed b\u00edla fyrir snjalls\u00edma","description":"15W \u00fer\u00e1\u00f0laus hra\u00f0hle\u00f0sla fyrir snjalls\u00edma sem komi\u00f0 er fyrir \u00e1 viftu b\u00edlsins & hert a\u00f0 \u00feanga\u00f0 til haldarinn er alveg fastur. H\u00e6gt a\u00f0 sn\u00faa s\u00edmanum \u00ed 360 gr\u00e1\u00f0ur","robots":{"index":"index","follow":"follow","max-snippet":"max-snippet:-1","max-image-preview":"max-image-preview:large","max-video-preview":"max-video-preview:-1"},"canonical":"https:\/\/fodurlandid.is\/vara\/jr-zs240pro\/","og_locale":"en_US","og_type":"article","og_title":"15W \u00fer\u00e1\u00f0laus hra\u00f0hle\u00f0sla me\u00f0 segulfestingu \u00ed b\u00edla fyrir snjalls\u00edma","og_description":"15W \u00fer\u00e1\u00f0laus hra\u00f0hle\u00f0sla fyrir snjalls\u00edma sem komi\u00f0 er fyrir \u00e1 viftu b\u00edlsins & hert a\u00f0 \u00feanga\u00f0 til haldarinn er alveg fastur. H\u00e6gt a\u00f0 sn\u00faa s\u00edmanum \u00ed 360 gr\u00e1\u00f0ur","og_url":"https:\/\/fodurlandid.is\/vara\/jr-zs240pro\/","og_site_name":"F&ouml;&eth;urlandi&eth; heildsala","article_modified_time":"2026-02-15T17:39:48+00:00","og_image":[{"width":600,"height":600,"url":"https:\/\/fodurlandid.is\/wp-content\/uploads\/2025\/07\/JR-ZS240Pro.jpg","type":"image\/jpeg"}],"twitter_card":"summary_large_image","twitter_misc":{"Est. reading time":"1 minute"},"schema":{"@context":"https:\/\/schema.org","@graph":[{"@type":"WebPage","@id":"https:\/\/fodurlandid.is\/vara\/jr-zs240pro\/","url":"https:\/\/fodurlandid.is\/vara\/jr-zs240pro\/","name":"15W \u00fer\u00e1\u00f0laus hra\u00f0hle\u00f0sla me\u00f0 segulfestingu \u00ed b\u00edla fyrir snjalls\u00edma","isPartOf":{"@id":"https:\/\/fodurlandid.is\/#website"},"primaryImageOfPage":{"@id":"https:\/\/fodurlandid.is\/vara\/jr-zs240pro\/#primaryimage"},"image":{"@id":"https:\/\/fodurlandid.is\/vara\/jr-zs240pro\/#primaryimage"},"thumbnailUrl":"https:\/\/fodurlandid.is\/wp-content\/uploads\/2025\/07\/JR-ZS240Pro.jpg","datePublished":"2025-07-25T08:19:55+00:00","dateModified":"2026-02-15T17:39:48+00:00","description":"15W \u00fer\u00e1\u00f0laus hra\u00f0hle\u00f0sla fyrir snjalls\u00edma sem komi\u00f0 er fyrir \u00e1 viftu b\u00edlsins & hert a\u00f0 \u00feanga\u00f0 til haldarinn er alveg fastur. H\u00e6gt a\u00f0 sn\u00faa s\u00edmanum \u00ed 360 gr\u00e1\u00f0ur","breadcrumb":{"@id":"https:\/\/fodurlandid.is\/vara\/jr-zs240pro\/#breadcrumb"},"inLanguage":"en-US","potentialAction":[{"@type":"ReadAction","target":["https:\/\/fodurlandid.is\/vara\/jr-zs240pro\/"]}]},{"@type":"ImageObject","inLanguage":"en-US","@id":"https:\/\/fodurlandid.is\/vara\/jr-zs240pro\/#primaryimage","url":"https:\/\/fodurlandid.is\/wp-content\/uploads\/2025\/07\/JR-ZS240Pro.jpg","contentUrl":"https:\/\/fodurlandid.is\/wp-content\/uploads\/2025\/07\/JR-ZS240Pro.jpg","width":600,"height":600},{"@type":"BreadcrumbList","@id":"https:\/\/fodurlandid.is\/vara\/jr-zs240pro\/#breadcrumb","itemListElement":[{"@type":"ListItem","position":1,"name":"Home","item":"https:\/\/fodurlandid.is\/"},{"@type":"ListItem","position":2,"name":"Shop","item":"https:\/\/www.vorulagerinn.is\/heildsala\/en\/shop\/"},{"@type":"ListItem","position":3,"name":"15W \u00fer\u00e1\u00f0laus hra\u00f0hle\u00f0sla me\u00f0 segulfestingu \u00ed b\u00edla fyrir snjalls\u00edma"}]},{"@type":"WebSite","@id":"https:\/\/fodurlandid.is\/#website","url":"https:\/\/fodurlandid.is\/","name":"F\u00f6\u00f0urlandi\u00f0 ehf, heildsala","description":"Innflutnings, umbo&eth;s- og dreifingara&eth;ili","publisher":{"@id":"https:\/\/fodurlandid.is\/#organization"},"alternateName":"Innflutnings, umbo\u00f0s- og dreifingara\u00f0ili","potentialAction":[{"@type":"SearchAction","target":{"@type":"EntryPoint","urlTemplate":"https:\/\/fodurlandid.is\/?s={search_term_string}"},"query-input":{"@type":"PropertyValueSpecification","valueRequired":true,"valueName":"search_term_string"}}],"inLanguage":"en-US"},{"@type":"Organization","@id":"https:\/\/fodurlandid.is\/#organization","name":"Innflutnings, umbo\u00f0s- og dreifingara\u00f0ili","url":"https:\/\/fodurlandid.is\/","logo":{"@type":"ImageObject","inLanguage":"en-US","@id":"https:\/\/fodurlandid.is\/#\/schema\/logo\/image\/","url":"https:\/\/fodurlandid.is\/wp-content\/uploads\/2024\/05\/Fodurlandid.png","contentUrl":"https:\/\/fodurlandid.is\/wp-content\/uploads\/2024\/05\/Fodurlandid.png","width":400,"height":293,"caption":"Innflutnings, umbo\u00f0s- og dreifingara\u00f0ili"},"image":{"@id":"https:\/\/fodurlandid.is\/#\/schema\/logo\/image\/"}}]}},"_links":{"self":[{"href":"https:\/\/fodurlandid.is\/en\/wp-json\/wp\/v2\/product\/24747","targetHints":{"allow":["GET"]}}],"collection":[{"href":"https:\/\/fodurlandid.is\/en\/wp-json\/wp\/v2\/product"}],"about":[{"href":"https:\/\/fodurlandid.is\/en\/wp-json\/wp\/v2\/types\/product"}],"wp:featuredmedia":[{"embeddable":true,"href":"https:\/\/fodurlandid.is\/en\/wp-json\/wp\/v2\/media\/24748"}],"wp:attachment":[{"href":"https:\/\/fodurlandid.is\/en\/wp-json\/wp\/v2\/media?parent=24747"}],"wp:term":[{"taxonomy":"product_brand","embeddable":true,"href":"https:\/\/fodurlandid.is\/en\/wp-json\/wp\/v2\/product_brand?post=24747"},{"taxonomy":"product_cat","embeddable":true,"href":"https:\/\/fodurlandid.is\/en\/wp-json\/wp\/v2\/product_cat?post=24747"},{"taxonomy":"product_tag","embeddable":true,"href":"https:\/\/fodurlandid.is\/en\/wp-json\/wp\/v2\/product_tag?post=24747"}],"curies":[{"name":"wp","href":"https:\/\/api.w.org\/{rel}","templated":true}]}}