{"id":24738,"date":"2025-07-25T08:14:39","date_gmt":"2025-07-25T08:14:39","guid":{"rendered":"https:\/\/fodurlandid.is\/?post_type=product&#038;p=24738"},"modified":"2026-02-15T17:51:12","modified_gmt":"2026-02-15T17:51:12","slug":"r-zs354","status":"publish","type":"product","link":"https:\/\/fodurlandid.is\/en\/product\/r-zs354\/","title":{"rendered":"S\u00edmahaldari \u00e1 m\u00e6labor\u00f0i\u00f0 \u00ed b\u00edl sem h\u00e6gt er a\u00f0 sn\u00faa \u00ed 360 gr\u00e1\u00f0ur"},"content":{"rendered":"","protected":false},"excerpt":{"rendered":"<p>St\u00edlhreinn og \u00f6ruggur fars\u00edmahaldari me\u00f0 sterkum seglum sem halda s\u00edmanum alveg f\u00f6stum vi\u00f0 akstur. \u00dea\u00f0 er h\u00e6gt a\u00f0 sn\u00faa honum \u00ed 360 gr\u00e1\u00f0ur og a\u00f0laga a\u00f0 \u00feeim sem keyrir b\u00edlinn t.d. \u00feegar nota\u00f0 er g\u00f6tukort vi\u00f0 akstur. Sn\u00farufesting fylgir me\u00f0 til a\u00f0 festa hle\u00f0slun\u00faru.<\/p>\n<p>\u2013 Litur: Svartur<br \/>\n\u2013 \u00deyngd: 118g<br \/>\n\u2013 St\u00e6r\u00f0: 10\u00d710 cm<br \/>\n\u2013 Efni: PC &amp; ABS<br \/>\n\u2013 Hentar fyrir 4-7\u2033 s\u00edmum<br \/>\n\u2013 Sterk festing<\/p>\n","protected":false},"featured_media":24745,"template":"","meta":[],"product_brand":[390],"product_cat":[400],"product_tag":[],"class_list":{"0":"post-24738","1":"product","2":"type-product","3":"status-publish","4":"has-post-thumbnail","6":"product_brand-joyroom","7":"product_cat-simahaldari-i-bil","9":"first","10":"instock","11":"taxable","12":"shipping-taxable","13":"product-type-simple"},"yoast_head":"<!-- This site is optimized with the Yoast SEO Premium plugin v21.5 (Yoast SEO v27.4) - https:\/\/yoast.com\/product\/yoast-seo-premium-wordpress\/ -->\n<title>S\u00edmahaldari \u00e1 m\u00e6labor\u00f0i\u00f0 \u00ed b\u00edl sem h\u00e6gt er a\u00f0 sn\u00faa \u00ed 360 gr\u00e1\u00f0ur<\/title>\n<meta name=\"description\" content=\"St\u00edlhreinn og \u00f6ruggur fars\u00edmahaldari me\u00f0 sterkum seglum sem halda s\u00edmanum alveg f\u00f6stum vi\u00f0 akstur. \u00dea\u00f0 er h\u00e6gt a\u00f0 sn\u00faa festingunni \u00ed 360 gr\u00e1\u00f0ur\" \/>\n<meta name=\"robots\" content=\"index, follow, max-snippet:-1, max-image-preview:large, max-video-preview:-1\" \/>\n<link rel=\"canonical\" href=\"https:\/\/fodurlandid.is\/vara\/r-zs354\/\" \/>\n<meta property=\"og:locale\" content=\"en_US\" \/>\n<meta property=\"og:type\" content=\"article\" \/>\n<meta property=\"og:title\" content=\"S\u00edmahaldari \u00e1 m\u00e6labor\u00f0i\u00f0 \u00ed b\u00edl sem h\u00e6gt er a\u00f0 sn\u00faa \u00ed 360 gr\u00e1\u00f0ur\" \/>\n<meta property=\"og:description\" content=\"St\u00edlhreinn og \u00f6ruggur fars\u00edmahaldari me\u00f0 sterkum seglum sem halda s\u00edmanum alveg f\u00f6stum vi\u00f0 akstur. \u00dea\u00f0 er h\u00e6gt a\u00f0 sn\u00faa festingunni \u00ed 360 gr\u00e1\u00f0ur\" \/>\n<meta property=\"og:url\" content=\"https:\/\/fodurlandid.is\/vara\/r-zs354\/\" \/>\n<meta property=\"og:site_name\" content=\"F&ouml;&eth;urlandi&eth; heildsala\" \/>\n<meta property=\"article:modified_time\" content=\"2026-02-15T17:51:12+00:00\" \/>\n<meta property=\"og:image\" content=\"https:\/\/fodurlandid.is\/wp-content\/uploads\/2025\/07\/JR-ZS354_2.jpg\" \/>\n\t<meta property=\"og:image:width\" content=\"600\" \/>\n\t<meta property=\"og:image:height\" content=\"600\" \/>\n\t<meta property=\"og:image:type\" content=\"image\/jpeg\" \/>\n<meta name=\"twitter:card\" content=\"summary_large_image\" \/>\n<meta name=\"twitter:label1\" content=\"Est. reading time\" \/>\n\t<meta name=\"twitter:data1\" content=\"1 minute\" \/>\n<script type=\"application\/ld+json\" class=\"yoast-schema-graph\">{\"@context\":\"https:\\\/\\\/schema.org\",\"@graph\":[{\"@type\":\"WebPage\",\"@id\":\"https:\\\/\\\/fodurlandid.is\\\/vara\\\/r-zs354\\\/\",\"url\":\"https:\\\/\\\/fodurlandid.is\\\/vara\\\/r-zs354\\\/\",\"name\":\"S\u00edmahaldari \u00e1 m\u00e6labor\u00f0i\u00f0 \u00ed b\u00edl sem h\u00e6gt er a\u00f0 sn\u00faa \u00ed 360 gr\u00e1\u00f0ur\",\"isPartOf\":{\"@id\":\"https:\\\/\\\/fodurlandid.is\\\/#website\"},\"primaryImageOfPage\":{\"@id\":\"https:\\\/\\\/fodurlandid.is\\\/vara\\\/r-zs354\\\/#primaryimage\"},\"image\":{\"@id\":\"https:\\\/\\\/fodurlandid.is\\\/vara\\\/r-zs354\\\/#primaryimage\"},\"thumbnailUrl\":\"https:\\\/\\\/fodurlandid.is\\\/wp-content\\\/uploads\\\/2025\\\/07\\\/JR-ZS354_2.jpg\",\"datePublished\":\"2025-07-25T08:14:39+00:00\",\"dateModified\":\"2026-02-15T17:51:12+00:00\",\"description\":\"St\u00edlhreinn og \u00f6ruggur fars\u00edmahaldari me\u00f0 sterkum seglum sem halda s\u00edmanum alveg f\u00f6stum vi\u00f0 akstur. \u00dea\u00f0 er h\u00e6gt a\u00f0 sn\u00faa festingunni \u00ed 360 gr\u00e1\u00f0ur\",\"breadcrumb\":{\"@id\":\"https:\\\/\\\/fodurlandid.is\\\/vara\\\/r-zs354\\\/#breadcrumb\"},\"inLanguage\":\"en-US\",\"potentialAction\":[{\"@type\":\"ReadAction\",\"target\":[\"https:\\\/\\\/fodurlandid.is\\\/vara\\\/r-zs354\\\/\"]}]},{\"@type\":\"ImageObject\",\"inLanguage\":\"en-US\",\"@id\":\"https:\\\/\\\/fodurlandid.is\\\/vara\\\/r-zs354\\\/#primaryimage\",\"url\":\"https:\\\/\\\/fodurlandid.is\\\/wp-content\\\/uploads\\\/2025\\\/07\\\/JR-ZS354_2.jpg\",\"contentUrl\":\"https:\\\/\\\/fodurlandid.is\\\/wp-content\\\/uploads\\\/2025\\\/07\\\/JR-ZS354_2.jpg\",\"width\":600,\"height\":600},{\"@type\":\"BreadcrumbList\",\"@id\":\"https:\\\/\\\/fodurlandid.is\\\/vara\\\/r-zs354\\\/#breadcrumb\",\"itemListElement\":[{\"@type\":\"ListItem\",\"position\":1,\"name\":\"Home\",\"item\":\"https:\\\/\\\/fodurlandid.is\\\/\"},{\"@type\":\"ListItem\",\"position\":2,\"name\":\"Shop\",\"item\":\"https:\\\/\\\/www.vorulagerinn.is\\\/heildsala\\\/en\\\/shop\\\/\"},{\"@type\":\"ListItem\",\"position\":3,\"name\":\"S\u00edmahaldari \u00e1 m\u00e6labor\u00f0i\u00f0 \u00ed b\u00edl sem h\u00e6gt er a\u00f0 sn\u00faa \u00ed 360 gr\u00e1\u00f0ur\"}]},{\"@type\":\"WebSite\",\"@id\":\"https:\\\/\\\/fodurlandid.is\\\/#website\",\"url\":\"https:\\\/\\\/fodurlandid.is\\\/\",\"name\":\"F\u00f6\u00f0urlandi\u00f0 ehf, heildsala\",\"description\":\"Innflutnings, umbo&eth;s- og dreifingara&eth;ili\",\"publisher\":{\"@id\":\"https:\\\/\\\/fodurlandid.is\\\/#organization\"},\"alternateName\":\"Innflutnings, umbo\u00f0s- og dreifingara\u00f0ili\",\"potentialAction\":[{\"@type\":\"SearchAction\",\"target\":{\"@type\":\"EntryPoint\",\"urlTemplate\":\"https:\\\/\\\/fodurlandid.is\\\/?s={search_term_string}\"},\"query-input\":{\"@type\":\"PropertyValueSpecification\",\"valueRequired\":true,\"valueName\":\"search_term_string\"}}],\"inLanguage\":\"en-US\"},{\"@type\":\"Organization\",\"@id\":\"https:\\\/\\\/fodurlandid.is\\\/#organization\",\"name\":\"Innflutnings, umbo\u00f0s- og dreifingara\u00f0ili\",\"url\":\"https:\\\/\\\/fodurlandid.is\\\/\",\"logo\":{\"@type\":\"ImageObject\",\"inLanguage\":\"en-US\",\"@id\":\"https:\\\/\\\/fodurlandid.is\\\/#\\\/schema\\\/logo\\\/image\\\/\",\"url\":\"https:\\\/\\\/fodurlandid.is\\\/wp-content\\\/uploads\\\/2024\\\/05\\\/Fodurlandid.png\",\"contentUrl\":\"https:\\\/\\\/fodurlandid.is\\\/wp-content\\\/uploads\\\/2024\\\/05\\\/Fodurlandid.png\",\"width\":400,\"height\":293,\"caption\":\"Innflutnings, umbo\u00f0s- og dreifingara\u00f0ili\"},\"image\":{\"@id\":\"https:\\\/\\\/fodurlandid.is\\\/#\\\/schema\\\/logo\\\/image\\\/\"}}]}<\/script>\n<!-- \/ Yoast SEO Premium plugin. -->","yoast_head_json":{"title":"S\u00edmahaldari \u00e1 m\u00e6labor\u00f0i\u00f0 \u00ed b\u00edl sem h\u00e6gt er a\u00f0 sn\u00faa \u00ed 360 gr\u00e1\u00f0ur","description":"St\u00edlhreinn og \u00f6ruggur fars\u00edmahaldari me\u00f0 sterkum seglum sem halda s\u00edmanum alveg f\u00f6stum vi\u00f0 akstur. \u00dea\u00f0 er h\u00e6gt a\u00f0 sn\u00faa festingunni \u00ed 360 gr\u00e1\u00f0ur","robots":{"index":"index","follow":"follow","max-snippet":"max-snippet:-1","max-image-preview":"max-image-preview:large","max-video-preview":"max-video-preview:-1"},"canonical":"https:\/\/fodurlandid.is\/vara\/r-zs354\/","og_locale":"en_US","og_type":"article","og_title":"S\u00edmahaldari \u00e1 m\u00e6labor\u00f0i\u00f0 \u00ed b\u00edl sem h\u00e6gt er a\u00f0 sn\u00faa \u00ed 360 gr\u00e1\u00f0ur","og_description":"St\u00edlhreinn og \u00f6ruggur fars\u00edmahaldari me\u00f0 sterkum seglum sem halda s\u00edmanum alveg f\u00f6stum vi\u00f0 akstur. \u00dea\u00f0 er h\u00e6gt a\u00f0 sn\u00faa festingunni \u00ed 360 gr\u00e1\u00f0ur","og_url":"https:\/\/fodurlandid.is\/vara\/r-zs354\/","og_site_name":"F&ouml;&eth;urlandi&eth; heildsala","article_modified_time":"2026-02-15T17:51:12+00:00","og_image":[{"width":600,"height":600,"url":"https:\/\/fodurlandid.is\/wp-content\/uploads\/2025\/07\/JR-ZS354_2.jpg","type":"image\/jpeg"}],"twitter_card":"summary_large_image","twitter_misc":{"Est. reading time":"1 minute"},"schema":{"@context":"https:\/\/schema.org","@graph":[{"@type":"WebPage","@id":"https:\/\/fodurlandid.is\/vara\/r-zs354\/","url":"https:\/\/fodurlandid.is\/vara\/r-zs354\/","name":"S\u00edmahaldari \u00e1 m\u00e6labor\u00f0i\u00f0 \u00ed b\u00edl sem h\u00e6gt er a\u00f0 sn\u00faa \u00ed 360 gr\u00e1\u00f0ur","isPartOf":{"@id":"https:\/\/fodurlandid.is\/#website"},"primaryImageOfPage":{"@id":"https:\/\/fodurlandid.is\/vara\/r-zs354\/#primaryimage"},"image":{"@id":"https:\/\/fodurlandid.is\/vara\/r-zs354\/#primaryimage"},"thumbnailUrl":"https:\/\/fodurlandid.is\/wp-content\/uploads\/2025\/07\/JR-ZS354_2.jpg","datePublished":"2025-07-25T08:14:39+00:00","dateModified":"2026-02-15T17:51:12+00:00","description":"St\u00edlhreinn og \u00f6ruggur fars\u00edmahaldari me\u00f0 sterkum seglum sem halda s\u00edmanum alveg f\u00f6stum vi\u00f0 akstur. \u00dea\u00f0 er h\u00e6gt a\u00f0 sn\u00faa festingunni \u00ed 360 gr\u00e1\u00f0ur","breadcrumb":{"@id":"https:\/\/fodurlandid.is\/vara\/r-zs354\/#breadcrumb"},"inLanguage":"en-US","potentialAction":[{"@type":"ReadAction","target":["https:\/\/fodurlandid.is\/vara\/r-zs354\/"]}]},{"@type":"ImageObject","inLanguage":"en-US","@id":"https:\/\/fodurlandid.is\/vara\/r-zs354\/#primaryimage","url":"https:\/\/fodurlandid.is\/wp-content\/uploads\/2025\/07\/JR-ZS354_2.jpg","contentUrl":"https:\/\/fodurlandid.is\/wp-content\/uploads\/2025\/07\/JR-ZS354_2.jpg","width":600,"height":600},{"@type":"BreadcrumbList","@id":"https:\/\/fodurlandid.is\/vara\/r-zs354\/#breadcrumb","itemListElement":[{"@type":"ListItem","position":1,"name":"Home","item":"https:\/\/fodurlandid.is\/"},{"@type":"ListItem","position":2,"name":"Shop","item":"https:\/\/www.vorulagerinn.is\/heildsala\/en\/shop\/"},{"@type":"ListItem","position":3,"name":"S\u00edmahaldari \u00e1 m\u00e6labor\u00f0i\u00f0 \u00ed b\u00edl sem h\u00e6gt er a\u00f0 sn\u00faa \u00ed 360 gr\u00e1\u00f0ur"}]},{"@type":"WebSite","@id":"https:\/\/fodurlandid.is\/#website","url":"https:\/\/fodurlandid.is\/","name":"F\u00f6\u00f0urlandi\u00f0 ehf, heildsala","description":"Innflutnings, umbo&eth;s- og dreifingara&eth;ili","publisher":{"@id":"https:\/\/fodurlandid.is\/#organization"},"alternateName":"Innflutnings, umbo\u00f0s- og dreifingara\u00f0ili","potentialAction":[{"@type":"SearchAction","target":{"@type":"EntryPoint","urlTemplate":"https:\/\/fodurlandid.is\/?s={search_term_string}"},"query-input":{"@type":"PropertyValueSpecification","valueRequired":true,"valueName":"search_term_string"}}],"inLanguage":"en-US"},{"@type":"Organization","@id":"https:\/\/fodurlandid.is\/#organization","name":"Innflutnings, umbo\u00f0s- og dreifingara\u00f0ili","url":"https:\/\/fodurlandid.is\/","logo":{"@type":"ImageObject","inLanguage":"en-US","@id":"https:\/\/fodurlandid.is\/#\/schema\/logo\/image\/","url":"https:\/\/fodurlandid.is\/wp-content\/uploads\/2024\/05\/Fodurlandid.png","contentUrl":"https:\/\/fodurlandid.is\/wp-content\/uploads\/2024\/05\/Fodurlandid.png","width":400,"height":293,"caption":"Innflutnings, umbo\u00f0s- og dreifingara\u00f0ili"},"image":{"@id":"https:\/\/fodurlandid.is\/#\/schema\/logo\/image\/"}}]}},"_links":{"self":[{"href":"https:\/\/fodurlandid.is\/en\/wp-json\/wp\/v2\/product\/24738","targetHints":{"allow":["GET"]}}],"collection":[{"href":"https:\/\/fodurlandid.is\/en\/wp-json\/wp\/v2\/product"}],"about":[{"href":"https:\/\/fodurlandid.is\/en\/wp-json\/wp\/v2\/types\/product"}],"wp:featuredmedia":[{"embeddable":true,"href":"https:\/\/fodurlandid.is\/en\/wp-json\/wp\/v2\/media\/24745"}],"wp:attachment":[{"href":"https:\/\/fodurlandid.is\/en\/wp-json\/wp\/v2\/media?parent=24738"}],"wp:term":[{"taxonomy":"product_brand","embeddable":true,"href":"https:\/\/fodurlandid.is\/en\/wp-json\/wp\/v2\/product_brand?post=24738"},{"taxonomy":"product_cat","embeddable":true,"href":"https:\/\/fodurlandid.is\/en\/wp-json\/wp\/v2\/product_cat?post=24738"},{"taxonomy":"product_tag","embeddable":true,"href":"https:\/\/fodurlandid.is\/en\/wp-json\/wp\/v2\/product_tag?post=24738"}],"curies":[{"name":"wp","href":"https:\/\/api.w.org\/{rel}","templated":true}]}}