{"id":24695,"date":"2025-07-24T10:56:59","date_gmt":"2025-07-24T10:56:59","guid":{"rendered":"https:\/\/fodurlandid.is\/?post_type=product&#038;p=24695"},"modified":"2026-02-15T17:33:45","modified_gmt":"2026-02-15T17:33:45","slug":"sy-a09","status":"publish","type":"product","link":"https:\/\/fodurlandid.is\/en\/product\/sy-a09\/","title":{"rendered":"HiFi 1,2m hlj\u00f3\u00f0sn\u00faru framlenging mini-jack 3,5mm karl yfir \u00ed mini-jack 3,5mm kona"},"content":{"rendered":"","protected":false},"excerpt":{"rendered":"<p>HiFi hlj\u00f3\u00f0sn\u00faru framlenging 3,5mm karl yfir \u00ed 3,5mm konu. Sn\u00faran er 1,2 metrar og nylon vafin sem eykur l\u00edft\u00edma hennar til muna.<\/p>\n<p>\u2013 Litur: Svartur<br \/>\n\u2013 Lengd: 1,2 metrar<br \/>\n\u2013 Mini-jack 3,5mm framlenging yfir \u00ed mini-jack 3,5mm<br \/>\n\u2013 Framlei\u00f0andi: Joyroom<br \/>\n\u2013 Vottun: CE, RHOS, FCC og UKCA<\/p>\n","protected":false},"featured_media":24696,"template":"","meta":[],"product_brand":[390],"product_cat":[420],"product_tag":[],"class_list":{"0":"post-24695","1":"product","2":"type-product","3":"status-publish","4":"has-post-thumbnail","6":"product_brand-joyroom","7":"product_cat-hljodsnurur","9":"first","10":"instock","11":"taxable","12":"shipping-taxable","13":"product-type-simple"},"yoast_head":"<!-- This site is optimized with the Yoast SEO Premium plugin v21.5 (Yoast SEO v27.3) - https:\/\/yoast.com\/product\/yoast-seo-premium-wordpress\/ -->\n<title>Hlj\u00f3\u00f0sn\u00faru framlenging HiFi mini-jack 3,5mm karl \u00ed mini-jack kona<\/title>\n<meta name=\"description\" content=\"HiFi hlj\u00f3\u00f0sn\u00faru framlenging 3,5mm karl yfir \u00ed 3,5mm konu. Sn\u00faran er 1,2 metrar og nylon vafin sem eykur l\u00edft\u00edma hennar enn frekar.\" \/>\n<meta name=\"robots\" content=\"index, follow, max-snippet:-1, max-image-preview:large, max-video-preview:-1\" \/>\n<link rel=\"canonical\" href=\"https:\/\/fodurlandid.is\/vara\/sy-a09\/\" \/>\n<meta property=\"og:locale\" content=\"en_US\" \/>\n<meta property=\"og:type\" content=\"article\" \/>\n<meta property=\"og:title\" content=\"HiFi 1,2m hlj\u00f3\u00f0sn\u00faru framlenging mini-jack 3,5mm karl yfir \u00ed mini-jack 3,5mm kona\" \/>\n<meta property=\"og:description\" content=\"HiFi hlj\u00f3\u00f0sn\u00faru framlenging 3,5mm karl yfir \u00ed 3,5mm konu. Sn\u00faran er 1,2 metrar og nylon vafin sem eykur l\u00edft\u00edma hennar enn frekar.\" \/>\n<meta property=\"og:url\" content=\"https:\/\/fodurlandid.is\/vara\/sy-a09\/\" \/>\n<meta property=\"og:site_name\" content=\"F&ouml;&eth;urlandi&eth; heildsala\" \/>\n<meta property=\"article:modified_time\" content=\"2026-02-15T17:33:45+00:00\" \/>\n<meta property=\"og:image\" content=\"https:\/\/fodurlandid.is\/wp-content\/uploads\/2025\/07\/SY-A09.jpg\" \/>\n\t<meta property=\"og:image:width\" content=\"600\" \/>\n\t<meta property=\"og:image:height\" content=\"600\" \/>\n\t<meta property=\"og:image:type\" content=\"image\/jpeg\" \/>\n<meta name=\"twitter:card\" content=\"summary_large_image\" \/>\n<meta name=\"twitter:label1\" content=\"Est. reading time\" \/>\n\t<meta name=\"twitter:data1\" content=\"1 minute\" \/>\n<script type=\"application\/ld+json\" class=\"yoast-schema-graph\">{\"@context\":\"https:\\\/\\\/schema.org\",\"@graph\":[{\"@type\":\"WebPage\",\"@id\":\"https:\\\/\\\/fodurlandid.is\\\/vara\\\/sy-a09\\\/\",\"url\":\"https:\\\/\\\/fodurlandid.is\\\/vara\\\/sy-a09\\\/\",\"name\":\"Hlj\u00f3\u00f0sn\u00faru framlenging HiFi mini-jack 3,5mm karl \u00ed mini-jack kona\",\"isPartOf\":{\"@id\":\"https:\\\/\\\/fodurlandid.is\\\/#website\"},\"primaryImageOfPage\":{\"@id\":\"https:\\\/\\\/fodurlandid.is\\\/vara\\\/sy-a09\\\/#primaryimage\"},\"image\":{\"@id\":\"https:\\\/\\\/fodurlandid.is\\\/vara\\\/sy-a09\\\/#primaryimage\"},\"thumbnailUrl\":\"https:\\\/\\\/fodurlandid.is\\\/wp-content\\\/uploads\\\/2025\\\/07\\\/SY-A09.jpg\",\"datePublished\":\"2025-07-24T10:56:59+00:00\",\"dateModified\":\"2026-02-15T17:33:45+00:00\",\"description\":\"HiFi hlj\u00f3\u00f0sn\u00faru framlenging 3,5mm karl yfir \u00ed 3,5mm konu. Sn\u00faran er 1,2 metrar og nylon vafin sem eykur l\u00edft\u00edma hennar enn frekar.\",\"breadcrumb\":{\"@id\":\"https:\\\/\\\/fodurlandid.is\\\/vara\\\/sy-a09\\\/#breadcrumb\"},\"inLanguage\":\"en-US\",\"potentialAction\":[{\"@type\":\"ReadAction\",\"target\":[\"https:\\\/\\\/fodurlandid.is\\\/vara\\\/sy-a09\\\/\"]}]},{\"@type\":\"ImageObject\",\"inLanguage\":\"en-US\",\"@id\":\"https:\\\/\\\/fodurlandid.is\\\/vara\\\/sy-a09\\\/#primaryimage\",\"url\":\"https:\\\/\\\/fodurlandid.is\\\/wp-content\\\/uploads\\\/2025\\\/07\\\/SY-A09.jpg\",\"contentUrl\":\"https:\\\/\\\/fodurlandid.is\\\/wp-content\\\/uploads\\\/2025\\\/07\\\/SY-A09.jpg\",\"width\":600,\"height\":600},{\"@type\":\"BreadcrumbList\",\"@id\":\"https:\\\/\\\/fodurlandid.is\\\/vara\\\/sy-a09\\\/#breadcrumb\",\"itemListElement\":[{\"@type\":\"ListItem\",\"position\":1,\"name\":\"Home\",\"item\":\"https:\\\/\\\/fodurlandid.is\\\/\"},{\"@type\":\"ListItem\",\"position\":2,\"name\":\"Shop\",\"item\":\"https:\\\/\\\/www.vorulagerinn.is\\\/heildsala\\\/en\\\/shop\\\/\"},{\"@type\":\"ListItem\",\"position\":3,\"name\":\"HiFi 1,2m hlj\u00f3\u00f0sn\u00faru framlenging mini-jack 3,5mm karl yfir \u00ed mini-jack 3,5mm kona\"}]},{\"@type\":\"WebSite\",\"@id\":\"https:\\\/\\\/fodurlandid.is\\\/#website\",\"url\":\"https:\\\/\\\/fodurlandid.is\\\/\",\"name\":\"F\u00f6\u00f0urlandi\u00f0 ehf, heildsala\",\"description\":\"Innflutnings, umbo&eth;s- og dreifingara&eth;ili\",\"publisher\":{\"@id\":\"https:\\\/\\\/fodurlandid.is\\\/#organization\"},\"alternateName\":\"Innflutnings, umbo\u00f0s- og dreifingara\u00f0ili\",\"potentialAction\":[{\"@type\":\"SearchAction\",\"target\":{\"@type\":\"EntryPoint\",\"urlTemplate\":\"https:\\\/\\\/fodurlandid.is\\\/?s={search_term_string}\"},\"query-input\":{\"@type\":\"PropertyValueSpecification\",\"valueRequired\":true,\"valueName\":\"search_term_string\"}}],\"inLanguage\":\"en-US\"},{\"@type\":\"Organization\",\"@id\":\"https:\\\/\\\/fodurlandid.is\\\/#organization\",\"name\":\"Innflutnings, umbo\u00f0s- og dreifingara\u00f0ili\",\"url\":\"https:\\\/\\\/fodurlandid.is\\\/\",\"logo\":{\"@type\":\"ImageObject\",\"inLanguage\":\"en-US\",\"@id\":\"https:\\\/\\\/fodurlandid.is\\\/#\\\/schema\\\/logo\\\/image\\\/\",\"url\":\"https:\\\/\\\/fodurlandid.is\\\/wp-content\\\/uploads\\\/2024\\\/05\\\/Fodurlandid.png\",\"contentUrl\":\"https:\\\/\\\/fodurlandid.is\\\/wp-content\\\/uploads\\\/2024\\\/05\\\/Fodurlandid.png\",\"width\":400,\"height\":293,\"caption\":\"Innflutnings, umbo\u00f0s- og dreifingara\u00f0ili\"},\"image\":{\"@id\":\"https:\\\/\\\/fodurlandid.is\\\/#\\\/schema\\\/logo\\\/image\\\/\"}}]}<\/script>\n<!-- \/ Yoast SEO Premium plugin. -->","yoast_head_json":{"title":"Hlj\u00f3\u00f0sn\u00faru framlenging HiFi mini-jack 3,5mm karl \u00ed mini-jack kona","description":"HiFi hlj\u00f3\u00f0sn\u00faru framlenging 3,5mm karl yfir \u00ed 3,5mm konu. Sn\u00faran er 1,2 metrar og nylon vafin sem eykur l\u00edft\u00edma hennar enn frekar.","robots":{"index":"index","follow":"follow","max-snippet":"max-snippet:-1","max-image-preview":"max-image-preview:large","max-video-preview":"max-video-preview:-1"},"canonical":"https:\/\/fodurlandid.is\/vara\/sy-a09\/","og_locale":"en_US","og_type":"article","og_title":"HiFi 1,2m hlj\u00f3\u00f0sn\u00faru framlenging mini-jack 3,5mm karl yfir \u00ed mini-jack 3,5mm kona","og_description":"HiFi hlj\u00f3\u00f0sn\u00faru framlenging 3,5mm karl yfir \u00ed 3,5mm konu. Sn\u00faran er 1,2 metrar og nylon vafin sem eykur l\u00edft\u00edma hennar enn frekar.","og_url":"https:\/\/fodurlandid.is\/vara\/sy-a09\/","og_site_name":"F&ouml;&eth;urlandi&eth; heildsala","article_modified_time":"2026-02-15T17:33:45+00:00","og_image":[{"width":600,"height":600,"url":"https:\/\/fodurlandid.is\/wp-content\/uploads\/2025\/07\/SY-A09.jpg","type":"image\/jpeg"}],"twitter_card":"summary_large_image","twitter_misc":{"Est. reading time":"1 minute"},"schema":{"@context":"https:\/\/schema.org","@graph":[{"@type":"WebPage","@id":"https:\/\/fodurlandid.is\/vara\/sy-a09\/","url":"https:\/\/fodurlandid.is\/vara\/sy-a09\/","name":"Hlj\u00f3\u00f0sn\u00faru framlenging HiFi mini-jack 3,5mm karl \u00ed mini-jack kona","isPartOf":{"@id":"https:\/\/fodurlandid.is\/#website"},"primaryImageOfPage":{"@id":"https:\/\/fodurlandid.is\/vara\/sy-a09\/#primaryimage"},"image":{"@id":"https:\/\/fodurlandid.is\/vara\/sy-a09\/#primaryimage"},"thumbnailUrl":"https:\/\/fodurlandid.is\/wp-content\/uploads\/2025\/07\/SY-A09.jpg","datePublished":"2025-07-24T10:56:59+00:00","dateModified":"2026-02-15T17:33:45+00:00","description":"HiFi hlj\u00f3\u00f0sn\u00faru framlenging 3,5mm karl yfir \u00ed 3,5mm konu. Sn\u00faran er 1,2 metrar og nylon vafin sem eykur l\u00edft\u00edma hennar enn frekar.","breadcrumb":{"@id":"https:\/\/fodurlandid.is\/vara\/sy-a09\/#breadcrumb"},"inLanguage":"en-US","potentialAction":[{"@type":"ReadAction","target":["https:\/\/fodurlandid.is\/vara\/sy-a09\/"]}]},{"@type":"ImageObject","inLanguage":"en-US","@id":"https:\/\/fodurlandid.is\/vara\/sy-a09\/#primaryimage","url":"https:\/\/fodurlandid.is\/wp-content\/uploads\/2025\/07\/SY-A09.jpg","contentUrl":"https:\/\/fodurlandid.is\/wp-content\/uploads\/2025\/07\/SY-A09.jpg","width":600,"height":600},{"@type":"BreadcrumbList","@id":"https:\/\/fodurlandid.is\/vara\/sy-a09\/#breadcrumb","itemListElement":[{"@type":"ListItem","position":1,"name":"Home","item":"https:\/\/fodurlandid.is\/"},{"@type":"ListItem","position":2,"name":"Shop","item":"https:\/\/www.vorulagerinn.is\/heildsala\/en\/shop\/"},{"@type":"ListItem","position":3,"name":"HiFi 1,2m hlj\u00f3\u00f0sn\u00faru framlenging mini-jack 3,5mm karl yfir \u00ed mini-jack 3,5mm kona"}]},{"@type":"WebSite","@id":"https:\/\/fodurlandid.is\/#website","url":"https:\/\/fodurlandid.is\/","name":"F\u00f6\u00f0urlandi\u00f0 ehf, heildsala","description":"Innflutnings, umbo&eth;s- og dreifingara&eth;ili","publisher":{"@id":"https:\/\/fodurlandid.is\/#organization"},"alternateName":"Innflutnings, umbo\u00f0s- og dreifingara\u00f0ili","potentialAction":[{"@type":"SearchAction","target":{"@type":"EntryPoint","urlTemplate":"https:\/\/fodurlandid.is\/?s={search_term_string}"},"query-input":{"@type":"PropertyValueSpecification","valueRequired":true,"valueName":"search_term_string"}}],"inLanguage":"en-US"},{"@type":"Organization","@id":"https:\/\/fodurlandid.is\/#organization","name":"Innflutnings, umbo\u00f0s- og dreifingara\u00f0ili","url":"https:\/\/fodurlandid.is\/","logo":{"@type":"ImageObject","inLanguage":"en-US","@id":"https:\/\/fodurlandid.is\/#\/schema\/logo\/image\/","url":"https:\/\/fodurlandid.is\/wp-content\/uploads\/2024\/05\/Fodurlandid.png","contentUrl":"https:\/\/fodurlandid.is\/wp-content\/uploads\/2024\/05\/Fodurlandid.png","width":400,"height":293,"caption":"Innflutnings, umbo\u00f0s- og dreifingara\u00f0ili"},"image":{"@id":"https:\/\/fodurlandid.is\/#\/schema\/logo\/image\/"}}]}},"_links":{"self":[{"href":"https:\/\/fodurlandid.is\/en\/wp-json\/wp\/v2\/product\/24695","targetHints":{"allow":["GET"]}}],"collection":[{"href":"https:\/\/fodurlandid.is\/en\/wp-json\/wp\/v2\/product"}],"about":[{"href":"https:\/\/fodurlandid.is\/en\/wp-json\/wp\/v2\/types\/product"}],"wp:featuredmedia":[{"embeddable":true,"href":"https:\/\/fodurlandid.is\/en\/wp-json\/wp\/v2\/media\/24696"}],"wp:attachment":[{"href":"https:\/\/fodurlandid.is\/en\/wp-json\/wp\/v2\/media?parent=24695"}],"wp:term":[{"taxonomy":"product_brand","embeddable":true,"href":"https:\/\/fodurlandid.is\/en\/wp-json\/wp\/v2\/product_brand?post=24695"},{"taxonomy":"product_cat","embeddable":true,"href":"https:\/\/fodurlandid.is\/en\/wp-json\/wp\/v2\/product_cat?post=24695"},{"taxonomy":"product_tag","embeddable":true,"href":"https:\/\/fodurlandid.is\/en\/wp-json\/wp\/v2\/product_tag?post=24695"}],"curies":[{"name":"wp","href":"https:\/\/api.w.org\/{rel}","templated":true}]}}