{"id":24673,"date":"2025-07-24T09:46:27","date_gmt":"2025-07-24T09:46:27","guid":{"rendered":"https:\/\/fodurlandid.is\/?post_type=product&#038;p=24673"},"modified":"2026-04-07T13:34:28","modified_gmt":"2026-04-07T13:34:28","slug":"jr-zs420","status":"publish","type":"product","link":"https:\/\/fodurlandid.is\/en\/product\/jr-zs420\/","title":{"rendered":"MagSafe standur og fars\u00edmagrip fyrir iPhone 11\/12\/13\/14\/15\/16\/17"},"content":{"rendered":"","protected":false},"excerpt":{"rendered":"<p>MagSafe standur og fars\u00edmagrip me\u00f0 samabrj\u00f3tanlegu kringl\u00f3ttu gripi fyrir fingur sem h\u00e6gt er a\u00f0 sn\u00faa \u00ed 360 gr\u00e1\u00f0ur sem eykur \u00fe\u00e6gingi \u00feegar haldi\u00f0 er \u00e1 fars\u00edmanum. \u00c1 fars\u00edmagripinu er st\u00e6rri og stillanlegur hringlaga standur sem gerir \u00fe\u00e9r kleift a\u00f0 nota snjalls\u00edmann l\u00f3\u00f0r\u00e9tt e\u00f0a l\u00e1r\u00e9tt \u00e1 bor\u00f0i \u00feegar horft er t.d. \u00e1 video e\u00f0a tala\u00f0 mynd \u00ed mynd.<\/p>\n<p>Fars\u00edmagripi\u00f0 hentar iPhone 12\/13\/14\/15\/16\/17 og MagSafe snjalls\u00edmahulstrum. Segulgripi\u00f0 er sterkt og getur haldi\u00f0 allt a\u00f0 1,8 kg og allt a\u00f0 4 kg ef s\u00edminn e\u00f0a hulstri\u00f0 er me\u00f0 m\u00e1lmhring (segulhring) sem fylgir me\u00f0.<\/p>\n<p>\u2013 Sj\u00e1 myndband ne\u00f0ar \u00e1 s\u00ed\u00f0u<br \/>\n\u2013 Litur: Svartur me\u00f0 silfurhring<br \/>\n\u2013 St\u00e6r\u00f0: 7,5X6 cm<br \/>\n\u2013 Efni: ABS, PC, zinc alloy &amp; silicone<br \/>\n\u2013 S\u00edmast\u00e6r\u00f0: 4,7-7\u2033<\/p>\n","protected":false},"featured_media":24678,"template":"","meta":[],"product_brand":[390],"product_cat":[418],"product_tag":[],"class_list":{"0":"post-24673","1":"product","2":"type-product","3":"status-publish","4":"has-post-thumbnail","6":"product_brand-joyroom","7":"product_cat-festingar-og-standar","9":"first","10":"instock","11":"taxable","12":"shipping-taxable","13":"product-type-simple"},"yoast_head":"<!-- This site is optimized with the Yoast SEO Premium plugin v21.5 (Yoast SEO v27.4) - https:\/\/yoast.com\/product\/yoast-seo-premium-wordpress\/ -->\n<title>MagSafe standur og fars\u00edmagrip fyrir iPhone 11\/12\/13\/14\/15\/16\/17<\/title>\n<meta name=\"description\" content=\"MagSafe standur og fars\u00edmagrip me\u00f0 samabrj\u00f3tanlegu kringl\u00f3ttu gripi fyrir fingur sem h\u00e6gt er a\u00f0 sn\u00faa \u00ed 360 gr\u00e1\u00f0ur. Stillanlegur hringlaga s\u00edmastandur \u00e1 bor\u00f0\" \/>\n<meta name=\"robots\" content=\"index, follow, max-snippet:-1, max-image-preview:large, max-video-preview:-1\" \/>\n<link rel=\"canonical\" href=\"https:\/\/fodurlandid.is\/vara\/jr-zs420\/\" \/>\n<meta property=\"og:locale\" content=\"en_US\" \/>\n<meta property=\"og:type\" content=\"article\" \/>\n<meta property=\"og:title\" content=\"MagSafe standur og fars\u00edmagrip fyrir iPhone 11\/12\/13\/14\/15\/16\/17\" \/>\n<meta property=\"og:description\" content=\"MagSafe standur og fars\u00edmagrip me\u00f0 samabrj\u00f3tanlegu kringl\u00f3ttu gripi fyrir fingur sem h\u00e6gt er a\u00f0 sn\u00faa \u00ed 360 gr\u00e1\u00f0ur. Stillanlegur hringlaga s\u00edmastandur \u00e1 bor\u00f0\" \/>\n<meta property=\"og:url\" content=\"https:\/\/fodurlandid.is\/vara\/jr-zs420\/\" \/>\n<meta property=\"og:site_name\" content=\"F&ouml;&eth;urlandi&eth; heildsala\" \/>\n<meta property=\"article:modified_time\" content=\"2026-04-07T13:34:28+00:00\" \/>\n<meta property=\"og:image\" content=\"https:\/\/fodurlandid.is\/wp-content\/uploads\/2025\/07\/JR-ZS420_0.jpg\" \/>\n\t<meta property=\"og:image:width\" content=\"600\" \/>\n\t<meta property=\"og:image:height\" content=\"600\" \/>\n\t<meta property=\"og:image:type\" content=\"image\/jpeg\" \/>\n<meta name=\"twitter:card\" content=\"summary_large_image\" \/>\n<meta name=\"twitter:label1\" content=\"Est. reading time\" \/>\n\t<meta name=\"twitter:data1\" content=\"1 minute\" \/>\n<script type=\"application\/ld+json\" class=\"yoast-schema-graph\">{\"@context\":\"https:\\\/\\\/schema.org\",\"@graph\":[{\"@type\":\"WebPage\",\"@id\":\"https:\\\/\\\/fodurlandid.is\\\/vara\\\/jr-zs420\\\/\",\"url\":\"https:\\\/\\\/fodurlandid.is\\\/vara\\\/jr-zs420\\\/\",\"name\":\"MagSafe standur og fars\u00edmagrip fyrir iPhone 11\\\/12\\\/13\\\/14\\\/15\\\/16\\\/17\",\"isPartOf\":{\"@id\":\"https:\\\/\\\/fodurlandid.is\\\/#website\"},\"primaryImageOfPage\":{\"@id\":\"https:\\\/\\\/fodurlandid.is\\\/vara\\\/jr-zs420\\\/#primaryimage\"},\"image\":{\"@id\":\"https:\\\/\\\/fodurlandid.is\\\/vara\\\/jr-zs420\\\/#primaryimage\"},\"thumbnailUrl\":\"https:\\\/\\\/fodurlandid.is\\\/wp-content\\\/uploads\\\/2025\\\/07\\\/JR-ZS420_0.jpg\",\"datePublished\":\"2025-07-24T09:46:27+00:00\",\"dateModified\":\"2026-04-07T13:34:28+00:00\",\"description\":\"MagSafe standur og fars\u00edmagrip me\u00f0 samabrj\u00f3tanlegu kringl\u00f3ttu gripi fyrir fingur sem h\u00e6gt er a\u00f0 sn\u00faa \u00ed 360 gr\u00e1\u00f0ur. Stillanlegur hringlaga s\u00edmastandur \u00e1 bor\u00f0\",\"breadcrumb\":{\"@id\":\"https:\\\/\\\/fodurlandid.is\\\/vara\\\/jr-zs420\\\/#breadcrumb\"},\"inLanguage\":\"en-US\",\"potentialAction\":[{\"@type\":\"ReadAction\",\"target\":[\"https:\\\/\\\/fodurlandid.is\\\/vara\\\/jr-zs420\\\/\"]}]},{\"@type\":\"ImageObject\",\"inLanguage\":\"en-US\",\"@id\":\"https:\\\/\\\/fodurlandid.is\\\/vara\\\/jr-zs420\\\/#primaryimage\",\"url\":\"https:\\\/\\\/fodurlandid.is\\\/wp-content\\\/uploads\\\/2025\\\/07\\\/JR-ZS420_0.jpg\",\"contentUrl\":\"https:\\\/\\\/fodurlandid.is\\\/wp-content\\\/uploads\\\/2025\\\/07\\\/JR-ZS420_0.jpg\",\"width\":600,\"height\":600},{\"@type\":\"BreadcrumbList\",\"@id\":\"https:\\\/\\\/fodurlandid.is\\\/vara\\\/jr-zs420\\\/#breadcrumb\",\"itemListElement\":[{\"@type\":\"ListItem\",\"position\":1,\"name\":\"Home\",\"item\":\"https:\\\/\\\/fodurlandid.is\\\/\"},{\"@type\":\"ListItem\",\"position\":2,\"name\":\"Shop\",\"item\":\"https:\\\/\\\/www.vorulagerinn.is\\\/heildsala\\\/en\\\/shop\\\/\"},{\"@type\":\"ListItem\",\"position\":3,\"name\":\"MagSafe standur og fars\u00edmagrip fyrir iPhone 11\\\/12\\\/13\\\/14\\\/15\\\/16\\\/17\"}]},{\"@type\":\"WebSite\",\"@id\":\"https:\\\/\\\/fodurlandid.is\\\/#website\",\"url\":\"https:\\\/\\\/fodurlandid.is\\\/\",\"name\":\"F\u00f6\u00f0urlandi\u00f0 ehf, heildsala\",\"description\":\"Innflutnings, umbo&eth;s- og dreifingara&eth;ili\",\"publisher\":{\"@id\":\"https:\\\/\\\/fodurlandid.is\\\/#organization\"},\"alternateName\":\"Innflutnings, umbo\u00f0s- og dreifingara\u00f0ili\",\"potentialAction\":[{\"@type\":\"SearchAction\",\"target\":{\"@type\":\"EntryPoint\",\"urlTemplate\":\"https:\\\/\\\/fodurlandid.is\\\/?s={search_term_string}\"},\"query-input\":{\"@type\":\"PropertyValueSpecification\",\"valueRequired\":true,\"valueName\":\"search_term_string\"}}],\"inLanguage\":\"en-US\"},{\"@type\":\"Organization\",\"@id\":\"https:\\\/\\\/fodurlandid.is\\\/#organization\",\"name\":\"Innflutnings, umbo\u00f0s- og dreifingara\u00f0ili\",\"url\":\"https:\\\/\\\/fodurlandid.is\\\/\",\"logo\":{\"@type\":\"ImageObject\",\"inLanguage\":\"en-US\",\"@id\":\"https:\\\/\\\/fodurlandid.is\\\/#\\\/schema\\\/logo\\\/image\\\/\",\"url\":\"https:\\\/\\\/fodurlandid.is\\\/wp-content\\\/uploads\\\/2024\\\/05\\\/Fodurlandid.png\",\"contentUrl\":\"https:\\\/\\\/fodurlandid.is\\\/wp-content\\\/uploads\\\/2024\\\/05\\\/Fodurlandid.png\",\"width\":400,\"height\":293,\"caption\":\"Innflutnings, umbo\u00f0s- og dreifingara\u00f0ili\"},\"image\":{\"@id\":\"https:\\\/\\\/fodurlandid.is\\\/#\\\/schema\\\/logo\\\/image\\\/\"}}]}<\/script>\n<!-- \/ Yoast SEO Premium plugin. -->","yoast_head_json":{"title":"MagSafe standur og fars\u00edmagrip fyrir iPhone 11\/12\/13\/14\/15\/16\/17","description":"MagSafe standur og fars\u00edmagrip me\u00f0 samabrj\u00f3tanlegu kringl\u00f3ttu gripi fyrir fingur sem h\u00e6gt er a\u00f0 sn\u00faa \u00ed 360 gr\u00e1\u00f0ur. Stillanlegur hringlaga s\u00edmastandur \u00e1 bor\u00f0","robots":{"index":"index","follow":"follow","max-snippet":"max-snippet:-1","max-image-preview":"max-image-preview:large","max-video-preview":"max-video-preview:-1"},"canonical":"https:\/\/fodurlandid.is\/vara\/jr-zs420\/","og_locale":"en_US","og_type":"article","og_title":"MagSafe standur og fars\u00edmagrip fyrir iPhone 11\/12\/13\/14\/15\/16\/17","og_description":"MagSafe standur og fars\u00edmagrip me\u00f0 samabrj\u00f3tanlegu kringl\u00f3ttu gripi fyrir fingur sem h\u00e6gt er a\u00f0 sn\u00faa \u00ed 360 gr\u00e1\u00f0ur. Stillanlegur hringlaga s\u00edmastandur \u00e1 bor\u00f0","og_url":"https:\/\/fodurlandid.is\/vara\/jr-zs420\/","og_site_name":"F&ouml;&eth;urlandi&eth; heildsala","article_modified_time":"2026-04-07T13:34:28+00:00","og_image":[{"width":600,"height":600,"url":"https:\/\/fodurlandid.is\/wp-content\/uploads\/2025\/07\/JR-ZS420_0.jpg","type":"image\/jpeg"}],"twitter_card":"summary_large_image","twitter_misc":{"Est. reading time":"1 minute"},"schema":{"@context":"https:\/\/schema.org","@graph":[{"@type":"WebPage","@id":"https:\/\/fodurlandid.is\/vara\/jr-zs420\/","url":"https:\/\/fodurlandid.is\/vara\/jr-zs420\/","name":"MagSafe standur og fars\u00edmagrip fyrir iPhone 11\/12\/13\/14\/15\/16\/17","isPartOf":{"@id":"https:\/\/fodurlandid.is\/#website"},"primaryImageOfPage":{"@id":"https:\/\/fodurlandid.is\/vara\/jr-zs420\/#primaryimage"},"image":{"@id":"https:\/\/fodurlandid.is\/vara\/jr-zs420\/#primaryimage"},"thumbnailUrl":"https:\/\/fodurlandid.is\/wp-content\/uploads\/2025\/07\/JR-ZS420_0.jpg","datePublished":"2025-07-24T09:46:27+00:00","dateModified":"2026-04-07T13:34:28+00:00","description":"MagSafe standur og fars\u00edmagrip me\u00f0 samabrj\u00f3tanlegu kringl\u00f3ttu gripi fyrir fingur sem h\u00e6gt er a\u00f0 sn\u00faa \u00ed 360 gr\u00e1\u00f0ur. Stillanlegur hringlaga s\u00edmastandur \u00e1 bor\u00f0","breadcrumb":{"@id":"https:\/\/fodurlandid.is\/vara\/jr-zs420\/#breadcrumb"},"inLanguage":"en-US","potentialAction":[{"@type":"ReadAction","target":["https:\/\/fodurlandid.is\/vara\/jr-zs420\/"]}]},{"@type":"ImageObject","inLanguage":"en-US","@id":"https:\/\/fodurlandid.is\/vara\/jr-zs420\/#primaryimage","url":"https:\/\/fodurlandid.is\/wp-content\/uploads\/2025\/07\/JR-ZS420_0.jpg","contentUrl":"https:\/\/fodurlandid.is\/wp-content\/uploads\/2025\/07\/JR-ZS420_0.jpg","width":600,"height":600},{"@type":"BreadcrumbList","@id":"https:\/\/fodurlandid.is\/vara\/jr-zs420\/#breadcrumb","itemListElement":[{"@type":"ListItem","position":1,"name":"Home","item":"https:\/\/fodurlandid.is\/"},{"@type":"ListItem","position":2,"name":"Shop","item":"https:\/\/www.vorulagerinn.is\/heildsala\/en\/shop\/"},{"@type":"ListItem","position":3,"name":"MagSafe standur og fars\u00edmagrip fyrir iPhone 11\/12\/13\/14\/15\/16\/17"}]},{"@type":"WebSite","@id":"https:\/\/fodurlandid.is\/#website","url":"https:\/\/fodurlandid.is\/","name":"F\u00f6\u00f0urlandi\u00f0 ehf, heildsala","description":"Innflutnings, umbo&eth;s- og dreifingara&eth;ili","publisher":{"@id":"https:\/\/fodurlandid.is\/#organization"},"alternateName":"Innflutnings, umbo\u00f0s- og dreifingara\u00f0ili","potentialAction":[{"@type":"SearchAction","target":{"@type":"EntryPoint","urlTemplate":"https:\/\/fodurlandid.is\/?s={search_term_string}"},"query-input":{"@type":"PropertyValueSpecification","valueRequired":true,"valueName":"search_term_string"}}],"inLanguage":"en-US"},{"@type":"Organization","@id":"https:\/\/fodurlandid.is\/#organization","name":"Innflutnings, umbo\u00f0s- og dreifingara\u00f0ili","url":"https:\/\/fodurlandid.is\/","logo":{"@type":"ImageObject","inLanguage":"en-US","@id":"https:\/\/fodurlandid.is\/#\/schema\/logo\/image\/","url":"https:\/\/fodurlandid.is\/wp-content\/uploads\/2024\/05\/Fodurlandid.png","contentUrl":"https:\/\/fodurlandid.is\/wp-content\/uploads\/2024\/05\/Fodurlandid.png","width":400,"height":293,"caption":"Innflutnings, umbo\u00f0s- og dreifingara\u00f0ili"},"image":{"@id":"https:\/\/fodurlandid.is\/#\/schema\/logo\/image\/"}}]}},"_links":{"self":[{"href":"https:\/\/fodurlandid.is\/en\/wp-json\/wp\/v2\/product\/24673","targetHints":{"allow":["GET"]}}],"collection":[{"href":"https:\/\/fodurlandid.is\/en\/wp-json\/wp\/v2\/product"}],"about":[{"href":"https:\/\/fodurlandid.is\/en\/wp-json\/wp\/v2\/types\/product"}],"wp:featuredmedia":[{"embeddable":true,"href":"https:\/\/fodurlandid.is\/en\/wp-json\/wp\/v2\/media\/24678"}],"wp:attachment":[{"href":"https:\/\/fodurlandid.is\/en\/wp-json\/wp\/v2\/media?parent=24673"}],"wp:term":[{"taxonomy":"product_brand","embeddable":true,"href":"https:\/\/fodurlandid.is\/en\/wp-json\/wp\/v2\/product_brand?post=24673"},{"taxonomy":"product_cat","embeddable":true,"href":"https:\/\/fodurlandid.is\/en\/wp-json\/wp\/v2\/product_cat?post=24673"},{"taxonomy":"product_tag","embeddable":true,"href":"https:\/\/fodurlandid.is\/en\/wp-json\/wp\/v2\/product_tag?post=24673"}],"curies":[{"name":"wp","href":"https:\/\/api.w.org\/{rel}","templated":true}]}}