{"id":24668,"date":"2025-07-24T08:14:39","date_gmt":"2025-07-24T08:14:39","guid":{"rendered":"https:\/\/fodurlandid.is\/?post_type=product&#038;p=24668"},"modified":"2026-04-07T13:57:13","modified_gmt":"2026-04-07T13:57:13","slug":"jr-zs368","status":"publish","type":"product","link":"https:\/\/fodurlandid.is\/en\/product\/jr-zs368\/","title":{"rendered":"Sn\u00farufestingar me\u00f0 segulloki (6 stk \u00ed pakka)"},"content":{"rendered":"","protected":false},"excerpt":{"rendered":"<p>Sn\u00farufestingar sem lokast me\u00f0 segli utan um sn\u00farurnar. \u00de\u00e6r\u00a0hj\u00e1lpar \u00fe\u00e9r a\u00f0 koma skipulagi \u00e1 sn\u00farurnar heima, \u00e1 skrifstofunni e\u00f0a \u00ed sumarb\u00fasta\u00f0inum. Sn\u00farufestingarnar hentar einstaklega vel fyrir t\u00f6lvusn\u00farur, hle\u00f0slusn\u00farur og rafmagnssn\u00farur sem komi\u00f0 er fyrir \u00e1 skipulag\u00f0an h\u00e1tt.<\/p>\n<p>Kubburinn kemur \u00ed veg fyrir a\u00f0 sn\u00farurnar detti \u00e1 g\u00f3lfi\u00f0 og ver\u00f0i fyrir hnjaski.<\/p>\n<p>\u2013 Litur: Hv\u00edtur og svartur<br \/>\n\u2013 St\u00e6r\u00f0: 22x22x14,6 cm<br \/>\n\u2013 \u00deyngd: 15g<br \/>\n\u2013 Efni: ABS og PC<br \/>\n\u2013 6 stk \u00ed pakka<br \/>\n\u2013 Vottun: ROHS<\/p>\n","protected":false},"featured_media":24671,"template":"","meta":[],"product_brand":[390],"product_cat":[418],"product_tag":[],"class_list":{"0":"post-24668","1":"product","2":"type-product","3":"status-publish","4":"has-post-thumbnail","6":"product_brand-joyroom","7":"product_cat-festingar-og-standar","9":"first","10":"instock","11":"taxable","12":"shipping-taxable","13":"product-type-variable"},"yoast_head":"<!-- This site is optimized with the Yoast SEO Premium plugin v21.5 (Yoast SEO v27.4) - https:\/\/yoast.com\/product\/yoast-seo-premium-wordpress\/ -->\n<title>Sn\u00faruskipuleggjari me\u00f0 segulloki (6 stk \u00ed pakka)<\/title>\n<meta name=\"description\" content=\"Sn\u00farufestingar sem lokast me\u00f0 segli utan um sn\u00farurnar. \u00de\u00e6r\u00a0hj\u00e1lpar \u00fe\u00e9r a\u00f0 koma skipulagi \u00e1 sn\u00farurnar heima, \u00e1 skrifstofunni e\u00f0a \u00ed sumarb\u00fasta\u00f0inum.\" \/>\n<meta name=\"robots\" content=\"index, follow, max-snippet:-1, max-image-preview:large, max-video-preview:-1\" \/>\n<link rel=\"canonical\" href=\"https:\/\/fodurlandid.is\/vara\/jr-zs368\/\" \/>\n<meta property=\"og:locale\" content=\"en_US\" \/>\n<meta property=\"og:type\" content=\"article\" \/>\n<meta property=\"og:title\" content=\"Sn\u00farufestingar me\u00f0 segulloki (6 stk \u00ed pakka)\" \/>\n<meta property=\"og:description\" content=\"Sn\u00farufestingar sem lokast me\u00f0 segli utan um sn\u00farurnar. \u00de\u00e6r\u00a0hj\u00e1lpar \u00fe\u00e9r a\u00f0 koma skipulagi \u00e1 sn\u00farurnar heima, \u00e1 skrifstofunni e\u00f0a \u00ed sumarb\u00fasta\u00f0inum.\" \/>\n<meta property=\"og:url\" content=\"https:\/\/fodurlandid.is\/vara\/jr-zs368\/\" \/>\n<meta property=\"og:site_name\" content=\"F&ouml;&eth;urlandi&eth; heildsala\" \/>\n<meta property=\"article:modified_time\" content=\"2026-04-07T13:57:13+00:00\" \/>\n<meta property=\"og:image\" content=\"https:\/\/fodurlandid.is\/wp-content\/uploads\/2025\/07\/JR-ZS368.jpg\" \/>\n\t<meta property=\"og:image:width\" content=\"600\" \/>\n\t<meta property=\"og:image:height\" content=\"600\" \/>\n\t<meta property=\"og:image:type\" content=\"image\/jpeg\" \/>\n<meta name=\"twitter:card\" content=\"summary_large_image\" \/>\n<meta name=\"twitter:label1\" content=\"Est. reading time\" \/>\n\t<meta name=\"twitter:data1\" content=\"1 minute\" \/>\n<script type=\"application\/ld+json\" class=\"yoast-schema-graph\">{\"@context\":\"https:\\\/\\\/schema.org\",\"@graph\":[{\"@type\":\"WebPage\",\"@id\":\"https:\\\/\\\/fodurlandid.is\\\/vara\\\/jr-zs368\\\/\",\"url\":\"https:\\\/\\\/fodurlandid.is\\\/vara\\\/jr-zs368\\\/\",\"name\":\"Sn\u00faruskipuleggjari me\u00f0 segulloki (6 stk \u00ed pakka)\",\"isPartOf\":{\"@id\":\"https:\\\/\\\/fodurlandid.is\\\/#website\"},\"primaryImageOfPage\":{\"@id\":\"https:\\\/\\\/fodurlandid.is\\\/vara\\\/jr-zs368\\\/#primaryimage\"},\"image\":{\"@id\":\"https:\\\/\\\/fodurlandid.is\\\/vara\\\/jr-zs368\\\/#primaryimage\"},\"thumbnailUrl\":\"https:\\\/\\\/fodurlandid.is\\\/wp-content\\\/uploads\\\/2025\\\/07\\\/JR-ZS368.jpg\",\"datePublished\":\"2025-07-24T08:14:39+00:00\",\"dateModified\":\"2026-04-07T13:57:13+00:00\",\"description\":\"Sn\u00farufestingar sem lokast me\u00f0 segli utan um sn\u00farurnar. \u00de\u00e6r\u00a0hj\u00e1lpar \u00fe\u00e9r a\u00f0 koma skipulagi \u00e1 sn\u00farurnar heima, \u00e1 skrifstofunni e\u00f0a \u00ed sumarb\u00fasta\u00f0inum.\",\"breadcrumb\":{\"@id\":\"https:\\\/\\\/fodurlandid.is\\\/vara\\\/jr-zs368\\\/#breadcrumb\"},\"inLanguage\":\"en-US\",\"potentialAction\":[{\"@type\":\"ReadAction\",\"target\":[\"https:\\\/\\\/fodurlandid.is\\\/vara\\\/jr-zs368\\\/\"]}]},{\"@type\":\"ImageObject\",\"inLanguage\":\"en-US\",\"@id\":\"https:\\\/\\\/fodurlandid.is\\\/vara\\\/jr-zs368\\\/#primaryimage\",\"url\":\"https:\\\/\\\/fodurlandid.is\\\/wp-content\\\/uploads\\\/2025\\\/07\\\/JR-ZS368.jpg\",\"contentUrl\":\"https:\\\/\\\/fodurlandid.is\\\/wp-content\\\/uploads\\\/2025\\\/07\\\/JR-ZS368.jpg\",\"width\":600,\"height\":600},{\"@type\":\"BreadcrumbList\",\"@id\":\"https:\\\/\\\/fodurlandid.is\\\/vara\\\/jr-zs368\\\/#breadcrumb\",\"itemListElement\":[{\"@type\":\"ListItem\",\"position\":1,\"name\":\"Home\",\"item\":\"https:\\\/\\\/fodurlandid.is\\\/\"},{\"@type\":\"ListItem\",\"position\":2,\"name\":\"Shop\",\"item\":\"https:\\\/\\\/www.vorulagerinn.is\\\/heildsala\\\/en\\\/shop\\\/\"},{\"@type\":\"ListItem\",\"position\":3,\"name\":\"Sn\u00farufestingar me\u00f0 segulloki (6 stk \u00ed pakka)\"}]},{\"@type\":\"WebSite\",\"@id\":\"https:\\\/\\\/fodurlandid.is\\\/#website\",\"url\":\"https:\\\/\\\/fodurlandid.is\\\/\",\"name\":\"F\u00f6\u00f0urlandi\u00f0 ehf, heildsala\",\"description\":\"Innflutnings, umbo&eth;s- og dreifingara&eth;ili\",\"publisher\":{\"@id\":\"https:\\\/\\\/fodurlandid.is\\\/#organization\"},\"alternateName\":\"Innflutnings, umbo\u00f0s- og dreifingara\u00f0ili\",\"potentialAction\":[{\"@type\":\"SearchAction\",\"target\":{\"@type\":\"EntryPoint\",\"urlTemplate\":\"https:\\\/\\\/fodurlandid.is\\\/?s={search_term_string}\"},\"query-input\":{\"@type\":\"PropertyValueSpecification\",\"valueRequired\":true,\"valueName\":\"search_term_string\"}}],\"inLanguage\":\"en-US\"},{\"@type\":\"Organization\",\"@id\":\"https:\\\/\\\/fodurlandid.is\\\/#organization\",\"name\":\"Innflutnings, umbo\u00f0s- og dreifingara\u00f0ili\",\"url\":\"https:\\\/\\\/fodurlandid.is\\\/\",\"logo\":{\"@type\":\"ImageObject\",\"inLanguage\":\"en-US\",\"@id\":\"https:\\\/\\\/fodurlandid.is\\\/#\\\/schema\\\/logo\\\/image\\\/\",\"url\":\"https:\\\/\\\/fodurlandid.is\\\/wp-content\\\/uploads\\\/2024\\\/05\\\/Fodurlandid.png\",\"contentUrl\":\"https:\\\/\\\/fodurlandid.is\\\/wp-content\\\/uploads\\\/2024\\\/05\\\/Fodurlandid.png\",\"width\":400,\"height\":293,\"caption\":\"Innflutnings, umbo\u00f0s- og dreifingara\u00f0ili\"},\"image\":{\"@id\":\"https:\\\/\\\/fodurlandid.is\\\/#\\\/schema\\\/logo\\\/image\\\/\"}}]}<\/script>\n<!-- \/ Yoast SEO Premium plugin. -->","yoast_head_json":{"title":"Sn\u00faruskipuleggjari me\u00f0 segulloki (6 stk \u00ed pakka)","description":"Sn\u00farufestingar sem lokast me\u00f0 segli utan um sn\u00farurnar. \u00de\u00e6r\u00a0hj\u00e1lpar \u00fe\u00e9r a\u00f0 koma skipulagi \u00e1 sn\u00farurnar heima, \u00e1 skrifstofunni e\u00f0a \u00ed sumarb\u00fasta\u00f0inum.","robots":{"index":"index","follow":"follow","max-snippet":"max-snippet:-1","max-image-preview":"max-image-preview:large","max-video-preview":"max-video-preview:-1"},"canonical":"https:\/\/fodurlandid.is\/vara\/jr-zs368\/","og_locale":"en_US","og_type":"article","og_title":"Sn\u00farufestingar me\u00f0 segulloki (6 stk \u00ed pakka)","og_description":"Sn\u00farufestingar sem lokast me\u00f0 segli utan um sn\u00farurnar. \u00de\u00e6r\u00a0hj\u00e1lpar \u00fe\u00e9r a\u00f0 koma skipulagi \u00e1 sn\u00farurnar heima, \u00e1 skrifstofunni e\u00f0a \u00ed sumarb\u00fasta\u00f0inum.","og_url":"https:\/\/fodurlandid.is\/vara\/jr-zs368\/","og_site_name":"F&ouml;&eth;urlandi&eth; heildsala","article_modified_time":"2026-04-07T13:57:13+00:00","og_image":[{"width":600,"height":600,"url":"https:\/\/fodurlandid.is\/wp-content\/uploads\/2025\/07\/JR-ZS368.jpg","type":"image\/jpeg"}],"twitter_card":"summary_large_image","twitter_misc":{"Est. reading time":"1 minute"},"schema":{"@context":"https:\/\/schema.org","@graph":[{"@type":"WebPage","@id":"https:\/\/fodurlandid.is\/vara\/jr-zs368\/","url":"https:\/\/fodurlandid.is\/vara\/jr-zs368\/","name":"Sn\u00faruskipuleggjari me\u00f0 segulloki (6 stk \u00ed pakka)","isPartOf":{"@id":"https:\/\/fodurlandid.is\/#website"},"primaryImageOfPage":{"@id":"https:\/\/fodurlandid.is\/vara\/jr-zs368\/#primaryimage"},"image":{"@id":"https:\/\/fodurlandid.is\/vara\/jr-zs368\/#primaryimage"},"thumbnailUrl":"https:\/\/fodurlandid.is\/wp-content\/uploads\/2025\/07\/JR-ZS368.jpg","datePublished":"2025-07-24T08:14:39+00:00","dateModified":"2026-04-07T13:57:13+00:00","description":"Sn\u00farufestingar sem lokast me\u00f0 segli utan um sn\u00farurnar. \u00de\u00e6r\u00a0hj\u00e1lpar \u00fe\u00e9r a\u00f0 koma skipulagi \u00e1 sn\u00farurnar heima, \u00e1 skrifstofunni e\u00f0a \u00ed sumarb\u00fasta\u00f0inum.","breadcrumb":{"@id":"https:\/\/fodurlandid.is\/vara\/jr-zs368\/#breadcrumb"},"inLanguage":"en-US","potentialAction":[{"@type":"ReadAction","target":["https:\/\/fodurlandid.is\/vara\/jr-zs368\/"]}]},{"@type":"ImageObject","inLanguage":"en-US","@id":"https:\/\/fodurlandid.is\/vara\/jr-zs368\/#primaryimage","url":"https:\/\/fodurlandid.is\/wp-content\/uploads\/2025\/07\/JR-ZS368.jpg","contentUrl":"https:\/\/fodurlandid.is\/wp-content\/uploads\/2025\/07\/JR-ZS368.jpg","width":600,"height":600},{"@type":"BreadcrumbList","@id":"https:\/\/fodurlandid.is\/vara\/jr-zs368\/#breadcrumb","itemListElement":[{"@type":"ListItem","position":1,"name":"Home","item":"https:\/\/fodurlandid.is\/"},{"@type":"ListItem","position":2,"name":"Shop","item":"https:\/\/www.vorulagerinn.is\/heildsala\/en\/shop\/"},{"@type":"ListItem","position":3,"name":"Sn\u00farufestingar me\u00f0 segulloki (6 stk \u00ed pakka)"}]},{"@type":"WebSite","@id":"https:\/\/fodurlandid.is\/#website","url":"https:\/\/fodurlandid.is\/","name":"F\u00f6\u00f0urlandi\u00f0 ehf, heildsala","description":"Innflutnings, umbo&eth;s- og dreifingara&eth;ili","publisher":{"@id":"https:\/\/fodurlandid.is\/#organization"},"alternateName":"Innflutnings, umbo\u00f0s- og dreifingara\u00f0ili","potentialAction":[{"@type":"SearchAction","target":{"@type":"EntryPoint","urlTemplate":"https:\/\/fodurlandid.is\/?s={search_term_string}"},"query-input":{"@type":"PropertyValueSpecification","valueRequired":true,"valueName":"search_term_string"}}],"inLanguage":"en-US"},{"@type":"Organization","@id":"https:\/\/fodurlandid.is\/#organization","name":"Innflutnings, umbo\u00f0s- og dreifingara\u00f0ili","url":"https:\/\/fodurlandid.is\/","logo":{"@type":"ImageObject","inLanguage":"en-US","@id":"https:\/\/fodurlandid.is\/#\/schema\/logo\/image\/","url":"https:\/\/fodurlandid.is\/wp-content\/uploads\/2024\/05\/Fodurlandid.png","contentUrl":"https:\/\/fodurlandid.is\/wp-content\/uploads\/2024\/05\/Fodurlandid.png","width":400,"height":293,"caption":"Innflutnings, umbo\u00f0s- og dreifingara\u00f0ili"},"image":{"@id":"https:\/\/fodurlandid.is\/#\/schema\/logo\/image\/"}}]}},"_links":{"self":[{"href":"https:\/\/fodurlandid.is\/en\/wp-json\/wp\/v2\/product\/24668","targetHints":{"allow":["GET"]}}],"collection":[{"href":"https:\/\/fodurlandid.is\/en\/wp-json\/wp\/v2\/product"}],"about":[{"href":"https:\/\/fodurlandid.is\/en\/wp-json\/wp\/v2\/types\/product"}],"wp:featuredmedia":[{"embeddable":true,"href":"https:\/\/fodurlandid.is\/en\/wp-json\/wp\/v2\/media\/24671"}],"wp:attachment":[{"href":"https:\/\/fodurlandid.is\/en\/wp-json\/wp\/v2\/media?parent=24668"}],"wp:term":[{"taxonomy":"product_brand","embeddable":true,"href":"https:\/\/fodurlandid.is\/en\/wp-json\/wp\/v2\/product_brand?post=24668"},{"taxonomy":"product_cat","embeddable":true,"href":"https:\/\/fodurlandid.is\/en\/wp-json\/wp\/v2\/product_cat?post=24668"},{"taxonomy":"product_tag","embeddable":true,"href":"https:\/\/fodurlandid.is\/en\/wp-json\/wp\/v2\/product_tag?post=24668"}],"curies":[{"name":"wp","href":"https:\/\/api.w.org\/{rel}","templated":true}]}}