{"id":24647,"date":"2025-07-24T07:07:07","date_gmt":"2025-07-24T07:07:07","guid":{"rendered":"https:\/\/fodurlandid.is\/?post_type=product&#038;p=24647"},"modified":"2026-02-11T10:23:13","modified_gmt":"2026-02-11T10:23:13","slug":"jr-zs374","status":"publish","type":"product","link":"https:\/\/fodurlandid.is\/en\/product\/jr-zs374\/","title":{"rendered":"L\u00f3\u00f0r\u00e9ttur &#038; st\u00f6\u00f0ugur fart\u00f6lvustandur sem sparar miki\u00f0 bor\u00f0pl\u00e1ss"},"content":{"rendered":"<div style=\"width: 960px;\" class=\"wp-video\"><video class=\"wp-video-shortcode\" id=\"video-24647-1\" width=\"960\" height=\"540\" preload=\"metadata\" controls=\"controls\"><source type=\"video\/mp4\" src=\"https:\/\/fodurlandid.is\/wp-content\/uploads\/2025\/07\/jr-zs374.mp4?_=1\" \/><a href=\"https:\/\/fodurlandid.is\/wp-content\/uploads\/2025\/07\/jr-zs374.mp4\">https:\/\/fodurlandid.is\/wp-content\/uploads\/2025\/07\/jr-zs374.mp4<\/a><\/video><\/div>\n","protected":false},"excerpt":{"rendered":"<p>St\u00edlhreinn og st\u00f6\u00f0ugur l\u00f3\u00f0r\u00e9ttur fart\u00f6lvustandur fyrir fart\u00f6lvur. Standurinn heldur fart\u00f6lvunni fastri me\u00f0 stillanlegri festingu sem h\u00e6gt er a\u00f0 a\u00f0laga a\u00f0 hverri fart\u00f6lvu fyrir sig. Me\u00f0 \u00fev\u00ed a\u00f0 nota fart\u00f6lvustandinn sparast miki\u00f0 bor\u00f0pl\u00e1ss sem h\u00e6gt er a\u00f0 nota undir anna\u00f0 nytsamlegt. Standurinn er \u00far PC-ABS, \u00e1li og s\u00edl\u00edkonp\u00fa\u00f0um sem kemur \u00ed veg fyrir rispur.<\/p>\n<p>Fremst \u00e1 standinum er bakki til a\u00f0 setja spjaldt\u00f6lvur og snjalls\u00edma.<\/p>\n<p>\u2013 Sj\u00e1 myndband ne\u00f0ar \u00e1 \u00feessari s\u00ed\u00f0u<br \/>\n\u2013 Litur: Svartur<br \/>\n\u2013 \u00deyngd: 195g<br \/>\n\u2013 Efni: PC-ABS, \u00e1l og s\u00edl\u00edkon<br \/>\n\u2013 Vottun: CE, ROHS og FCC<\/p>\n","protected":false},"featured_media":24648,"template":"","meta":[],"product_brand":[390],"product_cat":[418],"product_tag":[],"class_list":{"0":"post-24647","1":"product","2":"type-product","3":"status-publish","4":"has-post-thumbnail","6":"product_brand-joyroom","7":"product_cat-festingar-og-standar","9":"first","10":"instock","11":"taxable","12":"shipping-taxable","13":"product-type-simple"},"yoast_head":"<!-- This site is optimized with the Yoast SEO Premium plugin v21.5 (Yoast SEO v27.4) - https:\/\/yoast.com\/product\/yoast-seo-premium-wordpress\/ -->\n<title>L\u00f3\u00f0r\u00e9ttur &amp; st\u00f6\u00f0ugur fart\u00f6lvustandur sem sparar miki\u00f0 bor\u00f0pl\u00e1ss<\/title>\n<meta name=\"description\" content=\"St\u00edlhreinn &amp; st\u00f6\u00f0ugur fart\u00f6lvustandur fyrir fart\u00f6lvur fr\u00e1 Joyroom. Me\u00f0 \u00fev\u00ed a\u00f0 nota standinn sparast miki\u00f0 bor\u00f0pl\u00e1ss sem h\u00e6gt er a\u00f0 nota undir anna\u00f0\" \/>\n<meta name=\"robots\" content=\"index, follow, max-snippet:-1, max-image-preview:large, max-video-preview:-1\" \/>\n<link rel=\"canonical\" href=\"https:\/\/fodurlandid.is\/vara\/jr-zs374\/\" \/>\n<meta property=\"og:locale\" content=\"en_US\" \/>\n<meta property=\"og:type\" content=\"article\" \/>\n<meta property=\"og:title\" content=\"L\u00f3\u00f0r\u00e9ttur &amp; st\u00f6\u00f0ugur fart\u00f6lvustandur sem sparar miki\u00f0 bor\u00f0pl\u00e1ss\" \/>\n<meta property=\"og:description\" content=\"St\u00edlhreinn &amp; st\u00f6\u00f0ugur fart\u00f6lvustandur fyrir fart\u00f6lvur fr\u00e1 Joyroom. Me\u00f0 \u00fev\u00ed a\u00f0 nota standinn sparast miki\u00f0 bor\u00f0pl\u00e1ss sem h\u00e6gt er a\u00f0 nota undir anna\u00f0\" \/>\n<meta property=\"og:url\" content=\"https:\/\/fodurlandid.is\/vara\/jr-zs374\/\" \/>\n<meta property=\"og:site_name\" content=\"F&ouml;&eth;urlandi&eth; heildsala\" \/>\n<meta property=\"article:modified_time\" content=\"2026-02-11T10:23:13+00:00\" \/>\n<meta property=\"og:image\" content=\"https:\/\/fodurlandid.is\/wp-content\/uploads\/2025\/07\/jr-zs374_01.jpg\" \/>\n\t<meta property=\"og:image:width\" content=\"600\" \/>\n\t<meta property=\"og:image:height\" content=\"600\" \/>\n\t<meta property=\"og:image:type\" content=\"image\/jpeg\" \/>\n<meta name=\"twitter:card\" content=\"summary_large_image\" \/>\n<meta name=\"twitter:label1\" content=\"Est. reading time\" \/>\n\t<meta name=\"twitter:data1\" content=\"1 minute\" \/>\n<script type=\"application\/ld+json\" class=\"yoast-schema-graph\">{\"@context\":\"https:\\\/\\\/schema.org\",\"@graph\":[{\"@type\":\"WebPage\",\"@id\":\"https:\\\/\\\/fodurlandid.is\\\/vara\\\/jr-zs374\\\/\",\"url\":\"https:\\\/\\\/fodurlandid.is\\\/vara\\\/jr-zs374\\\/\",\"name\":\"L\u00f3\u00f0r\u00e9ttur & st\u00f6\u00f0ugur fart\u00f6lvustandur sem sparar miki\u00f0 bor\u00f0pl\u00e1ss\",\"isPartOf\":{\"@id\":\"https:\\\/\\\/fodurlandid.is\\\/#website\"},\"primaryImageOfPage\":{\"@id\":\"https:\\\/\\\/fodurlandid.is\\\/vara\\\/jr-zs374\\\/#primaryimage\"},\"image\":{\"@id\":\"https:\\\/\\\/fodurlandid.is\\\/vara\\\/jr-zs374\\\/#primaryimage\"},\"thumbnailUrl\":\"https:\\\/\\\/fodurlandid.is\\\/wp-content\\\/uploads\\\/2025\\\/07\\\/jr-zs374_01.jpg\",\"datePublished\":\"2025-07-24T07:07:07+00:00\",\"dateModified\":\"2026-02-11T10:23:13+00:00\",\"description\":\"St\u00edlhreinn & st\u00f6\u00f0ugur fart\u00f6lvustandur fyrir fart\u00f6lvur fr\u00e1 Joyroom. Me\u00f0 \u00fev\u00ed a\u00f0 nota standinn sparast miki\u00f0 bor\u00f0pl\u00e1ss sem h\u00e6gt er a\u00f0 nota undir anna\u00f0\",\"breadcrumb\":{\"@id\":\"https:\\\/\\\/fodurlandid.is\\\/vara\\\/jr-zs374\\\/#breadcrumb\"},\"inLanguage\":\"en-US\",\"potentialAction\":[{\"@type\":\"ReadAction\",\"target\":[\"https:\\\/\\\/fodurlandid.is\\\/vara\\\/jr-zs374\\\/\"]}]},{\"@type\":\"ImageObject\",\"inLanguage\":\"en-US\",\"@id\":\"https:\\\/\\\/fodurlandid.is\\\/vara\\\/jr-zs374\\\/#primaryimage\",\"url\":\"https:\\\/\\\/fodurlandid.is\\\/wp-content\\\/uploads\\\/2025\\\/07\\\/jr-zs374_01.jpg\",\"contentUrl\":\"https:\\\/\\\/fodurlandid.is\\\/wp-content\\\/uploads\\\/2025\\\/07\\\/jr-zs374_01.jpg\",\"width\":600,\"height\":600},{\"@type\":\"BreadcrumbList\",\"@id\":\"https:\\\/\\\/fodurlandid.is\\\/vara\\\/jr-zs374\\\/#breadcrumb\",\"itemListElement\":[{\"@type\":\"ListItem\",\"position\":1,\"name\":\"Home\",\"item\":\"https:\\\/\\\/fodurlandid.is\\\/\"},{\"@type\":\"ListItem\",\"position\":2,\"name\":\"Shop\",\"item\":\"https:\\\/\\\/www.vorulagerinn.is\\\/heildsala\\\/en\\\/shop\\\/\"},{\"@type\":\"ListItem\",\"position\":3,\"name\":\"L\u00f3\u00f0r\u00e9ttur &#038; st\u00f6\u00f0ugur fart\u00f6lvustandur sem sparar miki\u00f0 bor\u00f0pl\u00e1ss\"}]},{\"@type\":\"WebSite\",\"@id\":\"https:\\\/\\\/fodurlandid.is\\\/#website\",\"url\":\"https:\\\/\\\/fodurlandid.is\\\/\",\"name\":\"F\u00f6\u00f0urlandi\u00f0 ehf, heildsala\",\"description\":\"Innflutnings, umbo&eth;s- og dreifingara&eth;ili\",\"publisher\":{\"@id\":\"https:\\\/\\\/fodurlandid.is\\\/#organization\"},\"alternateName\":\"Innflutnings, umbo\u00f0s- og dreifingara\u00f0ili\",\"potentialAction\":[{\"@type\":\"SearchAction\",\"target\":{\"@type\":\"EntryPoint\",\"urlTemplate\":\"https:\\\/\\\/fodurlandid.is\\\/?s={search_term_string}\"},\"query-input\":{\"@type\":\"PropertyValueSpecification\",\"valueRequired\":true,\"valueName\":\"search_term_string\"}}],\"inLanguage\":\"en-US\"},{\"@type\":\"Organization\",\"@id\":\"https:\\\/\\\/fodurlandid.is\\\/#organization\",\"name\":\"Innflutnings, umbo\u00f0s- og dreifingara\u00f0ili\",\"url\":\"https:\\\/\\\/fodurlandid.is\\\/\",\"logo\":{\"@type\":\"ImageObject\",\"inLanguage\":\"en-US\",\"@id\":\"https:\\\/\\\/fodurlandid.is\\\/#\\\/schema\\\/logo\\\/image\\\/\",\"url\":\"https:\\\/\\\/fodurlandid.is\\\/wp-content\\\/uploads\\\/2024\\\/05\\\/Fodurlandid.png\",\"contentUrl\":\"https:\\\/\\\/fodurlandid.is\\\/wp-content\\\/uploads\\\/2024\\\/05\\\/Fodurlandid.png\",\"width\":400,\"height\":293,\"caption\":\"Innflutnings, umbo\u00f0s- og dreifingara\u00f0ili\"},\"image\":{\"@id\":\"https:\\\/\\\/fodurlandid.is\\\/#\\\/schema\\\/logo\\\/image\\\/\"}}]}<\/script>\n<!-- \/ Yoast SEO Premium plugin. -->","yoast_head_json":{"title":"L\u00f3\u00f0r\u00e9ttur & st\u00f6\u00f0ugur fart\u00f6lvustandur sem sparar miki\u00f0 bor\u00f0pl\u00e1ss","description":"St\u00edlhreinn & st\u00f6\u00f0ugur fart\u00f6lvustandur fyrir fart\u00f6lvur fr\u00e1 Joyroom. Me\u00f0 \u00fev\u00ed a\u00f0 nota standinn sparast miki\u00f0 bor\u00f0pl\u00e1ss sem h\u00e6gt er a\u00f0 nota undir anna\u00f0","robots":{"index":"index","follow":"follow","max-snippet":"max-snippet:-1","max-image-preview":"max-image-preview:large","max-video-preview":"max-video-preview:-1"},"canonical":"https:\/\/fodurlandid.is\/vara\/jr-zs374\/","og_locale":"en_US","og_type":"article","og_title":"L\u00f3\u00f0r\u00e9ttur & st\u00f6\u00f0ugur fart\u00f6lvustandur sem sparar miki\u00f0 bor\u00f0pl\u00e1ss","og_description":"St\u00edlhreinn & st\u00f6\u00f0ugur fart\u00f6lvustandur fyrir fart\u00f6lvur fr\u00e1 Joyroom. Me\u00f0 \u00fev\u00ed a\u00f0 nota standinn sparast miki\u00f0 bor\u00f0pl\u00e1ss sem h\u00e6gt er a\u00f0 nota undir anna\u00f0","og_url":"https:\/\/fodurlandid.is\/vara\/jr-zs374\/","og_site_name":"F&ouml;&eth;urlandi&eth; heildsala","article_modified_time":"2026-02-11T10:23:13+00:00","og_image":[{"width":600,"height":600,"url":"https:\/\/fodurlandid.is\/wp-content\/uploads\/2025\/07\/jr-zs374_01.jpg","type":"image\/jpeg"}],"twitter_card":"summary_large_image","twitter_misc":{"Est. reading time":"1 minute"},"schema":{"@context":"https:\/\/schema.org","@graph":[{"@type":"WebPage","@id":"https:\/\/fodurlandid.is\/vara\/jr-zs374\/","url":"https:\/\/fodurlandid.is\/vara\/jr-zs374\/","name":"L\u00f3\u00f0r\u00e9ttur & st\u00f6\u00f0ugur fart\u00f6lvustandur sem sparar miki\u00f0 bor\u00f0pl\u00e1ss","isPartOf":{"@id":"https:\/\/fodurlandid.is\/#website"},"primaryImageOfPage":{"@id":"https:\/\/fodurlandid.is\/vara\/jr-zs374\/#primaryimage"},"image":{"@id":"https:\/\/fodurlandid.is\/vara\/jr-zs374\/#primaryimage"},"thumbnailUrl":"https:\/\/fodurlandid.is\/wp-content\/uploads\/2025\/07\/jr-zs374_01.jpg","datePublished":"2025-07-24T07:07:07+00:00","dateModified":"2026-02-11T10:23:13+00:00","description":"St\u00edlhreinn & st\u00f6\u00f0ugur fart\u00f6lvustandur fyrir fart\u00f6lvur fr\u00e1 Joyroom. Me\u00f0 \u00fev\u00ed a\u00f0 nota standinn sparast miki\u00f0 bor\u00f0pl\u00e1ss sem h\u00e6gt er a\u00f0 nota undir anna\u00f0","breadcrumb":{"@id":"https:\/\/fodurlandid.is\/vara\/jr-zs374\/#breadcrumb"},"inLanguage":"en-US","potentialAction":[{"@type":"ReadAction","target":["https:\/\/fodurlandid.is\/vara\/jr-zs374\/"]}]},{"@type":"ImageObject","inLanguage":"en-US","@id":"https:\/\/fodurlandid.is\/vara\/jr-zs374\/#primaryimage","url":"https:\/\/fodurlandid.is\/wp-content\/uploads\/2025\/07\/jr-zs374_01.jpg","contentUrl":"https:\/\/fodurlandid.is\/wp-content\/uploads\/2025\/07\/jr-zs374_01.jpg","width":600,"height":600},{"@type":"BreadcrumbList","@id":"https:\/\/fodurlandid.is\/vara\/jr-zs374\/#breadcrumb","itemListElement":[{"@type":"ListItem","position":1,"name":"Home","item":"https:\/\/fodurlandid.is\/"},{"@type":"ListItem","position":2,"name":"Shop","item":"https:\/\/www.vorulagerinn.is\/heildsala\/en\/shop\/"},{"@type":"ListItem","position":3,"name":"L\u00f3\u00f0r\u00e9ttur &#038; st\u00f6\u00f0ugur fart\u00f6lvustandur sem sparar miki\u00f0 bor\u00f0pl\u00e1ss"}]},{"@type":"WebSite","@id":"https:\/\/fodurlandid.is\/#website","url":"https:\/\/fodurlandid.is\/","name":"F\u00f6\u00f0urlandi\u00f0 ehf, heildsala","description":"Innflutnings, umbo&eth;s- og dreifingara&eth;ili","publisher":{"@id":"https:\/\/fodurlandid.is\/#organization"},"alternateName":"Innflutnings, umbo\u00f0s- og dreifingara\u00f0ili","potentialAction":[{"@type":"SearchAction","target":{"@type":"EntryPoint","urlTemplate":"https:\/\/fodurlandid.is\/?s={search_term_string}"},"query-input":{"@type":"PropertyValueSpecification","valueRequired":true,"valueName":"search_term_string"}}],"inLanguage":"en-US"},{"@type":"Organization","@id":"https:\/\/fodurlandid.is\/#organization","name":"Innflutnings, umbo\u00f0s- og dreifingara\u00f0ili","url":"https:\/\/fodurlandid.is\/","logo":{"@type":"ImageObject","inLanguage":"en-US","@id":"https:\/\/fodurlandid.is\/#\/schema\/logo\/image\/","url":"https:\/\/fodurlandid.is\/wp-content\/uploads\/2024\/05\/Fodurlandid.png","contentUrl":"https:\/\/fodurlandid.is\/wp-content\/uploads\/2024\/05\/Fodurlandid.png","width":400,"height":293,"caption":"Innflutnings, umbo\u00f0s- og dreifingara\u00f0ili"},"image":{"@id":"https:\/\/fodurlandid.is\/#\/schema\/logo\/image\/"}}]}},"_links":{"self":[{"href":"https:\/\/fodurlandid.is\/en\/wp-json\/wp\/v2\/product\/24647","targetHints":{"allow":["GET"]}}],"collection":[{"href":"https:\/\/fodurlandid.is\/en\/wp-json\/wp\/v2\/product"}],"about":[{"href":"https:\/\/fodurlandid.is\/en\/wp-json\/wp\/v2\/types\/product"}],"wp:featuredmedia":[{"embeddable":true,"href":"https:\/\/fodurlandid.is\/en\/wp-json\/wp\/v2\/media\/24648"}],"wp:attachment":[{"href":"https:\/\/fodurlandid.is\/en\/wp-json\/wp\/v2\/media?parent=24647"}],"wp:term":[{"taxonomy":"product_brand","embeddable":true,"href":"https:\/\/fodurlandid.is\/en\/wp-json\/wp\/v2\/product_brand?post=24647"},{"taxonomy":"product_cat","embeddable":true,"href":"https:\/\/fodurlandid.is\/en\/wp-json\/wp\/v2\/product_cat?post=24647"},{"taxonomy":"product_tag","embeddable":true,"href":"https:\/\/fodurlandid.is\/en\/wp-json\/wp\/v2\/product_tag?post=24647"}],"curies":[{"name":"wp","href":"https:\/\/api.w.org\/{rel}","templated":true}]}}