{"id":24595,"date":"2025-07-22T13:55:37","date_gmt":"2025-07-22T13:55:37","guid":{"rendered":"https:\/\/fodurlandid.is\/?post_type=product&#038;p=24595"},"modified":"2026-02-15T18:48:00","modified_gmt":"2026-02-15T18:48:00","slug":"jr-tcw01","status":"publish","type":"product","link":"https:\/\/fodurlandid.is\/en\/product\/jr-tcw01\/","title":{"rendered":"17W fer\u00f0abreytikl\u00f3 (universal) sem virkar \u00ed meira en 200 l\u00f6ndum (EU, UK, US, JP &#038; AU) og er me\u00f0 1x USB-C og 3x USB-A tengi"},"content":{"rendered":"","protected":false},"excerpt":{"rendered":"<p>Fj\u00f6lnota 17W fer\u00f0abreytikl\u00f3 me\u00f0 breytilegar rafmagnskl\u00e6r sem virka \u00ed meira en 200 l\u00f6ndum v\u00ed\u00f0svegar um heiminn. 17W fer\u00f0abreytikl\u00f3in er me\u00f0 1x USB-C og 3x USB-A hle\u00f0slutengjum\u00a0til a\u00f0 hla\u00f0a t\u00e6kin \u00ed fer\u00f0alaginu. \u00de\u00fa getur t.d. hla\u00f0i\u00f0 snjalls\u00edma, snjall\u00far, spjaldt\u00f6lvur, fart\u00f6lvuna og margt fleira.<\/p>\n<p>Fr\u00e1b\u00e6r og nau\u00f0synlegur fer\u00f0af\u00e9lagi sem fer l\u00edti\u00f0 fyrir \u00ed fer\u00f0at\u00f6skunni.<\/p>\n<p>\u2013 Sj\u00e1 myndband af v\u00f6ru ne\u00f0ar \u00e1 \u00feessari s\u00ed\u00f0u<br \/>\n\u2013 Litur: Svartur<br \/>\n\u2013 St\u00e6r\u00f0: 7,25x5x5,37 cm<br \/>\n\u2013 \u00deyngd: 141g<br \/>\n\u2013 3x USB-A og 1x USB-C tengi<br \/>\n\u2013 Virkar \u00ed meira en 200 l\u00f6ndum (EU, UK, USA, JP &amp; AU)<br \/>\n\u2013 Rating: 100-250V~ 10AMax , 2500WMax<br \/>\n\u2013 Single USB-A1\/A2\/A3 Output: 5.0V=2.4A 12.0W Max<br \/>\n\u2013 Single USB-C1 Output: 5.0V= 3.0A 15.0W Max<br \/>\n\u2013 Total Output: 5.0V=3.4A 17.0W Max<br \/>\n\u2013 Lei\u00f0beiningar fylgja me\u00f0<br \/>\n\u2013 Vottun: CE, ROHS og FCC<\/p>\n","protected":false},"featured_media":24599,"template":"","meta":[],"product_brand":[390],"product_cat":[414],"product_tag":[],"class_list":{"0":"post-24595","1":"product","2":"type-product","3":"status-publish","4":"has-post-thumbnail","6":"product_brand-joyroom","7":"product_cat-breytistykki","9":"first","10":"instock","11":"taxable","12":"shipping-taxable","13":"product-type-simple"},"yoast_head":"<!-- This site is optimized with the Yoast SEO Premium plugin v21.5 (Yoast SEO v27.3) - https:\/\/yoast.com\/product\/yoast-seo-premium-wordpress\/ -->\n<title>17W fer\u00f0abreytikl\u00f3 | USB-C &amp; USB-A | Virkar \u00ed +200 l\u00f6ndum<\/title>\n<meta name=\"description\" content=\"17W fer\u00f0abreytikl\u00f3 (universal) sem virkar \u00ed meira en 200 l\u00f6ndum (EU, UK, US, JP &amp; AU) og er me\u00f0 1x USB-C og 3x USB-A hle\u00f0slutengi fyrir snjallt\u00e6kin.\" \/>\n<meta name=\"robots\" content=\"index, follow, max-snippet:-1, max-image-preview:large, max-video-preview:-1\" \/>\n<link rel=\"canonical\" href=\"https:\/\/fodurlandid.is\/vara\/jr-tcw01\/\" \/>\n<meta property=\"og:locale\" content=\"en_US\" \/>\n<meta property=\"og:type\" content=\"article\" \/>\n<meta property=\"og:title\" content=\"17W fer\u00f0abreytikl\u00f3 (universal) sem virkar \u00ed meira en 200 l\u00f6ndum (EU, UK, US, JP &amp; AU) og er me\u00f0 1x USB-C og 3x USB-A tengi\" \/>\n<meta property=\"og:description\" content=\"17W fer\u00f0abreytikl\u00f3 (universal) sem virkar \u00ed meira en 200 l\u00f6ndum (EU, UK, US, JP &amp; AU) og er me\u00f0 1x USB-C og 3x USB-A hle\u00f0slutengi fyrir snjallt\u00e6kin.\" \/>\n<meta property=\"og:url\" content=\"https:\/\/fodurlandid.is\/vara\/jr-tcw01\/\" \/>\n<meta property=\"og:site_name\" content=\"F&ouml;&eth;urlandi&eth; heildsala\" \/>\n<meta property=\"article:modified_time\" content=\"2026-02-15T18:48:00+00:00\" \/>\n<meta property=\"og:image\" content=\"https:\/\/fodurlandid.is\/wp-content\/uploads\/2025\/07\/jr-tcw01.jpg\" \/>\n\t<meta property=\"og:image:width\" content=\"600\" \/>\n\t<meta property=\"og:image:height\" content=\"600\" \/>\n\t<meta property=\"og:image:type\" content=\"image\/jpeg\" \/>\n<meta name=\"twitter:card\" content=\"summary_large_image\" \/>\n<meta name=\"twitter:label1\" content=\"Est. reading time\" \/>\n\t<meta name=\"twitter:data1\" content=\"1 minute\" \/>\n<script type=\"application\/ld+json\" class=\"yoast-schema-graph\">{\"@context\":\"https:\\\/\\\/schema.org\",\"@graph\":[{\"@type\":\"WebPage\",\"@id\":\"https:\\\/\\\/fodurlandid.is\\\/vara\\\/jr-tcw01\\\/\",\"url\":\"https:\\\/\\\/fodurlandid.is\\\/vara\\\/jr-tcw01\\\/\",\"name\":\"17W fer\u00f0abreytikl\u00f3 | USB-C & USB-A | Virkar \u00ed +200 l\u00f6ndum\",\"isPartOf\":{\"@id\":\"https:\\\/\\\/fodurlandid.is\\\/#website\"},\"primaryImageOfPage\":{\"@id\":\"https:\\\/\\\/fodurlandid.is\\\/vara\\\/jr-tcw01\\\/#primaryimage\"},\"image\":{\"@id\":\"https:\\\/\\\/fodurlandid.is\\\/vara\\\/jr-tcw01\\\/#primaryimage\"},\"thumbnailUrl\":\"https:\\\/\\\/fodurlandid.is\\\/wp-content\\\/uploads\\\/2025\\\/07\\\/jr-tcw01.jpg\",\"datePublished\":\"2025-07-22T13:55:37+00:00\",\"dateModified\":\"2026-02-15T18:48:00+00:00\",\"description\":\"17W fer\u00f0abreytikl\u00f3 (universal) sem virkar \u00ed meira en 200 l\u00f6ndum (EU, UK, US, JP & AU) og er me\u00f0 1x USB-C og 3x USB-A hle\u00f0slutengi fyrir snjallt\u00e6kin.\",\"breadcrumb\":{\"@id\":\"https:\\\/\\\/fodurlandid.is\\\/vara\\\/jr-tcw01\\\/#breadcrumb\"},\"inLanguage\":\"en-US\",\"potentialAction\":[{\"@type\":\"ReadAction\",\"target\":[\"https:\\\/\\\/fodurlandid.is\\\/vara\\\/jr-tcw01\\\/\"]}]},{\"@type\":\"ImageObject\",\"inLanguage\":\"en-US\",\"@id\":\"https:\\\/\\\/fodurlandid.is\\\/vara\\\/jr-tcw01\\\/#primaryimage\",\"url\":\"https:\\\/\\\/fodurlandid.is\\\/wp-content\\\/uploads\\\/2025\\\/07\\\/jr-tcw01.jpg\",\"contentUrl\":\"https:\\\/\\\/fodurlandid.is\\\/wp-content\\\/uploads\\\/2025\\\/07\\\/jr-tcw01.jpg\",\"width\":600,\"height\":600},{\"@type\":\"BreadcrumbList\",\"@id\":\"https:\\\/\\\/fodurlandid.is\\\/vara\\\/jr-tcw01\\\/#breadcrumb\",\"itemListElement\":[{\"@type\":\"ListItem\",\"position\":1,\"name\":\"Home\",\"item\":\"https:\\\/\\\/fodurlandid.is\\\/\"},{\"@type\":\"ListItem\",\"position\":2,\"name\":\"Shop\",\"item\":\"https:\\\/\\\/www.vorulagerinn.is\\\/heildsala\\\/en\\\/shop\\\/\"},{\"@type\":\"ListItem\",\"position\":3,\"name\":\"17W fer\u00f0abreytikl\u00f3 (universal) sem virkar \u00ed meira en 200 l\u00f6ndum (EU, UK, US, JP &#038; AU) og er me\u00f0 1x USB-C og 3x USB-A tengi\"}]},{\"@type\":\"WebSite\",\"@id\":\"https:\\\/\\\/fodurlandid.is\\\/#website\",\"url\":\"https:\\\/\\\/fodurlandid.is\\\/\",\"name\":\"F\u00f6\u00f0urlandi\u00f0 ehf, heildsala\",\"description\":\"Innflutnings, umbo&eth;s- og dreifingara&eth;ili\",\"publisher\":{\"@id\":\"https:\\\/\\\/fodurlandid.is\\\/#organization\"},\"alternateName\":\"Innflutnings, umbo\u00f0s- og dreifingara\u00f0ili\",\"potentialAction\":[{\"@type\":\"SearchAction\",\"target\":{\"@type\":\"EntryPoint\",\"urlTemplate\":\"https:\\\/\\\/fodurlandid.is\\\/?s={search_term_string}\"},\"query-input\":{\"@type\":\"PropertyValueSpecification\",\"valueRequired\":true,\"valueName\":\"search_term_string\"}}],\"inLanguage\":\"en-US\"},{\"@type\":\"Organization\",\"@id\":\"https:\\\/\\\/fodurlandid.is\\\/#organization\",\"name\":\"Innflutnings, umbo\u00f0s- og dreifingara\u00f0ili\",\"url\":\"https:\\\/\\\/fodurlandid.is\\\/\",\"logo\":{\"@type\":\"ImageObject\",\"inLanguage\":\"en-US\",\"@id\":\"https:\\\/\\\/fodurlandid.is\\\/#\\\/schema\\\/logo\\\/image\\\/\",\"url\":\"https:\\\/\\\/fodurlandid.is\\\/wp-content\\\/uploads\\\/2024\\\/05\\\/Fodurlandid.png\",\"contentUrl\":\"https:\\\/\\\/fodurlandid.is\\\/wp-content\\\/uploads\\\/2024\\\/05\\\/Fodurlandid.png\",\"width\":400,\"height\":293,\"caption\":\"Innflutnings, umbo\u00f0s- og dreifingara\u00f0ili\"},\"image\":{\"@id\":\"https:\\\/\\\/fodurlandid.is\\\/#\\\/schema\\\/logo\\\/image\\\/\"}}]}<\/script>\n<!-- \/ Yoast SEO Premium plugin. -->","yoast_head_json":{"title":"17W fer\u00f0abreytikl\u00f3 | USB-C & USB-A | Virkar \u00ed +200 l\u00f6ndum","description":"17W fer\u00f0abreytikl\u00f3 (universal) sem virkar \u00ed meira en 200 l\u00f6ndum (EU, UK, US, JP & AU) og er me\u00f0 1x USB-C og 3x USB-A hle\u00f0slutengi fyrir snjallt\u00e6kin.","robots":{"index":"index","follow":"follow","max-snippet":"max-snippet:-1","max-image-preview":"max-image-preview:large","max-video-preview":"max-video-preview:-1"},"canonical":"https:\/\/fodurlandid.is\/vara\/jr-tcw01\/","og_locale":"en_US","og_type":"article","og_title":"17W fer\u00f0abreytikl\u00f3 (universal) sem virkar \u00ed meira en 200 l\u00f6ndum (EU, UK, US, JP & AU) og er me\u00f0 1x USB-C og 3x USB-A tengi","og_description":"17W fer\u00f0abreytikl\u00f3 (universal) sem virkar \u00ed meira en 200 l\u00f6ndum (EU, UK, US, JP & AU) og er me\u00f0 1x USB-C og 3x USB-A hle\u00f0slutengi fyrir snjallt\u00e6kin.","og_url":"https:\/\/fodurlandid.is\/vara\/jr-tcw01\/","og_site_name":"F&ouml;&eth;urlandi&eth; heildsala","article_modified_time":"2026-02-15T18:48:00+00:00","og_image":[{"width":600,"height":600,"url":"https:\/\/fodurlandid.is\/wp-content\/uploads\/2025\/07\/jr-tcw01.jpg","type":"image\/jpeg"}],"twitter_card":"summary_large_image","twitter_misc":{"Est. reading time":"1 minute"},"schema":{"@context":"https:\/\/schema.org","@graph":[{"@type":"WebPage","@id":"https:\/\/fodurlandid.is\/vara\/jr-tcw01\/","url":"https:\/\/fodurlandid.is\/vara\/jr-tcw01\/","name":"17W fer\u00f0abreytikl\u00f3 | USB-C & USB-A | Virkar \u00ed +200 l\u00f6ndum","isPartOf":{"@id":"https:\/\/fodurlandid.is\/#website"},"primaryImageOfPage":{"@id":"https:\/\/fodurlandid.is\/vara\/jr-tcw01\/#primaryimage"},"image":{"@id":"https:\/\/fodurlandid.is\/vara\/jr-tcw01\/#primaryimage"},"thumbnailUrl":"https:\/\/fodurlandid.is\/wp-content\/uploads\/2025\/07\/jr-tcw01.jpg","datePublished":"2025-07-22T13:55:37+00:00","dateModified":"2026-02-15T18:48:00+00:00","description":"17W fer\u00f0abreytikl\u00f3 (universal) sem virkar \u00ed meira en 200 l\u00f6ndum (EU, UK, US, JP & AU) og er me\u00f0 1x USB-C og 3x USB-A hle\u00f0slutengi fyrir snjallt\u00e6kin.","breadcrumb":{"@id":"https:\/\/fodurlandid.is\/vara\/jr-tcw01\/#breadcrumb"},"inLanguage":"en-US","potentialAction":[{"@type":"ReadAction","target":["https:\/\/fodurlandid.is\/vara\/jr-tcw01\/"]}]},{"@type":"ImageObject","inLanguage":"en-US","@id":"https:\/\/fodurlandid.is\/vara\/jr-tcw01\/#primaryimage","url":"https:\/\/fodurlandid.is\/wp-content\/uploads\/2025\/07\/jr-tcw01.jpg","contentUrl":"https:\/\/fodurlandid.is\/wp-content\/uploads\/2025\/07\/jr-tcw01.jpg","width":600,"height":600},{"@type":"BreadcrumbList","@id":"https:\/\/fodurlandid.is\/vara\/jr-tcw01\/#breadcrumb","itemListElement":[{"@type":"ListItem","position":1,"name":"Home","item":"https:\/\/fodurlandid.is\/"},{"@type":"ListItem","position":2,"name":"Shop","item":"https:\/\/www.vorulagerinn.is\/heildsala\/en\/shop\/"},{"@type":"ListItem","position":3,"name":"17W fer\u00f0abreytikl\u00f3 (universal) sem virkar \u00ed meira en 200 l\u00f6ndum (EU, UK, US, JP &#038; AU) og er me\u00f0 1x USB-C og 3x USB-A tengi"}]},{"@type":"WebSite","@id":"https:\/\/fodurlandid.is\/#website","url":"https:\/\/fodurlandid.is\/","name":"F\u00f6\u00f0urlandi\u00f0 ehf, heildsala","description":"Innflutnings, umbo&eth;s- og dreifingara&eth;ili","publisher":{"@id":"https:\/\/fodurlandid.is\/#organization"},"alternateName":"Innflutnings, umbo\u00f0s- og dreifingara\u00f0ili","potentialAction":[{"@type":"SearchAction","target":{"@type":"EntryPoint","urlTemplate":"https:\/\/fodurlandid.is\/?s={search_term_string}"},"query-input":{"@type":"PropertyValueSpecification","valueRequired":true,"valueName":"search_term_string"}}],"inLanguage":"en-US"},{"@type":"Organization","@id":"https:\/\/fodurlandid.is\/#organization","name":"Innflutnings, umbo\u00f0s- og dreifingara\u00f0ili","url":"https:\/\/fodurlandid.is\/","logo":{"@type":"ImageObject","inLanguage":"en-US","@id":"https:\/\/fodurlandid.is\/#\/schema\/logo\/image\/","url":"https:\/\/fodurlandid.is\/wp-content\/uploads\/2024\/05\/Fodurlandid.png","contentUrl":"https:\/\/fodurlandid.is\/wp-content\/uploads\/2024\/05\/Fodurlandid.png","width":400,"height":293,"caption":"Innflutnings, umbo\u00f0s- og dreifingara\u00f0ili"},"image":{"@id":"https:\/\/fodurlandid.is\/#\/schema\/logo\/image\/"}}]}},"_links":{"self":[{"href":"https:\/\/fodurlandid.is\/en\/wp-json\/wp\/v2\/product\/24595","targetHints":{"allow":["GET"]}}],"collection":[{"href":"https:\/\/fodurlandid.is\/en\/wp-json\/wp\/v2\/product"}],"about":[{"href":"https:\/\/fodurlandid.is\/en\/wp-json\/wp\/v2\/types\/product"}],"wp:featuredmedia":[{"embeddable":true,"href":"https:\/\/fodurlandid.is\/en\/wp-json\/wp\/v2\/media\/24599"}],"wp:attachment":[{"href":"https:\/\/fodurlandid.is\/en\/wp-json\/wp\/v2\/media?parent=24595"}],"wp:term":[{"taxonomy":"product_brand","embeddable":true,"href":"https:\/\/fodurlandid.is\/en\/wp-json\/wp\/v2\/product_brand?post=24595"},{"taxonomy":"product_cat","embeddable":true,"href":"https:\/\/fodurlandid.is\/en\/wp-json\/wp\/v2\/product_cat?post=24595"},{"taxonomy":"product_tag","embeddable":true,"href":"https:\/\/fodurlandid.is\/en\/wp-json\/wp\/v2\/product_tag?post=24595"}],"curies":[{"name":"wp","href":"https:\/\/api.w.org\/{rel}","templated":true}]}}