{"id":24556,"date":"2025-07-22T12:32:01","date_gmt":"2025-07-22T12:32:01","guid":{"rendered":"https:\/\/fodurlandid.is\/?post_type=product&#038;p=24556"},"modified":"2026-02-15T19:06:34","modified_gmt":"2026-02-15T19:06:34","slug":"jr-dr01","status":"publish","type":"product","link":"https:\/\/fodurlandid.is\/en\/product\/jr-dr01\/","title":{"rendered":"Skj\u00e1penni fyrir snjalls\u00edma, spjaldt\u00f6lvur og snjallt\u00f6lvuskj\u00e1i (universal)"},"content":{"rendered":"","protected":false},"excerpt":{"rendered":"<p>Skj\u00e1penninn er me\u00f0 tv\u00e6r s\u00edlokon t\u00fattur \u00e1 hvorum enda og tv\u00e6r auka fylgja me\u00f0 sem h\u00e6gt er a\u00f0 skipta \u00fat vi\u00f0 hentugleika. Skj\u00e1penninn hentar \u00f6llum ger\u00f0um af spjaldt\u00f6lvum og snjalls\u00edmum. Hann er universal og kemur a\u00f0 g\u00f3\u00f0um notum vi\u00f0 a\u00f0 vafra um neti\u00f0, teikna og skrifa.<\/p>\n<p>\u2013 Litur: Svartur<br \/>\n\u2013 Lengd: 15,85 cm<br \/>\n\u2013 \u00deyngd: 14g<\/p>\n","protected":false},"featured_media":24559,"template":"","meta":[],"product_brand":[390],"product_cat":[415],"product_tag":[],"class_list":{"0":"post-24556","1":"product","2":"type-product","3":"status-publish","4":"has-post-thumbnail","6":"product_brand-joyroom","7":"product_cat-skjapenni-snertipenni","9":"first","10":"instock","11":"taxable","12":"shipping-taxable","13":"product-type-simple"},"yoast_head":"<!-- This site is optimized with the Yoast SEO Premium plugin v21.5 (Yoast SEO v27.4) - https:\/\/yoast.com\/product\/yoast-seo-premium-wordpress\/ -->\n<title>Skj\u00e1penni fyrir snjalls\u00edma, spjaldt\u00f6lvur og snjallt\u00f6lvuskj\u00e1i (universal)<\/title>\n<meta name=\"description\" content=\"Skj\u00e1penninn er me\u00f0 tv\u00e6r s\u00edlokon t\u00fattur \u00e1 hvorum enda og tv\u00e6r auka fylgja me\u00f0. Hentar \u00f6llum ger\u00f0um af spjaldt\u00f6lvum og snjalls\u00edmum (universal).\" \/>\n<meta name=\"robots\" content=\"index, follow, max-snippet:-1, max-image-preview:large, max-video-preview:-1\" \/>\n<link rel=\"canonical\" href=\"https:\/\/fodurlandid.is\/vara\/jr-dr01\/\" \/>\n<meta property=\"og:locale\" content=\"en_US\" \/>\n<meta property=\"og:type\" content=\"article\" \/>\n<meta property=\"og:title\" content=\"Skj\u00e1penni fyrir snjalls\u00edma, spjaldt\u00f6lvur og snjallt\u00f6lvuskj\u00e1i (universal)\" \/>\n<meta property=\"og:description\" content=\"Skj\u00e1penninn er me\u00f0 tv\u00e6r s\u00edlokon t\u00fattur \u00e1 hvorum enda og tv\u00e6r auka fylgja me\u00f0. Hentar \u00f6llum ger\u00f0um af spjaldt\u00f6lvum og snjalls\u00edmum (universal).\" \/>\n<meta property=\"og:url\" content=\"https:\/\/fodurlandid.is\/vara\/jr-dr01\/\" \/>\n<meta property=\"og:site_name\" content=\"F&ouml;&eth;urlandi&eth; heildsala\" \/>\n<meta property=\"article:modified_time\" content=\"2026-02-15T19:06:34+00:00\" \/>\n<meta property=\"og:image\" content=\"https:\/\/fodurlandid.is\/wp-content\/uploads\/2025\/07\/DR01.jpg\" \/>\n\t<meta property=\"og:image:width\" content=\"600\" \/>\n\t<meta property=\"og:image:height\" content=\"600\" \/>\n\t<meta property=\"og:image:type\" content=\"image\/jpeg\" \/>\n<meta name=\"twitter:card\" content=\"summary_large_image\" \/>\n<meta name=\"twitter:label1\" content=\"Est. reading time\" \/>\n\t<meta name=\"twitter:data1\" content=\"1 minute\" \/>\n<script type=\"application\/ld+json\" class=\"yoast-schema-graph\">{\"@context\":\"https:\\\/\\\/schema.org\",\"@graph\":[{\"@type\":\"WebPage\",\"@id\":\"https:\\\/\\\/fodurlandid.is\\\/vara\\\/jr-dr01\\\/\",\"url\":\"https:\\\/\\\/fodurlandid.is\\\/vara\\\/jr-dr01\\\/\",\"name\":\"Skj\u00e1penni fyrir snjalls\u00edma, spjaldt\u00f6lvur og snjallt\u00f6lvuskj\u00e1i (universal)\",\"isPartOf\":{\"@id\":\"https:\\\/\\\/fodurlandid.is\\\/#website\"},\"primaryImageOfPage\":{\"@id\":\"https:\\\/\\\/fodurlandid.is\\\/vara\\\/jr-dr01\\\/#primaryimage\"},\"image\":{\"@id\":\"https:\\\/\\\/fodurlandid.is\\\/vara\\\/jr-dr01\\\/#primaryimage\"},\"thumbnailUrl\":\"https:\\\/\\\/fodurlandid.is\\\/wp-content\\\/uploads\\\/2025\\\/07\\\/DR01.jpg\",\"datePublished\":\"2025-07-22T12:32:01+00:00\",\"dateModified\":\"2026-02-15T19:06:34+00:00\",\"description\":\"Skj\u00e1penninn er me\u00f0 tv\u00e6r s\u00edlokon t\u00fattur \u00e1 hvorum enda og tv\u00e6r auka fylgja me\u00f0. Hentar \u00f6llum ger\u00f0um af spjaldt\u00f6lvum og snjalls\u00edmum (universal).\",\"breadcrumb\":{\"@id\":\"https:\\\/\\\/fodurlandid.is\\\/vara\\\/jr-dr01\\\/#breadcrumb\"},\"inLanguage\":\"en-US\",\"potentialAction\":[{\"@type\":\"ReadAction\",\"target\":[\"https:\\\/\\\/fodurlandid.is\\\/vara\\\/jr-dr01\\\/\"]}]},{\"@type\":\"ImageObject\",\"inLanguage\":\"en-US\",\"@id\":\"https:\\\/\\\/fodurlandid.is\\\/vara\\\/jr-dr01\\\/#primaryimage\",\"url\":\"https:\\\/\\\/fodurlandid.is\\\/wp-content\\\/uploads\\\/2025\\\/07\\\/DR01.jpg\",\"contentUrl\":\"https:\\\/\\\/fodurlandid.is\\\/wp-content\\\/uploads\\\/2025\\\/07\\\/DR01.jpg\",\"width\":600,\"height\":600},{\"@type\":\"BreadcrumbList\",\"@id\":\"https:\\\/\\\/fodurlandid.is\\\/vara\\\/jr-dr01\\\/#breadcrumb\",\"itemListElement\":[{\"@type\":\"ListItem\",\"position\":1,\"name\":\"Home\",\"item\":\"https:\\\/\\\/fodurlandid.is\\\/\"},{\"@type\":\"ListItem\",\"position\":2,\"name\":\"Shop\",\"item\":\"https:\\\/\\\/www.vorulagerinn.is\\\/heildsala\\\/en\\\/shop\\\/\"},{\"@type\":\"ListItem\",\"position\":3,\"name\":\"Skj\u00e1penni fyrir snjalls\u00edma, spjaldt\u00f6lvur og snjallt\u00f6lvuskj\u00e1i (universal)\"}]},{\"@type\":\"WebSite\",\"@id\":\"https:\\\/\\\/fodurlandid.is\\\/#website\",\"url\":\"https:\\\/\\\/fodurlandid.is\\\/\",\"name\":\"F\u00f6\u00f0urlandi\u00f0 ehf, heildsala\",\"description\":\"Innflutnings, umbo&eth;s- og dreifingara&eth;ili\",\"publisher\":{\"@id\":\"https:\\\/\\\/fodurlandid.is\\\/#organization\"},\"alternateName\":\"Innflutnings, umbo\u00f0s- og dreifingara\u00f0ili\",\"potentialAction\":[{\"@type\":\"SearchAction\",\"target\":{\"@type\":\"EntryPoint\",\"urlTemplate\":\"https:\\\/\\\/fodurlandid.is\\\/?s={search_term_string}\"},\"query-input\":{\"@type\":\"PropertyValueSpecification\",\"valueRequired\":true,\"valueName\":\"search_term_string\"}}],\"inLanguage\":\"en-US\"},{\"@type\":\"Organization\",\"@id\":\"https:\\\/\\\/fodurlandid.is\\\/#organization\",\"name\":\"Innflutnings, umbo\u00f0s- og dreifingara\u00f0ili\",\"url\":\"https:\\\/\\\/fodurlandid.is\\\/\",\"logo\":{\"@type\":\"ImageObject\",\"inLanguage\":\"en-US\",\"@id\":\"https:\\\/\\\/fodurlandid.is\\\/#\\\/schema\\\/logo\\\/image\\\/\",\"url\":\"https:\\\/\\\/fodurlandid.is\\\/wp-content\\\/uploads\\\/2024\\\/05\\\/Fodurlandid.png\",\"contentUrl\":\"https:\\\/\\\/fodurlandid.is\\\/wp-content\\\/uploads\\\/2024\\\/05\\\/Fodurlandid.png\",\"width\":400,\"height\":293,\"caption\":\"Innflutnings, umbo\u00f0s- og dreifingara\u00f0ili\"},\"image\":{\"@id\":\"https:\\\/\\\/fodurlandid.is\\\/#\\\/schema\\\/logo\\\/image\\\/\"}}]}<\/script>\n<!-- \/ Yoast SEO Premium plugin. -->","yoast_head_json":{"title":"Skj\u00e1penni fyrir snjalls\u00edma, spjaldt\u00f6lvur og snjallt\u00f6lvuskj\u00e1i (universal)","description":"Skj\u00e1penninn er me\u00f0 tv\u00e6r s\u00edlokon t\u00fattur \u00e1 hvorum enda og tv\u00e6r auka fylgja me\u00f0. Hentar \u00f6llum ger\u00f0um af spjaldt\u00f6lvum og snjalls\u00edmum (universal).","robots":{"index":"index","follow":"follow","max-snippet":"max-snippet:-1","max-image-preview":"max-image-preview:large","max-video-preview":"max-video-preview:-1"},"canonical":"https:\/\/fodurlandid.is\/vara\/jr-dr01\/","og_locale":"en_US","og_type":"article","og_title":"Skj\u00e1penni fyrir snjalls\u00edma, spjaldt\u00f6lvur og snjallt\u00f6lvuskj\u00e1i (universal)","og_description":"Skj\u00e1penninn er me\u00f0 tv\u00e6r s\u00edlokon t\u00fattur \u00e1 hvorum enda og tv\u00e6r auka fylgja me\u00f0. Hentar \u00f6llum ger\u00f0um af spjaldt\u00f6lvum og snjalls\u00edmum (universal).","og_url":"https:\/\/fodurlandid.is\/vara\/jr-dr01\/","og_site_name":"F&ouml;&eth;urlandi&eth; heildsala","article_modified_time":"2026-02-15T19:06:34+00:00","og_image":[{"width":600,"height":600,"url":"https:\/\/fodurlandid.is\/wp-content\/uploads\/2025\/07\/DR01.jpg","type":"image\/jpeg"}],"twitter_card":"summary_large_image","twitter_misc":{"Est. reading time":"1 minute"},"schema":{"@context":"https:\/\/schema.org","@graph":[{"@type":"WebPage","@id":"https:\/\/fodurlandid.is\/vara\/jr-dr01\/","url":"https:\/\/fodurlandid.is\/vara\/jr-dr01\/","name":"Skj\u00e1penni fyrir snjalls\u00edma, spjaldt\u00f6lvur og snjallt\u00f6lvuskj\u00e1i (universal)","isPartOf":{"@id":"https:\/\/fodurlandid.is\/#website"},"primaryImageOfPage":{"@id":"https:\/\/fodurlandid.is\/vara\/jr-dr01\/#primaryimage"},"image":{"@id":"https:\/\/fodurlandid.is\/vara\/jr-dr01\/#primaryimage"},"thumbnailUrl":"https:\/\/fodurlandid.is\/wp-content\/uploads\/2025\/07\/DR01.jpg","datePublished":"2025-07-22T12:32:01+00:00","dateModified":"2026-02-15T19:06:34+00:00","description":"Skj\u00e1penninn er me\u00f0 tv\u00e6r s\u00edlokon t\u00fattur \u00e1 hvorum enda og tv\u00e6r auka fylgja me\u00f0. Hentar \u00f6llum ger\u00f0um af spjaldt\u00f6lvum og snjalls\u00edmum (universal).","breadcrumb":{"@id":"https:\/\/fodurlandid.is\/vara\/jr-dr01\/#breadcrumb"},"inLanguage":"en-US","potentialAction":[{"@type":"ReadAction","target":["https:\/\/fodurlandid.is\/vara\/jr-dr01\/"]}]},{"@type":"ImageObject","inLanguage":"en-US","@id":"https:\/\/fodurlandid.is\/vara\/jr-dr01\/#primaryimage","url":"https:\/\/fodurlandid.is\/wp-content\/uploads\/2025\/07\/DR01.jpg","contentUrl":"https:\/\/fodurlandid.is\/wp-content\/uploads\/2025\/07\/DR01.jpg","width":600,"height":600},{"@type":"BreadcrumbList","@id":"https:\/\/fodurlandid.is\/vara\/jr-dr01\/#breadcrumb","itemListElement":[{"@type":"ListItem","position":1,"name":"Home","item":"https:\/\/fodurlandid.is\/"},{"@type":"ListItem","position":2,"name":"Shop","item":"https:\/\/www.vorulagerinn.is\/heildsala\/en\/shop\/"},{"@type":"ListItem","position":3,"name":"Skj\u00e1penni fyrir snjalls\u00edma, spjaldt\u00f6lvur og snjallt\u00f6lvuskj\u00e1i (universal)"}]},{"@type":"WebSite","@id":"https:\/\/fodurlandid.is\/#website","url":"https:\/\/fodurlandid.is\/","name":"F\u00f6\u00f0urlandi\u00f0 ehf, heildsala","description":"Innflutnings, umbo&eth;s- og dreifingara&eth;ili","publisher":{"@id":"https:\/\/fodurlandid.is\/#organization"},"alternateName":"Innflutnings, umbo\u00f0s- og dreifingara\u00f0ili","potentialAction":[{"@type":"SearchAction","target":{"@type":"EntryPoint","urlTemplate":"https:\/\/fodurlandid.is\/?s={search_term_string}"},"query-input":{"@type":"PropertyValueSpecification","valueRequired":true,"valueName":"search_term_string"}}],"inLanguage":"en-US"},{"@type":"Organization","@id":"https:\/\/fodurlandid.is\/#organization","name":"Innflutnings, umbo\u00f0s- og dreifingara\u00f0ili","url":"https:\/\/fodurlandid.is\/","logo":{"@type":"ImageObject","inLanguage":"en-US","@id":"https:\/\/fodurlandid.is\/#\/schema\/logo\/image\/","url":"https:\/\/fodurlandid.is\/wp-content\/uploads\/2024\/05\/Fodurlandid.png","contentUrl":"https:\/\/fodurlandid.is\/wp-content\/uploads\/2024\/05\/Fodurlandid.png","width":400,"height":293,"caption":"Innflutnings, umbo\u00f0s- og dreifingara\u00f0ili"},"image":{"@id":"https:\/\/fodurlandid.is\/#\/schema\/logo\/image\/"}}]}},"_links":{"self":[{"href":"https:\/\/fodurlandid.is\/en\/wp-json\/wp\/v2\/product\/24556","targetHints":{"allow":["GET"]}}],"collection":[{"href":"https:\/\/fodurlandid.is\/en\/wp-json\/wp\/v2\/product"}],"about":[{"href":"https:\/\/fodurlandid.is\/en\/wp-json\/wp\/v2\/types\/product"}],"wp:featuredmedia":[{"embeddable":true,"href":"https:\/\/fodurlandid.is\/en\/wp-json\/wp\/v2\/media\/24559"}],"wp:attachment":[{"href":"https:\/\/fodurlandid.is\/en\/wp-json\/wp\/v2\/media?parent=24556"}],"wp:term":[{"taxonomy":"product_brand","embeddable":true,"href":"https:\/\/fodurlandid.is\/en\/wp-json\/wp\/v2\/product_brand?post=24556"},{"taxonomy":"product_cat","embeddable":true,"href":"https:\/\/fodurlandid.is\/en\/wp-json\/wp\/v2\/product_cat?post=24556"},{"taxonomy":"product_tag","embeddable":true,"href":"https:\/\/fodurlandid.is\/en\/wp-json\/wp\/v2\/product_tag?post=24556"}],"curies":[{"name":"wp","href":"https:\/\/api.w.org\/{rel}","templated":true}]}}