{"id":24547,"date":"2025-07-22T12:25:36","date_gmt":"2025-07-22T12:25:36","guid":{"rendered":"https:\/\/fodurlandid.is\/?post_type=product&#038;p=24547"},"modified":"2026-02-15T19:11:53","modified_gmt":"2026-02-15T19:11:53","slug":"jr-k12","status":"publish","type":"product","link":"https:\/\/fodurlandid.is\/en\/product\/jr-k12\/","title":{"rendered":"Active Capacitive Stylus skj\u00e1penni"},"content":{"rendered":"","protected":false},"excerpt":{"rendered":"<p>Fr\u00e1b\u00e6r h\u00e1g\u00e6\u00f0a skj\u00e1penni sem er n\u00e6mur, skynjar hreyfingar, halla, hra\u00f0a og mismikinn \u00fer\u00fdsting. Hann er me\u00f0 endurhla\u00f0anlegri rafhl\u00f6\u00f0u sem endist \u00ed allt a\u00f0 12 klst \u00ed notkun og allt a\u00f0 360 daga \u00ed bi\u00f0st\u00f6\u00f0u. Skj\u00e1penninn slekkur sj\u00e1lfkrafa \u00e1 s\u00e9r ef hann er ekki nota\u00f0ur \u00ed 30 m\u00edn til a\u00f0 spara rafhl\u00f6\u00f0una. Penninn uppfyllir allar \u00fe\u00ednar \u00fearfir, engin t\u00f6f og \u00fea\u00f0 er h\u00e6gt a\u00f0 leggja l\u00f3fa ofan \u00e1 spjaldt\u00f6lvuna \u00e1n \u00feess a\u00f0 \u00fea\u00f0 hafi \u00e1hrif.<\/p>\n<p>Me\u00f0 pennanum fylgir hulstur me\u00f0 segul til a\u00f0 verja hann og svo er au\u00f0velt a\u00f0 festa hann vi\u00f0 spjaldt\u00f6lvuna \u00feegar hann er ekki \u00ed notkun. Tveir \u00fatskiptanlegir pennaendar fylgja me\u00f0.<\/p>\n<p>\u2013 Litur: Hv\u00edtur<br \/>\n\u2013 Lengd: 16,5 cm<br \/>\n\u2013 \u00deyngd: 15g<br \/>\n\u2013 Efni: \u00c1l og plast<br \/>\n\u2013 Hle\u00f0sla inn: 5V\/2A<br \/>\n\u2013 Hle\u00f0slusn\u00fara: USB-A \u00ed USB-C<br \/>\n\u2013 Vottun: CE, ROHS og FCC<\/p>\n","protected":false},"featured_media":24550,"template":"","meta":[],"product_brand":[390],"product_cat":[415],"product_tag":[],"class_list":{"0":"post-24547","1":"product","2":"type-product","3":"status-publish","4":"has-post-thumbnail","6":"product_brand-joyroom","7":"product_cat-skjapenni-snertipenni","9":"first","10":"instock","11":"taxable","12":"shipping-taxable","13":"product-type-simple"},"yoast_head":"<!-- This site is optimized with the Yoast SEO Premium plugin v21.5 (Yoast SEO v27.4) - https:\/\/yoast.com\/product\/yoast-seo-premium-wordpress\/ -->\n<title>H\u00e1g\u00e6\u00f0a Active Capacitive Stylus skj\u00e1penni | 12 klst rafhla\u00f0a<\/title>\n<meta name=\"description\" content=\"H\u00e1g\u00e6\u00f0a skj\u00e1penni fr\u00e1 Joyroom. Hann er n\u00e6mur, skynjar hreyfingar, halla, hra\u00f0a &amp; mismikinn \u00fer\u00fdsting. Endurhla\u00f0anleg rafhla\u00f0a sem endist \u00ed allt a\u00f0 12 klst.\" \/>\n<meta name=\"robots\" content=\"index, follow, max-snippet:-1, max-image-preview:large, max-video-preview:-1\" \/>\n<link rel=\"canonical\" href=\"https:\/\/fodurlandid.is\/vara\/jr-k12\/\" \/>\n<meta property=\"og:locale\" content=\"en_US\" \/>\n<meta property=\"og:type\" content=\"article\" \/>\n<meta property=\"og:title\" content=\"Active Capacitive Stylus skj\u00e1penni\" \/>\n<meta property=\"og:description\" content=\"H\u00e1g\u00e6\u00f0a skj\u00e1penni fr\u00e1 Joyroom. Hann er n\u00e6mur, skynjar hreyfingar, halla, hra\u00f0a &amp; mismikinn \u00fer\u00fdsting. Endurhla\u00f0anleg rafhla\u00f0a sem endist \u00ed allt a\u00f0 12 klst.\" \/>\n<meta property=\"og:url\" content=\"https:\/\/fodurlandid.is\/vara\/jr-k12\/\" \/>\n<meta property=\"og:site_name\" content=\"F&ouml;&eth;urlandi&eth; heildsala\" \/>\n<meta property=\"article:modified_time\" content=\"2026-02-15T19:11:53+00:00\" \/>\n<meta property=\"og:image\" content=\"https:\/\/fodurlandid.is\/wp-content\/uploads\/2025\/07\/JR-K12.jpg\" \/>\n\t<meta property=\"og:image:width\" content=\"600\" \/>\n\t<meta property=\"og:image:height\" content=\"600\" \/>\n\t<meta property=\"og:image:type\" content=\"image\/jpeg\" \/>\n<meta name=\"twitter:card\" content=\"summary_large_image\" \/>\n<meta name=\"twitter:label1\" content=\"Est. reading time\" \/>\n\t<meta name=\"twitter:data1\" content=\"1 minute\" \/>\n<script type=\"application\/ld+json\" class=\"yoast-schema-graph\">{\"@context\":\"https:\\\/\\\/schema.org\",\"@graph\":[{\"@type\":\"WebPage\",\"@id\":\"https:\\\/\\\/fodurlandid.is\\\/vara\\\/jr-k12\\\/\",\"url\":\"https:\\\/\\\/fodurlandid.is\\\/vara\\\/jr-k12\\\/\",\"name\":\"H\u00e1g\u00e6\u00f0a Active Capacitive Stylus skj\u00e1penni | 12 klst rafhla\u00f0a\",\"isPartOf\":{\"@id\":\"https:\\\/\\\/fodurlandid.is\\\/#website\"},\"primaryImageOfPage\":{\"@id\":\"https:\\\/\\\/fodurlandid.is\\\/vara\\\/jr-k12\\\/#primaryimage\"},\"image\":{\"@id\":\"https:\\\/\\\/fodurlandid.is\\\/vara\\\/jr-k12\\\/#primaryimage\"},\"thumbnailUrl\":\"https:\\\/\\\/fodurlandid.is\\\/wp-content\\\/uploads\\\/2025\\\/07\\\/JR-K12.jpg\",\"datePublished\":\"2025-07-22T12:25:36+00:00\",\"dateModified\":\"2026-02-15T19:11:53+00:00\",\"description\":\"H\u00e1g\u00e6\u00f0a skj\u00e1penni fr\u00e1 Joyroom. Hann er n\u00e6mur, skynjar hreyfingar, halla, hra\u00f0a & mismikinn \u00fer\u00fdsting. Endurhla\u00f0anleg rafhla\u00f0a sem endist \u00ed allt a\u00f0 12 klst.\",\"breadcrumb\":{\"@id\":\"https:\\\/\\\/fodurlandid.is\\\/vara\\\/jr-k12\\\/#breadcrumb\"},\"inLanguage\":\"en-US\",\"potentialAction\":[{\"@type\":\"ReadAction\",\"target\":[\"https:\\\/\\\/fodurlandid.is\\\/vara\\\/jr-k12\\\/\"]}]},{\"@type\":\"ImageObject\",\"inLanguage\":\"en-US\",\"@id\":\"https:\\\/\\\/fodurlandid.is\\\/vara\\\/jr-k12\\\/#primaryimage\",\"url\":\"https:\\\/\\\/fodurlandid.is\\\/wp-content\\\/uploads\\\/2025\\\/07\\\/JR-K12.jpg\",\"contentUrl\":\"https:\\\/\\\/fodurlandid.is\\\/wp-content\\\/uploads\\\/2025\\\/07\\\/JR-K12.jpg\",\"width\":600,\"height\":600},{\"@type\":\"BreadcrumbList\",\"@id\":\"https:\\\/\\\/fodurlandid.is\\\/vara\\\/jr-k12\\\/#breadcrumb\",\"itemListElement\":[{\"@type\":\"ListItem\",\"position\":1,\"name\":\"Home\",\"item\":\"https:\\\/\\\/fodurlandid.is\\\/\"},{\"@type\":\"ListItem\",\"position\":2,\"name\":\"Shop\",\"item\":\"https:\\\/\\\/www.vorulagerinn.is\\\/heildsala\\\/en\\\/shop\\\/\"},{\"@type\":\"ListItem\",\"position\":3,\"name\":\"Active Capacitive Stylus skj\u00e1penni\"}]},{\"@type\":\"WebSite\",\"@id\":\"https:\\\/\\\/fodurlandid.is\\\/#website\",\"url\":\"https:\\\/\\\/fodurlandid.is\\\/\",\"name\":\"F\u00f6\u00f0urlandi\u00f0 ehf, heildsala\",\"description\":\"Innflutnings, umbo&eth;s- og dreifingara&eth;ili\",\"publisher\":{\"@id\":\"https:\\\/\\\/fodurlandid.is\\\/#organization\"},\"alternateName\":\"Innflutnings, umbo\u00f0s- og dreifingara\u00f0ili\",\"potentialAction\":[{\"@type\":\"SearchAction\",\"target\":{\"@type\":\"EntryPoint\",\"urlTemplate\":\"https:\\\/\\\/fodurlandid.is\\\/?s={search_term_string}\"},\"query-input\":{\"@type\":\"PropertyValueSpecification\",\"valueRequired\":true,\"valueName\":\"search_term_string\"}}],\"inLanguage\":\"en-US\"},{\"@type\":\"Organization\",\"@id\":\"https:\\\/\\\/fodurlandid.is\\\/#organization\",\"name\":\"Innflutnings, umbo\u00f0s- og dreifingara\u00f0ili\",\"url\":\"https:\\\/\\\/fodurlandid.is\\\/\",\"logo\":{\"@type\":\"ImageObject\",\"inLanguage\":\"en-US\",\"@id\":\"https:\\\/\\\/fodurlandid.is\\\/#\\\/schema\\\/logo\\\/image\\\/\",\"url\":\"https:\\\/\\\/fodurlandid.is\\\/wp-content\\\/uploads\\\/2024\\\/05\\\/Fodurlandid.png\",\"contentUrl\":\"https:\\\/\\\/fodurlandid.is\\\/wp-content\\\/uploads\\\/2024\\\/05\\\/Fodurlandid.png\",\"width\":400,\"height\":293,\"caption\":\"Innflutnings, umbo\u00f0s- og dreifingara\u00f0ili\"},\"image\":{\"@id\":\"https:\\\/\\\/fodurlandid.is\\\/#\\\/schema\\\/logo\\\/image\\\/\"}}]}<\/script>\n<!-- \/ Yoast SEO Premium plugin. -->","yoast_head_json":{"title":"H\u00e1g\u00e6\u00f0a Active Capacitive Stylus skj\u00e1penni | 12 klst rafhla\u00f0a","description":"H\u00e1g\u00e6\u00f0a skj\u00e1penni fr\u00e1 Joyroom. Hann er n\u00e6mur, skynjar hreyfingar, halla, hra\u00f0a & mismikinn \u00fer\u00fdsting. Endurhla\u00f0anleg rafhla\u00f0a sem endist \u00ed allt a\u00f0 12 klst.","robots":{"index":"index","follow":"follow","max-snippet":"max-snippet:-1","max-image-preview":"max-image-preview:large","max-video-preview":"max-video-preview:-1"},"canonical":"https:\/\/fodurlandid.is\/vara\/jr-k12\/","og_locale":"en_US","og_type":"article","og_title":"Active Capacitive Stylus skj\u00e1penni","og_description":"H\u00e1g\u00e6\u00f0a skj\u00e1penni fr\u00e1 Joyroom. Hann er n\u00e6mur, skynjar hreyfingar, halla, hra\u00f0a & mismikinn \u00fer\u00fdsting. Endurhla\u00f0anleg rafhla\u00f0a sem endist \u00ed allt a\u00f0 12 klst.","og_url":"https:\/\/fodurlandid.is\/vara\/jr-k12\/","og_site_name":"F&ouml;&eth;urlandi&eth; heildsala","article_modified_time":"2026-02-15T19:11:53+00:00","og_image":[{"width":600,"height":600,"url":"https:\/\/fodurlandid.is\/wp-content\/uploads\/2025\/07\/JR-K12.jpg","type":"image\/jpeg"}],"twitter_card":"summary_large_image","twitter_misc":{"Est. reading time":"1 minute"},"schema":{"@context":"https:\/\/schema.org","@graph":[{"@type":"WebPage","@id":"https:\/\/fodurlandid.is\/vara\/jr-k12\/","url":"https:\/\/fodurlandid.is\/vara\/jr-k12\/","name":"H\u00e1g\u00e6\u00f0a Active Capacitive Stylus skj\u00e1penni | 12 klst rafhla\u00f0a","isPartOf":{"@id":"https:\/\/fodurlandid.is\/#website"},"primaryImageOfPage":{"@id":"https:\/\/fodurlandid.is\/vara\/jr-k12\/#primaryimage"},"image":{"@id":"https:\/\/fodurlandid.is\/vara\/jr-k12\/#primaryimage"},"thumbnailUrl":"https:\/\/fodurlandid.is\/wp-content\/uploads\/2025\/07\/JR-K12.jpg","datePublished":"2025-07-22T12:25:36+00:00","dateModified":"2026-02-15T19:11:53+00:00","description":"H\u00e1g\u00e6\u00f0a skj\u00e1penni fr\u00e1 Joyroom. Hann er n\u00e6mur, skynjar hreyfingar, halla, hra\u00f0a & mismikinn \u00fer\u00fdsting. Endurhla\u00f0anleg rafhla\u00f0a sem endist \u00ed allt a\u00f0 12 klst.","breadcrumb":{"@id":"https:\/\/fodurlandid.is\/vara\/jr-k12\/#breadcrumb"},"inLanguage":"en-US","potentialAction":[{"@type":"ReadAction","target":["https:\/\/fodurlandid.is\/vara\/jr-k12\/"]}]},{"@type":"ImageObject","inLanguage":"en-US","@id":"https:\/\/fodurlandid.is\/vara\/jr-k12\/#primaryimage","url":"https:\/\/fodurlandid.is\/wp-content\/uploads\/2025\/07\/JR-K12.jpg","contentUrl":"https:\/\/fodurlandid.is\/wp-content\/uploads\/2025\/07\/JR-K12.jpg","width":600,"height":600},{"@type":"BreadcrumbList","@id":"https:\/\/fodurlandid.is\/vara\/jr-k12\/#breadcrumb","itemListElement":[{"@type":"ListItem","position":1,"name":"Home","item":"https:\/\/fodurlandid.is\/"},{"@type":"ListItem","position":2,"name":"Shop","item":"https:\/\/www.vorulagerinn.is\/heildsala\/en\/shop\/"},{"@type":"ListItem","position":3,"name":"Active Capacitive Stylus skj\u00e1penni"}]},{"@type":"WebSite","@id":"https:\/\/fodurlandid.is\/#website","url":"https:\/\/fodurlandid.is\/","name":"F\u00f6\u00f0urlandi\u00f0 ehf, heildsala","description":"Innflutnings, umbo&eth;s- og dreifingara&eth;ili","publisher":{"@id":"https:\/\/fodurlandid.is\/#organization"},"alternateName":"Innflutnings, umbo\u00f0s- og dreifingara\u00f0ili","potentialAction":[{"@type":"SearchAction","target":{"@type":"EntryPoint","urlTemplate":"https:\/\/fodurlandid.is\/?s={search_term_string}"},"query-input":{"@type":"PropertyValueSpecification","valueRequired":true,"valueName":"search_term_string"}}],"inLanguage":"en-US"},{"@type":"Organization","@id":"https:\/\/fodurlandid.is\/#organization","name":"Innflutnings, umbo\u00f0s- og dreifingara\u00f0ili","url":"https:\/\/fodurlandid.is\/","logo":{"@type":"ImageObject","inLanguage":"en-US","@id":"https:\/\/fodurlandid.is\/#\/schema\/logo\/image\/","url":"https:\/\/fodurlandid.is\/wp-content\/uploads\/2024\/05\/Fodurlandid.png","contentUrl":"https:\/\/fodurlandid.is\/wp-content\/uploads\/2024\/05\/Fodurlandid.png","width":400,"height":293,"caption":"Innflutnings, umbo\u00f0s- og dreifingara\u00f0ili"},"image":{"@id":"https:\/\/fodurlandid.is\/#\/schema\/logo\/image\/"}}]}},"_links":{"self":[{"href":"https:\/\/fodurlandid.is\/en\/wp-json\/wp\/v2\/product\/24547","targetHints":{"allow":["GET"]}}],"collection":[{"href":"https:\/\/fodurlandid.is\/en\/wp-json\/wp\/v2\/product"}],"about":[{"href":"https:\/\/fodurlandid.is\/en\/wp-json\/wp\/v2\/types\/product"}],"wp:featuredmedia":[{"embeddable":true,"href":"https:\/\/fodurlandid.is\/en\/wp-json\/wp\/v2\/media\/24550"}],"wp:attachment":[{"href":"https:\/\/fodurlandid.is\/en\/wp-json\/wp\/v2\/media?parent=24547"}],"wp:term":[{"taxonomy":"product_brand","embeddable":true,"href":"https:\/\/fodurlandid.is\/en\/wp-json\/wp\/v2\/product_brand?post=24547"},{"taxonomy":"product_cat","embeddable":true,"href":"https:\/\/fodurlandid.is\/en\/wp-json\/wp\/v2\/product_cat?post=24547"},{"taxonomy":"product_tag","embeddable":true,"href":"https:\/\/fodurlandid.is\/en\/wp-json\/wp\/v2\/product_tag?post=24547"}],"curies":[{"name":"wp","href":"https:\/\/api.w.org\/{rel}","templated":true}]}}