{"id":24542,"date":"2025-07-22T10:50:40","date_gmt":"2025-07-22T10:50:40","guid":{"rendered":"https:\/\/fodurlandid.is\/?post_type=product&#038;p=24542"},"modified":"2026-02-15T19:12:25","modified_gmt":"2026-02-15T19:12:25","slug":"jr-bp560s","status":"publish","type":"product","link":"https:\/\/fodurlandid.is\/en\/product\/jr-bp560s\/","title":{"rendered":"Snertipenni \/ Skj\u00e1penni fyrir snjalls\u00edma og spjaldt\u00f6lvur"},"content":{"rendered":"","protected":false},"excerpt":{"rendered":"<p>St\u00edlhreinn, n\u00e1kv\u00e6mur og pass\u00edfur snertipenni sem \u00fearf hvorki hle\u00f0slu n\u00e9 Bluetooth tengingar. Hann virkar \u00e1 \u00f6llum helstu snertiskj\u00e1m hvort sem um er a\u00f0 r\u00e6\u00f0a spjaldt\u00f6lvur, snjalls\u00edma e\u00f0a snjallt\u00f6lvuskj\u00e1. Endingarg\u00f3\u00f0ur \u00e1lrammi og m\u00fdkri oddar tryggja b\u00e6\u00f0i st\u00f6\u00f0ugleika og sk\u00fdrleika \u00ed notkun, hvort sem \u00fe\u00fa ert a\u00f0 skrifa, teikna e\u00f0a vafra.<\/p>\n<p>Tveir auka oddar fylgja me\u00f0.<\/p>\n<p>\u2013 Litur: Svartur<br \/>\n\u2013 Lengd: 17,8 cm<br \/>\n\u2013 \u00deyngd: 20g<br \/>\n\u2013 Efni: Aluminum alloy pen body + nano pen tip+ silicone<\/p>\n","protected":false},"featured_media":24543,"template":"","meta":[],"product_brand":[390],"product_cat":[415],"product_tag":[],"class_list":{"0":"post-24542","1":"product","2":"type-product","3":"status-publish","4":"has-post-thumbnail","6":"product_brand-joyroom","7":"product_cat-skjapenni-snertipenni","9":"first","10":"instock","11":"taxable","12":"shipping-taxable","13":"product-type-simple"},"yoast_head":"<!-- This site is optimized with the Yoast SEO Premium plugin v21.5 (Yoast SEO v27.4) - https:\/\/yoast.com\/product\/yoast-seo-premium-wordpress\/ -->\n<title>Snertipenni \/ Skj\u00e1penni fyrir snjalls\u00edma og spjaldt\u00f6lvur<\/title>\n<meta name=\"description\" content=\"St\u00edlhreinn, n\u00e1kv\u00e6mur &amp; pass\u00edfur skj\u00e1penni sem krefst hvorki hle\u00f0slu n\u00e9 Bluetooth. Virkar \u00e1 \u00f6llum helstu spjaldt\u00f6lvum, snjalls\u00edmum e\u00f0a snjallt\u00f6lvuskj\u00e1m\" \/>\n<meta name=\"robots\" content=\"index, follow, max-snippet:-1, max-image-preview:large, max-video-preview:-1\" \/>\n<link rel=\"canonical\" href=\"https:\/\/fodurlandid.is\/vara\/jr-bp560s\/\" \/>\n<meta property=\"og:locale\" content=\"en_US\" \/>\n<meta property=\"og:type\" content=\"article\" \/>\n<meta property=\"og:title\" content=\"Snertipenni \/ Skj\u00e1penni fyrir snjalls\u00edma og spjaldt\u00f6lvur\" \/>\n<meta property=\"og:description\" content=\"St\u00edlhreinn, n\u00e1kv\u00e6mur &amp; pass\u00edfur skj\u00e1penni sem krefst hvorki hle\u00f0slu n\u00e9 Bluetooth. Virkar \u00e1 \u00f6llum helstu spjaldt\u00f6lvum, snjalls\u00edmum e\u00f0a snjallt\u00f6lvuskj\u00e1m\" \/>\n<meta property=\"og:url\" content=\"https:\/\/fodurlandid.is\/vara\/jr-bp560s\/\" \/>\n<meta property=\"og:site_name\" content=\"F&ouml;&eth;urlandi&eth; heildsala\" \/>\n<meta property=\"article:modified_time\" content=\"2026-02-15T19:12:25+00:00\" \/>\n<meta property=\"og:image\" content=\"https:\/\/fodurlandid.is\/wp-content\/uploads\/2025\/07\/JR-BP560S.jpg\" \/>\n\t<meta property=\"og:image:width\" content=\"600\" \/>\n\t<meta property=\"og:image:height\" content=\"600\" \/>\n\t<meta property=\"og:image:type\" content=\"image\/jpeg\" \/>\n<meta name=\"twitter:card\" content=\"summary_large_image\" \/>\n<meta name=\"twitter:label1\" content=\"Est. reading time\" \/>\n\t<meta name=\"twitter:data1\" content=\"1 minute\" \/>\n<script type=\"application\/ld+json\" class=\"yoast-schema-graph\">{\"@context\":\"https:\\\/\\\/schema.org\",\"@graph\":[{\"@type\":\"WebPage\",\"@id\":\"https:\\\/\\\/fodurlandid.is\\\/vara\\\/jr-bp560s\\\/\",\"url\":\"https:\\\/\\\/fodurlandid.is\\\/vara\\\/jr-bp560s\\\/\",\"name\":\"Snertipenni \\\/ Skj\u00e1penni fyrir snjalls\u00edma og spjaldt\u00f6lvur\",\"isPartOf\":{\"@id\":\"https:\\\/\\\/fodurlandid.is\\\/#website\"},\"primaryImageOfPage\":{\"@id\":\"https:\\\/\\\/fodurlandid.is\\\/vara\\\/jr-bp560s\\\/#primaryimage\"},\"image\":{\"@id\":\"https:\\\/\\\/fodurlandid.is\\\/vara\\\/jr-bp560s\\\/#primaryimage\"},\"thumbnailUrl\":\"https:\\\/\\\/fodurlandid.is\\\/wp-content\\\/uploads\\\/2025\\\/07\\\/JR-BP560S.jpg\",\"datePublished\":\"2025-07-22T10:50:40+00:00\",\"dateModified\":\"2026-02-15T19:12:25+00:00\",\"description\":\"St\u00edlhreinn, n\u00e1kv\u00e6mur & pass\u00edfur skj\u00e1penni sem krefst hvorki hle\u00f0slu n\u00e9 Bluetooth. Virkar \u00e1 \u00f6llum helstu spjaldt\u00f6lvum, snjalls\u00edmum e\u00f0a snjallt\u00f6lvuskj\u00e1m\",\"breadcrumb\":{\"@id\":\"https:\\\/\\\/fodurlandid.is\\\/vara\\\/jr-bp560s\\\/#breadcrumb\"},\"inLanguage\":\"en-US\",\"potentialAction\":[{\"@type\":\"ReadAction\",\"target\":[\"https:\\\/\\\/fodurlandid.is\\\/vara\\\/jr-bp560s\\\/\"]}]},{\"@type\":\"ImageObject\",\"inLanguage\":\"en-US\",\"@id\":\"https:\\\/\\\/fodurlandid.is\\\/vara\\\/jr-bp560s\\\/#primaryimage\",\"url\":\"https:\\\/\\\/fodurlandid.is\\\/wp-content\\\/uploads\\\/2025\\\/07\\\/JR-BP560S.jpg\",\"contentUrl\":\"https:\\\/\\\/fodurlandid.is\\\/wp-content\\\/uploads\\\/2025\\\/07\\\/JR-BP560S.jpg\",\"width\":600,\"height\":600},{\"@type\":\"BreadcrumbList\",\"@id\":\"https:\\\/\\\/fodurlandid.is\\\/vara\\\/jr-bp560s\\\/#breadcrumb\",\"itemListElement\":[{\"@type\":\"ListItem\",\"position\":1,\"name\":\"Home\",\"item\":\"https:\\\/\\\/fodurlandid.is\\\/\"},{\"@type\":\"ListItem\",\"position\":2,\"name\":\"Shop\",\"item\":\"https:\\\/\\\/www.vorulagerinn.is\\\/heildsala\\\/en\\\/shop\\\/\"},{\"@type\":\"ListItem\",\"position\":3,\"name\":\"Snertipenni \\\/ Skj\u00e1penni fyrir snjalls\u00edma og spjaldt\u00f6lvur\"}]},{\"@type\":\"WebSite\",\"@id\":\"https:\\\/\\\/fodurlandid.is\\\/#website\",\"url\":\"https:\\\/\\\/fodurlandid.is\\\/\",\"name\":\"F\u00f6\u00f0urlandi\u00f0 ehf, heildsala\",\"description\":\"Innflutnings, umbo&eth;s- og dreifingara&eth;ili\",\"publisher\":{\"@id\":\"https:\\\/\\\/fodurlandid.is\\\/#organization\"},\"alternateName\":\"Innflutnings, umbo\u00f0s- og dreifingara\u00f0ili\",\"potentialAction\":[{\"@type\":\"SearchAction\",\"target\":{\"@type\":\"EntryPoint\",\"urlTemplate\":\"https:\\\/\\\/fodurlandid.is\\\/?s={search_term_string}\"},\"query-input\":{\"@type\":\"PropertyValueSpecification\",\"valueRequired\":true,\"valueName\":\"search_term_string\"}}],\"inLanguage\":\"en-US\"},{\"@type\":\"Organization\",\"@id\":\"https:\\\/\\\/fodurlandid.is\\\/#organization\",\"name\":\"Innflutnings, umbo\u00f0s- og dreifingara\u00f0ili\",\"url\":\"https:\\\/\\\/fodurlandid.is\\\/\",\"logo\":{\"@type\":\"ImageObject\",\"inLanguage\":\"en-US\",\"@id\":\"https:\\\/\\\/fodurlandid.is\\\/#\\\/schema\\\/logo\\\/image\\\/\",\"url\":\"https:\\\/\\\/fodurlandid.is\\\/wp-content\\\/uploads\\\/2024\\\/05\\\/Fodurlandid.png\",\"contentUrl\":\"https:\\\/\\\/fodurlandid.is\\\/wp-content\\\/uploads\\\/2024\\\/05\\\/Fodurlandid.png\",\"width\":400,\"height\":293,\"caption\":\"Innflutnings, umbo\u00f0s- og dreifingara\u00f0ili\"},\"image\":{\"@id\":\"https:\\\/\\\/fodurlandid.is\\\/#\\\/schema\\\/logo\\\/image\\\/\"}}]}<\/script>\n<!-- \/ Yoast SEO Premium plugin. -->","yoast_head_json":{"title":"Snertipenni \/ Skj\u00e1penni fyrir snjalls\u00edma og spjaldt\u00f6lvur","description":"St\u00edlhreinn, n\u00e1kv\u00e6mur & pass\u00edfur skj\u00e1penni sem krefst hvorki hle\u00f0slu n\u00e9 Bluetooth. Virkar \u00e1 \u00f6llum helstu spjaldt\u00f6lvum, snjalls\u00edmum e\u00f0a snjallt\u00f6lvuskj\u00e1m","robots":{"index":"index","follow":"follow","max-snippet":"max-snippet:-1","max-image-preview":"max-image-preview:large","max-video-preview":"max-video-preview:-1"},"canonical":"https:\/\/fodurlandid.is\/vara\/jr-bp560s\/","og_locale":"en_US","og_type":"article","og_title":"Snertipenni \/ Skj\u00e1penni fyrir snjalls\u00edma og spjaldt\u00f6lvur","og_description":"St\u00edlhreinn, n\u00e1kv\u00e6mur & pass\u00edfur skj\u00e1penni sem krefst hvorki hle\u00f0slu n\u00e9 Bluetooth. Virkar \u00e1 \u00f6llum helstu spjaldt\u00f6lvum, snjalls\u00edmum e\u00f0a snjallt\u00f6lvuskj\u00e1m","og_url":"https:\/\/fodurlandid.is\/vara\/jr-bp560s\/","og_site_name":"F&ouml;&eth;urlandi&eth; heildsala","article_modified_time":"2026-02-15T19:12:25+00:00","og_image":[{"width":600,"height":600,"url":"https:\/\/fodurlandid.is\/wp-content\/uploads\/2025\/07\/JR-BP560S.jpg","type":"image\/jpeg"}],"twitter_card":"summary_large_image","twitter_misc":{"Est. reading time":"1 minute"},"schema":{"@context":"https:\/\/schema.org","@graph":[{"@type":"WebPage","@id":"https:\/\/fodurlandid.is\/vara\/jr-bp560s\/","url":"https:\/\/fodurlandid.is\/vara\/jr-bp560s\/","name":"Snertipenni \/ Skj\u00e1penni fyrir snjalls\u00edma og spjaldt\u00f6lvur","isPartOf":{"@id":"https:\/\/fodurlandid.is\/#website"},"primaryImageOfPage":{"@id":"https:\/\/fodurlandid.is\/vara\/jr-bp560s\/#primaryimage"},"image":{"@id":"https:\/\/fodurlandid.is\/vara\/jr-bp560s\/#primaryimage"},"thumbnailUrl":"https:\/\/fodurlandid.is\/wp-content\/uploads\/2025\/07\/JR-BP560S.jpg","datePublished":"2025-07-22T10:50:40+00:00","dateModified":"2026-02-15T19:12:25+00:00","description":"St\u00edlhreinn, n\u00e1kv\u00e6mur & pass\u00edfur skj\u00e1penni sem krefst hvorki hle\u00f0slu n\u00e9 Bluetooth. Virkar \u00e1 \u00f6llum helstu spjaldt\u00f6lvum, snjalls\u00edmum e\u00f0a snjallt\u00f6lvuskj\u00e1m","breadcrumb":{"@id":"https:\/\/fodurlandid.is\/vara\/jr-bp560s\/#breadcrumb"},"inLanguage":"en-US","potentialAction":[{"@type":"ReadAction","target":["https:\/\/fodurlandid.is\/vara\/jr-bp560s\/"]}]},{"@type":"ImageObject","inLanguage":"en-US","@id":"https:\/\/fodurlandid.is\/vara\/jr-bp560s\/#primaryimage","url":"https:\/\/fodurlandid.is\/wp-content\/uploads\/2025\/07\/JR-BP560S.jpg","contentUrl":"https:\/\/fodurlandid.is\/wp-content\/uploads\/2025\/07\/JR-BP560S.jpg","width":600,"height":600},{"@type":"BreadcrumbList","@id":"https:\/\/fodurlandid.is\/vara\/jr-bp560s\/#breadcrumb","itemListElement":[{"@type":"ListItem","position":1,"name":"Home","item":"https:\/\/fodurlandid.is\/"},{"@type":"ListItem","position":2,"name":"Shop","item":"https:\/\/www.vorulagerinn.is\/heildsala\/en\/shop\/"},{"@type":"ListItem","position":3,"name":"Snertipenni \/ Skj\u00e1penni fyrir snjalls\u00edma og spjaldt\u00f6lvur"}]},{"@type":"WebSite","@id":"https:\/\/fodurlandid.is\/#website","url":"https:\/\/fodurlandid.is\/","name":"F\u00f6\u00f0urlandi\u00f0 ehf, heildsala","description":"Innflutnings, umbo&eth;s- og dreifingara&eth;ili","publisher":{"@id":"https:\/\/fodurlandid.is\/#organization"},"alternateName":"Innflutnings, umbo\u00f0s- og dreifingara\u00f0ili","potentialAction":[{"@type":"SearchAction","target":{"@type":"EntryPoint","urlTemplate":"https:\/\/fodurlandid.is\/?s={search_term_string}"},"query-input":{"@type":"PropertyValueSpecification","valueRequired":true,"valueName":"search_term_string"}}],"inLanguage":"en-US"},{"@type":"Organization","@id":"https:\/\/fodurlandid.is\/#organization","name":"Innflutnings, umbo\u00f0s- og dreifingara\u00f0ili","url":"https:\/\/fodurlandid.is\/","logo":{"@type":"ImageObject","inLanguage":"en-US","@id":"https:\/\/fodurlandid.is\/#\/schema\/logo\/image\/","url":"https:\/\/fodurlandid.is\/wp-content\/uploads\/2024\/05\/Fodurlandid.png","contentUrl":"https:\/\/fodurlandid.is\/wp-content\/uploads\/2024\/05\/Fodurlandid.png","width":400,"height":293,"caption":"Innflutnings, umbo\u00f0s- og dreifingara\u00f0ili"},"image":{"@id":"https:\/\/fodurlandid.is\/#\/schema\/logo\/image\/"}}]}},"_links":{"self":[{"href":"https:\/\/fodurlandid.is\/en\/wp-json\/wp\/v2\/product\/24542","targetHints":{"allow":["GET"]}}],"collection":[{"href":"https:\/\/fodurlandid.is\/en\/wp-json\/wp\/v2\/product"}],"about":[{"href":"https:\/\/fodurlandid.is\/en\/wp-json\/wp\/v2\/types\/product"}],"wp:featuredmedia":[{"embeddable":true,"href":"https:\/\/fodurlandid.is\/en\/wp-json\/wp\/v2\/media\/24543"}],"wp:attachment":[{"href":"https:\/\/fodurlandid.is\/en\/wp-json\/wp\/v2\/media?parent=24542"}],"wp:term":[{"taxonomy":"product_brand","embeddable":true,"href":"https:\/\/fodurlandid.is\/en\/wp-json\/wp\/v2\/product_brand?post=24542"},{"taxonomy":"product_cat","embeddable":true,"href":"https:\/\/fodurlandid.is\/en\/wp-json\/wp\/v2\/product_cat?post=24542"},{"taxonomy":"product_tag","embeddable":true,"href":"https:\/\/fodurlandid.is\/en\/wp-json\/wp\/v2\/product_tag?post=24542"}],"curies":[{"name":"wp","href":"https:\/\/api.w.org\/{rel}","templated":true}]}}