{"id":24509,"date":"2025-07-22T09:04:06","date_gmt":"2025-07-22T09:04:06","guid":{"rendered":"https:\/\/fodurlandid.is\/?post_type=product&#038;p=24509"},"modified":"2026-02-15T17:35:30","modified_gmt":"2026-02-15T17:35:30","slug":"sy-c02","status":"publish","type":"product","link":"https:\/\/fodurlandid.is\/en\/product\/sy-c02\/","title":{"rendered":"2 in 1 USB-C breytistykki 3.5mm Jack Stereo hlj\u00f3\u00f0tengi og USB-C tengi"},"content":{"rendered":"<p><strong>Name:<\/strong> Audio-Transfer Series 2-in-1 Audio Adapter<br \/>\n<strong>Connector type:<\/strong> USB-C to 3.5mm+USB-C<br \/>\n<strong>Function:<\/strong> Audio transmission\/charging<br \/>\n<strong>Charging power:<\/strong> 60W<br \/>\n<strong>Material:<\/strong> Aluminum alloy + braided nylon<\/p>\n","protected":false},"excerpt":{"rendered":"<p>Breytistykki USB-C \u00ed Aux 3,5mm Jack Stereo hlj\u00f3\u00f0tengi fyrir t.d. heyrnat\u00f3l, fars\u00edma, spjaldt\u00f6lvur, magnara o.fl. Breytistykki\u00f0 gerir \u00fe\u00e9r kleift a\u00f0 stinga 3.5mm hlj\u00f3\u00f0sn\u00faru \u00ed fart\u00f6lvu e\u00f0a fars\u00edmann og hlusta \u00e1 t\u00f3nlist \/ tala \u00ed fars\u00edmann. \u00de\u00e1 er auk \u00feess h\u00e6gt a\u00f0 hla\u00f0a t\u00e6ki \u00e1 sama t\u00edma \u00ed gegnum USB-C. Breytistykki\u00f0 er nylon vafi\u00f0, slit\u00feoli\u00f0 og endist lengur.<\/p>\n<p>Breytistykki\u00f0 hentar Samsung, Xiaomi, Huawei, Apple, fer\u00f0av\u00e9lum og fleiri t\u00e6kjum.<\/p>\n<p>\u2013 Tengi: USB-C \u00ed Aux 3.5mm jack<br \/>\n\u2013 Litur: Svartur<br \/>\n\u2013 Lengd: 12 cm<br \/>\n\u2013 Vottun: CE, ROHS, FC og UKCA<\/p>\n","protected":false},"featured_media":24512,"template":"","meta":[],"product_brand":[390],"product_cat":[414],"product_tag":[],"class_list":{"0":"post-24509","1":"product","2":"type-product","3":"status-publish","4":"has-post-thumbnail","6":"product_brand-joyroom","7":"product_cat-breytistykki","9":"first","10":"instock","11":"taxable","12":"shipping-taxable","13":"product-type-simple"},"yoast_head":"<!-- This site is optimized with the Yoast SEO Premium plugin v21.5 (Yoast SEO v27.3) - https:\/\/yoast.com\/product\/yoast-seo-premium-wordpress\/ -->\n<title>2 in 1 USB-C breytistykki 3.5mm Jack Stereo hlj\u00f3\u00f0tengi og USB-C tengi<\/title>\n<meta name=\"description\" content=\"Breytistykki\u00f0 gerir \u00fe\u00e9r kleift a\u00f0 stinga 3.5mm hlj\u00f3\u00f0sn\u00faru \u00ed fart\u00f6lvu e\u00f0a fars\u00edmann &amp; hlusta \u00e1 t\u00f3nlist \/ tala \u00ed s\u00edma. Getur hla\u00f0i\u00f0 t\u00e6ki \u00e1 sama t\u00edma \u00ed gegnum USB-C\" \/>\n<meta name=\"robots\" content=\"index, follow, max-snippet:-1, max-image-preview:large, max-video-preview:-1\" \/>\n<link rel=\"canonical\" href=\"https:\/\/fodurlandid.is\/vara\/sy-c02\/\" \/>\n<meta property=\"og:locale\" content=\"en_US\" \/>\n<meta property=\"og:type\" content=\"article\" \/>\n<meta property=\"og:title\" content=\"2 in 1 USB-C breytistykki 3.5mm Jack Stereo hlj\u00f3\u00f0tengi og USB-C tengi\" \/>\n<meta property=\"og:description\" content=\"Breytistykki\u00f0 gerir \u00fe\u00e9r kleift a\u00f0 stinga 3.5mm hlj\u00f3\u00f0sn\u00faru \u00ed fart\u00f6lvu e\u00f0a fars\u00edmann &amp; hlusta \u00e1 t\u00f3nlist \/ tala \u00ed s\u00edma. Getur hla\u00f0i\u00f0 t\u00e6ki \u00e1 sama t\u00edma \u00ed gegnum USB-C\" \/>\n<meta property=\"og:url\" content=\"https:\/\/fodurlandid.is\/vara\/sy-c02\/\" \/>\n<meta property=\"og:site_name\" content=\"F&ouml;&eth;urlandi&eth; heildsala\" \/>\n<meta property=\"article:modified_time\" content=\"2026-02-15T17:35:30+00:00\" \/>\n<meta property=\"og:image\" content=\"https:\/\/fodurlandid.is\/wp-content\/uploads\/2025\/07\/sy-c02.jpg\" \/>\n\t<meta property=\"og:image:width\" content=\"600\" \/>\n\t<meta property=\"og:image:height\" content=\"600\" \/>\n\t<meta property=\"og:image:type\" content=\"image\/jpeg\" \/>\n<meta name=\"twitter:card\" content=\"summary_large_image\" \/>\n<meta name=\"twitter:label1\" content=\"Est. reading time\" \/>\n\t<meta name=\"twitter:data1\" content=\"1 minute\" \/>\n<script type=\"application\/ld+json\" class=\"yoast-schema-graph\">{\"@context\":\"https:\\\/\\\/schema.org\",\"@graph\":[{\"@type\":\"WebPage\",\"@id\":\"https:\\\/\\\/fodurlandid.is\\\/vara\\\/sy-c02\\\/\",\"url\":\"https:\\\/\\\/fodurlandid.is\\\/vara\\\/sy-c02\\\/\",\"name\":\"2 in 1 USB-C breytistykki 3.5mm Jack Stereo hlj\u00f3\u00f0tengi og USB-C tengi\",\"isPartOf\":{\"@id\":\"https:\\\/\\\/fodurlandid.is\\\/#website\"},\"primaryImageOfPage\":{\"@id\":\"https:\\\/\\\/fodurlandid.is\\\/vara\\\/sy-c02\\\/#primaryimage\"},\"image\":{\"@id\":\"https:\\\/\\\/fodurlandid.is\\\/vara\\\/sy-c02\\\/#primaryimage\"},\"thumbnailUrl\":\"https:\\\/\\\/fodurlandid.is\\\/wp-content\\\/uploads\\\/2025\\\/07\\\/sy-c02.jpg\",\"datePublished\":\"2025-07-22T09:04:06+00:00\",\"dateModified\":\"2026-02-15T17:35:30+00:00\",\"description\":\"Breytistykki\u00f0 gerir \u00fe\u00e9r kleift a\u00f0 stinga 3.5mm hlj\u00f3\u00f0sn\u00faru \u00ed fart\u00f6lvu e\u00f0a fars\u00edmann & hlusta \u00e1 t\u00f3nlist \\\/ tala \u00ed s\u00edma. Getur hla\u00f0i\u00f0 t\u00e6ki \u00e1 sama t\u00edma \u00ed gegnum USB-C\",\"breadcrumb\":{\"@id\":\"https:\\\/\\\/fodurlandid.is\\\/vara\\\/sy-c02\\\/#breadcrumb\"},\"inLanguage\":\"en-US\",\"potentialAction\":[{\"@type\":\"ReadAction\",\"target\":[\"https:\\\/\\\/fodurlandid.is\\\/vara\\\/sy-c02\\\/\"]}]},{\"@type\":\"ImageObject\",\"inLanguage\":\"en-US\",\"@id\":\"https:\\\/\\\/fodurlandid.is\\\/vara\\\/sy-c02\\\/#primaryimage\",\"url\":\"https:\\\/\\\/fodurlandid.is\\\/wp-content\\\/uploads\\\/2025\\\/07\\\/sy-c02.jpg\",\"contentUrl\":\"https:\\\/\\\/fodurlandid.is\\\/wp-content\\\/uploads\\\/2025\\\/07\\\/sy-c02.jpg\",\"width\":600,\"height\":600},{\"@type\":\"BreadcrumbList\",\"@id\":\"https:\\\/\\\/fodurlandid.is\\\/vara\\\/sy-c02\\\/#breadcrumb\",\"itemListElement\":[{\"@type\":\"ListItem\",\"position\":1,\"name\":\"Home\",\"item\":\"https:\\\/\\\/fodurlandid.is\\\/\"},{\"@type\":\"ListItem\",\"position\":2,\"name\":\"Shop\",\"item\":\"https:\\\/\\\/www.vorulagerinn.is\\\/heildsala\\\/en\\\/shop\\\/\"},{\"@type\":\"ListItem\",\"position\":3,\"name\":\"2 in 1 USB-C breytistykki 3.5mm Jack Stereo hlj\u00f3\u00f0tengi og USB-C tengi\"}]},{\"@type\":\"WebSite\",\"@id\":\"https:\\\/\\\/fodurlandid.is\\\/#website\",\"url\":\"https:\\\/\\\/fodurlandid.is\\\/\",\"name\":\"F\u00f6\u00f0urlandi\u00f0 ehf, heildsala\",\"description\":\"Innflutnings, umbo&eth;s- og dreifingara&eth;ili\",\"publisher\":{\"@id\":\"https:\\\/\\\/fodurlandid.is\\\/#organization\"},\"alternateName\":\"Innflutnings, umbo\u00f0s- og dreifingara\u00f0ili\",\"potentialAction\":[{\"@type\":\"SearchAction\",\"target\":{\"@type\":\"EntryPoint\",\"urlTemplate\":\"https:\\\/\\\/fodurlandid.is\\\/?s={search_term_string}\"},\"query-input\":{\"@type\":\"PropertyValueSpecification\",\"valueRequired\":true,\"valueName\":\"search_term_string\"}}],\"inLanguage\":\"en-US\"},{\"@type\":\"Organization\",\"@id\":\"https:\\\/\\\/fodurlandid.is\\\/#organization\",\"name\":\"Innflutnings, umbo\u00f0s- og dreifingara\u00f0ili\",\"url\":\"https:\\\/\\\/fodurlandid.is\\\/\",\"logo\":{\"@type\":\"ImageObject\",\"inLanguage\":\"en-US\",\"@id\":\"https:\\\/\\\/fodurlandid.is\\\/#\\\/schema\\\/logo\\\/image\\\/\",\"url\":\"https:\\\/\\\/fodurlandid.is\\\/wp-content\\\/uploads\\\/2024\\\/05\\\/Fodurlandid.png\",\"contentUrl\":\"https:\\\/\\\/fodurlandid.is\\\/wp-content\\\/uploads\\\/2024\\\/05\\\/Fodurlandid.png\",\"width\":400,\"height\":293,\"caption\":\"Innflutnings, umbo\u00f0s- og dreifingara\u00f0ili\"},\"image\":{\"@id\":\"https:\\\/\\\/fodurlandid.is\\\/#\\\/schema\\\/logo\\\/image\\\/\"}}]}<\/script>\n<!-- \/ Yoast SEO Premium plugin. -->","yoast_head_json":{"title":"2 in 1 USB-C breytistykki 3.5mm Jack Stereo hlj\u00f3\u00f0tengi og USB-C tengi","description":"Breytistykki\u00f0 gerir \u00fe\u00e9r kleift a\u00f0 stinga 3.5mm hlj\u00f3\u00f0sn\u00faru \u00ed fart\u00f6lvu e\u00f0a fars\u00edmann & hlusta \u00e1 t\u00f3nlist \/ tala \u00ed s\u00edma. Getur hla\u00f0i\u00f0 t\u00e6ki \u00e1 sama t\u00edma \u00ed gegnum USB-C","robots":{"index":"index","follow":"follow","max-snippet":"max-snippet:-1","max-image-preview":"max-image-preview:large","max-video-preview":"max-video-preview:-1"},"canonical":"https:\/\/fodurlandid.is\/vara\/sy-c02\/","og_locale":"en_US","og_type":"article","og_title":"2 in 1 USB-C breytistykki 3.5mm Jack Stereo hlj\u00f3\u00f0tengi og USB-C tengi","og_description":"Breytistykki\u00f0 gerir \u00fe\u00e9r kleift a\u00f0 stinga 3.5mm hlj\u00f3\u00f0sn\u00faru \u00ed fart\u00f6lvu e\u00f0a fars\u00edmann & hlusta \u00e1 t\u00f3nlist \/ tala \u00ed s\u00edma. Getur hla\u00f0i\u00f0 t\u00e6ki \u00e1 sama t\u00edma \u00ed gegnum USB-C","og_url":"https:\/\/fodurlandid.is\/vara\/sy-c02\/","og_site_name":"F&ouml;&eth;urlandi&eth; heildsala","article_modified_time":"2026-02-15T17:35:30+00:00","og_image":[{"width":600,"height":600,"url":"https:\/\/fodurlandid.is\/wp-content\/uploads\/2025\/07\/sy-c02.jpg","type":"image\/jpeg"}],"twitter_card":"summary_large_image","twitter_misc":{"Est. reading time":"1 minute"},"schema":{"@context":"https:\/\/schema.org","@graph":[{"@type":"WebPage","@id":"https:\/\/fodurlandid.is\/vara\/sy-c02\/","url":"https:\/\/fodurlandid.is\/vara\/sy-c02\/","name":"2 in 1 USB-C breytistykki 3.5mm Jack Stereo hlj\u00f3\u00f0tengi og USB-C tengi","isPartOf":{"@id":"https:\/\/fodurlandid.is\/#website"},"primaryImageOfPage":{"@id":"https:\/\/fodurlandid.is\/vara\/sy-c02\/#primaryimage"},"image":{"@id":"https:\/\/fodurlandid.is\/vara\/sy-c02\/#primaryimage"},"thumbnailUrl":"https:\/\/fodurlandid.is\/wp-content\/uploads\/2025\/07\/sy-c02.jpg","datePublished":"2025-07-22T09:04:06+00:00","dateModified":"2026-02-15T17:35:30+00:00","description":"Breytistykki\u00f0 gerir \u00fe\u00e9r kleift a\u00f0 stinga 3.5mm hlj\u00f3\u00f0sn\u00faru \u00ed fart\u00f6lvu e\u00f0a fars\u00edmann & hlusta \u00e1 t\u00f3nlist \/ tala \u00ed s\u00edma. Getur hla\u00f0i\u00f0 t\u00e6ki \u00e1 sama t\u00edma \u00ed gegnum USB-C","breadcrumb":{"@id":"https:\/\/fodurlandid.is\/vara\/sy-c02\/#breadcrumb"},"inLanguage":"en-US","potentialAction":[{"@type":"ReadAction","target":["https:\/\/fodurlandid.is\/vara\/sy-c02\/"]}]},{"@type":"ImageObject","inLanguage":"en-US","@id":"https:\/\/fodurlandid.is\/vara\/sy-c02\/#primaryimage","url":"https:\/\/fodurlandid.is\/wp-content\/uploads\/2025\/07\/sy-c02.jpg","contentUrl":"https:\/\/fodurlandid.is\/wp-content\/uploads\/2025\/07\/sy-c02.jpg","width":600,"height":600},{"@type":"BreadcrumbList","@id":"https:\/\/fodurlandid.is\/vara\/sy-c02\/#breadcrumb","itemListElement":[{"@type":"ListItem","position":1,"name":"Home","item":"https:\/\/fodurlandid.is\/"},{"@type":"ListItem","position":2,"name":"Shop","item":"https:\/\/www.vorulagerinn.is\/heildsala\/en\/shop\/"},{"@type":"ListItem","position":3,"name":"2 in 1 USB-C breytistykki 3.5mm Jack Stereo hlj\u00f3\u00f0tengi og USB-C tengi"}]},{"@type":"WebSite","@id":"https:\/\/fodurlandid.is\/#website","url":"https:\/\/fodurlandid.is\/","name":"F\u00f6\u00f0urlandi\u00f0 ehf, heildsala","description":"Innflutnings, umbo&eth;s- og dreifingara&eth;ili","publisher":{"@id":"https:\/\/fodurlandid.is\/#organization"},"alternateName":"Innflutnings, umbo\u00f0s- og dreifingara\u00f0ili","potentialAction":[{"@type":"SearchAction","target":{"@type":"EntryPoint","urlTemplate":"https:\/\/fodurlandid.is\/?s={search_term_string}"},"query-input":{"@type":"PropertyValueSpecification","valueRequired":true,"valueName":"search_term_string"}}],"inLanguage":"en-US"},{"@type":"Organization","@id":"https:\/\/fodurlandid.is\/#organization","name":"Innflutnings, umbo\u00f0s- og dreifingara\u00f0ili","url":"https:\/\/fodurlandid.is\/","logo":{"@type":"ImageObject","inLanguage":"en-US","@id":"https:\/\/fodurlandid.is\/#\/schema\/logo\/image\/","url":"https:\/\/fodurlandid.is\/wp-content\/uploads\/2024\/05\/Fodurlandid.png","contentUrl":"https:\/\/fodurlandid.is\/wp-content\/uploads\/2024\/05\/Fodurlandid.png","width":400,"height":293,"caption":"Innflutnings, umbo\u00f0s- og dreifingara\u00f0ili"},"image":{"@id":"https:\/\/fodurlandid.is\/#\/schema\/logo\/image\/"}}]}},"_links":{"self":[{"href":"https:\/\/fodurlandid.is\/en\/wp-json\/wp\/v2\/product\/24509","targetHints":{"allow":["GET"]}}],"collection":[{"href":"https:\/\/fodurlandid.is\/en\/wp-json\/wp\/v2\/product"}],"about":[{"href":"https:\/\/fodurlandid.is\/en\/wp-json\/wp\/v2\/types\/product"}],"wp:featuredmedia":[{"embeddable":true,"href":"https:\/\/fodurlandid.is\/en\/wp-json\/wp\/v2\/media\/24512"}],"wp:attachment":[{"href":"https:\/\/fodurlandid.is\/en\/wp-json\/wp\/v2\/media?parent=24509"}],"wp:term":[{"taxonomy":"product_brand","embeddable":true,"href":"https:\/\/fodurlandid.is\/en\/wp-json\/wp\/v2\/product_brand?post=24509"},{"taxonomy":"product_cat","embeddable":true,"href":"https:\/\/fodurlandid.is\/en\/wp-json\/wp\/v2\/product_cat?post=24509"},{"taxonomy":"product_tag","embeddable":true,"href":"https:\/\/fodurlandid.is\/en\/wp-json\/wp\/v2\/product_tag?post=24509"}],"curies":[{"name":"wp","href":"https:\/\/api.w.org\/{rel}","templated":true}]}}