{"id":24501,"date":"2025-07-22T08:38:39","date_gmt":"2025-07-22T08:38:39","guid":{"rendered":"https:\/\/fodurlandid.is\/?post_type=product&#038;p=24501"},"modified":"2026-02-15T17:29:28","modified_gmt":"2026-02-15T17:29:28","slug":"s-h141","status":"publish","type":"product","link":"https:\/\/fodurlandid.is\/en\/product\/s-h141\/","title":{"rendered":"Apple Lightning breytistykki yfir \u00ed HDMI \u00e1samt Lightning tengi"},"content":{"rendered":"<p><strong>Name:<\/strong> Lightning to HDMI adapter<br \/>\n<strong>Resolving ratio:<\/strong> 1080P@60Hz<br \/>\n<strong>Applicable model:<\/strong> Lightning<br \/>\n<strong>System version:<\/strong> IOS 9.2 above<br \/>\n<strong>Material:<\/strong> PC+ABS+TPE<br \/>\n<strong>Length:<\/strong>116\u00b15mm<br \/>\n<strong>Color:<\/strong> White<\/p>\n","protected":false},"excerpt":{"rendered":"<p>Apple Lightning breytistykki yfir \u00ed HDMI \u00e1samt Lightning tengi gerir \u00fe\u00e9r t.d. kleift a\u00f0 tengja iPhone fars\u00edma e\u00f0a spjaldt\u00f6lvuna \u00fe\u00edna vi\u00f0 t.d. sj\u00f3nvarp e\u00f0a skj\u00e1varpa. \u00de\u00fa getur horft \u00e1 video, sko\u00f0a\u00f0 lj\u00f3smyndir e\u00f0a jafnvel spila\u00f0 t\u00f6lvuleiki \u00ed s\u00edmanum \u00e1 sj\u00f3nvarpi\u00f0. 1080P, 60Hx og HD skj\u00e1tenging.<\/p>\n<p>\u2013 Litur: Hv\u00edtur<br \/>\n\u2013 Tengi: Lightning \u00ed HDMI<br \/>\n\u2013 1080P, 60Hz og HD screen<br \/>\n\u2013 Vottun: CE og ROHS<\/p>\n","protected":false},"featured_media":24504,"template":"","meta":[],"product_brand":[390],"product_cat":[414],"product_tag":[],"class_list":{"0":"post-24501","1":"product","2":"type-product","3":"status-publish","4":"has-post-thumbnail","6":"product_brand-joyroom","7":"product_cat-breytistykki","9":"first","10":"instock","11":"taxable","12":"shipping-taxable","13":"product-type-simple"},"yoast_head":"<!-- This site is optimized with the Yoast SEO Premium plugin v21.5 (Yoast SEO v27.4) - https:\/\/yoast.com\/product\/yoast-seo-premium-wordpress\/ -->\n<title>Apple Lightning breytistykki yfir \u00ed HDMI \u00e1samt Lightning tengi<\/title>\n<meta name=\"description\" content=\"Tengi\u00f0 gerir \u00fe\u00e9r t.d. kleift a\u00f0 tengja iPhone e\u00f0a spjaldt\u00f6lvuna vi\u00f0 t.d. sj\u00f3nvarp e\u00f0a skj\u00e1varpa. \u00de\u00fa getur jafnvel spila\u00f0 t\u00f6lvuleiki \u00ed s\u00edmanum \u00e1 sj\u00f3nvarpi\u00f0\" \/>\n<meta name=\"robots\" content=\"index, follow, max-snippet:-1, max-image-preview:large, max-video-preview:-1\" \/>\n<link rel=\"canonical\" href=\"https:\/\/fodurlandid.is\/vara\/s-h141\/\" \/>\n<meta property=\"og:locale\" content=\"en_US\" \/>\n<meta property=\"og:type\" content=\"article\" \/>\n<meta property=\"og:title\" content=\"Apple Lightning breytistykki yfir \u00ed HDMI \u00e1samt Lightning tengi\" \/>\n<meta property=\"og:description\" content=\"Tengi\u00f0 gerir \u00fe\u00e9r t.d. kleift a\u00f0 tengja iPhone e\u00f0a spjaldt\u00f6lvuna vi\u00f0 t.d. sj\u00f3nvarp e\u00f0a skj\u00e1varpa. \u00de\u00fa getur jafnvel spila\u00f0 t\u00f6lvuleiki \u00ed s\u00edmanum \u00e1 sj\u00f3nvarpi\u00f0\" \/>\n<meta property=\"og:url\" content=\"https:\/\/fodurlandid.is\/vara\/s-h141\/\" \/>\n<meta property=\"og:site_name\" content=\"F&ouml;&eth;urlandi&eth; heildsala\" \/>\n<meta property=\"article:modified_time\" content=\"2026-02-15T17:29:28+00:00\" \/>\n<meta property=\"og:image\" content=\"https:\/\/fodurlandid.is\/wp-content\/uploads\/2025\/07\/S-H141.jpg\" \/>\n\t<meta property=\"og:image:width\" content=\"600\" \/>\n\t<meta property=\"og:image:height\" content=\"600\" \/>\n\t<meta property=\"og:image:type\" content=\"image\/jpeg\" \/>\n<meta name=\"twitter:card\" content=\"summary_large_image\" \/>\n<meta name=\"twitter:label1\" content=\"Est. reading time\" \/>\n\t<meta name=\"twitter:data1\" content=\"1 minute\" \/>\n<script type=\"application\/ld+json\" class=\"yoast-schema-graph\">{\"@context\":\"https:\\\/\\\/schema.org\",\"@graph\":[{\"@type\":\"WebPage\",\"@id\":\"https:\\\/\\\/fodurlandid.is\\\/vara\\\/s-h141\\\/\",\"url\":\"https:\\\/\\\/fodurlandid.is\\\/vara\\\/s-h141\\\/\",\"name\":\"Apple Lightning breytistykki yfir \u00ed HDMI \u00e1samt Lightning tengi\",\"isPartOf\":{\"@id\":\"https:\\\/\\\/fodurlandid.is\\\/#website\"},\"primaryImageOfPage\":{\"@id\":\"https:\\\/\\\/fodurlandid.is\\\/vara\\\/s-h141\\\/#primaryimage\"},\"image\":{\"@id\":\"https:\\\/\\\/fodurlandid.is\\\/vara\\\/s-h141\\\/#primaryimage\"},\"thumbnailUrl\":\"https:\\\/\\\/fodurlandid.is\\\/wp-content\\\/uploads\\\/2025\\\/07\\\/S-H141.jpg\",\"datePublished\":\"2025-07-22T08:38:39+00:00\",\"dateModified\":\"2026-02-15T17:29:28+00:00\",\"description\":\"Tengi\u00f0 gerir \u00fe\u00e9r t.d. kleift a\u00f0 tengja iPhone e\u00f0a spjaldt\u00f6lvuna vi\u00f0 t.d. sj\u00f3nvarp e\u00f0a skj\u00e1varpa. \u00de\u00fa getur jafnvel spila\u00f0 t\u00f6lvuleiki \u00ed s\u00edmanum \u00e1 sj\u00f3nvarpi\u00f0\",\"breadcrumb\":{\"@id\":\"https:\\\/\\\/fodurlandid.is\\\/vara\\\/s-h141\\\/#breadcrumb\"},\"inLanguage\":\"en-US\",\"potentialAction\":[{\"@type\":\"ReadAction\",\"target\":[\"https:\\\/\\\/fodurlandid.is\\\/vara\\\/s-h141\\\/\"]}]},{\"@type\":\"ImageObject\",\"inLanguage\":\"en-US\",\"@id\":\"https:\\\/\\\/fodurlandid.is\\\/vara\\\/s-h141\\\/#primaryimage\",\"url\":\"https:\\\/\\\/fodurlandid.is\\\/wp-content\\\/uploads\\\/2025\\\/07\\\/S-H141.jpg\",\"contentUrl\":\"https:\\\/\\\/fodurlandid.is\\\/wp-content\\\/uploads\\\/2025\\\/07\\\/S-H141.jpg\",\"width\":600,\"height\":600},{\"@type\":\"BreadcrumbList\",\"@id\":\"https:\\\/\\\/fodurlandid.is\\\/vara\\\/s-h141\\\/#breadcrumb\",\"itemListElement\":[{\"@type\":\"ListItem\",\"position\":1,\"name\":\"Home\",\"item\":\"https:\\\/\\\/fodurlandid.is\\\/\"},{\"@type\":\"ListItem\",\"position\":2,\"name\":\"Shop\",\"item\":\"https:\\\/\\\/www.vorulagerinn.is\\\/heildsala\\\/en\\\/shop\\\/\"},{\"@type\":\"ListItem\",\"position\":3,\"name\":\"Apple Lightning breytistykki yfir \u00ed HDMI \u00e1samt Lightning tengi\"}]},{\"@type\":\"WebSite\",\"@id\":\"https:\\\/\\\/fodurlandid.is\\\/#website\",\"url\":\"https:\\\/\\\/fodurlandid.is\\\/\",\"name\":\"F\u00f6\u00f0urlandi\u00f0 ehf, heildsala\",\"description\":\"Innflutnings, umbo&eth;s- og dreifingara&eth;ili\",\"publisher\":{\"@id\":\"https:\\\/\\\/fodurlandid.is\\\/#organization\"},\"alternateName\":\"Innflutnings, umbo\u00f0s- og dreifingara\u00f0ili\",\"potentialAction\":[{\"@type\":\"SearchAction\",\"target\":{\"@type\":\"EntryPoint\",\"urlTemplate\":\"https:\\\/\\\/fodurlandid.is\\\/?s={search_term_string}\"},\"query-input\":{\"@type\":\"PropertyValueSpecification\",\"valueRequired\":true,\"valueName\":\"search_term_string\"}}],\"inLanguage\":\"en-US\"},{\"@type\":\"Organization\",\"@id\":\"https:\\\/\\\/fodurlandid.is\\\/#organization\",\"name\":\"Innflutnings, umbo\u00f0s- og dreifingara\u00f0ili\",\"url\":\"https:\\\/\\\/fodurlandid.is\\\/\",\"logo\":{\"@type\":\"ImageObject\",\"inLanguage\":\"en-US\",\"@id\":\"https:\\\/\\\/fodurlandid.is\\\/#\\\/schema\\\/logo\\\/image\\\/\",\"url\":\"https:\\\/\\\/fodurlandid.is\\\/wp-content\\\/uploads\\\/2024\\\/05\\\/Fodurlandid.png\",\"contentUrl\":\"https:\\\/\\\/fodurlandid.is\\\/wp-content\\\/uploads\\\/2024\\\/05\\\/Fodurlandid.png\",\"width\":400,\"height\":293,\"caption\":\"Innflutnings, umbo\u00f0s- og dreifingara\u00f0ili\"},\"image\":{\"@id\":\"https:\\\/\\\/fodurlandid.is\\\/#\\\/schema\\\/logo\\\/image\\\/\"}}]}<\/script>\n<!-- \/ Yoast SEO Premium plugin. -->","yoast_head_json":{"title":"Apple Lightning breytistykki yfir \u00ed HDMI \u00e1samt Lightning tengi","description":"Tengi\u00f0 gerir \u00fe\u00e9r t.d. kleift a\u00f0 tengja iPhone e\u00f0a spjaldt\u00f6lvuna vi\u00f0 t.d. sj\u00f3nvarp e\u00f0a skj\u00e1varpa. \u00de\u00fa getur jafnvel spila\u00f0 t\u00f6lvuleiki \u00ed s\u00edmanum \u00e1 sj\u00f3nvarpi\u00f0","robots":{"index":"index","follow":"follow","max-snippet":"max-snippet:-1","max-image-preview":"max-image-preview:large","max-video-preview":"max-video-preview:-1"},"canonical":"https:\/\/fodurlandid.is\/vara\/s-h141\/","og_locale":"en_US","og_type":"article","og_title":"Apple Lightning breytistykki yfir \u00ed HDMI \u00e1samt Lightning tengi","og_description":"Tengi\u00f0 gerir \u00fe\u00e9r t.d. kleift a\u00f0 tengja iPhone e\u00f0a spjaldt\u00f6lvuna vi\u00f0 t.d. sj\u00f3nvarp e\u00f0a skj\u00e1varpa. \u00de\u00fa getur jafnvel spila\u00f0 t\u00f6lvuleiki \u00ed s\u00edmanum \u00e1 sj\u00f3nvarpi\u00f0","og_url":"https:\/\/fodurlandid.is\/vara\/s-h141\/","og_site_name":"F&ouml;&eth;urlandi&eth; heildsala","article_modified_time":"2026-02-15T17:29:28+00:00","og_image":[{"width":600,"height":600,"url":"https:\/\/fodurlandid.is\/wp-content\/uploads\/2025\/07\/S-H141.jpg","type":"image\/jpeg"}],"twitter_card":"summary_large_image","twitter_misc":{"Est. reading time":"1 minute"},"schema":{"@context":"https:\/\/schema.org","@graph":[{"@type":"WebPage","@id":"https:\/\/fodurlandid.is\/vara\/s-h141\/","url":"https:\/\/fodurlandid.is\/vara\/s-h141\/","name":"Apple Lightning breytistykki yfir \u00ed HDMI \u00e1samt Lightning tengi","isPartOf":{"@id":"https:\/\/fodurlandid.is\/#website"},"primaryImageOfPage":{"@id":"https:\/\/fodurlandid.is\/vara\/s-h141\/#primaryimage"},"image":{"@id":"https:\/\/fodurlandid.is\/vara\/s-h141\/#primaryimage"},"thumbnailUrl":"https:\/\/fodurlandid.is\/wp-content\/uploads\/2025\/07\/S-H141.jpg","datePublished":"2025-07-22T08:38:39+00:00","dateModified":"2026-02-15T17:29:28+00:00","description":"Tengi\u00f0 gerir \u00fe\u00e9r t.d. kleift a\u00f0 tengja iPhone e\u00f0a spjaldt\u00f6lvuna vi\u00f0 t.d. sj\u00f3nvarp e\u00f0a skj\u00e1varpa. \u00de\u00fa getur jafnvel spila\u00f0 t\u00f6lvuleiki \u00ed s\u00edmanum \u00e1 sj\u00f3nvarpi\u00f0","breadcrumb":{"@id":"https:\/\/fodurlandid.is\/vara\/s-h141\/#breadcrumb"},"inLanguage":"en-US","potentialAction":[{"@type":"ReadAction","target":["https:\/\/fodurlandid.is\/vara\/s-h141\/"]}]},{"@type":"ImageObject","inLanguage":"en-US","@id":"https:\/\/fodurlandid.is\/vara\/s-h141\/#primaryimage","url":"https:\/\/fodurlandid.is\/wp-content\/uploads\/2025\/07\/S-H141.jpg","contentUrl":"https:\/\/fodurlandid.is\/wp-content\/uploads\/2025\/07\/S-H141.jpg","width":600,"height":600},{"@type":"BreadcrumbList","@id":"https:\/\/fodurlandid.is\/vara\/s-h141\/#breadcrumb","itemListElement":[{"@type":"ListItem","position":1,"name":"Home","item":"https:\/\/fodurlandid.is\/"},{"@type":"ListItem","position":2,"name":"Shop","item":"https:\/\/www.vorulagerinn.is\/heildsala\/en\/shop\/"},{"@type":"ListItem","position":3,"name":"Apple Lightning breytistykki yfir \u00ed HDMI \u00e1samt Lightning tengi"}]},{"@type":"WebSite","@id":"https:\/\/fodurlandid.is\/#website","url":"https:\/\/fodurlandid.is\/","name":"F\u00f6\u00f0urlandi\u00f0 ehf, heildsala","description":"Innflutnings, umbo&eth;s- og dreifingara&eth;ili","publisher":{"@id":"https:\/\/fodurlandid.is\/#organization"},"alternateName":"Innflutnings, umbo\u00f0s- og dreifingara\u00f0ili","potentialAction":[{"@type":"SearchAction","target":{"@type":"EntryPoint","urlTemplate":"https:\/\/fodurlandid.is\/?s={search_term_string}"},"query-input":{"@type":"PropertyValueSpecification","valueRequired":true,"valueName":"search_term_string"}}],"inLanguage":"en-US"},{"@type":"Organization","@id":"https:\/\/fodurlandid.is\/#organization","name":"Innflutnings, umbo\u00f0s- og dreifingara\u00f0ili","url":"https:\/\/fodurlandid.is\/","logo":{"@type":"ImageObject","inLanguage":"en-US","@id":"https:\/\/fodurlandid.is\/#\/schema\/logo\/image\/","url":"https:\/\/fodurlandid.is\/wp-content\/uploads\/2024\/05\/Fodurlandid.png","contentUrl":"https:\/\/fodurlandid.is\/wp-content\/uploads\/2024\/05\/Fodurlandid.png","width":400,"height":293,"caption":"Innflutnings, umbo\u00f0s- og dreifingara\u00f0ili"},"image":{"@id":"https:\/\/fodurlandid.is\/#\/schema\/logo\/image\/"}}]}},"_links":{"self":[{"href":"https:\/\/fodurlandid.is\/en\/wp-json\/wp\/v2\/product\/24501","targetHints":{"allow":["GET"]}}],"collection":[{"href":"https:\/\/fodurlandid.is\/en\/wp-json\/wp\/v2\/product"}],"about":[{"href":"https:\/\/fodurlandid.is\/en\/wp-json\/wp\/v2\/types\/product"}],"wp:featuredmedia":[{"embeddable":true,"href":"https:\/\/fodurlandid.is\/en\/wp-json\/wp\/v2\/media\/24504"}],"wp:attachment":[{"href":"https:\/\/fodurlandid.is\/en\/wp-json\/wp\/v2\/media?parent=24501"}],"wp:term":[{"taxonomy":"product_brand","embeddable":true,"href":"https:\/\/fodurlandid.is\/en\/wp-json\/wp\/v2\/product_brand?post=24501"},{"taxonomy":"product_cat","embeddable":true,"href":"https:\/\/fodurlandid.is\/en\/wp-json\/wp\/v2\/product_cat?post=24501"},{"taxonomy":"product_tag","embeddable":true,"href":"https:\/\/fodurlandid.is\/en\/wp-json\/wp\/v2\/product_tag?post=24501"}],"curies":[{"name":"wp","href":"https:\/\/api.w.org\/{rel}","templated":true}]}}