{"id":24482,"date":"2025-07-20T11:31:39","date_gmt":"2025-07-20T11:31:39","guid":{"rendered":"https:\/\/fodurlandid.is\/?post_type=product&#038;p=24482"},"modified":"2025-09-30T10:13:14","modified_gmt":"2025-09-30T10:13:14","slug":"jr-tcf08eu","status":"publish","type":"product","link":"https:\/\/fodurlandid.is\/en\/product\/jr-tcf08eu\/","title":{"rendered":"30W hle\u00f0slut\u00e6ki me\u00f0 USB-A og USB-C tengi"},"content":{"rendered":"<div style=\"width: 540px;\" class=\"wp-video\"><video class=\"wp-video-shortcode\" id=\"video-24482-1\" width=\"540\" height=\"720\" preload=\"metadata\" controls=\"controls\"><source type=\"video\/mp4\" src=\"https:\/\/fodurlandid.is\/wp-content\/uploads\/2025\/07\/JR-TCF08EU.mp4?_=1\" \/><a href=\"https:\/\/fodurlandid.is\/wp-content\/uploads\/2025\/07\/JR-TCF08EU.mp4\">https:\/\/fodurlandid.is\/wp-content\/uploads\/2025\/07\/JR-TCF08EU.mp4<\/a><\/video><\/div>\n","protected":false},"excerpt":{"rendered":"<p>30W hra\u00f0hle\u00f0slut\u00e6ki me\u00f0 USB-A og USB-C tengjum sem h\u00e6gt er a\u00f0 nota samt\u00edmis. Virkar b\u00e6\u00f0i fyrir Apple og Android t\u00e6ki.<\/p>\n<p>\u2013 Sj\u00e1 myndband af v\u00f6ru a\u00f0 ne\u00f0an<br \/>\n\u2013 Litur: Svartur<br \/>\n\u2013 USB-A &amp; USB-C hle\u00f0slutengi<br \/>\n\u2013 Efni: PC<br \/>\n\u2013 Vottun: CE, ROHS &amp; FC<\/p>\n","protected":false},"featured_media":24483,"template":"","meta":[],"product_brand":[390],"product_cat":[413],"product_tag":[],"class_list":{"0":"post-24482","1":"product","2":"type-product","3":"status-publish","4":"has-post-thumbnail","6":"product_brand-joyroom","7":"product_cat-usb-hledslutaeki","9":"first","10":"instock","11":"taxable","12":"shipping-taxable","13":"product-type-simple"},"yoast_head":"<!-- This site is optimized with the Yoast SEO Premium plugin v21.5 (Yoast SEO v27.3) - https:\/\/yoast.com\/product\/yoast-seo-premium-wordpress\/ -->\n<title>30W hle\u00f0slut\u00e6ki me\u00f0 USB-A og USB-C tengi<\/title>\n<meta name=\"description\" content=\"30W hra\u00f0hle\u00f0slut\u00e6ki fr\u00e1 Joyroom me\u00f0 USB-A og USB-C tengjum sem h\u00e6gt er a\u00f0 nota samt\u00edmis. Virkar b\u00e6\u00f0i fyrir Apple og Android t\u00e6ki.\u00a0\" \/>\n<meta name=\"robots\" content=\"index, follow, max-snippet:-1, max-image-preview:large, max-video-preview:-1\" \/>\n<link rel=\"canonical\" href=\"https:\/\/fodurlandid.is\/vara\/jr-tcf08eu\/\" \/>\n<meta property=\"og:locale\" content=\"en_US\" \/>\n<meta property=\"og:type\" content=\"article\" \/>\n<meta property=\"og:title\" content=\"30W hle\u00f0slut\u00e6ki me\u00f0 USB-A og USB-C tengi\" \/>\n<meta property=\"og:description\" content=\"30W hra\u00f0hle\u00f0slut\u00e6ki fr\u00e1 Joyroom me\u00f0 USB-A og USB-C tengjum sem h\u00e6gt er a\u00f0 nota samt\u00edmis. Virkar b\u00e6\u00f0i fyrir Apple og Android t\u00e6ki.\u00a0\" \/>\n<meta property=\"og:url\" content=\"https:\/\/fodurlandid.is\/vara\/jr-tcf08eu\/\" \/>\n<meta property=\"og:site_name\" content=\"F&ouml;&eth;urlandi&eth; heildsala\" \/>\n<meta property=\"article:modified_time\" content=\"2025-09-30T10:13:14+00:00\" \/>\n<meta property=\"og:image\" content=\"https:\/\/fodurlandid.is\/wp-content\/uploads\/2025\/07\/Hradhledslukubbur-40W-USB-A-og-USB-C-tengi-Photoroom.jpg\" \/>\n\t<meta property=\"og:image:width\" content=\"600\" \/>\n\t<meta property=\"og:image:height\" content=\"600\" \/>\n\t<meta property=\"og:image:type\" content=\"image\/jpeg\" \/>\n<meta name=\"twitter:card\" content=\"summary_large_image\" \/>\n<meta name=\"twitter:label1\" content=\"Est. reading time\" \/>\n\t<meta name=\"twitter:data1\" content=\"1 minute\" \/>\n<script type=\"application\/ld+json\" class=\"yoast-schema-graph\">{\"@context\":\"https:\\\/\\\/schema.org\",\"@graph\":[{\"@type\":\"WebPage\",\"@id\":\"https:\\\/\\\/fodurlandid.is\\\/vara\\\/jr-tcf08eu\\\/\",\"url\":\"https:\\\/\\\/fodurlandid.is\\\/vara\\\/jr-tcf08eu\\\/\",\"name\":\"30W hle\u00f0slut\u00e6ki me\u00f0 USB-A og USB-C tengi\",\"isPartOf\":{\"@id\":\"https:\\\/\\\/fodurlandid.is\\\/#website\"},\"primaryImageOfPage\":{\"@id\":\"https:\\\/\\\/fodurlandid.is\\\/vara\\\/jr-tcf08eu\\\/#primaryimage\"},\"image\":{\"@id\":\"https:\\\/\\\/fodurlandid.is\\\/vara\\\/jr-tcf08eu\\\/#primaryimage\"},\"thumbnailUrl\":\"https:\\\/\\\/fodurlandid.is\\\/wp-content\\\/uploads\\\/2025\\\/07\\\/Hradhledslukubbur-40W-USB-A-og-USB-C-tengi-Photoroom.jpg\",\"datePublished\":\"2025-07-20T11:31:39+00:00\",\"dateModified\":\"2025-09-30T10:13:14+00:00\",\"description\":\"30W hra\u00f0hle\u00f0slut\u00e6ki fr\u00e1 Joyroom me\u00f0 USB-A og USB-C tengjum sem h\u00e6gt er a\u00f0 nota samt\u00edmis. Virkar b\u00e6\u00f0i fyrir Apple og Android t\u00e6ki.\u00a0\",\"breadcrumb\":{\"@id\":\"https:\\\/\\\/fodurlandid.is\\\/vara\\\/jr-tcf08eu\\\/#breadcrumb\"},\"inLanguage\":\"en-US\",\"potentialAction\":[{\"@type\":\"ReadAction\",\"target\":[\"https:\\\/\\\/fodurlandid.is\\\/vara\\\/jr-tcf08eu\\\/\"]}]},{\"@type\":\"ImageObject\",\"inLanguage\":\"en-US\",\"@id\":\"https:\\\/\\\/fodurlandid.is\\\/vara\\\/jr-tcf08eu\\\/#primaryimage\",\"url\":\"https:\\\/\\\/fodurlandid.is\\\/wp-content\\\/uploads\\\/2025\\\/07\\\/Hradhledslukubbur-40W-USB-A-og-USB-C-tengi-Photoroom.jpg\",\"contentUrl\":\"https:\\\/\\\/fodurlandid.is\\\/wp-content\\\/uploads\\\/2025\\\/07\\\/Hradhledslukubbur-40W-USB-A-og-USB-C-tengi-Photoroom.jpg\",\"width\":600,\"height\":600},{\"@type\":\"BreadcrumbList\",\"@id\":\"https:\\\/\\\/fodurlandid.is\\\/vara\\\/jr-tcf08eu\\\/#breadcrumb\",\"itemListElement\":[{\"@type\":\"ListItem\",\"position\":1,\"name\":\"Home\",\"item\":\"https:\\\/\\\/fodurlandid.is\\\/\"},{\"@type\":\"ListItem\",\"position\":2,\"name\":\"Shop\",\"item\":\"https:\\\/\\\/www.vorulagerinn.is\\\/heildsala\\\/en\\\/shop\\\/\"},{\"@type\":\"ListItem\",\"position\":3,\"name\":\"30W hle\u00f0slut\u00e6ki me\u00f0 USB-A og USB-C tengi\"}]},{\"@type\":\"WebSite\",\"@id\":\"https:\\\/\\\/fodurlandid.is\\\/#website\",\"url\":\"https:\\\/\\\/fodurlandid.is\\\/\",\"name\":\"F\u00f6\u00f0urlandi\u00f0 ehf, heildsala\",\"description\":\"Innflutnings, umbo&eth;s- og dreifingara&eth;ili\",\"publisher\":{\"@id\":\"https:\\\/\\\/fodurlandid.is\\\/#organization\"},\"alternateName\":\"Innflutnings, umbo\u00f0s- og dreifingara\u00f0ili\",\"potentialAction\":[{\"@type\":\"SearchAction\",\"target\":{\"@type\":\"EntryPoint\",\"urlTemplate\":\"https:\\\/\\\/fodurlandid.is\\\/?s={search_term_string}\"},\"query-input\":{\"@type\":\"PropertyValueSpecification\",\"valueRequired\":true,\"valueName\":\"search_term_string\"}}],\"inLanguage\":\"en-US\"},{\"@type\":\"Organization\",\"@id\":\"https:\\\/\\\/fodurlandid.is\\\/#organization\",\"name\":\"Innflutnings, umbo\u00f0s- og dreifingara\u00f0ili\",\"url\":\"https:\\\/\\\/fodurlandid.is\\\/\",\"logo\":{\"@type\":\"ImageObject\",\"inLanguage\":\"en-US\",\"@id\":\"https:\\\/\\\/fodurlandid.is\\\/#\\\/schema\\\/logo\\\/image\\\/\",\"url\":\"https:\\\/\\\/fodurlandid.is\\\/wp-content\\\/uploads\\\/2024\\\/05\\\/Fodurlandid.png\",\"contentUrl\":\"https:\\\/\\\/fodurlandid.is\\\/wp-content\\\/uploads\\\/2024\\\/05\\\/Fodurlandid.png\",\"width\":400,\"height\":293,\"caption\":\"Innflutnings, umbo\u00f0s- og dreifingara\u00f0ili\"},\"image\":{\"@id\":\"https:\\\/\\\/fodurlandid.is\\\/#\\\/schema\\\/logo\\\/image\\\/\"}}]}<\/script>\n<!-- \/ Yoast SEO Premium plugin. -->","yoast_head_json":{"title":"30W hle\u00f0slut\u00e6ki me\u00f0 USB-A og USB-C tengi","description":"30W hra\u00f0hle\u00f0slut\u00e6ki fr\u00e1 Joyroom me\u00f0 USB-A og USB-C tengjum sem h\u00e6gt er a\u00f0 nota samt\u00edmis. Virkar b\u00e6\u00f0i fyrir Apple og Android t\u00e6ki.\u00a0","robots":{"index":"index","follow":"follow","max-snippet":"max-snippet:-1","max-image-preview":"max-image-preview:large","max-video-preview":"max-video-preview:-1"},"canonical":"https:\/\/fodurlandid.is\/vara\/jr-tcf08eu\/","og_locale":"en_US","og_type":"article","og_title":"30W hle\u00f0slut\u00e6ki me\u00f0 USB-A og USB-C tengi","og_description":"30W hra\u00f0hle\u00f0slut\u00e6ki fr\u00e1 Joyroom me\u00f0 USB-A og USB-C tengjum sem h\u00e6gt er a\u00f0 nota samt\u00edmis. Virkar b\u00e6\u00f0i fyrir Apple og Android t\u00e6ki.\u00a0","og_url":"https:\/\/fodurlandid.is\/vara\/jr-tcf08eu\/","og_site_name":"F&ouml;&eth;urlandi&eth; heildsala","article_modified_time":"2025-09-30T10:13:14+00:00","og_image":[{"width":600,"height":600,"url":"https:\/\/fodurlandid.is\/wp-content\/uploads\/2025\/07\/Hradhledslukubbur-40W-USB-A-og-USB-C-tengi-Photoroom.jpg","type":"image\/jpeg"}],"twitter_card":"summary_large_image","twitter_misc":{"Est. reading time":"1 minute"},"schema":{"@context":"https:\/\/schema.org","@graph":[{"@type":"WebPage","@id":"https:\/\/fodurlandid.is\/vara\/jr-tcf08eu\/","url":"https:\/\/fodurlandid.is\/vara\/jr-tcf08eu\/","name":"30W hle\u00f0slut\u00e6ki me\u00f0 USB-A og USB-C tengi","isPartOf":{"@id":"https:\/\/fodurlandid.is\/#website"},"primaryImageOfPage":{"@id":"https:\/\/fodurlandid.is\/vara\/jr-tcf08eu\/#primaryimage"},"image":{"@id":"https:\/\/fodurlandid.is\/vara\/jr-tcf08eu\/#primaryimage"},"thumbnailUrl":"https:\/\/fodurlandid.is\/wp-content\/uploads\/2025\/07\/Hradhledslukubbur-40W-USB-A-og-USB-C-tengi-Photoroom.jpg","datePublished":"2025-07-20T11:31:39+00:00","dateModified":"2025-09-30T10:13:14+00:00","description":"30W hra\u00f0hle\u00f0slut\u00e6ki fr\u00e1 Joyroom me\u00f0 USB-A og USB-C tengjum sem h\u00e6gt er a\u00f0 nota samt\u00edmis. Virkar b\u00e6\u00f0i fyrir Apple og Android t\u00e6ki.\u00a0","breadcrumb":{"@id":"https:\/\/fodurlandid.is\/vara\/jr-tcf08eu\/#breadcrumb"},"inLanguage":"en-US","potentialAction":[{"@type":"ReadAction","target":["https:\/\/fodurlandid.is\/vara\/jr-tcf08eu\/"]}]},{"@type":"ImageObject","inLanguage":"en-US","@id":"https:\/\/fodurlandid.is\/vara\/jr-tcf08eu\/#primaryimage","url":"https:\/\/fodurlandid.is\/wp-content\/uploads\/2025\/07\/Hradhledslukubbur-40W-USB-A-og-USB-C-tengi-Photoroom.jpg","contentUrl":"https:\/\/fodurlandid.is\/wp-content\/uploads\/2025\/07\/Hradhledslukubbur-40W-USB-A-og-USB-C-tengi-Photoroom.jpg","width":600,"height":600},{"@type":"BreadcrumbList","@id":"https:\/\/fodurlandid.is\/vara\/jr-tcf08eu\/#breadcrumb","itemListElement":[{"@type":"ListItem","position":1,"name":"Home","item":"https:\/\/fodurlandid.is\/"},{"@type":"ListItem","position":2,"name":"Shop","item":"https:\/\/www.vorulagerinn.is\/heildsala\/en\/shop\/"},{"@type":"ListItem","position":3,"name":"30W hle\u00f0slut\u00e6ki me\u00f0 USB-A og USB-C tengi"}]},{"@type":"WebSite","@id":"https:\/\/fodurlandid.is\/#website","url":"https:\/\/fodurlandid.is\/","name":"F\u00f6\u00f0urlandi\u00f0 ehf, heildsala","description":"Innflutnings, umbo&eth;s- og dreifingara&eth;ili","publisher":{"@id":"https:\/\/fodurlandid.is\/#organization"},"alternateName":"Innflutnings, umbo\u00f0s- og dreifingara\u00f0ili","potentialAction":[{"@type":"SearchAction","target":{"@type":"EntryPoint","urlTemplate":"https:\/\/fodurlandid.is\/?s={search_term_string}"},"query-input":{"@type":"PropertyValueSpecification","valueRequired":true,"valueName":"search_term_string"}}],"inLanguage":"en-US"},{"@type":"Organization","@id":"https:\/\/fodurlandid.is\/#organization","name":"Innflutnings, umbo\u00f0s- og dreifingara\u00f0ili","url":"https:\/\/fodurlandid.is\/","logo":{"@type":"ImageObject","inLanguage":"en-US","@id":"https:\/\/fodurlandid.is\/#\/schema\/logo\/image\/","url":"https:\/\/fodurlandid.is\/wp-content\/uploads\/2024\/05\/Fodurlandid.png","contentUrl":"https:\/\/fodurlandid.is\/wp-content\/uploads\/2024\/05\/Fodurlandid.png","width":400,"height":293,"caption":"Innflutnings, umbo\u00f0s- og dreifingara\u00f0ili"},"image":{"@id":"https:\/\/fodurlandid.is\/#\/schema\/logo\/image\/"}}]}},"_links":{"self":[{"href":"https:\/\/fodurlandid.is\/en\/wp-json\/wp\/v2\/product\/24482","targetHints":{"allow":["GET"]}}],"collection":[{"href":"https:\/\/fodurlandid.is\/en\/wp-json\/wp\/v2\/product"}],"about":[{"href":"https:\/\/fodurlandid.is\/en\/wp-json\/wp\/v2\/types\/product"}],"wp:featuredmedia":[{"embeddable":true,"href":"https:\/\/fodurlandid.is\/en\/wp-json\/wp\/v2\/media\/24483"}],"wp:attachment":[{"href":"https:\/\/fodurlandid.is\/en\/wp-json\/wp\/v2\/media?parent=24482"}],"wp:term":[{"taxonomy":"product_brand","embeddable":true,"href":"https:\/\/fodurlandid.is\/en\/wp-json\/wp\/v2\/product_brand?post=24482"},{"taxonomy":"product_cat","embeddable":true,"href":"https:\/\/fodurlandid.is\/en\/wp-json\/wp\/v2\/product_cat?post=24482"},{"taxonomy":"product_tag","embeddable":true,"href":"https:\/\/fodurlandid.is\/en\/wp-json\/wp\/v2\/product_tag?post=24482"}],"curies":[{"name":"wp","href":"https:\/\/api.w.org\/{rel}","templated":true}]}}