{"id":24473,"date":"2025-07-20T11:06:52","date_gmt":"2025-07-20T11:06:52","guid":{"rendered":"https:\/\/fodurlandid.is\/?post_type=product&#038;p=24473"},"modified":"2026-02-15T19:16:44","modified_gmt":"2026-02-15T19:16:44","slug":"jr-tcf09eu","status":"publish","type":"product","link":"https:\/\/fodurlandid.is\/en\/product\/jr-tcf09eu\/","title":{"rendered":"40W hle\u00f0slut\u00e6ki me\u00f0 tveimur USB-C tengjum"},"content":{"rendered":"","protected":false},"excerpt":{"rendered":"<p>Hra\u00f0hle\u00f0slut\u00e6ki\u00f0 er 40W me\u00f0 tveimur USB-C tengjum sem h\u00e6gt er a\u00f0 nota samt\u00edmis. Hle\u00f0slut\u00e6ki\u00f0 hle\u00f0ur fer\u00f0av\u00e9lar, snjalls\u00edma, spjaldt\u00f6lvur, AirPods, headphones, Apple Watch og hle\u00f0slubanka hra\u00f0ar en hef\u00f0bundin hle\u00f0slut\u00e6ki. Virkar jafnt \u00e1 Apple og Android t\u00e6ki.<\/p>\n<p>\u2013 Litur: Svartur<br \/>\n\u2013 St\u00e6r\u00f0: 4,7x 3 x 8,95 cm<br \/>\n\u2013 \u00deyngd: 93g<br \/>\n\u2013 Efni: PC<br \/>\n\u2013 Tengi: 2x USB-C<br \/>\n\u2013 Inn: AC 100-240V~50\/60Hz, 0.8A (Max)<br \/>\n\u2013 \u00dat-1 Output: 5V = 3A, 9V = 2.22A, 12V = 1.67A, 20W<br \/>\n\u2013 \u00dat-2 Output: 5V = 3A, 9V = 2.22A, 12V = 1.67A, 20W<br \/>\n\u2013 Vottun: CE, ROHS og FC<\/p>\n","protected":false},"featured_media":24478,"template":"","meta":[],"product_brand":[390],"product_cat":[413],"product_tag":[],"class_list":{"0":"post-24473","1":"product","2":"type-product","3":"status-publish","4":"has-post-thumbnail","6":"product_brand-joyroom","7":"product_cat-usb-hledslutaeki","9":"first","10":"instock","11":"taxable","12":"shipping-taxable","13":"product-type-simple"},"yoast_head":"<!-- This site is optimized with the Yoast SEO Premium plugin v21.5 (Yoast SEO v27.4) - https:\/\/yoast.com\/product\/yoast-seo-premium-wordpress\/ -->\n<title>40W hle\u00f0slut\u00e6ki me\u00f0 tveimur USB-C tengjum<\/title>\n<meta name=\"description\" content=\"H\u00e1hra\u00f0a 40W hra\u00f0hle\u00f0slut\u00e6ki me\u00f0 tveimur tengjum sem h\u00e6gt er a\u00f0 nota til a\u00f0 hla\u00f0a snjallt\u00e6kin samt\u00edmis. Virkar jafnt \u00e1 Apple og Android t\u00e6kjum.\" \/>\n<meta name=\"robots\" content=\"index, follow, max-snippet:-1, max-image-preview:large, max-video-preview:-1\" \/>\n<link rel=\"canonical\" href=\"https:\/\/fodurlandid.is\/vara\/jr-tcf09eu\/\" \/>\n<meta property=\"og:locale\" content=\"en_US\" \/>\n<meta property=\"og:type\" content=\"article\" \/>\n<meta property=\"og:title\" content=\"40W hle\u00f0slut\u00e6ki me\u00f0 tveimur USB-C tengjum\" \/>\n<meta property=\"og:description\" content=\"H\u00e1hra\u00f0a 40W hra\u00f0hle\u00f0slut\u00e6ki me\u00f0 tveimur tengjum sem h\u00e6gt er a\u00f0 nota til a\u00f0 hla\u00f0a snjallt\u00e6kin samt\u00edmis. Virkar jafnt \u00e1 Apple og Android t\u00e6kjum.\" \/>\n<meta property=\"og:url\" content=\"https:\/\/fodurlandid.is\/vara\/jr-tcf09eu\/\" \/>\n<meta property=\"og:site_name\" content=\"F&ouml;&eth;urlandi&eth; heildsala\" \/>\n<meta property=\"article:modified_time\" content=\"2026-02-15T19:16:44+00:00\" \/>\n<meta property=\"og:image\" content=\"https:\/\/fodurlandid.is\/wp-content\/uploads\/2025\/07\/JR-TCF09EU-1.jpg\" \/>\n\t<meta property=\"og:image:width\" content=\"600\" \/>\n\t<meta property=\"og:image:height\" content=\"600\" \/>\n\t<meta property=\"og:image:type\" content=\"image\/jpeg\" \/>\n<meta name=\"twitter:card\" content=\"summary_large_image\" \/>\n<meta name=\"twitter:label1\" content=\"Est. reading time\" \/>\n\t<meta name=\"twitter:data1\" content=\"1 minute\" \/>\n<script type=\"application\/ld+json\" class=\"yoast-schema-graph\">{\"@context\":\"https:\\\/\\\/schema.org\",\"@graph\":[{\"@type\":\"WebPage\",\"@id\":\"https:\\\/\\\/fodurlandid.is\\\/vara\\\/jr-tcf09eu\\\/\",\"url\":\"https:\\\/\\\/fodurlandid.is\\\/vara\\\/jr-tcf09eu\\\/\",\"name\":\"40W hle\u00f0slut\u00e6ki me\u00f0 tveimur USB-C tengjum\",\"isPartOf\":{\"@id\":\"https:\\\/\\\/fodurlandid.is\\\/#website\"},\"primaryImageOfPage\":{\"@id\":\"https:\\\/\\\/fodurlandid.is\\\/vara\\\/jr-tcf09eu\\\/#primaryimage\"},\"image\":{\"@id\":\"https:\\\/\\\/fodurlandid.is\\\/vara\\\/jr-tcf09eu\\\/#primaryimage\"},\"thumbnailUrl\":\"https:\\\/\\\/fodurlandid.is\\\/wp-content\\\/uploads\\\/2025\\\/07\\\/JR-TCF09EU-1.jpg\",\"datePublished\":\"2025-07-20T11:06:52+00:00\",\"dateModified\":\"2026-02-15T19:16:44+00:00\",\"description\":\"H\u00e1hra\u00f0a 40W hra\u00f0hle\u00f0slut\u00e6ki me\u00f0 tveimur tengjum sem h\u00e6gt er a\u00f0 nota til a\u00f0 hla\u00f0a snjallt\u00e6kin samt\u00edmis. Virkar jafnt \u00e1 Apple og Android t\u00e6kjum.\",\"breadcrumb\":{\"@id\":\"https:\\\/\\\/fodurlandid.is\\\/vara\\\/jr-tcf09eu\\\/#breadcrumb\"},\"inLanguage\":\"en-US\",\"potentialAction\":[{\"@type\":\"ReadAction\",\"target\":[\"https:\\\/\\\/fodurlandid.is\\\/vara\\\/jr-tcf09eu\\\/\"]}]},{\"@type\":\"ImageObject\",\"inLanguage\":\"en-US\",\"@id\":\"https:\\\/\\\/fodurlandid.is\\\/vara\\\/jr-tcf09eu\\\/#primaryimage\",\"url\":\"https:\\\/\\\/fodurlandid.is\\\/wp-content\\\/uploads\\\/2025\\\/07\\\/JR-TCF09EU-1.jpg\",\"contentUrl\":\"https:\\\/\\\/fodurlandid.is\\\/wp-content\\\/uploads\\\/2025\\\/07\\\/JR-TCF09EU-1.jpg\",\"width\":600,\"height\":600},{\"@type\":\"BreadcrumbList\",\"@id\":\"https:\\\/\\\/fodurlandid.is\\\/vara\\\/jr-tcf09eu\\\/#breadcrumb\",\"itemListElement\":[{\"@type\":\"ListItem\",\"position\":1,\"name\":\"Home\",\"item\":\"https:\\\/\\\/fodurlandid.is\\\/\"},{\"@type\":\"ListItem\",\"position\":2,\"name\":\"Shop\",\"item\":\"https:\\\/\\\/www.vorulagerinn.is\\\/heildsala\\\/en\\\/shop\\\/\"},{\"@type\":\"ListItem\",\"position\":3,\"name\":\"40W hle\u00f0slut\u00e6ki me\u00f0 tveimur USB-C tengjum\"}]},{\"@type\":\"WebSite\",\"@id\":\"https:\\\/\\\/fodurlandid.is\\\/#website\",\"url\":\"https:\\\/\\\/fodurlandid.is\\\/\",\"name\":\"F\u00f6\u00f0urlandi\u00f0 ehf, heildsala\",\"description\":\"Innflutnings, umbo&eth;s- og dreifingara&eth;ili\",\"publisher\":{\"@id\":\"https:\\\/\\\/fodurlandid.is\\\/#organization\"},\"alternateName\":\"Innflutnings, umbo\u00f0s- og dreifingara\u00f0ili\",\"potentialAction\":[{\"@type\":\"SearchAction\",\"target\":{\"@type\":\"EntryPoint\",\"urlTemplate\":\"https:\\\/\\\/fodurlandid.is\\\/?s={search_term_string}\"},\"query-input\":{\"@type\":\"PropertyValueSpecification\",\"valueRequired\":true,\"valueName\":\"search_term_string\"}}],\"inLanguage\":\"en-US\"},{\"@type\":\"Organization\",\"@id\":\"https:\\\/\\\/fodurlandid.is\\\/#organization\",\"name\":\"Innflutnings, umbo\u00f0s- og dreifingara\u00f0ili\",\"url\":\"https:\\\/\\\/fodurlandid.is\\\/\",\"logo\":{\"@type\":\"ImageObject\",\"inLanguage\":\"en-US\",\"@id\":\"https:\\\/\\\/fodurlandid.is\\\/#\\\/schema\\\/logo\\\/image\\\/\",\"url\":\"https:\\\/\\\/fodurlandid.is\\\/wp-content\\\/uploads\\\/2024\\\/05\\\/Fodurlandid.png\",\"contentUrl\":\"https:\\\/\\\/fodurlandid.is\\\/wp-content\\\/uploads\\\/2024\\\/05\\\/Fodurlandid.png\",\"width\":400,\"height\":293,\"caption\":\"Innflutnings, umbo\u00f0s- og dreifingara\u00f0ili\"},\"image\":{\"@id\":\"https:\\\/\\\/fodurlandid.is\\\/#\\\/schema\\\/logo\\\/image\\\/\"}}]}<\/script>\n<!-- \/ Yoast SEO Premium plugin. -->","yoast_head_json":{"title":"40W hle\u00f0slut\u00e6ki me\u00f0 tveimur USB-C tengjum","description":"H\u00e1hra\u00f0a 40W hra\u00f0hle\u00f0slut\u00e6ki me\u00f0 tveimur tengjum sem h\u00e6gt er a\u00f0 nota til a\u00f0 hla\u00f0a snjallt\u00e6kin samt\u00edmis. Virkar jafnt \u00e1 Apple og Android t\u00e6kjum.","robots":{"index":"index","follow":"follow","max-snippet":"max-snippet:-1","max-image-preview":"max-image-preview:large","max-video-preview":"max-video-preview:-1"},"canonical":"https:\/\/fodurlandid.is\/vara\/jr-tcf09eu\/","og_locale":"en_US","og_type":"article","og_title":"40W hle\u00f0slut\u00e6ki me\u00f0 tveimur USB-C tengjum","og_description":"H\u00e1hra\u00f0a 40W hra\u00f0hle\u00f0slut\u00e6ki me\u00f0 tveimur tengjum sem h\u00e6gt er a\u00f0 nota til a\u00f0 hla\u00f0a snjallt\u00e6kin samt\u00edmis. Virkar jafnt \u00e1 Apple og Android t\u00e6kjum.","og_url":"https:\/\/fodurlandid.is\/vara\/jr-tcf09eu\/","og_site_name":"F&ouml;&eth;urlandi&eth; heildsala","article_modified_time":"2026-02-15T19:16:44+00:00","og_image":[{"width":600,"height":600,"url":"https:\/\/fodurlandid.is\/wp-content\/uploads\/2025\/07\/JR-TCF09EU-1.jpg","type":"image\/jpeg"}],"twitter_card":"summary_large_image","twitter_misc":{"Est. reading time":"1 minute"},"schema":{"@context":"https:\/\/schema.org","@graph":[{"@type":"WebPage","@id":"https:\/\/fodurlandid.is\/vara\/jr-tcf09eu\/","url":"https:\/\/fodurlandid.is\/vara\/jr-tcf09eu\/","name":"40W hle\u00f0slut\u00e6ki me\u00f0 tveimur USB-C tengjum","isPartOf":{"@id":"https:\/\/fodurlandid.is\/#website"},"primaryImageOfPage":{"@id":"https:\/\/fodurlandid.is\/vara\/jr-tcf09eu\/#primaryimage"},"image":{"@id":"https:\/\/fodurlandid.is\/vara\/jr-tcf09eu\/#primaryimage"},"thumbnailUrl":"https:\/\/fodurlandid.is\/wp-content\/uploads\/2025\/07\/JR-TCF09EU-1.jpg","datePublished":"2025-07-20T11:06:52+00:00","dateModified":"2026-02-15T19:16:44+00:00","description":"H\u00e1hra\u00f0a 40W hra\u00f0hle\u00f0slut\u00e6ki me\u00f0 tveimur tengjum sem h\u00e6gt er a\u00f0 nota til a\u00f0 hla\u00f0a snjallt\u00e6kin samt\u00edmis. Virkar jafnt \u00e1 Apple og Android t\u00e6kjum.","breadcrumb":{"@id":"https:\/\/fodurlandid.is\/vara\/jr-tcf09eu\/#breadcrumb"},"inLanguage":"en-US","potentialAction":[{"@type":"ReadAction","target":["https:\/\/fodurlandid.is\/vara\/jr-tcf09eu\/"]}]},{"@type":"ImageObject","inLanguage":"en-US","@id":"https:\/\/fodurlandid.is\/vara\/jr-tcf09eu\/#primaryimage","url":"https:\/\/fodurlandid.is\/wp-content\/uploads\/2025\/07\/JR-TCF09EU-1.jpg","contentUrl":"https:\/\/fodurlandid.is\/wp-content\/uploads\/2025\/07\/JR-TCF09EU-1.jpg","width":600,"height":600},{"@type":"BreadcrumbList","@id":"https:\/\/fodurlandid.is\/vara\/jr-tcf09eu\/#breadcrumb","itemListElement":[{"@type":"ListItem","position":1,"name":"Home","item":"https:\/\/fodurlandid.is\/"},{"@type":"ListItem","position":2,"name":"Shop","item":"https:\/\/www.vorulagerinn.is\/heildsala\/en\/shop\/"},{"@type":"ListItem","position":3,"name":"40W hle\u00f0slut\u00e6ki me\u00f0 tveimur USB-C tengjum"}]},{"@type":"WebSite","@id":"https:\/\/fodurlandid.is\/#website","url":"https:\/\/fodurlandid.is\/","name":"F\u00f6\u00f0urlandi\u00f0 ehf, heildsala","description":"Innflutnings, umbo&eth;s- og dreifingara&eth;ili","publisher":{"@id":"https:\/\/fodurlandid.is\/#organization"},"alternateName":"Innflutnings, umbo\u00f0s- og dreifingara\u00f0ili","potentialAction":[{"@type":"SearchAction","target":{"@type":"EntryPoint","urlTemplate":"https:\/\/fodurlandid.is\/?s={search_term_string}"},"query-input":{"@type":"PropertyValueSpecification","valueRequired":true,"valueName":"search_term_string"}}],"inLanguage":"en-US"},{"@type":"Organization","@id":"https:\/\/fodurlandid.is\/#organization","name":"Innflutnings, umbo\u00f0s- og dreifingara\u00f0ili","url":"https:\/\/fodurlandid.is\/","logo":{"@type":"ImageObject","inLanguage":"en-US","@id":"https:\/\/fodurlandid.is\/#\/schema\/logo\/image\/","url":"https:\/\/fodurlandid.is\/wp-content\/uploads\/2024\/05\/Fodurlandid.png","contentUrl":"https:\/\/fodurlandid.is\/wp-content\/uploads\/2024\/05\/Fodurlandid.png","width":400,"height":293,"caption":"Innflutnings, umbo\u00f0s- og dreifingara\u00f0ili"},"image":{"@id":"https:\/\/fodurlandid.is\/#\/schema\/logo\/image\/"}}]}},"_links":{"self":[{"href":"https:\/\/fodurlandid.is\/en\/wp-json\/wp\/v2\/product\/24473","targetHints":{"allow":["GET"]}}],"collection":[{"href":"https:\/\/fodurlandid.is\/en\/wp-json\/wp\/v2\/product"}],"about":[{"href":"https:\/\/fodurlandid.is\/en\/wp-json\/wp\/v2\/types\/product"}],"wp:featuredmedia":[{"embeddable":true,"href":"https:\/\/fodurlandid.is\/en\/wp-json\/wp\/v2\/media\/24478"}],"wp:attachment":[{"href":"https:\/\/fodurlandid.is\/en\/wp-json\/wp\/v2\/media?parent=24473"}],"wp:term":[{"taxonomy":"product_brand","embeddable":true,"href":"https:\/\/fodurlandid.is\/en\/wp-json\/wp\/v2\/product_brand?post=24473"},{"taxonomy":"product_cat","embeddable":true,"href":"https:\/\/fodurlandid.is\/en\/wp-json\/wp\/v2\/product_cat?post=24473"},{"taxonomy":"product_tag","embeddable":true,"href":"https:\/\/fodurlandid.is\/en\/wp-json\/wp\/v2\/product_tag?post=24473"}],"curies":[{"name":"wp","href":"https:\/\/api.w.org\/{rel}","templated":true}]}}