{"id":24470,"date":"2025-07-19T20:08:06","date_gmt":"2025-07-19T20:08:06","guid":{"rendered":"https:\/\/fodurlandid.is\/?post_type=product&#038;p=24470"},"modified":"2026-02-25T13:08:23","modified_gmt":"2026-02-25T13:08:23","slug":"l-qp2011","status":"publish","type":"product","link":"https:\/\/fodurlandid.is\/en\/product\/l-qp2011\/","title":{"rendered":"20W hle\u00f0slut\u00e6ki me\u00f0 USB-A &#038; USB-C tengi \u00e1samt USB-C \u00ed Lightning hle\u00f0slusn\u00faru sem fylgir me\u00f0"},"content":{"rendered":"<p><strong>Feature:<\/strong><br \/>\n<strong>1.<\/strong> Fast charge iP 12\/13 at PD 20W and iP 8-11 at PD 18W, as well as iP pads.<br \/>\n<strong>2.<\/strong> Supports PD3.0, QC3.0, Samsung AFC, Huawei FCP fast charge protocols.<br \/>\n<strong>3.<\/strong> Dual output ports, fast charge two devices simultaneously.<br \/>\n<strong>4.<\/strong> Adopts highly fire-retardant PC material to ensure a safer charging.<br \/>\n<strong>5.<\/strong> Intelligent chip, harmless to battery, CCC\/CE\/FCC\/RoHS certifications passed, charging safety guaranteed.<\/p>\n<p><strong>Input:<\/strong> 100-240V~50\/60Hz, 0.6A<br \/>\n<strong>Output:<\/strong> PD output: 5V=3A 9V=2.22A 12V=1.67A QC3.0 output: 5V=3A 9V=2A 12V=1.5A Total output: 5V=3A<br \/>\n<strong>Maximum power:<\/strong> 20W<br \/>\n<strong>Material:<\/strong> Fireproof PC<\/p>\n","protected":false},"excerpt":{"rendered":"<p>20W hle\u00f0slut\u00e6ki me\u00f0 tveimur tengjum sem h\u00e6gt er a\u00f0 nota samt\u00edmis til a\u00f0 hla\u00f0a t.d. snjalls\u00edma, spjaldt\u00f6lvur, AirPods, headphones, Apple Watch og hle\u00f0slubanka hra\u00f0ar en hef\u00f0bundin hle\u00f0slut\u00e6ki. Kubburinn er minni en hef\u00f0bundinn kubbur og \u00fev\u00ed au\u00f0velt a\u00f0 stinga ofan \u00ed t\u00f6sku og taka me\u00f0 \u00ed fer\u00f0alagi\u00f0.<\/p>\n<p>1 meter USB-C \u00ed Lightning hle\u00f0slusn\u00fara fylgir me\u00f0.<\/p>\n<p>\u2013 Tengi: 1x USB-C og 1x USB-L<br \/>\n\u2013 Inn: 100-240V\/0.6A<br \/>\n\u2013 \u00dat: 5V=3A 9V=2.22A 12V=1.67A QC3.0 output: 5V=3A 9V=2A 12V=1.5A Total output: 5V=3A<br \/>\n\u2013 Max: 20W<br \/>\n\u2013 Litur: Svartur<br \/>\n\u2013 St\u00e6r\u00f0: 4,1 x 8,8 x 2,87 cm<br \/>\n\u2013 \u00deyngd: 52g<br \/>\n\u2013 Efni: PC fireproof<br \/>\n\u2013 Vottun: CE, ROHS og FCC<\/p>\n<p>N\u00e1nari uppl\u00fdsingar ne\u00f0ar \u00e1 \u00feessari s\u00ed\u00f0u.<\/p>\n","protected":false},"featured_media":24471,"template":"","meta":[],"product_brand":[390],"product_cat":[413],"product_tag":[],"class_list":{"0":"post-24470","1":"product","2":"type-product","3":"status-publish","4":"has-post-thumbnail","6":"product_brand-joyroom","7":"product_cat-usb-hledslutaeki","9":"first","10":"instock","11":"taxable","12":"shipping-taxable","13":"product-type-simple"},"yoast_head":"<!-- This site is optimized with the Yoast SEO Premium plugin v21.5 (Yoast SEO v27.3) - https:\/\/yoast.com\/product\/yoast-seo-premium-wordpress\/ -->\n<title>20W hle\u00f0slut\u00e6ki me\u00f0 USB-A &amp; USB-C hle\u00f0slutengi<\/title>\n<meta name=\"description\" content=\"USB-C \u00ed Lightning hle\u00f0slusn\u00fara fylgir me\u00f0. H\u00e6gt a\u00f0 hla\u00f0a 2 t\u00e6ki samt\u00edmis t.d. snjalls\u00edma, spjaldt\u00f6lvur, AirPods, headphones, Apple Watch o.fl.\" \/>\n<meta name=\"robots\" content=\"index, follow, max-snippet:-1, max-image-preview:large, max-video-preview:-1\" \/>\n<link rel=\"canonical\" href=\"https:\/\/fodurlandid.is\/vara\/l-qp2011\/\" \/>\n<meta property=\"og:locale\" content=\"en_US\" \/>\n<meta property=\"og:type\" content=\"article\" \/>\n<meta property=\"og:title\" content=\"20W hle\u00f0slut\u00e6ki me\u00f0 USB-A &amp; USB-C tengi \u00e1samt USB-C \u00ed Lightning hle\u00f0slusn\u00faru sem fylgir me\u00f0\" \/>\n<meta property=\"og:description\" content=\"USB-C \u00ed Lightning hle\u00f0slusn\u00fara fylgir me\u00f0. H\u00e6gt a\u00f0 hla\u00f0a 2 t\u00e6ki samt\u00edmis t.d. snjalls\u00edma, spjaldt\u00f6lvur, AirPods, headphones, Apple Watch o.fl.\" \/>\n<meta property=\"og:url\" content=\"https:\/\/fodurlandid.is\/vara\/l-qp2011\/\" \/>\n<meta property=\"og:site_name\" content=\"F&ouml;&eth;urlandi&eth; heildsala\" \/>\n<meta property=\"article:modified_time\" content=\"2026-02-25T13:08:23+00:00\" \/>\n<meta property=\"og:image\" content=\"https:\/\/fodurlandid.is\/wp-content\/uploads\/2025\/07\/L-QP2011.jpg\" \/>\n\t<meta property=\"og:image:width\" content=\"600\" \/>\n\t<meta property=\"og:image:height\" content=\"600\" \/>\n\t<meta property=\"og:image:type\" content=\"image\/jpeg\" \/>\n<meta name=\"twitter:card\" content=\"summary_large_image\" \/>\n<meta name=\"twitter:label1\" content=\"Est. reading time\" \/>\n\t<meta name=\"twitter:data1\" content=\"1 minute\" \/>\n<script type=\"application\/ld+json\" class=\"yoast-schema-graph\">{\"@context\":\"https:\\\/\\\/schema.org\",\"@graph\":[{\"@type\":\"WebPage\",\"@id\":\"https:\\\/\\\/fodurlandid.is\\\/vara\\\/l-qp2011\\\/\",\"url\":\"https:\\\/\\\/fodurlandid.is\\\/vara\\\/l-qp2011\\\/\",\"name\":\"20W hle\u00f0slut\u00e6ki me\u00f0 USB-A & USB-C hle\u00f0slutengi\",\"isPartOf\":{\"@id\":\"https:\\\/\\\/fodurlandid.is\\\/#website\"},\"primaryImageOfPage\":{\"@id\":\"https:\\\/\\\/fodurlandid.is\\\/vara\\\/l-qp2011\\\/#primaryimage\"},\"image\":{\"@id\":\"https:\\\/\\\/fodurlandid.is\\\/vara\\\/l-qp2011\\\/#primaryimage\"},\"thumbnailUrl\":\"https:\\\/\\\/fodurlandid.is\\\/wp-content\\\/uploads\\\/2025\\\/07\\\/L-QP2011.jpg\",\"datePublished\":\"2025-07-19T20:08:06+00:00\",\"dateModified\":\"2026-02-25T13:08:23+00:00\",\"description\":\"USB-C \u00ed Lightning hle\u00f0slusn\u00fara fylgir me\u00f0. H\u00e6gt a\u00f0 hla\u00f0a 2 t\u00e6ki samt\u00edmis t.d. snjalls\u00edma, spjaldt\u00f6lvur, AirPods, headphones, Apple Watch o.fl.\",\"breadcrumb\":{\"@id\":\"https:\\\/\\\/fodurlandid.is\\\/vara\\\/l-qp2011\\\/#breadcrumb\"},\"inLanguage\":\"en-US\",\"potentialAction\":[{\"@type\":\"ReadAction\",\"target\":[\"https:\\\/\\\/fodurlandid.is\\\/vara\\\/l-qp2011\\\/\"]}]},{\"@type\":\"ImageObject\",\"inLanguage\":\"en-US\",\"@id\":\"https:\\\/\\\/fodurlandid.is\\\/vara\\\/l-qp2011\\\/#primaryimage\",\"url\":\"https:\\\/\\\/fodurlandid.is\\\/wp-content\\\/uploads\\\/2025\\\/07\\\/L-QP2011.jpg\",\"contentUrl\":\"https:\\\/\\\/fodurlandid.is\\\/wp-content\\\/uploads\\\/2025\\\/07\\\/L-QP2011.jpg\",\"width\":600,\"height\":600},{\"@type\":\"BreadcrumbList\",\"@id\":\"https:\\\/\\\/fodurlandid.is\\\/vara\\\/l-qp2011\\\/#breadcrumb\",\"itemListElement\":[{\"@type\":\"ListItem\",\"position\":1,\"name\":\"Home\",\"item\":\"https:\\\/\\\/fodurlandid.is\\\/\"},{\"@type\":\"ListItem\",\"position\":2,\"name\":\"Shop\",\"item\":\"https:\\\/\\\/www.vorulagerinn.is\\\/heildsala\\\/en\\\/shop\\\/\"},{\"@type\":\"ListItem\",\"position\":3,\"name\":\"20W hle\u00f0slut\u00e6ki me\u00f0 USB-A &#038; USB-C tengi \u00e1samt USB-C \u00ed Lightning hle\u00f0slusn\u00faru sem fylgir me\u00f0\"}]},{\"@type\":\"WebSite\",\"@id\":\"https:\\\/\\\/fodurlandid.is\\\/#website\",\"url\":\"https:\\\/\\\/fodurlandid.is\\\/\",\"name\":\"F\u00f6\u00f0urlandi\u00f0 ehf, heildsala\",\"description\":\"Innflutnings, umbo&eth;s- og dreifingara&eth;ili\",\"publisher\":{\"@id\":\"https:\\\/\\\/fodurlandid.is\\\/#organization\"},\"alternateName\":\"Innflutnings, umbo\u00f0s- og dreifingara\u00f0ili\",\"potentialAction\":[{\"@type\":\"SearchAction\",\"target\":{\"@type\":\"EntryPoint\",\"urlTemplate\":\"https:\\\/\\\/fodurlandid.is\\\/?s={search_term_string}\"},\"query-input\":{\"@type\":\"PropertyValueSpecification\",\"valueRequired\":true,\"valueName\":\"search_term_string\"}}],\"inLanguage\":\"en-US\"},{\"@type\":\"Organization\",\"@id\":\"https:\\\/\\\/fodurlandid.is\\\/#organization\",\"name\":\"Innflutnings, umbo\u00f0s- og dreifingara\u00f0ili\",\"url\":\"https:\\\/\\\/fodurlandid.is\\\/\",\"logo\":{\"@type\":\"ImageObject\",\"inLanguage\":\"en-US\",\"@id\":\"https:\\\/\\\/fodurlandid.is\\\/#\\\/schema\\\/logo\\\/image\\\/\",\"url\":\"https:\\\/\\\/fodurlandid.is\\\/wp-content\\\/uploads\\\/2024\\\/05\\\/Fodurlandid.png\",\"contentUrl\":\"https:\\\/\\\/fodurlandid.is\\\/wp-content\\\/uploads\\\/2024\\\/05\\\/Fodurlandid.png\",\"width\":400,\"height\":293,\"caption\":\"Innflutnings, umbo\u00f0s- og dreifingara\u00f0ili\"},\"image\":{\"@id\":\"https:\\\/\\\/fodurlandid.is\\\/#\\\/schema\\\/logo\\\/image\\\/\"}}]}<\/script>\n<!-- \/ Yoast SEO Premium plugin. -->","yoast_head_json":{"title":"20W hle\u00f0slut\u00e6ki me\u00f0 USB-A & USB-C hle\u00f0slutengi","description":"USB-C \u00ed Lightning hle\u00f0slusn\u00fara fylgir me\u00f0. H\u00e6gt a\u00f0 hla\u00f0a 2 t\u00e6ki samt\u00edmis t.d. snjalls\u00edma, spjaldt\u00f6lvur, AirPods, headphones, Apple Watch o.fl.","robots":{"index":"index","follow":"follow","max-snippet":"max-snippet:-1","max-image-preview":"max-image-preview:large","max-video-preview":"max-video-preview:-1"},"canonical":"https:\/\/fodurlandid.is\/vara\/l-qp2011\/","og_locale":"en_US","og_type":"article","og_title":"20W hle\u00f0slut\u00e6ki me\u00f0 USB-A & USB-C tengi \u00e1samt USB-C \u00ed Lightning hle\u00f0slusn\u00faru sem fylgir me\u00f0","og_description":"USB-C \u00ed Lightning hle\u00f0slusn\u00fara fylgir me\u00f0. H\u00e6gt a\u00f0 hla\u00f0a 2 t\u00e6ki samt\u00edmis t.d. snjalls\u00edma, spjaldt\u00f6lvur, AirPods, headphones, Apple Watch o.fl.","og_url":"https:\/\/fodurlandid.is\/vara\/l-qp2011\/","og_site_name":"F&ouml;&eth;urlandi&eth; heildsala","article_modified_time":"2026-02-25T13:08:23+00:00","og_image":[{"width":600,"height":600,"url":"https:\/\/fodurlandid.is\/wp-content\/uploads\/2025\/07\/L-QP2011.jpg","type":"image\/jpeg"}],"twitter_card":"summary_large_image","twitter_misc":{"Est. reading time":"1 minute"},"schema":{"@context":"https:\/\/schema.org","@graph":[{"@type":"WebPage","@id":"https:\/\/fodurlandid.is\/vara\/l-qp2011\/","url":"https:\/\/fodurlandid.is\/vara\/l-qp2011\/","name":"20W hle\u00f0slut\u00e6ki me\u00f0 USB-A & USB-C hle\u00f0slutengi","isPartOf":{"@id":"https:\/\/fodurlandid.is\/#website"},"primaryImageOfPage":{"@id":"https:\/\/fodurlandid.is\/vara\/l-qp2011\/#primaryimage"},"image":{"@id":"https:\/\/fodurlandid.is\/vara\/l-qp2011\/#primaryimage"},"thumbnailUrl":"https:\/\/fodurlandid.is\/wp-content\/uploads\/2025\/07\/L-QP2011.jpg","datePublished":"2025-07-19T20:08:06+00:00","dateModified":"2026-02-25T13:08:23+00:00","description":"USB-C \u00ed Lightning hle\u00f0slusn\u00fara fylgir me\u00f0. H\u00e6gt a\u00f0 hla\u00f0a 2 t\u00e6ki samt\u00edmis t.d. snjalls\u00edma, spjaldt\u00f6lvur, AirPods, headphones, Apple Watch o.fl.","breadcrumb":{"@id":"https:\/\/fodurlandid.is\/vara\/l-qp2011\/#breadcrumb"},"inLanguage":"en-US","potentialAction":[{"@type":"ReadAction","target":["https:\/\/fodurlandid.is\/vara\/l-qp2011\/"]}]},{"@type":"ImageObject","inLanguage":"en-US","@id":"https:\/\/fodurlandid.is\/vara\/l-qp2011\/#primaryimage","url":"https:\/\/fodurlandid.is\/wp-content\/uploads\/2025\/07\/L-QP2011.jpg","contentUrl":"https:\/\/fodurlandid.is\/wp-content\/uploads\/2025\/07\/L-QP2011.jpg","width":600,"height":600},{"@type":"BreadcrumbList","@id":"https:\/\/fodurlandid.is\/vara\/l-qp2011\/#breadcrumb","itemListElement":[{"@type":"ListItem","position":1,"name":"Home","item":"https:\/\/fodurlandid.is\/"},{"@type":"ListItem","position":2,"name":"Shop","item":"https:\/\/www.vorulagerinn.is\/heildsala\/en\/shop\/"},{"@type":"ListItem","position":3,"name":"20W hle\u00f0slut\u00e6ki me\u00f0 USB-A &#038; USB-C tengi \u00e1samt USB-C \u00ed Lightning hle\u00f0slusn\u00faru sem fylgir me\u00f0"}]},{"@type":"WebSite","@id":"https:\/\/fodurlandid.is\/#website","url":"https:\/\/fodurlandid.is\/","name":"F\u00f6\u00f0urlandi\u00f0 ehf, heildsala","description":"Innflutnings, umbo&eth;s- og dreifingara&eth;ili","publisher":{"@id":"https:\/\/fodurlandid.is\/#organization"},"alternateName":"Innflutnings, umbo\u00f0s- og dreifingara\u00f0ili","potentialAction":[{"@type":"SearchAction","target":{"@type":"EntryPoint","urlTemplate":"https:\/\/fodurlandid.is\/?s={search_term_string}"},"query-input":{"@type":"PropertyValueSpecification","valueRequired":true,"valueName":"search_term_string"}}],"inLanguage":"en-US"},{"@type":"Organization","@id":"https:\/\/fodurlandid.is\/#organization","name":"Innflutnings, umbo\u00f0s- og dreifingara\u00f0ili","url":"https:\/\/fodurlandid.is\/","logo":{"@type":"ImageObject","inLanguage":"en-US","@id":"https:\/\/fodurlandid.is\/#\/schema\/logo\/image\/","url":"https:\/\/fodurlandid.is\/wp-content\/uploads\/2024\/05\/Fodurlandid.png","contentUrl":"https:\/\/fodurlandid.is\/wp-content\/uploads\/2024\/05\/Fodurlandid.png","width":400,"height":293,"caption":"Innflutnings, umbo\u00f0s- og dreifingara\u00f0ili"},"image":{"@id":"https:\/\/fodurlandid.is\/#\/schema\/logo\/image\/"}}]}},"_links":{"self":[{"href":"https:\/\/fodurlandid.is\/en\/wp-json\/wp\/v2\/product\/24470","targetHints":{"allow":["GET"]}}],"collection":[{"href":"https:\/\/fodurlandid.is\/en\/wp-json\/wp\/v2\/product"}],"about":[{"href":"https:\/\/fodurlandid.is\/en\/wp-json\/wp\/v2\/types\/product"}],"wp:featuredmedia":[{"embeddable":true,"href":"https:\/\/fodurlandid.is\/en\/wp-json\/wp\/v2\/media\/24471"}],"wp:attachment":[{"href":"https:\/\/fodurlandid.is\/en\/wp-json\/wp\/v2\/media?parent=24470"}],"wp:term":[{"taxonomy":"product_brand","embeddable":true,"href":"https:\/\/fodurlandid.is\/en\/wp-json\/wp\/v2\/product_brand?post=24470"},{"taxonomy":"product_cat","embeddable":true,"href":"https:\/\/fodurlandid.is\/en\/wp-json\/wp\/v2\/product_cat?post=24470"},{"taxonomy":"product_tag","embeddable":true,"href":"https:\/\/fodurlandid.is\/en\/wp-json\/wp\/v2\/product_tag?post=24470"}],"curies":[{"name":"wp","href":"https:\/\/api.w.org\/{rel}","templated":true}]}}