{"id":24467,"date":"2025-07-19T19:45:47","date_gmt":"2025-07-19T19:45:47","guid":{"rendered":"https:\/\/fodurlandid.is\/?post_type=product&#038;p=24467"},"modified":"2026-02-24T12:12:02","modified_gmt":"2026-02-24T12:12:02","slug":"jr-tcg15eu","status":"publish","type":"product","link":"https:\/\/fodurlandid.is\/en\/product\/jr-tcg15eu\/","title":{"rendered":"30W Mini GaN hra\u00f0hle\u00f0slut\u00e6ki me\u00f0 USB-C tengi"},"content":{"rendered":"","protected":false},"excerpt":{"rendered":"<p>30W hra\u00f0hle\u00f0slukubburinn er 60% minni en a\u00f0rir samb\u00e6rilegir kubbar. Hra\u00f0hle\u00f0slukubburinn er me\u00f0 Smart GaN chip sem gerir hle\u00f0sluna betri, skilvirkari og \u00f6ruggari. Me\u00f0 \u00fev\u00ed a\u00f0 hla\u00f0a n\u00fdjustu \u00fatg\u00e1funa af Iphone f\u00e6r\u00f0u 80% hle\u00f0slu \u00e1 30 m\u00edn. Hra\u00f0hle\u00f0slukubburinn hle\u00f0ur fer\u00f0av\u00e9lar, fars\u00edma, spjaldt\u00f6lvur, AirPods, headphones, Apple Watch og hle\u00f0slubanka af mismunandi v\u00f6rumerkjum hra\u00f0ar en hef\u00f0bundin hle\u00f0slut\u00e6ki.<\/p>\n<p>\u2013 Sj\u00e1 video a\u00f0 ne\u00f0an<br \/>\n\u2013 Litur: Hv\u00edtur<br \/>\n\u2013 Tengi: USB-C tengi<br \/>\n\u2013 Input: 100\/240V 50\/60Hz 0.8A (max)<br \/>\n\u2013 Output: 5V=3A \/ 9V=3A \/ 12V=2.5A \/ 30W (max)<br \/>\n\u2013 Efni: PC<br \/>\n\u2013 Vottun: CE, ROHS og FC<\/p>\n","protected":false},"featured_media":24468,"template":"","meta":[],"product_brand":[390],"product_cat":[413],"product_tag":[],"class_list":{"0":"post-24467","1":"product","2":"type-product","3":"status-publish","4":"has-post-thumbnail","6":"product_brand-joyroom","7":"product_cat-usb-hledslutaeki","9":"first","10":"instock","11":"taxable","12":"shipping-taxable","13":"product-type-simple"},"yoast_head":"<!-- This site is optimized with the Yoast SEO Premium plugin v21.5 (Yoast SEO v27.5) - https:\/\/yoast.com\/product\/yoast-seo-premium-wordpress\/ -->\n<title>30W Mini GaN hra\u00f0hle\u00f0slut\u00e6ki me\u00f0 USB-C tengi<\/title>\n<meta name=\"description\" content=\"Hra\u00f0hle\u00f0slut\u00e6ki\u00f0 er 60% minna en a\u00f0rir samb\u00e6rilegir USB hle\u00f0slut\u00e6ki. GaN gerir hle\u00f0sluna betri, skilvirkari og \u00f6ruggari auk \u00feess sem \u00fea\u00f0 hitnar minna.\" \/>\n<meta name=\"robots\" content=\"index, follow, max-snippet:-1, max-image-preview:large, max-video-preview:-1\" \/>\n<link rel=\"canonical\" href=\"https:\/\/fodurlandid.is\/vara\/jr-tcg15eu\/\" \/>\n<meta property=\"og:locale\" content=\"en_US\" \/>\n<meta property=\"og:type\" content=\"article\" \/>\n<meta property=\"og:title\" content=\"30W Mini GaN hra\u00f0hle\u00f0slut\u00e6ki me\u00f0 USB-C tengi\" \/>\n<meta property=\"og:description\" content=\"Hra\u00f0hle\u00f0slut\u00e6ki\u00f0 er 60% minna en a\u00f0rir samb\u00e6rilegir USB hle\u00f0slut\u00e6ki. GaN gerir hle\u00f0sluna betri, skilvirkari og \u00f6ruggari auk \u00feess sem \u00fea\u00f0 hitnar minna.\" \/>\n<meta property=\"og:url\" content=\"https:\/\/fodurlandid.is\/vara\/jr-tcg15eu\/\" \/>\n<meta property=\"og:site_name\" content=\"F&ouml;&eth;urlandi&eth; heildsala\" \/>\n<meta property=\"article:modified_time\" content=\"2026-02-24T12:12:02+00:00\" \/>\n<meta property=\"og:image\" content=\"https:\/\/fodurlandid.is\/wp-content\/uploads\/2025\/07\/Joyroom-JR-TCG15EU-1.jpg\" \/>\n\t<meta property=\"og:image:width\" content=\"600\" \/>\n\t<meta property=\"og:image:height\" content=\"600\" \/>\n\t<meta property=\"og:image:type\" content=\"image\/jpeg\" \/>\n<meta name=\"twitter:card\" content=\"summary_large_image\" \/>\n<meta name=\"twitter:label1\" content=\"Est. reading time\" \/>\n\t<meta name=\"twitter:data1\" content=\"1 minute\" \/>\n<script type=\"application\/ld+json\" class=\"yoast-schema-graph\">{\"@context\":\"https:\\\/\\\/schema.org\",\"@graph\":[{\"@type\":\"WebPage\",\"@id\":\"https:\\\/\\\/fodurlandid.is\\\/vara\\\/jr-tcg15eu\\\/\",\"url\":\"https:\\\/\\\/fodurlandid.is\\\/vara\\\/jr-tcg15eu\\\/\",\"name\":\"30W Mini GaN hra\u00f0hle\u00f0slut\u00e6ki me\u00f0 USB-C tengi\",\"isPartOf\":{\"@id\":\"https:\\\/\\\/fodurlandid.is\\\/#website\"},\"primaryImageOfPage\":{\"@id\":\"https:\\\/\\\/fodurlandid.is\\\/vara\\\/jr-tcg15eu\\\/#primaryimage\"},\"image\":{\"@id\":\"https:\\\/\\\/fodurlandid.is\\\/vara\\\/jr-tcg15eu\\\/#primaryimage\"},\"thumbnailUrl\":\"https:\\\/\\\/fodurlandid.is\\\/wp-content\\\/uploads\\\/2025\\\/07\\\/Joyroom-JR-TCG15EU-1.jpg\",\"datePublished\":\"2025-07-19T19:45:47+00:00\",\"dateModified\":\"2026-02-24T12:12:02+00:00\",\"description\":\"Hra\u00f0hle\u00f0slut\u00e6ki\u00f0 er 60% minna en a\u00f0rir samb\u00e6rilegir USB hle\u00f0slut\u00e6ki. GaN gerir hle\u00f0sluna betri, skilvirkari og \u00f6ruggari auk \u00feess sem \u00fea\u00f0 hitnar minna.\",\"breadcrumb\":{\"@id\":\"https:\\\/\\\/fodurlandid.is\\\/vara\\\/jr-tcg15eu\\\/#breadcrumb\"},\"inLanguage\":\"en-US\",\"potentialAction\":[{\"@type\":\"ReadAction\",\"target\":[\"https:\\\/\\\/fodurlandid.is\\\/vara\\\/jr-tcg15eu\\\/\"]}]},{\"@type\":\"ImageObject\",\"inLanguage\":\"en-US\",\"@id\":\"https:\\\/\\\/fodurlandid.is\\\/vara\\\/jr-tcg15eu\\\/#primaryimage\",\"url\":\"https:\\\/\\\/fodurlandid.is\\\/wp-content\\\/uploads\\\/2025\\\/07\\\/Joyroom-JR-TCG15EU-1.jpg\",\"contentUrl\":\"https:\\\/\\\/fodurlandid.is\\\/wp-content\\\/uploads\\\/2025\\\/07\\\/Joyroom-JR-TCG15EU-1.jpg\",\"width\":600,\"height\":600},{\"@type\":\"BreadcrumbList\",\"@id\":\"https:\\\/\\\/fodurlandid.is\\\/vara\\\/jr-tcg15eu\\\/#breadcrumb\",\"itemListElement\":[{\"@type\":\"ListItem\",\"position\":1,\"name\":\"Home\",\"item\":\"https:\\\/\\\/fodurlandid.is\\\/\"},{\"@type\":\"ListItem\",\"position\":2,\"name\":\"Shop\",\"item\":\"https:\\\/\\\/www.vorulagerinn.is\\\/heildsala\\\/en\\\/shop\\\/\"},{\"@type\":\"ListItem\",\"position\":3,\"name\":\"30W Mini GaN hra\u00f0hle\u00f0slut\u00e6ki me\u00f0 USB-C tengi\"}]},{\"@type\":\"WebSite\",\"@id\":\"https:\\\/\\\/fodurlandid.is\\\/#website\",\"url\":\"https:\\\/\\\/fodurlandid.is\\\/\",\"name\":\"F\u00f6\u00f0urlandi\u00f0 ehf, heildsala\",\"description\":\"Innflutnings, umbo&eth;s- og dreifingara&eth;ili\",\"publisher\":{\"@id\":\"https:\\\/\\\/fodurlandid.is\\\/#organization\"},\"alternateName\":\"Innflutnings, umbo\u00f0s- og dreifingara\u00f0ili\",\"potentialAction\":[{\"@type\":\"SearchAction\",\"target\":{\"@type\":\"EntryPoint\",\"urlTemplate\":\"https:\\\/\\\/fodurlandid.is\\\/?s={search_term_string}\"},\"query-input\":{\"@type\":\"PropertyValueSpecification\",\"valueRequired\":true,\"valueName\":\"search_term_string\"}}],\"inLanguage\":\"en-US\"},{\"@type\":\"Organization\",\"@id\":\"https:\\\/\\\/fodurlandid.is\\\/#organization\",\"name\":\"Innflutnings, umbo\u00f0s- og dreifingara\u00f0ili\",\"url\":\"https:\\\/\\\/fodurlandid.is\\\/\",\"logo\":{\"@type\":\"ImageObject\",\"inLanguage\":\"en-US\",\"@id\":\"https:\\\/\\\/fodurlandid.is\\\/#\\\/schema\\\/logo\\\/image\\\/\",\"url\":\"https:\\\/\\\/fodurlandid.is\\\/wp-content\\\/uploads\\\/2024\\\/05\\\/Fodurlandid.png\",\"contentUrl\":\"https:\\\/\\\/fodurlandid.is\\\/wp-content\\\/uploads\\\/2024\\\/05\\\/Fodurlandid.png\",\"width\":400,\"height\":293,\"caption\":\"Innflutnings, umbo\u00f0s- og dreifingara\u00f0ili\"},\"image\":{\"@id\":\"https:\\\/\\\/fodurlandid.is\\\/#\\\/schema\\\/logo\\\/image\\\/\"}}]}<\/script>\n<!-- \/ Yoast SEO Premium plugin. -->","yoast_head_json":{"title":"30W Mini GaN hra\u00f0hle\u00f0slut\u00e6ki me\u00f0 USB-C tengi","description":"Hra\u00f0hle\u00f0slut\u00e6ki\u00f0 er 60% minna en a\u00f0rir samb\u00e6rilegir USB hle\u00f0slut\u00e6ki. GaN gerir hle\u00f0sluna betri, skilvirkari og \u00f6ruggari auk \u00feess sem \u00fea\u00f0 hitnar minna.","robots":{"index":"index","follow":"follow","max-snippet":"max-snippet:-1","max-image-preview":"max-image-preview:large","max-video-preview":"max-video-preview:-1"},"canonical":"https:\/\/fodurlandid.is\/vara\/jr-tcg15eu\/","og_locale":"en_US","og_type":"article","og_title":"30W Mini GaN hra\u00f0hle\u00f0slut\u00e6ki me\u00f0 USB-C tengi","og_description":"Hra\u00f0hle\u00f0slut\u00e6ki\u00f0 er 60% minna en a\u00f0rir samb\u00e6rilegir USB hle\u00f0slut\u00e6ki. GaN gerir hle\u00f0sluna betri, skilvirkari og \u00f6ruggari auk \u00feess sem \u00fea\u00f0 hitnar minna.","og_url":"https:\/\/fodurlandid.is\/vara\/jr-tcg15eu\/","og_site_name":"F&ouml;&eth;urlandi&eth; heildsala","article_modified_time":"2026-02-24T12:12:02+00:00","og_image":[{"width":600,"height":600,"url":"https:\/\/fodurlandid.is\/wp-content\/uploads\/2025\/07\/Joyroom-JR-TCG15EU-1.jpg","type":"image\/jpeg"}],"twitter_card":"summary_large_image","twitter_misc":{"Est. reading time":"1 minute"},"schema":{"@context":"https:\/\/schema.org","@graph":[{"@type":"WebPage","@id":"https:\/\/fodurlandid.is\/vara\/jr-tcg15eu\/","url":"https:\/\/fodurlandid.is\/vara\/jr-tcg15eu\/","name":"30W Mini GaN hra\u00f0hle\u00f0slut\u00e6ki me\u00f0 USB-C tengi","isPartOf":{"@id":"https:\/\/fodurlandid.is\/#website"},"primaryImageOfPage":{"@id":"https:\/\/fodurlandid.is\/vara\/jr-tcg15eu\/#primaryimage"},"image":{"@id":"https:\/\/fodurlandid.is\/vara\/jr-tcg15eu\/#primaryimage"},"thumbnailUrl":"https:\/\/fodurlandid.is\/wp-content\/uploads\/2025\/07\/Joyroom-JR-TCG15EU-1.jpg","datePublished":"2025-07-19T19:45:47+00:00","dateModified":"2026-02-24T12:12:02+00:00","description":"Hra\u00f0hle\u00f0slut\u00e6ki\u00f0 er 60% minna en a\u00f0rir samb\u00e6rilegir USB hle\u00f0slut\u00e6ki. GaN gerir hle\u00f0sluna betri, skilvirkari og \u00f6ruggari auk \u00feess sem \u00fea\u00f0 hitnar minna.","breadcrumb":{"@id":"https:\/\/fodurlandid.is\/vara\/jr-tcg15eu\/#breadcrumb"},"inLanguage":"en-US","potentialAction":[{"@type":"ReadAction","target":["https:\/\/fodurlandid.is\/vara\/jr-tcg15eu\/"]}]},{"@type":"ImageObject","inLanguage":"en-US","@id":"https:\/\/fodurlandid.is\/vara\/jr-tcg15eu\/#primaryimage","url":"https:\/\/fodurlandid.is\/wp-content\/uploads\/2025\/07\/Joyroom-JR-TCG15EU-1.jpg","contentUrl":"https:\/\/fodurlandid.is\/wp-content\/uploads\/2025\/07\/Joyroom-JR-TCG15EU-1.jpg","width":600,"height":600},{"@type":"BreadcrumbList","@id":"https:\/\/fodurlandid.is\/vara\/jr-tcg15eu\/#breadcrumb","itemListElement":[{"@type":"ListItem","position":1,"name":"Home","item":"https:\/\/fodurlandid.is\/"},{"@type":"ListItem","position":2,"name":"Shop","item":"https:\/\/www.vorulagerinn.is\/heildsala\/en\/shop\/"},{"@type":"ListItem","position":3,"name":"30W Mini GaN hra\u00f0hle\u00f0slut\u00e6ki me\u00f0 USB-C tengi"}]},{"@type":"WebSite","@id":"https:\/\/fodurlandid.is\/#website","url":"https:\/\/fodurlandid.is\/","name":"F\u00f6\u00f0urlandi\u00f0 ehf, heildsala","description":"Innflutnings, umbo&eth;s- og dreifingara&eth;ili","publisher":{"@id":"https:\/\/fodurlandid.is\/#organization"},"alternateName":"Innflutnings, umbo\u00f0s- og dreifingara\u00f0ili","potentialAction":[{"@type":"SearchAction","target":{"@type":"EntryPoint","urlTemplate":"https:\/\/fodurlandid.is\/?s={search_term_string}"},"query-input":{"@type":"PropertyValueSpecification","valueRequired":true,"valueName":"search_term_string"}}],"inLanguage":"en-US"},{"@type":"Organization","@id":"https:\/\/fodurlandid.is\/#organization","name":"Innflutnings, umbo\u00f0s- og dreifingara\u00f0ili","url":"https:\/\/fodurlandid.is\/","logo":{"@type":"ImageObject","inLanguage":"en-US","@id":"https:\/\/fodurlandid.is\/#\/schema\/logo\/image\/","url":"https:\/\/fodurlandid.is\/wp-content\/uploads\/2024\/05\/Fodurlandid.png","contentUrl":"https:\/\/fodurlandid.is\/wp-content\/uploads\/2024\/05\/Fodurlandid.png","width":400,"height":293,"caption":"Innflutnings, umbo\u00f0s- og dreifingara\u00f0ili"},"image":{"@id":"https:\/\/fodurlandid.is\/#\/schema\/logo\/image\/"}}]}},"_links":{"self":[{"href":"https:\/\/fodurlandid.is\/en\/wp-json\/wp\/v2\/product\/24467","targetHints":{"allow":["GET"]}}],"collection":[{"href":"https:\/\/fodurlandid.is\/en\/wp-json\/wp\/v2\/product"}],"about":[{"href":"https:\/\/fodurlandid.is\/en\/wp-json\/wp\/v2\/types\/product"}],"wp:featuredmedia":[{"embeddable":true,"href":"https:\/\/fodurlandid.is\/en\/wp-json\/wp\/v2\/media\/24468"}],"wp:attachment":[{"href":"https:\/\/fodurlandid.is\/en\/wp-json\/wp\/v2\/media?parent=24467"}],"wp:term":[{"taxonomy":"product_brand","embeddable":true,"href":"https:\/\/fodurlandid.is\/en\/wp-json\/wp\/v2\/product_brand?post=24467"},{"taxonomy":"product_cat","embeddable":true,"href":"https:\/\/fodurlandid.is\/en\/wp-json\/wp\/v2\/product_cat?post=24467"},{"taxonomy":"product_tag","embeddable":true,"href":"https:\/\/fodurlandid.is\/en\/wp-json\/wp\/v2\/product_tag?post=24467"}],"curies":[{"name":"wp","href":"https:\/\/api.w.org\/{rel}","templated":true}]}}