{"id":24459,"date":"2025-07-19T19:40:50","date_gmt":"2025-07-19T19:40:50","guid":{"rendered":"https:\/\/fodurlandid.is\/?post_type=product&#038;p=24459"},"modified":"2026-02-15T19:16:04","modified_gmt":"2026-02-15T19:16:04","slug":"jr-tcn03eu","status":"publish","type":"product","link":"https:\/\/fodurlandid.is\/en\/product\/jr-tcn03eu\/","title":{"rendered":"4.8A hle\u00f0slut\u00e6ki me\u00f0 4x USB-A tengjum"},"content":{"rendered":"","protected":false},"excerpt":{"rendered":"<p>Fj\u00f6gurra USB-A porta hra\u00f0hle\u00f0slukubbur sem gerir \u00fe\u00e9r kleift a\u00f0 hla\u00f0a allt a\u00f0 fj\u00f6gur t\u00e6ki samt\u00edmis. \u00dea\u00f0 er h\u00e6gt a\u00f0 hla\u00f0a snjalls\u00edma, spjaldt\u00f6lvur og \u00f6nnur USB t\u00e6ki. Virkar b\u00e6\u00f0i fyrir Apple og Android t\u00e6ki.<\/p>\n<p>\u2013 Litur: Svartur<br \/>\n\u2013 \u00deyngd: 92g<br \/>\n\u2013 St\u00e6r\u00f0: 35,5\u00d748,7\u00d785,6 mm<br \/>\n\u2013 Input: AC 100\/240V 50\/60Hz 0,6A (max)<br \/>\n\u2013 USB: A1\/A2\/A3\/A4 Output: 5V=2,4A<br \/>\n\u2013 Total Output 24W (max)<br \/>\n\u2013 Vottun: CE, ROHS og FCC<\/p>\n","protected":false},"featured_media":24461,"template":"","meta":[],"product_brand":[390],"product_cat":[413],"product_tag":[],"class_list":{"0":"post-24459","1":"product","2":"type-product","3":"status-publish","4":"has-post-thumbnail","6":"product_brand-joyroom","7":"product_cat-usb-hledslutaeki","9":"first","10":"instock","11":"taxable","12":"shipping-taxable","13":"product-type-simple"},"yoast_head":"<!-- This site is optimized with the Yoast SEO Premium plugin v21.5 (Yoast SEO v27.4) - https:\/\/yoast.com\/product\/yoast-seo-premium-wordpress\/ -->\n<title>4.8A hle\u00f0slut\u00e6ki me\u00f0 4x USB-A tengjum<\/title>\n<meta name=\"description\" content=\"4.8A hle\u00f0slut\u00e6ki me\u00f0 4x USB-A tengi gerir \u00fe\u00e9r kleift a\u00f0 hla\u00f0a allt a\u00f0 fj\u00f6gur t\u00e6ki samt\u00edmis. \u00dea\u00f0 er h\u00e6gt a\u00f0 hla\u00f0a snjalls\u00edma, spjaldt\u00f6lvur og \u00f6nnur USB t\u00e6ki.\" \/>\n<meta name=\"robots\" content=\"index, follow, max-snippet:-1, max-image-preview:large, max-video-preview:-1\" \/>\n<link rel=\"canonical\" href=\"https:\/\/fodurlandid.is\/vara\/jr-tcn03eu\/\" \/>\n<meta property=\"og:locale\" content=\"en_US\" \/>\n<meta property=\"og:type\" content=\"article\" \/>\n<meta property=\"og:title\" content=\"4.8A hle\u00f0slut\u00e6ki me\u00f0 4x USB-A tengjum\" \/>\n<meta property=\"og:description\" content=\"4.8A hle\u00f0slut\u00e6ki me\u00f0 4x USB-A tengi gerir \u00fe\u00e9r kleift a\u00f0 hla\u00f0a allt a\u00f0 fj\u00f6gur t\u00e6ki samt\u00edmis. \u00dea\u00f0 er h\u00e6gt a\u00f0 hla\u00f0a snjalls\u00edma, spjaldt\u00f6lvur og \u00f6nnur USB t\u00e6ki.\" \/>\n<meta property=\"og:url\" content=\"https:\/\/fodurlandid.is\/vara\/jr-tcn03eu\/\" \/>\n<meta property=\"og:site_name\" content=\"F&ouml;&eth;urlandi&eth; heildsala\" \/>\n<meta property=\"article:modified_time\" content=\"2026-02-15T19:16:04+00:00\" \/>\n<meta property=\"og:image\" content=\"https:\/\/fodurlandid.is\/wp-content\/uploads\/2025\/07\/Joyroom-JR-TCN03EU.jpg\" \/>\n\t<meta property=\"og:image:width\" content=\"600\" \/>\n\t<meta property=\"og:image:height\" content=\"600\" \/>\n\t<meta property=\"og:image:type\" content=\"image\/jpeg\" \/>\n<meta name=\"twitter:card\" content=\"summary_large_image\" \/>\n<meta name=\"twitter:label1\" content=\"Est. reading time\" \/>\n\t<meta name=\"twitter:data1\" content=\"1 minute\" \/>\n<script type=\"application\/ld+json\" class=\"yoast-schema-graph\">{\"@context\":\"https:\\\/\\\/schema.org\",\"@graph\":[{\"@type\":\"WebPage\",\"@id\":\"https:\\\/\\\/fodurlandid.is\\\/vara\\\/jr-tcn03eu\\\/\",\"url\":\"https:\\\/\\\/fodurlandid.is\\\/vara\\\/jr-tcn03eu\\\/\",\"name\":\"4.8A hle\u00f0slut\u00e6ki me\u00f0 4x USB-A tengjum\",\"isPartOf\":{\"@id\":\"https:\\\/\\\/fodurlandid.is\\\/#website\"},\"primaryImageOfPage\":{\"@id\":\"https:\\\/\\\/fodurlandid.is\\\/vara\\\/jr-tcn03eu\\\/#primaryimage\"},\"image\":{\"@id\":\"https:\\\/\\\/fodurlandid.is\\\/vara\\\/jr-tcn03eu\\\/#primaryimage\"},\"thumbnailUrl\":\"https:\\\/\\\/fodurlandid.is\\\/wp-content\\\/uploads\\\/2025\\\/07\\\/Joyroom-JR-TCN03EU.jpg\",\"datePublished\":\"2025-07-19T19:40:50+00:00\",\"dateModified\":\"2026-02-15T19:16:04+00:00\",\"description\":\"4.8A hle\u00f0slut\u00e6ki me\u00f0 4x USB-A tengi gerir \u00fe\u00e9r kleift a\u00f0 hla\u00f0a allt a\u00f0 fj\u00f6gur t\u00e6ki samt\u00edmis. \u00dea\u00f0 er h\u00e6gt a\u00f0 hla\u00f0a snjalls\u00edma, spjaldt\u00f6lvur og \u00f6nnur USB t\u00e6ki.\",\"breadcrumb\":{\"@id\":\"https:\\\/\\\/fodurlandid.is\\\/vara\\\/jr-tcn03eu\\\/#breadcrumb\"},\"inLanguage\":\"en-US\",\"potentialAction\":[{\"@type\":\"ReadAction\",\"target\":[\"https:\\\/\\\/fodurlandid.is\\\/vara\\\/jr-tcn03eu\\\/\"]}]},{\"@type\":\"ImageObject\",\"inLanguage\":\"en-US\",\"@id\":\"https:\\\/\\\/fodurlandid.is\\\/vara\\\/jr-tcn03eu\\\/#primaryimage\",\"url\":\"https:\\\/\\\/fodurlandid.is\\\/wp-content\\\/uploads\\\/2025\\\/07\\\/Joyroom-JR-TCN03EU.jpg\",\"contentUrl\":\"https:\\\/\\\/fodurlandid.is\\\/wp-content\\\/uploads\\\/2025\\\/07\\\/Joyroom-JR-TCN03EU.jpg\",\"width\":600,\"height\":600},{\"@type\":\"BreadcrumbList\",\"@id\":\"https:\\\/\\\/fodurlandid.is\\\/vara\\\/jr-tcn03eu\\\/#breadcrumb\",\"itemListElement\":[{\"@type\":\"ListItem\",\"position\":1,\"name\":\"Home\",\"item\":\"https:\\\/\\\/fodurlandid.is\\\/\"},{\"@type\":\"ListItem\",\"position\":2,\"name\":\"Shop\",\"item\":\"https:\\\/\\\/www.vorulagerinn.is\\\/heildsala\\\/en\\\/shop\\\/\"},{\"@type\":\"ListItem\",\"position\":3,\"name\":\"4.8A hle\u00f0slut\u00e6ki me\u00f0 4x USB-A tengjum\"}]},{\"@type\":\"WebSite\",\"@id\":\"https:\\\/\\\/fodurlandid.is\\\/#website\",\"url\":\"https:\\\/\\\/fodurlandid.is\\\/\",\"name\":\"F\u00f6\u00f0urlandi\u00f0 ehf, heildsala\",\"description\":\"Innflutnings, umbo&eth;s- og dreifingara&eth;ili\",\"publisher\":{\"@id\":\"https:\\\/\\\/fodurlandid.is\\\/#organization\"},\"alternateName\":\"Innflutnings, umbo\u00f0s- og dreifingara\u00f0ili\",\"potentialAction\":[{\"@type\":\"SearchAction\",\"target\":{\"@type\":\"EntryPoint\",\"urlTemplate\":\"https:\\\/\\\/fodurlandid.is\\\/?s={search_term_string}\"},\"query-input\":{\"@type\":\"PropertyValueSpecification\",\"valueRequired\":true,\"valueName\":\"search_term_string\"}}],\"inLanguage\":\"en-US\"},{\"@type\":\"Organization\",\"@id\":\"https:\\\/\\\/fodurlandid.is\\\/#organization\",\"name\":\"Innflutnings, umbo\u00f0s- og dreifingara\u00f0ili\",\"url\":\"https:\\\/\\\/fodurlandid.is\\\/\",\"logo\":{\"@type\":\"ImageObject\",\"inLanguage\":\"en-US\",\"@id\":\"https:\\\/\\\/fodurlandid.is\\\/#\\\/schema\\\/logo\\\/image\\\/\",\"url\":\"https:\\\/\\\/fodurlandid.is\\\/wp-content\\\/uploads\\\/2024\\\/05\\\/Fodurlandid.png\",\"contentUrl\":\"https:\\\/\\\/fodurlandid.is\\\/wp-content\\\/uploads\\\/2024\\\/05\\\/Fodurlandid.png\",\"width\":400,\"height\":293,\"caption\":\"Innflutnings, umbo\u00f0s- og dreifingara\u00f0ili\"},\"image\":{\"@id\":\"https:\\\/\\\/fodurlandid.is\\\/#\\\/schema\\\/logo\\\/image\\\/\"}}]}<\/script>\n<!-- \/ Yoast SEO Premium plugin. -->","yoast_head_json":{"title":"4.8A hle\u00f0slut\u00e6ki me\u00f0 4x USB-A tengjum","description":"4.8A hle\u00f0slut\u00e6ki me\u00f0 4x USB-A tengi gerir \u00fe\u00e9r kleift a\u00f0 hla\u00f0a allt a\u00f0 fj\u00f6gur t\u00e6ki samt\u00edmis. \u00dea\u00f0 er h\u00e6gt a\u00f0 hla\u00f0a snjalls\u00edma, spjaldt\u00f6lvur og \u00f6nnur USB t\u00e6ki.","robots":{"index":"index","follow":"follow","max-snippet":"max-snippet:-1","max-image-preview":"max-image-preview:large","max-video-preview":"max-video-preview:-1"},"canonical":"https:\/\/fodurlandid.is\/vara\/jr-tcn03eu\/","og_locale":"en_US","og_type":"article","og_title":"4.8A hle\u00f0slut\u00e6ki me\u00f0 4x USB-A tengjum","og_description":"4.8A hle\u00f0slut\u00e6ki me\u00f0 4x USB-A tengi gerir \u00fe\u00e9r kleift a\u00f0 hla\u00f0a allt a\u00f0 fj\u00f6gur t\u00e6ki samt\u00edmis. \u00dea\u00f0 er h\u00e6gt a\u00f0 hla\u00f0a snjalls\u00edma, spjaldt\u00f6lvur og \u00f6nnur USB t\u00e6ki.","og_url":"https:\/\/fodurlandid.is\/vara\/jr-tcn03eu\/","og_site_name":"F&ouml;&eth;urlandi&eth; heildsala","article_modified_time":"2026-02-15T19:16:04+00:00","og_image":[{"width":600,"height":600,"url":"https:\/\/fodurlandid.is\/wp-content\/uploads\/2025\/07\/Joyroom-JR-TCN03EU.jpg","type":"image\/jpeg"}],"twitter_card":"summary_large_image","twitter_misc":{"Est. reading time":"1 minute"},"schema":{"@context":"https:\/\/schema.org","@graph":[{"@type":"WebPage","@id":"https:\/\/fodurlandid.is\/vara\/jr-tcn03eu\/","url":"https:\/\/fodurlandid.is\/vara\/jr-tcn03eu\/","name":"4.8A hle\u00f0slut\u00e6ki me\u00f0 4x USB-A tengjum","isPartOf":{"@id":"https:\/\/fodurlandid.is\/#website"},"primaryImageOfPage":{"@id":"https:\/\/fodurlandid.is\/vara\/jr-tcn03eu\/#primaryimage"},"image":{"@id":"https:\/\/fodurlandid.is\/vara\/jr-tcn03eu\/#primaryimage"},"thumbnailUrl":"https:\/\/fodurlandid.is\/wp-content\/uploads\/2025\/07\/Joyroom-JR-TCN03EU.jpg","datePublished":"2025-07-19T19:40:50+00:00","dateModified":"2026-02-15T19:16:04+00:00","description":"4.8A hle\u00f0slut\u00e6ki me\u00f0 4x USB-A tengi gerir \u00fe\u00e9r kleift a\u00f0 hla\u00f0a allt a\u00f0 fj\u00f6gur t\u00e6ki samt\u00edmis. \u00dea\u00f0 er h\u00e6gt a\u00f0 hla\u00f0a snjalls\u00edma, spjaldt\u00f6lvur og \u00f6nnur USB t\u00e6ki.","breadcrumb":{"@id":"https:\/\/fodurlandid.is\/vara\/jr-tcn03eu\/#breadcrumb"},"inLanguage":"en-US","potentialAction":[{"@type":"ReadAction","target":["https:\/\/fodurlandid.is\/vara\/jr-tcn03eu\/"]}]},{"@type":"ImageObject","inLanguage":"en-US","@id":"https:\/\/fodurlandid.is\/vara\/jr-tcn03eu\/#primaryimage","url":"https:\/\/fodurlandid.is\/wp-content\/uploads\/2025\/07\/Joyroom-JR-TCN03EU.jpg","contentUrl":"https:\/\/fodurlandid.is\/wp-content\/uploads\/2025\/07\/Joyroom-JR-TCN03EU.jpg","width":600,"height":600},{"@type":"BreadcrumbList","@id":"https:\/\/fodurlandid.is\/vara\/jr-tcn03eu\/#breadcrumb","itemListElement":[{"@type":"ListItem","position":1,"name":"Home","item":"https:\/\/fodurlandid.is\/"},{"@type":"ListItem","position":2,"name":"Shop","item":"https:\/\/www.vorulagerinn.is\/heildsala\/en\/shop\/"},{"@type":"ListItem","position":3,"name":"4.8A hle\u00f0slut\u00e6ki me\u00f0 4x USB-A tengjum"}]},{"@type":"WebSite","@id":"https:\/\/fodurlandid.is\/#website","url":"https:\/\/fodurlandid.is\/","name":"F\u00f6\u00f0urlandi\u00f0 ehf, heildsala","description":"Innflutnings, umbo&eth;s- og dreifingara&eth;ili","publisher":{"@id":"https:\/\/fodurlandid.is\/#organization"},"alternateName":"Innflutnings, umbo\u00f0s- og dreifingara\u00f0ili","potentialAction":[{"@type":"SearchAction","target":{"@type":"EntryPoint","urlTemplate":"https:\/\/fodurlandid.is\/?s={search_term_string}"},"query-input":{"@type":"PropertyValueSpecification","valueRequired":true,"valueName":"search_term_string"}}],"inLanguage":"en-US"},{"@type":"Organization","@id":"https:\/\/fodurlandid.is\/#organization","name":"Innflutnings, umbo\u00f0s- og dreifingara\u00f0ili","url":"https:\/\/fodurlandid.is\/","logo":{"@type":"ImageObject","inLanguage":"en-US","@id":"https:\/\/fodurlandid.is\/#\/schema\/logo\/image\/","url":"https:\/\/fodurlandid.is\/wp-content\/uploads\/2024\/05\/Fodurlandid.png","contentUrl":"https:\/\/fodurlandid.is\/wp-content\/uploads\/2024\/05\/Fodurlandid.png","width":400,"height":293,"caption":"Innflutnings, umbo\u00f0s- og dreifingara\u00f0ili"},"image":{"@id":"https:\/\/fodurlandid.is\/#\/schema\/logo\/image\/"}}]}},"_links":{"self":[{"href":"https:\/\/fodurlandid.is\/en\/wp-json\/wp\/v2\/product\/24459","targetHints":{"allow":["GET"]}}],"collection":[{"href":"https:\/\/fodurlandid.is\/en\/wp-json\/wp\/v2\/product"}],"about":[{"href":"https:\/\/fodurlandid.is\/en\/wp-json\/wp\/v2\/types\/product"}],"wp:featuredmedia":[{"embeddable":true,"href":"https:\/\/fodurlandid.is\/en\/wp-json\/wp\/v2\/media\/24461"}],"wp:attachment":[{"href":"https:\/\/fodurlandid.is\/en\/wp-json\/wp\/v2\/media?parent=24459"}],"wp:term":[{"taxonomy":"product_brand","embeddable":true,"href":"https:\/\/fodurlandid.is\/en\/wp-json\/wp\/v2\/product_brand?post=24459"},{"taxonomy":"product_cat","embeddable":true,"href":"https:\/\/fodurlandid.is\/en\/wp-json\/wp\/v2\/product_cat?post=24459"},{"taxonomy":"product_tag","embeddable":true,"href":"https:\/\/fodurlandid.is\/en\/wp-json\/wp\/v2\/product_tag?post=24459"}],"curies":[{"name":"wp","href":"https:\/\/api.w.org\/{rel}","templated":true}]}}